{"id":12192,"date":"2025-02-22T12:00:53","date_gmt":"2025-02-22T11:00:53","guid":{"rendered":"https:\/\/fr.twiza.org\/portail\/panier\/"},"modified":"2025-05-28T12:26:53","modified_gmt":"2025-05-28T10:26:53","slug":"panier","status":"publish","type":"page","link":"https:\/\/fr.twiza.org\/portail\/panier\/","title":{"rendered":"Panier"},"content":{"rendered":"\n<div data-block-name=\"woocommerce\/cart\" class=\"wp-block-woocommerce-cart alignwide is-loading\">\n<div data-block-name=\"woocommerce\/filled-cart-block\" class=\"wp-block-woocommerce-filled-cart-block\">\n<div data-block-name=\"woocommerce\/cart-items-block\" class=\"wp-block-woocommerce-cart-items-block\">\n<div data-block-name=\"woocommerce\/cart-line-items-block\" class=\"wp-block-woocommerce-cart-line-items-block\"><\/div>\n\n\n\n<div data-block-name=\"woocommerce\/cart-cross-sells-block\" class=\"wp-block-woocommerce-cart-cross-sells-block\">\n<h2 class=\"wp-block-heading has-large-font-size\">\u00c7a peut vous int\u00e9resser&#8230;<\/h2>\n\n\n\n<div data-block-name=\"woocommerce\/cart-cross-sells-products-block\" class=\"wp-block-woocommerce-cart-cross-sells-products-block\"><\/div>\n<\/div>\n<\/div>\n\n\n\n<div data-block-name=\"woocommerce\/cart-totals-block\" class=\"wp-block-woocommerce-cart-totals-block\">\n<div data-block-name=\"woocommerce\/cart-order-summary-block\" class=\"wp-block-woocommerce-cart-order-summary-block\">\n<div data-block-name=\"woocommerce\/cart-order-summary-heading-block\" class=\"wp-block-woocommerce-cart-order-summary-heading-block\"><\/div><div data-block-name=\"woocommerce\/cart-order-summary-coupon-form-block\" class=\"wp-block-woocommerce-cart-order-summary-coupon-form-block\"><\/div><div data-block-name=\"woocommerce\/cart-order-summary-totals-block\" class=\"wp-block-woocommerce-cart-order-summary-totals-block\">\n<div data-block-name=\"woocommerce\/cart-order-summary-subtotal-block\" class=\"wp-block-woocommerce-cart-order-summary-subtotal-block\"><\/div>\n<div data-block-name=\"woocommerce\/cart-order-summary-discount-block\" class=\"wp-block-woocommerce-cart-order-summary-discount-block\"><\/div>\n<div data-block-name=\"woocommerce\/cart-order-summary-fee-block\" class=\"wp-block-woocommerce-cart-order-summary-fee-block\"><\/div>\n<div data-block-name=\"woocommerce\/cart-order-summary-shipping-block\" class=\"wp-block-woocommerce-cart-order-summary-shipping-block\"><\/div>\n<div data-block-name=\"woocommerce\/cart-order-summary-taxes-block\" class=\"wp-block-woocommerce-cart-order-summary-taxes-block\"><\/div><\/div>\n<\/div>\n\n\n\n<div data-block-name=\"woocommerce\/cart-express-payment-block\" class=\"wp-block-woocommerce-cart-express-payment-block\"><\/div>\n\n\n\n<div data-block-name=\"woocommerce\/proceed-to-checkout-block\" class=\"wp-block-woocommerce-proceed-to-checkout-block\"><\/div>\n\n\n\n<div data-block-name=\"woocommerce\/cart-accepted-payment-methods-block\" class=\"wp-block-woocommerce-cart-accepted-payment-methods-block\"><\/div>\n<\/div>\n<\/div>\n\n\n\n<div data-block-name=\"woocommerce\/empty-cart-block\" class=\"wp-block-woocommerce-empty-cart-block\">\n<h2 class=\"wp-block-heading has-text-align-center with-empty-cart-icon wc-block-cart__empty-cart__title\">Votre panier est actuellement vide\u00a0!<\/h2>\n\n\n\n<hr class=\"wp-block-separator has-alpha-channel-opacity is-style-dots\"\/>\n\n\n\n<h2 class=\"wp-block-heading has-text-align-center\">Nouveau dans la boutique<\/h2>\n\n\n<div data-block-name=\"woocommerce\/product-new\" data-columns=\"4\" data-rows=\"1\" class=\"wc-block-grid wp-block-product-new wp-block-woocommerce-product-new wc-block-product-new has-4-columns\"><ul class=\"wc-block-grid__products\"><li class=\"wc-block-grid__product\"><span class=\"gtm4wp_productdata\" style=\"display:none; visibility:hidden;\" data-gtm4wp_product_data=\"{&quot;internal_id&quot;:14253,&quot;item_id&quot;:14253,&quot;item_name&quot;:&quot;Logiciel PHPP : aide \\u00e0 la conception \\u00e9nerg\\u00e9tique d&#039;un b\\u00e2timent&quot;,&quot;sku&quot;:14253,&quot;price&quot;:520,&quot;stocklevel&quot;:null,&quot;stockstatus&quot;:&quot;instock&quot;,&quot;google_business_vertical&quot;:&quot;education&quot;,&quot;item_category&quot;:&quot;Formation&quot;,&quot;id&quot;:14253,&quot;productlink&quot;:&quot;https:\\\/\\\/fr.twiza.org\\\/portail\\\/produit\\\/logiciel-phpp\\\/&quot;,&quot;item_list_name&quot;:&quot;Liste g\\u00e9n\\u00e9rale des produits&quot;,&quot;index&quot;:0,&quot;product_type&quot;:&quot;simple&quot;,&quot;item_brand&quot;:&quot;&quot;}\"><\/span>\n\t\t\t\t<a href=\"https:\/\/fr.twiza.org\/portail\/produit\/logiciel-phpp\/\" class=\"wc-block-grid__product-link\">\n\t\t\t\t\t\n\t\t\t\t\t<div class=\"wc-block-grid__product-image\"><img fetchpriority=\"high\" decoding=\"async\" width=\"230\" height=\"230\" src=\"https:\/\/fr.twiza.org\/portail\/wp-content\/uploads\/2026\/03\/Formation-PHPP-Bernard-Crozel-1-230x230.png\" class=\"attachment-woocommerce_thumbnail size-woocommerce_thumbnail\" alt=\"Logiciel PHPP : aide \u00e0 la conception \u00e9nerg\u00e9tique d&#039;un b\u00e2timent\" srcset=\"https:\/\/fr.twiza.org\/portail\/wp-content\/uploads\/2026\/03\/Formation-PHPP-Bernard-Crozel-1-230x230.png 230w, https:\/\/fr.twiza.org\/portail\/wp-content\/uploads\/2026\/03\/Formation-PHPP-Bernard-Crozel-1-234x234.png 234w, https:\/\/fr.twiza.org\/portail\/wp-content\/uploads\/2026\/03\/Formation-PHPP-Bernard-Crozel-1-460x460.png 460w, https:\/\/fr.twiza.org\/portail\/wp-content\/uploads\/2026\/03\/Formation-PHPP-Bernard-Crozel-1-160x160.png 160w, https:\/\/fr.twiza.org\/portail\/wp-content\/uploads\/2026\/03\/Formation-PHPP-Bernard-Crozel-1-50x50.png 50w\" sizes=\"(max-width: 230px) 100vw, 230px\" \/><\/div>\n\t\t\t\t\t<div class=\"wc-block-grid__product-title\">Logiciel PHPP : aide \u00e0 la conception \u00e9nerg\u00e9tique d&rsquo;un b\u00e2timent<\/div>\n\t\t\t\t<\/a>\n\t\t\t\t<div class=\"wc-block-grid__product-price price\"><span class=\"woocommerce-Price-amount amount\">520,00&nbsp;<span class=\"woocommerce-Price-currencySymbol\">&euro;<\/span><\/span><\/div>\n\t\t\t\t\n\t\t\t\t<div class=\"wp-block-button wc-block-grid__product-add-to-cart\"><a href=\"\/portail\/wp-json\/wp\/v2\/pages\/12192?add-to-cart=14253\" aria-label=\"Ajouter au panier\u00a0: &ldquo;Logiciel PHPP : aide \u00e0 la conception \u00e9nerg\u00e9tique d&#039;un b\u00e2timent&rdquo;\" data-quantity=\"1\" data-product_id=\"14253\" data-product_sku=\"\" data-price=\"520\" rel=\"nofollow\" class=\"wp-block-button__link  add_to_cart_button ajax_add_to_cart\">Ajouter au panier<\/a><\/div>\n\t\t\t<\/li><li class=\"wc-block-grid__product\"><span class=\"gtm4wp_productdata\" style=\"display:none; visibility:hidden;\" data-gtm4wp_product_data=\"{&quot;internal_id&quot;:14095,&quot;item_id&quot;:14095,&quot;item_name&quot;:&quot;Toiture : d\\u00e9tecter et supprimer les fuites&quot;,&quot;sku&quot;:14095,&quot;price&quot;:720,&quot;stocklevel&quot;:null,&quot;stockstatus&quot;:&quot;instock&quot;,&quot;google_business_vertical&quot;:&quot;education&quot;,&quot;item_category&quot;:&quot;Formation&quot;,&quot;id&quot;:14095,&quot;productlink&quot;:&quot;https:\\\/\\\/fr.twiza.org\\\/portail\\\/produit\\\/toiture-detecter-supprimer-fuites\\\/&quot;,&quot;item_list_name&quot;:&quot;Liste g\\u00e9n\\u00e9rale des produits&quot;,&quot;index&quot;:0,&quot;product_type&quot;:&quot;simple&quot;,&quot;item_brand&quot;:&quot;&quot;}\"><\/span>\n\t\t\t\t<a href=\"https:\/\/fr.twiza.org\/portail\/produit\/toiture-detecter-supprimer-fuites\/\" class=\"wc-block-grid__product-link\">\n\t\t\t\t\t\n\t\t\t\t\t<div class=\"wc-block-grid__product-image\"><img decoding=\"async\" width=\"230\" height=\"230\" src=\"https:\/\/fr.twiza.org\/portail\/wp-content\/uploads\/2026\/03\/Formation-Toiture-fabien-biteau-1-230x230.jpg\" class=\"attachment-woocommerce_thumbnail size-woocommerce_thumbnail\" alt=\"Toiture : d\u00e9tecter et supprimer les fuites\" srcset=\"https:\/\/fr.twiza.org\/portail\/wp-content\/uploads\/2026\/03\/Formation-Toiture-fabien-biteau-1-230x230.jpg 230w, https:\/\/fr.twiza.org\/portail\/wp-content\/uploads\/2026\/03\/Formation-Toiture-fabien-biteau-1-234x234.jpg 234w, https:\/\/fr.twiza.org\/portail\/wp-content\/uploads\/2026\/03\/Formation-Toiture-fabien-biteau-1-460x460.jpg 460w, https:\/\/fr.twiza.org\/portail\/wp-content\/uploads\/2026\/03\/Formation-Toiture-fabien-biteau-1-160x160.jpg 160w, https:\/\/fr.twiza.org\/portail\/wp-content\/uploads\/2026\/03\/Formation-Toiture-fabien-biteau-1-50x50.jpg 50w\" sizes=\"(max-width: 230px) 100vw, 230px\" \/><\/div>\n\t\t\t\t\t<div class=\"wc-block-grid__product-title\">Toiture : d\u00e9tecter et supprimer les fuites<\/div>\n\t\t\t\t<\/a>\n\t\t\t\t<div class=\"wc-block-grid__product-price price\"><span class=\"woocommerce-Price-amount amount\">720,00&nbsp;<span class=\"woocommerce-Price-currencySymbol\">&euro;<\/span><\/span><\/div>\n\t\t\t\t\n\t\t\t\t<div class=\"wp-block-button wc-block-grid__product-add-to-cart\"><a href=\"\/portail\/wp-json\/wp\/v2\/pages\/12192?add-to-cart=14095\" aria-label=\"Ajouter au panier\u00a0: &ldquo;Toiture : d\u00e9tecter et supprimer les fuites&rdquo;\" data-quantity=\"1\" data-product_id=\"14095\" data-product_sku=\"\" data-price=\"720\" rel=\"nofollow\" class=\"wp-block-button__link  add_to_cart_button ajax_add_to_cart\">Ajouter au panier<\/a><\/div>\n\t\t\t<\/li><li class=\"wc-block-grid__product\"><span class=\"gtm4wp_productdata\" style=\"display:none; visibility:hidden;\" data-gtm4wp_product_data=\"{&quot;internal_id&quot;:13978,&quot;item_id&quot;:13978,&quot;item_name&quot;:&quot;Ma\\u00e7onnerie Traditionnelle &amp; D\\u00e9sordre du B\\u00e2ti Ancien&quot;,&quot;sku&quot;:13978,&quot;price&quot;:630,&quot;stocklevel&quot;:null,&quot;stockstatus&quot;:&quot;instock&quot;,&quot;google_business_vertical&quot;:&quot;education&quot;,&quot;item_category&quot;:&quot;Formation&quot;,&quot;id&quot;:13978,&quot;productlink&quot;:&quot;https:\\\/\\\/fr.twiza.org\\\/portail\\\/produit\\\/maconnerie-pierre-et-bati-ancien\\\/&quot;,&quot;item_list_name&quot;:&quot;Liste g\\u00e9n\\u00e9rale des produits&quot;,&quot;index&quot;:0,&quot;product_type&quot;:&quot;simple&quot;,&quot;item_brand&quot;:&quot;&quot;}\"><\/span>\n\t\t\t\t<a href=\"https:\/\/fr.twiza.org\/portail\/produit\/maconnerie-pierre-et-bati-ancien\/\" class=\"wc-block-grid__product-link\">\n\t\t\t\t\t\n\t\t\t\t\t<div class=\"wc-block-grid__product-image\"><img decoding=\"async\" width=\"230\" height=\"230\" src=\"https:\/\/fr.twiza.org\/portail\/wp-content\/uploads\/2025\/05\/maconnerie-Formation-Twiza-IMG_20240411_115900-230x230.jpg\" class=\"attachment-woocommerce_thumbnail size-woocommerce_thumbnail\" alt=\"Ma\u00e7onnerie Traditionnelle &amp; D\u00e9sordre du B\u00e2ti Ancien\" srcset=\"https:\/\/fr.twiza.org\/portail\/wp-content\/uploads\/2025\/05\/maconnerie-Formation-Twiza-IMG_20240411_115900-230x230.jpg 230w, https:\/\/fr.twiza.org\/portail\/wp-content\/uploads\/2025\/05\/maconnerie-Formation-Twiza-IMG_20240411_115900-160x160.jpg 160w, https:\/\/fr.twiza.org\/portail\/wp-content\/uploads\/2025\/05\/maconnerie-Formation-Twiza-IMG_20240411_115900-234x234.jpg 234w\" sizes=\"(max-width: 230px) 100vw, 230px\" \/><\/div>\n\t\t\t\t\t<div class=\"wc-block-grid__product-title\">Ma\u00e7onnerie Traditionnelle &amp; D\u00e9sordre du B\u00e2ti Ancien<\/div>\n\t\t\t\t<\/a>\n\t\t\t\t<div class=\"wc-block-grid__product-price price\"><span class=\"woocommerce-Price-amount amount\">630,00&nbsp;<span class=\"woocommerce-Price-currencySymbol\">&euro;<\/span><\/span><\/div>\n\t\t\t\t\n\t\t\t\t<div class=\"wp-block-button wc-block-grid__product-add-to-cart\"><a href=\"\/portail\/wp-json\/wp\/v2\/pages\/12192?add-to-cart=13978\" aria-label=\"Ajouter au panier\u00a0: &ldquo;Ma\u00e7onnerie Traditionnelle &amp; D\u00e9sordre du B\u00e2ti Ancien&rdquo;\" data-quantity=\"1\" data-product_id=\"13978\" data-product_sku=\"\" data-price=\"630\" rel=\"nofollow\" class=\"wp-block-button__link  add_to_cart_button ajax_add_to_cart\">Ajouter au panier<\/a><\/div>\n\t\t\t<\/li><li class=\"wc-block-grid__product\"><span class=\"gtm4wp_productdata\" style=\"display:none; visibility:hidden;\" data-gtm4wp_product_data=\"{&quot;internal_id&quot;:13965,&quot;item_id&quot;:13965,&quot;item_name&quot;:&quot;Enduit de finition \\u201cPierre Vue\\u201d \\u00e0 la chaux&quot;,&quot;sku&quot;:13965,&quot;price&quot;:350,&quot;stocklevel&quot;:null,&quot;stockstatus&quot;:&quot;instock&quot;,&quot;google_business_vertical&quot;:&quot;education&quot;,&quot;item_category&quot;:&quot;Formation&quot;,&quot;id&quot;:13965,&quot;productlink&quot;:&quot;https:\\\/\\\/fr.twiza.org\\\/portail\\\/produit\\\/enduit-pierre-vue\\\/&quot;,&quot;item_list_name&quot;:&quot;Liste g\\u00e9n\\u00e9rale des produits&quot;,&quot;index&quot;:0,&quot;product_type&quot;:&quot;simple&quot;,&quot;item_brand&quot;:&quot;&quot;}\"><\/span>\n\t\t\t\t<a href=\"https:\/\/fr.twiza.org\/portail\/produit\/enduit-pierre-vue\/\" class=\"wc-block-grid__product-link\">\n\t\t\t\t\t\n\t\t\t\t\t<div class=\"wc-block-grid__product-image\"><img loading=\"lazy\" decoding=\"async\" width=\"230\" height=\"230\" src=\"https:\/\/fr.twiza.org\/portail\/wp-content\/uploads\/2026\/02\/Vignette-Formation-Pierre-vue-Nico-v0-230x230.jpg\" class=\"attachment-woocommerce_thumbnail size-woocommerce_thumbnail\" alt=\"Formation Pierre vue Nico v0\" srcset=\"https:\/\/fr.twiza.org\/portail\/wp-content\/uploads\/2026\/02\/Vignette-Formation-Pierre-vue-Nico-v0-230x230.jpg 230w, https:\/\/fr.twiza.org\/portail\/wp-content\/uploads\/2026\/02\/Vignette-Formation-Pierre-vue-Nico-v0-234x234.jpg 234w, https:\/\/fr.twiza.org\/portail\/wp-content\/uploads\/2026\/02\/Vignette-Formation-Pierre-vue-Nico-v0-460x460.jpg 460w, https:\/\/fr.twiza.org\/portail\/wp-content\/uploads\/2026\/02\/Vignette-Formation-Pierre-vue-Nico-v0-160x160.jpg 160w, https:\/\/fr.twiza.org\/portail\/wp-content\/uploads\/2026\/02\/Vignette-Formation-Pierre-vue-Nico-v0-50x50.jpg 50w\" sizes=\"(max-width: 230px) 100vw, 230px\" \/><\/div>\n\t\t\t\t\t<div class=\"wc-block-grid__product-title\">Enduit de finition \u201cPierre Vue\u201d \u00e0 la chaux<\/div>\n\t\t\t\t<\/a>\n\t\t\t\t<div class=\"wc-block-grid__product-price price\"><span class=\"woocommerce-Price-amount amount\">350,00&nbsp;<span class=\"woocommerce-Price-currencySymbol\">&euro;<\/span><\/span><\/div>\n\t\t\t\t\n\t\t\t\t<div class=\"wp-block-button wc-block-grid__product-add-to-cart\"><a href=\"\/portail\/wp-json\/wp\/v2\/pages\/12192?add-to-cart=13965\" aria-label=\"Ajouter au panier\u00a0: &ldquo;Enduit de finition \u201cPierre Vue\u201d \u00e0 la chaux&rdquo;\" data-quantity=\"1\" data-product_id=\"13965\" data-product_sku=\"\" data-price=\"350\" rel=\"nofollow\" class=\"wp-block-button__link  add_to_cart_button ajax_add_to_cart\">Ajouter au panier<\/a><\/div>\n\t\t\t<\/li><\/ul><\/div><\/div>\n<\/div>\n","protected":false},"excerpt":{"rendered":"","protected":false},"author":1,"featured_media":0,"parent":0,"menu_order":0,"comment_status":"closed","ping_status":"closed","template":"","meta":{"_eb_attr":"","_themeisle_gutenberg_block_has_review":false,"footnotes":""},"class_list":["post-12192","page","type-page","status-publish","hentry"],"yoast_head":"<!-- This site is optimized with the Yoast SEO Premium plugin v27.2 (Yoast SEO v27.4) - https:\/\/yoast.com\/product\/yoast-seo-premium-wordpress\/ -->\n<title>Panier<\/title>\n<meta name=\"robots\" content=\"index, follow, max-snippet:-1, max-image-preview:large, max-video-preview:-1\" \/>\n<link rel=\"canonical\" href=\"https:\/\/fr.twiza.org\/portail\/panier\/\" \/>\n<meta property=\"og:locale\" content=\"fr_FR\" \/>\n<meta property=\"og:type\" content=\"article\" \/>\n<meta property=\"og:title\" content=\"Panier\" \/>\n<meta property=\"og:url\" content=\"https:\/\/fr.twiza.org\/portail\/panier\/\" \/>\n<meta property=\"og:site_name\" content=\"R\u00e9seau Twiza\" \/>\n<meta property=\"article:publisher\" content=\"https:\/\/fr-fr.facebook.com\/Twiza.fr\/\" \/>\n<meta property=\"article:modified_time\" content=\"2025-05-28T10:26:53+00:00\" \/>\n<meta name=\"twitter:card\" content=\"summary_large_image\" \/>\n<script type=\"application\/ld+json\" class=\"yoast-schema-graph\">{\"@context\":\"https:\\\/\\\/schema.org\",\"@graph\":[{\"@type\":\"WebPage\",\"@id\":\"https:\\\/\\\/fr.twiza.org\\\/portail\\\/panier\\\/\",\"url\":\"https:\\\/\\\/fr.twiza.org\\\/portail\\\/panier\\\/\",\"name\":\"Panier\",\"isPartOf\":{\"@id\":\"https:\\\/\\\/fr.twiza.org\\\/portail\\\/#website\"},\"datePublished\":\"2025-02-22T11:00:53+00:00\",\"dateModified\":\"2025-05-28T10:26:53+00:00\",\"breadcrumb\":{\"@id\":\"https:\\\/\\\/fr.twiza.org\\\/portail\\\/panier\\\/#breadcrumb\"},\"inLanguage\":\"fr-FR\",\"potentialAction\":[{\"@type\":\"ReadAction\",\"target\":[\"https:\\\/\\\/fr.twiza.org\\\/portail\\\/panier\\\/\"]}]},{\"@type\":\"BreadcrumbList\",\"@id\":\"https:\\\/\\\/fr.twiza.org\\\/portail\\\/panier\\\/#breadcrumb\",\"itemListElement\":[{\"@type\":\"ListItem\",\"position\":1,\"name\":\"Accueil\",\"item\":\"https:\\\/\\\/fr.twiza.org\\\/portail\\\/\"},{\"@type\":\"ListItem\",\"position\":2,\"name\":\"Panier\"}]},{\"@type\":\"WebSite\",\"@id\":\"https:\\\/\\\/fr.twiza.org\\\/portail\\\/#website\",\"url\":\"https:\\\/\\\/fr.twiza.org\\\/portail\\\/\",\"name\":\"R\u00e9seau Twiza\",\"description\":\"Entraide pour un habitat \u00e9cologique, convivial et r\u00e9silient\",\"publisher\":{\"@id\":\"https:\\\/\\\/fr.twiza.org\\\/portail\\\/#organization\"},\"potentialAction\":[{\"@type\":\"SearchAction\",\"target\":{\"@type\":\"EntryPoint\",\"urlTemplate\":\"https:\\\/\\\/fr.twiza.org\\\/portail\\\/?s={search_term_string}\"},\"query-input\":{\"@type\":\"PropertyValueSpecification\",\"valueRequired\":true,\"valueName\":\"search_term_string\"}}],\"inLanguage\":\"fr-FR\"},{\"@type\":\"Organization\",\"@id\":\"https:\\\/\\\/fr.twiza.org\\\/portail\\\/#organization\",\"name\":\"R\u00e9seau Twiza\",\"url\":\"https:\\\/\\\/fr.twiza.org\\\/portail\\\/\",\"logo\":{\"@type\":\"ImageObject\",\"inLanguage\":\"fr-FR\",\"@id\":\"https:\\\/\\\/fr.twiza.org\\\/portail\\\/#\\\/schema\\\/logo\\\/image\\\/\",\"url\":\"https:\\\/\\\/fr.twiza.org\\\/portail\\\/wp-content\\\/uploads\\\/2021\\\/05\\\/cropped-logo-reseau-twiza.jpg\",\"contentUrl\":\"https:\\\/\\\/fr.twiza.org\\\/portail\\\/wp-content\\\/uploads\\\/2021\\\/05\\\/cropped-logo-reseau-twiza.jpg\",\"width\":400,\"height\":102,\"caption\":\"R\u00e9seau Twiza\"},\"image\":{\"@id\":\"https:\\\/\\\/fr.twiza.org\\\/portail\\\/#\\\/schema\\\/logo\\\/image\\\/\"},\"sameAs\":[\"https:\\\/\\\/fr-fr.facebook.com\\\/Twiza.fr\\\/\",\"https:\\\/\\\/www.instagram.com\\\/twiza_fr\\\/\",\"https:\\\/\\\/www.linkedin.com\\\/company\\\/reseautwiza\\\/\"]}]}<\/script>\n<!-- \/ Yoast SEO Premium plugin. -->","yoast_head_json":{"title":"Panier","robots":{"index":"index","follow":"follow","max-snippet":"max-snippet:-1","max-image-preview":"max-image-preview:large","max-video-preview":"max-video-preview:-1"},"canonical":"https:\/\/fr.twiza.org\/portail\/panier\/","og_locale":"fr_FR","og_type":"article","og_title":"Panier","og_url":"https:\/\/fr.twiza.org\/portail\/panier\/","og_site_name":"R\u00e9seau Twiza","article_publisher":"https:\/\/fr-fr.facebook.com\/Twiza.fr\/","article_modified_time":"2025-05-28T10:26:53+00:00","twitter_card":"summary_large_image","schema":{"@context":"https:\/\/schema.org","@graph":[{"@type":"WebPage","@id":"https:\/\/fr.twiza.org\/portail\/panier\/","url":"https:\/\/fr.twiza.org\/portail\/panier\/","name":"Panier","isPartOf":{"@id":"https:\/\/fr.twiza.org\/portail\/#website"},"datePublished":"2025-02-22T11:00:53+00:00","dateModified":"2025-05-28T10:26:53+00:00","breadcrumb":{"@id":"https:\/\/fr.twiza.org\/portail\/panier\/#breadcrumb"},"inLanguage":"fr-FR","potentialAction":[{"@type":"ReadAction","target":["https:\/\/fr.twiza.org\/portail\/panier\/"]}]},{"@type":"BreadcrumbList","@id":"https:\/\/fr.twiza.org\/portail\/panier\/#breadcrumb","itemListElement":[{"@type":"ListItem","position":1,"name":"Accueil","item":"https:\/\/fr.twiza.org\/portail\/"},{"@type":"ListItem","position":2,"name":"Panier"}]},{"@type":"WebSite","@id":"https:\/\/fr.twiza.org\/portail\/#website","url":"https:\/\/fr.twiza.org\/portail\/","name":"R\u00e9seau Twiza","description":"Entraide pour un habitat \u00e9cologique, convivial et r\u00e9silient","publisher":{"@id":"https:\/\/fr.twiza.org\/portail\/#organization"},"potentialAction":[{"@type":"SearchAction","target":{"@type":"EntryPoint","urlTemplate":"https:\/\/fr.twiza.org\/portail\/?s={search_term_string}"},"query-input":{"@type":"PropertyValueSpecification","valueRequired":true,"valueName":"search_term_string"}}],"inLanguage":"fr-FR"},{"@type":"Organization","@id":"https:\/\/fr.twiza.org\/portail\/#organization","name":"R\u00e9seau Twiza","url":"https:\/\/fr.twiza.org\/portail\/","logo":{"@type":"ImageObject","inLanguage":"fr-FR","@id":"https:\/\/fr.twiza.org\/portail\/#\/schema\/logo\/image\/","url":"https:\/\/fr.twiza.org\/portail\/wp-content\/uploads\/2021\/05\/cropped-logo-reseau-twiza.jpg","contentUrl":"https:\/\/fr.twiza.org\/portail\/wp-content\/uploads\/2021\/05\/cropped-logo-reseau-twiza.jpg","width":400,"height":102,"caption":"R\u00e9seau Twiza"},"image":{"@id":"https:\/\/fr.twiza.org\/portail\/#\/schema\/logo\/image\/"},"sameAs":["https:\/\/fr-fr.facebook.com\/Twiza.fr\/","https:\/\/www.instagram.com\/twiza_fr\/","https:\/\/www.linkedin.com\/company\/reseautwiza\/"]}]}},"jetpack_sharing_enabled":true,"_links":{"self":[{"href":"https:\/\/fr.twiza.org\/portail\/wp-json\/wp\/v2\/pages\/12192","targetHints":{"allow":["GET"]}}],"collection":[{"href":"https:\/\/fr.twiza.org\/portail\/wp-json\/wp\/v2\/pages"}],"about":[{"href":"https:\/\/fr.twiza.org\/portail\/wp-json\/wp\/v2\/types\/page"}],"author":[{"embeddable":true,"href":"https:\/\/fr.twiza.org\/portail\/wp-json\/wp\/v2\/users\/1"}],"replies":[{"embeddable":true,"href":"https:\/\/fr.twiza.org\/portail\/wp-json\/wp\/v2\/comments?post=12192"}],"version-history":[{"count":1,"href":"https:\/\/fr.twiza.org\/portail\/wp-json\/wp\/v2\/pages\/12192\/revisions"}],"predecessor-version":[{"id":12630,"href":"https:\/\/fr.twiza.org\/portail\/wp-json\/wp\/v2\/pages\/12192\/revisions\/12630"}],"wp:attachment":[{"href":"https:\/\/fr.twiza.org\/portail\/wp-json\/wp\/v2\/media?parent=12192"}],"curies":[{"name":"wp","href":"https:\/\/api.w.org\/{rel}","templated":true}]}}