{"id":1613,"date":"2021-06-22T13:09:23","date_gmt":"2021-06-22T11:09:23","guid":{"rendered":"https:\/\/fr.twiza.org\/portail\/?page_id=1613"},"modified":"2023-06-09T16:03:32","modified_gmt":"2023-06-09T14:03:32","slug":"la-geonef-ou-earthship","status":"publish","type":"page","link":"https:\/\/fr.twiza.org\/portail\/la-geonef-ou-earthship\/","title":{"rendered":"La G\u00e9onef (ou Earthship)"},"content":{"rendered":"\n<figure class=\"wp-block-image size-large\"><img fetchpriority=\"high\" decoding=\"async\" width=\"1108\" height=\"623\" src=\"https:\/\/fr.twiza.org\/portail\/wp-content\/uploads\/2021\/04\/Photo-Maison-Ge\u0301onef-0-comp1200px-edited.jpeg\" alt=\"Une maison G\u00e9onef ou Earthship\" class=\"wp-image-1615\" srcset=\"https:\/\/fr.twiza.org\/portail\/wp-content\/uploads\/2021\/04\/Photo-Maison-Ge\u0301onef-0-comp1200px-edited.jpeg 1108w, https:\/\/fr.twiza.org\/portail\/wp-content\/uploads\/2021\/04\/Photo-Maison-Ge\u0301onef-0-comp1200px-edited-600x337.jpeg 600w, https:\/\/fr.twiza.org\/portail\/wp-content\/uploads\/2021\/04\/Photo-Maison-Ge\u0301onef-0-comp1200px-edited-300x169.jpeg 300w, https:\/\/fr.twiza.org\/portail\/wp-content\/uploads\/2021\/04\/Photo-Maison-Ge\u0301onef-0-comp1200px-edited-1024x576.jpeg 1024w, https:\/\/fr.twiza.org\/portail\/wp-content\/uploads\/2021\/04\/Photo-Maison-Ge\u0301onef-0-comp1200px-edited-768x432.jpeg 768w\" sizes=\"(max-width: 1108px) 100vw, 1108px\" \/><\/figure>\n\n\n\n<h2 class=\"wp-block-heading has-text-align-center\" id=\"h-histoire\">Histoire<\/h2>\n\n\n\n<p>C\u2019est aux Etats-Unis en 1972 que l\u2019architecte Mickael Reynolds construit son premier Earthship dont le G\u00e9onef est tr\u00e8s largement inspir\u00e9. A l\u2019origine l\u2019id\u00e9e est de concevoir un b\u00e2timent fabriqu\u00e9 \u00e0 partir de mat\u00e9riaux de r\u00e9emploi et dont le dessin permettait de se passer de <strong>chauffage<\/strong> ou de climatisation. Plus largement c\u2019est dans une d\u00e9marche d\u2019autonomie totale que s\u2019inscrive les G\u00e9onefs.<\/p>\n\n\n\n<h2 class=\"wp-block-heading has-text-align-center\" id=\"h-procede-technique\">Proc\u00e9d\u00e9 technique<\/h2>\n\n\n\n<p>Un g\u00e9onef est compos\u00e9 de deux parties, la fa\u00e7ade Sud et la Fa\u00e7ade Nord. La Sud est une <strong>baie vitr\u00e9e<\/strong> servant de serre. La Nord quand \u00e0 elle doit \u00eatre encaiss\u00e9e et constitu\u00e9e de pneu rempli de terre.<\/p>\n\n\n\n<h2 class=\"wp-block-heading has-text-align-center\" id=\"h-le-projet\">Le Projet<\/h2>\n\n\n\n<p>Ce projet est situ\u00e9 en face du plateau calcaire de la Vall\u00e9e du C\u00e9l\u00e9 dans le Lot. Il a \u00e9t\u00e9 r\u00e9alis\u00e9 par C\u00e9cile et Martin, les futurs habitants, accompagn\u00e9s de <strong>Mathieu Guyomard<\/strong> de <a href=\"https:\/\/lamatiere.org\/\" target=\"_blank\" rel=\"noreferrer noopener\">LaMati\u00e8re<\/a>, sp\u00e9cialis\u00e9 dans ce type d\u2019habitat.<\/p>\n\n\n\n<p><br>Cette maison, v\u00e9ritable vaisseau terrestre, \u00e0 la mani\u00e8re d\u2019une machine \u00e0 habiter, se pose dans un site orient\u00e9 plein sud, s\u2019enterre pour profiter de la masse thermique de la cro\u00fbte terrestre et vit en autosuffisance sans raccordement aux r\u00e9seaux.<\/p>\n\n\n\n<p>Con\u00e7u comme un habitat en symbiose avec son environnement, il d\u00e9veloppe une forte capacit\u00e9 de r\u00e9emploi de mat\u00e9riaux usag\u00e9s afin d\u2019apporter des r\u00e9ponses aux probl\u00e9matique de recyclage.<\/p>\n\n\n\n<h3 class=\"wp-block-heading\" id=\"h-vue-d-ensemble\">Vue d&rsquo;ensemble<\/h3>\n\n\n\n<ul class=\"wp-block-list\">\n<li><strong>Mat\u00e9riaux<\/strong> : Pneus, bois, terre, ciment<\/li>\n\n\n\n<li><strong>Technique<\/strong> : Earthship<\/li>\n\n\n\n<li><strong>Livraison<\/strong> : 2019<\/li>\n\n\n\n<li><strong>Dur\u00e9e chantier<\/strong> : 24 mois avec 300 personnes<\/li>\n\n\n\n<li><strong>Surface habitable<\/strong> : 125 m2<\/li>\n\n\n\n<li><strong>Co\u00fbt travaux<\/strong> : 75 000 euros<\/li>\n<\/ul>\n\n\n\n<figure class=\"wp-block-image size-large\"><img decoding=\"async\" width=\"1200\" height=\"750\" src=\"https:\/\/fr.twiza.org\/portail\/wp-content\/uploads\/2021\/04\/Maison-ge\u0301onef-ada-projet-1-O-comp1200px-edited.jpeg\" alt=\"Dessin d'une vue d'ensemble du projet Earthship\" class=\"wp-image-1617\" srcset=\"https:\/\/fr.twiza.org\/portail\/wp-content\/uploads\/2021\/04\/Maison-ge\u0301onef-ada-projet-1-O-comp1200px-edited.jpeg 1200w, https:\/\/fr.twiza.org\/portail\/wp-content\/uploads\/2021\/04\/Maison-ge\u0301onef-ada-projet-1-O-comp1200px-edited-600x375.jpeg 600w, https:\/\/fr.twiza.org\/portail\/wp-content\/uploads\/2021\/04\/Maison-ge\u0301onef-ada-projet-1-O-comp1200px-edited-300x188.jpeg 300w, https:\/\/fr.twiza.org\/portail\/wp-content\/uploads\/2021\/04\/Maison-ge\u0301onef-ada-projet-1-O-comp1200px-edited-1024x640.jpeg 1024w, https:\/\/fr.twiza.org\/portail\/wp-content\/uploads\/2021\/04\/Maison-ge\u0301onef-ada-projet-1-O-comp1200px-edited-768x480.jpeg 768w\" sizes=\"(max-width: 1200px) 100vw, 1200px\" \/><\/figure>\n\n\n\n<div style=\"height:10px\" aria-hidden=\"true\" class=\"wp-block-spacer\"><\/div>\n\n\n\n<h3 class=\"wp-block-heading\" id=\"h-caracteristiques\">Caract\u00e9ristiques<\/h3>\n\n\n\n<figure class=\"wp-block-image size-large\"><img decoding=\"async\" width=\"1024\" height=\"722\" src=\"https:\/\/fr.twiza.org\/portail\/wp-content\/uploads\/2021\/04\/Maison-ge\u0301onef-ada-projet-2-O-comp1200px-1024x722.jpeg\" alt=\"Dessin illustrant certaines caract\u00e9ristiques de construction d'un Earthship\" class=\"wp-image-1618\" srcset=\"https:\/\/fr.twiza.org\/portail\/wp-content\/uploads\/2021\/04\/Maison-ge\u0301onef-ada-projet-2-O-comp1200px-1024x722.jpeg 1024w, https:\/\/fr.twiza.org\/portail\/wp-content\/uploads\/2021\/04\/Maison-ge\u0301onef-ada-projet-2-O-comp1200px-600x423.jpeg 600w, https:\/\/fr.twiza.org\/portail\/wp-content\/uploads\/2021\/04\/Maison-ge\u0301onef-ada-projet-2-O-comp1200px-300x212.jpeg 300w, https:\/\/fr.twiza.org\/portail\/wp-content\/uploads\/2021\/04\/Maison-ge\u0301onef-ada-projet-2-O-comp1200px-768x541.jpeg 768w, https:\/\/fr.twiza.org\/portail\/wp-content\/uploads\/2021\/04\/Maison-ge\u0301onef-ada-projet-2-O-comp1200px.jpeg 1200w\" sizes=\"(max-width: 1024px) 100vw, 1024px\" \/><\/figure>\n\n\n\n<div style=\"height:10px\" aria-hidden=\"true\" class=\"wp-block-spacer\"><\/div>\n\n\n\n<h3 class=\"wp-block-heading\" id=\"h-coupe-transversale\">Coupe transversale<\/h3>\n\n\n\n<figure class=\"wp-block-image size-large\"><img loading=\"lazy\" decoding=\"async\" width=\"1024\" height=\"660\" src=\"https:\/\/fr.twiza.org\/portail\/wp-content\/uploads\/2021\/04\/Maison-ge\u0301onef-ada-projet-3-O-comp1200px-1024x660.jpeg\" alt=\"Dessin d'une coupe transversale du projet de maison Geonef\" class=\"wp-image-1619\" srcset=\"https:\/\/fr.twiza.org\/portail\/wp-content\/uploads\/2021\/04\/Maison-ge\u0301onef-ada-projet-3-O-comp1200px-1024x660.jpeg 1024w, https:\/\/fr.twiza.org\/portail\/wp-content\/uploads\/2021\/04\/Maison-ge\u0301onef-ada-projet-3-O-comp1200px-600x387.jpeg 600w, https:\/\/fr.twiza.org\/portail\/wp-content\/uploads\/2021\/04\/Maison-ge\u0301onef-ada-projet-3-O-comp1200px-300x194.jpeg 300w, https:\/\/fr.twiza.org\/portail\/wp-content\/uploads\/2021\/04\/Maison-ge\u0301onef-ada-projet-3-O-comp1200px-768x495.jpeg 768w, https:\/\/fr.twiza.org\/portail\/wp-content\/uploads\/2021\/04\/Maison-ge\u0301onef-ada-projet-3-O-comp1200px.jpeg 1200w\" sizes=\"(max-width: 1024px) 100vw, 1024px\" \/><\/figure>\n\n\n\n<div style=\"height:10px\" aria-hidden=\"true\" class=\"wp-block-spacer\"><\/div>\n\n\n\n<h2 class=\"wp-block-heading has-text-align-center\" id=\"h-le-chantier\">Le Chantier<\/h2>\n\n\n\n<p><strong>1.La terre du site est compact\u00e9e dans des pneus pour cr\u00e9er les murs de sout\u00e8nement<\/strong><\/p>\n\n\n\n<p>La terre utilis\u00e9e ne n\u00e9cessite pas de transport, pas de transformation, et les pneus utilis\u00e9s sont du r\u00e9emploi de d\u00e9chets.<\/p>\n\n\n\n<figure class=\"wp-block-image size-large\"><img loading=\"lazy\" decoding=\"async\" width=\"1800\" height=\"1124\" src=\"https:\/\/fr.twiza.org\/portail\/wp-content\/uploads\/2021\/04\/Maison-ge\u0301onef-ada-chantier-1-O-comp1800px-edited.jpeg\" alt=\"Cr\u00e9ation des murs de sout\u00e8nement, la terre du site est compact\u00e9e dans des pneus\" class=\"wp-image-1623\" srcset=\"https:\/\/fr.twiza.org\/portail\/wp-content\/uploads\/2021\/04\/Maison-ge\u0301onef-ada-chantier-1-O-comp1800px-edited.jpeg 1800w, https:\/\/fr.twiza.org\/portail\/wp-content\/uploads\/2021\/04\/Maison-ge\u0301onef-ada-chantier-1-O-comp1800px-edited-600x375.jpeg 600w, https:\/\/fr.twiza.org\/portail\/wp-content\/uploads\/2021\/04\/Maison-ge\u0301onef-ada-chantier-1-O-comp1800px-edited-300x187.jpeg 300w, https:\/\/fr.twiza.org\/portail\/wp-content\/uploads\/2021\/04\/Maison-ge\u0301onef-ada-chantier-1-O-comp1800px-edited-1024x639.jpeg 1024w, https:\/\/fr.twiza.org\/portail\/wp-content\/uploads\/2021\/04\/Maison-ge\u0301onef-ada-chantier-1-O-comp1800px-edited-768x480.jpeg 768w, https:\/\/fr.twiza.org\/portail\/wp-content\/uploads\/2021\/04\/Maison-ge\u0301onef-ada-chantier-1-O-comp1800px-edited-1536x959.jpeg 1536w, https:\/\/fr.twiza.org\/portail\/wp-content\/uploads\/2021\/04\/Maison-ge\u0301onef-ada-chantier-1-O-comp1800px-edited-1568x979.jpeg 1568w\" sizes=\"(max-width: 1800px) 100vw, 1800px\" \/><\/figure>\n\n\n\n<div style=\"height:10px\" aria-hidden=\"true\" class=\"wp-block-spacer\"><\/div>\n\n\n\n<p><strong>2.Cette phase du chantier compte de nombreux b\u00e9n\u00e9voles pour mettre en oeuvre plus de 800 pneus<\/strong><\/p>\n\n\n\n<p>Ce syst\u00e8me constructif est adapt\u00e9 pour l&rsquo;<strong>auto-construction<\/strong> si l&rsquo;on a la possibilit\u00e9 d&rsquo;accueillir des b\u00e9n\u00e9voles dans le cadre de <strong>chantiers participatifs<\/strong>.<\/p>\n\n\n<div class=\"wp-block-image\">\n<figure class=\"aligncenter size-large\"><img loading=\"lazy\" decoding=\"async\" width=\"582\" height=\"288\" src=\"https:\/\/fr.twiza.org\/portail\/wp-content\/uploads\/2021\/04\/Maison-ge\u0301onef-ada-chantier-2-O.jpeg\" alt=\"Un chantier participatif est organis\u00e9 dans le cadre du projet pour la phase de mise en oeuvre des 800 pneus\" class=\"wp-image-1625\" srcset=\"https:\/\/fr.twiza.org\/portail\/wp-content\/uploads\/2021\/04\/Maison-ge\u0301onef-ada-chantier-2-O.jpeg 582w, https:\/\/fr.twiza.org\/portail\/wp-content\/uploads\/2021\/04\/Maison-ge\u0301onef-ada-chantier-2-O-300x148.jpeg 300w\" sizes=\"(max-width: 582px) 100vw, 582px\" \/><\/figure>\n<\/div>\n\n\n<div style=\"height:10px\" aria-hidden=\"true\" class=\"wp-block-spacer\"><\/div>\n\n\n\n<p><strong>3.Apr\u00e8s l&rsquo;\u00e9tape des pneus, les futures habitants montent la charpente en bois, accompagn\u00e9s de l&rsquo;expert en g\u00e9onefs, Mathieu Guyomard<\/strong><\/p>\n\n\n\n<figure class=\"wp-block-image size-large\"><img loading=\"lazy\" decoding=\"async\" width=\"1200\" height=\"749\" src=\"https:\/\/fr.twiza.org\/portail\/wp-content\/uploads\/2021\/04\/Maison-ge\u0301onef-ada-chantier-3-O-comp1200px-edited.jpeg\" alt=\"Montage de la charpente en bois par les futurs habitants accompagn\u00e9s par l'expert en g\u00e9onefs Mathieu Guyomard\n\" class=\"wp-image-1628\" srcset=\"https:\/\/fr.twiza.org\/portail\/wp-content\/uploads\/2021\/04\/Maison-ge\u0301onef-ada-chantier-3-O-comp1200px-edited.jpeg 1200w, https:\/\/fr.twiza.org\/portail\/wp-content\/uploads\/2021\/04\/Maison-ge\u0301onef-ada-chantier-3-O-comp1200px-edited-600x375.jpeg 600w, https:\/\/fr.twiza.org\/portail\/wp-content\/uploads\/2021\/04\/Maison-ge\u0301onef-ada-chantier-3-O-comp1200px-edited-300x187.jpeg 300w, https:\/\/fr.twiza.org\/portail\/wp-content\/uploads\/2021\/04\/Maison-ge\u0301onef-ada-chantier-3-O-comp1200px-edited-1024x639.jpeg 1024w, https:\/\/fr.twiza.org\/portail\/wp-content\/uploads\/2021\/04\/Maison-ge\u0301onef-ada-chantier-3-O-comp1200px-edited-768x479.jpeg 768w\" sizes=\"(max-width: 1200px) 100vw, 1200px\" \/><\/figure>\n\n\n\n<p><strong>4.La pr\u00e9fabrication des poutres a permis une importante \u00e9conomie sur les co\u00fbts du projet<\/strong><\/p>\n\n\n\n<p>Cependant elles ont \u00e9t\u00e9 quelque peu sur-dimensionn\u00e9es pour ce projet.<\/p>\n\n\n\n<p>Souvent, par pr\u00e9caution les autoconstructeurs sur-dimensionnent les sections d\u2019\u00e9l\u00e9ments de structure\u2026<\/p>\n\n\n\n<figure class=\"wp-block-image size-large\"><img loading=\"lazy\" decoding=\"async\" width=\"1024\" height=\"576\" src=\"https:\/\/fr.twiza.org\/portail\/wp-content\/uploads\/2021\/04\/Maison-ge\u0301onef-ada-chantier-4-O-comp1200px-1024x576.jpeg\" alt=\"Photo des poutres de la g\u00e9onef en chantier, qui ont \u00e9t\u00e9 pr\u00e9-fabriqu\u00e9es \" class=\"wp-image-1629\" srcset=\"https:\/\/fr.twiza.org\/portail\/wp-content\/uploads\/2021\/04\/Maison-ge\u0301onef-ada-chantier-4-O-comp1200px-1024x576.jpeg 1024w, https:\/\/fr.twiza.org\/portail\/wp-content\/uploads\/2021\/04\/Maison-ge\u0301onef-ada-chantier-4-O-comp1200px-600x338.jpeg 600w, https:\/\/fr.twiza.org\/portail\/wp-content\/uploads\/2021\/04\/Maison-ge\u0301onef-ada-chantier-4-O-comp1200px-300x169.jpeg 300w, https:\/\/fr.twiza.org\/portail\/wp-content\/uploads\/2021\/04\/Maison-ge\u0301onef-ada-chantier-4-O-comp1200px-768x432.jpeg 768w, https:\/\/fr.twiza.org\/portail\/wp-content\/uploads\/2021\/04\/Maison-ge\u0301onef-ada-chantier-4-O-comp1200px.jpeg 1200w\" sizes=\"(max-width: 1024px) 100vw, 1024px\" \/><\/figure>\n\n\n\n<p><strong>5.La casquette permet d&#8217;emp\u00eacher le soleil de rentrer \u00e0 travers les baies vitr\u00e9es en \u00e9t\u00e9 et \u00e0 l&rsquo;inverse de le laisser entrer l&rsquo;hiver<\/strong><\/p>\n\n\n\n<p>A terme, les <strong>panneaux solaires photovolta\u00efques<\/strong> seront accroch\u00e9s sur cette casquette parfaitement orient\u00e9e.<\/p>\n\n\n\n<figure class=\"wp-block-image size-large\"><img loading=\"lazy\" decoding=\"async\" width=\"1200\" height=\"749\" src=\"https:\/\/fr.twiza.org\/portail\/wp-content\/uploads\/2021\/04\/Maison-ge\u0301onef-ada-chantier-5-O-comp1200px-edited.jpeg\" alt=\"Fabrication de la casquette pour emp\u00eacher le soleil d'entrer \u00e0 travers les baies vitr\u00e9es l'\u00e9t\u00e9 et \u00e0 l'inverse de le laisser entrer l'hiver\" class=\"wp-image-1632\" srcset=\"https:\/\/fr.twiza.org\/portail\/wp-content\/uploads\/2021\/04\/Maison-ge\u0301onef-ada-chantier-5-O-comp1200px-edited.jpeg 1200w, https:\/\/fr.twiza.org\/portail\/wp-content\/uploads\/2021\/04\/Maison-ge\u0301onef-ada-chantier-5-O-comp1200px-edited-600x375.jpeg 600w, https:\/\/fr.twiza.org\/portail\/wp-content\/uploads\/2021\/04\/Maison-ge\u0301onef-ada-chantier-5-O-comp1200px-edited-300x187.jpeg 300w, https:\/\/fr.twiza.org\/portail\/wp-content\/uploads\/2021\/04\/Maison-ge\u0301onef-ada-chantier-5-O-comp1200px-edited-1024x639.jpeg 1024w, https:\/\/fr.twiza.org\/portail\/wp-content\/uploads\/2021\/04\/Maison-ge\u0301onef-ada-chantier-5-O-comp1200px-edited-768x479.jpeg 768w\" sizes=\"(max-width: 1200px) 100vw, 1200px\" \/><\/figure>\n\n\n\n<div style=\"height:10px\" aria-hidden=\"true\" class=\"wp-block-spacer\"><\/div>\n\n\n\n<p><strong>6.Cette construction est enti\u00e8rement pens\u00e9e pour profiter au maximum de l\u2019\u00e9nergie solaire gr\u00e2ce \u00e0 une grande surface de baies vitr\u00e9es au sud et le stockage de calories dans le mur de sout\u00e8nement c\u00f4t\u00e9 nord<\/strong><\/p>\n\n\n\n<p>Les pneus sont recouverts d\u2019un<strong> enduit \u00e0 l\u2019int\u00e9rieur<\/strong> de la maison.<\/p>\n\n\n\n<figure class=\"wp-block-image size-large\"><img loading=\"lazy\" decoding=\"async\" width=\"1024\" height=\"773\" src=\"https:\/\/fr.twiza.org\/portail\/wp-content\/uploads\/2021\/04\/Maison-ge\u0301onef-ada-chantier-6-O-comp1200px-1024x773.jpeg\" alt=\"\" class=\"wp-image-1633\" srcset=\"https:\/\/fr.twiza.org\/portail\/wp-content\/uploads\/2021\/04\/Maison-ge\u0301onef-ada-chantier-6-O-comp1200px-1024x773.jpeg 1024w, https:\/\/fr.twiza.org\/portail\/wp-content\/uploads\/2021\/04\/Maison-ge\u0301onef-ada-chantier-6-O-comp1200px-600x453.jpeg 600w, https:\/\/fr.twiza.org\/portail\/wp-content\/uploads\/2021\/04\/Maison-ge\u0301onef-ada-chantier-6-O-comp1200px-300x227.jpeg 300w, https:\/\/fr.twiza.org\/portail\/wp-content\/uploads\/2021\/04\/Maison-ge\u0301onef-ada-chantier-6-O-comp1200px-768x580.jpeg 768w, https:\/\/fr.twiza.org\/portail\/wp-content\/uploads\/2021\/04\/Maison-ge\u0301onef-ada-chantier-6-O-comp1200px.jpeg 1200w\" sizes=\"(max-width: 1024px) 100vw, 1024px\" \/><\/figure>\n\n\n\n<div style=\"height:30px\" aria-hidden=\"true\" class=\"wp-block-spacer\"><\/div>\n\n\n\n<p><em>Cette \u00e9tude a \u00e9t\u00e9 r\u00e9alis\u00e9e par Mathis Rager, Emmanuel Stern et Rapha\u00ebl Walter du collectif&nbsp;<a href=\"https:\/\/www.anatomiesdarchitecture.com\/\">Anatomie d&rsquo;architecture<\/a>&nbsp;dans le cadre du projet du Tour de France des maisons \u00e9cologiques.<\/em><\/p>\n\n\n\n<p><\/p>\n","protected":false},"excerpt":{"rendered":"<p>Histoire C\u2019est aux Etats-Unis en 1972 que l\u2019architecte Mickael Reynolds construit son premier Earthship dont le G\u00e9onef est tr\u00e8s largement inspir\u00e9. A l\u2019origine l\u2019id\u00e9e est de concevoir un b\u00e2timent fabriqu\u00e9 \u00e0 partir de mat\u00e9riaux de r\u00e9emploi et dont le dessin permettait de se passer de chauffage ou de climatisation. Plus [&hellip;]<\/p>\n","protected":false},"author":3,"featured_media":0,"parent":0,"menu_order":0,"comment_status":"closed","ping_status":"closed","template":"","meta":{"_eb_attr":"","_themeisle_gutenberg_block_has_review":false,"footnotes":""},"class_list":["post-1613","page","type-page","status-publish","hentry"],"yoast_head":"<!-- This site is optimized with the Yoast SEO Premium plugin v27.2 (Yoast SEO v27.3) - https:\/\/yoast.com\/product\/yoast-seo-premium-wordpress\/ -->\n<title>La G\u00e9onef (ou Earthship)<\/title>\n<meta name=\"robots\" content=\"index, follow, max-snippet:-1, max-image-preview:large, max-video-preview:-1\" \/>\n<link rel=\"canonical\" href=\"https:\/\/fr.twiza.org\/portail\/la-geonef-ou-earthship\/\" \/>\n<meta property=\"og:locale\" content=\"fr_FR\" \/>\n<meta property=\"og:type\" content=\"article\" \/>\n<meta property=\"og:title\" content=\"La G\u00e9onef (ou Earthship)\" \/>\n<meta property=\"og:description\" content=\"Histoire C\u2019est aux Etats-Unis en 1972 que l\u2019architecte Mickael Reynolds construit son premier Earthship dont le G\u00e9onef est tr\u00e8s largement inspir\u00e9. A l\u2019origine l\u2019id\u00e9e est de concevoir un b\u00e2timent fabriqu\u00e9 \u00e0 partir de mat\u00e9riaux de r\u00e9emploi et dont le dessin permettait de se passer de chauffage ou de climatisation. Plus [&hellip;]\" \/>\n<meta property=\"og:url\" content=\"https:\/\/fr.twiza.org\/portail\/la-geonef-ou-earthship\/\" \/>\n<meta property=\"og:site_name\" content=\"R\u00e9seau Twiza\" \/>\n<meta property=\"article:publisher\" content=\"https:\/\/fr-fr.facebook.com\/Twiza.fr\/\" \/>\n<meta property=\"article:modified_time\" content=\"2023-06-09T14:03:32+00:00\" \/>\n<meta name=\"twitter:card\" content=\"summary_large_image\" \/>\n<script type=\"application\/ld+json\" class=\"yoast-schema-graph\">{\"@context\":\"https:\\\/\\\/schema.org\",\"@graph\":[{\"@type\":\"WebPage\",\"@id\":\"https:\\\/\\\/fr.twiza.org\\\/portail\\\/la-geonef-ou-earthship\\\/\",\"url\":\"https:\\\/\\\/fr.twiza.org\\\/portail\\\/la-geonef-ou-earthship\\\/\",\"name\":\"La G\u00e9onef (ou Earthship)\",\"isPartOf\":{\"@id\":\"https:\\\/\\\/fr.twiza.org\\\/portail\\\/#website\"},\"datePublished\":\"2021-06-22T11:09:23+00:00\",\"dateModified\":\"2023-06-09T14:03:32+00:00\",\"breadcrumb\":{\"@id\":\"https:\\\/\\\/fr.twiza.org\\\/portail\\\/la-geonef-ou-earthship\\\/#breadcrumb\"},\"inLanguage\":\"fr-FR\",\"potentialAction\":[{\"@type\":\"ReadAction\",\"target\":[\"https:\\\/\\\/fr.twiza.org\\\/portail\\\/la-geonef-ou-earthship\\\/\"]}]},{\"@type\":\"BreadcrumbList\",\"@id\":\"https:\\\/\\\/fr.twiza.org\\\/portail\\\/la-geonef-ou-earthship\\\/#breadcrumb\",\"itemListElement\":[{\"@type\":\"ListItem\",\"position\":1,\"name\":\"Accueil\",\"item\":\"https:\\\/\\\/fr.twiza.org\\\/portail\\\/\"},{\"@type\":\"ListItem\",\"position\":2,\"name\":\"La G\u00e9onef (ou Earthship)\"}]},{\"@type\":\"WebSite\",\"@id\":\"https:\\\/\\\/fr.twiza.org\\\/portail\\\/#website\",\"url\":\"https:\\\/\\\/fr.twiza.org\\\/portail\\\/\",\"name\":\"R\u00e9seau Twiza\",\"description\":\"Entraide pour un habitat \u00e9cologique, convivial et r\u00e9silient\",\"publisher\":{\"@id\":\"https:\\\/\\\/fr.twiza.org\\\/portail\\\/#organization\"},\"potentialAction\":[{\"@type\":\"SearchAction\",\"target\":{\"@type\":\"EntryPoint\",\"urlTemplate\":\"https:\\\/\\\/fr.twiza.org\\\/portail\\\/?s={search_term_string}\"},\"query-input\":{\"@type\":\"PropertyValueSpecification\",\"valueRequired\":true,\"valueName\":\"search_term_string\"}}],\"inLanguage\":\"fr-FR\"},{\"@type\":\"Organization\",\"@id\":\"https:\\\/\\\/fr.twiza.org\\\/portail\\\/#organization\",\"name\":\"R\u00e9seau Twiza\",\"url\":\"https:\\\/\\\/fr.twiza.org\\\/portail\\\/\",\"logo\":{\"@type\":\"ImageObject\",\"inLanguage\":\"fr-FR\",\"@id\":\"https:\\\/\\\/fr.twiza.org\\\/portail\\\/#\\\/schema\\\/logo\\\/image\\\/\",\"url\":\"https:\\\/\\\/fr.twiza.org\\\/portail\\\/wp-content\\\/uploads\\\/2021\\\/05\\\/cropped-logo-reseau-twiza.jpg\",\"contentUrl\":\"https:\\\/\\\/fr.twiza.org\\\/portail\\\/wp-content\\\/uploads\\\/2021\\\/05\\\/cropped-logo-reseau-twiza.jpg\",\"width\":400,\"height\":102,\"caption\":\"R\u00e9seau Twiza\"},\"image\":{\"@id\":\"https:\\\/\\\/fr.twiza.org\\\/portail\\\/#\\\/schema\\\/logo\\\/image\\\/\"},\"sameAs\":[\"https:\\\/\\\/fr-fr.facebook.com\\\/Twiza.fr\\\/\",\"https:\\\/\\\/www.instagram.com\\\/twiza_fr\\\/\",\"https:\\\/\\\/www.linkedin.com\\\/company\\\/reseautwiza\\\/\"]}]}<\/script>\n<!-- \/ Yoast SEO Premium plugin. -->","yoast_head_json":{"title":"La G\u00e9onef (ou Earthship)","robots":{"index":"index","follow":"follow","max-snippet":"max-snippet:-1","max-image-preview":"max-image-preview:large","max-video-preview":"max-video-preview:-1"},"canonical":"https:\/\/fr.twiza.org\/portail\/la-geonef-ou-earthship\/","og_locale":"fr_FR","og_type":"article","og_title":"La G\u00e9onef (ou Earthship)","og_description":"Histoire C\u2019est aux Etats-Unis en 1972 que l\u2019architecte Mickael Reynolds construit son premier Earthship dont le G\u00e9onef est tr\u00e8s largement inspir\u00e9. A l\u2019origine l\u2019id\u00e9e est de concevoir un b\u00e2timent fabriqu\u00e9 \u00e0 partir de mat\u00e9riaux de r\u00e9emploi et dont le dessin permettait de se passer de chauffage ou de climatisation. Plus [&hellip;]","og_url":"https:\/\/fr.twiza.org\/portail\/la-geonef-ou-earthship\/","og_site_name":"R\u00e9seau Twiza","article_publisher":"https:\/\/fr-fr.facebook.com\/Twiza.fr\/","article_modified_time":"2023-06-09T14:03:32+00:00","twitter_card":"summary_large_image","schema":{"@context":"https:\/\/schema.org","@graph":[{"@type":"WebPage","@id":"https:\/\/fr.twiza.org\/portail\/la-geonef-ou-earthship\/","url":"https:\/\/fr.twiza.org\/portail\/la-geonef-ou-earthship\/","name":"La G\u00e9onef (ou Earthship)","isPartOf":{"@id":"https:\/\/fr.twiza.org\/portail\/#website"},"datePublished":"2021-06-22T11:09:23+00:00","dateModified":"2023-06-09T14:03:32+00:00","breadcrumb":{"@id":"https:\/\/fr.twiza.org\/portail\/la-geonef-ou-earthship\/#breadcrumb"},"inLanguage":"fr-FR","potentialAction":[{"@type":"ReadAction","target":["https:\/\/fr.twiza.org\/portail\/la-geonef-ou-earthship\/"]}]},{"@type":"BreadcrumbList","@id":"https:\/\/fr.twiza.org\/portail\/la-geonef-ou-earthship\/#breadcrumb","itemListElement":[{"@type":"ListItem","position":1,"name":"Accueil","item":"https:\/\/fr.twiza.org\/portail\/"},{"@type":"ListItem","position":2,"name":"La G\u00e9onef (ou Earthship)"}]},{"@type":"WebSite","@id":"https:\/\/fr.twiza.org\/portail\/#website","url":"https:\/\/fr.twiza.org\/portail\/","name":"R\u00e9seau Twiza","description":"Entraide pour un habitat \u00e9cologique, convivial et r\u00e9silient","publisher":{"@id":"https:\/\/fr.twiza.org\/portail\/#organization"},"potentialAction":[{"@type":"SearchAction","target":{"@type":"EntryPoint","urlTemplate":"https:\/\/fr.twiza.org\/portail\/?s={search_term_string}"},"query-input":{"@type":"PropertyValueSpecification","valueRequired":true,"valueName":"search_term_string"}}],"inLanguage":"fr-FR"},{"@type":"Organization","@id":"https:\/\/fr.twiza.org\/portail\/#organization","name":"R\u00e9seau Twiza","url":"https:\/\/fr.twiza.org\/portail\/","logo":{"@type":"ImageObject","inLanguage":"fr-FR","@id":"https:\/\/fr.twiza.org\/portail\/#\/schema\/logo\/image\/","url":"https:\/\/fr.twiza.org\/portail\/wp-content\/uploads\/2021\/05\/cropped-logo-reseau-twiza.jpg","contentUrl":"https:\/\/fr.twiza.org\/portail\/wp-content\/uploads\/2021\/05\/cropped-logo-reseau-twiza.jpg","width":400,"height":102,"caption":"R\u00e9seau Twiza"},"image":{"@id":"https:\/\/fr.twiza.org\/portail\/#\/schema\/logo\/image\/"},"sameAs":["https:\/\/fr-fr.facebook.com\/Twiza.fr\/","https:\/\/www.instagram.com\/twiza_fr\/","https:\/\/www.linkedin.com\/company\/reseautwiza\/"]}]}},"jetpack_sharing_enabled":true,"_links":{"self":[{"href":"https:\/\/fr.twiza.org\/portail\/wp-json\/wp\/v2\/pages\/1613","targetHints":{"allow":["GET"]}}],"collection":[{"href":"https:\/\/fr.twiza.org\/portail\/wp-json\/wp\/v2\/pages"}],"about":[{"href":"https:\/\/fr.twiza.org\/portail\/wp-json\/wp\/v2\/types\/page"}],"author":[{"embeddable":true,"href":"https:\/\/fr.twiza.org\/portail\/wp-json\/wp\/v2\/users\/3"}],"replies":[{"embeddable":true,"href":"https:\/\/fr.twiza.org\/portail\/wp-json\/wp\/v2\/comments?post=1613"}],"version-history":[{"count":11,"href":"https:\/\/fr.twiza.org\/portail\/wp-json\/wp\/v2\/pages\/1613\/revisions"}],"predecessor-version":[{"id":8930,"href":"https:\/\/fr.twiza.org\/portail\/wp-json\/wp\/v2\/pages\/1613\/revisions\/8930"}],"wp:attachment":[{"href":"https:\/\/fr.twiza.org\/portail\/wp-json\/wp\/v2\/media?parent=1613"}],"curies":[{"name":"wp","href":"https:\/\/api.w.org\/{rel}","templated":true}]}}