{"id":1659,"date":"2021-06-17T17:16:44","date_gmt":"2021-06-17T15:16:44","guid":{"rendered":"https:\/\/fr.twiza.org\/portail\/?page_id=1659"},"modified":"2021-10-29T20:50:03","modified_gmt":"2021-10-29T18:50:03","slug":"la-yourte-rt2012","status":"publish","type":"page","link":"https:\/\/fr.twiza.org\/portail\/la-yourte-rt2012\/","title":{"rendered":"La Yourte RT2012"},"content":{"rendered":"\n<figure class=\"wp-block-image size-large\"><img fetchpriority=\"high\" decoding=\"async\" width=\"1024\" height=\"532\" src=\"https:\/\/fr.twiza.org\/portail\/wp-content\/uploads\/2021\/04\/Photo-Yourte-RT2012-O-comp1200px-1024x532.jpeg\" alt=\"\" class=\"wp-image-1660\" srcset=\"https:\/\/fr.twiza.org\/portail\/wp-content\/uploads\/2021\/04\/Photo-Yourte-RT2012-O-comp1200px-1024x532.jpeg 1024w, https:\/\/fr.twiza.org\/portail\/wp-content\/uploads\/2021\/04\/Photo-Yourte-RT2012-O-comp1200px-600x312.jpeg 600w, https:\/\/fr.twiza.org\/portail\/wp-content\/uploads\/2021\/04\/Photo-Yourte-RT2012-O-comp1200px-300x156.jpeg 300w, https:\/\/fr.twiza.org\/portail\/wp-content\/uploads\/2021\/04\/Photo-Yourte-RT2012-O-comp1200px-768x399.jpeg 768w, https:\/\/fr.twiza.org\/portail\/wp-content\/uploads\/2021\/04\/Photo-Yourte-RT2012-O-comp1200px.jpeg 1200w\" sizes=\"(max-width: 1024px) 100vw, 1024px\" \/><\/figure>\n\n\n\n<h2 class=\"has-text-align-center wp-block-heading\">Histoire<\/h2>\n\n\n\n<p>La yourte est un type d\u2019habitat montable d\u00e9montable utilis\u00e9 depuis des milliers d\u2019ann\u00e9es par les mongoles mais aussi les kazaks.<\/p>\n\n\n\n<p>Depuis plusieurs d\u00e9cennies la yourte fait son apparition en France.<\/p>\n\n\n\n<h2 class=\"has-text-align-center wp-block-heading\">Proc\u00e9d\u00e9 technique<\/h2>\n\n\n\n<p>Une grande pi\u00e8ce avec cuisine ouverte sur salle \u00e0 manger ouverte sur salon.<\/p>\n\n\n\n<p>Des pi\u00e8ces cloisonn\u00e9es au rez-de-chauss\u00e9e, une chambre, une salle de bain, toilettes, chambres d&rsquo;enfants, puit de lumi\u00e8re naturelle au centre, po\u00eale de masse en terre apportant de l&rsquo;inertie, <strong>baie vitr\u00e9e<\/strong> plein sud.<\/p>\n\n\n\n<p>Laine de mouton du massif central, bois de la for\u00eat de France, acacia pour <strong>fondations<\/strong>, toile acrylique.<\/p>\n\n\n\n<p>Pr\u00e9-fabrication en atelier puis mis en \u0153uvre chantier durant une dizaine de jours.<\/p>\n\n\n\n<h2 class=\"has-text-align-center wp-block-heading\">Le Projet<\/h2>\n\n\n\n<h3 class=\"wp-block-heading\">Vue d&rsquo;ensemble<\/h3>\n\n\n\n<ul class=\"wp-block-list\"><li><strong>Mat\u00e9riaux<\/strong> :&nbsp;Laine de mouton, bois, toile acrylique.<\/li><li><strong>Technique<\/strong> :&nbsp;Pr\u00e9-fabrication en atelier.<\/li><li><strong>Livraison<\/strong> : 2018<\/li><li><strong>Dur\u00e9e chantier<\/strong> :&nbsp;Montage&nbsp;7 jours avec 10 personnes<\/li><li><strong>Surface habitable<\/strong> : 80 m2<\/li><li><strong>Co\u00fbt travaux<\/strong> : 60 000 euros<\/li><li><strong>Durabilit\u00e9<\/strong> : 40 ans (toile 12 ans)<\/li><\/ul>\n\n\n\n<figure class=\"wp-block-image size-large\"><img decoding=\"async\" width=\"1200\" height=\"750\" src=\"https:\/\/fr.twiza.org\/portail\/wp-content\/uploads\/2021\/04\/Yourte-RT2012-ada-projet-1-O-comp1200px-edited.jpeg\" alt=\"Vue d'ensemble du projet de yourte\" class=\"wp-image-1662\" srcset=\"https:\/\/fr.twiza.org\/portail\/wp-content\/uploads\/2021\/04\/Yourte-RT2012-ada-projet-1-O-comp1200px-edited.jpeg 1200w, https:\/\/fr.twiza.org\/portail\/wp-content\/uploads\/2021\/04\/Yourte-RT2012-ada-projet-1-O-comp1200px-edited-600x375.jpeg 600w, https:\/\/fr.twiza.org\/portail\/wp-content\/uploads\/2021\/04\/Yourte-RT2012-ada-projet-1-O-comp1200px-edited-300x188.jpeg 300w, https:\/\/fr.twiza.org\/portail\/wp-content\/uploads\/2021\/04\/Yourte-RT2012-ada-projet-1-O-comp1200px-edited-1024x640.jpeg 1024w, https:\/\/fr.twiza.org\/portail\/wp-content\/uploads\/2021\/04\/Yourte-RT2012-ada-projet-1-O-comp1200px-edited-768x480.jpeg 768w\" sizes=\"(max-width: 1200px) 100vw, 1200px\" \/><\/figure>\n\n\n\n<div style=\"height:10px\" aria-hidden=\"true\" class=\"wp-block-spacer\"><\/div>\n\n\n\n<h3 class=\"wp-block-heading\">Caract\u00e9ristiques<\/h3>\n\n\n\n<figure class=\"wp-block-image size-large\"><img decoding=\"async\" width=\"1200\" height=\"750\" src=\"https:\/\/fr.twiza.org\/portail\/wp-content\/uploads\/2021\/04\/Yourte-RT2012-ada-projet-2-O-comp1200px-edited.jpeg\" alt=\"Dessin des caract\u00e9ristiques de construction du projet Yourte\" class=\"wp-image-1664\" srcset=\"https:\/\/fr.twiza.org\/portail\/wp-content\/uploads\/2021\/04\/Yourte-RT2012-ada-projet-2-O-comp1200px-edited.jpeg 1200w, https:\/\/fr.twiza.org\/portail\/wp-content\/uploads\/2021\/04\/Yourte-RT2012-ada-projet-2-O-comp1200px-edited-600x375.jpeg 600w, https:\/\/fr.twiza.org\/portail\/wp-content\/uploads\/2021\/04\/Yourte-RT2012-ada-projet-2-O-comp1200px-edited-300x188.jpeg 300w, https:\/\/fr.twiza.org\/portail\/wp-content\/uploads\/2021\/04\/Yourte-RT2012-ada-projet-2-O-comp1200px-edited-1024x640.jpeg 1024w, https:\/\/fr.twiza.org\/portail\/wp-content\/uploads\/2021\/04\/Yourte-RT2012-ada-projet-2-O-comp1200px-edited-768x480.jpeg 768w\" sizes=\"(max-width: 1200px) 100vw, 1200px\" \/><\/figure>\n\n\n\n<div style=\"height:10px\" aria-hidden=\"true\" class=\"wp-block-spacer\"><\/div>\n\n\n\n<h3 class=\"wp-block-heading\">Coupe transversale<\/h3>\n\n\n\n<figure class=\"wp-block-image size-large\"><img loading=\"lazy\" decoding=\"async\" width=\"1200\" height=\"676\" src=\"https:\/\/fr.twiza.org\/portail\/wp-content\/uploads\/2021\/04\/Yourte-RT2012-ada-projet-3-O-comp1200px-edited.jpeg\" alt=\"Dessin en coupe transversale du projet de Yourte\" class=\"wp-image-1666\" srcset=\"https:\/\/fr.twiza.org\/portail\/wp-content\/uploads\/2021\/04\/Yourte-RT2012-ada-projet-3-O-comp1200px-edited.jpeg 1200w, https:\/\/fr.twiza.org\/portail\/wp-content\/uploads\/2021\/04\/Yourte-RT2012-ada-projet-3-O-comp1200px-edited-600x338.jpeg 600w, https:\/\/fr.twiza.org\/portail\/wp-content\/uploads\/2021\/04\/Yourte-RT2012-ada-projet-3-O-comp1200px-edited-300x169.jpeg 300w, https:\/\/fr.twiza.org\/portail\/wp-content\/uploads\/2021\/04\/Yourte-RT2012-ada-projet-3-O-comp1200px-edited-1024x577.jpeg 1024w, https:\/\/fr.twiza.org\/portail\/wp-content\/uploads\/2021\/04\/Yourte-RT2012-ada-projet-3-O-comp1200px-edited-768x433.jpeg 768w\" sizes=\"(max-width: 1200px) 100vw, 1200px\" \/><\/figure>\n\n\n\n<div style=\"height:10px\" aria-hidden=\"true\" class=\"wp-block-spacer\"><\/div>\n\n\n\n<h2 class=\"has-text-align-center wp-block-heading\">Le Chantier<\/h2>\n\n\n\n<p><strong>1.Fondations en Acacia &#8211; 31 pieux<\/strong><\/p>\n\n\n\n<p>Construction sur pilotis en zone inondable avec des pieux en Acacia, bois de classe 4, origine France et imputrescible.<\/p>\n\n\n\n<figure class=\"wp-block-image size-large\"><img loading=\"lazy\" decoding=\"async\" width=\"1200\" height=\"674\" src=\"https:\/\/fr.twiza.org\/portail\/wp-content\/uploads\/2021\/04\/Yourte-RT2012-ada-chantier-1-O-comp1200px-edited.jpeg\" alt=\"Photo des pieux en Acacia, construction de la yourte sur pilotis\" class=\"wp-image-1668\" srcset=\"https:\/\/fr.twiza.org\/portail\/wp-content\/uploads\/2021\/04\/Yourte-RT2012-ada-chantier-1-O-comp1200px-edited.jpeg 1200w, https:\/\/fr.twiza.org\/portail\/wp-content\/uploads\/2021\/04\/Yourte-RT2012-ada-chantier-1-O-comp1200px-edited-600x337.jpeg 600w, https:\/\/fr.twiza.org\/portail\/wp-content\/uploads\/2021\/04\/Yourte-RT2012-ada-chantier-1-O-comp1200px-edited-300x169.jpeg 300w, https:\/\/fr.twiza.org\/portail\/wp-content\/uploads\/2021\/04\/Yourte-RT2012-ada-chantier-1-O-comp1200px-edited-1024x575.jpeg 1024w, https:\/\/fr.twiza.org\/portail\/wp-content\/uploads\/2021\/04\/Yourte-RT2012-ada-chantier-1-O-comp1200px-edited-768x431.jpeg 768w\" sizes=\"(max-width: 1200px) 100vw, 1200px\" \/><\/figure>\n\n\n\n<div style=\"height:10px\" aria-hidden=\"true\" class=\"wp-block-spacer\"><\/div>\n\n\n\n<p><strong>2.Pose du plancher<\/strong><\/p>\n\n\n\n<p>5 mois en atelier sont n\u00e9cessaires en amont du chantier pour pr\u00e9-fabriquer la yourte. Seulement quelques jours suffisent ensuite pour monter cette habitation l\u00e9g\u00e8re.<\/p>\n\n\n\n<figure class=\"wp-block-image size-large\"><img loading=\"lazy\" decoding=\"async\" width=\"1200\" height=\"674\" src=\"https:\/\/fr.twiza.org\/portail\/wp-content\/uploads\/2021\/04\/Yourte-RT2012-ada-chantier-2-O-comp1200px-edited.jpeg\" alt=\"Photo de la pose du plancher de la yourte\" class=\"wp-image-1670\" srcset=\"https:\/\/fr.twiza.org\/portail\/wp-content\/uploads\/2021\/04\/Yourte-RT2012-ada-chantier-2-O-comp1200px-edited.jpeg 1200w, https:\/\/fr.twiza.org\/portail\/wp-content\/uploads\/2021\/04\/Yourte-RT2012-ada-chantier-2-O-comp1200px-edited-600x337.jpeg 600w, https:\/\/fr.twiza.org\/portail\/wp-content\/uploads\/2021\/04\/Yourte-RT2012-ada-chantier-2-O-comp1200px-edited-300x169.jpeg 300w, https:\/\/fr.twiza.org\/portail\/wp-content\/uploads\/2021\/04\/Yourte-RT2012-ada-chantier-2-O-comp1200px-edited-1024x575.jpeg 1024w, https:\/\/fr.twiza.org\/portail\/wp-content\/uploads\/2021\/04\/Yourte-RT2012-ada-chantier-2-O-comp1200px-edited-768x431.jpeg 768w\" sizes=\"(max-width: 1200px) 100vw, 1200px\" \/><\/figure>\n\n\n\n<div style=\"height:10px\" aria-hidden=\"true\" class=\"wp-block-spacer\"><\/div>\n\n\n\n<p><strong>3.Pose du treillis<\/strong><\/p>\n\n\n\n<p>Pr\u00e9fabriqu\u00e9e en atelier, la structure tr\u00e8s l\u00e9g\u00e8re maintiendra les chevrons du chapiteau. Le chantier a l\u2019avantage d\u2019\u00eatre silencieux, propre et rapide.<\/p>\n\n\n\n<figure class=\"wp-block-image size-large\"><img loading=\"lazy\" decoding=\"async\" width=\"1200\" height=\"749\" src=\"https:\/\/fr.twiza.org\/portail\/wp-content\/uploads\/2021\/04\/Yourte-RT2012-ada-chantier-3-O-comp1200px-edited.jpeg\" alt=\"Pose du treillis de la yourte\" class=\"wp-image-1672\" srcset=\"https:\/\/fr.twiza.org\/portail\/wp-content\/uploads\/2021\/04\/Yourte-RT2012-ada-chantier-3-O-comp1200px-edited.jpeg 1200w, https:\/\/fr.twiza.org\/portail\/wp-content\/uploads\/2021\/04\/Yourte-RT2012-ada-chantier-3-O-comp1200px-edited-600x375.jpeg 600w, https:\/\/fr.twiza.org\/portail\/wp-content\/uploads\/2021\/04\/Yourte-RT2012-ada-chantier-3-O-comp1200px-edited-300x187.jpeg 300w, https:\/\/fr.twiza.org\/portail\/wp-content\/uploads\/2021\/04\/Yourte-RT2012-ada-chantier-3-O-comp1200px-edited-1024x639.jpeg 1024w, https:\/\/fr.twiza.org\/portail\/wp-content\/uploads\/2021\/04\/Yourte-RT2012-ada-chantier-3-O-comp1200px-edited-768x479.jpeg 768w\" sizes=\"(max-width: 1200px) 100vw, 1200px\" \/><\/figure>\n\n\n\n<div style=\"height:10px\" aria-hidden=\"true\" class=\"wp-block-spacer\"><\/div>\n\n\n\n<p><strong>4.Montage de la charpente<\/strong><\/p>\n\n\n\n<p>La structure sera retenue par des c\u00e2bles qui entourent la yourte pour contraindre la force qui pousse vers l\u2019ext\u00e9rieur.<\/p>\n\n\n\n<figure class=\"wp-block-image size-large\"><img loading=\"lazy\" decoding=\"async\" width=\"798\" height=\"1064\" src=\"https:\/\/fr.twiza.org\/portail\/wp-content\/uploads\/2021\/04\/Yourte-RT2012-ada-chantier-4-O-comp1200px-edited.jpeg\" alt=\"Montage de la charpente de la yourte\" class=\"wp-image-1674\" srcset=\"https:\/\/fr.twiza.org\/portail\/wp-content\/uploads\/2021\/04\/Yourte-RT2012-ada-chantier-4-O-comp1200px-edited.jpeg 798w, https:\/\/fr.twiza.org\/portail\/wp-content\/uploads\/2021\/04\/Yourte-RT2012-ada-chantier-4-O-comp1200px-edited-600x800.jpeg 600w, https:\/\/fr.twiza.org\/portail\/wp-content\/uploads\/2021\/04\/Yourte-RT2012-ada-chantier-4-O-comp1200px-edited-225x300.jpeg 225w, https:\/\/fr.twiza.org\/portail\/wp-content\/uploads\/2021\/04\/Yourte-RT2012-ada-chantier-4-O-comp1200px-edited-768x1024.jpeg 768w\" sizes=\"(max-width: 798px) 100vw, 798px\" \/><\/figure>\n\n\n\n<div style=\"height:10px\" aria-hidden=\"true\" class=\"wp-block-spacer\"><\/div>\n\n\n\n<p><strong>5.Les chevrons qui relient le toono au treillis restent apparents<\/strong><\/p>\n\n\n\n<p>L&rsquo;espace int\u00e9rieur est tr\u00e8s original, agr\u00e9able et baign\u00e9 de lumi\u00e8re gr\u00e2ce au skydome pos\u00e9 sur le <strong>toono<\/strong>.<\/p>\n\n\n\n<figure class=\"wp-block-image size-large\"><img loading=\"lazy\" decoding=\"async\" width=\"1024\" height=\"768\" src=\"https:\/\/fr.twiza.org\/portail\/wp-content\/uploads\/2021\/04\/Yourte-RT2012-ada-chantier-5-O-comp1200px-1024x768.jpeg\" alt=\"Les chevrons apparents de la yourte qui relient le toono au treillis et le skydome pos\u00e9 sur le toono\" class=\"wp-image-1675\" srcset=\"https:\/\/fr.twiza.org\/portail\/wp-content\/uploads\/2021\/04\/Yourte-RT2012-ada-chantier-5-O-comp1200px-1024x768.jpeg 1024w, https:\/\/fr.twiza.org\/portail\/wp-content\/uploads\/2021\/04\/Yourte-RT2012-ada-chantier-5-O-comp1200px-600x450.jpeg 600w, https:\/\/fr.twiza.org\/portail\/wp-content\/uploads\/2021\/04\/Yourte-RT2012-ada-chantier-5-O-comp1200px-300x225.jpeg 300w, https:\/\/fr.twiza.org\/portail\/wp-content\/uploads\/2021\/04\/Yourte-RT2012-ada-chantier-5-O-comp1200px-768x576.jpeg 768w, https:\/\/fr.twiza.org\/portail\/wp-content\/uploads\/2021\/04\/Yourte-RT2012-ada-chantier-5-O-comp1200px.jpeg 1200w\" sizes=\"(max-width: 1024px) 100vw, 1024px\" \/><\/figure>\n\n\n\n<div style=\"height:10px\" aria-hidden=\"true\" class=\"wp-block-spacer\"><\/div>\n\n\n\n<p><strong>6.La toile<\/strong><\/p>\n\n\n\n<ol class=\"wp-block-list\"><li>Pr\u00e9fabrication en atelier de la structure bois et de la toile en acrylique.<\/li><li>Pose de la premi\u00e8re toile sur la structure l\u00e9g\u00e8re.<\/li><li><strong>Isolation<\/strong> avec de la laine de mouton du Massif Central.<\/li><li>Yourte passant le test d\u2019\u00e9tanch\u00e9it\u00e9 \u00e0 l\u2019air<\/li><\/ol>\n\n\n\n<figure class=\"wp-block-image size-large\"><img loading=\"lazy\" decoding=\"async\" width=\"1024\" height=\"773\" src=\"https:\/\/fr.twiza.org\/portail\/wp-content\/uploads\/2021\/04\/Yourte-RT2012-ada-chantier-6-O-comp1200px-1024x773.jpeg\" alt=\"Pr\u00e9fabrication et pose de la toile - Isolation avec de la laine de mouton du Massif central - Test d'\u00e9tanch\u00e9it\u00e9 \u00e0 l'air de la yourte\" class=\"wp-image-1677\" srcset=\"https:\/\/fr.twiza.org\/portail\/wp-content\/uploads\/2021\/04\/Yourte-RT2012-ada-chantier-6-O-comp1200px-1024x773.jpeg 1024w, https:\/\/fr.twiza.org\/portail\/wp-content\/uploads\/2021\/04\/Yourte-RT2012-ada-chantier-6-O-comp1200px-600x453.jpeg 600w, https:\/\/fr.twiza.org\/portail\/wp-content\/uploads\/2021\/04\/Yourte-RT2012-ada-chantier-6-O-comp1200px-300x227.jpeg 300w, https:\/\/fr.twiza.org\/portail\/wp-content\/uploads\/2021\/04\/Yourte-RT2012-ada-chantier-6-O-comp1200px-768x580.jpeg 768w, https:\/\/fr.twiza.org\/portail\/wp-content\/uploads\/2021\/04\/Yourte-RT2012-ada-chantier-6-O-comp1200px.jpeg 1200w\" sizes=\"(max-width: 1024px) 100vw, 1024px\" \/><\/figure>\n\n\n\n<div style=\"height:10px\" aria-hidden=\"true\" class=\"wp-block-spacer\"><\/div>\n\n\n\n<h2 class=\"has-text-align-center wp-block-heading\">Impact \u00e9cologique<\/h2>\n\n\n\n<p>Cette yourte respecte la norme RT2012.<\/p>\n\n\n\n<h2 class=\"has-text-align-center wp-block-heading\">Commentaires<\/h2>\n\n\n\n<p>Avantages : <\/p>\n\n\n\n<ul class=\"wp-block-list\"><li><strong>Extr\u00eame rapidit\u00e9<\/strong> de mise en oeuvre <\/li><li><strong>Chantier propre, facile et silencieux <\/strong><\/li><li><strong>Possibilit\u00e9 de cloison int\u00e9rieure<\/strong> pour s\u00e9parer des pi\u00e8ces <\/li><li><strong>Isol\u00e9 avec des mat\u00e9riaux fran\u00e7ais et naturels<\/strong> (laine de mouton) Structure l\u00e9g\u00e8re mais r\u00e9sistante<\/li><li><strong>Co\u00fbt bas<\/strong> pour du cl\u00e9s en main<\/li><\/ul>\n\n\n\n<div style=\"height:30px\" aria-hidden=\"true\" class=\"wp-block-spacer\"><\/div>\n\n\n\n<p><em>Cette \u00e9tude a \u00e9t\u00e9 r\u00e9alis\u00e9e par Mathis Rager, Emmanuel Stern et Rapha\u00ebl Walter du collectif&nbsp;<a href=\"https:\/\/www.anatomiesdarchitecture.com\/\">Anatomie d&rsquo;architecture<\/a>&nbsp;dans le cadre du projet du Tour de France des maisons \u00e9cologiques.<\/em><\/p>\n","protected":false},"excerpt":{"rendered":"<p>Histoire La yourte est un type d\u2019habitat montable d\u00e9montable utilis\u00e9 depuis des milliers d\u2019ann\u00e9es par les mongoles mais aussi les kazaks. Depuis plusieurs d\u00e9cennies la yourte fait son apparition en France. Proc\u00e9d\u00e9 technique Une grande pi\u00e8ce avec cuisine ouverte sur salle \u00e0 manger ouverte sur salon. Des pi\u00e8ces cloisonn\u00e9es au [&hellip;]<\/p>\n","protected":false},"author":3,"featured_media":0,"parent":0,"menu_order":0,"comment_status":"closed","ping_status":"closed","template":"","meta":{"_eb_attr":"","_themeisle_gutenberg_block_has_review":false,"footnotes":""},"class_list":["post-1659","page","type-page","status-publish","hentry"],"yoast_head":"<!-- This site is optimized with the Yoast SEO Premium plugin v27.2 (Yoast SEO v27.3) - https:\/\/yoast.com\/product\/yoast-seo-premium-wordpress\/ -->\n<title>La Yourte RT2012<\/title>\n<meta name=\"robots\" content=\"index, follow, max-snippet:-1, max-image-preview:large, max-video-preview:-1\" \/>\n<link rel=\"canonical\" href=\"https:\/\/fr.twiza.org\/portail\/la-yourte-rt2012\/\" \/>\n<meta property=\"og:locale\" content=\"fr_FR\" \/>\n<meta property=\"og:type\" content=\"article\" \/>\n<meta property=\"og:title\" content=\"La Yourte RT2012\" \/>\n<meta property=\"og:description\" content=\"Histoire La yourte est un type d\u2019habitat montable d\u00e9montable utilis\u00e9 depuis des milliers d\u2019ann\u00e9es par les mongoles mais aussi les kazaks. Depuis plusieurs d\u00e9cennies la yourte fait son apparition en France. Proc\u00e9d\u00e9 technique Une grande pi\u00e8ce avec cuisine ouverte sur salle \u00e0 manger ouverte sur salon. Des pi\u00e8ces cloisonn\u00e9es au [&hellip;]\" \/>\n<meta property=\"og:url\" content=\"https:\/\/fr.twiza.org\/portail\/la-yourte-rt2012\/\" \/>\n<meta property=\"og:site_name\" content=\"R\u00e9seau Twiza\" \/>\n<meta property=\"article:publisher\" content=\"https:\/\/fr-fr.facebook.com\/Twiza.fr\/\" \/>\n<meta property=\"article:modified_time\" content=\"2021-10-29T18:50:03+00:00\" \/>\n<meta property=\"og:image\" content=\"https:\/\/fr.twiza.org\/portail\/wp-content\/uploads\/2021\/04\/Photo-Yourte-RT2012-O-comp1200px-1024x532.jpeg\" \/>\n<meta name=\"twitter:card\" content=\"summary_large_image\" \/>\n<script type=\"application\/ld+json\" class=\"yoast-schema-graph\">{\"@context\":\"https:\\\/\\\/schema.org\",\"@graph\":[{\"@type\":\"WebPage\",\"@id\":\"https:\\\/\\\/fr.twiza.org\\\/portail\\\/la-yourte-rt2012\\\/\",\"url\":\"https:\\\/\\\/fr.twiza.org\\\/portail\\\/la-yourte-rt2012\\\/\",\"name\":\"La Yourte RT2012\",\"isPartOf\":{\"@id\":\"https:\\\/\\\/fr.twiza.org\\\/portail\\\/#website\"},\"primaryImageOfPage\":{\"@id\":\"https:\\\/\\\/fr.twiza.org\\\/portail\\\/la-yourte-rt2012\\\/#primaryimage\"},\"image\":{\"@id\":\"https:\\\/\\\/fr.twiza.org\\\/portail\\\/la-yourte-rt2012\\\/#primaryimage\"},\"thumbnailUrl\":\"https:\\\/\\\/fr.twiza.org\\\/portail\\\/wp-content\\\/uploads\\\/2021\\\/04\\\/Photo-Yourte-RT2012-O-comp1200px-1024x532.jpeg\",\"datePublished\":\"2021-06-17T15:16:44+00:00\",\"dateModified\":\"2021-10-29T18:50:03+00:00\",\"breadcrumb\":{\"@id\":\"https:\\\/\\\/fr.twiza.org\\\/portail\\\/la-yourte-rt2012\\\/#breadcrumb\"},\"inLanguage\":\"fr-FR\",\"potentialAction\":[{\"@type\":\"ReadAction\",\"target\":[\"https:\\\/\\\/fr.twiza.org\\\/portail\\\/la-yourte-rt2012\\\/\"]}]},{\"@type\":\"ImageObject\",\"inLanguage\":\"fr-FR\",\"@id\":\"https:\\\/\\\/fr.twiza.org\\\/portail\\\/la-yourte-rt2012\\\/#primaryimage\",\"url\":\"https:\\\/\\\/fr.twiza.org\\\/portail\\\/wp-content\\\/uploads\\\/2021\\\/04\\\/Photo-Yourte-RT2012-O-comp1200px.jpeg\",\"contentUrl\":\"https:\\\/\\\/fr.twiza.org\\\/portail\\\/wp-content\\\/uploads\\\/2021\\\/04\\\/Photo-Yourte-RT2012-O-comp1200px.jpeg\",\"width\":1200,\"height\":623},{\"@type\":\"BreadcrumbList\",\"@id\":\"https:\\\/\\\/fr.twiza.org\\\/portail\\\/la-yourte-rt2012\\\/#breadcrumb\",\"itemListElement\":[{\"@type\":\"ListItem\",\"position\":1,\"name\":\"Accueil\",\"item\":\"https:\\\/\\\/fr.twiza.org\\\/portail\\\/\"},{\"@type\":\"ListItem\",\"position\":2,\"name\":\"La Yourte RT2012\"}]},{\"@type\":\"WebSite\",\"@id\":\"https:\\\/\\\/fr.twiza.org\\\/portail\\\/#website\",\"url\":\"https:\\\/\\\/fr.twiza.org\\\/portail\\\/\",\"name\":\"R\u00e9seau Twiza\",\"description\":\"Entraide pour un habitat \u00e9cologique, convivial et r\u00e9silient\",\"publisher\":{\"@id\":\"https:\\\/\\\/fr.twiza.org\\\/portail\\\/#organization\"},\"potentialAction\":[{\"@type\":\"SearchAction\",\"target\":{\"@type\":\"EntryPoint\",\"urlTemplate\":\"https:\\\/\\\/fr.twiza.org\\\/portail\\\/?s={search_term_string}\"},\"query-input\":{\"@type\":\"PropertyValueSpecification\",\"valueRequired\":true,\"valueName\":\"search_term_string\"}}],\"inLanguage\":\"fr-FR\"},{\"@type\":\"Organization\",\"@id\":\"https:\\\/\\\/fr.twiza.org\\\/portail\\\/#organization\",\"name\":\"R\u00e9seau Twiza\",\"url\":\"https:\\\/\\\/fr.twiza.org\\\/portail\\\/\",\"logo\":{\"@type\":\"ImageObject\",\"inLanguage\":\"fr-FR\",\"@id\":\"https:\\\/\\\/fr.twiza.org\\\/portail\\\/#\\\/schema\\\/logo\\\/image\\\/\",\"url\":\"https:\\\/\\\/fr.twiza.org\\\/portail\\\/wp-content\\\/uploads\\\/2021\\\/05\\\/cropped-logo-reseau-twiza.jpg\",\"contentUrl\":\"https:\\\/\\\/fr.twiza.org\\\/portail\\\/wp-content\\\/uploads\\\/2021\\\/05\\\/cropped-logo-reseau-twiza.jpg\",\"width\":400,\"height\":102,\"caption\":\"R\u00e9seau Twiza\"},\"image\":{\"@id\":\"https:\\\/\\\/fr.twiza.org\\\/portail\\\/#\\\/schema\\\/logo\\\/image\\\/\"},\"sameAs\":[\"https:\\\/\\\/fr-fr.facebook.com\\\/Twiza.fr\\\/\",\"https:\\\/\\\/www.instagram.com\\\/twiza_fr\\\/\",\"https:\\\/\\\/www.linkedin.com\\\/company\\\/reseautwiza\\\/\"]}]}<\/script>\n<!-- \/ Yoast SEO Premium plugin. -->","yoast_head_json":{"title":"La Yourte RT2012","robots":{"index":"index","follow":"follow","max-snippet":"max-snippet:-1","max-image-preview":"max-image-preview:large","max-video-preview":"max-video-preview:-1"},"canonical":"https:\/\/fr.twiza.org\/portail\/la-yourte-rt2012\/","og_locale":"fr_FR","og_type":"article","og_title":"La Yourte RT2012","og_description":"Histoire La yourte est un type d\u2019habitat montable d\u00e9montable utilis\u00e9 depuis des milliers d\u2019ann\u00e9es par les mongoles mais aussi les kazaks. Depuis plusieurs d\u00e9cennies la yourte fait son apparition en France. Proc\u00e9d\u00e9 technique Une grande pi\u00e8ce avec cuisine ouverte sur salle \u00e0 manger ouverte sur salon. Des pi\u00e8ces cloisonn\u00e9es au [&hellip;]","og_url":"https:\/\/fr.twiza.org\/portail\/la-yourte-rt2012\/","og_site_name":"R\u00e9seau Twiza","article_publisher":"https:\/\/fr-fr.facebook.com\/Twiza.fr\/","article_modified_time":"2021-10-29T18:50:03+00:00","og_image":[{"url":"https:\/\/fr.twiza.org\/portail\/wp-content\/uploads\/2021\/04\/Photo-Yourte-RT2012-O-comp1200px-1024x532.jpeg","type":"","width":"","height":""}],"twitter_card":"summary_large_image","schema":{"@context":"https:\/\/schema.org","@graph":[{"@type":"WebPage","@id":"https:\/\/fr.twiza.org\/portail\/la-yourte-rt2012\/","url":"https:\/\/fr.twiza.org\/portail\/la-yourte-rt2012\/","name":"La Yourte RT2012","isPartOf":{"@id":"https:\/\/fr.twiza.org\/portail\/#website"},"primaryImageOfPage":{"@id":"https:\/\/fr.twiza.org\/portail\/la-yourte-rt2012\/#primaryimage"},"image":{"@id":"https:\/\/fr.twiza.org\/portail\/la-yourte-rt2012\/#primaryimage"},"thumbnailUrl":"https:\/\/fr.twiza.org\/portail\/wp-content\/uploads\/2021\/04\/Photo-Yourte-RT2012-O-comp1200px-1024x532.jpeg","datePublished":"2021-06-17T15:16:44+00:00","dateModified":"2021-10-29T18:50:03+00:00","breadcrumb":{"@id":"https:\/\/fr.twiza.org\/portail\/la-yourte-rt2012\/#breadcrumb"},"inLanguage":"fr-FR","potentialAction":[{"@type":"ReadAction","target":["https:\/\/fr.twiza.org\/portail\/la-yourte-rt2012\/"]}]},{"@type":"ImageObject","inLanguage":"fr-FR","@id":"https:\/\/fr.twiza.org\/portail\/la-yourte-rt2012\/#primaryimage","url":"https:\/\/fr.twiza.org\/portail\/wp-content\/uploads\/2021\/04\/Photo-Yourte-RT2012-O-comp1200px.jpeg","contentUrl":"https:\/\/fr.twiza.org\/portail\/wp-content\/uploads\/2021\/04\/Photo-Yourte-RT2012-O-comp1200px.jpeg","width":1200,"height":623},{"@type":"BreadcrumbList","@id":"https:\/\/fr.twiza.org\/portail\/la-yourte-rt2012\/#breadcrumb","itemListElement":[{"@type":"ListItem","position":1,"name":"Accueil","item":"https:\/\/fr.twiza.org\/portail\/"},{"@type":"ListItem","position":2,"name":"La Yourte RT2012"}]},{"@type":"WebSite","@id":"https:\/\/fr.twiza.org\/portail\/#website","url":"https:\/\/fr.twiza.org\/portail\/","name":"R\u00e9seau Twiza","description":"Entraide pour un habitat \u00e9cologique, convivial et r\u00e9silient","publisher":{"@id":"https:\/\/fr.twiza.org\/portail\/#organization"},"potentialAction":[{"@type":"SearchAction","target":{"@type":"EntryPoint","urlTemplate":"https:\/\/fr.twiza.org\/portail\/?s={search_term_string}"},"query-input":{"@type":"PropertyValueSpecification","valueRequired":true,"valueName":"search_term_string"}}],"inLanguage":"fr-FR"},{"@type":"Organization","@id":"https:\/\/fr.twiza.org\/portail\/#organization","name":"R\u00e9seau Twiza","url":"https:\/\/fr.twiza.org\/portail\/","logo":{"@type":"ImageObject","inLanguage":"fr-FR","@id":"https:\/\/fr.twiza.org\/portail\/#\/schema\/logo\/image\/","url":"https:\/\/fr.twiza.org\/portail\/wp-content\/uploads\/2021\/05\/cropped-logo-reseau-twiza.jpg","contentUrl":"https:\/\/fr.twiza.org\/portail\/wp-content\/uploads\/2021\/05\/cropped-logo-reseau-twiza.jpg","width":400,"height":102,"caption":"R\u00e9seau Twiza"},"image":{"@id":"https:\/\/fr.twiza.org\/portail\/#\/schema\/logo\/image\/"},"sameAs":["https:\/\/fr-fr.facebook.com\/Twiza.fr\/","https:\/\/www.instagram.com\/twiza_fr\/","https:\/\/www.linkedin.com\/company\/reseautwiza\/"]}]}},"jetpack_sharing_enabled":true,"_links":{"self":[{"href":"https:\/\/fr.twiza.org\/portail\/wp-json\/wp\/v2\/pages\/1659","targetHints":{"allow":["GET"]}}],"collection":[{"href":"https:\/\/fr.twiza.org\/portail\/wp-json\/wp\/v2\/pages"}],"about":[{"href":"https:\/\/fr.twiza.org\/portail\/wp-json\/wp\/v2\/types\/page"}],"author":[{"embeddable":true,"href":"https:\/\/fr.twiza.org\/portail\/wp-json\/wp\/v2\/users\/3"}],"replies":[{"embeddable":true,"href":"https:\/\/fr.twiza.org\/portail\/wp-json\/wp\/v2\/comments?post=1659"}],"version-history":[{"count":6,"href":"https:\/\/fr.twiza.org\/portail\/wp-json\/wp\/v2\/pages\/1659\/revisions"}],"predecessor-version":[{"id":2499,"href":"https:\/\/fr.twiza.org\/portail\/wp-json\/wp\/v2\/pages\/1659\/revisions\/2499"}],"wp:attachment":[{"href":"https:\/\/fr.twiza.org\/portail\/wp-json\/wp\/v2\/media?parent=1659"}],"curies":[{"name":"wp","href":"https:\/\/api.w.org\/{rel}","templated":true}]}}