{"id":1738,"date":"2022-03-28T16:07:12","date_gmt":"2022-03-28T14:07:12","guid":{"rendered":"https:\/\/fr.twiza.org\/portail\/?page_id=1738"},"modified":"2022-08-16T17:47:37","modified_gmt":"2022-08-16T15:47:37","slug":"projet-habitat-definitions-techniques","status":"publish","type":"page","link":"https:\/\/fr.twiza.org\/portail\/projet-habitat-definitions-techniques\/","title":{"rendered":"Projet d&rsquo;habitat : d\u00e9finitions techniques"},"content":{"rendered":"\n<p>C&rsquo;est ton premier <strong>projet<\/strong> d&rsquo;<strong>habitat<\/strong>&#8230;?<\/p>\n\n\n\n<p>Et tu as l&rsquo;impression de te <strong>noyer<\/strong> dans une masse d&rsquo;informations collect\u00e9es : interd\u00e9pendance des diff\u00e9rentes \u00e9tapes de ton chantier, jargon technique, multiplication des solutions&#8230;\ud83d\ude2b<\/p>\n\n\n<div class=\"wp-block-image\">\n<figure class=\"aligncenter size-full\"><img fetchpriority=\"high\" decoding=\"async\" width=\"500\" height=\"208\" src=\"https:\/\/fr.twiza.org\/portail\/wp-content\/uploads\/2021\/10\/Gif-Perdu.gif\" alt=\"Projet d'habitat : par o\u00f9 commencer ?\" class=\"wp-image-3007\"\/><\/figure>\n<\/div>\n\n\n<p>Alors d\u00e9j\u00e0 respire un bon coup&#8230;\ud83d\ude00 ! Tout va bien se passer ! Et de notre c\u00f4t\u00e9 on va t&rsquo;aider \u00e0 mieux cerner les <strong>tenants<\/strong> et les <strong>aboutissants<\/strong> des diff\u00e9rentes \u00e9tapes de ton <strong>chantier<\/strong>.<\/p>\n\n\n\n<p>Notre objectif \u00e9tant que tu aies une vision d&rsquo;ensemble plus \u00ab\u00a0claire\u00a0\u00bb  de ton <strong>projet<\/strong>. Mais c&rsquo;est aussi que tu puisses parler le m\u00eame langage que les <strong>professionnels<\/strong> de la <strong>construction<\/strong>, et ainsi entamer un dialogue constructif avec eux.<\/p>\n\n\n\n<p>Pour ce faire, voici des <strong>d\u00e9finitions simples<\/strong> des principales composantes d&rsquo;un <strong>projet d&rsquo;habitat<\/strong> et des diff\u00e9rents <strong>lots techniques<\/strong> :<\/p>\n\n\n\n<h2 class=\"wp-block-heading\">La gestion de projet<\/h2>\n\n\n\n<div class=\"wp-block-media-text has-media-on-the-right is-stacked-on-mobile\"><figure class=\"wp-block-media-text__media\"><a href=\"https:\/\/fr.twiza.org\/portail\/gestion-projet-habitat-ecologique\/\" target=\"_blank\" rel=\"noopener\"><img decoding=\"async\" width=\"1024\" height=\"850\" src=\"https:\/\/fr.twiza.org\/portail\/wp-content\/uploads\/2022\/05\/De\u0301finitions-gestion-de-projet-1024x850px.jpeg\" alt=\"Gestion de projet d'habitat, photo de dessin technique\" class=\"wp-image-4871 size-full\" srcset=\"https:\/\/fr.twiza.org\/portail\/wp-content\/uploads\/2022\/05\/De\u0301finitions-gestion-de-projet-1024x850px.jpeg 1024w, https:\/\/fr.twiza.org\/portail\/wp-content\/uploads\/2022\/05\/De\u0301finitions-gestion-de-projet-1024x850px-600x498.jpeg 600w, https:\/\/fr.twiza.org\/portail\/wp-content\/uploads\/2022\/05\/De\u0301finitions-gestion-de-projet-1024x850px-300x249.jpeg 300w, https:\/\/fr.twiza.org\/portail\/wp-content\/uploads\/2022\/05\/De\u0301finitions-gestion-de-projet-1024x850px-768x638.jpeg 768w\" sizes=\"(max-width: 1024px) 100vw, 1024px\" \/><\/a><\/figure><div class=\"wp-block-media-text__content\">\n<p class=\"has-text-align-left\" style=\"font-size:16px\"><a href=\"https:\/\/fr.twiza.org\/portail\/conception\/\" target=\"_blank\" rel=\"noreferrer noopener\">Conception<\/a><\/p>\n\n\n\n<p class=\"has-text-align-left\" style=\"font-size:16px\"><a href=\"https:\/\/fr.twiza.org\/portail\/maitrise-doeuvre\/\" target=\"_blank\" rel=\"noreferrer noopener\">Ma\u00eetrise d&rsquo;\u0153uvre<\/a><\/p>\n\n\n\n<p class=\"has-text-align-left\" style=\"font-size:16px\"><a href=\"https:\/\/fr.twiza.org\/portail\/bureau-detudes\/\" target=\"_blank\" rel=\"noreferrer noopener\">Bureau d&rsquo;\u00e9tudes<\/a><\/p>\n\n\n\n<p class=\"has-text-align-left\" style=\"font-size:16px\"><a href=\"https:\/\/fr.twiza.org\/portail\/conseils-pour-un-projet-dhabitat\/\" target=\"_blank\" rel=\"noreferrer noopener\">Conseil pour un projet d&rsquo;habitat<\/a><\/p>\n\n\n\n<p class=\"has-text-align-left\" style=\"font-size:16px\"><a href=\"https:\/\/fr.twiza.org\/portail\/outils\/\" target=\"_blank\" rel=\"noreferrer noopener\">Outils<\/a><\/p>\n\n\n\n<p class=\"has-text-align-left\" style=\"font-size:16px\"><a href=\"https:\/\/fr.twiza.org\/portail\/equipements-de-protection-individuelle\/\" target=\"_blank\" rel=\"noreferrer noopener\">Equipements de protection individuelle<\/a><\/p>\n<\/div><\/div>\n\n\n\n<h2 class=\"wp-block-heading\" id=\"h-le-gros-oeuvre\">Le gros \u0153uvre<\/h2>\n\n\n\n<div class=\"wp-block-media-text has-media-on-the-right is-stacked-on-mobile\"><figure class=\"wp-block-media-text__media\"><a href=\"https:\/\/fr.twiza.org\/portail\/gros-oeuvre\/\" target=\"_blank\" rel=\"noopener\"><img decoding=\"async\" width=\"1000\" height=\"750\" src=\"https:\/\/fr.twiza.org\/portail\/wp-content\/uploads\/2022\/05\/De\u0301finitions-gros-oeuvre-page-accueil-1000x750px.jpeg\" alt=\"Projet d'habitat : gros \u0153uvre, photo de charpente\" class=\"wp-image-4877 size-full\" srcset=\"https:\/\/fr.twiza.org\/portail\/wp-content\/uploads\/2022\/05\/De\u0301finitions-gros-oeuvre-page-accueil-1000x750px.jpeg 1000w, https:\/\/fr.twiza.org\/portail\/wp-content\/uploads\/2022\/05\/De\u0301finitions-gros-oeuvre-page-accueil-1000x750px-600x450.jpeg 600w, https:\/\/fr.twiza.org\/portail\/wp-content\/uploads\/2022\/05\/De\u0301finitions-gros-oeuvre-page-accueil-1000x750px-300x225.jpeg 300w, https:\/\/fr.twiza.org\/portail\/wp-content\/uploads\/2022\/05\/De\u0301finitions-gros-oeuvre-page-accueil-1000x750px-768x576.jpeg 768w\" sizes=\"(max-width: 1000px) 100vw, 1000px\" \/><\/a><\/figure><div class=\"wp-block-media-text__content\">\n<p class=\"has-text-align-left\" style=\"font-size:16px\"><a href=\"https:\/\/fr.twiza.org\/portail\/terrassement\/\" target=\"_blank\" rel=\"noreferrer noopener\">Terrassement<\/a><br><a href=\"https:\/\/fr.twiza.org\/portail\/fondations\/\" target=\"_blank\" rel=\"noreferrer noopener\">Fondations<\/a><br><a href=\"https:\/\/fr.twiza.org\/portail\/dalle\/\" target=\"_blank\" rel=\"noreferrer noopener\">Dalle<\/a><br><a href=\"https:\/\/fr.twiza.org\/portail\/chape\/\" target=\"_blank\" rel=\"noreferrer noopener\">Chape<\/a><br><a href=\"https:\/\/fr.twiza.org\/portail\/murs-porteurs\/\" target=\"_blank\" rel=\"noreferrer noopener\">Murs porteurs<\/a><br><a href=\"https:\/\/fr.twiza.org\/portail\/parement-exterieur\/\" target=\"_blank\" rel=\"noreferrer noopener\">Parement ext\u00e9rieur<\/a><br><a href=\"https:\/\/fr.twiza.org\/portail\/charpente\/\" target=\"_blank\" rel=\"noreferrer noopener\">Charpente<\/a><br><a href=\"https:\/\/fr.twiza.org\/portail\/couverture\/\" target=\"_blank\" rel=\"noreferrer noopener\">Couverture<\/a><\/p>\n<\/div><\/div>\n\n\n\n<h2 class=\"wp-block-heading\"><strong>Le second \u0153uvre<\/strong><\/h2>\n\n\n\n<div class=\"wp-block-media-text has-media-on-the-right is-stacked-on-mobile\"><figure class=\"wp-block-media-text__media\"><a href=\"https:\/\/fr.twiza.org\/portail\/second-oeuvre\/\" target=\"_blank\" rel=\"noopener\"><img loading=\"lazy\" decoding=\"async\" width=\"1000\" height=\"750\" src=\"https:\/\/fr.twiza.org\/portail\/wp-content\/uploads\/2022\/05\/De\u0301finitions-second-oeuvre-page-accueil-1000x750px.jpeg\" alt=\"Projet d'habitat : second \u0153uvre, photo de menuiseries int\u00e9rieures\" class=\"wp-image-4882 size-full\" srcset=\"https:\/\/fr.twiza.org\/portail\/wp-content\/uploads\/2022\/05\/De\u0301finitions-second-oeuvre-page-accueil-1000x750px.jpeg 1000w, https:\/\/fr.twiza.org\/portail\/wp-content\/uploads\/2022\/05\/De\u0301finitions-second-oeuvre-page-accueil-1000x750px-600x450.jpeg 600w, https:\/\/fr.twiza.org\/portail\/wp-content\/uploads\/2022\/05\/De\u0301finitions-second-oeuvre-page-accueil-1000x750px-300x225.jpeg 300w, https:\/\/fr.twiza.org\/portail\/wp-content\/uploads\/2022\/05\/De\u0301finitions-second-oeuvre-page-accueil-1000x750px-768x576.jpeg 768w\" sizes=\"(max-width: 1000px) 100vw, 1000px\" \/><\/a><\/figure><div class=\"wp-block-media-text__content\">\n<p class=\"has-text-align-left\" style=\"font-size:16px\"><a href=\"https:\/\/fr.twiza.org\/portail\/isolation\/\" target=\"_blank\" rel=\"noreferrer noopener\">Isolation<\/a><br><a href=\"https:\/\/fr.twiza.org\/portail\/menuiseries-exterieures\/\" target=\"_blank\" rel=\"noreferrer noopener\">Menuiseries ext\u00e9rieures<\/a><br><a href=\"https:\/\/fr.twiza.org\/portail\/chauffage\/\" target=\"_blank\" rel=\"noreferrer noopener\">Chauffage<\/a><br><a href=\"https:\/\/fr.twiza.org\/portail\/eau-chaude-sanitaire-ecs\/\" target=\"_blank\" rel=\"noreferrer noopener\">Eau Chaude Sanitaire<\/a><br><a href=\"https:\/\/fr.twiza.org\/portail\/ventilation\/\" target=\"_blank\" rel=\"noreferrer noopener\">Ventilation<\/a><br><a href=\"https:\/\/fr.twiza.org\/portail\/electricite\/\" target=\"_blank\" rel=\"noreferrer noopener\">Electricit\u00e9<\/a><br><a href=\"https:\/\/fr.twiza.org\/portail\/cloisonnement-interieur\/\" target=\"_blank\" rel=\"noreferrer noopener\">Cloisonnement int\u00e9rieur<\/a><br><a href=\"https:\/\/fr.twiza.org\/portail\/menuiseries-interieures\/\" target=\"_blank\" rel=\"noreferrer noopener\">Menuiseries int\u00e9rieures<\/a><br><a href=\"https:\/\/fr.twiza.org\/portail\/economies-deau\/\" target=\"_blank\" rel=\"noreferrer noopener\">Economies d&rsquo;eau<\/a><br><a href=\"https:\/\/fr.twiza.org\/portail\/toilettes\/\" target=\"_blank\" rel=\"noreferrer noopener\">Toilettes<\/a><\/p>\n<\/div><\/div>\n\n\n\n<h2 class=\"wp-block-heading\" id=\"h-les-finitions\">Les finitions<\/h2>\n\n\n\n<div class=\"wp-block-media-text has-media-on-the-right is-stacked-on-mobile\"><figure class=\"wp-block-media-text__media\"><a href=\"https:\/\/fr.twiza.org\/portail\/finitions\/\" target=\"_blank\" rel=\"noopener\"><img loading=\"lazy\" decoding=\"async\" width=\"1000\" height=\"750\" src=\"https:\/\/fr.twiza.org\/portail\/wp-content\/uploads\/2022\/05\/De\u0301finitions-finitions-page-accueil-1024px.jpeg\" alt=\"Projet d'habitat : finitions, photo de rev\u00eatement de mur original\" class=\"wp-image-4886 size-full\" srcset=\"https:\/\/fr.twiza.org\/portail\/wp-content\/uploads\/2022\/05\/De\u0301finitions-finitions-page-accueil-1024px.jpeg 1000w, https:\/\/fr.twiza.org\/portail\/wp-content\/uploads\/2022\/05\/De\u0301finitions-finitions-page-accueil-1024px-600x450.jpeg 600w, https:\/\/fr.twiza.org\/portail\/wp-content\/uploads\/2022\/05\/De\u0301finitions-finitions-page-accueil-1024px-300x225.jpeg 300w, https:\/\/fr.twiza.org\/portail\/wp-content\/uploads\/2022\/05\/De\u0301finitions-finitions-page-accueil-1024px-768x576.jpeg 768w\" sizes=\"(max-width: 1000px) 100vw, 1000px\" \/><\/a><\/figure><div class=\"wp-block-media-text__content\">\n<p class=\"has-text-align-left\" style=\"font-size:16px\"><a href=\"https:\/\/fr.twiza.org\/portail\/revetement-de-sol\/\" target=\"_blank\" rel=\"noreferrer noopener\">Rev\u00eatement de sol<\/a><br><a href=\"https:\/\/fr.twiza.org\/portail\/le-revetement-mural\/\" target=\"_blank\" rel=\"noreferrer noopener\">Rev\u00eatement mural<\/a><br><a href=\"https:\/\/fr.twiza.org\/portail\/amenagements-interieurs\/\" target=\"_blank\" rel=\"noreferrer noopener\">Am\u00e9nagements int\u00e9rieurs<\/a><\/p>\n<\/div><\/div>\n\n\n\n<h2 class=\"wp-block-heading\" id=\"Definitionstravauxperipheriques\"><strong>Les travaux ext\u00e9rieurs<\/strong><\/h2>\n\n\n\n<div class=\"wp-block-media-text has-media-on-the-right is-stacked-on-mobile\"><figure class=\"wp-block-media-text__media\"><a href=\"https:\/\/fr.twiza.org\/portail\/travaux-exterieurs\/\" target=\"_blank\" rel=\"noopener\"><img loading=\"lazy\" decoding=\"async\" width=\"1000\" height=\"750\" src=\"https:\/\/fr.twiza.org\/portail\/wp-content\/uploads\/2022\/05\/De\u0301finitions-assainissement-non-collectif-page-accueil-1000px.jpeg\" alt=\"Projet d'habitat : travaux ext\u00e9rieurs, photo d'un syst\u00e8me d'assainissement individuel, la phyto\u00e9puration\" class=\"wp-image-4889 size-full\" srcset=\"https:\/\/fr.twiza.org\/portail\/wp-content\/uploads\/2022\/05\/De\u0301finitions-assainissement-non-collectif-page-accueil-1000px.jpeg 1000w, https:\/\/fr.twiza.org\/portail\/wp-content\/uploads\/2022\/05\/De\u0301finitions-assainissement-non-collectif-page-accueil-1000px-600x450.jpeg 600w, https:\/\/fr.twiza.org\/portail\/wp-content\/uploads\/2022\/05\/De\u0301finitions-assainissement-non-collectif-page-accueil-1000px-300x225.jpeg 300w, https:\/\/fr.twiza.org\/portail\/wp-content\/uploads\/2022\/05\/De\u0301finitions-assainissement-non-collectif-page-accueil-1000px-768x576.jpeg 768w\" sizes=\"(max-width: 1000px) 100vw, 1000px\" \/><\/a><\/figure><div class=\"wp-block-media-text__content\">\n<p class=\"has-text-align-left\" style=\"font-size:16px\"><a href=\"https:\/\/fr.twiza.org\/portail\/les-amenagements-exterieurs\/\" target=\"_blank\" rel=\"noreferrer noopener\">Am\u00e9nagements ext\u00e9rieurs<\/a><br><a href=\"https:\/\/fr.twiza.org\/portail\/assainissement-non-collectif\/\" target=\"_blank\" rel=\"noreferrer noopener\">Assainissement non collectif<\/a><\/p>\n<\/div><\/div>\n\n\n\n<div style=\"height:10px\" aria-hidden=\"true\" class=\"wp-block-spacer\"><\/div>\n\n\n\n<p><\/p>\n","protected":false},"excerpt":{"rendered":"<p>C&rsquo;est ton premier projet d&rsquo;habitat&#8230;? Et tu as l&rsquo;impression de te noyer dans une masse d&rsquo;informations collect\u00e9es : interd\u00e9pendance des diff\u00e9rentes \u00e9tapes de ton chantier, jargon technique, multiplication des solutions&#8230;\ud83d\ude2b Alors d\u00e9j\u00e0 respire un bon coup&#8230;\ud83d\ude00 ! Tout va bien se passer ! Et de notre c\u00f4t\u00e9 on va t&rsquo;aider [&hellip;]<\/p>\n","protected":false},"author":3,"featured_media":2894,"parent":0,"menu_order":0,"comment_status":"closed","ping_status":"closed","template":"","meta":{"_eb_attr":"","_themeisle_gutenberg_block_has_review":false,"footnotes":""},"class_list":["post-1738","page","type-page","status-publish","has-post-thumbnail","hentry"],"yoast_head":"<!-- This site is optimized with the Yoast SEO Premium plugin v27.2 (Yoast SEO v27.3) - https:\/\/yoast.com\/product\/yoast-seo-premium-wordpress\/ -->\n<title>Les d\u00e9finitions techniques \u00e0 conna\u00eetre pour mon projet d&#039;habitat<\/title>\n<meta name=\"description\" content=\"Quelles sont les grandes \u00e9tapes techniques d&#039;un chantier de construction ? Gestion de projet, gros \u0153uvre, second \u0153uvre, finitions...\" \/>\n<meta name=\"robots\" content=\"index, follow, max-snippet:-1, max-image-preview:large, max-video-preview:-1\" \/>\n<link rel=\"canonical\" href=\"https:\/\/fr.twiza.org\/portail\/projet-habitat-definitions-techniques\/\" \/>\n<meta property=\"og:locale\" content=\"fr_FR\" \/>\n<meta property=\"og:type\" content=\"article\" \/>\n<meta property=\"og:title\" content=\"Projet d&#039;habitat : d\u00e9finitions techniques\" \/>\n<meta property=\"og:description\" content=\"Quelles sont les grandes \u00e9tapes techniques d&#039;un chantier de construction ? Gestion de projet, gros \u0153uvre, second \u0153uvre, finitions...\" \/>\n<meta property=\"og:url\" content=\"https:\/\/fr.twiza.org\/portail\/projet-habitat-definitions-techniques\/\" \/>\n<meta property=\"og:site_name\" content=\"R\u00e9seau Twiza\" \/>\n<meta property=\"article:publisher\" content=\"https:\/\/fr-fr.facebook.com\/Twiza.fr\/\" \/>\n<meta property=\"article:modified_time\" content=\"2022-08-16T15:47:37+00:00\" \/>\n<meta property=\"og:image\" content=\"https:\/\/fr.twiza.org\/portail\/wp-content\/uploads\/2021\/10\/DEF-Gestion-de-projet-habitat-e\u0301cologique-2-1200px-edited.jpeg\" \/>\n\t<meta property=\"og:image:width\" content=\"1200\" \/>\n\t<meta property=\"og:image:height\" content=\"675\" \/>\n\t<meta property=\"og:image:type\" content=\"image\/jpeg\" \/>\n<meta name=\"twitter:card\" content=\"summary_large_image\" \/>\n<script type=\"application\/ld+json\" class=\"yoast-schema-graph\">{\"@context\":\"https:\\\/\\\/schema.org\",\"@graph\":[{\"@type\":\"WebPage\",\"@id\":\"https:\\\/\\\/fr.twiza.org\\\/portail\\\/projet-habitat-definitions-techniques\\\/\",\"url\":\"https:\\\/\\\/fr.twiza.org\\\/portail\\\/projet-habitat-definitions-techniques\\\/\",\"name\":\"Les d\u00e9finitions techniques \u00e0 conna\u00eetre pour mon projet d'habitat\",\"isPartOf\":{\"@id\":\"https:\\\/\\\/fr.twiza.org\\\/portail\\\/#website\"},\"primaryImageOfPage\":{\"@id\":\"https:\\\/\\\/fr.twiza.org\\\/portail\\\/projet-habitat-definitions-techniques\\\/#primaryimage\"},\"image\":{\"@id\":\"https:\\\/\\\/fr.twiza.org\\\/portail\\\/projet-habitat-definitions-techniques\\\/#primaryimage\"},\"thumbnailUrl\":\"https:\\\/\\\/fr.twiza.org\\\/portail\\\/wp-content\\\/uploads\\\/2021\\\/10\\\/DEF-Gestion-de-projet-habitat-e\u0301cologique-2-1200px-edited.jpeg\",\"datePublished\":\"2022-03-28T14:07:12+00:00\",\"dateModified\":\"2022-08-16T15:47:37+00:00\",\"description\":\"Quelles sont les grandes \u00e9tapes techniques d'un chantier de construction ? Gestion de projet, gros \u0153uvre, second \u0153uvre, finitions...\",\"breadcrumb\":{\"@id\":\"https:\\\/\\\/fr.twiza.org\\\/portail\\\/projet-habitat-definitions-techniques\\\/#breadcrumb\"},\"inLanguage\":\"fr-FR\",\"potentialAction\":[{\"@type\":\"ReadAction\",\"target\":[\"https:\\\/\\\/fr.twiza.org\\\/portail\\\/projet-habitat-definitions-techniques\\\/\"]}]},{\"@type\":\"ImageObject\",\"inLanguage\":\"fr-FR\",\"@id\":\"https:\\\/\\\/fr.twiza.org\\\/portail\\\/projet-habitat-definitions-techniques\\\/#primaryimage\",\"url\":\"https:\\\/\\\/fr.twiza.org\\\/portail\\\/wp-content\\\/uploads\\\/2021\\\/10\\\/DEF-Gestion-de-projet-habitat-e\u0301cologique-2-1200px-edited.jpeg\",\"contentUrl\":\"https:\\\/\\\/fr.twiza.org\\\/portail\\\/wp-content\\\/uploads\\\/2021\\\/10\\\/DEF-Gestion-de-projet-habitat-e\u0301cologique-2-1200px-edited.jpeg\",\"width\":1200,\"height\":675},{\"@type\":\"BreadcrumbList\",\"@id\":\"https:\\\/\\\/fr.twiza.org\\\/portail\\\/projet-habitat-definitions-techniques\\\/#breadcrumb\",\"itemListElement\":[{\"@type\":\"ListItem\",\"position\":1,\"name\":\"Accueil\",\"item\":\"https:\\\/\\\/fr.twiza.org\\\/portail\\\/\"},{\"@type\":\"ListItem\",\"position\":2,\"name\":\"Projet d&rsquo;habitat : d\u00e9finitions techniques\"}]},{\"@type\":\"WebSite\",\"@id\":\"https:\\\/\\\/fr.twiza.org\\\/portail\\\/#website\",\"url\":\"https:\\\/\\\/fr.twiza.org\\\/portail\\\/\",\"name\":\"R\u00e9seau Twiza\",\"description\":\"Entraide pour un habitat \u00e9cologique, convivial et r\u00e9silient\",\"publisher\":{\"@id\":\"https:\\\/\\\/fr.twiza.org\\\/portail\\\/#organization\"},\"potentialAction\":[{\"@type\":\"SearchAction\",\"target\":{\"@type\":\"EntryPoint\",\"urlTemplate\":\"https:\\\/\\\/fr.twiza.org\\\/portail\\\/?s={search_term_string}\"},\"query-input\":{\"@type\":\"PropertyValueSpecification\",\"valueRequired\":true,\"valueName\":\"search_term_string\"}}],\"inLanguage\":\"fr-FR\"},{\"@type\":\"Organization\",\"@id\":\"https:\\\/\\\/fr.twiza.org\\\/portail\\\/#organization\",\"name\":\"R\u00e9seau Twiza\",\"url\":\"https:\\\/\\\/fr.twiza.org\\\/portail\\\/\",\"logo\":{\"@type\":\"ImageObject\",\"inLanguage\":\"fr-FR\",\"@id\":\"https:\\\/\\\/fr.twiza.org\\\/portail\\\/#\\\/schema\\\/logo\\\/image\\\/\",\"url\":\"https:\\\/\\\/fr.twiza.org\\\/portail\\\/wp-content\\\/uploads\\\/2021\\\/05\\\/cropped-logo-reseau-twiza.jpg\",\"contentUrl\":\"https:\\\/\\\/fr.twiza.org\\\/portail\\\/wp-content\\\/uploads\\\/2021\\\/05\\\/cropped-logo-reseau-twiza.jpg\",\"width\":400,\"height\":102,\"caption\":\"R\u00e9seau Twiza\"},\"image\":{\"@id\":\"https:\\\/\\\/fr.twiza.org\\\/portail\\\/#\\\/schema\\\/logo\\\/image\\\/\"},\"sameAs\":[\"https:\\\/\\\/fr-fr.facebook.com\\\/Twiza.fr\\\/\",\"https:\\\/\\\/www.instagram.com\\\/twiza_fr\\\/\",\"https:\\\/\\\/www.linkedin.com\\\/company\\\/reseautwiza\\\/\"]}]}<\/script>\n<!-- \/ Yoast SEO Premium plugin. -->","yoast_head_json":{"title":"Les d\u00e9finitions techniques \u00e0 conna\u00eetre pour mon projet d'habitat","description":"Quelles sont les grandes \u00e9tapes techniques d'un chantier de construction ? Gestion de projet, gros \u0153uvre, second \u0153uvre, finitions...","robots":{"index":"index","follow":"follow","max-snippet":"max-snippet:-1","max-image-preview":"max-image-preview:large","max-video-preview":"max-video-preview:-1"},"canonical":"https:\/\/fr.twiza.org\/portail\/projet-habitat-definitions-techniques\/","og_locale":"fr_FR","og_type":"article","og_title":"Projet d'habitat : d\u00e9finitions techniques","og_description":"Quelles sont les grandes \u00e9tapes techniques d'un chantier de construction ? Gestion de projet, gros \u0153uvre, second \u0153uvre, finitions...","og_url":"https:\/\/fr.twiza.org\/portail\/projet-habitat-definitions-techniques\/","og_site_name":"R\u00e9seau Twiza","article_publisher":"https:\/\/fr-fr.facebook.com\/Twiza.fr\/","article_modified_time":"2022-08-16T15:47:37+00:00","og_image":[{"width":1200,"height":675,"url":"https:\/\/fr.twiza.org\/portail\/wp-content\/uploads\/2021\/10\/DEF-Gestion-de-projet-habitat-e\u0301cologique-2-1200px-edited.jpeg","type":"image\/jpeg"}],"twitter_card":"summary_large_image","schema":{"@context":"https:\/\/schema.org","@graph":[{"@type":"WebPage","@id":"https:\/\/fr.twiza.org\/portail\/projet-habitat-definitions-techniques\/","url":"https:\/\/fr.twiza.org\/portail\/projet-habitat-definitions-techniques\/","name":"Les d\u00e9finitions techniques \u00e0 conna\u00eetre pour mon projet d'habitat","isPartOf":{"@id":"https:\/\/fr.twiza.org\/portail\/#website"},"primaryImageOfPage":{"@id":"https:\/\/fr.twiza.org\/portail\/projet-habitat-definitions-techniques\/#primaryimage"},"image":{"@id":"https:\/\/fr.twiza.org\/portail\/projet-habitat-definitions-techniques\/#primaryimage"},"thumbnailUrl":"https:\/\/fr.twiza.org\/portail\/wp-content\/uploads\/2021\/10\/DEF-Gestion-de-projet-habitat-e\u0301cologique-2-1200px-edited.jpeg","datePublished":"2022-03-28T14:07:12+00:00","dateModified":"2022-08-16T15:47:37+00:00","description":"Quelles sont les grandes \u00e9tapes techniques d'un chantier de construction ? Gestion de projet, gros \u0153uvre, second \u0153uvre, finitions...","breadcrumb":{"@id":"https:\/\/fr.twiza.org\/portail\/projet-habitat-definitions-techniques\/#breadcrumb"},"inLanguage":"fr-FR","potentialAction":[{"@type":"ReadAction","target":["https:\/\/fr.twiza.org\/portail\/projet-habitat-definitions-techniques\/"]}]},{"@type":"ImageObject","inLanguage":"fr-FR","@id":"https:\/\/fr.twiza.org\/portail\/projet-habitat-definitions-techniques\/#primaryimage","url":"https:\/\/fr.twiza.org\/portail\/wp-content\/uploads\/2021\/10\/DEF-Gestion-de-projet-habitat-e\u0301cologique-2-1200px-edited.jpeg","contentUrl":"https:\/\/fr.twiza.org\/portail\/wp-content\/uploads\/2021\/10\/DEF-Gestion-de-projet-habitat-e\u0301cologique-2-1200px-edited.jpeg","width":1200,"height":675},{"@type":"BreadcrumbList","@id":"https:\/\/fr.twiza.org\/portail\/projet-habitat-definitions-techniques\/#breadcrumb","itemListElement":[{"@type":"ListItem","position":1,"name":"Accueil","item":"https:\/\/fr.twiza.org\/portail\/"},{"@type":"ListItem","position":2,"name":"Projet d&rsquo;habitat : d\u00e9finitions techniques"}]},{"@type":"WebSite","@id":"https:\/\/fr.twiza.org\/portail\/#website","url":"https:\/\/fr.twiza.org\/portail\/","name":"R\u00e9seau Twiza","description":"Entraide pour un habitat \u00e9cologique, convivial et r\u00e9silient","publisher":{"@id":"https:\/\/fr.twiza.org\/portail\/#organization"},"potentialAction":[{"@type":"SearchAction","target":{"@type":"EntryPoint","urlTemplate":"https:\/\/fr.twiza.org\/portail\/?s={search_term_string}"},"query-input":{"@type":"PropertyValueSpecification","valueRequired":true,"valueName":"search_term_string"}}],"inLanguage":"fr-FR"},{"@type":"Organization","@id":"https:\/\/fr.twiza.org\/portail\/#organization","name":"R\u00e9seau Twiza","url":"https:\/\/fr.twiza.org\/portail\/","logo":{"@type":"ImageObject","inLanguage":"fr-FR","@id":"https:\/\/fr.twiza.org\/portail\/#\/schema\/logo\/image\/","url":"https:\/\/fr.twiza.org\/portail\/wp-content\/uploads\/2021\/05\/cropped-logo-reseau-twiza.jpg","contentUrl":"https:\/\/fr.twiza.org\/portail\/wp-content\/uploads\/2021\/05\/cropped-logo-reseau-twiza.jpg","width":400,"height":102,"caption":"R\u00e9seau Twiza"},"image":{"@id":"https:\/\/fr.twiza.org\/portail\/#\/schema\/logo\/image\/"},"sameAs":["https:\/\/fr-fr.facebook.com\/Twiza.fr\/","https:\/\/www.instagram.com\/twiza_fr\/","https:\/\/www.linkedin.com\/company\/reseautwiza\/"]}]}},"jetpack_sharing_enabled":true,"_links":{"self":[{"href":"https:\/\/fr.twiza.org\/portail\/wp-json\/wp\/v2\/pages\/1738","targetHints":{"allow":["GET"]}}],"collection":[{"href":"https:\/\/fr.twiza.org\/portail\/wp-json\/wp\/v2\/pages"}],"about":[{"href":"https:\/\/fr.twiza.org\/portail\/wp-json\/wp\/v2\/types\/page"}],"author":[{"embeddable":true,"href":"https:\/\/fr.twiza.org\/portail\/wp-json\/wp\/v2\/users\/3"}],"replies":[{"embeddable":true,"href":"https:\/\/fr.twiza.org\/portail\/wp-json\/wp\/v2\/comments?post=1738"}],"version-history":[{"count":60,"href":"https:\/\/fr.twiza.org\/portail\/wp-json\/wp\/v2\/pages\/1738\/revisions"}],"predecessor-version":[{"id":6110,"href":"https:\/\/fr.twiza.org\/portail\/wp-json\/wp\/v2\/pages\/1738\/revisions\/6110"}],"wp:featuredmedia":[{"embeddable":true,"href":"https:\/\/fr.twiza.org\/portail\/wp-json\/wp\/v2\/media\/2894"}],"wp:attachment":[{"href":"https:\/\/fr.twiza.org\/portail\/wp-json\/wp\/v2\/media?parent=1738"}],"curies":[{"name":"wp","href":"https:\/\/api.w.org\/{rel}","templated":true}]}}