{"id":1740,"date":"2021-10-05T17:06:11","date_gmt":"2021-10-05T15:06:11","guid":{"rendered":"https:\/\/fr.twiza.org\/portail\/?page_id=1740"},"modified":"2022-05-18T12:18:06","modified_gmt":"2022-05-18T10:18:06","slug":"gestion-projet-habitat-ecologique","status":"publish","type":"page","link":"https:\/\/fr.twiza.org\/portail\/gestion-projet-habitat-ecologique\/","title":{"rendered":"Gestion du projet"},"content":{"rendered":"\n<figure class=\"wp-block-image size-full\"><img fetchpriority=\"high\" decoding=\"async\" width=\"1024\" height=\"576\" src=\"https:\/\/fr.twiza.org\/portail\/wp-content\/uploads\/2022\/05\/De\u0301finitions-projet-habitat-gestion-projet-1-edited.jpg\" alt=\"Projet habitat : gestion du projet\" class=\"wp-image-5029\" srcset=\"https:\/\/fr.twiza.org\/portail\/wp-content\/uploads\/2022\/05\/De\u0301finitions-projet-habitat-gestion-projet-1-edited.jpg 1024w, https:\/\/fr.twiza.org\/portail\/wp-content\/uploads\/2022\/05\/De\u0301finitions-projet-habitat-gestion-projet-1-edited-600x338.jpg 600w, https:\/\/fr.twiza.org\/portail\/wp-content\/uploads\/2022\/05\/De\u0301finitions-projet-habitat-gestion-projet-1-edited-300x169.jpg 300w, https:\/\/fr.twiza.org\/portail\/wp-content\/uploads\/2022\/05\/De\u0301finitions-projet-habitat-gestion-projet-1-edited-768x432.jpg 768w\" sizes=\"(max-width: 1024px) 100vw, 1024px\" \/><\/figure>\n\n\n\n<p>Au sein de la communaut\u00e9 <strong>Twiza<\/strong> nous pensons que sur le plan personnel, ton chemin doit \u00eatre aussi nourrissant et satisfaisant que ta destination. Cet id\u00e9al se construit avec pragmatisme et ce volet \u00ab\u00a0<strong>gestion du projet<\/strong>\u00a0\u00bb t&rsquo;offre des outils pour y acc\u00e9der.<\/p>\n\n\n\n<p>Ton projet d&rsquo;habitat est donc avant tout \u00ab\u00a0un <strong>projet<\/strong>\u00a0\u00bb et doit \u00eatre abord\u00e9 comme tel. La <strong>gestion de projet<\/strong> est le r\u00e8gne de la <strong>rigueur <\/strong>au service de l&rsquo;<strong>efficacit\u00e9<\/strong>. Ces mots peuvent te sembler froid car ils ont souvent \u00e9t\u00e9 privatis\u00e9s par des int\u00e9r\u00eats individuels. Mais en r\u00e9alit\u00e9 ils sont de v\u00e9ritables outils, au m\u00eame titre qu&rsquo;une scie ou un marteau, pour arriver \u00e0 tes fins dans des conditions de s\u00e9curit\u00e9 et de confort.<\/p>\n\n\n\n<p>Voici un panel non exhaustif des premi\u00e8res \u00e9tapes \u00e0 aborder pour la bonne gestion de ton projet d&rsquo;habitat :<\/p>\n\n\n\n<ul class=\"wp-block-list\"><li><a href=\"https:\/\/fr.twiza.org\/portail\/conception\/\" target=\"_blank\" rel=\"noreferrer noopener\">Conception<\/a><\/li><li><a href=\"https:\/\/fr.twiza.org\/portail\/maitrise-doeuvre\/\" target=\"_blank\" rel=\"noreferrer noopener\">Ma\u00eetrise d&rsquo;\u0153uvre<\/a><\/li><li><a href=\"https:\/\/fr.twiza.org\/portail\/bureau-detudes\/\" target=\"_blank\" rel=\"noreferrer noopener\">Bureau d&rsquo;\u00e9tude<\/a><\/li><li><a href=\"https:\/\/fr.twiza.org\/portail\/conseils-pour-un-projet-dhabitat\/\" target=\"_blank\" rel=\"noreferrer noopener\">Conseils projet habitat<\/a><\/li><li><a href=\"https:\/\/fr.twiza.org\/portail\/outils\/\" target=\"_blank\" rel=\"noreferrer noopener\">Outils<\/a><\/li><li><a href=\"https:\/\/fr.twiza.org\/portail\/equipements-de-protection-individuelle\/\" target=\"_blank\" rel=\"noreferrer noopener\">Equipements de protection individuelle (EPI)<\/a><\/li><\/ul>\n\n\n\n<h2 class=\"wp-block-heading\" id=\"h-anticiper-c-est-economiser-du-temps-de-l-argent-mais-aussi-s-economiser-personnellement\"><strong>Anticiper, c&rsquo;est \u00e9conomiser du temps, de l&rsquo;argent mais aussi s&rsquo;\u00e9conomiser personnellement<\/strong><\/h2>\n\n\n\n<p>La <a href=\"https:\/\/fr.twiza.org\/portail\/conception\/\" target=\"_blank\" rel=\"noreferrer noopener\">conception<\/a> et la <strong>pr\u00e9paration<\/strong>  de ton projet en amont sont absolument essentielles. Et oui&#8230; car un chantier bien con\u00e7u et bien pr\u00e9par\u00e9 est \u00e0 moiti\u00e9 fait ! C&rsquo;est donc v\u00e9ritablement le temps de la <strong>r\u00e9flexion<\/strong> et de la <strong>d\u00e9cision<\/strong>. <\/p>\n\n\n\n<p>Malheureusement cette phase est bien souvent <strong>n\u00e9glig\u00e9e<\/strong> car consid\u00e9r\u00e9e comme trop abstraite et non productive. Or les porteurs de projet t\u00e9moignent de mani\u00e8re unanime \u00e0 ce sujet : quand vient le temps de l&rsquo;action et de la mise en oeuvre, toutes les d\u00e9cisions qui n&rsquo;ont pas \u00e9t\u00e9 anticip\u00e9es alourdissent la charge de travail&#8230;<\/p>\n\n\n\n<p>Plus pr\u00e9cis\u00e9ment elles d\u00e9sorganisent ton chantier et te co\u00fbtent plus ch\u00e8res que si elles avaient \u00e9t\u00e9 r\u00e9gl\u00e9es en temps voulu. Des tracas dont tu te passerais bien le long de ce parcours d\u00e9j\u00e0 usant et co\u00fbteux&#8230;<\/p>\n\n\n\n<h2 class=\"wp-block-heading\" id=\"h-faire-ce-qu-il-faut-quand-il-faut-comme-il-faut\"><strong>Faire ce qu&rsquo;il faut, quand il faut, comme il faut<\/strong><\/h2>\n\n\n\n<p>Pendant ton chantier et jusqu&rsquo;\u00e0 sa r\u00e9ception, il s&rsquo;agit de mettre en oeuvre tes plans avec efficacit\u00e9. C&rsquo;est majoritairement le temps de l&rsquo;action.<\/p>\n\n\n\n<p>Bien entendu, il ne s&rsquo;agit pas ici de radicaliser cette approche, car il y a toujours des <strong>allers-retours<\/strong> entre r\u00e9flexion et action, des <strong>impr\u00e9vus<\/strong>, ou bien m\u00eame parfois des <strong>opportunit\u00e9s<\/strong>.<\/p>\n\n\n\n<p>L&rsquo;int\u00e9r\u00eat pour toi d&rsquo;<strong>anticiper<\/strong> au maximum est justement de pouvoir garder de la <strong>disponibilit\u00e9 intellectuelle<\/strong> pour <strong>appr\u00e9hender <\/strong>sereinement ces impr\u00e9vus et\/ou opportunit\u00e9s. Ainsi tu n&rsquo;auras pas l&rsquo;esprit surcharg\u00e9 par des aspects qui auraient pu \u00eatre anticip\u00e9s.<\/p>\n\n\n\n<h2 class=\"wp-block-heading\" id=\"h-se-faire-accompagner-pour-la-gestion-du-projet\"><strong>Se faire accompagner pour la gestion du projet<\/strong><\/h2>\n\n\n\n<p>On a souvent plus de mal \u00e0 payer pour un service, c&rsquo;est normal et humain. En effet la prestation intellectuelle est immat\u00e9rielle et impalpable. Il est donc plus difficile d&rsquo;en percevoir sa valeur. <\/p>\n\n\n\n<p>Mais pour toutes les raisons \u00e9voqu\u00e9es pr\u00e9c\u00e9demment, cette situation est bien dommageable&#8230; Car pour la plupart d&rsquo;entre eux, les porteurs de projets apprennent en faisant. C&rsquo;est une perspective assez int\u00e9ressante et qui a son charme, malheureusement elle r\u00e9siste mal \u00e0 l&rsquo;<strong>ampleur<\/strong> d&rsquo;un projet d&rsquo;habitat. <\/p>\n\n\n\n<p>On apprend aussi en se faisant <strong>accompagner<\/strong>, mais plus vite et mieux. On dit bien souvent que c&rsquo;est au travers des erreurs que l&rsquo;on apprend r\u00e9ellement. Et bien ne t&rsquo;inqui\u00e8te pas, m\u00eame en te faisant accompagner sur un projet d&rsquo;ampleur, tu auras tout de m\u00eame ton lot de surprises et d&rsquo;impr\u00e9vus&#8230;<\/p>\n\n\n\n<p>Enfin, il y a un double enjeu dans l&rsquo;accompagnement : <strong>r\u00e9duire la p\u00e9nibilit\u00e9<\/strong> et <strong>augmenter la s\u00e9curit\u00e9<\/strong>. Ceci avec toujours le m\u00eame objectif : <strong>arriver \u00e0 tes fins<\/strong>, mais pas au prix de douleurs inutiles. Ton projet peut rester une aventure personnelle et humaine agr\u00e9able, plut\u00f4t qu&rsquo;un chemin de p\u00e9nitence&#8230;<\/p>\n\n\n\n<p>Enfin pour rappel, voici les \u00e9tapes importantes de ta premi\u00e8re phase de gestion de projet : <\/p>\n\n\n\n<ul class=\"wp-block-list\"><li><a href=\"https:\/\/fr.twiza.org\/portail\/conception\/\" target=\"_blank\" rel=\"noreferrer noopener\">Conception<\/a><\/li><li><a href=\"https:\/\/fr.twiza.org\/portail\/maitrise-doeuvre\/\" target=\"_blank\" rel=\"noreferrer noopener\">Ma\u00eetrise d&rsquo;\u0153uvre<\/a><\/li><li><a href=\"https:\/\/fr.twiza.org\/portail\/bureau-detudes\/\" target=\"_blank\" rel=\"noreferrer noopener\">Bureau d&rsquo;\u00e9tude<\/a><\/li><li><a href=\"https:\/\/fr.twiza.org\/portail\/conseils-pour-un-projet-dhabitat\/\" target=\"_blank\" rel=\"noreferrer noopener\">Conseils projet habitat<\/a><\/li><li><a href=\"https:\/\/fr.twiza.org\/portail\/outils\/\" target=\"_blank\" rel=\"noreferrer noopener\">Outils<\/a><\/li><li><a href=\"https:\/\/fr.twiza.org\/portail\/equipements-de-protection-individuelle\/\" target=\"_blank\" rel=\"noreferrer noopener\">Equipements de protection individuelle (EPI)<\/a><\/li><\/ul>\n\n\n\n<div class=\"wp-block-group\"><div class=\"wp-block-group__inner-container is-layout-flow wp-block-group-is-layout-flow\">\n<div style=\"height:20px\" aria-hidden=\"true\" class=\"wp-block-spacer\"><\/div>\n<\/div><\/div>\n\n\n\n<div style=\"height:50px\" aria-hidden=\"true\" class=\"wp-block-spacer\"><\/div>\n\n\n\n<p><\/p>\n","protected":false},"excerpt":{"rendered":"<p>Au sein de la communaut\u00e9 Twiza nous pensons que sur le plan personnel, ton chemin doit \u00eatre aussi nourrissant et satisfaisant que ta destination. Cet id\u00e9al se construit avec pragmatisme et ce volet \u00ab\u00a0gestion du projet\u00a0\u00bb t&rsquo;offre des outils pour y acc\u00e9der. Ton projet d&rsquo;habitat est donc avant tout \u00ab\u00a0un [&hellip;]<\/p>\n","protected":false},"author":3,"featured_media":0,"parent":0,"menu_order":0,"comment_status":"closed","ping_status":"closed","template":"","meta":{"_eb_attr":"","_themeisle_gutenberg_block_has_review":false,"footnotes":""},"class_list":["post-1740","page","type-page","status-publish","hentry"],"yoast_head":"<!-- This site is optimized with the Yoast SEO Premium plugin v27.2 (Yoast SEO v27.3) - https:\/\/yoast.com\/product\/yoast-seo-premium-wordpress\/ -->\n<title>Gestion du projet<\/title>\n<meta name=\"description\" content=\"Comment optimiser la gestion de mon projet d&#039;habitat \u00e9cologique : anticiper, se faire accompagner par les bonnes personnes...\" \/>\n<meta name=\"robots\" content=\"index, follow, max-snippet:-1, max-image-preview:large, max-video-preview:-1\" \/>\n<link rel=\"canonical\" href=\"https:\/\/fr.twiza.org\/portail\/gestion-projet-habitat-ecologique\/\" \/>\n<meta property=\"og:locale\" content=\"fr_FR\" \/>\n<meta property=\"og:type\" content=\"article\" \/>\n<meta property=\"og:title\" content=\"Gestion du projet\" \/>\n<meta property=\"og:description\" content=\"Comment optimiser la gestion de mon projet d&#039;habitat \u00e9cologique : anticiper, se faire accompagner par les bonnes personnes...\" \/>\n<meta property=\"og:url\" content=\"https:\/\/fr.twiza.org\/portail\/gestion-projet-habitat-ecologique\/\" \/>\n<meta property=\"og:site_name\" content=\"R\u00e9seau Twiza\" \/>\n<meta property=\"article:publisher\" content=\"https:\/\/fr-fr.facebook.com\/Twiza.fr\/\" \/>\n<meta property=\"article:modified_time\" content=\"2022-05-18T10:18:06+00:00\" \/>\n<meta name=\"twitter:card\" content=\"summary_large_image\" \/>\n<script type=\"application\/ld+json\" class=\"yoast-schema-graph\">{\"@context\":\"https:\\\/\\\/schema.org\",\"@graph\":[{\"@type\":\"WebPage\",\"@id\":\"https:\\\/\\\/fr.twiza.org\\\/portail\\\/gestion-projet-habitat-ecologique\\\/\",\"url\":\"https:\\\/\\\/fr.twiza.org\\\/portail\\\/gestion-projet-habitat-ecologique\\\/\",\"name\":\"Gestion du projet\",\"isPartOf\":{\"@id\":\"https:\\\/\\\/fr.twiza.org\\\/portail\\\/#website\"},\"datePublished\":\"2021-10-05T15:06:11+00:00\",\"dateModified\":\"2022-05-18T10:18:06+00:00\",\"description\":\"Comment optimiser la gestion de mon projet d'habitat \u00e9cologique : anticiper, se faire accompagner par les bonnes personnes...\",\"breadcrumb\":{\"@id\":\"https:\\\/\\\/fr.twiza.org\\\/portail\\\/gestion-projet-habitat-ecologique\\\/#breadcrumb\"},\"inLanguage\":\"fr-FR\",\"potentialAction\":[{\"@type\":\"ReadAction\",\"target\":[\"https:\\\/\\\/fr.twiza.org\\\/portail\\\/gestion-projet-habitat-ecologique\\\/\"]}]},{\"@type\":\"BreadcrumbList\",\"@id\":\"https:\\\/\\\/fr.twiza.org\\\/portail\\\/gestion-projet-habitat-ecologique\\\/#breadcrumb\",\"itemListElement\":[{\"@type\":\"ListItem\",\"position\":1,\"name\":\"Accueil\",\"item\":\"https:\\\/\\\/fr.twiza.org\\\/portail\\\/\"},{\"@type\":\"ListItem\",\"position\":2,\"name\":\"Gestion du projet\"}]},{\"@type\":\"WebSite\",\"@id\":\"https:\\\/\\\/fr.twiza.org\\\/portail\\\/#website\",\"url\":\"https:\\\/\\\/fr.twiza.org\\\/portail\\\/\",\"name\":\"R\u00e9seau Twiza\",\"description\":\"Entraide pour un habitat \u00e9cologique, convivial et r\u00e9silient\",\"publisher\":{\"@id\":\"https:\\\/\\\/fr.twiza.org\\\/portail\\\/#organization\"},\"potentialAction\":[{\"@type\":\"SearchAction\",\"target\":{\"@type\":\"EntryPoint\",\"urlTemplate\":\"https:\\\/\\\/fr.twiza.org\\\/portail\\\/?s={search_term_string}\"},\"query-input\":{\"@type\":\"PropertyValueSpecification\",\"valueRequired\":true,\"valueName\":\"search_term_string\"}}],\"inLanguage\":\"fr-FR\"},{\"@type\":\"Organization\",\"@id\":\"https:\\\/\\\/fr.twiza.org\\\/portail\\\/#organization\",\"name\":\"R\u00e9seau Twiza\",\"url\":\"https:\\\/\\\/fr.twiza.org\\\/portail\\\/\",\"logo\":{\"@type\":\"ImageObject\",\"inLanguage\":\"fr-FR\",\"@id\":\"https:\\\/\\\/fr.twiza.org\\\/portail\\\/#\\\/schema\\\/logo\\\/image\\\/\",\"url\":\"https:\\\/\\\/fr.twiza.org\\\/portail\\\/wp-content\\\/uploads\\\/2021\\\/05\\\/cropped-logo-reseau-twiza.jpg\",\"contentUrl\":\"https:\\\/\\\/fr.twiza.org\\\/portail\\\/wp-content\\\/uploads\\\/2021\\\/05\\\/cropped-logo-reseau-twiza.jpg\",\"width\":400,\"height\":102,\"caption\":\"R\u00e9seau Twiza\"},\"image\":{\"@id\":\"https:\\\/\\\/fr.twiza.org\\\/portail\\\/#\\\/schema\\\/logo\\\/image\\\/\"},\"sameAs\":[\"https:\\\/\\\/fr-fr.facebook.com\\\/Twiza.fr\\\/\",\"https:\\\/\\\/www.instagram.com\\\/twiza_fr\\\/\",\"https:\\\/\\\/www.linkedin.com\\\/company\\\/reseautwiza\\\/\"]}]}<\/script>\n<!-- \/ Yoast SEO Premium plugin. -->","yoast_head_json":{"title":"Gestion du projet","description":"Comment optimiser la gestion de mon projet d'habitat \u00e9cologique : anticiper, se faire accompagner par les bonnes personnes...","robots":{"index":"index","follow":"follow","max-snippet":"max-snippet:-1","max-image-preview":"max-image-preview:large","max-video-preview":"max-video-preview:-1"},"canonical":"https:\/\/fr.twiza.org\/portail\/gestion-projet-habitat-ecologique\/","og_locale":"fr_FR","og_type":"article","og_title":"Gestion du projet","og_description":"Comment optimiser la gestion de mon projet d'habitat \u00e9cologique : anticiper, se faire accompagner par les bonnes personnes...","og_url":"https:\/\/fr.twiza.org\/portail\/gestion-projet-habitat-ecologique\/","og_site_name":"R\u00e9seau Twiza","article_publisher":"https:\/\/fr-fr.facebook.com\/Twiza.fr\/","article_modified_time":"2022-05-18T10:18:06+00:00","twitter_card":"summary_large_image","schema":{"@context":"https:\/\/schema.org","@graph":[{"@type":"WebPage","@id":"https:\/\/fr.twiza.org\/portail\/gestion-projet-habitat-ecologique\/","url":"https:\/\/fr.twiza.org\/portail\/gestion-projet-habitat-ecologique\/","name":"Gestion du projet","isPartOf":{"@id":"https:\/\/fr.twiza.org\/portail\/#website"},"datePublished":"2021-10-05T15:06:11+00:00","dateModified":"2022-05-18T10:18:06+00:00","description":"Comment optimiser la gestion de mon projet d'habitat \u00e9cologique : anticiper, se faire accompagner par les bonnes personnes...","breadcrumb":{"@id":"https:\/\/fr.twiza.org\/portail\/gestion-projet-habitat-ecologique\/#breadcrumb"},"inLanguage":"fr-FR","potentialAction":[{"@type":"ReadAction","target":["https:\/\/fr.twiza.org\/portail\/gestion-projet-habitat-ecologique\/"]}]},{"@type":"BreadcrumbList","@id":"https:\/\/fr.twiza.org\/portail\/gestion-projet-habitat-ecologique\/#breadcrumb","itemListElement":[{"@type":"ListItem","position":1,"name":"Accueil","item":"https:\/\/fr.twiza.org\/portail\/"},{"@type":"ListItem","position":2,"name":"Gestion du projet"}]},{"@type":"WebSite","@id":"https:\/\/fr.twiza.org\/portail\/#website","url":"https:\/\/fr.twiza.org\/portail\/","name":"R\u00e9seau Twiza","description":"Entraide pour un habitat \u00e9cologique, convivial et r\u00e9silient","publisher":{"@id":"https:\/\/fr.twiza.org\/portail\/#organization"},"potentialAction":[{"@type":"SearchAction","target":{"@type":"EntryPoint","urlTemplate":"https:\/\/fr.twiza.org\/portail\/?s={search_term_string}"},"query-input":{"@type":"PropertyValueSpecification","valueRequired":true,"valueName":"search_term_string"}}],"inLanguage":"fr-FR"},{"@type":"Organization","@id":"https:\/\/fr.twiza.org\/portail\/#organization","name":"R\u00e9seau Twiza","url":"https:\/\/fr.twiza.org\/portail\/","logo":{"@type":"ImageObject","inLanguage":"fr-FR","@id":"https:\/\/fr.twiza.org\/portail\/#\/schema\/logo\/image\/","url":"https:\/\/fr.twiza.org\/portail\/wp-content\/uploads\/2021\/05\/cropped-logo-reseau-twiza.jpg","contentUrl":"https:\/\/fr.twiza.org\/portail\/wp-content\/uploads\/2021\/05\/cropped-logo-reseau-twiza.jpg","width":400,"height":102,"caption":"R\u00e9seau Twiza"},"image":{"@id":"https:\/\/fr.twiza.org\/portail\/#\/schema\/logo\/image\/"},"sameAs":["https:\/\/fr-fr.facebook.com\/Twiza.fr\/","https:\/\/www.instagram.com\/twiza_fr\/","https:\/\/www.linkedin.com\/company\/reseautwiza\/"]}]}},"jetpack_sharing_enabled":true,"_links":{"self":[{"href":"https:\/\/fr.twiza.org\/portail\/wp-json\/wp\/v2\/pages\/1740","targetHints":{"allow":["GET"]}}],"collection":[{"href":"https:\/\/fr.twiza.org\/portail\/wp-json\/wp\/v2\/pages"}],"about":[{"href":"https:\/\/fr.twiza.org\/portail\/wp-json\/wp\/v2\/types\/page"}],"author":[{"embeddable":true,"href":"https:\/\/fr.twiza.org\/portail\/wp-json\/wp\/v2\/users\/3"}],"replies":[{"embeddable":true,"href":"https:\/\/fr.twiza.org\/portail\/wp-json\/wp\/v2\/comments?post=1740"}],"version-history":[{"count":16,"href":"https:\/\/fr.twiza.org\/portail\/wp-json\/wp\/v2\/pages\/1740\/revisions"}],"predecessor-version":[{"id":5031,"href":"https:\/\/fr.twiza.org\/portail\/wp-json\/wp\/v2\/pages\/1740\/revisions\/5031"}],"wp:attachment":[{"href":"https:\/\/fr.twiza.org\/portail\/wp-json\/wp\/v2\/media?parent=1740"}],"curies":[{"name":"wp","href":"https:\/\/api.w.org\/{rel}","templated":true}]}}