{"id":1746,"date":"2021-10-05T16:25:48","date_gmt":"2021-10-05T14:25:48","guid":{"rendered":"https:\/\/fr.twiza.org\/portail\/?page_id=1746"},"modified":"2022-05-20T17:45:48","modified_gmt":"2022-05-20T15:45:48","slug":"conception","status":"publish","type":"page","link":"https:\/\/fr.twiza.org\/portail\/conception\/","title":{"rendered":"Conception"},"content":{"rendered":"\n<figure class=\"wp-block-image\"><img fetchpriority=\"high\" decoding=\"async\" width=\"1280\" height=\"719\" src=\"https:\/\/fr.twiza.org\/portail\/wp-content\/uploads\/2021\/08\/Image-conception-1-O-1-edited.jpeg\" alt=\"La conception d'un projet d'habitat \u00e9cologique, \u00e9tape clef d'un projet bien men\u00e9\" class=\"wp-image-2634\" srcset=\"https:\/\/fr.twiza.org\/portail\/wp-content\/uploads\/2021\/08\/Image-conception-1-O-1-edited.jpeg 1280w, https:\/\/fr.twiza.org\/portail\/wp-content\/uploads\/2021\/08\/Image-conception-1-O-1-edited-600x337.jpeg 600w, https:\/\/fr.twiza.org\/portail\/wp-content\/uploads\/2021\/08\/Image-conception-1-O-1-edited-300x169.jpeg 300w, https:\/\/fr.twiza.org\/portail\/wp-content\/uploads\/2021\/08\/Image-conception-1-O-1-edited-1024x575.jpeg 1024w, https:\/\/fr.twiza.org\/portail\/wp-content\/uploads\/2021\/08\/Image-conception-1-O-1-edited-768x431.jpeg 768w\" sizes=\"(max-width: 1280px) 100vw, 1280px\" \/><\/figure>\n\n\n\n<h2 class=\"wp-block-heading\">Conception : d\u00e9finition<\/h2>\n\n\n\n<p>La phase de <strong>conception<\/strong> est une \u00e9tape clef pour la r\u00e9ussite de ton projet. En effet, tu d\u00e9cides des <strong>plans<\/strong>, des <strong>aspects ext\u00e9rieurs<\/strong>, de la structure, ainsi que de <strong>l&rsquo;implantation<\/strong> de ta future maison sur ton terrain. Autrement dit, c&rsquo;est une \u00e9tape qui requiert beaucoup de <strong>r\u00e9flexion<\/strong> et de <strong>connaissances<\/strong> pour faire <strong>les bons choix<\/strong>.<\/p>\n\n\n\n<p>Concevoir ta propre maison n&rsquo;est pas une chose facile ! Tu peux vite te sentir perdu entre les plans, le chiffrage, les diff\u00e9rents choix techniques et les multiples proc\u00e9dures administratives. Pourquoi donc ne pas t&rsquo;entourer d&rsquo;un <strong>architecte<\/strong> afin d&rsquo;\u00eatre assist\u00e9.e lors de cette \u00e9tape cruciale ?<\/p>\n\n\n\n<p>Contrairement \u00e0 ce que l&rsquo;on pourrait penser un <strong>architecte<\/strong> porte souvent un grand int\u00e9r\u00eat aux projets d&rsquo;<strong>auto-construction<\/strong>. De plus, le co\u00fbt de sa prestation est g\u00e9n\u00e9ralement <strong>amorti<\/strong> par les <strong>\u00e9conomies<\/strong> qu&rsquo;il g\u00e9n\u00e8re gr\u00e2ce \u00e0 une bonne <strong>organisation<\/strong> de chantier et\/ou de <strong>choix techniques<\/strong> judicieux (mise en \u0153uvre, calepinage etc&#8230;).<\/p>\n\n\n\n<p>Une fois ton \u00e9tape de <strong>conception<\/strong> termin\u00e9e, le suivi de tes travaux peut \u00eatre confi\u00e9 \u00e0 un <strong>ma\u00eetre d&rsquo;\u0153uvre<\/strong>, tel qu&rsquo;un architecte encore une fois. N&rsquo;h\u00e9site pas \u00e0 te renseigner sur les diff\u00e9rents types de <a href=\"https:\/\/fr.twiza.org\/portail\/maitrise-doeuvre\/\" target=\"_blank\" rel=\"noreferrer noopener\">ma\u00eetrise d&rsquo;\u0153uvre<\/a> existantes avant de faire ton choix.<\/p>\n\n\n\n<h2 class=\"wp-block-heading\" id=\"h-les-bonnes-questions-a-se-poser\">Les bonnes questions \u00e0 se poser<\/h2>\n\n\n\n<ul class=\"wp-block-list\"><li>Est-il vraiment pertinent pour ton projet de faire l&rsquo;\u00e9conomie d&rsquo;un <strong>architecte<\/strong> ou d&rsquo;une <strong>assistance<\/strong> \u00e0 la <strong>conception<\/strong> ?<\/li><\/ul>\n\n\n\n<p><\/p>\n\n\n\n<ul class=\"wp-block-list\"><li>Te sens-tu en confiance ? As-tu l&rsquo;impression que ton <strong>architecte<\/strong> a bien cern\u00e9 tes <strong>besoins<\/strong> ?<\/li><\/ul>\n\n\n\n<h2 class=\"wp-block-heading\">Les points de vigilance<\/h2>\n\n\n\n<ul class=\"wp-block-list\"><li>N&rsquo;h\u00e9site pas \u00e0 <strong>aller voir<\/strong>, sur place, <strong>d&rsquo;autres projets <\/strong>r\u00e9alis\u00e9s par le professionnel qui t&rsquo;int\u00e9resse. Ainsi tu pourras confirmer ou non si vous \u00eates r\u00e9ellement sur la m\u00eame longueur d&rsquo;onde. Enfin, pourquoi pas essayer de discuter avec d&rsquo;anciens clients \u00e0 lui, afin de confirmer ton choix.<\/li><\/ul>\n\n\n\n<p><\/p>\n\n\n\n<ul class=\"wp-block-list\"><li>Garde l&rsquo;\u0153il sur l&rsquo;\u00e9volution du <strong>budget pr\u00e9visionnel<\/strong> de ton projet pour t&rsquo;assurer que la <strong>conception<\/strong> soit en accord avec tes finances.<\/li><\/ul>\n\n\n\n<p><\/p>\n\n\n\n<ul class=\"wp-block-list\"><li>Si la <strong>surface <\/strong>de<strong> <\/strong>ton plancher fait <strong>150m<sup>2<\/sup><\/strong> ou plus, tu es dans l&rsquo;obligation d&rsquo;avoir recours \u00e0 un <strong>architecte<\/strong>.<\/li><\/ul>\n\n\n\n<p><\/p>\n\n\n\n<div class=\"wp-block-group\"><div class=\"wp-block-group__inner-container is-layout-flow wp-block-group-is-layout-flow\">\n<h2 class=\"wp-block-heading\">R\u00e9f\u00e9rences documentaires<\/h2>\n\n\n\n<ul class=\"wp-block-list\"><li>D\u00e9cret n\u00b02016-1738 du 14 d\u00e9cembre 2016 relatif \u00e0 des dispenses de recours \u00e0 un architecte<\/li><li>Code de d\u00e9ontologie des architectes :&nbsp;<a href=\"http:\/\/www.architectes.org\/code-de-deontologie-des-architectes\" target=\"_blank\" rel=\"noreferrer noopener\">http:\/\/www.architectes.org\/code-de-deontologie-des-architectes<\/a><\/li><\/ul>\n\n\n\n<div style=\"height:50px\" aria-hidden=\"true\" class=\"wp-block-spacer\"><\/div>\n<\/div><\/div>\n\n\n\n<div style=\"height:20px\" aria-hidden=\"true\" class=\"wp-block-spacer\"><\/div>\n","protected":false},"excerpt":{"rendered":"<p>Conception : d\u00e9finition La phase de conception est une \u00e9tape clef pour la r\u00e9ussite de ton projet. En effet, tu d\u00e9cides des plans, des aspects ext\u00e9rieurs, de la structure, ainsi que de l&rsquo;implantation de ta future maison sur ton terrain. Autrement dit, c&rsquo;est une \u00e9tape qui requiert beaucoup de r\u00e9flexion [&hellip;]<\/p>\n","protected":false},"author":3,"featured_media":0,"parent":0,"menu_order":0,"comment_status":"closed","ping_status":"closed","template":"","meta":{"_eb_attr":"","_themeisle_gutenberg_block_has_review":false,"footnotes":""},"class_list":["post-1746","page","type-page","status-publish","hentry"],"yoast_head":"<!-- This site is optimized with the Yoast SEO Premium plugin v27.2 (Yoast SEO v27.4) - https:\/\/yoast.com\/product\/yoast-seo-premium-wordpress\/ -->\n<title>Conception<\/title>\n<meta name=\"description\" content=\"Conception de mon habitat \u00e9cologique : c&#039;est une \u00e9tape clef pour la r\u00e9ussite de mon projet n\u00e9cessitant r\u00e9flexion, connaissances techniques...\" \/>\n<meta name=\"robots\" content=\"index, follow, max-snippet:-1, max-image-preview:large, max-video-preview:-1\" \/>\n<link rel=\"canonical\" href=\"https:\/\/fr.twiza.org\/portail\/conception\/\" \/>\n<meta property=\"og:locale\" content=\"fr_FR\" \/>\n<meta property=\"og:type\" content=\"article\" \/>\n<meta property=\"og:title\" content=\"Conception\" \/>\n<meta property=\"og:description\" content=\"Conception de mon habitat \u00e9cologique : c&#039;est une \u00e9tape clef pour la r\u00e9ussite de mon projet n\u00e9cessitant r\u00e9flexion, connaissances techniques...\" \/>\n<meta property=\"og:url\" content=\"https:\/\/fr.twiza.org\/portail\/conception\/\" \/>\n<meta property=\"og:site_name\" content=\"R\u00e9seau Twiza\" \/>\n<meta property=\"article:publisher\" content=\"https:\/\/fr-fr.facebook.com\/Twiza.fr\/\" \/>\n<meta property=\"article:modified_time\" content=\"2022-05-20T15:45:48+00:00\" \/>\n<meta property=\"og:image\" content=\"https:\/\/fr.twiza.org\/portail\/wp-content\/uploads\/2021\/08\/Image-conception-1-O-1-edited.jpeg\" \/>\n<meta name=\"twitter:card\" content=\"summary_large_image\" \/>\n<script type=\"application\/ld+json\" class=\"yoast-schema-graph\">{\"@context\":\"https:\\\/\\\/schema.org\",\"@graph\":[{\"@type\":\"WebPage\",\"@id\":\"https:\\\/\\\/fr.twiza.org\\\/portail\\\/conception\\\/\",\"url\":\"https:\\\/\\\/fr.twiza.org\\\/portail\\\/conception\\\/\",\"name\":\"Conception\",\"isPartOf\":{\"@id\":\"https:\\\/\\\/fr.twiza.org\\\/portail\\\/#website\"},\"primaryImageOfPage\":{\"@id\":\"https:\\\/\\\/fr.twiza.org\\\/portail\\\/conception\\\/#primaryimage\"},\"image\":{\"@id\":\"https:\\\/\\\/fr.twiza.org\\\/portail\\\/conception\\\/#primaryimage\"},\"thumbnailUrl\":\"https:\\\/\\\/fr.twiza.org\\\/portail\\\/wp-content\\\/uploads\\\/2021\\\/08\\\/Image-conception-1-O-1-edited.jpeg\",\"datePublished\":\"2021-10-05T14:25:48+00:00\",\"dateModified\":\"2022-05-20T15:45:48+00:00\",\"description\":\"Conception de mon habitat \u00e9cologique : c'est une \u00e9tape clef pour la r\u00e9ussite de mon projet n\u00e9cessitant r\u00e9flexion, connaissances techniques...\",\"breadcrumb\":{\"@id\":\"https:\\\/\\\/fr.twiza.org\\\/portail\\\/conception\\\/#breadcrumb\"},\"inLanguage\":\"fr-FR\",\"potentialAction\":[{\"@type\":\"ReadAction\",\"target\":[\"https:\\\/\\\/fr.twiza.org\\\/portail\\\/conception\\\/\"]}]},{\"@type\":\"ImageObject\",\"inLanguage\":\"fr-FR\",\"@id\":\"https:\\\/\\\/fr.twiza.org\\\/portail\\\/conception\\\/#primaryimage\",\"url\":\"https:\\\/\\\/fr.twiza.org\\\/portail\\\/wp-content\\\/uploads\\\/2021\\\/08\\\/Image-conception-1-O-1-edited.jpeg\",\"contentUrl\":\"https:\\\/\\\/fr.twiza.org\\\/portail\\\/wp-content\\\/uploads\\\/2021\\\/08\\\/Image-conception-1-O-1-edited.jpeg\",\"width\":1280,\"height\":719},{\"@type\":\"BreadcrumbList\",\"@id\":\"https:\\\/\\\/fr.twiza.org\\\/portail\\\/conception\\\/#breadcrumb\",\"itemListElement\":[{\"@type\":\"ListItem\",\"position\":1,\"name\":\"Accueil\",\"item\":\"https:\\\/\\\/fr.twiza.org\\\/portail\\\/\"},{\"@type\":\"ListItem\",\"position\":2,\"name\":\"Conception\"}]},{\"@type\":\"WebSite\",\"@id\":\"https:\\\/\\\/fr.twiza.org\\\/portail\\\/#website\",\"url\":\"https:\\\/\\\/fr.twiza.org\\\/portail\\\/\",\"name\":\"R\u00e9seau Twiza\",\"description\":\"Entraide pour un habitat \u00e9cologique, convivial et r\u00e9silient\",\"publisher\":{\"@id\":\"https:\\\/\\\/fr.twiza.org\\\/portail\\\/#organization\"},\"potentialAction\":[{\"@type\":\"SearchAction\",\"target\":{\"@type\":\"EntryPoint\",\"urlTemplate\":\"https:\\\/\\\/fr.twiza.org\\\/portail\\\/?s={search_term_string}\"},\"query-input\":{\"@type\":\"PropertyValueSpecification\",\"valueRequired\":true,\"valueName\":\"search_term_string\"}}],\"inLanguage\":\"fr-FR\"},{\"@type\":\"Organization\",\"@id\":\"https:\\\/\\\/fr.twiza.org\\\/portail\\\/#organization\",\"name\":\"R\u00e9seau Twiza\",\"url\":\"https:\\\/\\\/fr.twiza.org\\\/portail\\\/\",\"logo\":{\"@type\":\"ImageObject\",\"inLanguage\":\"fr-FR\",\"@id\":\"https:\\\/\\\/fr.twiza.org\\\/portail\\\/#\\\/schema\\\/logo\\\/image\\\/\",\"url\":\"https:\\\/\\\/fr.twiza.org\\\/portail\\\/wp-content\\\/uploads\\\/2021\\\/05\\\/cropped-logo-reseau-twiza.jpg\",\"contentUrl\":\"https:\\\/\\\/fr.twiza.org\\\/portail\\\/wp-content\\\/uploads\\\/2021\\\/05\\\/cropped-logo-reseau-twiza.jpg\",\"width\":400,\"height\":102,\"caption\":\"R\u00e9seau Twiza\"},\"image\":{\"@id\":\"https:\\\/\\\/fr.twiza.org\\\/portail\\\/#\\\/schema\\\/logo\\\/image\\\/\"},\"sameAs\":[\"https:\\\/\\\/fr-fr.facebook.com\\\/Twiza.fr\\\/\",\"https:\\\/\\\/www.instagram.com\\\/twiza_fr\\\/\",\"https:\\\/\\\/www.linkedin.com\\\/company\\\/reseautwiza\\\/\"]}]}<\/script>\n<!-- \/ Yoast SEO Premium plugin. -->","yoast_head_json":{"title":"Conception","description":"Conception de mon habitat \u00e9cologique : c'est une \u00e9tape clef pour la r\u00e9ussite de mon projet n\u00e9cessitant r\u00e9flexion, connaissances techniques...","robots":{"index":"index","follow":"follow","max-snippet":"max-snippet:-1","max-image-preview":"max-image-preview:large","max-video-preview":"max-video-preview:-1"},"canonical":"https:\/\/fr.twiza.org\/portail\/conception\/","og_locale":"fr_FR","og_type":"article","og_title":"Conception","og_description":"Conception de mon habitat \u00e9cologique : c'est une \u00e9tape clef pour la r\u00e9ussite de mon projet n\u00e9cessitant r\u00e9flexion, connaissances techniques...","og_url":"https:\/\/fr.twiza.org\/portail\/conception\/","og_site_name":"R\u00e9seau Twiza","article_publisher":"https:\/\/fr-fr.facebook.com\/Twiza.fr\/","article_modified_time":"2022-05-20T15:45:48+00:00","og_image":[{"url":"https:\/\/fr.twiza.org\/portail\/wp-content\/uploads\/2021\/08\/Image-conception-1-O-1-edited.jpeg","type":"","width":"","height":""}],"twitter_card":"summary_large_image","schema":{"@context":"https:\/\/schema.org","@graph":[{"@type":"WebPage","@id":"https:\/\/fr.twiza.org\/portail\/conception\/","url":"https:\/\/fr.twiza.org\/portail\/conception\/","name":"Conception","isPartOf":{"@id":"https:\/\/fr.twiza.org\/portail\/#website"},"primaryImageOfPage":{"@id":"https:\/\/fr.twiza.org\/portail\/conception\/#primaryimage"},"image":{"@id":"https:\/\/fr.twiza.org\/portail\/conception\/#primaryimage"},"thumbnailUrl":"https:\/\/fr.twiza.org\/portail\/wp-content\/uploads\/2021\/08\/Image-conception-1-O-1-edited.jpeg","datePublished":"2021-10-05T14:25:48+00:00","dateModified":"2022-05-20T15:45:48+00:00","description":"Conception de mon habitat \u00e9cologique : c'est une \u00e9tape clef pour la r\u00e9ussite de mon projet n\u00e9cessitant r\u00e9flexion, connaissances techniques...","breadcrumb":{"@id":"https:\/\/fr.twiza.org\/portail\/conception\/#breadcrumb"},"inLanguage":"fr-FR","potentialAction":[{"@type":"ReadAction","target":["https:\/\/fr.twiza.org\/portail\/conception\/"]}]},{"@type":"ImageObject","inLanguage":"fr-FR","@id":"https:\/\/fr.twiza.org\/portail\/conception\/#primaryimage","url":"https:\/\/fr.twiza.org\/portail\/wp-content\/uploads\/2021\/08\/Image-conception-1-O-1-edited.jpeg","contentUrl":"https:\/\/fr.twiza.org\/portail\/wp-content\/uploads\/2021\/08\/Image-conception-1-O-1-edited.jpeg","width":1280,"height":719},{"@type":"BreadcrumbList","@id":"https:\/\/fr.twiza.org\/portail\/conception\/#breadcrumb","itemListElement":[{"@type":"ListItem","position":1,"name":"Accueil","item":"https:\/\/fr.twiza.org\/portail\/"},{"@type":"ListItem","position":2,"name":"Conception"}]},{"@type":"WebSite","@id":"https:\/\/fr.twiza.org\/portail\/#website","url":"https:\/\/fr.twiza.org\/portail\/","name":"R\u00e9seau Twiza","description":"Entraide pour un habitat \u00e9cologique, convivial et r\u00e9silient","publisher":{"@id":"https:\/\/fr.twiza.org\/portail\/#organization"},"potentialAction":[{"@type":"SearchAction","target":{"@type":"EntryPoint","urlTemplate":"https:\/\/fr.twiza.org\/portail\/?s={search_term_string}"},"query-input":{"@type":"PropertyValueSpecification","valueRequired":true,"valueName":"search_term_string"}}],"inLanguage":"fr-FR"},{"@type":"Organization","@id":"https:\/\/fr.twiza.org\/portail\/#organization","name":"R\u00e9seau Twiza","url":"https:\/\/fr.twiza.org\/portail\/","logo":{"@type":"ImageObject","inLanguage":"fr-FR","@id":"https:\/\/fr.twiza.org\/portail\/#\/schema\/logo\/image\/","url":"https:\/\/fr.twiza.org\/portail\/wp-content\/uploads\/2021\/05\/cropped-logo-reseau-twiza.jpg","contentUrl":"https:\/\/fr.twiza.org\/portail\/wp-content\/uploads\/2021\/05\/cropped-logo-reseau-twiza.jpg","width":400,"height":102,"caption":"R\u00e9seau Twiza"},"image":{"@id":"https:\/\/fr.twiza.org\/portail\/#\/schema\/logo\/image\/"},"sameAs":["https:\/\/fr-fr.facebook.com\/Twiza.fr\/","https:\/\/www.instagram.com\/twiza_fr\/","https:\/\/www.linkedin.com\/company\/reseautwiza\/"]}]}},"jetpack_sharing_enabled":true,"_links":{"self":[{"href":"https:\/\/fr.twiza.org\/portail\/wp-json\/wp\/v2\/pages\/1746","targetHints":{"allow":["GET"]}}],"collection":[{"href":"https:\/\/fr.twiza.org\/portail\/wp-json\/wp\/v2\/pages"}],"about":[{"href":"https:\/\/fr.twiza.org\/portail\/wp-json\/wp\/v2\/types\/page"}],"author":[{"embeddable":true,"href":"https:\/\/fr.twiza.org\/portail\/wp-json\/wp\/v2\/users\/3"}],"replies":[{"embeddable":true,"href":"https:\/\/fr.twiza.org\/portail\/wp-json\/wp\/v2\/comments?post=1746"}],"version-history":[{"count":32,"href":"https:\/\/fr.twiza.org\/portail\/wp-json\/wp\/v2\/pages\/1746\/revisions"}],"predecessor-version":[{"id":5323,"href":"https:\/\/fr.twiza.org\/portail\/wp-json\/wp\/v2\/pages\/1746\/revisions\/5323"}],"wp:attachment":[{"href":"https:\/\/fr.twiza.org\/portail\/wp-json\/wp\/v2\/media?parent=1746"}],"curies":[{"name":"wp","href":"https:\/\/api.w.org\/{rel}","templated":true}]}}