{"id":1752,"date":"2021-10-05T15:58:09","date_gmt":"2021-10-05T13:58:09","guid":{"rendered":"https:\/\/fr.twiza.org\/portail\/?page_id=1752"},"modified":"2022-05-18T12:56:02","modified_gmt":"2022-05-18T10:56:02","slug":"maitrise-doeuvre","status":"publish","type":"page","link":"https:\/\/fr.twiza.org\/portail\/maitrise-doeuvre\/","title":{"rendered":"Ma\u00eetrise d&rsquo;\u0153uvre"},"content":{"rendered":"\n<figure class=\"wp-block-image size-large\"><img fetchpriority=\"high\" decoding=\"async\" width=\"1200\" height=\"675\" src=\"https:\/\/fr.twiza.org\/portail\/wp-content\/uploads\/2021\/08\/DEF-Mai\u0302trise-doeuvre-1200px-edited.jpeg\" alt=\"Projet d'habitat : ma\u00eetrise d'\u0153uvre \" class=\"wp-image-2639\" srcset=\"https:\/\/fr.twiza.org\/portail\/wp-content\/uploads\/2021\/08\/DEF-Mai\u0302trise-doeuvre-1200px-edited.jpeg 1200w, https:\/\/fr.twiza.org\/portail\/wp-content\/uploads\/2021\/08\/DEF-Mai\u0302trise-doeuvre-1200px-edited-600x338.jpeg 600w, https:\/\/fr.twiza.org\/portail\/wp-content\/uploads\/2021\/08\/DEF-Mai\u0302trise-doeuvre-1200px-edited-300x169.jpeg 300w, https:\/\/fr.twiza.org\/portail\/wp-content\/uploads\/2021\/08\/DEF-Mai\u0302trise-doeuvre-1200px-edited-1024x576.jpeg 1024w, https:\/\/fr.twiza.org\/portail\/wp-content\/uploads\/2021\/08\/DEF-Mai\u0302trise-doeuvre-1200px-edited-768x432.jpeg 768w\" sizes=\"(max-width: 1200px) 100vw, 1200px\" \/><\/figure>\n\n\n\n<h2 class=\"wp-block-heading\">Ma\u00eetrise d&rsquo;\u0153uvre : d\u00e9finition<\/h2>\n\n\n\n<p>Le r\u00f4le du <strong>ma\u00eetre d&rsquo;\u0153uvre<\/strong> est de t&rsquo;assister \u00ab\u00a0toi\u00a0\u00bb, le <strong>ma\u00eetre d&rsquo;ouvrage<\/strong> (propri\u00e9taire du projet), dans tes prises de d\u00e9cisions, depuis la phase <a href=\"https:\/\/fr.twiza.org\/portail\/conception\/\" target=\"_blank\" rel=\"noreferrer noopener\">conception<\/a> jusqu&rsquo;\u00e0 la phase finale de r\u00e9ception.<\/p>\n\n\n\n<p>Si tu fais appel \u00e0 un <strong>architecte<\/strong> pour la phase <a href=\"https:\/\/fr.twiza.org\/portail\/conception\/\" target=\"_blank\" rel=\"noreferrer noopener\">conception<\/a>, le <strong>ma\u00eetre d&rsquo;\u0153uvre<\/strong> aura alors pour r\u00f4le de <strong>g\u00e9rer<\/strong> le <strong>chantier<\/strong> : coordination des diff\u00e9rents professionnels, planning, r\u00e9ception des lots etc&#8230;<\/p>\n\n\n\n<p>Les fonctions de <strong>ma\u00eetrise<\/strong> <strong>d&rsquo;\u0153uvre<\/strong> peuvent \u00eatre assur\u00e9es par diff\u00e9rents types de professions, soit :<\/p>\n\n\n\n<ul class=\"wp-block-list\"><li>un <strong>architecte<\/strong><\/li><li>un <a href=\"https:\/\/fr.twiza.org\/portail\/bureau-detudes\/\" target=\"_blank\" rel=\"noreferrer noopener\">bureau d&rsquo;\u00e9tudes<\/a><\/li><li>un <strong>ing\u00e9nieur<\/strong> <\/li><li>un <strong>ma\u00eetre d&rsquo;\u0153uvre<\/strong> d&rsquo;un cabinet sp\u00e9cialis\u00e9<\/li><\/ul>\n\n\n\n<p>Enfin, tu n&rsquo;es pas oblig\u00e9 de faire appel \u00e0 un <strong>ma\u00eetre d&rsquo;\u0153uvre<\/strong>. Mais l&rsquo;avantage de le faire est de profiter de son exp\u00e9rience de gestion de chantier de construction de particuliers. Ainsi il sera \u00e0 m\u00eame de t&rsquo;aider \u00e0 trouver des <strong>techniques<\/strong>, des <strong>mat\u00e9riaux<\/strong>, des <strong>id\u00e9es<\/strong> et des <strong>entreprises<\/strong> correspondants au mieux \u00e0 tes attentes.<\/p>\n\n\n\n<h2 class=\"wp-block-heading\"><strong>Les bonnes questions \u00e0 se poser<\/strong><\/h2>\n\n\n\n<ul class=\"wp-block-list\"><li>Comment trouver un <strong>ma\u00eetre d&rsquo;\u0153uvre<\/strong> qui soit comp\u00e9tent mais aussi \u00e0 l&rsquo;\u00e9coute de tes<strong> besoins<\/strong> ?<\/li><\/ul>\n\n\n\n<p><\/p>\n\n\n\n<ul class=\"wp-block-list\"><li>Le <strong>ma\u00eetre d&rsquo;\u0153uvre<\/strong> que tu as choisi travaille-t-il avec des artisans qui utilisent les <strong>techniques<\/strong> et les <strong>mat\u00e9riaux<\/strong> que tu souhaites pour ton projet ?<\/li><\/ul>\n\n\n\n<p><\/p>\n\n\n\n<div class=\"wp-block-group is-style-default\"><div class=\"wp-block-group__inner-container is-layout-flow wp-block-group-is-layout-flow\">\n<div class=\"wp-block-group is-style-twentytwentyone-border\"><div class=\"wp-block-group__inner-container is-layout-flow wp-block-group-is-layout-flow\">\n<h2 class=\"wp-block-heading\" id=\"h-les-points-de-vigilance\"><strong>Les points de vigilance<\/strong><\/h2>\n\n\n\n<ul class=\"wp-block-list\"><li>N&rsquo;oublie pas de v\u00e9rifier les <strong>r\u00e9f\u00e9rences<\/strong> du <strong>ma\u00eetre d&rsquo;\u0153uvre<\/strong> avant de t&rsquo;engager d\u00e9finitivement avec lui.<\/li><\/ul>\n\n\n\n<p><\/p>\n\n\n\n<ul class=\"wp-block-list\"><li>Pense \u00e0 souscrire \u00e0 une <strong>assurance<\/strong> <strong>dommage-ouvrage<\/strong> afin de te prot\u00e9ger d&rsquo;un \u00e9ventuel vice de construction.<\/li><\/ul>\n\n\n\n<div style=\"height:20px\" aria-hidden=\"true\" class=\"wp-block-spacer\"><\/div>\n<\/div><\/div>\n<\/div><\/div>\n\n\n\n<div style=\"height:50px\" aria-hidden=\"true\" class=\"wp-block-spacer\"><\/div>\n","protected":false},"excerpt":{"rendered":"<p>Ma\u00eetrise d&rsquo;\u0153uvre : d\u00e9finition Le r\u00f4le du ma\u00eetre d&rsquo;\u0153uvre est de t&rsquo;assister \u00ab\u00a0toi\u00a0\u00bb, le ma\u00eetre d&rsquo;ouvrage (propri\u00e9taire du projet), dans tes prises de d\u00e9cisions, depuis la phase conception jusqu&rsquo;\u00e0 la phase finale de r\u00e9ception. Si tu fais appel \u00e0 un architecte pour la phase conception, le ma\u00eetre d&rsquo;\u0153uvre aura alors [&hellip;]<\/p>\n","protected":false},"author":3,"featured_media":0,"parent":0,"menu_order":0,"comment_status":"closed","ping_status":"closed","template":"","meta":{"_eb_attr":"","_themeisle_gutenberg_block_has_review":false,"footnotes":""},"class_list":["post-1752","page","type-page","status-publish","hentry"],"yoast_head":"<!-- This site is optimized with the Yoast SEO Premium plugin v27.2 (Yoast SEO v27.3) - https:\/\/yoast.com\/product\/yoast-seo-premium-wordpress\/ -->\n<title>Ma\u00eetrise d&#039;\u0153uvre<\/title>\n<meta name=\"description\" content=\"Qu&#039;est-ce qu&#039;un ma\u00eetre d&#039;\u0153uvre ? Un professionnel qui t&#039;aide pour la conception et la gestion de ton chantier : architecte, bureau d&#039;\u00e9tudes..\" \/>\n<meta name=\"robots\" content=\"index, follow, max-snippet:-1, max-image-preview:large, max-video-preview:-1\" \/>\n<link rel=\"canonical\" href=\"https:\/\/fr.twiza.org\/portail\/maitrise-doeuvre\/\" \/>\n<meta property=\"og:locale\" content=\"fr_FR\" \/>\n<meta property=\"og:type\" content=\"article\" \/>\n<meta property=\"og:title\" content=\"Ma\u00eetrise d&#039;\u0153uvre\" \/>\n<meta property=\"og:description\" content=\"Qu&#039;est-ce qu&#039;un ma\u00eetre d&#039;\u0153uvre ? Un professionnel qui t&#039;aide pour la conception et la gestion de ton chantier : architecte, bureau d&#039;\u00e9tudes..\" \/>\n<meta property=\"og:url\" content=\"https:\/\/fr.twiza.org\/portail\/maitrise-doeuvre\/\" \/>\n<meta property=\"og:site_name\" content=\"R\u00e9seau Twiza\" \/>\n<meta property=\"article:publisher\" content=\"https:\/\/fr-fr.facebook.com\/Twiza.fr\/\" \/>\n<meta property=\"article:modified_time\" content=\"2022-05-18T10:56:02+00:00\" \/>\n<meta name=\"twitter:card\" content=\"summary_large_image\" \/>\n<script type=\"application\/ld+json\" class=\"yoast-schema-graph\">{\"@context\":\"https:\\\/\\\/schema.org\",\"@graph\":[{\"@type\":\"WebPage\",\"@id\":\"https:\\\/\\\/fr.twiza.org\\\/portail\\\/maitrise-doeuvre\\\/\",\"url\":\"https:\\\/\\\/fr.twiza.org\\\/portail\\\/maitrise-doeuvre\\\/\",\"name\":\"Ma\u00eetrise d'\u0153uvre\",\"isPartOf\":{\"@id\":\"https:\\\/\\\/fr.twiza.org\\\/portail\\\/#website\"},\"datePublished\":\"2021-10-05T13:58:09+00:00\",\"dateModified\":\"2022-05-18T10:56:02+00:00\",\"description\":\"Qu'est-ce qu'un ma\u00eetre d'\u0153uvre ? Un professionnel qui t'aide pour la conception et la gestion de ton chantier : architecte, bureau d'\u00e9tudes..\",\"breadcrumb\":{\"@id\":\"https:\\\/\\\/fr.twiza.org\\\/portail\\\/maitrise-doeuvre\\\/#breadcrumb\"},\"inLanguage\":\"fr-FR\",\"potentialAction\":[{\"@type\":\"ReadAction\",\"target\":[\"https:\\\/\\\/fr.twiza.org\\\/portail\\\/maitrise-doeuvre\\\/\"]}]},{\"@type\":\"BreadcrumbList\",\"@id\":\"https:\\\/\\\/fr.twiza.org\\\/portail\\\/maitrise-doeuvre\\\/#breadcrumb\",\"itemListElement\":[{\"@type\":\"ListItem\",\"position\":1,\"name\":\"Accueil\",\"item\":\"https:\\\/\\\/fr.twiza.org\\\/portail\\\/\"},{\"@type\":\"ListItem\",\"position\":2,\"name\":\"Ma\u00eetrise d&rsquo;\u0153uvre\"}]},{\"@type\":\"WebSite\",\"@id\":\"https:\\\/\\\/fr.twiza.org\\\/portail\\\/#website\",\"url\":\"https:\\\/\\\/fr.twiza.org\\\/portail\\\/\",\"name\":\"R\u00e9seau Twiza\",\"description\":\"Entraide pour un habitat \u00e9cologique, convivial et r\u00e9silient\",\"publisher\":{\"@id\":\"https:\\\/\\\/fr.twiza.org\\\/portail\\\/#organization\"},\"potentialAction\":[{\"@type\":\"SearchAction\",\"target\":{\"@type\":\"EntryPoint\",\"urlTemplate\":\"https:\\\/\\\/fr.twiza.org\\\/portail\\\/?s={search_term_string}\"},\"query-input\":{\"@type\":\"PropertyValueSpecification\",\"valueRequired\":true,\"valueName\":\"search_term_string\"}}],\"inLanguage\":\"fr-FR\"},{\"@type\":\"Organization\",\"@id\":\"https:\\\/\\\/fr.twiza.org\\\/portail\\\/#organization\",\"name\":\"R\u00e9seau Twiza\",\"url\":\"https:\\\/\\\/fr.twiza.org\\\/portail\\\/\",\"logo\":{\"@type\":\"ImageObject\",\"inLanguage\":\"fr-FR\",\"@id\":\"https:\\\/\\\/fr.twiza.org\\\/portail\\\/#\\\/schema\\\/logo\\\/image\\\/\",\"url\":\"https:\\\/\\\/fr.twiza.org\\\/portail\\\/wp-content\\\/uploads\\\/2021\\\/05\\\/cropped-logo-reseau-twiza.jpg\",\"contentUrl\":\"https:\\\/\\\/fr.twiza.org\\\/portail\\\/wp-content\\\/uploads\\\/2021\\\/05\\\/cropped-logo-reseau-twiza.jpg\",\"width\":400,\"height\":102,\"caption\":\"R\u00e9seau Twiza\"},\"image\":{\"@id\":\"https:\\\/\\\/fr.twiza.org\\\/portail\\\/#\\\/schema\\\/logo\\\/image\\\/\"},\"sameAs\":[\"https:\\\/\\\/fr-fr.facebook.com\\\/Twiza.fr\\\/\",\"https:\\\/\\\/www.instagram.com\\\/twiza_fr\\\/\",\"https:\\\/\\\/www.linkedin.com\\\/company\\\/reseautwiza\\\/\"]}]}<\/script>\n<!-- \/ Yoast SEO Premium plugin. -->","yoast_head_json":{"title":"Ma\u00eetrise d'\u0153uvre","description":"Qu'est-ce qu'un ma\u00eetre d'\u0153uvre ? Un professionnel qui t'aide pour la conception et la gestion de ton chantier : architecte, bureau d'\u00e9tudes..","robots":{"index":"index","follow":"follow","max-snippet":"max-snippet:-1","max-image-preview":"max-image-preview:large","max-video-preview":"max-video-preview:-1"},"canonical":"https:\/\/fr.twiza.org\/portail\/maitrise-doeuvre\/","og_locale":"fr_FR","og_type":"article","og_title":"Ma\u00eetrise d'\u0153uvre","og_description":"Qu'est-ce qu'un ma\u00eetre d'\u0153uvre ? Un professionnel qui t'aide pour la conception et la gestion de ton chantier : architecte, bureau d'\u00e9tudes..","og_url":"https:\/\/fr.twiza.org\/portail\/maitrise-doeuvre\/","og_site_name":"R\u00e9seau Twiza","article_publisher":"https:\/\/fr-fr.facebook.com\/Twiza.fr\/","article_modified_time":"2022-05-18T10:56:02+00:00","twitter_card":"summary_large_image","schema":{"@context":"https:\/\/schema.org","@graph":[{"@type":"WebPage","@id":"https:\/\/fr.twiza.org\/portail\/maitrise-doeuvre\/","url":"https:\/\/fr.twiza.org\/portail\/maitrise-doeuvre\/","name":"Ma\u00eetrise d'\u0153uvre","isPartOf":{"@id":"https:\/\/fr.twiza.org\/portail\/#website"},"datePublished":"2021-10-05T13:58:09+00:00","dateModified":"2022-05-18T10:56:02+00:00","description":"Qu'est-ce qu'un ma\u00eetre d'\u0153uvre ? Un professionnel qui t'aide pour la conception et la gestion de ton chantier : architecte, bureau d'\u00e9tudes..","breadcrumb":{"@id":"https:\/\/fr.twiza.org\/portail\/maitrise-doeuvre\/#breadcrumb"},"inLanguage":"fr-FR","potentialAction":[{"@type":"ReadAction","target":["https:\/\/fr.twiza.org\/portail\/maitrise-doeuvre\/"]}]},{"@type":"BreadcrumbList","@id":"https:\/\/fr.twiza.org\/portail\/maitrise-doeuvre\/#breadcrumb","itemListElement":[{"@type":"ListItem","position":1,"name":"Accueil","item":"https:\/\/fr.twiza.org\/portail\/"},{"@type":"ListItem","position":2,"name":"Ma\u00eetrise d&rsquo;\u0153uvre"}]},{"@type":"WebSite","@id":"https:\/\/fr.twiza.org\/portail\/#website","url":"https:\/\/fr.twiza.org\/portail\/","name":"R\u00e9seau Twiza","description":"Entraide pour un habitat \u00e9cologique, convivial et r\u00e9silient","publisher":{"@id":"https:\/\/fr.twiza.org\/portail\/#organization"},"potentialAction":[{"@type":"SearchAction","target":{"@type":"EntryPoint","urlTemplate":"https:\/\/fr.twiza.org\/portail\/?s={search_term_string}"},"query-input":{"@type":"PropertyValueSpecification","valueRequired":true,"valueName":"search_term_string"}}],"inLanguage":"fr-FR"},{"@type":"Organization","@id":"https:\/\/fr.twiza.org\/portail\/#organization","name":"R\u00e9seau Twiza","url":"https:\/\/fr.twiza.org\/portail\/","logo":{"@type":"ImageObject","inLanguage":"fr-FR","@id":"https:\/\/fr.twiza.org\/portail\/#\/schema\/logo\/image\/","url":"https:\/\/fr.twiza.org\/portail\/wp-content\/uploads\/2021\/05\/cropped-logo-reseau-twiza.jpg","contentUrl":"https:\/\/fr.twiza.org\/portail\/wp-content\/uploads\/2021\/05\/cropped-logo-reseau-twiza.jpg","width":400,"height":102,"caption":"R\u00e9seau Twiza"},"image":{"@id":"https:\/\/fr.twiza.org\/portail\/#\/schema\/logo\/image\/"},"sameAs":["https:\/\/fr-fr.facebook.com\/Twiza.fr\/","https:\/\/www.instagram.com\/twiza_fr\/","https:\/\/www.linkedin.com\/company\/reseautwiza\/"]}]}},"jetpack_sharing_enabled":true,"_links":{"self":[{"href":"https:\/\/fr.twiza.org\/portail\/wp-json\/wp\/v2\/pages\/1752","targetHints":{"allow":["GET"]}}],"collection":[{"href":"https:\/\/fr.twiza.org\/portail\/wp-json\/wp\/v2\/pages"}],"about":[{"href":"https:\/\/fr.twiza.org\/portail\/wp-json\/wp\/v2\/types\/page"}],"author":[{"embeddable":true,"href":"https:\/\/fr.twiza.org\/portail\/wp-json\/wp\/v2\/users\/3"}],"replies":[{"embeddable":true,"href":"https:\/\/fr.twiza.org\/portail\/wp-json\/wp\/v2\/comments?post=1752"}],"version-history":[{"count":19,"href":"https:\/\/fr.twiza.org\/portail\/wp-json\/wp\/v2\/pages\/1752\/revisions"}],"predecessor-version":[{"id":5047,"href":"https:\/\/fr.twiza.org\/portail\/wp-json\/wp\/v2\/pages\/1752\/revisions\/5047"}],"wp:attachment":[{"href":"https:\/\/fr.twiza.org\/portail\/wp-json\/wp\/v2\/media?parent=1752"}],"curies":[{"name":"wp","href":"https:\/\/api.w.org\/{rel}","templated":true}]}}