{"id":1761,"date":"2021-10-05T15:15:49","date_gmt":"2021-10-05T13:15:49","guid":{"rendered":"https:\/\/fr.twiza.org\/portail\/?page_id=1761"},"modified":"2022-05-20T17:44:44","modified_gmt":"2022-05-20T15:44:44","slug":"bureau-detudes","status":"publish","type":"page","link":"https:\/\/fr.twiza.org\/portail\/bureau-detudes\/","title":{"rendered":"Bureau d&rsquo;\u00e9tudes"},"content":{"rendered":"\n<figure class=\"wp-block-image\"><img fetchpriority=\"high\" decoding=\"async\" width=\"640\" height=\"360\" src=\"https:\/\/fr.twiza.org\/portail\/wp-content\/uploads\/2021\/05\/Image-Bureau-de\u0301tude-0-edited.jpeg\" alt=\"Bureau d'\u00e9tudes ; bien concevoir mon projet en \u00e9co-construction et auto-construction\" class=\"wp-image-1767\" srcset=\"https:\/\/fr.twiza.org\/portail\/wp-content\/uploads\/2021\/05\/Image-Bureau-de\u0301tude-0-edited.jpeg 640w, https:\/\/fr.twiza.org\/portail\/wp-content\/uploads\/2021\/05\/Image-Bureau-de\u0301tude-0-edited-600x338.jpeg 600w, https:\/\/fr.twiza.org\/portail\/wp-content\/uploads\/2021\/05\/Image-Bureau-de\u0301tude-0-edited-300x169.jpeg 300w\" sizes=\"(max-width: 640px) 100vw, 640px\" \/><\/figure>\n\n\n\n<h2 class=\"wp-block-heading\">Bureau d&rsquo;\u00e9tudes : d\u00e9finition<\/h2>\n\n\n\n<p>Dans le secteur du b\u00e2timent, un <strong>bureau d&rsquo;\u00e9tudes<\/strong> est une entreprise capable de fournir une <strong>expertise<\/strong>  dans un domaine particulier : <strong>g\u00e9otechnique<\/strong> (\u00e9tude de sol), <strong>thermique<\/strong>, <strong>structure<\/strong>, etc&#8230; Il est principalement compos\u00e9 d&rsquo;ing\u00e9nieurs, architectes, techniciens et\/ou de consultants sp\u00e9cialis\u00e9s dans divers domaines (environnement, \u00e9lectricit\u00e9 etc..). <\/p>\n\n\n\n<p>Les <strong>bureaux d&rsquo;\u00e9tudes<\/strong> repr\u00e9sentent un v\u00e9ritable soutien pour tes choix <strong>techniques<\/strong> et <strong>structurels<\/strong>, ou ceux de ton ma\u00eetre d&rsquo;\u0153uvre. Leurs missions principales sont de recueillir et analyser des donn\u00e9es techniques, mais aussi de te proposer toutes sortes de dimensionnements (plomberie, thermique, structure..). Leurs outils de travail sont des logiciels ou abaques.<\/p>\n\n\n\n<p>Les <strong>bureaux d&rsquo;\u00e9tudes<\/strong> te seront d&rsquo;une grande aide dans les domaines que tu ne ma\u00eetrises pas. Enfin certains sont incontournables durant la 1\u00e8re phase de <a href=\"https:\/\/fr.twiza.org\/portail\/conception\/\" target=\"_blank\" rel=\"noreferrer noopener\">conception<\/a> de ton projet.<\/p>\n\n\n\n<p>Lorsque tu construis du <strong>neuf<\/strong>, d&rsquo;autant plus en auto-construction, l&rsquo;une des premi\u00e8res difficult\u00e9s que tu rencontres est de respecter les diff\u00e9rentes r\u00e9glementations en vigueur. C&rsquo;est \u00e0 dire la r\u00e9glementation thermique <a href=\"http:\/\/www.rt-batiment.fr\/rt2012-r269.html\" target=\"_blank\" rel=\"noreferrer noopener\">RT2012<\/a>, ainsi que la r\u00e9glementation environnementale <a href=\"http:\/\/www.rt-batiment.fr\/re2020-r320.html\" target=\"_blank\" rel=\"noreferrer noopener\">RE2020<\/a> depuis le 1er janvier 2022.<\/p>\n\n\n\n<p>En effet d\u00e8s le d\u00e9p\u00f4t de ton <strong>permis de construire<\/strong>, tu dois joindre les <strong>attestations<\/strong> de prise en compte <a href=\"http:\/\/www.rt-batiment.fr\/attestations-de-prise-en-compte-de-la-rt2012-a96.html\" target=\"_blank\" rel=\"noreferrer noopener\">RT2012<\/a> et <a href=\"http:\/\/www.rt-batiment.fr\/attestations-de-prise-en-compte-de-la-re2020-a108.html\" target=\"_blank\" rel=\"noreferrer noopener\">RE2020<\/a>. Le logiciel utilis\u00e9 est extr\u00eamement compliqu\u00e9, nous te conseillons donc d&rsquo;avoir recours \u00e0 un <strong>bureau d&rsquo;\u00e9tudes <\/strong>pour cette \u00e9tape (m\u00eame si tu as le droit de faire l&rsquo;attestation toi-m\u00eame).<\/p>\n\n\n\n<p>Il est possible de demander \u00e0 ton <strong>bureau d&rsquo;\u00e9tudes<\/strong> thermiques de faire le strict minimum (attestation RE2020-RT2012)ou d&rsquo;aller un peu plus loin en te proposant des <strong>axes d&rsquo;am\u00e9lioration<\/strong>. Entre autre un <strong>bureau d&rsquo;\u00e9tudes<\/strong> peut t&rsquo;aider \u00e0 rendre ta maison et tes \u00e9quipements plus <strong>performants<\/strong> : isolation, chauffage, eau chaude sanitaire, ventilation etc.<\/p>\n\n\n\n<p>Dans le cas d&rsquo;une construction de maison en bois, tu peux faire appel \u00e0 un <strong>bureau d&rsquo;\u00e9tudes<\/strong> sp\u00e9cialis\u00e9 en <strong>structure bois<\/strong>. En effet, les DTU (documents techniques unifi\u00e9s) ne sont pas toujours tr\u00e8s compr\u00e9hensibles pour un n\u00e9ophyte, alors m\u00eame qu&rsquo;ils serviront de normes pour toute ta maison. L&rsquo;<strong>ossature bois<\/strong> tient le r\u00f4le de <a href=\"https:\/\/fr.twiza.org\/portail\/murs-porteurs\/\" target=\"_blank\" rel=\"noreferrer noopener\">mur porteur<\/a> dans ta maison, donc si tu n&rsquo;as pas les connaissances requises, ne te lance pas seul.<\/p>\n\n\n\n<p>Pour finir, sache qu&rsquo;il existe des <strong>bureaux d&rsquo;\u00e9tudes sp\u00e9cialis\u00e9s<\/strong> pour pratiquement tous les \u00e9l\u00e9ments constructifs de ta maison : <a href=\"https:\/\/fr.twiza.org\/portail\/charpente\/\" target=\"_blank\" rel=\"noreferrer noopener\">charpente<\/a>, <a href=\"https:\/\/fr.twiza.org\/portail\/fondations\/\" target=\"_blank\" rel=\"noreferrer noopener\">fondations<\/a>, escalier, r\u00e9seaux etc. N&rsquo;h\u00e9site pas \u00e0 te renseigner pour trouver quelqu&rsquo;un qui sera habilit\u00e9 \u00e0 t&rsquo;aider, en cas de doute.<\/p>\n\n\n\n<div class=\"wp-block-group\"><div class=\"wp-block-group__inner-container is-layout-flow wp-block-group-is-layout-flow\">\n<h2 class=\"wp-block-heading\" id=\"h-les-bonnes-questions-a-se-poser\">Les bonnes <strong>questions \u00e0 se poser<\/strong><\/h2>\n\n\n\n<ul class=\"wp-block-list\"><li>Est-il vraiment pertinent de te passer d&rsquo;un <strong>bureau d&rsquo;\u00e9tudes<\/strong> ? Sachant que, tr\u00e8s probablement, les <strong>\u00e9conomies<\/strong> qu&rsquo;il te fera faire pendant le chantier ou sur le long terme, compenseront les frais engendr\u00e9s par ce dernier.<\/li><\/ul>\n\n\n\n<p><\/p>\n<\/div><\/div>\n\n\n\n<div class=\"wp-block-group is-style-twentytwentyone-border\"><div class=\"wp-block-group__inner-container is-layout-flow wp-block-group-is-layout-flow\">\n<h2 class=\"wp-block-heading\" id=\"h-les-points-de-vigilance\">Les <strong>points de vigilance<\/strong><\/h2>\n\n\n\n<ul class=\"wp-block-list\"><li>Afin que tous tes <strong>crit\u00e8res<\/strong> soient bien respect\u00e9s, assure-toi d&rsquo;avoir \u00e9t\u00e9 bien compris\u00b7e par le <strong>bureau<\/strong> <strong>d&rsquo;\u00e9tudes<\/strong> avec lequel tu travailles.<\/li><\/ul>\n\n\n\n<p><\/p>\n\n\n\n<ul class=\"wp-block-list\"><li>N&rsquo;oublie pas de mettre \u00e0 jour tes \u00e9tudes thermiques et environnementales, si tu proc\u00e8des \u00e0 des modifications (changement d&rsquo;\u00e9quipements ou de mat\u00e9riaux). Sinon tu prends le risque de ne pas obtenir les certificats de <strong>conformit\u00e9<\/strong> <strong>RT2012<\/strong> et <strong>RE2020<\/strong> de <strong>fin de travaux<\/strong>.<\/li><\/ul>\n\n\n\n<h2 class=\"wp-block-heading\" id=\"h-references-documentaires\">R\u00e9f\u00e9rences documentaires<\/h2>\n<\/div><\/div>\n\n\n\n<div class=\"wp-block-group\"><div class=\"wp-block-group__inner-container is-layout-flow wp-block-group-is-layout-flow\">\n<ul class=\"wp-block-list\"><li>La r\u00e9glementation thermique 2012 : <a href=\"http:\/\/www.rt-batiment.fr\/rt2012-r269.html\" target=\"_blank\" rel=\"noreferrer noopener\">RT2012<\/a><\/li><li>La r\u00e9glementation environnementale 2020 : <a href=\"http:\/\/www.rt-batiment.fr\/re2020-r320.html\" target=\"_blank\" rel=\"noreferrer noopener\">RE2020<\/a><\/li><li><a data-type=\"URL\" data-id=\"https:\/\/www.legifrance.gouv.fr\/loda\/id\/JORFTEXT000022959397\/\" href=\"https:\/\/www.legifrance.gouv.fr\/loda\/id\/JORFTEXT000022959397\/\" target=\"_blank\" rel=\"noreferrer noopener\">Arr\u00eat\u00e9 du 26 octobre 2010<\/a> relatif aux caract\u00e9ristiques thermiques et aux exigences de performance \u00e9nerg\u00e9tique des b\u00e2timents nouveaux et des parties nouvelles de b\u00e2timents<\/li><\/ul>\n<\/div><\/div>\n\n\n\n<div style=\"height:20px\" aria-hidden=\"true\" class=\"wp-block-spacer\"><\/div>\n\n\n\n<div style=\"height:50px\" aria-hidden=\"true\" class=\"wp-block-spacer\"><\/div>\n","protected":false},"excerpt":{"rendered":"<p>Bureau d&rsquo;\u00e9tudes : d\u00e9finition Dans le secteur du b\u00e2timent, un bureau d&rsquo;\u00e9tudes est une entreprise capable de fournir une expertise dans un domaine particulier : g\u00e9otechnique (\u00e9tude de sol), thermique, structure, etc&#8230; Il est principalement compos\u00e9 d&rsquo;ing\u00e9nieurs, architectes, techniciens et\/ou de consultants sp\u00e9cialis\u00e9s dans divers domaines (environnement, \u00e9lectricit\u00e9 etc..). Les [&hellip;]<\/p>\n","protected":false},"author":3,"featured_media":0,"parent":0,"menu_order":0,"comment_status":"closed","ping_status":"closed","template":"","meta":{"_eb_attr":"","_themeisle_gutenberg_block_has_review":false,"footnotes":""},"class_list":["post-1761","page","type-page","status-publish","hentry"],"yoast_head":"<!-- This site is optimized with the Yoast SEO Premium plugin v27.2 (Yoast SEO v27.5) - https:\/\/yoast.com\/product\/yoast-seo-premium-wordpress\/ -->\n<title>Bureau d&#039;\u00e9tudes<\/title>\n<meta name=\"description\" content=\"A quoi sert un bureau d&#039;\u00e9tudes ? Bien concevoir mon projet, dimensionner, respecter les r\u00e9glementations RT2012, 2020...\" \/>\n<meta name=\"robots\" content=\"index, follow, max-snippet:-1, max-image-preview:large, max-video-preview:-1\" \/>\n<link rel=\"canonical\" href=\"https:\/\/fr.twiza.org\/portail\/bureau-detudes\/\" \/>\n<meta property=\"og:locale\" content=\"fr_FR\" \/>\n<meta property=\"og:type\" content=\"article\" \/>\n<meta property=\"og:title\" content=\"Bureau d&#039;\u00e9tudes\" \/>\n<meta property=\"og:description\" content=\"A quoi sert un bureau d&#039;\u00e9tudes ? Bien concevoir mon projet, dimensionner, respecter les r\u00e9glementations RT2012, 2020...\" \/>\n<meta property=\"og:url\" content=\"https:\/\/fr.twiza.org\/portail\/bureau-detudes\/\" \/>\n<meta property=\"og:site_name\" content=\"R\u00e9seau Twiza\" \/>\n<meta property=\"article:publisher\" content=\"https:\/\/fr-fr.facebook.com\/Twiza.fr\/\" \/>\n<meta property=\"article:modified_time\" content=\"2022-05-20T15:44:44+00:00\" \/>\n<meta name=\"twitter:card\" content=\"summary_large_image\" \/>\n<script type=\"application\/ld+json\" class=\"yoast-schema-graph\">{\"@context\":\"https:\\\/\\\/schema.org\",\"@graph\":[{\"@type\":\"WebPage\",\"@id\":\"https:\\\/\\\/fr.twiza.org\\\/portail\\\/bureau-detudes\\\/\",\"url\":\"https:\\\/\\\/fr.twiza.org\\\/portail\\\/bureau-detudes\\\/\",\"name\":\"Bureau d'\u00e9tudes\",\"isPartOf\":{\"@id\":\"https:\\\/\\\/fr.twiza.org\\\/portail\\\/#website\"},\"datePublished\":\"2021-10-05T13:15:49+00:00\",\"dateModified\":\"2022-05-20T15:44:44+00:00\",\"description\":\"A quoi sert un bureau d'\u00e9tudes ? Bien concevoir mon projet, dimensionner, respecter les r\u00e9glementations RT2012, 2020...\",\"breadcrumb\":{\"@id\":\"https:\\\/\\\/fr.twiza.org\\\/portail\\\/bureau-detudes\\\/#breadcrumb\"},\"inLanguage\":\"fr-FR\",\"potentialAction\":[{\"@type\":\"ReadAction\",\"target\":[\"https:\\\/\\\/fr.twiza.org\\\/portail\\\/bureau-detudes\\\/\"]}]},{\"@type\":\"BreadcrumbList\",\"@id\":\"https:\\\/\\\/fr.twiza.org\\\/portail\\\/bureau-detudes\\\/#breadcrumb\",\"itemListElement\":[{\"@type\":\"ListItem\",\"position\":1,\"name\":\"Accueil\",\"item\":\"https:\\\/\\\/fr.twiza.org\\\/portail\\\/\"},{\"@type\":\"ListItem\",\"position\":2,\"name\":\"Bureau d&rsquo;\u00e9tudes\"}]},{\"@type\":\"WebSite\",\"@id\":\"https:\\\/\\\/fr.twiza.org\\\/portail\\\/#website\",\"url\":\"https:\\\/\\\/fr.twiza.org\\\/portail\\\/\",\"name\":\"R\u00e9seau Twiza\",\"description\":\"Entraide pour un habitat \u00e9cologique, convivial et r\u00e9silient\",\"publisher\":{\"@id\":\"https:\\\/\\\/fr.twiza.org\\\/portail\\\/#organization\"},\"potentialAction\":[{\"@type\":\"SearchAction\",\"target\":{\"@type\":\"EntryPoint\",\"urlTemplate\":\"https:\\\/\\\/fr.twiza.org\\\/portail\\\/?s={search_term_string}\"},\"query-input\":{\"@type\":\"PropertyValueSpecification\",\"valueRequired\":true,\"valueName\":\"search_term_string\"}}],\"inLanguage\":\"fr-FR\"},{\"@type\":\"Organization\",\"@id\":\"https:\\\/\\\/fr.twiza.org\\\/portail\\\/#organization\",\"name\":\"R\u00e9seau Twiza\",\"url\":\"https:\\\/\\\/fr.twiza.org\\\/portail\\\/\",\"logo\":{\"@type\":\"ImageObject\",\"inLanguage\":\"fr-FR\",\"@id\":\"https:\\\/\\\/fr.twiza.org\\\/portail\\\/#\\\/schema\\\/logo\\\/image\\\/\",\"url\":\"https:\\\/\\\/fr.twiza.org\\\/portail\\\/wp-content\\\/uploads\\\/2021\\\/05\\\/cropped-logo-reseau-twiza.jpg\",\"contentUrl\":\"https:\\\/\\\/fr.twiza.org\\\/portail\\\/wp-content\\\/uploads\\\/2021\\\/05\\\/cropped-logo-reseau-twiza.jpg\",\"width\":400,\"height\":102,\"caption\":\"R\u00e9seau Twiza\"},\"image\":{\"@id\":\"https:\\\/\\\/fr.twiza.org\\\/portail\\\/#\\\/schema\\\/logo\\\/image\\\/\"},\"sameAs\":[\"https:\\\/\\\/fr-fr.facebook.com\\\/Twiza.fr\\\/\",\"https:\\\/\\\/www.instagram.com\\\/twiza_fr\\\/\",\"https:\\\/\\\/www.linkedin.com\\\/company\\\/reseautwiza\\\/\"]}]}<\/script>\n<!-- \/ Yoast SEO Premium plugin. -->","yoast_head_json":{"title":"Bureau d'\u00e9tudes","description":"A quoi sert un bureau d'\u00e9tudes ? Bien concevoir mon projet, dimensionner, respecter les r\u00e9glementations RT2012, 2020...","robots":{"index":"index","follow":"follow","max-snippet":"max-snippet:-1","max-image-preview":"max-image-preview:large","max-video-preview":"max-video-preview:-1"},"canonical":"https:\/\/fr.twiza.org\/portail\/bureau-detudes\/","og_locale":"fr_FR","og_type":"article","og_title":"Bureau d'\u00e9tudes","og_description":"A quoi sert un bureau d'\u00e9tudes ? Bien concevoir mon projet, dimensionner, respecter les r\u00e9glementations RT2012, 2020...","og_url":"https:\/\/fr.twiza.org\/portail\/bureau-detudes\/","og_site_name":"R\u00e9seau Twiza","article_publisher":"https:\/\/fr-fr.facebook.com\/Twiza.fr\/","article_modified_time":"2022-05-20T15:44:44+00:00","twitter_card":"summary_large_image","schema":{"@context":"https:\/\/schema.org","@graph":[{"@type":"WebPage","@id":"https:\/\/fr.twiza.org\/portail\/bureau-detudes\/","url":"https:\/\/fr.twiza.org\/portail\/bureau-detudes\/","name":"Bureau d'\u00e9tudes","isPartOf":{"@id":"https:\/\/fr.twiza.org\/portail\/#website"},"datePublished":"2021-10-05T13:15:49+00:00","dateModified":"2022-05-20T15:44:44+00:00","description":"A quoi sert un bureau d'\u00e9tudes ? Bien concevoir mon projet, dimensionner, respecter les r\u00e9glementations RT2012, 2020...","breadcrumb":{"@id":"https:\/\/fr.twiza.org\/portail\/bureau-detudes\/#breadcrumb"},"inLanguage":"fr-FR","potentialAction":[{"@type":"ReadAction","target":["https:\/\/fr.twiza.org\/portail\/bureau-detudes\/"]}]},{"@type":"BreadcrumbList","@id":"https:\/\/fr.twiza.org\/portail\/bureau-detudes\/#breadcrumb","itemListElement":[{"@type":"ListItem","position":1,"name":"Accueil","item":"https:\/\/fr.twiza.org\/portail\/"},{"@type":"ListItem","position":2,"name":"Bureau d&rsquo;\u00e9tudes"}]},{"@type":"WebSite","@id":"https:\/\/fr.twiza.org\/portail\/#website","url":"https:\/\/fr.twiza.org\/portail\/","name":"R\u00e9seau Twiza","description":"Entraide pour un habitat \u00e9cologique, convivial et r\u00e9silient","publisher":{"@id":"https:\/\/fr.twiza.org\/portail\/#organization"},"potentialAction":[{"@type":"SearchAction","target":{"@type":"EntryPoint","urlTemplate":"https:\/\/fr.twiza.org\/portail\/?s={search_term_string}"},"query-input":{"@type":"PropertyValueSpecification","valueRequired":true,"valueName":"search_term_string"}}],"inLanguage":"fr-FR"},{"@type":"Organization","@id":"https:\/\/fr.twiza.org\/portail\/#organization","name":"R\u00e9seau Twiza","url":"https:\/\/fr.twiza.org\/portail\/","logo":{"@type":"ImageObject","inLanguage":"fr-FR","@id":"https:\/\/fr.twiza.org\/portail\/#\/schema\/logo\/image\/","url":"https:\/\/fr.twiza.org\/portail\/wp-content\/uploads\/2021\/05\/cropped-logo-reseau-twiza.jpg","contentUrl":"https:\/\/fr.twiza.org\/portail\/wp-content\/uploads\/2021\/05\/cropped-logo-reseau-twiza.jpg","width":400,"height":102,"caption":"R\u00e9seau Twiza"},"image":{"@id":"https:\/\/fr.twiza.org\/portail\/#\/schema\/logo\/image\/"},"sameAs":["https:\/\/fr-fr.facebook.com\/Twiza.fr\/","https:\/\/www.instagram.com\/twiza_fr\/","https:\/\/www.linkedin.com\/company\/reseautwiza\/"]}]}},"jetpack_sharing_enabled":true,"_links":{"self":[{"href":"https:\/\/fr.twiza.org\/portail\/wp-json\/wp\/v2\/pages\/1761","targetHints":{"allow":["GET"]}}],"collection":[{"href":"https:\/\/fr.twiza.org\/portail\/wp-json\/wp\/v2\/pages"}],"about":[{"href":"https:\/\/fr.twiza.org\/portail\/wp-json\/wp\/v2\/types\/page"}],"author":[{"embeddable":true,"href":"https:\/\/fr.twiza.org\/portail\/wp-json\/wp\/v2\/users\/3"}],"replies":[{"embeddable":true,"href":"https:\/\/fr.twiza.org\/portail\/wp-json\/wp\/v2\/comments?post=1761"}],"version-history":[{"count":38,"href":"https:\/\/fr.twiza.org\/portail\/wp-json\/wp\/v2\/pages\/1761\/revisions"}],"predecessor-version":[{"id":5322,"href":"https:\/\/fr.twiza.org\/portail\/wp-json\/wp\/v2\/pages\/1761\/revisions\/5322"}],"wp:attachment":[{"href":"https:\/\/fr.twiza.org\/portail\/wp-json\/wp\/v2\/media?parent=1761"}],"curies":[{"name":"wp","href":"https:\/\/api.w.org\/{rel}","templated":true}]}}