{"id":1770,"date":"2021-10-05T16:16:49","date_gmt":"2021-10-05T14:16:49","guid":{"rendered":"https:\/\/fr.twiza.org\/portail\/?page_id=1770"},"modified":"2022-05-18T15:43:31","modified_gmt":"2022-05-18T13:43:31","slug":"conseils-pour-un-projet-dhabitat","status":"publish","type":"page","link":"https:\/\/fr.twiza.org\/portail\/conseils-pour-un-projet-dhabitat\/","title":{"rendered":"Conseils pour un projet d&rsquo;habitat"},"content":{"rendered":"\n<figure class=\"wp-block-image\"><img fetchpriority=\"high\" decoding=\"async\" width=\"1790\" height=\"1007\" src=\"https:\/\/fr.twiza.org\/portail\/wp-content\/uploads\/2021\/05\/Image-Conseil-0-edited.jpeg\" alt=\"Un conseiller info-\u00e9nergie d\u00e9livre des conseils pour les projets d'habitat \u00e9cologique\" class=\"wp-image-1772\" srcset=\"https:\/\/fr.twiza.org\/portail\/wp-content\/uploads\/2021\/05\/Image-Conseil-0-edited.jpeg 1790w, https:\/\/fr.twiza.org\/portail\/wp-content\/uploads\/2021\/05\/Image-Conseil-0-edited-600x338.jpeg 600w, https:\/\/fr.twiza.org\/portail\/wp-content\/uploads\/2021\/05\/Image-Conseil-0-edited-300x169.jpeg 300w, https:\/\/fr.twiza.org\/portail\/wp-content\/uploads\/2021\/05\/Image-Conseil-0-edited-1024x576.jpeg 1024w, https:\/\/fr.twiza.org\/portail\/wp-content\/uploads\/2021\/05\/Image-Conseil-0-edited-768x432.jpeg 768w, https:\/\/fr.twiza.org\/portail\/wp-content\/uploads\/2021\/05\/Image-Conseil-0-edited-1536x864.jpeg 1536w, https:\/\/fr.twiza.org\/portail\/wp-content\/uploads\/2021\/05\/Image-Conseil-0-edited-1568x882.jpeg 1568w\" sizes=\"(max-width: 1790px) 100vw, 1790px\" \/><\/figure>\n\n\n\n<h2 class=\"wp-block-heading\">Conseils pour un projet d&rsquo;habitat : d\u00e9finition<\/h2>\n\n\n\n<p>Il est tout \u00e0 fait normal, voir important, que tu demandes <strong>conseil<\/strong> \u00e0 des <strong>professionnels<\/strong> ou \u00e0 des gens qui sont d\u00e9j\u00e0 pass\u00e9s par l\u00e0, pour ton <strong>projet d&rsquo;habitat<\/strong> (construction ou r\u00e9novation).<\/p>\n\n\n\n<p>En profitant de leur <strong>savoir-faire<\/strong>, ainsi que de leurs <strong>connaissances techniques<\/strong> et <strong>r\u00e9glementaires<\/strong>, tu t&rsquo;\u00e9viteras bien des d\u00e9boires et d\u00e9penses inutiles.<\/p>\n\n\n\n<p>Entre autres tu peux d\u00e9j\u00e0 trouver un grand nombre d&rsquo;informations au sein de notre r\u00e9seau <a href=\"https:\/\/fr.twiza.org\/portail\/\" target=\"_blank\" rel=\"noreferrer noopener\">Twiza<\/a>. On te conseille fortement de parcourir notre site, de prendre le temps de lire les nombreux <a href=\"https:\/\/fr.twiza.org\/fil-actualites,m33.html\" target=\"_blank\" rel=\"noreferrer noopener\">t\u00e9moignages<\/a> et <a href=\"https:\/\/fr.twiza.org\/se-preparer-avant-de-se-lancer-,pa70.html\" target=\"_blank\" rel=\"noreferrer noopener\">conseils<\/a> des membres du r\u00e9seau (organisateurs de chantier, professionnels de l&rsquo;\u00e9co-construction&#8230;).<\/p>\n\n\n\n<p>Enfin il existe de nombreuses autres personnes qualifi\u00e9es pour r\u00e9pondre \u00e0 tes questions, voici quelques suggestions ci-dessous.<\/p>\n\n\n\n<h2 class=\"wp-block-heading\"> A qui demander conseil pour mon projet d&rsquo;habitat ?<\/h2>\n\n\n\n<h3 class=\"wp-block-heading\">Les associations<\/h3>\n\n\n\n<p>Il existe un grand nombre d&rsquo;associations a m\u00eame de te proposer des conseils (g\u00e9n\u00e9ralement gratuits) et parfois des formations, dans le domaine du b\u00e2timent.<\/p>\n\n\n\n<p>Important \u00e0 savoir, le gouvernement a mis en place un portail d&rsquo;aide en ligne <a href=\"https:\/\/france-renov.gouv.fr\/\" target=\"_blank\" rel=\"noreferrer noopener\">France R\u00e9nov&rsquo;<\/a> . Tu peux y trouver des conseils pour tes travaux, ainsi que des informations sur les <a href=\"https:\/\/france-renov.gouv.fr\/aides\" target=\"_blank\" rel=\"noreferrer noopener\">aides financi\u00e8res<\/a> existantes. Pour un accompagnement plus personnalis\u00e9, tu as la possibilit\u00e9 de contacter gratuitement un <a href=\"https:\/\/france-renov.gouv.fr\/espaces-conseil-fr\" target=\"_blank\" rel=\"noreferrer noopener\">conseiller France R\u00e9nov<\/a> .<\/p>\n\n\n\n<p>Enfin, n&rsquo;h\u00e9site pas \u00e0 contacter des <strong>professionnels <\/strong>sp\u00e9cialistes d&rsquo;une technique, de <strong>particuliers<\/strong> <strong>passionn\u00e9s<\/strong>, des <strong>architectes<\/strong> (CAUE), des <strong>thermiciens<\/strong> etc.<\/p>\n\n\n\n<h3 class=\"wp-block-heading\">Les entreprises<\/h3>\n\n\n\n<p>Renseigne-toi sur les entreprises et ce qu&rsquo;elles proposent avant de faire ton choix.<\/p>\n\n\n\n<p>Dans l&rsquo;id\u00e9al prends le temps d&rsquo;aller visiter leurs pr\u00e9c\u00e9dentes <strong>r\u00e9alisations<\/strong> afin d&rsquo;affiner ton avis sur leurs comp\u00e9tences.<\/p>\n\n\n\n<p>Enfin, v\u00e9rifie qu&rsquo;elles aient bien int\u00e9gr\u00e9 les <strong>sp\u00e9cificit\u00e9s<\/strong> de ta position (ton rapport au temps, au budget, au risque, \u00e0 la facilit\u00e9, au co\u00fbt d&rsquo;usage etc.) pour t&rsquo;assurer d&rsquo;obtenir des <strong>conseils<\/strong> pertinents.<\/p>\n\n\n\n<h3 class=\"wp-block-heading\">Tes proches<\/h3>\n\n\n\n<p>Si des personnes de ton entourage ont r\u00e9alis\u00e9 un projet r\u00e9cemment, demande leur conseil.<\/p>\n\n\n\n<p>Sois attentif aux personnes qui te parlent en connaissance de cause. A l&rsquo;inverse, prends du recul face aux discours de celles qui n&rsquo;ont pas d&rsquo;exp\u00e9rience r\u00e9elle, mais qui ont tout de m\u00eame un avis.<\/p>\n\n\n\n<h3 class=\"wp-block-heading\">Les foires et les salons<\/h3>\n\n\n\n<p>S&rsquo;il y a des <strong>\u00e9v\u00e8nements<\/strong> sp\u00e9cialis\u00e9s en <strong>\u00e9co-construction<\/strong> pr\u00e9vus pr\u00e8s de chez toi, n&rsquo;h\u00e9site pas y aller. C&rsquo;est une excellente d&rsquo;occasion de rencontrer d&rsquo;autres <strong>auto-constructeurs<\/strong> et des <strong>professionnels sp\u00e9cialis\u00e9s<\/strong> dans des techniques qui t&rsquo;int\u00e9ressent.<\/p>\n\n\n\n<p>En fonction de tes questions, diff\u00e9rents types de professionnels peuvent te conseiller : artisan, architecte ou ma\u00eetre d&rsquo;\u0153uvre, architecte d&rsquo;int\u00e9rieur, g\u00e9obiologue, paysagiste&#8230;<\/p>\n\n\n\n<p><\/p>\n\n\n\n<h2 class=\"wp-block-heading\" id=\"h-les-bonnes-questions-a-se-poser\">Les bonnes questions \u00e0 se poser<\/h2>\n\n\n\n<ul class=\"wp-block-list\"><li><strong>Objectivement<\/strong>, quelle est la personne la plus \u00e0 m\u00eame de r\u00e9pondre \u00e0 telle ou telle question ?<\/li><\/ul>\n\n\n\n<p><\/p>\n\n\n\n<ul class=\"wp-block-list\"><li>La personne qui m&rsquo;a conseill\u00e9\u00b7e avait-elle bien compris mon <strong>projet<\/strong> et ses <strong>particularit\u00e9s<\/strong> ?<\/li><\/ul>\n\n\n\n<h2 class=\"wp-block-heading\">Les points de vigilance<\/h2>\n\n\n\n<ul class=\"wp-block-list\"><li><strong>Ose demander de l&rsquo;aide !<\/strong> Il est \u00e9vident que tu ne peux pas tout savoir. Les techniques de construction sont en \u00e9volution constante, et bien souvent complexes. On te recommande donc vivement de r\u00e9server une part de ton <strong>budget<\/strong> pour te faire <strong>accompagner<\/strong> et ainsi t&rsquo;\u00e9viter des erreurs qui co\u00fbtent ch\u00e8res&#8230;<\/li><\/ul>\n\n\n\n<div style=\"height:50px\" aria-hidden=\"true\" class=\"wp-block-spacer\"><\/div>\n","protected":false},"excerpt":{"rendered":"<p>Conseils pour un projet d&rsquo;habitat : d\u00e9finition Il est tout \u00e0 fait normal, voir important, que tu demandes conseil \u00e0 des professionnels ou \u00e0 des gens qui sont d\u00e9j\u00e0 pass\u00e9s par l\u00e0, pour ton projet d&rsquo;habitat (construction ou r\u00e9novation). En profitant de leur savoir-faire, ainsi que de leurs connaissances techniques [&hellip;]<\/p>\n","protected":false},"author":3,"featured_media":0,"parent":0,"menu_order":0,"comment_status":"closed","ping_status":"closed","template":"","meta":{"_eb_attr":"","_themeisle_gutenberg_block_has_review":false,"footnotes":""},"class_list":["post-1770","page","type-page","status-publish","hentry"],"yoast_head":"<!-- This site is optimized with the Yoast SEO Premium plugin v27.2 (Yoast SEO v27.3) - https:\/\/yoast.com\/product\/yoast-seo-premium-wordpress\/ -->\n<title>Conseils pour un projet d&#039;habitat<\/title>\n<meta name=\"description\" content=\"Ou trouver des conseils pour mon projet d&#039;habitat \u00e9cologique ? R\u00e9seau TWIZA, asso et entreprises sp\u00e9cialis\u00e9es, r\u00e9seau FAIRE, proches..\" \/>\n<meta name=\"robots\" content=\"index, follow, max-snippet:-1, max-image-preview:large, max-video-preview:-1\" \/>\n<link rel=\"canonical\" href=\"https:\/\/fr.twiza.org\/portail\/conseils-pour-un-projet-dhabitat\/\" \/>\n<meta property=\"og:locale\" content=\"fr_FR\" \/>\n<meta property=\"og:type\" content=\"article\" \/>\n<meta property=\"og:title\" content=\"Conseils pour un projet d&#039;habitat\" \/>\n<meta property=\"og:description\" content=\"Ou trouver des conseils pour mon projet d&#039;habitat \u00e9cologique ? R\u00e9seau TWIZA, asso et entreprises sp\u00e9cialis\u00e9es, r\u00e9seau FAIRE, proches..\" \/>\n<meta property=\"og:url\" content=\"https:\/\/fr.twiza.org\/portail\/conseils-pour-un-projet-dhabitat\/\" \/>\n<meta property=\"og:site_name\" content=\"R\u00e9seau Twiza\" \/>\n<meta property=\"article:publisher\" content=\"https:\/\/fr-fr.facebook.com\/Twiza.fr\/\" \/>\n<meta property=\"article:modified_time\" content=\"2022-05-18T13:43:31+00:00\" \/>\n<meta property=\"og:image\" content=\"https:\/\/fr.twiza.org\/portail\/wp-content\/uploads\/2021\/05\/Image-Conseil-0-edited.jpeg\" \/>\n<meta name=\"twitter:card\" content=\"summary_large_image\" \/>\n<script type=\"application\/ld+json\" class=\"yoast-schema-graph\">{\"@context\":\"https:\\\/\\\/schema.org\",\"@graph\":[{\"@type\":\"WebPage\",\"@id\":\"https:\\\/\\\/fr.twiza.org\\\/portail\\\/conseils-pour-un-projet-dhabitat\\\/\",\"url\":\"https:\\\/\\\/fr.twiza.org\\\/portail\\\/conseils-pour-un-projet-dhabitat\\\/\",\"name\":\"Conseils pour un projet d'habitat\",\"isPartOf\":{\"@id\":\"https:\\\/\\\/fr.twiza.org\\\/portail\\\/#website\"},\"primaryImageOfPage\":{\"@id\":\"https:\\\/\\\/fr.twiza.org\\\/portail\\\/conseils-pour-un-projet-dhabitat\\\/#primaryimage\"},\"image\":{\"@id\":\"https:\\\/\\\/fr.twiza.org\\\/portail\\\/conseils-pour-un-projet-dhabitat\\\/#primaryimage\"},\"thumbnailUrl\":\"https:\\\/\\\/fr.twiza.org\\\/portail\\\/wp-content\\\/uploads\\\/2021\\\/05\\\/Image-Conseil-0-edited.jpeg\",\"datePublished\":\"2021-10-05T14:16:49+00:00\",\"dateModified\":\"2022-05-18T13:43:31+00:00\",\"description\":\"Ou trouver des conseils pour mon projet d'habitat \u00e9cologique ? R\u00e9seau TWIZA, asso et entreprises sp\u00e9cialis\u00e9es, r\u00e9seau FAIRE, proches..\",\"breadcrumb\":{\"@id\":\"https:\\\/\\\/fr.twiza.org\\\/portail\\\/conseils-pour-un-projet-dhabitat\\\/#breadcrumb\"},\"inLanguage\":\"fr-FR\",\"potentialAction\":[{\"@type\":\"ReadAction\",\"target\":[\"https:\\\/\\\/fr.twiza.org\\\/portail\\\/conseils-pour-un-projet-dhabitat\\\/\"]}]},{\"@type\":\"ImageObject\",\"inLanguage\":\"fr-FR\",\"@id\":\"https:\\\/\\\/fr.twiza.org\\\/portail\\\/conseils-pour-un-projet-dhabitat\\\/#primaryimage\",\"url\":\"https:\\\/\\\/fr.twiza.org\\\/portail\\\/wp-content\\\/uploads\\\/2021\\\/05\\\/Image-Conseil-0-edited.jpeg\",\"contentUrl\":\"https:\\\/\\\/fr.twiza.org\\\/portail\\\/wp-content\\\/uploads\\\/2021\\\/05\\\/Image-Conseil-0-edited.jpeg\",\"width\":1790,\"height\":1007},{\"@type\":\"BreadcrumbList\",\"@id\":\"https:\\\/\\\/fr.twiza.org\\\/portail\\\/conseils-pour-un-projet-dhabitat\\\/#breadcrumb\",\"itemListElement\":[{\"@type\":\"ListItem\",\"position\":1,\"name\":\"Accueil\",\"item\":\"https:\\\/\\\/fr.twiza.org\\\/portail\\\/\"},{\"@type\":\"ListItem\",\"position\":2,\"name\":\"Conseils pour un projet d&rsquo;habitat\"}]},{\"@type\":\"WebSite\",\"@id\":\"https:\\\/\\\/fr.twiza.org\\\/portail\\\/#website\",\"url\":\"https:\\\/\\\/fr.twiza.org\\\/portail\\\/\",\"name\":\"R\u00e9seau Twiza\",\"description\":\"Entraide pour un habitat \u00e9cologique, convivial et r\u00e9silient\",\"publisher\":{\"@id\":\"https:\\\/\\\/fr.twiza.org\\\/portail\\\/#organization\"},\"potentialAction\":[{\"@type\":\"SearchAction\",\"target\":{\"@type\":\"EntryPoint\",\"urlTemplate\":\"https:\\\/\\\/fr.twiza.org\\\/portail\\\/?s={search_term_string}\"},\"query-input\":{\"@type\":\"PropertyValueSpecification\",\"valueRequired\":true,\"valueName\":\"search_term_string\"}}],\"inLanguage\":\"fr-FR\"},{\"@type\":\"Organization\",\"@id\":\"https:\\\/\\\/fr.twiza.org\\\/portail\\\/#organization\",\"name\":\"R\u00e9seau Twiza\",\"url\":\"https:\\\/\\\/fr.twiza.org\\\/portail\\\/\",\"logo\":{\"@type\":\"ImageObject\",\"inLanguage\":\"fr-FR\",\"@id\":\"https:\\\/\\\/fr.twiza.org\\\/portail\\\/#\\\/schema\\\/logo\\\/image\\\/\",\"url\":\"https:\\\/\\\/fr.twiza.org\\\/portail\\\/wp-content\\\/uploads\\\/2021\\\/05\\\/cropped-logo-reseau-twiza.jpg\",\"contentUrl\":\"https:\\\/\\\/fr.twiza.org\\\/portail\\\/wp-content\\\/uploads\\\/2021\\\/05\\\/cropped-logo-reseau-twiza.jpg\",\"width\":400,\"height\":102,\"caption\":\"R\u00e9seau Twiza\"},\"image\":{\"@id\":\"https:\\\/\\\/fr.twiza.org\\\/portail\\\/#\\\/schema\\\/logo\\\/image\\\/\"},\"sameAs\":[\"https:\\\/\\\/fr-fr.facebook.com\\\/Twiza.fr\\\/\",\"https:\\\/\\\/www.instagram.com\\\/twiza_fr\\\/\",\"https:\\\/\\\/www.linkedin.com\\\/company\\\/reseautwiza\\\/\"]}]}<\/script>\n<!-- \/ Yoast SEO Premium plugin. -->","yoast_head_json":{"title":"Conseils pour un projet d'habitat","description":"Ou trouver des conseils pour mon projet d'habitat \u00e9cologique ? R\u00e9seau TWIZA, asso et entreprises sp\u00e9cialis\u00e9es, r\u00e9seau FAIRE, proches..","robots":{"index":"index","follow":"follow","max-snippet":"max-snippet:-1","max-image-preview":"max-image-preview:large","max-video-preview":"max-video-preview:-1"},"canonical":"https:\/\/fr.twiza.org\/portail\/conseils-pour-un-projet-dhabitat\/","og_locale":"fr_FR","og_type":"article","og_title":"Conseils pour un projet d'habitat","og_description":"Ou trouver des conseils pour mon projet d'habitat \u00e9cologique ? R\u00e9seau TWIZA, asso et entreprises sp\u00e9cialis\u00e9es, r\u00e9seau FAIRE, proches..","og_url":"https:\/\/fr.twiza.org\/portail\/conseils-pour-un-projet-dhabitat\/","og_site_name":"R\u00e9seau Twiza","article_publisher":"https:\/\/fr-fr.facebook.com\/Twiza.fr\/","article_modified_time":"2022-05-18T13:43:31+00:00","og_image":[{"url":"https:\/\/fr.twiza.org\/portail\/wp-content\/uploads\/2021\/05\/Image-Conseil-0-edited.jpeg","type":"","width":"","height":""}],"twitter_card":"summary_large_image","schema":{"@context":"https:\/\/schema.org","@graph":[{"@type":"WebPage","@id":"https:\/\/fr.twiza.org\/portail\/conseils-pour-un-projet-dhabitat\/","url":"https:\/\/fr.twiza.org\/portail\/conseils-pour-un-projet-dhabitat\/","name":"Conseils pour un projet d'habitat","isPartOf":{"@id":"https:\/\/fr.twiza.org\/portail\/#website"},"primaryImageOfPage":{"@id":"https:\/\/fr.twiza.org\/portail\/conseils-pour-un-projet-dhabitat\/#primaryimage"},"image":{"@id":"https:\/\/fr.twiza.org\/portail\/conseils-pour-un-projet-dhabitat\/#primaryimage"},"thumbnailUrl":"https:\/\/fr.twiza.org\/portail\/wp-content\/uploads\/2021\/05\/Image-Conseil-0-edited.jpeg","datePublished":"2021-10-05T14:16:49+00:00","dateModified":"2022-05-18T13:43:31+00:00","description":"Ou trouver des conseils pour mon projet d'habitat \u00e9cologique ? R\u00e9seau TWIZA, asso et entreprises sp\u00e9cialis\u00e9es, r\u00e9seau FAIRE, proches..","breadcrumb":{"@id":"https:\/\/fr.twiza.org\/portail\/conseils-pour-un-projet-dhabitat\/#breadcrumb"},"inLanguage":"fr-FR","potentialAction":[{"@type":"ReadAction","target":["https:\/\/fr.twiza.org\/portail\/conseils-pour-un-projet-dhabitat\/"]}]},{"@type":"ImageObject","inLanguage":"fr-FR","@id":"https:\/\/fr.twiza.org\/portail\/conseils-pour-un-projet-dhabitat\/#primaryimage","url":"https:\/\/fr.twiza.org\/portail\/wp-content\/uploads\/2021\/05\/Image-Conseil-0-edited.jpeg","contentUrl":"https:\/\/fr.twiza.org\/portail\/wp-content\/uploads\/2021\/05\/Image-Conseil-0-edited.jpeg","width":1790,"height":1007},{"@type":"BreadcrumbList","@id":"https:\/\/fr.twiza.org\/portail\/conseils-pour-un-projet-dhabitat\/#breadcrumb","itemListElement":[{"@type":"ListItem","position":1,"name":"Accueil","item":"https:\/\/fr.twiza.org\/portail\/"},{"@type":"ListItem","position":2,"name":"Conseils pour un projet d&rsquo;habitat"}]},{"@type":"WebSite","@id":"https:\/\/fr.twiza.org\/portail\/#website","url":"https:\/\/fr.twiza.org\/portail\/","name":"R\u00e9seau Twiza","description":"Entraide pour un habitat \u00e9cologique, convivial et r\u00e9silient","publisher":{"@id":"https:\/\/fr.twiza.org\/portail\/#organization"},"potentialAction":[{"@type":"SearchAction","target":{"@type":"EntryPoint","urlTemplate":"https:\/\/fr.twiza.org\/portail\/?s={search_term_string}"},"query-input":{"@type":"PropertyValueSpecification","valueRequired":true,"valueName":"search_term_string"}}],"inLanguage":"fr-FR"},{"@type":"Organization","@id":"https:\/\/fr.twiza.org\/portail\/#organization","name":"R\u00e9seau Twiza","url":"https:\/\/fr.twiza.org\/portail\/","logo":{"@type":"ImageObject","inLanguage":"fr-FR","@id":"https:\/\/fr.twiza.org\/portail\/#\/schema\/logo\/image\/","url":"https:\/\/fr.twiza.org\/portail\/wp-content\/uploads\/2021\/05\/cropped-logo-reseau-twiza.jpg","contentUrl":"https:\/\/fr.twiza.org\/portail\/wp-content\/uploads\/2021\/05\/cropped-logo-reseau-twiza.jpg","width":400,"height":102,"caption":"R\u00e9seau Twiza"},"image":{"@id":"https:\/\/fr.twiza.org\/portail\/#\/schema\/logo\/image\/"},"sameAs":["https:\/\/fr-fr.facebook.com\/Twiza.fr\/","https:\/\/www.instagram.com\/twiza_fr\/","https:\/\/www.linkedin.com\/company\/reseautwiza\/"]}]}},"jetpack_sharing_enabled":true,"_links":{"self":[{"href":"https:\/\/fr.twiza.org\/portail\/wp-json\/wp\/v2\/pages\/1770","targetHints":{"allow":["GET"]}}],"collection":[{"href":"https:\/\/fr.twiza.org\/portail\/wp-json\/wp\/v2\/pages"}],"about":[{"href":"https:\/\/fr.twiza.org\/portail\/wp-json\/wp\/v2\/types\/page"}],"author":[{"embeddable":true,"href":"https:\/\/fr.twiza.org\/portail\/wp-json\/wp\/v2\/users\/3"}],"replies":[{"embeddable":true,"href":"https:\/\/fr.twiza.org\/portail\/wp-json\/wp\/v2\/comments?post=1770"}],"version-history":[{"count":21,"href":"https:\/\/fr.twiza.org\/portail\/wp-json\/wp\/v2\/pages\/1770\/revisions"}],"predecessor-version":[{"id":5078,"href":"https:\/\/fr.twiza.org\/portail\/wp-json\/wp\/v2\/pages\/1770\/revisions\/5078"}],"wp:attachment":[{"href":"https:\/\/fr.twiza.org\/portail\/wp-json\/wp\/v2\/media?parent=1770"}],"curies":[{"name":"wp","href":"https:\/\/api.w.org\/{rel}","templated":true}]}}