{"id":1802,"date":"2021-05-27T09:06:14","date_gmt":"2021-05-27T07:06:14","guid":{"rendered":"https:\/\/fr.twiza.org\/portail\/hestia-front\/"},"modified":"2025-10-09T15:32:32","modified_gmt":"2025-10-09T13:32:32","slug":"hestia-front","status":"publish","type":"page","link":"https:\/\/fr.twiza.org\/portail\/","title":{"rendered":"Bienvenue"},"content":{"rendered":"\n<div class=\"wp-block-columns is-layout-flex wp-container-core-columns-is-layout-28f84493 wp-block-columns-is-layout-flex\">\n<div class=\"wp-block-column is-layout-flow wp-block-column-is-layout-flow\" style=\"flex-basis:25%\">\n<figure class=\"wp-block-image size-full is-style-default\"><a href=\"https:\/\/fr.twiza.org\/chantiers-participatifs\/v2\"><img fetchpriority=\"high\" decoding=\"async\" width=\"600\" height=\"450\" src=\"https:\/\/fr.twiza.org\/portail\/wp-content\/uploads\/2021\/05\/chantiers_participatifs_grand.jpg\" alt=\"Un chantier participatif\" class=\"wp-image-1825\" srcset=\"https:\/\/fr.twiza.org\/portail\/wp-content\/uploads\/2021\/05\/chantiers_participatifs_grand.jpg 600w, https:\/\/fr.twiza.org\/portail\/wp-content\/uploads\/2021\/05\/chantiers_participatifs_grand-300x225.jpg 300w\" sizes=\"(max-width: 600px) 100vw, 600px\" \/><\/a><\/figure>\n\n\n\n<h4 class=\"wp-block-heading has-text-align-center has-white-color has-text-color has-background\" id=\"h-chantiers-participatifs\" style=\"background-color:#fd541c\"><a href=\"https:\/\/fr.twiza.org\/chantiers-participatifs\/v2\">Chantiers participatifs<\/a><\/h4>\n<\/div>\n\n\n\n<div class=\"wp-block-column is-layout-flow wp-block-column-is-layout-flow\" style=\"flex-basis:25%\">\n<figure class=\"wp-block-image size-large is-style-default\"><img decoding=\"async\" width=\"600\" height=\"450\" src=\"https:\/\/fr.twiza.org\/portail\/wp-content\/uploads\/2021\/05\/guide_achats_grand.jpg\" alt=\"\" class=\"wp-image-1833\" srcset=\"https:\/\/fr.twiza.org\/portail\/wp-content\/uploads\/2021\/05\/guide_achats_grand.jpg 600w, https:\/\/fr.twiza.org\/portail\/wp-content\/uploads\/2021\/05\/guide_achats_grand-300x225.jpg 300w\" sizes=\"(max-width: 600px) 100vw, 600px\" \/><\/figure>\n\n\n\n<h4 class=\"wp-block-heading has-text-align-center has-white-color has-text-color has-background\" id=\"h-groupement-d-achats\" style=\"background-color:#74962d\"><a href=\"https:\/\/fr.twiza.org\/portail\/achats-groupes-pour-lautoconstruction\/\">Groupement d&rsquo;achats<\/a><\/h4>\n<\/div>\n\n\n\n<div class=\"wp-block-column is-layout-flow wp-block-column-is-layout-flow\" style=\"flex-basis:25%\">\n<figure class=\"wp-block-image size-full is-style-default\"><img decoding=\"async\" width=\"750\" height=\"562\" src=\"https:\/\/fr.twiza.org\/portail\/wp-content\/uploads\/2025\/07\/uq-ZUM8ir1Abgbr4jFNv6rjgc9kpF0yX40rBH4gPVtg-1.jpeg\" alt=\"\" class=\"wp-image-13394\" srcset=\"https:\/\/fr.twiza.org\/portail\/wp-content\/uploads\/2025\/07\/uq-ZUM8ir1Abgbr4jFNv6rjgc9kpF0yX40rBH4gPVtg-1.jpeg 750w, https:\/\/fr.twiza.org\/portail\/wp-content\/uploads\/2025\/07\/uq-ZUM8ir1Abgbr4jFNv6rjgc9kpF0yX40rBH4gPVtg-1-300x225.jpeg 300w, https:\/\/fr.twiza.org\/portail\/wp-content\/uploads\/2025\/07\/uq-ZUM8ir1Abgbr4jFNv6rjgc9kpF0yX40rBH4gPVtg-1-600x450.jpeg 600w\" sizes=\"(max-width: 750px) 100vw, 750px\" \/><\/figure>\n\n\n\n<h4 class=\"wp-block-heading has-text-align-center has-white-color has-text-color has-background\" id=\"h-pros-de-confiance\" style=\"background-color:#ff8800\"><a href=\"https:\/\/fr.twiza.org\/portail\/trouver-des-professionnels-ecoconstruction\/\">Pros de confiance<\/a><\/h4>\n<\/div>\n\n\n\n<div class=\"wp-block-column is-layout-flow wp-block-column-is-layout-flow\" style=\"flex-basis:25%\">\n<figure class=\"wp-block-image size-large is-style-default\"><img loading=\"lazy\" decoding=\"async\" width=\"1024\" height=\"768\" src=\"https:\/\/fr.twiza.org\/portail\/wp-content\/uploads\/2025\/07\/IMG_3846-1024x768.jpg\" alt=\"\" class=\"wp-image-13386\" srcset=\"https:\/\/fr.twiza.org\/portail\/wp-content\/uploads\/2025\/07\/IMG_3846-1024x768.jpg 1024w, https:\/\/fr.twiza.org\/portail\/wp-content\/uploads\/2025\/07\/IMG_3846-300x225.jpg 300w, https:\/\/fr.twiza.org\/portail\/wp-content\/uploads\/2025\/07\/IMG_3846-768x576.jpg 768w, https:\/\/fr.twiza.org\/portail\/wp-content\/uploads\/2025\/07\/IMG_3846-600x450.jpg 600w, https:\/\/fr.twiza.org\/portail\/wp-content\/uploads\/2025\/07\/IMG_3846.jpg 1146w\" sizes=\"(max-width: 1024px) 100vw, 1024px\" \/><\/figure>\n\n\n\n<h4 class=\"wp-block-heading has-text-align-center has-white-color has-text-color has-background\" id=\"h-formations\" style=\"background-color:#268d9d\"><a href=\"https:\/\/fr.twiza.org\/portail\/formations-twiza\/\">Formations<\/a><\/h4>\n<\/div>\n<\/div>\n\n\n\n<p><\/p>\n","protected":false},"excerpt":{"rendered":"<p>Chantiers participatifs Groupement d&rsquo;achats Pros de confiance Formations<\/p>\n","protected":false},"author":1,"featured_media":0,"parent":0,"menu_order":0,"comment_status":"closed","ping_status":"closed","template":"","meta":{"_eb_attr":"","_themeisle_gutenberg_block_has_review":false,"footnotes":""},"class_list":["post-1802","page","type-page","status-publish","hentry"],"yoast_head":"<!-- This site is optimized with the Yoast SEO Premium plugin v27.2 (Yoast SEO v27.4) - https:\/\/yoast.com\/product\/yoast-seo-premium-wordpress\/ -->\n<title>Bienvenue<\/title>\n<meta name=\"robots\" content=\"index, follow, max-snippet:-1, max-image-preview:large, max-video-preview:-1\" \/>\n<link rel=\"canonical\" href=\"https:\/\/fr.twiza.org\/portail\/\" \/>\n<meta property=\"og:locale\" content=\"fr_FR\" \/>\n<meta property=\"og:type\" content=\"article\" \/>\n<meta property=\"og:title\" content=\"Bienvenue\" \/>\n<meta property=\"og:description\" content=\"Chantiers participatifs Groupement d&rsquo;achats Pros de confiance Formations\" \/>\n<meta property=\"og:url\" content=\"https:\/\/fr.twiza.org\/portail\/\" \/>\n<meta property=\"og:site_name\" content=\"R\u00e9seau Twiza\" \/>\n<meta property=\"article:publisher\" content=\"https:\/\/fr-fr.facebook.com\/Twiza.fr\/\" \/>\n<meta property=\"article:modified_time\" content=\"2025-10-09T13:32:32+00:00\" \/>\n<meta property=\"og:image\" content=\"https:\/\/fr.twiza.org\/portail\/wp-content\/uploads\/2021\/05\/chantiers_participatifs_grand.jpg\" \/>\n\t<meta property=\"og:image:width\" content=\"600\" \/>\n\t<meta property=\"og:image:height\" content=\"450\" \/>\n\t<meta property=\"og:image:type\" content=\"image\/jpeg\" \/>\n<meta name=\"twitter:card\" content=\"summary_large_image\" \/>\n<script type=\"application\/ld+json\" class=\"yoast-schema-graph\">{\"@context\":\"https:\\\/\\\/schema.org\",\"@graph\":[{\"@type\":\"WebPage\",\"@id\":\"https:\\\/\\\/fr.twiza.org\\\/portail\\\/\",\"url\":\"https:\\\/\\\/fr.twiza.org\\\/portail\\\/\",\"name\":\"Bienvenue\",\"isPartOf\":{\"@id\":\"https:\\\/\\\/fr.twiza.org\\\/portail\\\/#website\"},\"primaryImageOfPage\":{\"@id\":\"https:\\\/\\\/fr.twiza.org\\\/portail\\\/#primaryimage\"},\"image\":{\"@id\":\"https:\\\/\\\/fr.twiza.org\\\/portail\\\/#primaryimage\"},\"thumbnailUrl\":\"https:\\\/\\\/fr.twiza.org\\\/portail\\\/wp-content\\\/uploads\\\/2021\\\/05\\\/chantiers_participatifs_grand.jpg\",\"datePublished\":\"2021-05-27T07:06:14+00:00\",\"dateModified\":\"2025-10-09T13:32:32+00:00\",\"breadcrumb\":{\"@id\":\"https:\\\/\\\/fr.twiza.org\\\/portail\\\/#breadcrumb\"},\"inLanguage\":\"fr-FR\",\"potentialAction\":[{\"@type\":\"ReadAction\",\"target\":[\"https:\\\/\\\/fr.twiza.org\\\/portail\\\/\"]}]},{\"@type\":\"ImageObject\",\"inLanguage\":\"fr-FR\",\"@id\":\"https:\\\/\\\/fr.twiza.org\\\/portail\\\/#primaryimage\",\"url\":\"https:\\\/\\\/fr.twiza.org\\\/portail\\\/wp-content\\\/uploads\\\/2021\\\/05\\\/chantiers_participatifs_grand.jpg\",\"contentUrl\":\"https:\\\/\\\/fr.twiza.org\\\/portail\\\/wp-content\\\/uploads\\\/2021\\\/05\\\/chantiers_participatifs_grand.jpg\",\"width\":600,\"height\":450,\"caption\":\"Un chantier participatif\"},{\"@type\":\"BreadcrumbList\",\"@id\":\"https:\\\/\\\/fr.twiza.org\\\/portail\\\/#breadcrumb\",\"itemListElement\":[{\"@type\":\"ListItem\",\"position\":1,\"name\":\"Accueil\",\"item\":\"https:\\\/\\\/fr.twiza.org\\\/portail\\\/\"},{\"@type\":\"ListItem\",\"position\":2,\"name\":\"Bienvenue\"}]},{\"@type\":\"WebSite\",\"@id\":\"https:\\\/\\\/fr.twiza.org\\\/portail\\\/#website\",\"url\":\"https:\\\/\\\/fr.twiza.org\\\/portail\\\/\",\"name\":\"R\u00e9seau Twiza\",\"description\":\"Entraide pour un habitat \u00e9cologique, convivial et r\u00e9silient\",\"publisher\":{\"@id\":\"https:\\\/\\\/fr.twiza.org\\\/portail\\\/#organization\"},\"potentialAction\":[{\"@type\":\"SearchAction\",\"target\":{\"@type\":\"EntryPoint\",\"urlTemplate\":\"https:\\\/\\\/fr.twiza.org\\\/portail\\\/?s={search_term_string}\"},\"query-input\":{\"@type\":\"PropertyValueSpecification\",\"valueRequired\":true,\"valueName\":\"search_term_string\"}}],\"inLanguage\":\"fr-FR\"},{\"@type\":\"Organization\",\"@id\":\"https:\\\/\\\/fr.twiza.org\\\/portail\\\/#organization\",\"name\":\"R\u00e9seau Twiza\",\"url\":\"https:\\\/\\\/fr.twiza.org\\\/portail\\\/\",\"logo\":{\"@type\":\"ImageObject\",\"inLanguage\":\"fr-FR\",\"@id\":\"https:\\\/\\\/fr.twiza.org\\\/portail\\\/#\\\/schema\\\/logo\\\/image\\\/\",\"url\":\"https:\\\/\\\/fr.twiza.org\\\/portail\\\/wp-content\\\/uploads\\\/2021\\\/05\\\/cropped-logo-reseau-twiza.jpg\",\"contentUrl\":\"https:\\\/\\\/fr.twiza.org\\\/portail\\\/wp-content\\\/uploads\\\/2021\\\/05\\\/cropped-logo-reseau-twiza.jpg\",\"width\":400,\"height\":102,\"caption\":\"R\u00e9seau Twiza\"},\"image\":{\"@id\":\"https:\\\/\\\/fr.twiza.org\\\/portail\\\/#\\\/schema\\\/logo\\\/image\\\/\"},\"sameAs\":[\"https:\\\/\\\/fr-fr.facebook.com\\\/Twiza.fr\\\/\",\"https:\\\/\\\/www.instagram.com\\\/twiza_fr\\\/\",\"https:\\\/\\\/www.linkedin.com\\\/company\\\/reseautwiza\\\/\"]}]}<\/script>\n<!-- \/ Yoast SEO Premium plugin. -->","yoast_head_json":{"title":"Bienvenue","robots":{"index":"index","follow":"follow","max-snippet":"max-snippet:-1","max-image-preview":"max-image-preview:large","max-video-preview":"max-video-preview:-1"},"canonical":"https:\/\/fr.twiza.org\/portail\/","og_locale":"fr_FR","og_type":"article","og_title":"Bienvenue","og_description":"Chantiers participatifs Groupement d&rsquo;achats Pros de confiance Formations","og_url":"https:\/\/fr.twiza.org\/portail\/","og_site_name":"R\u00e9seau Twiza","article_publisher":"https:\/\/fr-fr.facebook.com\/Twiza.fr\/","article_modified_time":"2025-10-09T13:32:32+00:00","og_image":[{"width":600,"height":450,"url":"https:\/\/fr.twiza.org\/portail\/wp-content\/uploads\/2021\/05\/chantiers_participatifs_grand.jpg","type":"image\/jpeg"}],"twitter_card":"summary_large_image","schema":{"@context":"https:\/\/schema.org","@graph":[{"@type":"WebPage","@id":"https:\/\/fr.twiza.org\/portail\/","url":"https:\/\/fr.twiza.org\/portail\/","name":"Bienvenue","isPartOf":{"@id":"https:\/\/fr.twiza.org\/portail\/#website"},"primaryImageOfPage":{"@id":"https:\/\/fr.twiza.org\/portail\/#primaryimage"},"image":{"@id":"https:\/\/fr.twiza.org\/portail\/#primaryimage"},"thumbnailUrl":"https:\/\/fr.twiza.org\/portail\/wp-content\/uploads\/2021\/05\/chantiers_participatifs_grand.jpg","datePublished":"2021-05-27T07:06:14+00:00","dateModified":"2025-10-09T13:32:32+00:00","breadcrumb":{"@id":"https:\/\/fr.twiza.org\/portail\/#breadcrumb"},"inLanguage":"fr-FR","potentialAction":[{"@type":"ReadAction","target":["https:\/\/fr.twiza.org\/portail\/"]}]},{"@type":"ImageObject","inLanguage":"fr-FR","@id":"https:\/\/fr.twiza.org\/portail\/#primaryimage","url":"https:\/\/fr.twiza.org\/portail\/wp-content\/uploads\/2021\/05\/chantiers_participatifs_grand.jpg","contentUrl":"https:\/\/fr.twiza.org\/portail\/wp-content\/uploads\/2021\/05\/chantiers_participatifs_grand.jpg","width":600,"height":450,"caption":"Un chantier participatif"},{"@type":"BreadcrumbList","@id":"https:\/\/fr.twiza.org\/portail\/#breadcrumb","itemListElement":[{"@type":"ListItem","position":1,"name":"Accueil","item":"https:\/\/fr.twiza.org\/portail\/"},{"@type":"ListItem","position":2,"name":"Bienvenue"}]},{"@type":"WebSite","@id":"https:\/\/fr.twiza.org\/portail\/#website","url":"https:\/\/fr.twiza.org\/portail\/","name":"R\u00e9seau Twiza","description":"Entraide pour un habitat \u00e9cologique, convivial et r\u00e9silient","publisher":{"@id":"https:\/\/fr.twiza.org\/portail\/#organization"},"potentialAction":[{"@type":"SearchAction","target":{"@type":"EntryPoint","urlTemplate":"https:\/\/fr.twiza.org\/portail\/?s={search_term_string}"},"query-input":{"@type":"PropertyValueSpecification","valueRequired":true,"valueName":"search_term_string"}}],"inLanguage":"fr-FR"},{"@type":"Organization","@id":"https:\/\/fr.twiza.org\/portail\/#organization","name":"R\u00e9seau Twiza","url":"https:\/\/fr.twiza.org\/portail\/","logo":{"@type":"ImageObject","inLanguage":"fr-FR","@id":"https:\/\/fr.twiza.org\/portail\/#\/schema\/logo\/image\/","url":"https:\/\/fr.twiza.org\/portail\/wp-content\/uploads\/2021\/05\/cropped-logo-reseau-twiza.jpg","contentUrl":"https:\/\/fr.twiza.org\/portail\/wp-content\/uploads\/2021\/05\/cropped-logo-reseau-twiza.jpg","width":400,"height":102,"caption":"R\u00e9seau Twiza"},"image":{"@id":"https:\/\/fr.twiza.org\/portail\/#\/schema\/logo\/image\/"},"sameAs":["https:\/\/fr-fr.facebook.com\/Twiza.fr\/","https:\/\/www.instagram.com\/twiza_fr\/","https:\/\/www.linkedin.com\/company\/reseautwiza\/"]}]}},"jetpack_sharing_enabled":true,"_links":{"self":[{"href":"https:\/\/fr.twiza.org\/portail\/wp-json\/wp\/v2\/pages\/1802","targetHints":{"allow":["GET"]}}],"collection":[{"href":"https:\/\/fr.twiza.org\/portail\/wp-json\/wp\/v2\/pages"}],"about":[{"href":"https:\/\/fr.twiza.org\/portail\/wp-json\/wp\/v2\/types\/page"}],"author":[{"embeddable":true,"href":"https:\/\/fr.twiza.org\/portail\/wp-json\/wp\/v2\/users\/1"}],"replies":[{"embeddable":true,"href":"https:\/\/fr.twiza.org\/portail\/wp-json\/wp\/v2\/comments?post=1802"}],"version-history":[{"count":26,"href":"https:\/\/fr.twiza.org\/portail\/wp-json\/wp\/v2\/pages\/1802\/revisions"}],"predecessor-version":[{"id":13650,"href":"https:\/\/fr.twiza.org\/portail\/wp-json\/wp\/v2\/pages\/1802\/revisions\/13650"}],"wp:attachment":[{"href":"https:\/\/fr.twiza.org\/portail\/wp-json\/wp\/v2\/media?parent=1802"}],"curies":[{"name":"wp","href":"https:\/\/api.w.org\/{rel}","templated":true}]}}