{"id":2313,"date":"2021-06-17T11:23:47","date_gmt":"2021-06-17T09:23:47","guid":{"rendered":"https:\/\/fr.twiza.org\/portail\/?page_id=2313"},"modified":"2025-07-04T07:32:11","modified_gmt":"2025-07-04T05:32:11","slug":"mentions-legales","status":"publish","type":"page","link":"https:\/\/fr.twiza.org\/portail\/mentions-legales\/","title":{"rendered":"Mentions l\u00e9gales"},"content":{"rendered":"\n<p>Conform\u00e9ment \u00e0 la loi n\u00b02004-575 du 21 juin 2004 pour la confiance dans l\u2019\u00e9conomie num\u00e9rique et au R\u00e8glement G\u00e9n\u00e9ral sur la Protection des Donn\u00e9es (RGPD), les informations suivantes sont fournies aux utilisateurs des sites du domaine twiza.org&nbsp;:<\/p>\n\n\n\n<h2 class=\"wp-block-heading\">1. \u00c9diteur du site<\/h2>\n\n\n\n<p><strong>Raison sociale<\/strong>\u00a0: Twiza SAS<br><strong>Forme juridique<\/strong>\u00a0: Soci\u00e9t\u00e9 par Actions Simplifi\u00e9e (SAS) \u00e0 capital variable, entreprise de l\u2019<strong>\u00e9conomie sociale et solidaire<\/strong> \u00e0 gouvernance <strong>coop\u00e9rative<\/strong> et \u00e0 vocation d&rsquo;<strong>int\u00e9r\u00eat collectif<\/strong>.<br><strong>Capital social<\/strong>\u00a0: 110 295,00 \u20ac (minimum)<br><strong>Si\u00e8ge social<\/strong>\u00a0: 41-43 quai de Malakoff, 44000 Nantes, France<br><strong>Num\u00e9ro SIREN<\/strong>\u00a0: 823 946 983 (RCS Nantes)<br><strong>Num\u00e9ro de TVA intracommunautaire<\/strong>\u00a0: [\u00c0 confirmer par Twiza]<br><strong>Adresse e-mail<\/strong>\u00a0: contact@twiza.org<br><strong>Domiciliation<\/strong>\u00a0: SEDOMICILER SAS, 820 557 254 RCS<br><strong>Dur\u00e9e de la soci\u00e9t\u00e9<\/strong>\u00a0: Jusqu\u2019au 24\/11\/2115<\/p>\n\n\n\n<h2 class=\"wp-block-heading\">2. Directeur de la publication<\/h2>\n\n\n\n<p><strong>Nom<\/strong>&nbsp;: C\u00e9dric AVRAMOGLOU<br><strong>Contact<\/strong>&nbsp;: contact@twiza.org ou de pr\u00e9f\u00e9rence via la page <a href=\"https:\/\/fr.twiza.org\/portail\/contact\/\">Nous contacter<\/a><\/p>\n\n\n\n<h2 class=\"wp-block-heading\">3. H\u00e9bergeur du site<\/h2>\n\n\n\n<p><strong>Nom<\/strong>&nbsp;: OVH SAS<br><strong>Adresse<\/strong>&nbsp;: 2 rue Kellermann, 59100 Roubaix, France<br><strong>Num\u00e9ro de t\u00e9l\u00e9phone<\/strong>&nbsp;: +33 9 72 10 10 07<br><strong>SIRET<\/strong>&nbsp;: 424 761 419 00045<br><strong>TVA intracommunautaire<\/strong>&nbsp;: FR 22 424 761 419<\/p>\n\n\n\n<h2 class=\"wp-block-heading\">4. Protection des donn\u00e9es personnelles (RGPD)<\/h2>\n\n\n\n<p>Le site&nbsp;<a href=\"https:\/\/fr.twiza.org\/\">fr.twiza.org<\/a>&nbsp;collecte des donn\u00e9es personnelles (ex. : nom, pr\u00e9nom, e-mail, t\u00e9l\u00e9phone) pour les finalit\u00e9s suivantes : gestion des comptes utilisateurs, mise en relation entre particuliers et professionnels, organisation de chantiers participatifs, envoi de newsletters.<br>&#8211;&nbsp;<strong>Responsable du traitement<\/strong>&nbsp;: Twiza SAS, 41-43 quai de Malakoff, 44000 Nantes, France.<br>&#8211;&nbsp;<strong>Finalit\u00e9 du traitement<\/strong>&nbsp;: Animation de la plateforme communautaire, mise en relation, promotion de l\u2019habitat \u00e9cologique.<br>&#8211;&nbsp;<strong>Base l\u00e9gale<\/strong>&nbsp;: Consentement, ex\u00e9cution d\u2019un contrat (ex. : adh\u00e9sion), obligation l\u00e9gale.<br>&#8211;&nbsp;<strong>Destinataires<\/strong>&nbsp;: Services internes de Twiza SAS, h\u00e9bergeur (OVH), partenaires pour la mise en relation.<br>&#8211;&nbsp;<strong>Dur\u00e9e de conservation<\/strong>&nbsp;: Donn\u00e9es conserv\u00e9es pour la dur\u00e9e n\u00e9cessaire aux finalit\u00e9s ou jusqu\u2019\u00e0 demande de suppression.<br>&#8211;&nbsp;<strong>Droits des utilisateurs<\/strong>&nbsp;: Droit d\u2019acc\u00e8s, de rectification, de suppression, d\u2019opposition, de limitation et de portabilit\u00e9. Contactez : contact@twiza.org ou 41-43 quai de Malakoff, 44000 Nantes. R\u00e9clamation possible aupr\u00e8s de la CNIL (<a href=\"https:\/\/www.cnil.fr\/\">www.cnil.fr<\/a>).<br>&#8211;&nbsp;<strong>Transfert hors UE<\/strong>&nbsp;: Certaines donn\u00e9es peuvent \u00eatre transf\u00e9r\u00e9es hors UE (ex. : outils d\u2019analyse). Des garanties conformes au RGPD sont mises en place.<\/p>\n\n\n\n<h2 class=\"wp-block-heading\">5. Cookies<\/h2>\n\n\n\n<p>Le site utilise des cookies pour am\u00e9liorer l\u2019exp\u00e9rience utilisateur, analyser l\u2019audience et proposer des contenus adapt\u00e9s. Un bandeau de consentement permet de g\u00e9rer les cookies non essentiels. La dur\u00e9e maximale de conservation du consentement est de 13 mois. Les pr\u00e9f\u00e9rences peuvent \u00eatre modifi\u00e9es via l\u2019outil de gestion des cookies ou les param\u00e8tres du navigateur.<\/p>\n\n\n\n<h2 class=\"wp-block-heading\">6. Conditions G\u00e9n\u00e9rales d\u2019Utilisation (CGU) et Conditions G\u00e9n\u00e9rales de Vente (CGV)<\/h2>\n\n\n\n<p>Les services de la plateforme (ex. : adh\u00e9sions, publication de chantiers) sont r\u00e9gis par les&nbsp;<a href=\"https:\/\/fr.twiza.org\/portail\/conditions-generales\/\">Conditions G\u00e9n\u00e9rales d\u2019Utilisation<\/a>. Pour les services payants, les CGV pr\u00e9cisent les modalit\u00e9s de paiement, de r\u00e9tractation (14 jours pour les consommateurs), les garanties l\u00e9gales et les conditions de r\u00e9siliation (accessible en ligne).<br>&#8211;&nbsp;<strong>M\u00e9diation<\/strong>&nbsp;: En cas de litige, contactez le M\u00e9diateur de la consommation : M\u00e9diation Tourisme et Voyage, BP 80 303, 75 823 Paris Cedex 17,&nbsp;<a href=\"https:\/\/www.mtv.travel\/\">www.mtv.travel<\/a>. Plateforme europ\u00e9enne de r\u00e8glement en ligne des litiges :&nbsp;<a href=\"https:\/\/ec.europa.eu\/consumers\/odr\">ec.europa.eu\/consumers\/odr<\/a>.<br>&#8211;&nbsp;<strong>Tribunal comp\u00e9tent<\/strong>&nbsp;: Tribunal de Commerce de Nantes.<\/p>\n\n\n\n<h2 class=\"wp-block-heading\">7. Propri\u00e9t\u00e9 intellectuelle<\/h2>\n\n\n\n<p>Les contenus du site (textes, images, vid\u00e9os, logos) sont la propri\u00e9t\u00e9 de leurs auteurs respectifs ou de Twiza SAS. Toute reproduction ou utilisation sans autorisation \u00e9crite est interdite.<\/p>\n\n\n\n<h2 class=\"wp-block-heading\">8. Responsabilit\u00e9<\/h2>\n\n\n\n<p>Twiza SAS fournit une plateforme de mise en relation et n\u2019est pas responsable des contenus publi\u00e9s par les utilisateurs. Les organisateurs de chantiers participatifs doivent respecter les r\u00e9glementations et souscrire les assurances n\u00e9cessaires.<\/p>\n\n\n\n<h2 class=\"wp-block-heading\">9. Activit\u00e9<\/h2>\n\n\n\n<p>Twiza SAS anime une plateforme communautaire pour l\u2019habitat \u00e9cologique, facilitant la mise en relation entre particuliers et professionnels, la publication de chantiers participatifs, et la promotion de pratiques durables. Activit\u00e9 principale : programmation informatique, conception, d\u00e9veloppement et maintenance d\u2019outils informatiques au service de communaut\u00e9s.<\/p>\n\n\n\n<h2 class=\"wp-block-heading\" id=\"h-10-credits\">10. <strong>Cr\u00e9dits<\/strong><\/h2>\n\n\n\n<p>Webdesign : B\u00e9n\u00e9dicte Boulineau &#8211; <a href=\"http:\/\/www.hellobene.com\" target=\"_blank\" rel=\"noreferrer noopener\">www.hellobene.com<\/a><\/p>\n","protected":false},"excerpt":{"rendered":"<p>Conform\u00e9ment \u00e0 la loi n\u00b02004-575 du 21 juin 2004 pour la confiance dans l\u2019\u00e9conomie num\u00e9rique et au R\u00e8glement G\u00e9n\u00e9ral sur la Protection des Donn\u00e9es (RGPD), les informations suivantes sont fournies aux utilisateurs des sites du domaine twiza.org&nbsp;: 1. \u00c9diteur du site Raison sociale\u00a0: Twiza SASForme juridique\u00a0: Soci\u00e9t\u00e9 par Actions Simplifi\u00e9e [&hellip;]<\/p>\n","protected":false},"author":3,"featured_media":0,"parent":0,"menu_order":0,"comment_status":"closed","ping_status":"closed","template":"","meta":{"_eb_attr":"","_themeisle_gutenberg_block_has_review":false,"footnotes":""},"class_list":["post-2313","page","type-page","status-publish","hentry"],"yoast_head":"<!-- This site is optimized with the Yoast SEO Premium plugin v27.2 (Yoast SEO v27.3) - https:\/\/yoast.com\/product\/yoast-seo-premium-wordpress\/ -->\n<title>Mentions l\u00e9gales<\/title>\n<meta name=\"robots\" content=\"index, follow, max-snippet:-1, max-image-preview:large, max-video-preview:-1\" \/>\n<link rel=\"canonical\" href=\"https:\/\/fr.twiza.org\/portail\/mentions-legales\/\" \/>\n<meta property=\"og:locale\" content=\"fr_FR\" \/>\n<meta property=\"og:type\" content=\"article\" \/>\n<meta property=\"og:title\" content=\"Mentions l\u00e9gales\" \/>\n<meta property=\"og:description\" content=\"Conform\u00e9ment \u00e0 la loi n\u00b02004-575 du 21 juin 2004 pour la confiance dans l\u2019\u00e9conomie num\u00e9rique et au R\u00e8glement G\u00e9n\u00e9ral sur la Protection des Donn\u00e9es (RGPD), les informations suivantes sont fournies aux utilisateurs des sites du domaine twiza.org&nbsp;: 1. \u00c9diteur du site Raison sociale\u00a0: Twiza SASForme juridique\u00a0: Soci\u00e9t\u00e9 par Actions Simplifi\u00e9e [&hellip;]\" \/>\n<meta property=\"og:url\" content=\"https:\/\/fr.twiza.org\/portail\/mentions-legales\/\" \/>\n<meta property=\"og:site_name\" content=\"R\u00e9seau Twiza\" \/>\n<meta property=\"article:publisher\" content=\"https:\/\/fr-fr.facebook.com\/Twiza.fr\/\" \/>\n<meta property=\"article:modified_time\" content=\"2025-07-04T05:32:11+00:00\" \/>\n<meta name=\"twitter:card\" content=\"summary_large_image\" \/>\n<script type=\"application\/ld+json\" class=\"yoast-schema-graph\">{\"@context\":\"https:\\\/\\\/schema.org\",\"@graph\":[{\"@type\":\"WebPage\",\"@id\":\"https:\\\/\\\/fr.twiza.org\\\/portail\\\/mentions-legales\\\/\",\"url\":\"https:\\\/\\\/fr.twiza.org\\\/portail\\\/mentions-legales\\\/\",\"name\":\"Mentions l\u00e9gales\",\"isPartOf\":{\"@id\":\"https:\\\/\\\/fr.twiza.org\\\/portail\\\/#website\"},\"datePublished\":\"2021-06-17T09:23:47+00:00\",\"dateModified\":\"2025-07-04T05:32:11+00:00\",\"breadcrumb\":{\"@id\":\"https:\\\/\\\/fr.twiza.org\\\/portail\\\/mentions-legales\\\/#breadcrumb\"},\"inLanguage\":\"fr-FR\",\"potentialAction\":[{\"@type\":\"ReadAction\",\"target\":[\"https:\\\/\\\/fr.twiza.org\\\/portail\\\/mentions-legales\\\/\"]}]},{\"@type\":\"BreadcrumbList\",\"@id\":\"https:\\\/\\\/fr.twiza.org\\\/portail\\\/mentions-legales\\\/#breadcrumb\",\"itemListElement\":[{\"@type\":\"ListItem\",\"position\":1,\"name\":\"Accueil\",\"item\":\"https:\\\/\\\/fr.twiza.org\\\/portail\\\/\"},{\"@type\":\"ListItem\",\"position\":2,\"name\":\"Mentions l\u00e9gales\"}]},{\"@type\":\"WebSite\",\"@id\":\"https:\\\/\\\/fr.twiza.org\\\/portail\\\/#website\",\"url\":\"https:\\\/\\\/fr.twiza.org\\\/portail\\\/\",\"name\":\"R\u00e9seau Twiza\",\"description\":\"Entraide pour un habitat \u00e9cologique, convivial et r\u00e9silient\",\"publisher\":{\"@id\":\"https:\\\/\\\/fr.twiza.org\\\/portail\\\/#organization\"},\"potentialAction\":[{\"@type\":\"SearchAction\",\"target\":{\"@type\":\"EntryPoint\",\"urlTemplate\":\"https:\\\/\\\/fr.twiza.org\\\/portail\\\/?s={search_term_string}\"},\"query-input\":{\"@type\":\"PropertyValueSpecification\",\"valueRequired\":true,\"valueName\":\"search_term_string\"}}],\"inLanguage\":\"fr-FR\"},{\"@type\":\"Organization\",\"@id\":\"https:\\\/\\\/fr.twiza.org\\\/portail\\\/#organization\",\"name\":\"R\u00e9seau Twiza\",\"url\":\"https:\\\/\\\/fr.twiza.org\\\/portail\\\/\",\"logo\":{\"@type\":\"ImageObject\",\"inLanguage\":\"fr-FR\",\"@id\":\"https:\\\/\\\/fr.twiza.org\\\/portail\\\/#\\\/schema\\\/logo\\\/image\\\/\",\"url\":\"https:\\\/\\\/fr.twiza.org\\\/portail\\\/wp-content\\\/uploads\\\/2021\\\/05\\\/cropped-logo-reseau-twiza.jpg\",\"contentUrl\":\"https:\\\/\\\/fr.twiza.org\\\/portail\\\/wp-content\\\/uploads\\\/2021\\\/05\\\/cropped-logo-reseau-twiza.jpg\",\"width\":400,\"height\":102,\"caption\":\"R\u00e9seau Twiza\"},\"image\":{\"@id\":\"https:\\\/\\\/fr.twiza.org\\\/portail\\\/#\\\/schema\\\/logo\\\/image\\\/\"},\"sameAs\":[\"https:\\\/\\\/fr-fr.facebook.com\\\/Twiza.fr\\\/\",\"https:\\\/\\\/www.instagram.com\\\/twiza_fr\\\/\",\"https:\\\/\\\/www.linkedin.com\\\/company\\\/reseautwiza\\\/\"]}]}<\/script>\n<!-- \/ Yoast SEO Premium plugin. -->","yoast_head_json":{"title":"Mentions l\u00e9gales","robots":{"index":"index","follow":"follow","max-snippet":"max-snippet:-1","max-image-preview":"max-image-preview:large","max-video-preview":"max-video-preview:-1"},"canonical":"https:\/\/fr.twiza.org\/portail\/mentions-legales\/","og_locale":"fr_FR","og_type":"article","og_title":"Mentions l\u00e9gales","og_description":"Conform\u00e9ment \u00e0 la loi n\u00b02004-575 du 21 juin 2004 pour la confiance dans l\u2019\u00e9conomie num\u00e9rique et au R\u00e8glement G\u00e9n\u00e9ral sur la Protection des Donn\u00e9es (RGPD), les informations suivantes sont fournies aux utilisateurs des sites du domaine twiza.org&nbsp;: 1. \u00c9diteur du site Raison sociale\u00a0: Twiza SASForme juridique\u00a0: Soci\u00e9t\u00e9 par Actions Simplifi\u00e9e [&hellip;]","og_url":"https:\/\/fr.twiza.org\/portail\/mentions-legales\/","og_site_name":"R\u00e9seau Twiza","article_publisher":"https:\/\/fr-fr.facebook.com\/Twiza.fr\/","article_modified_time":"2025-07-04T05:32:11+00:00","twitter_card":"summary_large_image","schema":{"@context":"https:\/\/schema.org","@graph":[{"@type":"WebPage","@id":"https:\/\/fr.twiza.org\/portail\/mentions-legales\/","url":"https:\/\/fr.twiza.org\/portail\/mentions-legales\/","name":"Mentions l\u00e9gales","isPartOf":{"@id":"https:\/\/fr.twiza.org\/portail\/#website"},"datePublished":"2021-06-17T09:23:47+00:00","dateModified":"2025-07-04T05:32:11+00:00","breadcrumb":{"@id":"https:\/\/fr.twiza.org\/portail\/mentions-legales\/#breadcrumb"},"inLanguage":"fr-FR","potentialAction":[{"@type":"ReadAction","target":["https:\/\/fr.twiza.org\/portail\/mentions-legales\/"]}]},{"@type":"BreadcrumbList","@id":"https:\/\/fr.twiza.org\/portail\/mentions-legales\/#breadcrumb","itemListElement":[{"@type":"ListItem","position":1,"name":"Accueil","item":"https:\/\/fr.twiza.org\/portail\/"},{"@type":"ListItem","position":2,"name":"Mentions l\u00e9gales"}]},{"@type":"WebSite","@id":"https:\/\/fr.twiza.org\/portail\/#website","url":"https:\/\/fr.twiza.org\/portail\/","name":"R\u00e9seau Twiza","description":"Entraide pour un habitat \u00e9cologique, convivial et r\u00e9silient","publisher":{"@id":"https:\/\/fr.twiza.org\/portail\/#organization"},"potentialAction":[{"@type":"SearchAction","target":{"@type":"EntryPoint","urlTemplate":"https:\/\/fr.twiza.org\/portail\/?s={search_term_string}"},"query-input":{"@type":"PropertyValueSpecification","valueRequired":true,"valueName":"search_term_string"}}],"inLanguage":"fr-FR"},{"@type":"Organization","@id":"https:\/\/fr.twiza.org\/portail\/#organization","name":"R\u00e9seau Twiza","url":"https:\/\/fr.twiza.org\/portail\/","logo":{"@type":"ImageObject","inLanguage":"fr-FR","@id":"https:\/\/fr.twiza.org\/portail\/#\/schema\/logo\/image\/","url":"https:\/\/fr.twiza.org\/portail\/wp-content\/uploads\/2021\/05\/cropped-logo-reseau-twiza.jpg","contentUrl":"https:\/\/fr.twiza.org\/portail\/wp-content\/uploads\/2021\/05\/cropped-logo-reseau-twiza.jpg","width":400,"height":102,"caption":"R\u00e9seau Twiza"},"image":{"@id":"https:\/\/fr.twiza.org\/portail\/#\/schema\/logo\/image\/"},"sameAs":["https:\/\/fr-fr.facebook.com\/Twiza.fr\/","https:\/\/www.instagram.com\/twiza_fr\/","https:\/\/www.linkedin.com\/company\/reseautwiza\/"]}]}},"jetpack_sharing_enabled":true,"_links":{"self":[{"href":"https:\/\/fr.twiza.org\/portail\/wp-json\/wp\/v2\/pages\/2313","targetHints":{"allow":["GET"]}}],"collection":[{"href":"https:\/\/fr.twiza.org\/portail\/wp-json\/wp\/v2\/pages"}],"about":[{"href":"https:\/\/fr.twiza.org\/portail\/wp-json\/wp\/v2\/types\/page"}],"author":[{"embeddable":true,"href":"https:\/\/fr.twiza.org\/portail\/wp-json\/wp\/v2\/users\/3"}],"replies":[{"embeddable":true,"href":"https:\/\/fr.twiza.org\/portail\/wp-json\/wp\/v2\/comments?post=2313"}],"version-history":[{"count":10,"href":"https:\/\/fr.twiza.org\/portail\/wp-json\/wp\/v2\/pages\/2313\/revisions"}],"predecessor-version":[{"id":12940,"href":"https:\/\/fr.twiza.org\/portail\/wp-json\/wp\/v2\/pages\/2313\/revisions\/12940"}],"wp:attachment":[{"href":"https:\/\/fr.twiza.org\/portail\/wp-json\/wp\/v2\/media?parent=2313"}],"curies":[{"name":"wp","href":"https:\/\/api.w.org\/{rel}","templated":true}]}}