{"id":239,"date":"2019-10-11T14:06:37","date_gmt":"2019-10-11T14:06:37","guid":{"rendered":"https:\/\/bridge265.qodeinteractive.com\/?page_id=239"},"modified":"2026-03-24T09:23:13","modified_gmt":"2026-03-24T08:23:13","slug":"contact","status":"publish","type":"page","link":"https:\/\/fr.twiza.org\/portail\/contact\/","title":{"rendered":"Nous contacter"},"content":{"rendered":"\n<p class=\"has-text-align-center\">De l&rsquo;autre c\u00f4t\u00e9 de l&rsquo;\u00e9cran il y a de \u00ab\u00a0<strong>vrais gens<\/strong>\u00a0\u00bb qui aiment ce qu&rsquo;ils font, qui veulent t&rsquo;aider et qui sont \u00e0 l&rsquo;\u00e9coute de tes suggestions \ud83d\ude42<\/p>\n\n\n\n<h2 class=\"wp-block-heading\">Solliciter la communaut\u00e9 gr\u00e2ce au forum<\/h2>\n\n\n\n<p><strong>L&rsquo;entraide, c&rsquo;est possible sur internet.<\/strong>&nbsp;C&rsquo;est l&rsquo;ambition que l&rsquo;on avait en cr\u00e9ant notre forum, c&rsquo;est le constat que toutes et tous peuvent faire en le lisant. Un espace o\u00f9 toutes les questions sont bonnes et o\u00f9 les r\u00e9ponses profitent&nbsp;<strong>durablement<\/strong>&nbsp;\u00e0 tous les porteurs de projets, professionnels, curieux et passionn\u00e9s&#8230; qui gravitent dessus.<\/p>\n\n\n\n<div class=\"wp-block-buttons is-content-justification-center is-layout-flex wp-container-core-buttons-is-layout-a89b3969 wp-block-buttons-is-layout-flex\">\n<div class=\"wp-block-button\"><a class=\"wp-block-button__link wp-element-button\" href=\"https:\/\/forum.twiza.org\/\" target=\"_blank\" rel=\"noreferrer noopener\">Acc\u00e9der au forum<\/a><\/div>\n<\/div>\n\n\n\n<div style=\"height:20px\" aria-hidden=\"true\" class=\"wp-block-spacer\"><\/div>\n\n\n<div class=\"wp-block-image\">\n<figure class=\"aligncenter size-large\"><img fetchpriority=\"high\" decoding=\"async\" width=\"1024\" height=\"407\" src=\"https:\/\/fr.twiza.org\/portail\/wp-content\/uploads\/2024\/11\/Capture-decran-2024-11-07-a-17.06.44-1024x407.png\" alt=\"\" class=\"wp-image-11767\" srcset=\"https:\/\/fr.twiza.org\/portail\/wp-content\/uploads\/2024\/11\/Capture-decran-2024-11-07-a-17.06.44-1024x407.png 1024w, https:\/\/fr.twiza.org\/portail\/wp-content\/uploads\/2024\/11\/Capture-decran-2024-11-07-a-17.06.44-600x239.png 600w, https:\/\/fr.twiza.org\/portail\/wp-content\/uploads\/2024\/11\/Capture-decran-2024-11-07-a-17.06.44-300x119.png 300w, https:\/\/fr.twiza.org\/portail\/wp-content\/uploads\/2024\/11\/Capture-decran-2024-11-07-a-17.06.44-768x305.png 768w, https:\/\/fr.twiza.org\/portail\/wp-content\/uploads\/2024\/11\/Capture-decran-2024-11-07-a-17.06.44-1536x611.png 1536w, https:\/\/fr.twiza.org\/portail\/wp-content\/uploads\/2024\/11\/Capture-decran-2024-11-07-a-17.06.44.png 1750w\" sizes=\"(max-width: 1024px) 100vw, 1024px\" \/><\/figure>\n<\/div>\n\n\n<h2 class=\"wp-block-heading\" id=\"visio\">Discuter en visio<\/h2>\n\n\n\n<p>Pour une pr\u00e9sentation rapide du r\u00e9seau TWIZA et une session de r\u00e9ponse \u00e0 toutes les questions.<\/p>\n\n\n\n<p>Retrouve nous en visio tous les <strong>1ers mardis du mois de 12h \u00e0 13h<\/strong>.<\/p>\n\n\n\n<div class=\"wp-block-buttons is-content-justification-center is-layout-flex wp-container-core-buttons-is-layout-a89b3969 wp-block-buttons-is-layout-flex\">\n<div class=\"wp-block-button\"><a class=\"wp-block-button__link wp-element-button\" href=\"https:\/\/calendly.com\/equipe-twiza\/webinaire-mensuel-twiza\" target=\"_blank\" rel=\"noreferrer noopener\">S&rsquo;inscrire \u00e0 la visio<\/a><\/div>\n<\/div>\n\n\n\n<div style=\"height:21px\" aria-hidden=\"true\" class=\"wp-block-spacer\"><\/div>\n\n\n\n<p>En attendant la prochaine visio, tu peux aussi voir le replay de la s\u00e9ance d&rsquo;une des pr\u00e9c\u00e9dentes s\u00e9ances :<\/p>\n\n\n\n<div style=\"height:18px\" aria-hidden=\"true\" class=\"wp-block-spacer\"><\/div>\n\n\n<div align = 'center'>\n<iframe width=\"560\" height=\"315\" src=\"https:\/\/www.youtube.com\/embed\/Rnko22cP_9g?si=QkqOCqgWCtq4rXrt\" title=\"YouTube video player\" frameborder=\"0\" allow=\"accelerometer; autoplay; clipboard-write; encrypted-media; gyroscope; picture-in-picture; web-share\" referrerpolicy=\"strict-origin-when-cross-origin\" allowfullscreen><\/iframe>\n<\/div>\n\n\n\n<div style=\"height:18px\" aria-hidden=\"true\" class=\"wp-block-spacer\"><\/div>\n\n\n\n<h2 class=\"wp-block-heading\" id=\"h-contacter-l-equipe-permanente\">Contacter l&rsquo;\u00e9quipe permanente<\/h2>\n\n\n\n<p>Pour tous les autres cas et en dernier recours tu peux <a href=\"https:\/\/airtable.com\/shrkLN87cydUoQxVx\">nous \u00e9crire<\/a> ou par t\u00e9l\u00e9phone au 05 35 65 57 73.<\/p>\n\n\n\n<div style=\"height:22px\" aria-hidden=\"true\" class=\"wp-block-spacer\"><\/div>\n\n\n\n<h4 class=\"wp-block-heading\" id=\"h-des-questions-vis-a-vis-de-ton-experience-sur-un-chantier\">Des questions vis \u00e0 vis de ton exp\u00e9rience sur un chantier ?<\/h4>\n\n\n\n<p>Tu te questionnes sur ton exp\u00e9rience sur un chantier participatif, tu te demandes si cela respecte bien la <a href=\"https:\/\/fr.twiza.org\/chantiers-participatifs-sur-twiza-cadre-et-engagements,pa7.html?only=frame\" data-type=\"URL\" data-id=\"https:\/\/fr.twiza.org\/chantiers-participatifs-sur-twiza-cadre-et-engagements,pa7.html?only=frame\">charte du chantier participatif<\/a> et tu aimerais en discuter avec un membre de notre \u00e9quipe.<\/p>\n\n\n\n<p>Emi et Th\u00e9o sont l\u00e0 pour \u00e7a, \u00e9cris-leur et ils te recontacteront au plus vite.<\/p>\n\n\n<div class=\"wp-block-image is-style-default\">\n<figure class=\"aligncenter size-full is-resized\"><img decoding=\"async\" width=\"1200\" height=\"1600\" src=\"https:\/\/fr.twiza.org\/portail\/wp-content\/uploads\/2025\/10\/Equipe-septembre-2025-VF.png\" alt=\"\" class=\"wp-image-13615\" style=\"width:759px;height:auto\" srcset=\"https:\/\/fr.twiza.org\/portail\/wp-content\/uploads\/2025\/10\/Equipe-septembre-2025-VF.png 1200w, https:\/\/fr.twiza.org\/portail\/wp-content\/uploads\/2025\/10\/Equipe-septembre-2025-VF-225x300.png 225w, https:\/\/fr.twiza.org\/portail\/wp-content\/uploads\/2025\/10\/Equipe-septembre-2025-VF-768x1024.png 768w, https:\/\/fr.twiza.org\/portail\/wp-content\/uploads\/2025\/10\/Equipe-septembre-2025-VF-1152x1536.png 1152w, https:\/\/fr.twiza.org\/portail\/wp-content\/uploads\/2025\/10\/Equipe-septembre-2025-VF-600x800.png 600w\" sizes=\"(max-width: 1200px) 100vw, 1200px\" \/><\/figure>\n<\/div>\n\n\n<div style=\"height:50px\" aria-hidden=\"true\" class=\"wp-block-spacer\"><\/div>\n\n\n\n<p><\/p>\n","protected":false},"excerpt":{"rendered":"<p>De l&rsquo;autre c\u00f4t\u00e9 de l&rsquo;\u00e9cran il y a de \u00ab\u00a0vrais gens\u00a0\u00bb qui aiment ce qu&rsquo;ils font, qui veulent t&rsquo;aider et qui sont \u00e0 l&rsquo;\u00e9coute de tes suggestions \ud83d\ude42 Solliciter la communaut\u00e9 gr\u00e2ce au forum L&rsquo;entraide, c&rsquo;est possible sur internet.&nbsp;C&rsquo;est l&rsquo;ambition que l&rsquo;on avait en cr\u00e9ant notre forum, c&rsquo;est le constat [&hellip;]<\/p>\n","protected":false},"author":3,"featured_media":0,"parent":0,"menu_order":0,"comment_status":"closed","ping_status":"closed","template":"page-templates\/template-fullwidth.php","meta":{"_eb_attr":"","_themeisle_gutenberg_block_has_review":false,"footnotes":""},"class_list":["post-239","page","type-page","status-publish","hentry"],"yoast_head":"<!-- This site is optimized with the Yoast SEO Premium plugin v27.2 (Yoast SEO v27.4) - https:\/\/yoast.com\/product\/yoast-seo-premium-wordpress\/ -->\n<title>Nous contacter<\/title>\n<meta name=\"description\" content=\"Comment contacter Twiza ? Pose une question sur le forum, participe \u00e0 la visio d&#039;accueil mensuelle, bo\u00eete mail de l&#039;\u00e9quipe etc...\" \/>\n<meta name=\"robots\" content=\"index, follow, max-snippet:-1, max-image-preview:large, max-video-preview:-1\" \/>\n<link rel=\"canonical\" href=\"https:\/\/fr.twiza.org\/portail\/contact\/\" \/>\n<meta property=\"og:locale\" content=\"fr_FR\" \/>\n<meta property=\"og:type\" content=\"article\" \/>\n<meta property=\"og:title\" content=\"Nous contacter\" \/>\n<meta property=\"og:description\" content=\"Comment contacter Twiza ? Pose une question sur le forum, participe \u00e0 la visio d&#039;accueil mensuelle, bo\u00eete mail de l&#039;\u00e9quipe etc...\" \/>\n<meta property=\"og:url\" content=\"https:\/\/fr.twiza.org\/portail\/contact\/\" \/>\n<meta property=\"og:site_name\" content=\"R\u00e9seau Twiza\" \/>\n<meta property=\"article:publisher\" content=\"https:\/\/fr-fr.facebook.com\/Twiza.fr\/\" \/>\n<meta property=\"article:modified_time\" content=\"2026-03-24T08:23:13+00:00\" \/>\n<meta property=\"og:image\" content=\"https:\/\/fr.twiza.org\/portail\/wp-content\/uploads\/2024\/11\/Capture-decran-2024-11-07-a-17.06.44.png\" \/>\n\t<meta property=\"og:image:width\" content=\"1750\" \/>\n\t<meta property=\"og:image:height\" content=\"696\" \/>\n\t<meta property=\"og:image:type\" content=\"image\/png\" \/>\n<meta name=\"twitter:card\" content=\"summary_large_image\" \/>\n<script type=\"application\/ld+json\" class=\"yoast-schema-graph\">{\"@context\":\"https:\\\/\\\/schema.org\",\"@graph\":[{\"@type\":\"WebPage\",\"@id\":\"https:\\\/\\\/fr.twiza.org\\\/portail\\\/contact\\\/\",\"url\":\"https:\\\/\\\/fr.twiza.org\\\/portail\\\/contact\\\/\",\"name\":\"Nous contacter\",\"isPartOf\":{\"@id\":\"https:\\\/\\\/fr.twiza.org\\\/portail\\\/#website\"},\"primaryImageOfPage\":{\"@id\":\"https:\\\/\\\/fr.twiza.org\\\/portail\\\/contact\\\/#primaryimage\"},\"image\":{\"@id\":\"https:\\\/\\\/fr.twiza.org\\\/portail\\\/contact\\\/#primaryimage\"},\"thumbnailUrl\":\"https:\\\/\\\/fr.twiza.org\\\/portail\\\/wp-content\\\/uploads\\\/2024\\\/11\\\/Capture-decran-2024-11-07-a-17.06.44-1024x407.png\",\"datePublished\":\"2019-10-11T14:06:37+00:00\",\"dateModified\":\"2026-03-24T08:23:13+00:00\",\"description\":\"Comment contacter Twiza ? Pose une question sur le forum, participe \u00e0 la visio d'accueil mensuelle, bo\u00eete mail de l'\u00e9quipe etc...\",\"breadcrumb\":{\"@id\":\"https:\\\/\\\/fr.twiza.org\\\/portail\\\/contact\\\/#breadcrumb\"},\"inLanguage\":\"fr-FR\",\"potentialAction\":[{\"@type\":\"ReadAction\",\"target\":[\"https:\\\/\\\/fr.twiza.org\\\/portail\\\/contact\\\/\"]}]},{\"@type\":\"ImageObject\",\"inLanguage\":\"fr-FR\",\"@id\":\"https:\\\/\\\/fr.twiza.org\\\/portail\\\/contact\\\/#primaryimage\",\"url\":\"https:\\\/\\\/fr.twiza.org\\\/portail\\\/wp-content\\\/uploads\\\/2024\\\/11\\\/Capture-decran-2024-11-07-a-17.06.44.png\",\"contentUrl\":\"https:\\\/\\\/fr.twiza.org\\\/portail\\\/wp-content\\\/uploads\\\/2024\\\/11\\\/Capture-decran-2024-11-07-a-17.06.44.png\",\"width\":1750,\"height\":696},{\"@type\":\"BreadcrumbList\",\"@id\":\"https:\\\/\\\/fr.twiza.org\\\/portail\\\/contact\\\/#breadcrumb\",\"itemListElement\":[{\"@type\":\"ListItem\",\"position\":1,\"name\":\"Accueil\",\"item\":\"https:\\\/\\\/fr.twiza.org\\\/portail\\\/\"},{\"@type\":\"ListItem\",\"position\":2,\"name\":\"Nous contacter\"}]},{\"@type\":\"WebSite\",\"@id\":\"https:\\\/\\\/fr.twiza.org\\\/portail\\\/#website\",\"url\":\"https:\\\/\\\/fr.twiza.org\\\/portail\\\/\",\"name\":\"R\u00e9seau Twiza\",\"description\":\"Entraide pour un habitat \u00e9cologique, convivial et r\u00e9silient\",\"publisher\":{\"@id\":\"https:\\\/\\\/fr.twiza.org\\\/portail\\\/#organization\"},\"potentialAction\":[{\"@type\":\"SearchAction\",\"target\":{\"@type\":\"EntryPoint\",\"urlTemplate\":\"https:\\\/\\\/fr.twiza.org\\\/portail\\\/?s={search_term_string}\"},\"query-input\":{\"@type\":\"PropertyValueSpecification\",\"valueRequired\":true,\"valueName\":\"search_term_string\"}}],\"inLanguage\":\"fr-FR\"},{\"@type\":\"Organization\",\"@id\":\"https:\\\/\\\/fr.twiza.org\\\/portail\\\/#organization\",\"name\":\"R\u00e9seau Twiza\",\"url\":\"https:\\\/\\\/fr.twiza.org\\\/portail\\\/\",\"logo\":{\"@type\":\"ImageObject\",\"inLanguage\":\"fr-FR\",\"@id\":\"https:\\\/\\\/fr.twiza.org\\\/portail\\\/#\\\/schema\\\/logo\\\/image\\\/\",\"url\":\"https:\\\/\\\/fr.twiza.org\\\/portail\\\/wp-content\\\/uploads\\\/2021\\\/05\\\/cropped-logo-reseau-twiza.jpg\",\"contentUrl\":\"https:\\\/\\\/fr.twiza.org\\\/portail\\\/wp-content\\\/uploads\\\/2021\\\/05\\\/cropped-logo-reseau-twiza.jpg\",\"width\":400,\"height\":102,\"caption\":\"R\u00e9seau Twiza\"},\"image\":{\"@id\":\"https:\\\/\\\/fr.twiza.org\\\/portail\\\/#\\\/schema\\\/logo\\\/image\\\/\"},\"sameAs\":[\"https:\\\/\\\/fr-fr.facebook.com\\\/Twiza.fr\\\/\",\"https:\\\/\\\/www.instagram.com\\\/twiza_fr\\\/\",\"https:\\\/\\\/www.linkedin.com\\\/company\\\/reseautwiza\\\/\"]}]}<\/script>\n<!-- \/ Yoast SEO Premium plugin. -->","yoast_head_json":{"title":"Nous contacter","description":"Comment contacter Twiza ? Pose une question sur le forum, participe \u00e0 la visio d'accueil mensuelle, bo\u00eete mail de l'\u00e9quipe etc...","robots":{"index":"index","follow":"follow","max-snippet":"max-snippet:-1","max-image-preview":"max-image-preview:large","max-video-preview":"max-video-preview:-1"},"canonical":"https:\/\/fr.twiza.org\/portail\/contact\/","og_locale":"fr_FR","og_type":"article","og_title":"Nous contacter","og_description":"Comment contacter Twiza ? Pose une question sur le forum, participe \u00e0 la visio d'accueil mensuelle, bo\u00eete mail de l'\u00e9quipe etc...","og_url":"https:\/\/fr.twiza.org\/portail\/contact\/","og_site_name":"R\u00e9seau Twiza","article_publisher":"https:\/\/fr-fr.facebook.com\/Twiza.fr\/","article_modified_time":"2026-03-24T08:23:13+00:00","og_image":[{"width":1750,"height":696,"url":"https:\/\/fr.twiza.org\/portail\/wp-content\/uploads\/2024\/11\/Capture-decran-2024-11-07-a-17.06.44.png","type":"image\/png"}],"twitter_card":"summary_large_image","schema":{"@context":"https:\/\/schema.org","@graph":[{"@type":"WebPage","@id":"https:\/\/fr.twiza.org\/portail\/contact\/","url":"https:\/\/fr.twiza.org\/portail\/contact\/","name":"Nous contacter","isPartOf":{"@id":"https:\/\/fr.twiza.org\/portail\/#website"},"primaryImageOfPage":{"@id":"https:\/\/fr.twiza.org\/portail\/contact\/#primaryimage"},"image":{"@id":"https:\/\/fr.twiza.org\/portail\/contact\/#primaryimage"},"thumbnailUrl":"https:\/\/fr.twiza.org\/portail\/wp-content\/uploads\/2024\/11\/Capture-decran-2024-11-07-a-17.06.44-1024x407.png","datePublished":"2019-10-11T14:06:37+00:00","dateModified":"2026-03-24T08:23:13+00:00","description":"Comment contacter Twiza ? Pose une question sur le forum, participe \u00e0 la visio d'accueil mensuelle, bo\u00eete mail de l'\u00e9quipe etc...","breadcrumb":{"@id":"https:\/\/fr.twiza.org\/portail\/contact\/#breadcrumb"},"inLanguage":"fr-FR","potentialAction":[{"@type":"ReadAction","target":["https:\/\/fr.twiza.org\/portail\/contact\/"]}]},{"@type":"ImageObject","inLanguage":"fr-FR","@id":"https:\/\/fr.twiza.org\/portail\/contact\/#primaryimage","url":"https:\/\/fr.twiza.org\/portail\/wp-content\/uploads\/2024\/11\/Capture-decran-2024-11-07-a-17.06.44.png","contentUrl":"https:\/\/fr.twiza.org\/portail\/wp-content\/uploads\/2024\/11\/Capture-decran-2024-11-07-a-17.06.44.png","width":1750,"height":696},{"@type":"BreadcrumbList","@id":"https:\/\/fr.twiza.org\/portail\/contact\/#breadcrumb","itemListElement":[{"@type":"ListItem","position":1,"name":"Accueil","item":"https:\/\/fr.twiza.org\/portail\/"},{"@type":"ListItem","position":2,"name":"Nous contacter"}]},{"@type":"WebSite","@id":"https:\/\/fr.twiza.org\/portail\/#website","url":"https:\/\/fr.twiza.org\/portail\/","name":"R\u00e9seau Twiza","description":"Entraide pour un habitat \u00e9cologique, convivial et r\u00e9silient","publisher":{"@id":"https:\/\/fr.twiza.org\/portail\/#organization"},"potentialAction":[{"@type":"SearchAction","target":{"@type":"EntryPoint","urlTemplate":"https:\/\/fr.twiza.org\/portail\/?s={search_term_string}"},"query-input":{"@type":"PropertyValueSpecification","valueRequired":true,"valueName":"search_term_string"}}],"inLanguage":"fr-FR"},{"@type":"Organization","@id":"https:\/\/fr.twiza.org\/portail\/#organization","name":"R\u00e9seau Twiza","url":"https:\/\/fr.twiza.org\/portail\/","logo":{"@type":"ImageObject","inLanguage":"fr-FR","@id":"https:\/\/fr.twiza.org\/portail\/#\/schema\/logo\/image\/","url":"https:\/\/fr.twiza.org\/portail\/wp-content\/uploads\/2021\/05\/cropped-logo-reseau-twiza.jpg","contentUrl":"https:\/\/fr.twiza.org\/portail\/wp-content\/uploads\/2021\/05\/cropped-logo-reseau-twiza.jpg","width":400,"height":102,"caption":"R\u00e9seau Twiza"},"image":{"@id":"https:\/\/fr.twiza.org\/portail\/#\/schema\/logo\/image\/"},"sameAs":["https:\/\/fr-fr.facebook.com\/Twiza.fr\/","https:\/\/www.instagram.com\/twiza_fr\/","https:\/\/www.linkedin.com\/company\/reseautwiza\/"]}]}},"jetpack_sharing_enabled":true,"_links":{"self":[{"href":"https:\/\/fr.twiza.org\/portail\/wp-json\/wp\/v2\/pages\/239","targetHints":{"allow":["GET"]}}],"collection":[{"href":"https:\/\/fr.twiza.org\/portail\/wp-json\/wp\/v2\/pages"}],"about":[{"href":"https:\/\/fr.twiza.org\/portail\/wp-json\/wp\/v2\/types\/page"}],"author":[{"embeddable":true,"href":"https:\/\/fr.twiza.org\/portail\/wp-json\/wp\/v2\/users\/3"}],"replies":[{"embeddable":true,"href":"https:\/\/fr.twiza.org\/portail\/wp-json\/wp\/v2\/comments?post=239"}],"version-history":[{"count":60,"href":"https:\/\/fr.twiza.org\/portail\/wp-json\/wp\/v2\/pages\/239\/revisions"}],"predecessor-version":[{"id":14190,"href":"https:\/\/fr.twiza.org\/portail\/wp-json\/wp\/v2\/pages\/239\/revisions\/14190"}],"wp:attachment":[{"href":"https:\/\/fr.twiza.org\/portail\/wp-json\/wp\/v2\/media?parent=239"}],"curies":[{"name":"wp","href":"https:\/\/api.w.org\/{rel}","templated":true}]}}