{"id":2622,"date":"2021-10-05T14:53:12","date_gmt":"2021-10-05T12:53:12","guid":{"rendered":"https:\/\/fr.twiza.org\/portail\/?page_id=2622"},"modified":"2022-05-19T11:45:03","modified_gmt":"2022-05-19T09:45:03","slug":"outils","status":"publish","type":"page","link":"https:\/\/fr.twiza.org\/portail\/outils\/","title":{"rendered":"Outils"},"content":{"rendered":"\n<figure class=\"wp-block-image size-full\"><img fetchpriority=\"high\" decoding=\"async\" width=\"940\" height=\"529\" src=\"https:\/\/fr.twiza.org\/portail\/wp-content\/uploads\/2021\/08\/0561941001622094390-edited.png\" alt=\"Outils n\u00e9cessaires en \u00e9co-construction et auto-construction\" class=\"wp-image-2624\" srcset=\"https:\/\/fr.twiza.org\/portail\/wp-content\/uploads\/2021\/08\/0561941001622094390-edited.png 940w, https:\/\/fr.twiza.org\/portail\/wp-content\/uploads\/2021\/08\/0561941001622094390-edited-600x338.png 600w, https:\/\/fr.twiza.org\/portail\/wp-content\/uploads\/2021\/08\/0561941001622094390-edited-300x169.png 300w, https:\/\/fr.twiza.org\/portail\/wp-content\/uploads\/2021\/08\/0561941001622094390-edited-768x432.png 768w\" sizes=\"(max-width: 940px) 100vw, 940px\" \/><\/figure>\n\n\n\n<h2 class=\"wp-block-heading\">Outils : d\u00e9finition<\/h2>\n\n\n\n<p>Avec les <strong>outils<\/strong>, tu mets les <strong>mat\u00e9riaux<\/strong> <strong>en \u0153uvre<\/strong> sur ton chantier. Un grand nombre est donc souvent n\u00e9cessaire et se r\u00e9percute sur le <strong>budget<\/strong> allou\u00e9 \u00e0 ton chantier. Pour optimiser tes choix d\u2019outils, voici donc quelques conseils et questions majeures \u00e0 se poser :<\/p>\n\n\n\n<h2 class=\"wp-block-heading\" id=\"h-outils-indispensables\"><strong>Outils indispensables<\/strong><\/h2>\n\n\n\n<p>Pour mener \u00e0 bien ton chantier, une grande vari\u00e9t\u00e9 d\u2019outils peuvent \u00eatre n\u00e9cessaires comme : une pince coupante, un niveau, une scie, une r\u00e8gle, une truelle ou bien encore une cl\u00e9 \u00e0 molette !<\/p>\n\n\n\n<p>Certains sont indispensables dans tous les types de chantier, notamment <strong>le marteau<\/strong> et <strong>les clous<\/strong>. On te conseille donc vivement d\u2019opter pour un marteau ergonomique pour \u00e9viter les tendinites. De m\u00eame investir dans des clous de bonne qualit\u00e9, te permettra d\u2019\u00e9viter de perdre du temps \u00e0 en plier les trois quarts.<\/p>\n\n\n\n<p>Un <strong>\u00e9tabli<\/strong> de bonne qualit\u00e9 est \u00e9galement indispensable, fabriqu\u00e9 par toi-m\u00eame ou achet\u00e9 pour moins de 150 euros dans un magasin sp\u00e9cialis\u00e9.<\/p>\n\n\n\n<p>Il est \u00e9galement primordial d\u2019investir dans une <strong>visseuse<\/strong> de bonne qualit\u00e9 si tu construis en bois, car elle sera alors ton outil majeur. Pareil pour le <strong>cloueur<\/strong>, \u00e7a vaut la peine d\u2019en acheter un de bonne qualit\u00e9, ce qui facilitera sa revente par la suite.<\/p>\n\n\n\n<p>Enfin tu auras besoin d\u2019acheter d\u2019autres outils sp\u00e9cifiques indispensables, en fonction des mat\u00e9riaux que tu auras choisis pour ton chantier. Il est donc imp\u00e9ratif que tu fasses le point en amont pour bien prendre en compte le prix d\u2019outillage dans ton budget.<\/p>\n\n\n\n<h2 class=\"wp-block-heading\" id=\"h-dois-je-plutot-acheter-ou-louer-mes-outils\"><strong>Dois-je plut\u00f4t acheter ou louer mes outils ?<\/strong><\/h2>\n\n\n\n<p>Comme vu plus haut, certains outils sont indispensables et donc de pr\u00e9f\u00e9rence \u00e0 acheter.<\/p>\n\n\n\n<p>Il est fort probable que tu souhaites les garder car ils te seront utiles par la suite. Mais tu peux toujours les revendre si besoin.<\/p>\n\n\n\n<p>Par contre concernant les outils utilis\u00e9s seulement <strong>quelques jours<\/strong>, il est bien souvent plus judicieux de les <strong>louer<\/strong> (par exemple : la machine pour insuffler l\u2019isolant). En effet, certains repr\u00e9senteraient un trop gros investissement en comparaison \u00e0 leur usage r\u00e9el.<\/p>\n\n\n\n<p>Tu peux proc\u00e9der \u00e0 certains calculs pour v\u00e9rifier l\u2019int\u00e9r\u00eat d\u2019acheter ou non certains outils, voici un <strong>exemple<\/strong> :<\/p>\n\n\n\n<div class=\"wp-block-group has-background-color-background-color has-background\"><div class=\"wp-block-group__inner-container is-layout-flow wp-block-group-is-layout-flow\">\n<p>Tu as pr\u00e9vu des <strong>briques de terre crue<\/strong> dans tes murs porteurs,&nbsp;<\/p>\n\n\n\n<p>Le <strong>co\u00fbt d\u2019une presse<\/strong> pour fabriquer tes briques toi-m\u00eame serait d\u2019environ 3500 euros TTC.&nbsp;<\/p>\n\n\n\n<p>Il est probable que pour la revendre tu doives baisser son prix de moiti\u00e9, donc 1750 euros.<\/p>\n\n\n\n<p>Sachant que le prix d\u2019une brique de terre crue est d\u2019environ 2,5 euros TTC \/ pi\u00e8ce<\/p>\n\n\n\n<p>Donc pour arriver \u00e0 1750 euros, on fait le calcul suivant :<\/p>\n\n\n\n<p>1750 \/ 2,5 = 700<\/p>\n\n\n\n<p>Il faut donc que tu aies besoin au minimum de <strong>700 briques de terre crue<\/strong> pour ton projet, pour que l\u2019achat&nbsp; d\u2019une <strong>presse<\/strong> soit <strong>rentable<\/strong>.<\/p>\n<\/div><\/div>\n\n\n\n<p>Ainsi, dans certains cas, il est plus int\u00e9ressant d\u2019opter pour l\u2019achat d\u2019<strong>outils de qualit\u00e9<\/strong>. Les b\u00e9n\u00e9fices \u00e0 en tirer : un meilleur service et r\u00e9sultat final, un outil qui dure plus longtemps (plus \u00e9cologique), et une plus grande valeur r\u00e9siduelle \u00e0 la revente.<\/p>\n\n\n\n<p>Donc au final le co\u00fbt d\u2019usage est moindre :<\/p>\n\n\n\n<p><strong>Co\u00fbt final d\u2019usage<\/strong> = <strong>co\u00fbt d\u2019acquisition<\/strong> &#8211; <strong>valeur de revente<\/strong><\/p>\n\n\n\n<p>On comprend donc ici l\u2019int\u00e9r\u00eat de ne pas toujours r\u00e9fl\u00e9chir par rapport au co\u00fbt d&rsquo;acquisition, mais de prendre aussi en compte la qualit\u00e9 de l\u2019outillage.<\/p>\n\n\n\n<h2 class=\"wp-block-heading\" id=\"h-quelle-betonniere-choisir\">Quelle b\u00e9tonni\u00e8re choisir ?<\/h2>\n\n\n\n<p><meta charset=\"utf-8\">Une <strong>b\u00e9tonni\u00e8re<\/strong> sert en g\u00e9n\u00e9ral pour la pr\u00e9paration des <a href=\"https:\/\/fr.twiza.org\/portail\/chape\/\" target=\"_blank\" rel=\"noreferrer noopener\">chapes<\/a>, des <a href=\"https:\/\/fr.twiza.org\/portail\/dalle\/\" target=\"_blank\" rel=\"noreferrer noopener\">dalles<\/a> et des <strong>enduits<\/strong> (int\u00e9rieurs et ext\u00e9rieurs). Le crit\u00e8re le plus important n\u2019est pas sa taille, contrairement \u00e0 ce que certains vendeurs diraient. Le plus important est la <strong>puissance du moteur<\/strong>, ainsi que la <strong>capacit\u00e9 de malaxage<\/strong> (capacit\u00e9 utile). Pour d\u2019importants travaux, il est recommand\u00e9 de choisir une b\u00e9tonni\u00e8re avec&nbsp; une puissance d\u2019au minimum 1kW et une capacit\u00e9 utile d\u2019environ 160L.<\/p>\n\n\n\n<h2 class=\"wp-block-heading\" id=\"h-les-bonnes-questions-a-se-poser\">Les bonnes questions \u00e0 se poser<\/h2>\n\n\n\n<ul class=\"wp-block-list\"><li>As-tu bien anticip\u00e9 tes <strong>besoins <\/strong>en<strong> outils<\/strong> pour chacune des \u00e9tapes de ton chantier ?<\/li><\/ul>\n\n\n\n<p><\/p>\n\n\n\n<ul class=\"wp-block-list\"><li>Avant de louer ou d\u2019acheter certains <strong>outils<\/strong>, as-tu pris le temps de v\u00e9rifier aupr\u00e8s de tes amis ou d\u2019autres auto-constructeurs s\u2019ils pouvaient te les <strong>pr\u00eater<\/strong> ou <strong>mutualiser<\/strong> un achat avec toi ?<\/li><\/ul>\n\n\n\n<h2 class=\"wp-block-heading\" id=\"h-les-points-de-vigilance\">Les points de vigilance<\/h2>\n\n\n\n<ul class=\"wp-block-list\"><li>L\u2019utilisation de la plupart des outils n\u2019est pas sans risque, donc n\u2019oublie pas l\u2019<a href=\"https:\/\/fr.twiza.org\/portail\/equipements-de-protection-individuelle\/\" target=\"_blank\" rel=\"noreferrer noopener\">\u00e9quipement de protection individuelle <\/a>pour travailler avec plus de s\u00e9curit\u00e9<\/li><\/ul>\n\n\n\n<p><\/p>\n\n\n\n<ul class=\"wp-block-list\"><li>Ne cherches pas \u00e0 faire des <strong>\u00e9conomies<\/strong> sur l\u2019achat des <strong>outils<\/strong>, tu risquerais de perdre du temps \u00e0 cause d\u2019un mat\u00e9riel de mauvaise qualit\u00e9 et peu performant<\/li><\/ul>\n\n\n\n<div style=\"height:50px\" aria-hidden=\"true\" class=\"wp-block-spacer\"><\/div>\n\n\n\n<p><\/p>\n","protected":false},"excerpt":{"rendered":"<p>Outils : d\u00e9finition Avec les outils, tu mets les mat\u00e9riaux en \u0153uvre sur ton chantier. Un grand nombre est donc souvent n\u00e9cessaire et se r\u00e9percute sur le budget allou\u00e9 \u00e0 ton chantier. Pour optimiser tes choix d\u2019outils, voici donc quelques conseils et questions majeures \u00e0 se poser : Outils indispensables [&hellip;]<\/p>\n","protected":false},"author":3,"featured_media":0,"parent":0,"menu_order":0,"comment_status":"closed","ping_status":"closed","template":"","meta":{"_eb_attr":"","_themeisle_gutenberg_block_has_review":false,"footnotes":""},"class_list":["post-2622","page","type-page","status-publish","hentry"],"yoast_head":"<!-- This site is optimized with the Yoast SEO Premium plugin v27.2 (Yoast SEO v27.4) - https:\/\/yoast.com\/product\/yoast-seo-premium-wordpress\/ -->\n<title>Outils<\/title>\n<meta name=\"description\" content=\"Quels sont les outils indispensables pour mon chantier : marteau, clous, visseuse ... Est-il pr\u00e9f\u00e9rable d&#039;acheter les outils ou de les louer ?\" \/>\n<meta name=\"robots\" content=\"index, follow, max-snippet:-1, max-image-preview:large, max-video-preview:-1\" \/>\n<link rel=\"canonical\" href=\"https:\/\/fr.twiza.org\/portail\/outils\/\" \/>\n<meta property=\"og:locale\" content=\"fr_FR\" \/>\n<meta property=\"og:type\" content=\"article\" \/>\n<meta property=\"og:title\" content=\"Outils\" \/>\n<meta property=\"og:description\" content=\"Quels sont les outils indispensables pour mon chantier : marteau, clous, visseuse ... Est-il pr\u00e9f\u00e9rable d&#039;acheter les outils ou de les louer ?\" \/>\n<meta property=\"og:url\" content=\"https:\/\/fr.twiza.org\/portail\/outils\/\" \/>\n<meta property=\"og:site_name\" content=\"R\u00e9seau Twiza\" \/>\n<meta property=\"article:publisher\" content=\"https:\/\/fr-fr.facebook.com\/Twiza.fr\/\" \/>\n<meta property=\"article:modified_time\" content=\"2022-05-19T09:45:03+00:00\" \/>\n<meta property=\"og:image\" content=\"https:\/\/fr.twiza.org\/portail\/wp-content\/uploads\/2021\/08\/0561941001622094390-edited.png\" \/>\n<meta name=\"twitter:card\" content=\"summary_large_image\" \/>\n<script type=\"application\/ld+json\" class=\"yoast-schema-graph\">{\"@context\":\"https:\\\/\\\/schema.org\",\"@graph\":[{\"@type\":\"WebPage\",\"@id\":\"https:\\\/\\\/fr.twiza.org\\\/portail\\\/outils\\\/\",\"url\":\"https:\\\/\\\/fr.twiza.org\\\/portail\\\/outils\\\/\",\"name\":\"Outils\",\"isPartOf\":{\"@id\":\"https:\\\/\\\/fr.twiza.org\\\/portail\\\/#website\"},\"primaryImageOfPage\":{\"@id\":\"https:\\\/\\\/fr.twiza.org\\\/portail\\\/outils\\\/#primaryimage\"},\"image\":{\"@id\":\"https:\\\/\\\/fr.twiza.org\\\/portail\\\/outils\\\/#primaryimage\"},\"thumbnailUrl\":\"https:\\\/\\\/fr.twiza.org\\\/portail\\\/wp-content\\\/uploads\\\/2021\\\/08\\\/0561941001622094390-edited.png\",\"datePublished\":\"2021-10-05T12:53:12+00:00\",\"dateModified\":\"2022-05-19T09:45:03+00:00\",\"description\":\"Quels sont les outils indispensables pour mon chantier : marteau, clous, visseuse ... Est-il pr\u00e9f\u00e9rable d'acheter les outils ou de les louer ?\",\"breadcrumb\":{\"@id\":\"https:\\\/\\\/fr.twiza.org\\\/portail\\\/outils\\\/#breadcrumb\"},\"inLanguage\":\"fr-FR\",\"potentialAction\":[{\"@type\":\"ReadAction\",\"target\":[\"https:\\\/\\\/fr.twiza.org\\\/portail\\\/outils\\\/\"]}]},{\"@type\":\"ImageObject\",\"inLanguage\":\"fr-FR\",\"@id\":\"https:\\\/\\\/fr.twiza.org\\\/portail\\\/outils\\\/#primaryimage\",\"url\":\"https:\\\/\\\/fr.twiza.org\\\/portail\\\/wp-content\\\/uploads\\\/2021\\\/08\\\/0561941001622094390-edited.png\",\"contentUrl\":\"https:\\\/\\\/fr.twiza.org\\\/portail\\\/wp-content\\\/uploads\\\/2021\\\/08\\\/0561941001622094390-edited.png\",\"width\":940,\"height\":529},{\"@type\":\"BreadcrumbList\",\"@id\":\"https:\\\/\\\/fr.twiza.org\\\/portail\\\/outils\\\/#breadcrumb\",\"itemListElement\":[{\"@type\":\"ListItem\",\"position\":1,\"name\":\"Accueil\",\"item\":\"https:\\\/\\\/fr.twiza.org\\\/portail\\\/\"},{\"@type\":\"ListItem\",\"position\":2,\"name\":\"Outils\"}]},{\"@type\":\"WebSite\",\"@id\":\"https:\\\/\\\/fr.twiza.org\\\/portail\\\/#website\",\"url\":\"https:\\\/\\\/fr.twiza.org\\\/portail\\\/\",\"name\":\"R\u00e9seau Twiza\",\"description\":\"Entraide pour un habitat \u00e9cologique, convivial et r\u00e9silient\",\"publisher\":{\"@id\":\"https:\\\/\\\/fr.twiza.org\\\/portail\\\/#organization\"},\"potentialAction\":[{\"@type\":\"SearchAction\",\"target\":{\"@type\":\"EntryPoint\",\"urlTemplate\":\"https:\\\/\\\/fr.twiza.org\\\/portail\\\/?s={search_term_string}\"},\"query-input\":{\"@type\":\"PropertyValueSpecification\",\"valueRequired\":true,\"valueName\":\"search_term_string\"}}],\"inLanguage\":\"fr-FR\"},{\"@type\":\"Organization\",\"@id\":\"https:\\\/\\\/fr.twiza.org\\\/portail\\\/#organization\",\"name\":\"R\u00e9seau Twiza\",\"url\":\"https:\\\/\\\/fr.twiza.org\\\/portail\\\/\",\"logo\":{\"@type\":\"ImageObject\",\"inLanguage\":\"fr-FR\",\"@id\":\"https:\\\/\\\/fr.twiza.org\\\/portail\\\/#\\\/schema\\\/logo\\\/image\\\/\",\"url\":\"https:\\\/\\\/fr.twiza.org\\\/portail\\\/wp-content\\\/uploads\\\/2021\\\/05\\\/cropped-logo-reseau-twiza.jpg\",\"contentUrl\":\"https:\\\/\\\/fr.twiza.org\\\/portail\\\/wp-content\\\/uploads\\\/2021\\\/05\\\/cropped-logo-reseau-twiza.jpg\",\"width\":400,\"height\":102,\"caption\":\"R\u00e9seau Twiza\"},\"image\":{\"@id\":\"https:\\\/\\\/fr.twiza.org\\\/portail\\\/#\\\/schema\\\/logo\\\/image\\\/\"},\"sameAs\":[\"https:\\\/\\\/fr-fr.facebook.com\\\/Twiza.fr\\\/\",\"https:\\\/\\\/www.instagram.com\\\/twiza_fr\\\/\",\"https:\\\/\\\/www.linkedin.com\\\/company\\\/reseautwiza\\\/\"]}]}<\/script>\n<!-- \/ Yoast SEO Premium plugin. -->","yoast_head_json":{"title":"Outils","description":"Quels sont les outils indispensables pour mon chantier : marteau, clous, visseuse ... Est-il pr\u00e9f\u00e9rable d'acheter les outils ou de les louer ?","robots":{"index":"index","follow":"follow","max-snippet":"max-snippet:-1","max-image-preview":"max-image-preview:large","max-video-preview":"max-video-preview:-1"},"canonical":"https:\/\/fr.twiza.org\/portail\/outils\/","og_locale":"fr_FR","og_type":"article","og_title":"Outils","og_description":"Quels sont les outils indispensables pour mon chantier : marteau, clous, visseuse ... Est-il pr\u00e9f\u00e9rable d'acheter les outils ou de les louer ?","og_url":"https:\/\/fr.twiza.org\/portail\/outils\/","og_site_name":"R\u00e9seau Twiza","article_publisher":"https:\/\/fr-fr.facebook.com\/Twiza.fr\/","article_modified_time":"2022-05-19T09:45:03+00:00","og_image":[{"url":"https:\/\/fr.twiza.org\/portail\/wp-content\/uploads\/2021\/08\/0561941001622094390-edited.png","type":"","width":"","height":""}],"twitter_card":"summary_large_image","schema":{"@context":"https:\/\/schema.org","@graph":[{"@type":"WebPage","@id":"https:\/\/fr.twiza.org\/portail\/outils\/","url":"https:\/\/fr.twiza.org\/portail\/outils\/","name":"Outils","isPartOf":{"@id":"https:\/\/fr.twiza.org\/portail\/#website"},"primaryImageOfPage":{"@id":"https:\/\/fr.twiza.org\/portail\/outils\/#primaryimage"},"image":{"@id":"https:\/\/fr.twiza.org\/portail\/outils\/#primaryimage"},"thumbnailUrl":"https:\/\/fr.twiza.org\/portail\/wp-content\/uploads\/2021\/08\/0561941001622094390-edited.png","datePublished":"2021-10-05T12:53:12+00:00","dateModified":"2022-05-19T09:45:03+00:00","description":"Quels sont les outils indispensables pour mon chantier : marteau, clous, visseuse ... Est-il pr\u00e9f\u00e9rable d'acheter les outils ou de les louer ?","breadcrumb":{"@id":"https:\/\/fr.twiza.org\/portail\/outils\/#breadcrumb"},"inLanguage":"fr-FR","potentialAction":[{"@type":"ReadAction","target":["https:\/\/fr.twiza.org\/portail\/outils\/"]}]},{"@type":"ImageObject","inLanguage":"fr-FR","@id":"https:\/\/fr.twiza.org\/portail\/outils\/#primaryimage","url":"https:\/\/fr.twiza.org\/portail\/wp-content\/uploads\/2021\/08\/0561941001622094390-edited.png","contentUrl":"https:\/\/fr.twiza.org\/portail\/wp-content\/uploads\/2021\/08\/0561941001622094390-edited.png","width":940,"height":529},{"@type":"BreadcrumbList","@id":"https:\/\/fr.twiza.org\/portail\/outils\/#breadcrumb","itemListElement":[{"@type":"ListItem","position":1,"name":"Accueil","item":"https:\/\/fr.twiza.org\/portail\/"},{"@type":"ListItem","position":2,"name":"Outils"}]},{"@type":"WebSite","@id":"https:\/\/fr.twiza.org\/portail\/#website","url":"https:\/\/fr.twiza.org\/portail\/","name":"R\u00e9seau Twiza","description":"Entraide pour un habitat \u00e9cologique, convivial et r\u00e9silient","publisher":{"@id":"https:\/\/fr.twiza.org\/portail\/#organization"},"potentialAction":[{"@type":"SearchAction","target":{"@type":"EntryPoint","urlTemplate":"https:\/\/fr.twiza.org\/portail\/?s={search_term_string}"},"query-input":{"@type":"PropertyValueSpecification","valueRequired":true,"valueName":"search_term_string"}}],"inLanguage":"fr-FR"},{"@type":"Organization","@id":"https:\/\/fr.twiza.org\/portail\/#organization","name":"R\u00e9seau Twiza","url":"https:\/\/fr.twiza.org\/portail\/","logo":{"@type":"ImageObject","inLanguage":"fr-FR","@id":"https:\/\/fr.twiza.org\/portail\/#\/schema\/logo\/image\/","url":"https:\/\/fr.twiza.org\/portail\/wp-content\/uploads\/2021\/05\/cropped-logo-reseau-twiza.jpg","contentUrl":"https:\/\/fr.twiza.org\/portail\/wp-content\/uploads\/2021\/05\/cropped-logo-reseau-twiza.jpg","width":400,"height":102,"caption":"R\u00e9seau Twiza"},"image":{"@id":"https:\/\/fr.twiza.org\/portail\/#\/schema\/logo\/image\/"},"sameAs":["https:\/\/fr-fr.facebook.com\/Twiza.fr\/","https:\/\/www.instagram.com\/twiza_fr\/","https:\/\/www.linkedin.com\/company\/reseautwiza\/"]}]}},"jetpack_sharing_enabled":true,"_links":{"self":[{"href":"https:\/\/fr.twiza.org\/portail\/wp-json\/wp\/v2\/pages\/2622","targetHints":{"allow":["GET"]}}],"collection":[{"href":"https:\/\/fr.twiza.org\/portail\/wp-json\/wp\/v2\/pages"}],"about":[{"href":"https:\/\/fr.twiza.org\/portail\/wp-json\/wp\/v2\/types\/page"}],"author":[{"embeddable":true,"href":"https:\/\/fr.twiza.org\/portail\/wp-json\/wp\/v2\/users\/3"}],"replies":[{"embeddable":true,"href":"https:\/\/fr.twiza.org\/portail\/wp-json\/wp\/v2\/comments?post=2622"}],"version-history":[{"count":12,"href":"https:\/\/fr.twiza.org\/portail\/wp-json\/wp\/v2\/pages\/2622\/revisions"}],"predecessor-version":[{"id":5080,"href":"https:\/\/fr.twiza.org\/portail\/wp-json\/wp\/v2\/pages\/2622\/revisions\/5080"}],"wp:attachment":[{"href":"https:\/\/fr.twiza.org\/portail\/wp-json\/wp\/v2\/media?parent=2622"}],"curies":[{"name":"wp","href":"https:\/\/api.w.org\/{rel}","templated":true}]}}