{"id":2654,"date":"2021-10-05T15:01:54","date_gmt":"2021-10-05T13:01:54","guid":{"rendered":"https:\/\/fr.twiza.org\/portail\/?page_id=2654"},"modified":"2022-05-17T11:33:36","modified_gmt":"2022-05-17T09:33:36","slug":"gros-oeuvre","status":"publish","type":"page","link":"https:\/\/fr.twiza.org\/portail\/gros-oeuvre\/","title":{"rendered":"Gros \u0153uvre"},"content":{"rendered":"\n<div class=\"wp-block-image\"><figure class=\"aligncenter size-full\"><img fetchpriority=\"high\" decoding=\"async\" width=\"1000\" height=\"563\" src=\"https:\/\/fr.twiza.org\/portail\/wp-content\/uploads\/2022\/03\/DEF-charpente-7-O-edited.jpeg\" alt=\"Photo charpente\" class=\"wp-image-4049\" srcset=\"https:\/\/fr.twiza.org\/portail\/wp-content\/uploads\/2022\/03\/DEF-charpente-7-O-edited.jpeg 1000w, https:\/\/fr.twiza.org\/portail\/wp-content\/uploads\/2022\/03\/DEF-charpente-7-O-edited-600x338.jpeg 600w, https:\/\/fr.twiza.org\/portail\/wp-content\/uploads\/2022\/03\/DEF-charpente-7-O-edited-300x169.jpeg 300w, https:\/\/fr.twiza.org\/portail\/wp-content\/uploads\/2022\/03\/DEF-charpente-7-O-edited-768x432.jpeg 768w\" sizes=\"(max-width: 1000px) 100vw, 1000px\" \/><\/figure><\/div>\n\n\n\n<p>Il repr\u00e9sente l\u2019ensemble des lots de ton chantier en charge d&rsquo;assurer la <strong>stabilit\u00e9<\/strong> et la <strong>solidit\u00e9<\/strong> <strong>globale <\/strong>de ton ouvrage, \u00e0 commencer par tes <a href=\"https:\/\/fr.twiza.org\/portail\/fondations\/\" target=\"_blank\" rel=\"noreferrer noopener\">fondations<\/a><\/p>\n\n\n\n<p>La <a href=\"https:\/\/fr.twiza.org\/portail\/conception\/\" target=\"_blank\" rel=\"noreferrer noopener\">conception<\/a> et la <strong>mise en \u0153uvre<\/strong> de ton <strong>gros \u0153uvre<\/strong> sont donc primordiales et \u00e0 prendre tr\u00e8s au s\u00e9rieux.<\/p>\n\n\n\n<p>Concernant l\u2019assurance, tes travaux de <strong>gros \u0153uvre<\/strong> effectu\u00e9s par un <strong>professionnel<\/strong> doivent \u00eatre couverts par une <strong>garantie d\u00e9cennale<\/strong> conform\u00e9ment \u00e0 l\u2019article 1792 du Code civil.<\/p>\n\n\n\n<p>Si tu <strong>auto-construis<\/strong> sans professionnels associ\u00e9s \u00e0 ton projet, tu es responsable de la <strong>s\u00e9curit\u00e9<\/strong> des personnes et de la <strong>qualit\u00e9<\/strong> de ton ouvrage (en cas de revente dans les 10 ans qui suivent la r\u00e9ception).<\/p>\n\n\n\n<p>Voici les lots qui concernent le <strong>gros \u0153uvre<\/strong> :<\/p>\n\n\n\n<ul class=\"wp-block-list\"><li><a href=\"https:\/\/fr.twiza.org\/portail\/terrassement\/\" target=\"_blank\" rel=\"noreferrer noopener\">Terrassement<\/a><\/li><li><a href=\"https:\/\/fr.twiza.org\/portail\/fondations\/\" target=\"_blank\" rel=\"noreferrer noopener\">Fondations<\/a><\/li><li><a href=\"https:\/\/fr.twiza.org\/portail\/dalle\/\" target=\"_blank\" rel=\"noreferrer noopener\">Dalle<\/a><\/li><li><a href=\"https:\/\/fr.twiza.org\/portail\/chape\/\" target=\"_blank\" rel=\"noreferrer noopener\">Chape<\/a><\/li><li><a href=\"https:\/\/fr.twiza.org\/portail\/murs-porteurs\/\" target=\"_blank\" rel=\"noreferrer noopener\">Murs porteurs<\/a><\/li><li><a href=\"https:\/\/fr.twiza.org\/portail\/parement-exterieur\/\" target=\"_blank\" rel=\"noreferrer noopener\">Parement ext\u00e9rieur<\/a><\/li><li><a href=\"https:\/\/fr.twiza.org\/portail\/charpente\/\" target=\"_blank\" rel=\"noreferrer noopener\">Charpente<\/a><\/li><li><a href=\"https:\/\/fr.twiza.org\/portail\/couverture\/\" target=\"_blank\" rel=\"noreferrer noopener\">Couverture<\/a><\/li><\/ul>\n\n\n\n<div style=\"height:20px\" aria-hidden=\"true\" class=\"wp-block-spacer\"><\/div>\n\n\n\n<div class=\"wp-block-themeisle-blocks-advanced-columns has-1-columns has-desktop-equal-layout has-tablet-equal-layout has-mobile-equal-layout has-default-gap has-vertical-unset\" id=\"wp-block-themeisle-blocks-advanced-columns-8585fd31\"><div class=\"wp-block-themeisle-blocks-advanced-columns-overlay\"><\/div><div class=\"innerblocks-wrap\">\n<div class=\"wp-block-themeisle-blocks-advanced-column\" id=\"wp-block-themeisle-blocks-advanced-column-0d86d1cb\"><\/div>\n<\/div><\/div>\n","protected":false},"excerpt":{"rendered":"<p>Il repr\u00e9sente l\u2019ensemble des lots de ton chantier en charge d&rsquo;assurer la stabilit\u00e9 et la solidit\u00e9 globale de ton ouvrage, \u00e0 commencer par tes fondations La conception et la mise en \u0153uvre de ton gros \u0153uvre sont donc primordiales et \u00e0 prendre tr\u00e8s au s\u00e9rieux. Concernant l\u2019assurance, tes travaux de [&hellip;]<\/p>\n","protected":false},"author":3,"featured_media":0,"parent":0,"menu_order":0,"comment_status":"closed","ping_status":"closed","template":"","meta":{"_eb_attr":"","_themeisle_gutenberg_block_has_review":false,"footnotes":""},"class_list":["post-2654","page","type-page","status-publish","hentry"],"yoast_head":"<!-- This site is optimized with the Yoast SEO Premium plugin v27.2 (Yoast SEO v27.5) - https:\/\/yoast.com\/product\/yoast-seo-premium-wordpress\/ -->\n<title>Gros \u0153uvre<\/title>\n<meta name=\"description\" content=\"A quoi correspond le gros \u0153uvre sur mon chantier ? Le terrassement, les fondations, la dalle, la chape, les murs porteurs...\" \/>\n<meta name=\"robots\" content=\"index, follow, max-snippet:-1, max-image-preview:large, max-video-preview:-1\" \/>\n<link rel=\"canonical\" href=\"https:\/\/fr.twiza.org\/portail\/gros-oeuvre\/\" \/>\n<meta property=\"og:locale\" content=\"fr_FR\" \/>\n<meta property=\"og:type\" content=\"article\" \/>\n<meta property=\"og:title\" content=\"Gros \u0153uvre\" \/>\n<meta property=\"og:description\" content=\"A quoi correspond le gros \u0153uvre sur mon chantier ? Le terrassement, les fondations, la dalle, la chape, les murs porteurs...\" \/>\n<meta property=\"og:url\" content=\"https:\/\/fr.twiza.org\/portail\/gros-oeuvre\/\" \/>\n<meta property=\"og:site_name\" content=\"R\u00e9seau Twiza\" \/>\n<meta property=\"article:publisher\" content=\"https:\/\/fr-fr.facebook.com\/Twiza.fr\/\" \/>\n<meta property=\"article:modified_time\" content=\"2022-05-17T09:33:36+00:00\" \/>\n<meta property=\"og:image\" content=\"https:\/\/fr.twiza.org\/portail\/wp-content\/uploads\/2022\/03\/DEF-charpente-7-O-edited.jpeg\" \/>\n<meta name=\"twitter:card\" content=\"summary_large_image\" \/>\n<script type=\"application\/ld+json\" class=\"yoast-schema-graph\">{\"@context\":\"https:\\\/\\\/schema.org\",\"@graph\":[{\"@type\":\"WebPage\",\"@id\":\"https:\\\/\\\/fr.twiza.org\\\/portail\\\/gros-oeuvre\\\/\",\"url\":\"https:\\\/\\\/fr.twiza.org\\\/portail\\\/gros-oeuvre\\\/\",\"name\":\"Gros \u0153uvre\",\"isPartOf\":{\"@id\":\"https:\\\/\\\/fr.twiza.org\\\/portail\\\/#website\"},\"primaryImageOfPage\":{\"@id\":\"https:\\\/\\\/fr.twiza.org\\\/portail\\\/gros-oeuvre\\\/#primaryimage\"},\"image\":{\"@id\":\"https:\\\/\\\/fr.twiza.org\\\/portail\\\/gros-oeuvre\\\/#primaryimage\"},\"thumbnailUrl\":\"https:\\\/\\\/fr.twiza.org\\\/portail\\\/wp-content\\\/uploads\\\/2022\\\/03\\\/DEF-charpente-7-O-edited.jpeg\",\"datePublished\":\"2021-10-05T13:01:54+00:00\",\"dateModified\":\"2022-05-17T09:33:36+00:00\",\"description\":\"A quoi correspond le gros \u0153uvre sur mon chantier ? Le terrassement, les fondations, la dalle, la chape, les murs porteurs...\",\"breadcrumb\":{\"@id\":\"https:\\\/\\\/fr.twiza.org\\\/portail\\\/gros-oeuvre\\\/#breadcrumb\"},\"inLanguage\":\"fr-FR\",\"potentialAction\":[{\"@type\":\"ReadAction\",\"target\":[\"https:\\\/\\\/fr.twiza.org\\\/portail\\\/gros-oeuvre\\\/\"]}]},{\"@type\":\"ImageObject\",\"inLanguage\":\"fr-FR\",\"@id\":\"https:\\\/\\\/fr.twiza.org\\\/portail\\\/gros-oeuvre\\\/#primaryimage\",\"url\":\"https:\\\/\\\/fr.twiza.org\\\/portail\\\/wp-content\\\/uploads\\\/2022\\\/03\\\/DEF-charpente-7-O-edited.jpeg\",\"contentUrl\":\"https:\\\/\\\/fr.twiza.org\\\/portail\\\/wp-content\\\/uploads\\\/2022\\\/03\\\/DEF-charpente-7-O-edited.jpeg\",\"width\":1000,\"height\":563,\"caption\":\"Photo charpente\"},{\"@type\":\"BreadcrumbList\",\"@id\":\"https:\\\/\\\/fr.twiza.org\\\/portail\\\/gros-oeuvre\\\/#breadcrumb\",\"itemListElement\":[{\"@type\":\"ListItem\",\"position\":1,\"name\":\"Accueil\",\"item\":\"https:\\\/\\\/fr.twiza.org\\\/portail\\\/\"},{\"@type\":\"ListItem\",\"position\":2,\"name\":\"Gros \u0153uvre\"}]},{\"@type\":\"WebSite\",\"@id\":\"https:\\\/\\\/fr.twiza.org\\\/portail\\\/#website\",\"url\":\"https:\\\/\\\/fr.twiza.org\\\/portail\\\/\",\"name\":\"R\u00e9seau Twiza\",\"description\":\"Entraide pour un habitat \u00e9cologique, convivial et r\u00e9silient\",\"publisher\":{\"@id\":\"https:\\\/\\\/fr.twiza.org\\\/portail\\\/#organization\"},\"potentialAction\":[{\"@type\":\"SearchAction\",\"target\":{\"@type\":\"EntryPoint\",\"urlTemplate\":\"https:\\\/\\\/fr.twiza.org\\\/portail\\\/?s={search_term_string}\"},\"query-input\":{\"@type\":\"PropertyValueSpecification\",\"valueRequired\":true,\"valueName\":\"search_term_string\"}}],\"inLanguage\":\"fr-FR\"},{\"@type\":\"Organization\",\"@id\":\"https:\\\/\\\/fr.twiza.org\\\/portail\\\/#organization\",\"name\":\"R\u00e9seau Twiza\",\"url\":\"https:\\\/\\\/fr.twiza.org\\\/portail\\\/\",\"logo\":{\"@type\":\"ImageObject\",\"inLanguage\":\"fr-FR\",\"@id\":\"https:\\\/\\\/fr.twiza.org\\\/portail\\\/#\\\/schema\\\/logo\\\/image\\\/\",\"url\":\"https:\\\/\\\/fr.twiza.org\\\/portail\\\/wp-content\\\/uploads\\\/2021\\\/05\\\/cropped-logo-reseau-twiza.jpg\",\"contentUrl\":\"https:\\\/\\\/fr.twiza.org\\\/portail\\\/wp-content\\\/uploads\\\/2021\\\/05\\\/cropped-logo-reseau-twiza.jpg\",\"width\":400,\"height\":102,\"caption\":\"R\u00e9seau Twiza\"},\"image\":{\"@id\":\"https:\\\/\\\/fr.twiza.org\\\/portail\\\/#\\\/schema\\\/logo\\\/image\\\/\"},\"sameAs\":[\"https:\\\/\\\/fr-fr.facebook.com\\\/Twiza.fr\\\/\",\"https:\\\/\\\/www.instagram.com\\\/twiza_fr\\\/\",\"https:\\\/\\\/www.linkedin.com\\\/company\\\/reseautwiza\\\/\"]}]}<\/script>\n<!-- \/ Yoast SEO Premium plugin. -->","yoast_head_json":{"title":"Gros \u0153uvre","description":"A quoi correspond le gros \u0153uvre sur mon chantier ? Le terrassement, les fondations, la dalle, la chape, les murs porteurs...","robots":{"index":"index","follow":"follow","max-snippet":"max-snippet:-1","max-image-preview":"max-image-preview:large","max-video-preview":"max-video-preview:-1"},"canonical":"https:\/\/fr.twiza.org\/portail\/gros-oeuvre\/","og_locale":"fr_FR","og_type":"article","og_title":"Gros \u0153uvre","og_description":"A quoi correspond le gros \u0153uvre sur mon chantier ? Le terrassement, les fondations, la dalle, la chape, les murs porteurs...","og_url":"https:\/\/fr.twiza.org\/portail\/gros-oeuvre\/","og_site_name":"R\u00e9seau Twiza","article_publisher":"https:\/\/fr-fr.facebook.com\/Twiza.fr\/","article_modified_time":"2022-05-17T09:33:36+00:00","og_image":[{"url":"https:\/\/fr.twiza.org\/portail\/wp-content\/uploads\/2022\/03\/DEF-charpente-7-O-edited.jpeg","type":"","width":"","height":""}],"twitter_card":"summary_large_image","schema":{"@context":"https:\/\/schema.org","@graph":[{"@type":"WebPage","@id":"https:\/\/fr.twiza.org\/portail\/gros-oeuvre\/","url":"https:\/\/fr.twiza.org\/portail\/gros-oeuvre\/","name":"Gros \u0153uvre","isPartOf":{"@id":"https:\/\/fr.twiza.org\/portail\/#website"},"primaryImageOfPage":{"@id":"https:\/\/fr.twiza.org\/portail\/gros-oeuvre\/#primaryimage"},"image":{"@id":"https:\/\/fr.twiza.org\/portail\/gros-oeuvre\/#primaryimage"},"thumbnailUrl":"https:\/\/fr.twiza.org\/portail\/wp-content\/uploads\/2022\/03\/DEF-charpente-7-O-edited.jpeg","datePublished":"2021-10-05T13:01:54+00:00","dateModified":"2022-05-17T09:33:36+00:00","description":"A quoi correspond le gros \u0153uvre sur mon chantier ? Le terrassement, les fondations, la dalle, la chape, les murs porteurs...","breadcrumb":{"@id":"https:\/\/fr.twiza.org\/portail\/gros-oeuvre\/#breadcrumb"},"inLanguage":"fr-FR","potentialAction":[{"@type":"ReadAction","target":["https:\/\/fr.twiza.org\/portail\/gros-oeuvre\/"]}]},{"@type":"ImageObject","inLanguage":"fr-FR","@id":"https:\/\/fr.twiza.org\/portail\/gros-oeuvre\/#primaryimage","url":"https:\/\/fr.twiza.org\/portail\/wp-content\/uploads\/2022\/03\/DEF-charpente-7-O-edited.jpeg","contentUrl":"https:\/\/fr.twiza.org\/portail\/wp-content\/uploads\/2022\/03\/DEF-charpente-7-O-edited.jpeg","width":1000,"height":563,"caption":"Photo charpente"},{"@type":"BreadcrumbList","@id":"https:\/\/fr.twiza.org\/portail\/gros-oeuvre\/#breadcrumb","itemListElement":[{"@type":"ListItem","position":1,"name":"Accueil","item":"https:\/\/fr.twiza.org\/portail\/"},{"@type":"ListItem","position":2,"name":"Gros \u0153uvre"}]},{"@type":"WebSite","@id":"https:\/\/fr.twiza.org\/portail\/#website","url":"https:\/\/fr.twiza.org\/portail\/","name":"R\u00e9seau Twiza","description":"Entraide pour un habitat \u00e9cologique, convivial et r\u00e9silient","publisher":{"@id":"https:\/\/fr.twiza.org\/portail\/#organization"},"potentialAction":[{"@type":"SearchAction","target":{"@type":"EntryPoint","urlTemplate":"https:\/\/fr.twiza.org\/portail\/?s={search_term_string}"},"query-input":{"@type":"PropertyValueSpecification","valueRequired":true,"valueName":"search_term_string"}}],"inLanguage":"fr-FR"},{"@type":"Organization","@id":"https:\/\/fr.twiza.org\/portail\/#organization","name":"R\u00e9seau Twiza","url":"https:\/\/fr.twiza.org\/portail\/","logo":{"@type":"ImageObject","inLanguage":"fr-FR","@id":"https:\/\/fr.twiza.org\/portail\/#\/schema\/logo\/image\/","url":"https:\/\/fr.twiza.org\/portail\/wp-content\/uploads\/2021\/05\/cropped-logo-reseau-twiza.jpg","contentUrl":"https:\/\/fr.twiza.org\/portail\/wp-content\/uploads\/2021\/05\/cropped-logo-reseau-twiza.jpg","width":400,"height":102,"caption":"R\u00e9seau Twiza"},"image":{"@id":"https:\/\/fr.twiza.org\/portail\/#\/schema\/logo\/image\/"},"sameAs":["https:\/\/fr-fr.facebook.com\/Twiza.fr\/","https:\/\/www.instagram.com\/twiza_fr\/","https:\/\/www.linkedin.com\/company\/reseautwiza\/"]}]}},"jetpack_sharing_enabled":true,"_links":{"self":[{"href":"https:\/\/fr.twiza.org\/portail\/wp-json\/wp\/v2\/pages\/2654","targetHints":{"allow":["GET"]}}],"collection":[{"href":"https:\/\/fr.twiza.org\/portail\/wp-json\/wp\/v2\/pages"}],"about":[{"href":"https:\/\/fr.twiza.org\/portail\/wp-json\/wp\/v2\/types\/page"}],"author":[{"embeddable":true,"href":"https:\/\/fr.twiza.org\/portail\/wp-json\/wp\/v2\/users\/3"}],"replies":[{"embeddable":true,"href":"https:\/\/fr.twiza.org\/portail\/wp-json\/wp\/v2\/comments?post=2654"}],"version-history":[{"count":9,"href":"https:\/\/fr.twiza.org\/portail\/wp-json\/wp\/v2\/pages\/2654\/revisions"}],"predecessor-version":[{"id":5086,"href":"https:\/\/fr.twiza.org\/portail\/wp-json\/wp\/v2\/pages\/2654\/revisions\/5086"}],"wp:attachment":[{"href":"https:\/\/fr.twiza.org\/portail\/wp-json\/wp\/v2\/media?parent=2654"}],"curies":[{"name":"wp","href":"https:\/\/api.w.org\/{rel}","templated":true}]}}