{"id":2660,"date":"2021-10-05T14:59:00","date_gmt":"2021-10-05T12:59:00","guid":{"rendered":"https:\/\/fr.twiza.org\/portail\/?page_id=2660"},"modified":"2022-05-20T17:42:08","modified_gmt":"2022-05-20T15:42:08","slug":"terrassement","status":"publish","type":"page","link":"https:\/\/fr.twiza.org\/portail\/terrassement\/","title":{"rendered":"Terrassement"},"content":{"rendered":"\n<figure class=\"wp-block-image size-large\"><img fetchpriority=\"high\" decoding=\"async\" width=\"1608\" height=\"1004\" src=\"https:\/\/fr.twiza.org\/portail\/wp-content\/uploads\/2021\/08\/DEF-Terrassement-3-edited.jpeg\" alt=\"\" class=\"wp-image-2665\" srcset=\"https:\/\/fr.twiza.org\/portail\/wp-content\/uploads\/2021\/08\/DEF-Terrassement-3-edited.jpeg 1608w, https:\/\/fr.twiza.org\/portail\/wp-content\/uploads\/2021\/08\/DEF-Terrassement-3-edited-600x375.jpeg 600w, https:\/\/fr.twiza.org\/portail\/wp-content\/uploads\/2021\/08\/DEF-Terrassement-3-edited-300x187.jpeg 300w, https:\/\/fr.twiza.org\/portail\/wp-content\/uploads\/2021\/08\/DEF-Terrassement-3-edited-1024x639.jpeg 1024w, https:\/\/fr.twiza.org\/portail\/wp-content\/uploads\/2021\/08\/DEF-Terrassement-3-edited-768x480.jpeg 768w, https:\/\/fr.twiza.org\/portail\/wp-content\/uploads\/2021\/08\/DEF-Terrassement-3-edited-1536x959.jpeg 1536w\" sizes=\"(max-width: 1608px) 100vw, 1608px\" \/><\/figure>\n\n\n\n<h2 class=\"wp-block-heading\">Terrassement : d\u00e9finition<\/h2>\n\n\n\n<p>Le <strong>terrassement<\/strong> est la premi\u00e8re \u00e9tape de ton chantier, avant celle des <a href=\"https:\/\/fr.twiza.org\/portail\/fondations\/\" target=\"_blank\" rel=\"noreferrer noopener\">fondations<\/a>. L\u2019objectif est la <strong>pr\u00e9paration<\/strong> du <strong>terrain <\/strong>pour ta construction \u00e0 venir, ainsi que la mise en place de tes diff\u00e9rents r\u00e9seaux (eau, <a href=\"https:\/\/fr.twiza.org\/portail\/electricite\/\" target=\"_blank\" rel=\"noreferrer noopener\">\u00e9lectricit\u00e9<\/a>, assainissement, t\u00e9l\u00e9phone etc.).<\/p>\n\n\n\n<p>Par ailleurs, avant d\u2019acheter le <strong>terrain<\/strong> sur lequel construire ta maison, v\u00e9rifie bien s&rsquo;il est <strong>viabilisable<\/strong> et dans quelles conditions. Tu peux demander un <a href=\"https:\/\/www.service-public.fr\/particuliers\/vosdroits\/R1970\" target=\"_blank\" rel=\"noreferrer noopener\">certificat d\u2019urbanisme<\/a> indiquant les modalit\u00e9s de <strong>viabilisation<\/strong> de ta parcelle, ainsi que les diff\u00e9rentes <strong>taxes<\/strong> associ\u00e9es (\u00e0 payer..).<\/p>\n\n\n\n<p>Ensuite, la mise en \u0153uvre du <strong>terrassement<\/strong> se d\u00e9compose en plusieurs \u00e9tapes : d\u00e9blayage, remblayage, puis creuser et transporter la terre. Le but est de <strong>niveler<\/strong> ton <strong>terrain<\/strong> pour ta construction \u00e0 venir et tes <a href=\"https:\/\/fr.twiza.org\/portail\/les-amenagements-exterieurs\/\" target=\"_blank\" rel=\"noreferrer noopener\">am\u00e9nagements ext\u00e9rieurs<\/a> associ\u00e9s. Des outils sp\u00e9cifiques sont n\u00e9cessaires \u00e0 cette \u00e9tape, comme par exemple une <strong>mini-pelle<\/strong>, un <strong>niveau laser<\/strong> etc.<\/p>\n\n\n\n<p>Mais dans tout \u00e7a il ne faut pas oublier la <strong>pose des r\u00e9seaux<\/strong>. En effet il y a une multitude de r\u00e9seaux possibles \u00e0 prendre en compte dans ton projet : <strong>eau<\/strong>, <strong>\u00e9lectricit\u00e9<\/strong>, <strong>gaz<\/strong>, <strong>assainissement<\/strong>, <strong>tout-\u00e0-l\u2019\u00e9gout<\/strong>, <strong>t\u00e9l\u00e9phone<\/strong> etc.<\/p>\n\n\n\n<p>Et leurs poses sont tr\u00e8s r\u00e9glement\u00e9es, donc renseigne-toi bien sur le sujet en amont. Sans oublier que pour chacun des r\u00e9seaux que tu as pr\u00e9vu d&rsquo;installer, tu dois d\u00e9finir la <strong>profondeur<\/strong>, l&rsquo;<strong>espacement<\/strong>, r\u00e9aliser des <strong>plans<\/strong> et v\u00e9rifier les <strong>croisements<\/strong>.<\/p>\n\n\n\n<p>Une fois toutes ces \u00e9tapes termin\u00e9es, tu pourras placer les <strong>tranch\u00e9es<\/strong> ad\u00e9quates pour accueillir les diff\u00e9rents r\u00e9seaux.<\/p>\n\n\n\n<h2 class=\"wp-block-heading\" id=\"h-les-bonnes-questions-a-se-poser\">Les bonnes questions \u00e0 se poser<\/h2>\n\n\n\n<ul class=\"wp-block-list\"><li>As-tu pens\u00e9 \u00e0 <strong>optimiser<\/strong> l\u2019installation de tes r\u00e9seaux en fonction de : l\u2019\u00e9loignement de ceux d\u00e9j\u00e0 existants, de l\u2019emplacement de ta maison sur ta parcelle, et\/ou des limites de ta propri\u00e9t\u00e9 ? En effet, les frais de <strong>raccordement<\/strong> et de <strong>viabilisation<\/strong> peuvent varier grandement, pouvant d\u00e9passer les 15 000 \u20ac dans certains cas.<\/li><\/ul>\n\n\n\n<p><\/p>\n\n\n\n<ul class=\"wp-block-list\"><li>As-tu v\u00e9rifi\u00e9 s\u2019il est possible d\u2019adapter ton <strong>projet<\/strong> \u00e0 la nature de ton <strong>terrain<\/strong> afin de limiter les frais ? Par exemple des <a href=\"https:\/\/fr.twiza.org\/portail\/fondations\/\" target=\"_blank\" rel=\"noreferrer noopener\">fondations<\/a> sur pilotis ou pieux m\u00e9talliques, des drains, des mat\u00e9riaux adapt\u00e9s etc. ?<\/li><\/ul>\n\n\n\n<h2 class=\"wp-block-heading\">Les points de vigilance<\/h2>\n\n\n\n<ul class=\"wp-block-list\"><li>Attention selon la <strong>nature du sol<\/strong> de ton terrain, ton co\u00fbt de <strong>terrassement<\/strong> peut se r\u00e9v\u00e9ler assez important. Donc pour \u00e9viter les mauvaises surprises, demande une <strong>\u00e9tude de faisabilit\u00e9<\/strong> en amont.<\/li><\/ul>\n\n\n\n<h2 class=\"wp-block-heading\">R\u00e9f\u00e9rences documentaires<\/h2>\n\n\n\n<p>-Demande de certificat d\u2019urbanisme : <a href=\"https:\/\/www.service-public.fr\/particuliers\/vosdroits\/R1970\" target=\"_blank\" rel=\"noreferrer noopener\">Formulaire Cerfa 13410*05<\/a><\/p>\n\n\n\n<p>-Guide d\u2019application de la r\u00e9glementation relative au travaux \u00e0 proximit\u00e9 des r\u00e9seaux :<\/p>\n\n\n\n<ul class=\"wp-block-list\"><li><a href=\"https:\/\/www.reseaux-et-canalisations.ineris.fr\/gu-presentation\/userfile?path=\/fichiers\/Guides_techniques\/Fascicule1_en_vigueur_01012020.pdf\" target=\"_blank\" rel=\"noreferrer noopener\">Fascicule 1 &#8211; Disposition G\u00e9n\u00e9rales<\/a> &#8211; Version 2 (entr\u00e9e en vigueur le 01\/01\/2020)<\/li><li><a href=\"https:\/\/www.reseaux-et-canalisations.ineris.fr\/gu-presentation\/userfile?path=\/fichiers\/Guides_techniques\/Fascicule2-Guidetechniquedestravaux-v3-2018-09.pdf\" target=\"_blank\" rel=\"noreferrer noopener\">Fascicule 2 &#8211; Guide technique<\/a> &#8211; Version 3&nbsp; (entr\u00e9e en vigueur le 01\/01\/2019)<\/li><li><a href=\"https:\/\/www.reseaux-et-canalisations.ineris.fr\/gu-presentation\/userfile?path=\/fichiers\/Guides_techniques\/Fascicule3_formulaires_et_autres_documents_pratiques_version_finale_2019_11_12.pdf\" target=\"_blank\" rel=\"noreferrer noopener\">Fascicule 3 &#8211; Formulaires et autres documents pratiques<\/a> &#8211; Version 2 (entr\u00e9e en vigueur le 01\/01\/2020)<\/li><\/ul>\n\n\n\n<div style=\"height:50px\" aria-hidden=\"true\" class=\"wp-block-spacer\"><\/div>\n","protected":false},"excerpt":{"rendered":"<p>Terrassement : d\u00e9finition Le terrassement est la premi\u00e8re \u00e9tape de ton chantier, avant celle des fondations. L\u2019objectif est la pr\u00e9paration du terrain pour ta construction \u00e0 venir, ainsi que la mise en place de tes diff\u00e9rents r\u00e9seaux (eau, \u00e9lectricit\u00e9, assainissement, t\u00e9l\u00e9phone etc.). Par ailleurs, avant d\u2019acheter le terrain sur lequel [&hellip;]<\/p>\n","protected":false},"author":3,"featured_media":0,"parent":0,"menu_order":0,"comment_status":"closed","ping_status":"closed","template":"","meta":{"_eb_attr":"","_themeisle_gutenberg_block_has_review":false,"footnotes":""},"class_list":["post-2660","page","type-page","status-publish","hentry"],"yoast_head":"<!-- This site is optimized with the Yoast SEO Premium plugin v27.2 (Yoast SEO v27.4) - https:\/\/yoast.com\/product\/yoast-seo-premium-wordpress\/ -->\n<title>Terrassement<\/title>\n<meta name=\"description\" content=\"Qu&#039;est-ce que le terrassement ? 1\u00e8re \u00e9tape de ton chantier qui pr\u00e9pare le terrain, la mise en place des r\u00e9seaux : \u00e9lectricit\u00e9, eau...\" \/>\n<meta name=\"robots\" content=\"index, follow, max-snippet:-1, max-image-preview:large, max-video-preview:-1\" \/>\n<link rel=\"canonical\" href=\"https:\/\/fr.twiza.org\/portail\/terrassement\/\" \/>\n<meta property=\"og:locale\" content=\"fr_FR\" \/>\n<meta property=\"og:type\" content=\"article\" \/>\n<meta property=\"og:title\" content=\"Terrassement\" \/>\n<meta property=\"og:description\" content=\"Qu&#039;est-ce que le terrassement ? 1\u00e8re \u00e9tape de ton chantier qui pr\u00e9pare le terrain, la mise en place des r\u00e9seaux : \u00e9lectricit\u00e9, eau...\" \/>\n<meta property=\"og:url\" content=\"https:\/\/fr.twiza.org\/portail\/terrassement\/\" \/>\n<meta property=\"og:site_name\" content=\"R\u00e9seau Twiza\" \/>\n<meta property=\"article:publisher\" content=\"https:\/\/fr-fr.facebook.com\/Twiza.fr\/\" \/>\n<meta property=\"article:modified_time\" content=\"2022-05-20T15:42:08+00:00\" \/>\n<meta property=\"og:image\" content=\"https:\/\/fr.twiza.org\/portail\/wp-content\/uploads\/2021\/08\/DEF-Terrassement-3-edited.jpeg\" \/>\n<meta name=\"twitter:card\" content=\"summary_large_image\" \/>\n<script type=\"application\/ld+json\" class=\"yoast-schema-graph\">{\"@context\":\"https:\\\/\\\/schema.org\",\"@graph\":[{\"@type\":\"WebPage\",\"@id\":\"https:\\\/\\\/fr.twiza.org\\\/portail\\\/terrassement\\\/\",\"url\":\"https:\\\/\\\/fr.twiza.org\\\/portail\\\/terrassement\\\/\",\"name\":\"Terrassement\",\"isPartOf\":{\"@id\":\"https:\\\/\\\/fr.twiza.org\\\/portail\\\/#website\"},\"primaryImageOfPage\":{\"@id\":\"https:\\\/\\\/fr.twiza.org\\\/portail\\\/terrassement\\\/#primaryimage\"},\"image\":{\"@id\":\"https:\\\/\\\/fr.twiza.org\\\/portail\\\/terrassement\\\/#primaryimage\"},\"thumbnailUrl\":\"https:\\\/\\\/fr.twiza.org\\\/portail\\\/wp-content\\\/uploads\\\/2021\\\/08\\\/DEF-Terrassement-3-edited.jpeg\",\"datePublished\":\"2021-10-05T12:59:00+00:00\",\"dateModified\":\"2022-05-20T15:42:08+00:00\",\"description\":\"Qu'est-ce que le terrassement ? 1\u00e8re \u00e9tape de ton chantier qui pr\u00e9pare le terrain, la mise en place des r\u00e9seaux : \u00e9lectricit\u00e9, eau...\",\"breadcrumb\":{\"@id\":\"https:\\\/\\\/fr.twiza.org\\\/portail\\\/terrassement\\\/#breadcrumb\"},\"inLanguage\":\"fr-FR\",\"potentialAction\":[{\"@type\":\"ReadAction\",\"target\":[\"https:\\\/\\\/fr.twiza.org\\\/portail\\\/terrassement\\\/\"]}]},{\"@type\":\"ImageObject\",\"inLanguage\":\"fr-FR\",\"@id\":\"https:\\\/\\\/fr.twiza.org\\\/portail\\\/terrassement\\\/#primaryimage\",\"url\":\"https:\\\/\\\/fr.twiza.org\\\/portail\\\/wp-content\\\/uploads\\\/2021\\\/08\\\/DEF-Terrassement-3-edited.jpeg\",\"contentUrl\":\"https:\\\/\\\/fr.twiza.org\\\/portail\\\/wp-content\\\/uploads\\\/2021\\\/08\\\/DEF-Terrassement-3-edited.jpeg\",\"width\":1608,\"height\":1004},{\"@type\":\"BreadcrumbList\",\"@id\":\"https:\\\/\\\/fr.twiza.org\\\/portail\\\/terrassement\\\/#breadcrumb\",\"itemListElement\":[{\"@type\":\"ListItem\",\"position\":1,\"name\":\"Accueil\",\"item\":\"https:\\\/\\\/fr.twiza.org\\\/portail\\\/\"},{\"@type\":\"ListItem\",\"position\":2,\"name\":\"Terrassement\"}]},{\"@type\":\"WebSite\",\"@id\":\"https:\\\/\\\/fr.twiza.org\\\/portail\\\/#website\",\"url\":\"https:\\\/\\\/fr.twiza.org\\\/portail\\\/\",\"name\":\"R\u00e9seau Twiza\",\"description\":\"Entraide pour un habitat \u00e9cologique, convivial et r\u00e9silient\",\"publisher\":{\"@id\":\"https:\\\/\\\/fr.twiza.org\\\/portail\\\/#organization\"},\"potentialAction\":[{\"@type\":\"SearchAction\",\"target\":{\"@type\":\"EntryPoint\",\"urlTemplate\":\"https:\\\/\\\/fr.twiza.org\\\/portail\\\/?s={search_term_string}\"},\"query-input\":{\"@type\":\"PropertyValueSpecification\",\"valueRequired\":true,\"valueName\":\"search_term_string\"}}],\"inLanguage\":\"fr-FR\"},{\"@type\":\"Organization\",\"@id\":\"https:\\\/\\\/fr.twiza.org\\\/portail\\\/#organization\",\"name\":\"R\u00e9seau Twiza\",\"url\":\"https:\\\/\\\/fr.twiza.org\\\/portail\\\/\",\"logo\":{\"@type\":\"ImageObject\",\"inLanguage\":\"fr-FR\",\"@id\":\"https:\\\/\\\/fr.twiza.org\\\/portail\\\/#\\\/schema\\\/logo\\\/image\\\/\",\"url\":\"https:\\\/\\\/fr.twiza.org\\\/portail\\\/wp-content\\\/uploads\\\/2021\\\/05\\\/cropped-logo-reseau-twiza.jpg\",\"contentUrl\":\"https:\\\/\\\/fr.twiza.org\\\/portail\\\/wp-content\\\/uploads\\\/2021\\\/05\\\/cropped-logo-reseau-twiza.jpg\",\"width\":400,\"height\":102,\"caption\":\"R\u00e9seau Twiza\"},\"image\":{\"@id\":\"https:\\\/\\\/fr.twiza.org\\\/portail\\\/#\\\/schema\\\/logo\\\/image\\\/\"},\"sameAs\":[\"https:\\\/\\\/fr-fr.facebook.com\\\/Twiza.fr\\\/\",\"https:\\\/\\\/www.instagram.com\\\/twiza_fr\\\/\",\"https:\\\/\\\/www.linkedin.com\\\/company\\\/reseautwiza\\\/\"]}]}<\/script>\n<!-- \/ Yoast SEO Premium plugin. -->","yoast_head_json":{"title":"Terrassement","description":"Qu'est-ce que le terrassement ? 1\u00e8re \u00e9tape de ton chantier qui pr\u00e9pare le terrain, la mise en place des r\u00e9seaux : \u00e9lectricit\u00e9, eau...","robots":{"index":"index","follow":"follow","max-snippet":"max-snippet:-1","max-image-preview":"max-image-preview:large","max-video-preview":"max-video-preview:-1"},"canonical":"https:\/\/fr.twiza.org\/portail\/terrassement\/","og_locale":"fr_FR","og_type":"article","og_title":"Terrassement","og_description":"Qu'est-ce que le terrassement ? 1\u00e8re \u00e9tape de ton chantier qui pr\u00e9pare le terrain, la mise en place des r\u00e9seaux : \u00e9lectricit\u00e9, eau...","og_url":"https:\/\/fr.twiza.org\/portail\/terrassement\/","og_site_name":"R\u00e9seau Twiza","article_publisher":"https:\/\/fr-fr.facebook.com\/Twiza.fr\/","article_modified_time":"2022-05-20T15:42:08+00:00","og_image":[{"url":"https:\/\/fr.twiza.org\/portail\/wp-content\/uploads\/2021\/08\/DEF-Terrassement-3-edited.jpeg","type":"","width":"","height":""}],"twitter_card":"summary_large_image","schema":{"@context":"https:\/\/schema.org","@graph":[{"@type":"WebPage","@id":"https:\/\/fr.twiza.org\/portail\/terrassement\/","url":"https:\/\/fr.twiza.org\/portail\/terrassement\/","name":"Terrassement","isPartOf":{"@id":"https:\/\/fr.twiza.org\/portail\/#website"},"primaryImageOfPage":{"@id":"https:\/\/fr.twiza.org\/portail\/terrassement\/#primaryimage"},"image":{"@id":"https:\/\/fr.twiza.org\/portail\/terrassement\/#primaryimage"},"thumbnailUrl":"https:\/\/fr.twiza.org\/portail\/wp-content\/uploads\/2021\/08\/DEF-Terrassement-3-edited.jpeg","datePublished":"2021-10-05T12:59:00+00:00","dateModified":"2022-05-20T15:42:08+00:00","description":"Qu'est-ce que le terrassement ? 1\u00e8re \u00e9tape de ton chantier qui pr\u00e9pare le terrain, la mise en place des r\u00e9seaux : \u00e9lectricit\u00e9, eau...","breadcrumb":{"@id":"https:\/\/fr.twiza.org\/portail\/terrassement\/#breadcrumb"},"inLanguage":"fr-FR","potentialAction":[{"@type":"ReadAction","target":["https:\/\/fr.twiza.org\/portail\/terrassement\/"]}]},{"@type":"ImageObject","inLanguage":"fr-FR","@id":"https:\/\/fr.twiza.org\/portail\/terrassement\/#primaryimage","url":"https:\/\/fr.twiza.org\/portail\/wp-content\/uploads\/2021\/08\/DEF-Terrassement-3-edited.jpeg","contentUrl":"https:\/\/fr.twiza.org\/portail\/wp-content\/uploads\/2021\/08\/DEF-Terrassement-3-edited.jpeg","width":1608,"height":1004},{"@type":"BreadcrumbList","@id":"https:\/\/fr.twiza.org\/portail\/terrassement\/#breadcrumb","itemListElement":[{"@type":"ListItem","position":1,"name":"Accueil","item":"https:\/\/fr.twiza.org\/portail\/"},{"@type":"ListItem","position":2,"name":"Terrassement"}]},{"@type":"WebSite","@id":"https:\/\/fr.twiza.org\/portail\/#website","url":"https:\/\/fr.twiza.org\/portail\/","name":"R\u00e9seau Twiza","description":"Entraide pour un habitat \u00e9cologique, convivial et r\u00e9silient","publisher":{"@id":"https:\/\/fr.twiza.org\/portail\/#organization"},"potentialAction":[{"@type":"SearchAction","target":{"@type":"EntryPoint","urlTemplate":"https:\/\/fr.twiza.org\/portail\/?s={search_term_string}"},"query-input":{"@type":"PropertyValueSpecification","valueRequired":true,"valueName":"search_term_string"}}],"inLanguage":"fr-FR"},{"@type":"Organization","@id":"https:\/\/fr.twiza.org\/portail\/#organization","name":"R\u00e9seau Twiza","url":"https:\/\/fr.twiza.org\/portail\/","logo":{"@type":"ImageObject","inLanguage":"fr-FR","@id":"https:\/\/fr.twiza.org\/portail\/#\/schema\/logo\/image\/","url":"https:\/\/fr.twiza.org\/portail\/wp-content\/uploads\/2021\/05\/cropped-logo-reseau-twiza.jpg","contentUrl":"https:\/\/fr.twiza.org\/portail\/wp-content\/uploads\/2021\/05\/cropped-logo-reseau-twiza.jpg","width":400,"height":102,"caption":"R\u00e9seau Twiza"},"image":{"@id":"https:\/\/fr.twiza.org\/portail\/#\/schema\/logo\/image\/"},"sameAs":["https:\/\/fr-fr.facebook.com\/Twiza.fr\/","https:\/\/www.instagram.com\/twiza_fr\/","https:\/\/www.linkedin.com\/company\/reseautwiza\/"]}]}},"jetpack_sharing_enabled":true,"_links":{"self":[{"href":"https:\/\/fr.twiza.org\/portail\/wp-json\/wp\/v2\/pages\/2660","targetHints":{"allow":["GET"]}}],"collection":[{"href":"https:\/\/fr.twiza.org\/portail\/wp-json\/wp\/v2\/pages"}],"about":[{"href":"https:\/\/fr.twiza.org\/portail\/wp-json\/wp\/v2\/types\/page"}],"author":[{"embeddable":true,"href":"https:\/\/fr.twiza.org\/portail\/wp-json\/wp\/v2\/users\/3"}],"replies":[{"embeddable":true,"href":"https:\/\/fr.twiza.org\/portail\/wp-json\/wp\/v2\/comments?post=2660"}],"version-history":[{"count":18,"href":"https:\/\/fr.twiza.org\/portail\/wp-json\/wp\/v2\/pages\/2660\/revisions"}],"predecessor-version":[{"id":5321,"href":"https:\/\/fr.twiza.org\/portail\/wp-json\/wp\/v2\/pages\/2660\/revisions\/5321"}],"wp:attachment":[{"href":"https:\/\/fr.twiza.org\/portail\/wp-json\/wp\/v2\/media?parent=2660"}],"curies":[{"name":"wp","href":"https:\/\/api.w.org\/{rel}","templated":true}]}}