{"id":2688,"date":"2021-10-05T14:43:42","date_gmt":"2021-10-05T12:43:42","guid":{"rendered":"https:\/\/fr.twiza.org\/portail\/?page_id=2688"},"modified":"2022-05-20T17:41:05","modified_gmt":"2022-05-20T15:41:05","slug":"dalle","status":"publish","type":"page","link":"https:\/\/fr.twiza.org\/portail\/dalle\/","title":{"rendered":"Dalle"},"content":{"rendered":"\n<figure class=\"wp-block-image size-large\"><img fetchpriority=\"high\" decoding=\"async\" width=\"1790\" height=\"1006\" src=\"https:\/\/fr.twiza.org\/portail\/wp-content\/uploads\/2021\/08\/DEF-dalle-1-O-edited.jpeg\" alt=\"\" class=\"wp-image-2690\" srcset=\"https:\/\/fr.twiza.org\/portail\/wp-content\/uploads\/2021\/08\/DEF-dalle-1-O-edited.jpeg 1790w, https:\/\/fr.twiza.org\/portail\/wp-content\/uploads\/2021\/08\/DEF-dalle-1-O-edited-600x337.jpeg 600w, https:\/\/fr.twiza.org\/portail\/wp-content\/uploads\/2021\/08\/DEF-dalle-1-O-edited-300x169.jpeg 300w, https:\/\/fr.twiza.org\/portail\/wp-content\/uploads\/2021\/08\/DEF-dalle-1-O-edited-1024x575.jpeg 1024w, https:\/\/fr.twiza.org\/portail\/wp-content\/uploads\/2021\/08\/DEF-dalle-1-O-edited-768x432.jpeg 768w, https:\/\/fr.twiza.org\/portail\/wp-content\/uploads\/2021\/08\/DEF-dalle-1-O-edited-1536x863.jpeg 1536w\" sizes=\"(max-width: 1790px) 100vw, 1790px\" \/><\/figure>\n\n\n\n<h2 class=\"wp-block-heading\">Dalle : d\u00e9finition<\/h2>\n\n\n\n<p>La <strong>dalle<\/strong> de ta maison, situ\u00e9e sous ta <a href=\"https:\/\/fr.twiza.org\/portail\/chape\/\" target=\"_blank\" rel=\"noreferrer noopener\">chape<\/a> (et parfois l&rsquo;<strong>isolant<\/strong>), peut remplir le r\u00f4le de <a href=\"https:\/\/fr.twiza.org\/portail\/fondations\/\" target=\"_blank\" rel=\"noreferrer noopener\">fondations<\/a> ou de <strong>dalle de propret\u00e9<\/strong> (support pour le reste du sol). Quoi qu&rsquo;il en soit elle est importante, sachant que tous les \u00e9l\u00e9ments situ\u00e9s au dessus reposent sur elle.<\/p>\n\n\n\n<p>Elle est le plus souvent en <strong>b\u00e9ton<\/strong>  : <strong>dalle pleine<\/strong>, <strong>collaborante<\/strong>, de <strong>r\u00e9partition<\/strong>, <strong>flottante<\/strong> etc. Bien heureusement il existe des alternatives plus \u00e9cologiques telles que : la <strong>dalle de bois<\/strong>, le <strong>b\u00e9ton de chaux<\/strong>, la <strong>terre crue tass\u00e9e<\/strong> etc.<\/p>\n\n\n\n<p>On t&rsquo;encourage \u00e0 faire appel \u00e0 un <strong>professionnel<\/strong> pour la mise en \u0153uvre de ta <strong>dalle<\/strong>, malgr\u00e9 l&rsquo;existence des options \u00ab\u00a0autoconstruction\u00a0\u00bb ou \u00ab\u00a0pr\u00eate \u00e0 l&#8217;emploi\u00a0\u00bb.<\/p>\n\n\n\n<p>En effet couler une <strong>dalle<\/strong> requiert un <strong>savoir-faire<\/strong> pr\u00e9cis et des <a href=\"https:\/\/fr.twiza.org\/portail\/outils\/\" target=\"_blank\" rel=\"noreferrer noopener\">outils<\/a> sp\u00e9cifiques de <strong>ma\u00e7onnerie<\/strong> : r\u00e8gle de ma\u00e7on, dameuse, b\u00e9tonni\u00e8re (ou de l&rsquo;outillage de charpenterie si c&rsquo;est une dalle en bois). De plus, ta <strong>dalle<\/strong> a un r\u00f4le non n\u00e9gligeable au sein de ton b\u00e2ti, mieux vaut donc minimiser les risques&#8230;!<\/p>\n\n\n\n<h2 class=\"wp-block-heading\" id=\"h-les-points-de-vigilance\">Les points de vigilance<\/h2>\n\n\n\n<ul class=\"wp-block-list\"><li>Pr\u00e9vois un <strong>temps de s\u00e9chage<\/strong> d&rsquo;un mois minimum pour une <strong>dalle<\/strong> en b\u00e9ton ou en chaux<\/li><\/ul>\n\n\n\n<p><\/p>\n\n\n\n<ul class=\"wp-block-list\"><li>Si tu coules une <strong>dalle<\/strong> en \u00e9t\u00e9, n&rsquo;oublie pas de l&rsquo;<strong>humidifier<\/strong> r\u00e9guli\u00e8rement pour \u00e9viter qu&rsquo;elle s\u00e8che trop vite et qu&rsquo;elle ne prenne pas correctement (risques de fissures etc.). Tu peux \u00e9galement monter un barnum au dessus pour prot\u00e9ger ta <strong>dalle<\/strong> du soleil.<\/li><\/ul>\n\n\n\n<h2 class=\"wp-block-heading\">R\u00e9f\u00e9rences documentaires<\/h2>\n\n\n\n<ul class=\"wp-block-list\"><li>DTU 26.2<\/li><li>DTU 21<\/li><li>DTU 13.3<\/li><li>DTU 51.3<\/li><\/ul>\n\n\n\n<div style=\"height:20px\" aria-hidden=\"true\" class=\"wp-block-spacer\"><\/div>\n\n\n\n<p><\/p>\n\n\n\n<p><\/p>\n","protected":false},"excerpt":{"rendered":"<p>Dalle : d\u00e9finition La dalle de ta maison, situ\u00e9e sous ta chape (et parfois l&rsquo;isolant), peut remplir le r\u00f4le de fondations ou de dalle de propret\u00e9 (support pour le reste du sol). Quoi qu&rsquo;il en soit elle est importante, sachant que tous les \u00e9l\u00e9ments situ\u00e9s au dessus reposent sur elle. [&hellip;]<\/p>\n","protected":false},"author":3,"featured_media":0,"parent":0,"menu_order":0,"comment_status":"closed","ping_status":"closed","template":"","meta":{"_eb_attr":"","_themeisle_gutenberg_block_has_review":false,"footnotes":""},"class_list":["post-2688","page","type-page","status-publish","hentry"],"yoast_head":"<!-- This site is optimized with the Yoast SEO Premium plugin v27.2 (Yoast SEO v27.4) - https:\/\/yoast.com\/product\/yoast-seo-premium-wordpress\/ -->\n<title>Dalle<\/title>\n<meta name=\"description\" content=\"Quelle dalle choisir pour ma maison ? Existe t-il des alternatives \u00e9cologiques \u00e0 la dalle en b\u00e9ton : dalle de bois, b\u00e9ton de chaux...?\" \/>\n<meta name=\"robots\" content=\"index, follow, max-snippet:-1, max-image-preview:large, max-video-preview:-1\" \/>\n<link rel=\"canonical\" href=\"https:\/\/fr.twiza.org\/portail\/dalle\/\" \/>\n<meta property=\"og:locale\" content=\"fr_FR\" \/>\n<meta property=\"og:type\" content=\"article\" \/>\n<meta property=\"og:title\" content=\"Dalle\" \/>\n<meta property=\"og:description\" content=\"Quelle dalle choisir pour ma maison ? Existe t-il des alternatives \u00e9cologiques \u00e0 la dalle en b\u00e9ton : dalle de bois, b\u00e9ton de chaux...?\" \/>\n<meta property=\"og:url\" content=\"https:\/\/fr.twiza.org\/portail\/dalle\/\" \/>\n<meta property=\"og:site_name\" content=\"R\u00e9seau Twiza\" \/>\n<meta property=\"article:publisher\" content=\"https:\/\/fr-fr.facebook.com\/Twiza.fr\/\" \/>\n<meta property=\"article:modified_time\" content=\"2022-05-20T15:41:05+00:00\" \/>\n<meta property=\"og:image\" content=\"https:\/\/fr.twiza.org\/portail\/wp-content\/uploads\/2021\/08\/DEF-dalle-1-O-edited.jpeg\" \/>\n<meta name=\"twitter:card\" content=\"summary_large_image\" \/>\n<script type=\"application\/ld+json\" class=\"yoast-schema-graph\">{\"@context\":\"https:\\\/\\\/schema.org\",\"@graph\":[{\"@type\":\"WebPage\",\"@id\":\"https:\\\/\\\/fr.twiza.org\\\/portail\\\/dalle\\\/\",\"url\":\"https:\\\/\\\/fr.twiza.org\\\/portail\\\/dalle\\\/\",\"name\":\"Dalle\",\"isPartOf\":{\"@id\":\"https:\\\/\\\/fr.twiza.org\\\/portail\\\/#website\"},\"primaryImageOfPage\":{\"@id\":\"https:\\\/\\\/fr.twiza.org\\\/portail\\\/dalle\\\/#primaryimage\"},\"image\":{\"@id\":\"https:\\\/\\\/fr.twiza.org\\\/portail\\\/dalle\\\/#primaryimage\"},\"thumbnailUrl\":\"https:\\\/\\\/fr.twiza.org\\\/portail\\\/wp-content\\\/uploads\\\/2021\\\/08\\\/DEF-dalle-1-O-edited.jpeg\",\"datePublished\":\"2021-10-05T12:43:42+00:00\",\"dateModified\":\"2022-05-20T15:41:05+00:00\",\"description\":\"Quelle dalle choisir pour ma maison ? Existe t-il des alternatives \u00e9cologiques \u00e0 la dalle en b\u00e9ton : dalle de bois, b\u00e9ton de chaux...?\",\"breadcrumb\":{\"@id\":\"https:\\\/\\\/fr.twiza.org\\\/portail\\\/dalle\\\/#breadcrumb\"},\"inLanguage\":\"fr-FR\",\"potentialAction\":[{\"@type\":\"ReadAction\",\"target\":[\"https:\\\/\\\/fr.twiza.org\\\/portail\\\/dalle\\\/\"]}]},{\"@type\":\"ImageObject\",\"inLanguage\":\"fr-FR\",\"@id\":\"https:\\\/\\\/fr.twiza.org\\\/portail\\\/dalle\\\/#primaryimage\",\"url\":\"https:\\\/\\\/fr.twiza.org\\\/portail\\\/wp-content\\\/uploads\\\/2021\\\/08\\\/DEF-dalle-1-O-edited.jpeg\",\"contentUrl\":\"https:\\\/\\\/fr.twiza.org\\\/portail\\\/wp-content\\\/uploads\\\/2021\\\/08\\\/DEF-dalle-1-O-edited.jpeg\",\"width\":1790,\"height\":1006},{\"@type\":\"BreadcrumbList\",\"@id\":\"https:\\\/\\\/fr.twiza.org\\\/portail\\\/dalle\\\/#breadcrumb\",\"itemListElement\":[{\"@type\":\"ListItem\",\"position\":1,\"name\":\"Accueil\",\"item\":\"https:\\\/\\\/fr.twiza.org\\\/portail\\\/\"},{\"@type\":\"ListItem\",\"position\":2,\"name\":\"Dalle\"}]},{\"@type\":\"WebSite\",\"@id\":\"https:\\\/\\\/fr.twiza.org\\\/portail\\\/#website\",\"url\":\"https:\\\/\\\/fr.twiza.org\\\/portail\\\/\",\"name\":\"R\u00e9seau Twiza\",\"description\":\"Entraide pour un habitat \u00e9cologique, convivial et r\u00e9silient\",\"publisher\":{\"@id\":\"https:\\\/\\\/fr.twiza.org\\\/portail\\\/#organization\"},\"potentialAction\":[{\"@type\":\"SearchAction\",\"target\":{\"@type\":\"EntryPoint\",\"urlTemplate\":\"https:\\\/\\\/fr.twiza.org\\\/portail\\\/?s={search_term_string}\"},\"query-input\":{\"@type\":\"PropertyValueSpecification\",\"valueRequired\":true,\"valueName\":\"search_term_string\"}}],\"inLanguage\":\"fr-FR\"},{\"@type\":\"Organization\",\"@id\":\"https:\\\/\\\/fr.twiza.org\\\/portail\\\/#organization\",\"name\":\"R\u00e9seau Twiza\",\"url\":\"https:\\\/\\\/fr.twiza.org\\\/portail\\\/\",\"logo\":{\"@type\":\"ImageObject\",\"inLanguage\":\"fr-FR\",\"@id\":\"https:\\\/\\\/fr.twiza.org\\\/portail\\\/#\\\/schema\\\/logo\\\/image\\\/\",\"url\":\"https:\\\/\\\/fr.twiza.org\\\/portail\\\/wp-content\\\/uploads\\\/2021\\\/05\\\/cropped-logo-reseau-twiza.jpg\",\"contentUrl\":\"https:\\\/\\\/fr.twiza.org\\\/portail\\\/wp-content\\\/uploads\\\/2021\\\/05\\\/cropped-logo-reseau-twiza.jpg\",\"width\":400,\"height\":102,\"caption\":\"R\u00e9seau Twiza\"},\"image\":{\"@id\":\"https:\\\/\\\/fr.twiza.org\\\/portail\\\/#\\\/schema\\\/logo\\\/image\\\/\"},\"sameAs\":[\"https:\\\/\\\/fr-fr.facebook.com\\\/Twiza.fr\\\/\",\"https:\\\/\\\/www.instagram.com\\\/twiza_fr\\\/\",\"https:\\\/\\\/www.linkedin.com\\\/company\\\/reseautwiza\\\/\"]}]}<\/script>\n<!-- \/ Yoast SEO Premium plugin. -->","yoast_head_json":{"title":"Dalle","description":"Quelle dalle choisir pour ma maison ? Existe t-il des alternatives \u00e9cologiques \u00e0 la dalle en b\u00e9ton : dalle de bois, b\u00e9ton de chaux...?","robots":{"index":"index","follow":"follow","max-snippet":"max-snippet:-1","max-image-preview":"max-image-preview:large","max-video-preview":"max-video-preview:-1"},"canonical":"https:\/\/fr.twiza.org\/portail\/dalle\/","og_locale":"fr_FR","og_type":"article","og_title":"Dalle","og_description":"Quelle dalle choisir pour ma maison ? Existe t-il des alternatives \u00e9cologiques \u00e0 la dalle en b\u00e9ton : dalle de bois, b\u00e9ton de chaux...?","og_url":"https:\/\/fr.twiza.org\/portail\/dalle\/","og_site_name":"R\u00e9seau Twiza","article_publisher":"https:\/\/fr-fr.facebook.com\/Twiza.fr\/","article_modified_time":"2022-05-20T15:41:05+00:00","og_image":[{"url":"https:\/\/fr.twiza.org\/portail\/wp-content\/uploads\/2021\/08\/DEF-dalle-1-O-edited.jpeg","type":"","width":"","height":""}],"twitter_card":"summary_large_image","schema":{"@context":"https:\/\/schema.org","@graph":[{"@type":"WebPage","@id":"https:\/\/fr.twiza.org\/portail\/dalle\/","url":"https:\/\/fr.twiza.org\/portail\/dalle\/","name":"Dalle","isPartOf":{"@id":"https:\/\/fr.twiza.org\/portail\/#website"},"primaryImageOfPage":{"@id":"https:\/\/fr.twiza.org\/portail\/dalle\/#primaryimage"},"image":{"@id":"https:\/\/fr.twiza.org\/portail\/dalle\/#primaryimage"},"thumbnailUrl":"https:\/\/fr.twiza.org\/portail\/wp-content\/uploads\/2021\/08\/DEF-dalle-1-O-edited.jpeg","datePublished":"2021-10-05T12:43:42+00:00","dateModified":"2022-05-20T15:41:05+00:00","description":"Quelle dalle choisir pour ma maison ? Existe t-il des alternatives \u00e9cologiques \u00e0 la dalle en b\u00e9ton : dalle de bois, b\u00e9ton de chaux...?","breadcrumb":{"@id":"https:\/\/fr.twiza.org\/portail\/dalle\/#breadcrumb"},"inLanguage":"fr-FR","potentialAction":[{"@type":"ReadAction","target":["https:\/\/fr.twiza.org\/portail\/dalle\/"]}]},{"@type":"ImageObject","inLanguage":"fr-FR","@id":"https:\/\/fr.twiza.org\/portail\/dalle\/#primaryimage","url":"https:\/\/fr.twiza.org\/portail\/wp-content\/uploads\/2021\/08\/DEF-dalle-1-O-edited.jpeg","contentUrl":"https:\/\/fr.twiza.org\/portail\/wp-content\/uploads\/2021\/08\/DEF-dalle-1-O-edited.jpeg","width":1790,"height":1006},{"@type":"BreadcrumbList","@id":"https:\/\/fr.twiza.org\/portail\/dalle\/#breadcrumb","itemListElement":[{"@type":"ListItem","position":1,"name":"Accueil","item":"https:\/\/fr.twiza.org\/portail\/"},{"@type":"ListItem","position":2,"name":"Dalle"}]},{"@type":"WebSite","@id":"https:\/\/fr.twiza.org\/portail\/#website","url":"https:\/\/fr.twiza.org\/portail\/","name":"R\u00e9seau Twiza","description":"Entraide pour un habitat \u00e9cologique, convivial et r\u00e9silient","publisher":{"@id":"https:\/\/fr.twiza.org\/portail\/#organization"},"potentialAction":[{"@type":"SearchAction","target":{"@type":"EntryPoint","urlTemplate":"https:\/\/fr.twiza.org\/portail\/?s={search_term_string}"},"query-input":{"@type":"PropertyValueSpecification","valueRequired":true,"valueName":"search_term_string"}}],"inLanguage":"fr-FR"},{"@type":"Organization","@id":"https:\/\/fr.twiza.org\/portail\/#organization","name":"R\u00e9seau Twiza","url":"https:\/\/fr.twiza.org\/portail\/","logo":{"@type":"ImageObject","inLanguage":"fr-FR","@id":"https:\/\/fr.twiza.org\/portail\/#\/schema\/logo\/image\/","url":"https:\/\/fr.twiza.org\/portail\/wp-content\/uploads\/2021\/05\/cropped-logo-reseau-twiza.jpg","contentUrl":"https:\/\/fr.twiza.org\/portail\/wp-content\/uploads\/2021\/05\/cropped-logo-reseau-twiza.jpg","width":400,"height":102,"caption":"R\u00e9seau Twiza"},"image":{"@id":"https:\/\/fr.twiza.org\/portail\/#\/schema\/logo\/image\/"},"sameAs":["https:\/\/fr-fr.facebook.com\/Twiza.fr\/","https:\/\/www.instagram.com\/twiza_fr\/","https:\/\/www.linkedin.com\/company\/reseautwiza\/"]}]}},"jetpack_sharing_enabled":true,"_links":{"self":[{"href":"https:\/\/fr.twiza.org\/portail\/wp-json\/wp\/v2\/pages\/2688","targetHints":{"allow":["GET"]}}],"collection":[{"href":"https:\/\/fr.twiza.org\/portail\/wp-json\/wp\/v2\/pages"}],"about":[{"href":"https:\/\/fr.twiza.org\/portail\/wp-json\/wp\/v2\/types\/page"}],"author":[{"embeddable":true,"href":"https:\/\/fr.twiza.org\/portail\/wp-json\/wp\/v2\/users\/3"}],"replies":[{"embeddable":true,"href":"https:\/\/fr.twiza.org\/portail\/wp-json\/wp\/v2\/comments?post=2688"}],"version-history":[{"count":9,"href":"https:\/\/fr.twiza.org\/portail\/wp-json\/wp\/v2\/pages\/2688\/revisions"}],"predecessor-version":[{"id":5320,"href":"https:\/\/fr.twiza.org\/portail\/wp-json\/wp\/v2\/pages\/2688\/revisions\/5320"}],"wp:attachment":[{"href":"https:\/\/fr.twiza.org\/portail\/wp-json\/wp\/v2\/media?parent=2688"}],"curies":[{"name":"wp","href":"https:\/\/api.w.org\/{rel}","templated":true}]}}