{"id":2698,"date":"2021-10-05T15:52:15","date_gmt":"2021-10-05T13:52:15","guid":{"rendered":"https:\/\/fr.twiza.org\/portail\/?page_id=2698"},"modified":"2022-05-20T17:39:57","modified_gmt":"2022-05-20T15:39:57","slug":"murs-porteurs","status":"publish","type":"page","link":"https:\/\/fr.twiza.org\/portail\/murs-porteurs\/","title":{"rendered":"Murs porteurs"},"content":{"rendered":"\n<figure class=\"wp-block-image size-full\"><img fetchpriority=\"high\" decoding=\"async\" width=\"1000\" height=\"563\" src=\"https:\/\/fr.twiza.org\/portail\/wp-content\/uploads\/2021\/08\/DEF-murs-porteurs-7-O-edited.jpeg\" alt=\"Murs porteurs techniques d'\u00e9co-construction et auto-construction ossature bois\" class=\"wp-image-2703\" srcset=\"https:\/\/fr.twiza.org\/portail\/wp-content\/uploads\/2021\/08\/DEF-murs-porteurs-7-O-edited.jpeg 1000w, https:\/\/fr.twiza.org\/portail\/wp-content\/uploads\/2021\/08\/DEF-murs-porteurs-7-O-edited-600x338.jpeg 600w, https:\/\/fr.twiza.org\/portail\/wp-content\/uploads\/2021\/08\/DEF-murs-porteurs-7-O-edited-300x169.jpeg 300w, https:\/\/fr.twiza.org\/portail\/wp-content\/uploads\/2021\/08\/DEF-murs-porteurs-7-O-edited-768x432.jpeg 768w\" sizes=\"(max-width: 1000px) 100vw, 1000px\" \/><\/figure>\n\n\n\n<h2 class=\"wp-block-heading\">Murs porteurs : d\u00e9finition<\/h2>\n\n\n\n<p>Les <strong>murs porteurs<\/strong> ont pour objectif de supporter ta <a href=\"https:\/\/fr.twiza.org\/portail\/charpente\/\" target=\"_blank\" rel=\"noreferrer noopener\">charpente<\/a> et les <strong>planchers<\/strong> de ton b\u00e2timent. Ils permettent notamment d&rsquo;\u00e9viter les d\u00e9formations par effet de pouss\u00e9e horizontale.<\/p>\n\n\n\n<p>Ils sont en g\u00e9n\u00e9ral compos\u00e9s de mat\u00e9riaux de ma\u00e7onnerie : <strong>parpaing<\/strong>, <strong>brique de terre cuite<\/strong> etc.. Mais il existe \u00e9galement des alternatives plus \u00e9cologiques : <strong>ossature<\/strong> <strong>bois<\/strong>, <strong>terre crue<\/strong> ou <strong>b\u00e9ton cellulaire<\/strong>.<\/p>\n\n\n\n<p>Il est associ\u00e9 \u00e0 un <a href=\"https:\/\/fr.twiza.org\/portail\/parement-exterieur\/\" target=\"_blank\" rel=\"noreferrer noopener\">parement ext\u00e9rieur<\/a>, un <strong>rev\u00eatement int\u00e9rieur<\/strong>, ainsi qu&rsquo;un <strong>isolant<\/strong>. <\/p>\n\n\n\n<p>Il existe \u00e9galement des <strong>murs de refend<\/strong> positionn\u00e9s \u00e0 l&rsquo;int\u00e9rieur des maisons.<\/p>\n\n\n\n<p>La plupart des <strong>murs porteurs<\/strong> en France sont r\u00e9alis\u00e9s en parpaing, mais heureusement il est possible de trouver des alternatives plus \u00e9cologiques.<\/p>\n\n\n\n<h2 class=\"wp-block-heading\">Murs porteurs : alternatives \u00e9cologiques<\/h2>\n\n\n\n<h3 class=\"wp-block-heading\"><strong>Ossature bois<\/strong><\/h3>\n\n\n\n<p>Elle se pr\u00e9sente sous la forme d&rsquo;une structure en <strong>bois<\/strong> que l&rsquo;on remplit avec de l&rsquo;<strong>isolant<\/strong>. Il faut tout de m\u00eame \u00eatre vigilant car le bois \u00e9tant plus conducteur que l&rsquo;isolant, il peut cr\u00e9er des <strong>ponts thermiques<\/strong>. L&rsquo;ossature peut donc \u00eatre doubl\u00e9e avec une <a href=\"https:\/\/fr.twiza.org\/portail\/isolation\/\" target=\"_blank\" rel=\"noreferrer noopener\">isolation<\/a> ext\u00e9rieure dans certains cas. <\/p>\n\n\n\n<p>L&rsquo;<strong>ossature bois<\/strong> a pour avantage d&rsquo;\u00eatre rapide \u00e0 r\u00e9aliser, notamment car elle ne n\u00e9cessite pas de temps de s\u00e9chage et peut \u00eatre pr\u00e9fabriqu\u00e9e en atelier.<\/p>\n\n\n\n<h3 class=\"wp-block-heading\"><strong>Bois massif<\/strong><\/h3>\n\n\n\n<p>Les murs sont constitu\u00e9s par des <strong>panneaux<\/strong> fabriqu\u00e9s \u00e0 partir de planches de bois crois\u00e9es et contrecoll\u00e9es, bien souvent en \u00e9pic\u00e9a. Ce syst\u00e8me d\u00e9cuple leurs propri\u00e9t\u00e9s m\u00e9caniques. Enfin, quelques jours suffisent pour leur l&rsquo;installation.<\/p>\n\n\n\n<h3 class=\"wp-block-heading\"><strong>Brique alv\u00e9olaire<\/strong><\/h3>\n\n\n\n<p>Aussi appel\u00e9es<strong> \u00ab\u00a0briques monomur<\/strong>\u00ab\u00a0, elles sont constitu\u00e9es principalement d&rsquo;<strong>argile cuite<\/strong> et d&rsquo;<strong>air<\/strong>. Cet air emprisonn\u00e9 dans les alv\u00e9oles leurs permettent d&rsquo;\u00eatre \u00e0 la fois porteuses et isolantes (\u03bb* environ \u00e9gale \u00e0 0,11). <\/p>\n\n\n\n<h3 class=\"wp-block-heading\"><strong>La terre crue<\/strong><\/h3>\n\n\n\n<p>Il existe de multiples techniques traditionnelles de construction en terre crue. Ces derni\u00e8res varient en fonction des moyens mis en \u0153uvre, de la proportion d&rsquo;<strong>argile<\/strong> utilis\u00e9e, et enfin des diff\u00e9rents adjuvants pr\u00e9sents (cailloux, fibres v\u00e9g\u00e9tales, eau etc.).<\/p>\n\n\n\n<p>On peut \u00e9conomiser des mat\u00e9riaux et leur transport, en utilisant la terre argileuse pr\u00e9sente sur son propre terrain.<\/p>\n\n\n\n<h3 class=\"wp-block-heading\"><strong>B\u00e9ton cellulaire<\/strong><\/h3>\n\n\n\n<p>Il se pr\u00e9sente sous formes de <strong>blocs<\/strong>, l\u00e9gers et a\u00e9r\u00e9s gr\u00e2ce \u00e0 leur composition : eau, sable, ciment naturel, chaux et agent d&rsquo;expansion (poudre d&rsquo;aluminium). Apr\u00e8s s\u00e9chage, le <strong>b\u00e9ton cellulaire<\/strong> poss\u00e8de une bonne performance thermique ( \u03bb*environ \u00e9gale \u00e0 0,12).<\/p>\n\n\n\n<p><em>*<meta charset=\"utf-8\">\u03bb (lambda) : conductivit\u00e9 thermique d&rsquo;un mat\u00e9riau exprim\u00e9e en W\/(m.K), plus elle est faible, plus le mat\u00e9riau est isolant. Pour exemple le <meta charset=\"utf-8\">\u03bb du b\u00e9ton plain arm\u00e9 est d&rsquo;environ 2,40 W\/(m.K).<\/em> <\/p>\n\n\n\n<h2 class=\"wp-block-heading\" id=\"h-les-bonnes-questions-a-se-poser\">Les bonnes questions \u00e0 se poser<\/h2>\n\n\n\n<ul class=\"wp-block-list\"><li>Quelle <strong>technique<\/strong> sera la plus adapt\u00e9e \u00e0 la fois \u00e0 : la dur\u00e9e de ton chantier, tes savoir-faire, tes pr\u00e9f\u00e9rences personnelles en termes de mat\u00e9riau, ton outillage etc. ?<\/li><\/ul>\n\n\n\n<p><\/p>\n\n\n\n<ul class=\"wp-block-list\"><li>Tes <strong>murs porteurs<\/strong> serviront-ils \u00e0 g\u00e9rer l&rsquo;<strong>inertie<\/strong> de ta maison ? Si oui, pr\u00e9voir une <a href=\"https:\/\/fr.twiza.org\/portail\/isolation\/\" target=\"_blank\" rel=\"noreferrer noopener\">isolation<\/a> par l&rsquo;ext\u00e9rieur, sinon, r\u00e9fl\u00e9chis \u00e0 comment en apporter par d&rsquo;autres biais : tes <a href=\"https:\/\/fr.twiza.org\/portail\/fondations\/\" target=\"_blank\" rel=\"noreferrer noopener\">fondations<\/a>, tes <strong>cloisons<\/strong> etc.<\/li><\/ul>\n\n\n\n<h2 class=\"wp-block-heading\">Les points de vigilance<\/h2>\n\n\n\n<ul class=\"wp-block-list\"><li>La construction des <strong>murs porteurs<\/strong> est le plus souvent r\u00e9alis\u00e9e par des <strong>professionnels<\/strong>, ce qui permet de b\u00e9n\u00e9ficier de leur <strong>assurance d\u00e9cennale<\/strong> (tr\u00e8s important en cas de revente ou d&rsquo;apparition de d\u00e9fauts de construction).<\/li><\/ul>\n\n\n\n<p><\/p>\n\n\n\n<ul class=\"wp-block-list\"><li>Dans le cas o\u00f9 tu souhaiterais r\u00e9aliser <strong>toi-m\u00eame<\/strong> tes <strong>murs porteurs<\/strong>, prends bien le temps de te <strong>former<\/strong> en amont, au travers de <a href=\"https:\/\/fr.twiza.org\/fil-actualites,m33.html\" target=\"_blank\" rel=\"noreferrer noopener\">chantiers participatifs<\/a> ou de formations propos\u00e9s par des entreprises et\/ou associations.<\/li><\/ul>\n\n\n\n<h2 class=\"wp-block-heading\">R\u00e9f\u00e9rences documentaires<\/h2>\n\n\n\n<ul class=\"wp-block-list\"><li>DTU 20.1<\/li><li>DTU 31.2<\/li><\/ul>\n\n\n\n<div style=\"height:50px\" aria-hidden=\"true\" class=\"wp-block-spacer\"><\/div>\n","protected":false},"excerpt":{"rendered":"<p>Murs porteurs : d\u00e9finition Les murs porteurs ont pour objectif de supporter ta charpente et les planchers de ton b\u00e2timent. Ils permettent notamment d&rsquo;\u00e9viter les d\u00e9formations par effet de pouss\u00e9e horizontale. Ils sont en g\u00e9n\u00e9ral compos\u00e9s de mat\u00e9riaux de ma\u00e7onnerie : parpaing, brique de terre cuite etc.. Mais il existe [&hellip;]<\/p>\n","protected":false},"author":3,"featured_media":0,"parent":0,"menu_order":0,"comment_status":"closed","ping_status":"closed","template":"","meta":{"_eb_attr":"","_themeisle_gutenberg_block_has_review":false,"footnotes":""},"class_list":["post-2698","page","type-page","status-publish","hentry"],"yoast_head":"<!-- This site is optimized with the Yoast SEO Premium plugin v27.2 (Yoast SEO v27.4) - https:\/\/yoast.com\/product\/yoast-seo-premium-wordpress\/ -->\n<title>Murs porteurs<\/title>\n<meta name=\"description\" content=\"Murs porteurs de ma maison : A quoi \u00e7a sert ? Quelle solution \u00e9cologique choisir : bois massif, terre crue, brique alv\u00e9olaire..?\" \/>\n<meta name=\"robots\" content=\"index, follow, max-snippet:-1, max-image-preview:large, max-video-preview:-1\" \/>\n<link rel=\"canonical\" href=\"https:\/\/fr.twiza.org\/portail\/murs-porteurs\/\" \/>\n<meta property=\"og:locale\" content=\"fr_FR\" \/>\n<meta property=\"og:type\" content=\"article\" \/>\n<meta property=\"og:title\" content=\"Murs porteurs\" \/>\n<meta property=\"og:description\" content=\"Murs porteurs de ma maison : A quoi \u00e7a sert ? Quelle solution \u00e9cologique choisir : bois massif, terre crue, brique alv\u00e9olaire..?\" \/>\n<meta property=\"og:url\" content=\"https:\/\/fr.twiza.org\/portail\/murs-porteurs\/\" \/>\n<meta property=\"og:site_name\" content=\"R\u00e9seau Twiza\" \/>\n<meta property=\"article:publisher\" content=\"https:\/\/fr-fr.facebook.com\/Twiza.fr\/\" \/>\n<meta property=\"article:modified_time\" content=\"2022-05-20T15:39:57+00:00\" \/>\n<meta property=\"og:image\" content=\"https:\/\/fr.twiza.org\/portail\/wp-content\/uploads\/2021\/08\/DEF-murs-porteurs-7-O-edited.jpeg\" \/>\n<meta name=\"twitter:card\" content=\"summary_large_image\" \/>\n<script type=\"application\/ld+json\" class=\"yoast-schema-graph\">{\"@context\":\"https:\\\/\\\/schema.org\",\"@graph\":[{\"@type\":\"WebPage\",\"@id\":\"https:\\\/\\\/fr.twiza.org\\\/portail\\\/murs-porteurs\\\/\",\"url\":\"https:\\\/\\\/fr.twiza.org\\\/portail\\\/murs-porteurs\\\/\",\"name\":\"Murs porteurs\",\"isPartOf\":{\"@id\":\"https:\\\/\\\/fr.twiza.org\\\/portail\\\/#website\"},\"primaryImageOfPage\":{\"@id\":\"https:\\\/\\\/fr.twiza.org\\\/portail\\\/murs-porteurs\\\/#primaryimage\"},\"image\":{\"@id\":\"https:\\\/\\\/fr.twiza.org\\\/portail\\\/murs-porteurs\\\/#primaryimage\"},\"thumbnailUrl\":\"https:\\\/\\\/fr.twiza.org\\\/portail\\\/wp-content\\\/uploads\\\/2021\\\/08\\\/DEF-murs-porteurs-7-O-edited.jpeg\",\"datePublished\":\"2021-10-05T13:52:15+00:00\",\"dateModified\":\"2022-05-20T15:39:57+00:00\",\"description\":\"Murs porteurs de ma maison : A quoi \u00e7a sert ? Quelle solution \u00e9cologique choisir : bois massif, terre crue, brique alv\u00e9olaire..?\",\"breadcrumb\":{\"@id\":\"https:\\\/\\\/fr.twiza.org\\\/portail\\\/murs-porteurs\\\/#breadcrumb\"},\"inLanguage\":\"fr-FR\",\"potentialAction\":[{\"@type\":\"ReadAction\",\"target\":[\"https:\\\/\\\/fr.twiza.org\\\/portail\\\/murs-porteurs\\\/\"]}]},{\"@type\":\"ImageObject\",\"inLanguage\":\"fr-FR\",\"@id\":\"https:\\\/\\\/fr.twiza.org\\\/portail\\\/murs-porteurs\\\/#primaryimage\",\"url\":\"https:\\\/\\\/fr.twiza.org\\\/portail\\\/wp-content\\\/uploads\\\/2021\\\/08\\\/DEF-murs-porteurs-7-O-edited.jpeg\",\"contentUrl\":\"https:\\\/\\\/fr.twiza.org\\\/portail\\\/wp-content\\\/uploads\\\/2021\\\/08\\\/DEF-murs-porteurs-7-O-edited.jpeg\",\"width\":1000,\"height\":563},{\"@type\":\"BreadcrumbList\",\"@id\":\"https:\\\/\\\/fr.twiza.org\\\/portail\\\/murs-porteurs\\\/#breadcrumb\",\"itemListElement\":[{\"@type\":\"ListItem\",\"position\":1,\"name\":\"Accueil\",\"item\":\"https:\\\/\\\/fr.twiza.org\\\/portail\\\/\"},{\"@type\":\"ListItem\",\"position\":2,\"name\":\"Murs porteurs\"}]},{\"@type\":\"WebSite\",\"@id\":\"https:\\\/\\\/fr.twiza.org\\\/portail\\\/#website\",\"url\":\"https:\\\/\\\/fr.twiza.org\\\/portail\\\/\",\"name\":\"R\u00e9seau Twiza\",\"description\":\"Entraide pour un habitat \u00e9cologique, convivial et r\u00e9silient\",\"publisher\":{\"@id\":\"https:\\\/\\\/fr.twiza.org\\\/portail\\\/#organization\"},\"potentialAction\":[{\"@type\":\"SearchAction\",\"target\":{\"@type\":\"EntryPoint\",\"urlTemplate\":\"https:\\\/\\\/fr.twiza.org\\\/portail\\\/?s={search_term_string}\"},\"query-input\":{\"@type\":\"PropertyValueSpecification\",\"valueRequired\":true,\"valueName\":\"search_term_string\"}}],\"inLanguage\":\"fr-FR\"},{\"@type\":\"Organization\",\"@id\":\"https:\\\/\\\/fr.twiza.org\\\/portail\\\/#organization\",\"name\":\"R\u00e9seau Twiza\",\"url\":\"https:\\\/\\\/fr.twiza.org\\\/portail\\\/\",\"logo\":{\"@type\":\"ImageObject\",\"inLanguage\":\"fr-FR\",\"@id\":\"https:\\\/\\\/fr.twiza.org\\\/portail\\\/#\\\/schema\\\/logo\\\/image\\\/\",\"url\":\"https:\\\/\\\/fr.twiza.org\\\/portail\\\/wp-content\\\/uploads\\\/2021\\\/05\\\/cropped-logo-reseau-twiza.jpg\",\"contentUrl\":\"https:\\\/\\\/fr.twiza.org\\\/portail\\\/wp-content\\\/uploads\\\/2021\\\/05\\\/cropped-logo-reseau-twiza.jpg\",\"width\":400,\"height\":102,\"caption\":\"R\u00e9seau Twiza\"},\"image\":{\"@id\":\"https:\\\/\\\/fr.twiza.org\\\/portail\\\/#\\\/schema\\\/logo\\\/image\\\/\"},\"sameAs\":[\"https:\\\/\\\/fr-fr.facebook.com\\\/Twiza.fr\\\/\",\"https:\\\/\\\/www.instagram.com\\\/twiza_fr\\\/\",\"https:\\\/\\\/www.linkedin.com\\\/company\\\/reseautwiza\\\/\"]}]}<\/script>\n<!-- \/ Yoast SEO Premium plugin. -->","yoast_head_json":{"title":"Murs porteurs","description":"Murs porteurs de ma maison : A quoi \u00e7a sert ? Quelle solution \u00e9cologique choisir : bois massif, terre crue, brique alv\u00e9olaire..?","robots":{"index":"index","follow":"follow","max-snippet":"max-snippet:-1","max-image-preview":"max-image-preview:large","max-video-preview":"max-video-preview:-1"},"canonical":"https:\/\/fr.twiza.org\/portail\/murs-porteurs\/","og_locale":"fr_FR","og_type":"article","og_title":"Murs porteurs","og_description":"Murs porteurs de ma maison : A quoi \u00e7a sert ? Quelle solution \u00e9cologique choisir : bois massif, terre crue, brique alv\u00e9olaire..?","og_url":"https:\/\/fr.twiza.org\/portail\/murs-porteurs\/","og_site_name":"R\u00e9seau Twiza","article_publisher":"https:\/\/fr-fr.facebook.com\/Twiza.fr\/","article_modified_time":"2022-05-20T15:39:57+00:00","og_image":[{"url":"https:\/\/fr.twiza.org\/portail\/wp-content\/uploads\/2021\/08\/DEF-murs-porteurs-7-O-edited.jpeg","type":"","width":"","height":""}],"twitter_card":"summary_large_image","schema":{"@context":"https:\/\/schema.org","@graph":[{"@type":"WebPage","@id":"https:\/\/fr.twiza.org\/portail\/murs-porteurs\/","url":"https:\/\/fr.twiza.org\/portail\/murs-porteurs\/","name":"Murs porteurs","isPartOf":{"@id":"https:\/\/fr.twiza.org\/portail\/#website"},"primaryImageOfPage":{"@id":"https:\/\/fr.twiza.org\/portail\/murs-porteurs\/#primaryimage"},"image":{"@id":"https:\/\/fr.twiza.org\/portail\/murs-porteurs\/#primaryimage"},"thumbnailUrl":"https:\/\/fr.twiza.org\/portail\/wp-content\/uploads\/2021\/08\/DEF-murs-porteurs-7-O-edited.jpeg","datePublished":"2021-10-05T13:52:15+00:00","dateModified":"2022-05-20T15:39:57+00:00","description":"Murs porteurs de ma maison : A quoi \u00e7a sert ? Quelle solution \u00e9cologique choisir : bois massif, terre crue, brique alv\u00e9olaire..?","breadcrumb":{"@id":"https:\/\/fr.twiza.org\/portail\/murs-porteurs\/#breadcrumb"},"inLanguage":"fr-FR","potentialAction":[{"@type":"ReadAction","target":["https:\/\/fr.twiza.org\/portail\/murs-porteurs\/"]}]},{"@type":"ImageObject","inLanguage":"fr-FR","@id":"https:\/\/fr.twiza.org\/portail\/murs-porteurs\/#primaryimage","url":"https:\/\/fr.twiza.org\/portail\/wp-content\/uploads\/2021\/08\/DEF-murs-porteurs-7-O-edited.jpeg","contentUrl":"https:\/\/fr.twiza.org\/portail\/wp-content\/uploads\/2021\/08\/DEF-murs-porteurs-7-O-edited.jpeg","width":1000,"height":563},{"@type":"BreadcrumbList","@id":"https:\/\/fr.twiza.org\/portail\/murs-porteurs\/#breadcrumb","itemListElement":[{"@type":"ListItem","position":1,"name":"Accueil","item":"https:\/\/fr.twiza.org\/portail\/"},{"@type":"ListItem","position":2,"name":"Murs porteurs"}]},{"@type":"WebSite","@id":"https:\/\/fr.twiza.org\/portail\/#website","url":"https:\/\/fr.twiza.org\/portail\/","name":"R\u00e9seau Twiza","description":"Entraide pour un habitat \u00e9cologique, convivial et r\u00e9silient","publisher":{"@id":"https:\/\/fr.twiza.org\/portail\/#organization"},"potentialAction":[{"@type":"SearchAction","target":{"@type":"EntryPoint","urlTemplate":"https:\/\/fr.twiza.org\/portail\/?s={search_term_string}"},"query-input":{"@type":"PropertyValueSpecification","valueRequired":true,"valueName":"search_term_string"}}],"inLanguage":"fr-FR"},{"@type":"Organization","@id":"https:\/\/fr.twiza.org\/portail\/#organization","name":"R\u00e9seau Twiza","url":"https:\/\/fr.twiza.org\/portail\/","logo":{"@type":"ImageObject","inLanguage":"fr-FR","@id":"https:\/\/fr.twiza.org\/portail\/#\/schema\/logo\/image\/","url":"https:\/\/fr.twiza.org\/portail\/wp-content\/uploads\/2021\/05\/cropped-logo-reseau-twiza.jpg","contentUrl":"https:\/\/fr.twiza.org\/portail\/wp-content\/uploads\/2021\/05\/cropped-logo-reseau-twiza.jpg","width":400,"height":102,"caption":"R\u00e9seau Twiza"},"image":{"@id":"https:\/\/fr.twiza.org\/portail\/#\/schema\/logo\/image\/"},"sameAs":["https:\/\/fr-fr.facebook.com\/Twiza.fr\/","https:\/\/www.instagram.com\/twiza_fr\/","https:\/\/www.linkedin.com\/company\/reseautwiza\/"]}]}},"jetpack_sharing_enabled":true,"_links":{"self":[{"href":"https:\/\/fr.twiza.org\/portail\/wp-json\/wp\/v2\/pages\/2698","targetHints":{"allow":["GET"]}}],"collection":[{"href":"https:\/\/fr.twiza.org\/portail\/wp-json\/wp\/v2\/pages"}],"about":[{"href":"https:\/\/fr.twiza.org\/portail\/wp-json\/wp\/v2\/types\/page"}],"author":[{"embeddable":true,"href":"https:\/\/fr.twiza.org\/portail\/wp-json\/wp\/v2\/users\/3"}],"replies":[{"embeddable":true,"href":"https:\/\/fr.twiza.org\/portail\/wp-json\/wp\/v2\/comments?post=2698"}],"version-history":[{"count":16,"href":"https:\/\/fr.twiza.org\/portail\/wp-json\/wp\/v2\/pages\/2698\/revisions"}],"predecessor-version":[{"id":5318,"href":"https:\/\/fr.twiza.org\/portail\/wp-json\/wp\/v2\/pages\/2698\/revisions\/5318"}],"wp:attachment":[{"href":"https:\/\/fr.twiza.org\/portail\/wp-json\/wp\/v2\/media?parent=2698"}],"curies":[{"name":"wp","href":"https:\/\/api.w.org\/{rel}","templated":true}]}}