{"id":2738,"date":"2021-10-05T14:45:26","date_gmt":"2021-10-05T12:45:26","guid":{"rendered":"https:\/\/fr.twiza.org\/portail\/?page_id=2738"},"modified":"2022-05-20T17:38:49","modified_gmt":"2022-05-20T15:38:49","slug":"parement-exterieur","status":"publish","type":"page","link":"https:\/\/fr.twiza.org\/portail\/parement-exterieur\/","title":{"rendered":"Parement ext\u00e9rieur"},"content":{"rendered":"\n<figure class=\"wp-block-image size-large\"><img fetchpriority=\"high\" decoding=\"async\" width=\"1790\" height=\"1006\" src=\"https:\/\/fr.twiza.org\/portail\/wp-content\/uploads\/2021\/10\/DEF-Paremts-ext-1-O-edited.jpeg\" alt=\"Parement ext\u00e9rieur\" class=\"wp-image-2877\" srcset=\"https:\/\/fr.twiza.org\/portail\/wp-content\/uploads\/2021\/10\/DEF-Paremts-ext-1-O-edited.jpeg 1790w, https:\/\/fr.twiza.org\/portail\/wp-content\/uploads\/2021\/10\/DEF-Paremts-ext-1-O-edited-600x337.jpeg 600w, https:\/\/fr.twiza.org\/portail\/wp-content\/uploads\/2021\/10\/DEF-Paremts-ext-1-O-edited-300x169.jpeg 300w, https:\/\/fr.twiza.org\/portail\/wp-content\/uploads\/2021\/10\/DEF-Paremts-ext-1-O-edited-1024x575.jpeg 1024w, https:\/\/fr.twiza.org\/portail\/wp-content\/uploads\/2021\/10\/DEF-Paremts-ext-1-O-edited-768x432.jpeg 768w, https:\/\/fr.twiza.org\/portail\/wp-content\/uploads\/2021\/10\/DEF-Paremts-ext-1-O-edited-1536x863.jpeg 1536w\" sizes=\"(max-width: 1790px) 100vw, 1790px\" \/><\/figure>\n\n\n\n<h2 class=\"wp-block-heading\">Parement ext\u00e9rieur : d\u00e9finition<\/h2>\n\n\n\n<p>Le r\u00f4le de ton <strong>parement ext\u00e9rieur<\/strong> est de prot\u00e9ger les parois externes de ta fa\u00e7ade contre les al\u00e9as climatiques et les chocs (vent, pluie etc.).<\/p>\n\n\n\n<p>En g\u00e9n\u00e9ral il vient recouvrir tes <a href=\"https:\/\/fr.twiza.org\/portail\/murs-porteurs\/\" target=\"_blank\" rel=\"noreferrer noopener\">murs porteurs<\/a> et doit respecter quelques crit\u00e8res importants : \u00eatre <strong>perspirant<\/strong>, <strong>\u00e9tanche \u00e0 l&rsquo;eau<\/strong> et <strong>\u00e0 l&rsquo;air<\/strong>.<\/p>\n\n\n\n<p><\/p>\n\n\n\n<h2 class=\"wp-block-heading\">Parement ext\u00e9rieur : alternatives \u00e9cologiques <\/h2>\n\n\n\n<h3 class=\"wp-block-heading\">Les bardages<\/h3>\n\n\n\n<p>Bien \u00e9videmment on te recommande le <strong>bardage <\/strong>en <strong>bois<\/strong> plut\u00f4t qu&rsquo;en PVC ou en composite. Pour minimiser ton impact environnemental, choisis du bois d&rsquo;une for\u00eat locale g\u00e9r\u00e9e durablement. Certains bois ne n\u00e9cessitent aucun traitement, notamment le <strong>m\u00e9l\u00e8ze<\/strong>, le <strong>ch\u00e2taignier<\/strong>, le <strong>red cedar<\/strong> ou le <strong>douglas<\/strong>.<\/p>\n\n\n\n<p>Avec le temps, la <strong>couleur<\/strong> du bois varie du gris au noir (selon l&rsquo;essence choisie) au gr\u00e9 des intemp\u00e9ries et des expositions au soleil.<\/p>\n\n\n\n<p>Pour optimiser sa dur\u00e9e de vie, veille \u00e0 bien <strong>ventiler <\/strong>la<strong> lame d&rsquo;air<\/strong> situ\u00e9e entre ton pare-pluie et ton bardage.<\/p>\n\n\n\n<h3 class=\"wp-block-heading\">Les enduits naturels<\/h3>\n\n\n\n<p>L&rsquo;<strong>enduit \u00e0 la chaux<\/strong> est le plus couramment utilis\u00e9, appliqu\u00e9 manuellement ou projet\u00e9 m\u00e9caniquement. Son importante <strong>perm\u00e9abilit\u00e9<\/strong> \u00e0 la vapeur d&rsquo;eau lui permet d&rsquo;\u00eatre appliqu\u00e9 aussi bien sur des b\u00e2timents neufs que des plus anciens. Il peut \u00eatre color\u00e9 avec des <strong>pigments naturels<\/strong>.<\/p>\n\n\n\n<p>Enfin, il existe des formations courtes (quelques jours) pour les particuliers souhaitant acqu\u00e9rir le savoir-faire n\u00e9cessaire pour le faire soi-m\u00eame.<\/p>\n\n\n\n<h3 class=\"wp-block-heading\">La brique ou la pierre<\/h3>\n\n\n\n<p>Il va sans dire que des <strong>parements <\/strong>en<strong> brique<\/strong> ou en<strong> pierre<\/strong> apportent du cachet \u00e0 ta fa\u00e7ade. Par contre le co\u00fbt du mat\u00e9riau est bien plus \u00e9lev\u00e9. A moins que tu aies des pierres \u00e0 disposition ou une fabrique de briques non loin de chez toi.<\/p>\n\n\n\n<p>Enfin, m\u00e9fie-toi des plaquettes de parements \u00ab\u00a0pr\u00eates \u00e0 poser\u00a0\u00bb, qui ne sont pas \u00e9cologiques car majoritairement compos\u00e9es de b\u00e9ton ou ciment et non perspirantes.<\/p>\n\n\n\n<h2 class=\"wp-block-heading\" id=\"h-references-documentaires\">R\u00e9f\u00e9rences documentaires<\/h2>\n\n\n\n<ul class=\"wp-block-list\"><li>DTU 41.2<\/li><\/ul>\n\n\n\n<div style=\"height:50px\" aria-hidden=\"true\" class=\"wp-block-spacer\"><\/div>\n","protected":false},"excerpt":{"rendered":"<p>Parement ext\u00e9rieur : d\u00e9finition Le r\u00f4le de ton parement ext\u00e9rieur est de prot\u00e9ger les parois externes de ta fa\u00e7ade contre les al\u00e9as climatiques et les chocs (vent, pluie etc.). En g\u00e9n\u00e9ral il vient recouvrir tes murs porteurs et doit respecter quelques crit\u00e8res importants : \u00eatre perspirant, \u00e9tanche \u00e0 l&rsquo;eau et [&hellip;]<\/p>\n","protected":false},"author":3,"featured_media":0,"parent":0,"menu_order":0,"comment_status":"closed","ping_status":"closed","template":"","meta":{"_eb_attr":"","_themeisle_gutenberg_block_has_review":false,"footnotes":""},"class_list":["post-2738","page","type-page","status-publish","hentry"],"yoast_head":"<!-- This site is optimized with the Yoast SEO Premium plugin v27.2 (Yoast SEO v27.4) - https:\/\/yoast.com\/product\/yoast-seo-premium-wordpress\/ -->\n<title>Parement ext\u00e9rieur<\/title>\n<meta name=\"description\" content=\"Quel parement ext\u00e9rieur choisir pour ma maison ? Existe t-il des alternatives \u00e9cologiques : bardages en bois, enduits naturels...?\" \/>\n<meta name=\"robots\" content=\"index, follow, max-snippet:-1, max-image-preview:large, max-video-preview:-1\" \/>\n<link rel=\"canonical\" href=\"https:\/\/fr.twiza.org\/portail\/parement-exterieur\/\" \/>\n<meta property=\"og:locale\" content=\"fr_FR\" \/>\n<meta property=\"og:type\" content=\"article\" \/>\n<meta property=\"og:title\" content=\"Parement ext\u00e9rieur\" \/>\n<meta property=\"og:description\" content=\"Quel parement ext\u00e9rieur choisir pour ma maison ? Existe t-il des alternatives \u00e9cologiques : bardages en bois, enduits naturels...?\" \/>\n<meta property=\"og:url\" content=\"https:\/\/fr.twiza.org\/portail\/parement-exterieur\/\" \/>\n<meta property=\"og:site_name\" content=\"R\u00e9seau Twiza\" \/>\n<meta property=\"article:publisher\" content=\"https:\/\/fr-fr.facebook.com\/Twiza.fr\/\" \/>\n<meta property=\"article:modified_time\" content=\"2022-05-20T15:38:49+00:00\" \/>\n<meta property=\"og:image\" content=\"https:\/\/fr.twiza.org\/portail\/wp-content\/uploads\/2021\/10\/DEF-Paremts-ext-1-O-edited.jpeg\" \/>\n<meta name=\"twitter:card\" content=\"summary_large_image\" \/>\n<script type=\"application\/ld+json\" class=\"yoast-schema-graph\">{\"@context\":\"https:\\\/\\\/schema.org\",\"@graph\":[{\"@type\":\"WebPage\",\"@id\":\"https:\\\/\\\/fr.twiza.org\\\/portail\\\/parement-exterieur\\\/\",\"url\":\"https:\\\/\\\/fr.twiza.org\\\/portail\\\/parement-exterieur\\\/\",\"name\":\"Parement ext\u00e9rieur\",\"isPartOf\":{\"@id\":\"https:\\\/\\\/fr.twiza.org\\\/portail\\\/#website\"},\"primaryImageOfPage\":{\"@id\":\"https:\\\/\\\/fr.twiza.org\\\/portail\\\/parement-exterieur\\\/#primaryimage\"},\"image\":{\"@id\":\"https:\\\/\\\/fr.twiza.org\\\/portail\\\/parement-exterieur\\\/#primaryimage\"},\"thumbnailUrl\":\"https:\\\/\\\/fr.twiza.org\\\/portail\\\/wp-content\\\/uploads\\\/2021\\\/10\\\/DEF-Paremts-ext-1-O-edited.jpeg\",\"datePublished\":\"2021-10-05T12:45:26+00:00\",\"dateModified\":\"2022-05-20T15:38:49+00:00\",\"description\":\"Quel parement ext\u00e9rieur choisir pour ma maison ? Existe t-il des alternatives \u00e9cologiques : bardages en bois, enduits naturels...?\",\"breadcrumb\":{\"@id\":\"https:\\\/\\\/fr.twiza.org\\\/portail\\\/parement-exterieur\\\/#breadcrumb\"},\"inLanguage\":\"fr-FR\",\"potentialAction\":[{\"@type\":\"ReadAction\",\"target\":[\"https:\\\/\\\/fr.twiza.org\\\/portail\\\/parement-exterieur\\\/\"]}]},{\"@type\":\"ImageObject\",\"inLanguage\":\"fr-FR\",\"@id\":\"https:\\\/\\\/fr.twiza.org\\\/portail\\\/parement-exterieur\\\/#primaryimage\",\"url\":\"https:\\\/\\\/fr.twiza.org\\\/portail\\\/wp-content\\\/uploads\\\/2021\\\/10\\\/DEF-Paremts-ext-1-O-edited.jpeg\",\"contentUrl\":\"https:\\\/\\\/fr.twiza.org\\\/portail\\\/wp-content\\\/uploads\\\/2021\\\/10\\\/DEF-Paremts-ext-1-O-edited.jpeg\",\"width\":1790,\"height\":1006},{\"@type\":\"BreadcrumbList\",\"@id\":\"https:\\\/\\\/fr.twiza.org\\\/portail\\\/parement-exterieur\\\/#breadcrumb\",\"itemListElement\":[{\"@type\":\"ListItem\",\"position\":1,\"name\":\"Accueil\",\"item\":\"https:\\\/\\\/fr.twiza.org\\\/portail\\\/\"},{\"@type\":\"ListItem\",\"position\":2,\"name\":\"Parement ext\u00e9rieur\"}]},{\"@type\":\"WebSite\",\"@id\":\"https:\\\/\\\/fr.twiza.org\\\/portail\\\/#website\",\"url\":\"https:\\\/\\\/fr.twiza.org\\\/portail\\\/\",\"name\":\"R\u00e9seau Twiza\",\"description\":\"Entraide pour un habitat \u00e9cologique, convivial et r\u00e9silient\",\"publisher\":{\"@id\":\"https:\\\/\\\/fr.twiza.org\\\/portail\\\/#organization\"},\"potentialAction\":[{\"@type\":\"SearchAction\",\"target\":{\"@type\":\"EntryPoint\",\"urlTemplate\":\"https:\\\/\\\/fr.twiza.org\\\/portail\\\/?s={search_term_string}\"},\"query-input\":{\"@type\":\"PropertyValueSpecification\",\"valueRequired\":true,\"valueName\":\"search_term_string\"}}],\"inLanguage\":\"fr-FR\"},{\"@type\":\"Organization\",\"@id\":\"https:\\\/\\\/fr.twiza.org\\\/portail\\\/#organization\",\"name\":\"R\u00e9seau Twiza\",\"url\":\"https:\\\/\\\/fr.twiza.org\\\/portail\\\/\",\"logo\":{\"@type\":\"ImageObject\",\"inLanguage\":\"fr-FR\",\"@id\":\"https:\\\/\\\/fr.twiza.org\\\/portail\\\/#\\\/schema\\\/logo\\\/image\\\/\",\"url\":\"https:\\\/\\\/fr.twiza.org\\\/portail\\\/wp-content\\\/uploads\\\/2021\\\/05\\\/cropped-logo-reseau-twiza.jpg\",\"contentUrl\":\"https:\\\/\\\/fr.twiza.org\\\/portail\\\/wp-content\\\/uploads\\\/2021\\\/05\\\/cropped-logo-reseau-twiza.jpg\",\"width\":400,\"height\":102,\"caption\":\"R\u00e9seau Twiza\"},\"image\":{\"@id\":\"https:\\\/\\\/fr.twiza.org\\\/portail\\\/#\\\/schema\\\/logo\\\/image\\\/\"},\"sameAs\":[\"https:\\\/\\\/fr-fr.facebook.com\\\/Twiza.fr\\\/\",\"https:\\\/\\\/www.instagram.com\\\/twiza_fr\\\/\",\"https:\\\/\\\/www.linkedin.com\\\/company\\\/reseautwiza\\\/\"]}]}<\/script>\n<!-- \/ Yoast SEO Premium plugin. -->","yoast_head_json":{"title":"Parement ext\u00e9rieur","description":"Quel parement ext\u00e9rieur choisir pour ma maison ? Existe t-il des alternatives \u00e9cologiques : bardages en bois, enduits naturels...?","robots":{"index":"index","follow":"follow","max-snippet":"max-snippet:-1","max-image-preview":"max-image-preview:large","max-video-preview":"max-video-preview:-1"},"canonical":"https:\/\/fr.twiza.org\/portail\/parement-exterieur\/","og_locale":"fr_FR","og_type":"article","og_title":"Parement ext\u00e9rieur","og_description":"Quel parement ext\u00e9rieur choisir pour ma maison ? Existe t-il des alternatives \u00e9cologiques : bardages en bois, enduits naturels...?","og_url":"https:\/\/fr.twiza.org\/portail\/parement-exterieur\/","og_site_name":"R\u00e9seau Twiza","article_publisher":"https:\/\/fr-fr.facebook.com\/Twiza.fr\/","article_modified_time":"2022-05-20T15:38:49+00:00","og_image":[{"url":"https:\/\/fr.twiza.org\/portail\/wp-content\/uploads\/2021\/10\/DEF-Paremts-ext-1-O-edited.jpeg","type":"","width":"","height":""}],"twitter_card":"summary_large_image","schema":{"@context":"https:\/\/schema.org","@graph":[{"@type":"WebPage","@id":"https:\/\/fr.twiza.org\/portail\/parement-exterieur\/","url":"https:\/\/fr.twiza.org\/portail\/parement-exterieur\/","name":"Parement ext\u00e9rieur","isPartOf":{"@id":"https:\/\/fr.twiza.org\/portail\/#website"},"primaryImageOfPage":{"@id":"https:\/\/fr.twiza.org\/portail\/parement-exterieur\/#primaryimage"},"image":{"@id":"https:\/\/fr.twiza.org\/portail\/parement-exterieur\/#primaryimage"},"thumbnailUrl":"https:\/\/fr.twiza.org\/portail\/wp-content\/uploads\/2021\/10\/DEF-Paremts-ext-1-O-edited.jpeg","datePublished":"2021-10-05T12:45:26+00:00","dateModified":"2022-05-20T15:38:49+00:00","description":"Quel parement ext\u00e9rieur choisir pour ma maison ? Existe t-il des alternatives \u00e9cologiques : bardages en bois, enduits naturels...?","breadcrumb":{"@id":"https:\/\/fr.twiza.org\/portail\/parement-exterieur\/#breadcrumb"},"inLanguage":"fr-FR","potentialAction":[{"@type":"ReadAction","target":["https:\/\/fr.twiza.org\/portail\/parement-exterieur\/"]}]},{"@type":"ImageObject","inLanguage":"fr-FR","@id":"https:\/\/fr.twiza.org\/portail\/parement-exterieur\/#primaryimage","url":"https:\/\/fr.twiza.org\/portail\/wp-content\/uploads\/2021\/10\/DEF-Paremts-ext-1-O-edited.jpeg","contentUrl":"https:\/\/fr.twiza.org\/portail\/wp-content\/uploads\/2021\/10\/DEF-Paremts-ext-1-O-edited.jpeg","width":1790,"height":1006},{"@type":"BreadcrumbList","@id":"https:\/\/fr.twiza.org\/portail\/parement-exterieur\/#breadcrumb","itemListElement":[{"@type":"ListItem","position":1,"name":"Accueil","item":"https:\/\/fr.twiza.org\/portail\/"},{"@type":"ListItem","position":2,"name":"Parement ext\u00e9rieur"}]},{"@type":"WebSite","@id":"https:\/\/fr.twiza.org\/portail\/#website","url":"https:\/\/fr.twiza.org\/portail\/","name":"R\u00e9seau Twiza","description":"Entraide pour un habitat \u00e9cologique, convivial et r\u00e9silient","publisher":{"@id":"https:\/\/fr.twiza.org\/portail\/#organization"},"potentialAction":[{"@type":"SearchAction","target":{"@type":"EntryPoint","urlTemplate":"https:\/\/fr.twiza.org\/portail\/?s={search_term_string}"},"query-input":{"@type":"PropertyValueSpecification","valueRequired":true,"valueName":"search_term_string"}}],"inLanguage":"fr-FR"},{"@type":"Organization","@id":"https:\/\/fr.twiza.org\/portail\/#organization","name":"R\u00e9seau Twiza","url":"https:\/\/fr.twiza.org\/portail\/","logo":{"@type":"ImageObject","inLanguage":"fr-FR","@id":"https:\/\/fr.twiza.org\/portail\/#\/schema\/logo\/image\/","url":"https:\/\/fr.twiza.org\/portail\/wp-content\/uploads\/2021\/05\/cropped-logo-reseau-twiza.jpg","contentUrl":"https:\/\/fr.twiza.org\/portail\/wp-content\/uploads\/2021\/05\/cropped-logo-reseau-twiza.jpg","width":400,"height":102,"caption":"R\u00e9seau Twiza"},"image":{"@id":"https:\/\/fr.twiza.org\/portail\/#\/schema\/logo\/image\/"},"sameAs":["https:\/\/fr-fr.facebook.com\/Twiza.fr\/","https:\/\/www.instagram.com\/twiza_fr\/","https:\/\/www.linkedin.com\/company\/reseautwiza\/"]}]}},"jetpack_sharing_enabled":true,"_links":{"self":[{"href":"https:\/\/fr.twiza.org\/portail\/wp-json\/wp\/v2\/pages\/2738","targetHints":{"allow":["GET"]}}],"collection":[{"href":"https:\/\/fr.twiza.org\/portail\/wp-json\/wp\/v2\/pages"}],"about":[{"href":"https:\/\/fr.twiza.org\/portail\/wp-json\/wp\/v2\/types\/page"}],"author":[{"embeddable":true,"href":"https:\/\/fr.twiza.org\/portail\/wp-json\/wp\/v2\/users\/3"}],"replies":[{"embeddable":true,"href":"https:\/\/fr.twiza.org\/portail\/wp-json\/wp\/v2\/comments?post=2738"}],"version-history":[{"count":15,"href":"https:\/\/fr.twiza.org\/portail\/wp-json\/wp\/v2\/pages\/2738\/revisions"}],"predecessor-version":[{"id":5317,"href":"https:\/\/fr.twiza.org\/portail\/wp-json\/wp\/v2\/pages\/2738\/revisions\/5317"}],"wp:attachment":[{"href":"https:\/\/fr.twiza.org\/portail\/wp-json\/wp\/v2\/media?parent=2738"}],"curies":[{"name":"wp","href":"https:\/\/api.w.org\/{rel}","templated":true}]}}