{"id":2786,"date":"2021-10-05T15:18:47","date_gmt":"2021-10-05T13:18:47","guid":{"rendered":"https:\/\/fr.twiza.org\/portail\/?page_id=2786"},"modified":"2022-05-19T16:32:52","modified_gmt":"2022-05-19T14:32:52","slug":"demolition","status":"publish","type":"page","link":"https:\/\/fr.twiza.org\/portail\/demolition\/","title":{"rendered":"D\u00e9molition"},"content":{"rendered":"\n<figure class=\"wp-block-image size-large\"><img fetchpriority=\"high\" decoding=\"async\" width=\"1767\" height=\"993\" src=\"https:\/\/fr.twiza.org\/portail\/wp-content\/uploads\/2021\/09\/DEF-De\u0301molition-1-O-edited.jpeg\" alt=\"\" class=\"wp-image-2789\" srcset=\"https:\/\/fr.twiza.org\/portail\/wp-content\/uploads\/2021\/09\/DEF-De\u0301molition-1-O-edited.jpeg 1767w, https:\/\/fr.twiza.org\/portail\/wp-content\/uploads\/2021\/09\/DEF-De\u0301molition-1-O-edited-600x337.jpeg 600w, https:\/\/fr.twiza.org\/portail\/wp-content\/uploads\/2021\/09\/DEF-De\u0301molition-1-O-edited-300x169.jpeg 300w, https:\/\/fr.twiza.org\/portail\/wp-content\/uploads\/2021\/09\/DEF-De\u0301molition-1-O-edited-1024x575.jpeg 1024w, https:\/\/fr.twiza.org\/portail\/wp-content\/uploads\/2021\/09\/DEF-De\u0301molition-1-O-edited-768x432.jpeg 768w, https:\/\/fr.twiza.org\/portail\/wp-content\/uploads\/2021\/09\/DEF-De\u0301molition-1-O-edited-1536x863.jpeg 1536w\" sizes=\"(max-width: 1767px) 100vw, 1767px\" \/><\/figure>\n\n\n\n<h2 class=\"wp-block-heading\">D\u00e9molition : d\u00e9finition<\/h2>\n\n\n\n<p>Il t&rsquo;est peut-\u00eatre n\u00e9cessaire de d\u00e9truire une partie ou l&rsquo;ensemble de ton b\u00e2timent, on parle alors de <strong>d\u00e9molition<\/strong>. C&rsquo;est souvent le cas pour certaines r\u00e9novations trop lourdes ou pour des raisons de s\u00e9curit\u00e9. Cet acte n&rsquo;est pas \u00e0 prendre \u00e0 la l\u00e9g\u00e8re, surtout lorsque cela concerne le <a href=\"https:\/\/fr.twiza.org\/portail\/gros-oeuvre\/\" target=\"_blank\" rel=\"noreferrer noopener\">gros \u0153uvre<\/a>.<\/p>\n\n\n\n<h2 class=\"wp-block-heading\">D\u00e9molition : quelles sont les \u00e9tapes \u00e0 suivre ?<\/h2>\n\n\n\n<h3 class=\"wp-block-heading\" id=\"h-permis-de-demolir\">Permis de d\u00e9molir<\/h3>\n\n\n\n<p>Pour commencer v\u00e9rifie si tu as le droit de d\u00e9molir une partie ou tout ton b\u00e2timent. En effet, dans certains cas il est obligatoire de demander un <strong>permis de d\u00e9molir<\/strong> si le b\u00e2timent est :<\/p>\n\n\n\n<ul class=\"wp-block-list\"><li>un <strong>monument historique <\/strong>ou dans le <strong>champs de visibilit\u00e9<\/strong> d&rsquo;un b\u00e2timent historique<\/li><li>identifi\u00e9 comme un <strong>\u00e9l\u00e9ment \u00e0 prot\u00e9ger<\/strong> par le conseil municipal<\/li><li>situ\u00e9 dans un <strong>secteur sauvegard\u00e9<\/strong> ou dans un <strong>site class\u00e9<\/strong><\/li><li>situ\u00e9 dans une commune o\u00f9 le <strong>permis de d\u00e9molir <\/strong>a \u00e9t\u00e9 vot\u00e9 par le <strong>conseil municipal<\/strong><\/li><\/ul>\n\n\n\n<p>A savoir que ton <strong>permis de construire<\/strong> peut porter \u00e0 la fois sur la <strong>d\u00e9molition<\/strong> et la <strong>construction<\/strong>.<\/p>\n\n\n\n<h3 class=\"wp-block-heading\">Travaux de d\u00e9molition<\/h3>\n\n\n\n<p>L&rsquo;ampleur des <strong>travaux<\/strong> de <strong>d\u00e9molition<\/strong> peut \u00eatre tr\u00e8s diff\u00e9rente selon la structure, la taille et l&rsquo;accessibilit\u00e9 du b\u00e2timent \u00e0 d\u00e9truire.<\/p>\n\n\n\n<p><strong>Etape 1 &#8211; Extraction des mati\u00e8res nocives<\/strong> : si certaines parties de ton b\u00e2timent comprennent des composants dangereux, telles que l&rsquo;amiante ou du plomb, il est indispensable de les faire extraire par des professionnels. C&rsquo;est donc la 1\u00e8re \u00e9tape de tes travaux de d\u00e9molition.<\/p>\n\n\n\n<p><strong>Etape 2 &#8211; Retirer \u00e9l\u00e9ments non constructifs<\/strong>, tels que le mobilier, les \u00e9quipements divers, le carrelage etc.<\/p>\n\n\n\n<p><strong>Etape 3 &#8211; Ca y est, tu peux d\u00e9molir !<\/strong><\/p>\n\n\n\n<p><strong>Etape 4 &#8211; La gestion des d\u00e9chets de ton chantier<\/strong> : \u00e9tape tr\u00e8s importante si tu souhaites t&rsquo;inscrire dans une d\u00e9marche \u00e9cologique (et \u00e9conomique) en favorisant (pour toi m\u00eame et\/ou pour d&rsquo;autres) :<\/p>\n\n\n\n<ul class=\"wp-block-list\"><li>la <strong>r\u00e9utilisation<\/strong> ou le <strong>r\u00e9emploi<\/strong> de certains parties (charpente, poutres, couverture etc.)<\/li><li>le <strong>recyclage<\/strong> de certains mat\u00e9riaux (m\u00e9taux, PVC etc.) <\/li><\/ul>\n\n\n\n<h2 class=\"wp-block-heading\">Les bonnes question \u00e0 se poser<\/h2>\n\n\n\n<ul class=\"wp-block-list\"><li>La <strong>d\u00e9molition<\/strong> est-elle vraiment indispensable \u00e0 ton projet ou est-il envisageable pour toi de faire avec l&rsquo;existant ?<\/li><\/ul>\n\n\n\n<p><\/p>\n\n\n\n<ul class=\"wp-block-list\"><li>Quels seront tes <strong>d\u00e9chets<\/strong> de d\u00e9molition? Ne pourrais-tu pas les r\u00e9utiliser ? Te sera t-il possible d&rsquo;en revendre certains, s&rsquo;ils sont en bon \u00e9tat ou d&rsquo;en donner ? Quels seront tes d\u00e9chets concern\u00e9s par le recyclage ?<\/li><\/ul>\n\n\n\n<h2 class=\"wp-block-heading\">Les points de vigilance<\/h2>\n\n\n\n<ul class=\"wp-block-list\"><li>Si tu fais appel \u00e0 des <strong>professionnels<\/strong> pour d\u00e9molir tout ou partie de ton b\u00e2timent, demande plusieurs <strong>devis<\/strong> en amont, car les prix peuvent \u00eatre tr\u00e8s variables d&rsquo;une entreprise \u00e0 l&rsquo;autre.<\/li><\/ul>\n\n\n\n<p><\/p>\n\n\n\n<ul class=\"wp-block-list\"><li>Si tu choisis de d\u00e9molir <strong>par toi-m\u00eame<\/strong> sans l&rsquo;aide de professionnels, alors pense bien aux <a href=\"https:\/\/fr.twiza.org\/portail\/equipements-de-protection-individuelle\/\" target=\"_blank\" rel=\"noreferrer noopener\">\u00e9quipements de protection individuel <\/a>(EPI).<\/li><\/ul>\n\n\n\n<div style=\"height:50px\" aria-hidden=\"true\" class=\"wp-block-spacer\"><\/div>\n\n\n\n<p><\/p>\n","protected":false},"excerpt":{"rendered":"<p>D\u00e9molition : d\u00e9finition Il t&rsquo;est peut-\u00eatre n\u00e9cessaire de d\u00e9truire une partie ou l&rsquo;ensemble de ton b\u00e2timent, on parle alors de d\u00e9molition. C&rsquo;est souvent le cas pour certaines r\u00e9novations trop lourdes ou pour des raisons de s\u00e9curit\u00e9. Cet acte n&rsquo;est pas \u00e0 prendre \u00e0 la l\u00e9g\u00e8re, surtout lorsque cela concerne le [&hellip;]<\/p>\n","protected":false},"author":3,"featured_media":0,"parent":0,"menu_order":0,"comment_status":"closed","ping_status":"closed","template":"","meta":{"_eb_attr":"","_themeisle_gutenberg_block_has_review":false,"footnotes":""},"class_list":["post-2786","page","type-page","status-publish","hentry"],"yoast_head":"<!-- This site is optimized with the Yoast SEO Premium plugin v27.2 (Yoast SEO v27.4) - https:\/\/yoast.com\/product\/yoast-seo-premium-wordpress\/ -->\n<title>D\u00e9molition<\/title>\n<meta name=\"description\" content=\"Comment bien g\u00e9rer l&#039;\u00e9tape &quot;d\u00e9molition&quot; de mon chantier ? Permis de d\u00e9molir, mati\u00e8res nocives, gestion des d\u00e9chets...\" \/>\n<meta name=\"robots\" content=\"index, follow, max-snippet:-1, max-image-preview:large, max-video-preview:-1\" \/>\n<link rel=\"canonical\" href=\"https:\/\/fr.twiza.org\/portail\/demolition\/\" \/>\n<meta property=\"og:locale\" content=\"fr_FR\" \/>\n<meta property=\"og:type\" content=\"article\" \/>\n<meta property=\"og:title\" content=\"D\u00e9molition\" \/>\n<meta property=\"og:description\" content=\"Comment bien g\u00e9rer l&#039;\u00e9tape &quot;d\u00e9molition&quot; de mon chantier ? Permis de d\u00e9molir, mati\u00e8res nocives, gestion des d\u00e9chets...\" \/>\n<meta property=\"og:url\" content=\"https:\/\/fr.twiza.org\/portail\/demolition\/\" \/>\n<meta property=\"og:site_name\" content=\"R\u00e9seau Twiza\" \/>\n<meta property=\"article:publisher\" content=\"https:\/\/fr-fr.facebook.com\/Twiza.fr\/\" \/>\n<meta property=\"article:modified_time\" content=\"2022-05-19T14:32:52+00:00\" \/>\n<meta name=\"twitter:card\" content=\"summary_large_image\" \/>\n<script type=\"application\/ld+json\" class=\"yoast-schema-graph\">{\"@context\":\"https:\\\/\\\/schema.org\",\"@graph\":[{\"@type\":\"WebPage\",\"@id\":\"https:\\\/\\\/fr.twiza.org\\\/portail\\\/demolition\\\/\",\"url\":\"https:\\\/\\\/fr.twiza.org\\\/portail\\\/demolition\\\/\",\"name\":\"D\u00e9molition\",\"isPartOf\":{\"@id\":\"https:\\\/\\\/fr.twiza.org\\\/portail\\\/#website\"},\"datePublished\":\"2021-10-05T13:18:47+00:00\",\"dateModified\":\"2022-05-19T14:32:52+00:00\",\"description\":\"Comment bien g\u00e9rer l'\u00e9tape \\\"d\u00e9molition\\\" de mon chantier ? Permis de d\u00e9molir, mati\u00e8res nocives, gestion des d\u00e9chets...\",\"breadcrumb\":{\"@id\":\"https:\\\/\\\/fr.twiza.org\\\/portail\\\/demolition\\\/#breadcrumb\"},\"inLanguage\":\"fr-FR\",\"potentialAction\":[{\"@type\":\"ReadAction\",\"target\":[\"https:\\\/\\\/fr.twiza.org\\\/portail\\\/demolition\\\/\"]}]},{\"@type\":\"BreadcrumbList\",\"@id\":\"https:\\\/\\\/fr.twiza.org\\\/portail\\\/demolition\\\/#breadcrumb\",\"itemListElement\":[{\"@type\":\"ListItem\",\"position\":1,\"name\":\"Accueil\",\"item\":\"https:\\\/\\\/fr.twiza.org\\\/portail\\\/\"},{\"@type\":\"ListItem\",\"position\":2,\"name\":\"D\u00e9molition\"}]},{\"@type\":\"WebSite\",\"@id\":\"https:\\\/\\\/fr.twiza.org\\\/portail\\\/#website\",\"url\":\"https:\\\/\\\/fr.twiza.org\\\/portail\\\/\",\"name\":\"R\u00e9seau Twiza\",\"description\":\"Entraide pour un habitat \u00e9cologique, convivial et r\u00e9silient\",\"publisher\":{\"@id\":\"https:\\\/\\\/fr.twiza.org\\\/portail\\\/#organization\"},\"potentialAction\":[{\"@type\":\"SearchAction\",\"target\":{\"@type\":\"EntryPoint\",\"urlTemplate\":\"https:\\\/\\\/fr.twiza.org\\\/portail\\\/?s={search_term_string}\"},\"query-input\":{\"@type\":\"PropertyValueSpecification\",\"valueRequired\":true,\"valueName\":\"search_term_string\"}}],\"inLanguage\":\"fr-FR\"},{\"@type\":\"Organization\",\"@id\":\"https:\\\/\\\/fr.twiza.org\\\/portail\\\/#organization\",\"name\":\"R\u00e9seau Twiza\",\"url\":\"https:\\\/\\\/fr.twiza.org\\\/portail\\\/\",\"logo\":{\"@type\":\"ImageObject\",\"inLanguage\":\"fr-FR\",\"@id\":\"https:\\\/\\\/fr.twiza.org\\\/portail\\\/#\\\/schema\\\/logo\\\/image\\\/\",\"url\":\"https:\\\/\\\/fr.twiza.org\\\/portail\\\/wp-content\\\/uploads\\\/2021\\\/05\\\/cropped-logo-reseau-twiza.jpg\",\"contentUrl\":\"https:\\\/\\\/fr.twiza.org\\\/portail\\\/wp-content\\\/uploads\\\/2021\\\/05\\\/cropped-logo-reseau-twiza.jpg\",\"width\":400,\"height\":102,\"caption\":\"R\u00e9seau Twiza\"},\"image\":{\"@id\":\"https:\\\/\\\/fr.twiza.org\\\/portail\\\/#\\\/schema\\\/logo\\\/image\\\/\"},\"sameAs\":[\"https:\\\/\\\/fr-fr.facebook.com\\\/Twiza.fr\\\/\",\"https:\\\/\\\/www.instagram.com\\\/twiza_fr\\\/\",\"https:\\\/\\\/www.linkedin.com\\\/company\\\/reseautwiza\\\/\"]}]}<\/script>\n<!-- \/ Yoast SEO Premium plugin. -->","yoast_head_json":{"title":"D\u00e9molition","description":"Comment bien g\u00e9rer l'\u00e9tape \"d\u00e9molition\" de mon chantier ? Permis de d\u00e9molir, mati\u00e8res nocives, gestion des d\u00e9chets...","robots":{"index":"index","follow":"follow","max-snippet":"max-snippet:-1","max-image-preview":"max-image-preview:large","max-video-preview":"max-video-preview:-1"},"canonical":"https:\/\/fr.twiza.org\/portail\/demolition\/","og_locale":"fr_FR","og_type":"article","og_title":"D\u00e9molition","og_description":"Comment bien g\u00e9rer l'\u00e9tape \"d\u00e9molition\" de mon chantier ? Permis de d\u00e9molir, mati\u00e8res nocives, gestion des d\u00e9chets...","og_url":"https:\/\/fr.twiza.org\/portail\/demolition\/","og_site_name":"R\u00e9seau Twiza","article_publisher":"https:\/\/fr-fr.facebook.com\/Twiza.fr\/","article_modified_time":"2022-05-19T14:32:52+00:00","twitter_card":"summary_large_image","schema":{"@context":"https:\/\/schema.org","@graph":[{"@type":"WebPage","@id":"https:\/\/fr.twiza.org\/portail\/demolition\/","url":"https:\/\/fr.twiza.org\/portail\/demolition\/","name":"D\u00e9molition","isPartOf":{"@id":"https:\/\/fr.twiza.org\/portail\/#website"},"datePublished":"2021-10-05T13:18:47+00:00","dateModified":"2022-05-19T14:32:52+00:00","description":"Comment bien g\u00e9rer l'\u00e9tape \"d\u00e9molition\" de mon chantier ? Permis de d\u00e9molir, mati\u00e8res nocives, gestion des d\u00e9chets...","breadcrumb":{"@id":"https:\/\/fr.twiza.org\/portail\/demolition\/#breadcrumb"},"inLanguage":"fr-FR","potentialAction":[{"@type":"ReadAction","target":["https:\/\/fr.twiza.org\/portail\/demolition\/"]}]},{"@type":"BreadcrumbList","@id":"https:\/\/fr.twiza.org\/portail\/demolition\/#breadcrumb","itemListElement":[{"@type":"ListItem","position":1,"name":"Accueil","item":"https:\/\/fr.twiza.org\/portail\/"},{"@type":"ListItem","position":2,"name":"D\u00e9molition"}]},{"@type":"WebSite","@id":"https:\/\/fr.twiza.org\/portail\/#website","url":"https:\/\/fr.twiza.org\/portail\/","name":"R\u00e9seau Twiza","description":"Entraide pour un habitat \u00e9cologique, convivial et r\u00e9silient","publisher":{"@id":"https:\/\/fr.twiza.org\/portail\/#organization"},"potentialAction":[{"@type":"SearchAction","target":{"@type":"EntryPoint","urlTemplate":"https:\/\/fr.twiza.org\/portail\/?s={search_term_string}"},"query-input":{"@type":"PropertyValueSpecification","valueRequired":true,"valueName":"search_term_string"}}],"inLanguage":"fr-FR"},{"@type":"Organization","@id":"https:\/\/fr.twiza.org\/portail\/#organization","name":"R\u00e9seau Twiza","url":"https:\/\/fr.twiza.org\/portail\/","logo":{"@type":"ImageObject","inLanguage":"fr-FR","@id":"https:\/\/fr.twiza.org\/portail\/#\/schema\/logo\/image\/","url":"https:\/\/fr.twiza.org\/portail\/wp-content\/uploads\/2021\/05\/cropped-logo-reseau-twiza.jpg","contentUrl":"https:\/\/fr.twiza.org\/portail\/wp-content\/uploads\/2021\/05\/cropped-logo-reseau-twiza.jpg","width":400,"height":102,"caption":"R\u00e9seau Twiza"},"image":{"@id":"https:\/\/fr.twiza.org\/portail\/#\/schema\/logo\/image\/"},"sameAs":["https:\/\/fr-fr.facebook.com\/Twiza.fr\/","https:\/\/www.instagram.com\/twiza_fr\/","https:\/\/www.linkedin.com\/company\/reseautwiza\/"]}]}},"jetpack_sharing_enabled":true,"_links":{"self":[{"href":"https:\/\/fr.twiza.org\/portail\/wp-json\/wp\/v2\/pages\/2786","targetHints":{"allow":["GET"]}}],"collection":[{"href":"https:\/\/fr.twiza.org\/portail\/wp-json\/wp\/v2\/pages"}],"about":[{"href":"https:\/\/fr.twiza.org\/portail\/wp-json\/wp\/v2\/types\/page"}],"author":[{"embeddable":true,"href":"https:\/\/fr.twiza.org\/portail\/wp-json\/wp\/v2\/users\/3"}],"replies":[{"embeddable":true,"href":"https:\/\/fr.twiza.org\/portail\/wp-json\/wp\/v2\/comments?post=2786"}],"version-history":[{"count":7,"href":"https:\/\/fr.twiza.org\/portail\/wp-json\/wp\/v2\/pages\/2786\/revisions"}],"predecessor-version":[{"id":5189,"href":"https:\/\/fr.twiza.org\/portail\/wp-json\/wp\/v2\/pages\/2786\/revisions\/5189"}],"wp:attachment":[{"href":"https:\/\/fr.twiza.org\/portail\/wp-json\/wp\/v2\/media?parent=2786"}],"curies":[{"name":"wp","href":"https:\/\/api.w.org\/{rel}","templated":true}]}}