{"id":2791,"date":"2021-10-05T16:33:49","date_gmt":"2021-10-05T14:33:49","guid":{"rendered":"https:\/\/fr.twiza.org\/portail\/?page_id=2791"},"modified":"2022-05-18T11:57:48","modified_gmt":"2022-05-18T09:57:48","slug":"second-oeuvre","status":"publish","type":"page","link":"https:\/\/fr.twiza.org\/portail\/second-oeuvre\/","title":{"rendered":"Second \u0153uvre"},"content":{"rendered":"\n<figure class=\"wp-block-image size-full\"><img fetchpriority=\"high\" decoding=\"async\" width=\"1000\" height=\"563\" src=\"https:\/\/fr.twiza.org\/portail\/wp-content\/uploads\/2021\/09\/DEF-Second-oeuvre-4-O-edited.jpeg\" alt=\"Les diff\u00e9rents types de lots second \u0153uvre d'un chantier\" class=\"wp-image-2795\" srcset=\"https:\/\/fr.twiza.org\/portail\/wp-content\/uploads\/2021\/09\/DEF-Second-oeuvre-4-O-edited.jpeg 1000w, https:\/\/fr.twiza.org\/portail\/wp-content\/uploads\/2021\/09\/DEF-Second-oeuvre-4-O-edited-600x338.jpeg 600w, https:\/\/fr.twiza.org\/portail\/wp-content\/uploads\/2021\/09\/DEF-Second-oeuvre-4-O-edited-300x169.jpeg 300w, https:\/\/fr.twiza.org\/portail\/wp-content\/uploads\/2021\/09\/DEF-Second-oeuvre-4-O-edited-768x432.jpeg 768w\" sizes=\"(max-width: 1000px) 100vw, 1000px\" \/><\/figure>\n\n\n\n<p>Le <strong>second \u0153uvre<\/strong> est par opposition au <a href=\"https:\/\/fr.twiza.org\/portail\/gros-oeuvre\/\" target=\"_blank\" rel=\"noreferrer noopener\">gros \u0153uvre<\/a> tout ce qui ne concourt pas \u00e0 la solidit\u00e9 et la stabilit\u00e9 de ton b\u00e2timent. Il reste toutefois essentiel car il permet de le rendre habitable en l&rsquo;<strong>\u00e9quipant<\/strong> et l&rsquo;<strong>am\u00e9nageant<\/strong>.<\/p>\n\n\n\n<p>Pour information, nous choisissons de s\u00e9parer la partie \u00ab\u00a0<strong>finitions<\/strong>\u00a0\u00bb de la partie \u00ab\u00a0<strong>second \u0153uvre<\/strong>\u00a0\u00bb comme il est souvent d&rsquo;usage.<\/p>\n\n\n\n<p>Voici la liste de lots techniques compris dans le <strong>second \u0153uvre<\/strong> :<\/p>\n\n\n\n<ul class=\"wp-block-list\"><li><a href=\"https:\/\/fr.twiza.org\/portail\/isolation\/\" target=\"_blank\" rel=\"noreferrer noopener\">Isolation<\/a><\/li><li><a href=\"https:\/\/fr.twiza.org\/portail\/menuiseries-exterieures\/\" target=\"_blank\" rel=\"noreferrer noopener\">Menuiseries ext\u00e9rieures<\/a><\/li><li><a href=\"https:\/\/fr.twiza.org\/portail\/chauffage\/\" target=\"_blank\" rel=\"noreferrer noopener\">Chauffage<\/a><\/li><li><a href=\"https:\/\/fr.twiza.org\/portail\/eau-chaude-sanitaire-ecs\/\" target=\"_blank\" rel=\"noreferrer noopener\">Eau Chaude Sanitaire<\/a><\/li><li><a href=\"https:\/\/fr.twiza.org\/portail\/ventilation\/\" target=\"_blank\" rel=\"noreferrer noopener\">Ventilation<\/a><\/li><li><a href=\"https:\/\/fr.twiza.org\/portail\/electricite\/\" target=\"_blank\" rel=\"noreferrer noopener\">Electricit\u00e9<\/a><\/li><li><a href=\"https:\/\/fr.twiza.org\/portail\/cloisonnement-interieur\/\" target=\"_blank\" rel=\"noreferrer noopener\">Cloisonnement int\u00e9rieur<\/a><\/li><li><a href=\"https:\/\/fr.twiza.org\/portail\/menuiseries-interieures\/\" target=\"_blank\" rel=\"noreferrer noopener\">Menuiseries int\u00e9rieures<\/a><\/li><li><a href=\"https:\/\/fr.twiza.org\/portail\/economies-deau\/\" target=\"_blank\" rel=\"noreferrer noopener\">Economies d&rsquo;eau<\/a><\/li><li><a href=\"https:\/\/fr.twiza.org\/portail\/toilettes\/\" target=\"_blank\" rel=\"noreferrer noopener\">Toilettes<\/a><\/li><\/ul>\n\n\n\n<div style=\"height:10px\" aria-hidden=\"true\" class=\"wp-block-spacer\"><\/div>\n\n\n\n<div style=\"height:50px\" aria-hidden=\"true\" class=\"wp-block-spacer\"><\/div>\n","protected":false},"excerpt":{"rendered":"<p>Le second \u0153uvre est par opposition au gros \u0153uvre tout ce qui ne concourt pas \u00e0 la solidit\u00e9 et la stabilit\u00e9 de ton b\u00e2timent. Il reste toutefois essentiel car il permet de le rendre habitable en l&rsquo;\u00e9quipant et l&rsquo;am\u00e9nageant. Pour information, nous choisissons de s\u00e9parer la partie \u00ab\u00a0finitions\u00a0\u00bb de la [&hellip;]<\/p>\n","protected":false},"author":3,"featured_media":0,"parent":0,"menu_order":0,"comment_status":"closed","ping_status":"closed","template":"","meta":{"_eb_attr":"","_themeisle_gutenberg_block_has_review":false,"footnotes":""},"class_list":["post-2791","page","type-page","status-publish","hentry"],"yoast_head":"<!-- This site is optimized with the Yoast SEO Premium plugin v27.2 (Yoast SEO v27.3) - https:\/\/yoast.com\/product\/yoast-seo-premium-wordpress\/ -->\n<title>Second \u0153uvre<\/title>\n<meta name=\"description\" content=\"A quoi correspond la partie second \u0153uvre de mon chantier ? L&#039;isolation, les menuiseries ext\u00e9rieures, le chauffage...\" \/>\n<meta name=\"robots\" content=\"index, follow, max-snippet:-1, max-image-preview:large, max-video-preview:-1\" \/>\n<link rel=\"canonical\" href=\"https:\/\/fr.twiza.org\/portail\/second-oeuvre\/\" \/>\n<meta property=\"og:locale\" content=\"fr_FR\" \/>\n<meta property=\"og:type\" content=\"article\" \/>\n<meta property=\"og:title\" content=\"Second \u0153uvre\" \/>\n<meta property=\"og:description\" content=\"A quoi correspond la partie second \u0153uvre de mon chantier ? L&#039;isolation, les menuiseries ext\u00e9rieures, le chauffage...\" \/>\n<meta property=\"og:url\" content=\"https:\/\/fr.twiza.org\/portail\/second-oeuvre\/\" \/>\n<meta property=\"og:site_name\" content=\"R\u00e9seau Twiza\" \/>\n<meta property=\"article:publisher\" content=\"https:\/\/fr-fr.facebook.com\/Twiza.fr\/\" \/>\n<meta property=\"article:modified_time\" content=\"2022-05-18T09:57:48+00:00\" \/>\n<meta property=\"og:image\" content=\"https:\/\/fr.twiza.org\/portail\/wp-content\/uploads\/2021\/09\/DEF-Second-oeuvre-4-O-edited.jpeg\" \/>\n<meta name=\"twitter:card\" content=\"summary_large_image\" \/>\n<script type=\"application\/ld+json\" class=\"yoast-schema-graph\">{\"@context\":\"https:\\\/\\\/schema.org\",\"@graph\":[{\"@type\":\"WebPage\",\"@id\":\"https:\\\/\\\/fr.twiza.org\\\/portail\\\/second-oeuvre\\\/\",\"url\":\"https:\\\/\\\/fr.twiza.org\\\/portail\\\/second-oeuvre\\\/\",\"name\":\"Second \u0153uvre\",\"isPartOf\":{\"@id\":\"https:\\\/\\\/fr.twiza.org\\\/portail\\\/#website\"},\"primaryImageOfPage\":{\"@id\":\"https:\\\/\\\/fr.twiza.org\\\/portail\\\/second-oeuvre\\\/#primaryimage\"},\"image\":{\"@id\":\"https:\\\/\\\/fr.twiza.org\\\/portail\\\/second-oeuvre\\\/#primaryimage\"},\"thumbnailUrl\":\"https:\\\/\\\/fr.twiza.org\\\/portail\\\/wp-content\\\/uploads\\\/2021\\\/09\\\/DEF-Second-oeuvre-4-O-edited.jpeg\",\"datePublished\":\"2021-10-05T14:33:49+00:00\",\"dateModified\":\"2022-05-18T09:57:48+00:00\",\"description\":\"A quoi correspond la partie second \u0153uvre de mon chantier ? L'isolation, les menuiseries ext\u00e9rieures, le chauffage...\",\"breadcrumb\":{\"@id\":\"https:\\\/\\\/fr.twiza.org\\\/portail\\\/second-oeuvre\\\/#breadcrumb\"},\"inLanguage\":\"fr-FR\",\"potentialAction\":[{\"@type\":\"ReadAction\",\"target\":[\"https:\\\/\\\/fr.twiza.org\\\/portail\\\/second-oeuvre\\\/\"]}]},{\"@type\":\"ImageObject\",\"inLanguage\":\"fr-FR\",\"@id\":\"https:\\\/\\\/fr.twiza.org\\\/portail\\\/second-oeuvre\\\/#primaryimage\",\"url\":\"https:\\\/\\\/fr.twiza.org\\\/portail\\\/wp-content\\\/uploads\\\/2021\\\/09\\\/DEF-Second-oeuvre-4-O-edited.jpeg\",\"contentUrl\":\"https:\\\/\\\/fr.twiza.org\\\/portail\\\/wp-content\\\/uploads\\\/2021\\\/09\\\/DEF-Second-oeuvre-4-O-edited.jpeg\",\"width\":1000,\"height\":563},{\"@type\":\"BreadcrumbList\",\"@id\":\"https:\\\/\\\/fr.twiza.org\\\/portail\\\/second-oeuvre\\\/#breadcrumb\",\"itemListElement\":[{\"@type\":\"ListItem\",\"position\":1,\"name\":\"Accueil\",\"item\":\"https:\\\/\\\/fr.twiza.org\\\/portail\\\/\"},{\"@type\":\"ListItem\",\"position\":2,\"name\":\"Second \u0153uvre\"}]},{\"@type\":\"WebSite\",\"@id\":\"https:\\\/\\\/fr.twiza.org\\\/portail\\\/#website\",\"url\":\"https:\\\/\\\/fr.twiza.org\\\/portail\\\/\",\"name\":\"R\u00e9seau Twiza\",\"description\":\"Entraide pour un habitat \u00e9cologique, convivial et r\u00e9silient\",\"publisher\":{\"@id\":\"https:\\\/\\\/fr.twiza.org\\\/portail\\\/#organization\"},\"potentialAction\":[{\"@type\":\"SearchAction\",\"target\":{\"@type\":\"EntryPoint\",\"urlTemplate\":\"https:\\\/\\\/fr.twiza.org\\\/portail\\\/?s={search_term_string}\"},\"query-input\":{\"@type\":\"PropertyValueSpecification\",\"valueRequired\":true,\"valueName\":\"search_term_string\"}}],\"inLanguage\":\"fr-FR\"},{\"@type\":\"Organization\",\"@id\":\"https:\\\/\\\/fr.twiza.org\\\/portail\\\/#organization\",\"name\":\"R\u00e9seau Twiza\",\"url\":\"https:\\\/\\\/fr.twiza.org\\\/portail\\\/\",\"logo\":{\"@type\":\"ImageObject\",\"inLanguage\":\"fr-FR\",\"@id\":\"https:\\\/\\\/fr.twiza.org\\\/portail\\\/#\\\/schema\\\/logo\\\/image\\\/\",\"url\":\"https:\\\/\\\/fr.twiza.org\\\/portail\\\/wp-content\\\/uploads\\\/2021\\\/05\\\/cropped-logo-reseau-twiza.jpg\",\"contentUrl\":\"https:\\\/\\\/fr.twiza.org\\\/portail\\\/wp-content\\\/uploads\\\/2021\\\/05\\\/cropped-logo-reseau-twiza.jpg\",\"width\":400,\"height\":102,\"caption\":\"R\u00e9seau Twiza\"},\"image\":{\"@id\":\"https:\\\/\\\/fr.twiza.org\\\/portail\\\/#\\\/schema\\\/logo\\\/image\\\/\"},\"sameAs\":[\"https:\\\/\\\/fr-fr.facebook.com\\\/Twiza.fr\\\/\",\"https:\\\/\\\/www.instagram.com\\\/twiza_fr\\\/\",\"https:\\\/\\\/www.linkedin.com\\\/company\\\/reseautwiza\\\/\"]}]}<\/script>\n<!-- \/ Yoast SEO Premium plugin. -->","yoast_head_json":{"title":"Second \u0153uvre","description":"A quoi correspond la partie second \u0153uvre de mon chantier ? L'isolation, les menuiseries ext\u00e9rieures, le chauffage...","robots":{"index":"index","follow":"follow","max-snippet":"max-snippet:-1","max-image-preview":"max-image-preview:large","max-video-preview":"max-video-preview:-1"},"canonical":"https:\/\/fr.twiza.org\/portail\/second-oeuvre\/","og_locale":"fr_FR","og_type":"article","og_title":"Second \u0153uvre","og_description":"A quoi correspond la partie second \u0153uvre de mon chantier ? L'isolation, les menuiseries ext\u00e9rieures, le chauffage...","og_url":"https:\/\/fr.twiza.org\/portail\/second-oeuvre\/","og_site_name":"R\u00e9seau Twiza","article_publisher":"https:\/\/fr-fr.facebook.com\/Twiza.fr\/","article_modified_time":"2022-05-18T09:57:48+00:00","og_image":[{"url":"https:\/\/fr.twiza.org\/portail\/wp-content\/uploads\/2021\/09\/DEF-Second-oeuvre-4-O-edited.jpeg","type":"","width":"","height":""}],"twitter_card":"summary_large_image","schema":{"@context":"https:\/\/schema.org","@graph":[{"@type":"WebPage","@id":"https:\/\/fr.twiza.org\/portail\/second-oeuvre\/","url":"https:\/\/fr.twiza.org\/portail\/second-oeuvre\/","name":"Second \u0153uvre","isPartOf":{"@id":"https:\/\/fr.twiza.org\/portail\/#website"},"primaryImageOfPage":{"@id":"https:\/\/fr.twiza.org\/portail\/second-oeuvre\/#primaryimage"},"image":{"@id":"https:\/\/fr.twiza.org\/portail\/second-oeuvre\/#primaryimage"},"thumbnailUrl":"https:\/\/fr.twiza.org\/portail\/wp-content\/uploads\/2021\/09\/DEF-Second-oeuvre-4-O-edited.jpeg","datePublished":"2021-10-05T14:33:49+00:00","dateModified":"2022-05-18T09:57:48+00:00","description":"A quoi correspond la partie second \u0153uvre de mon chantier ? L'isolation, les menuiseries ext\u00e9rieures, le chauffage...","breadcrumb":{"@id":"https:\/\/fr.twiza.org\/portail\/second-oeuvre\/#breadcrumb"},"inLanguage":"fr-FR","potentialAction":[{"@type":"ReadAction","target":["https:\/\/fr.twiza.org\/portail\/second-oeuvre\/"]}]},{"@type":"ImageObject","inLanguage":"fr-FR","@id":"https:\/\/fr.twiza.org\/portail\/second-oeuvre\/#primaryimage","url":"https:\/\/fr.twiza.org\/portail\/wp-content\/uploads\/2021\/09\/DEF-Second-oeuvre-4-O-edited.jpeg","contentUrl":"https:\/\/fr.twiza.org\/portail\/wp-content\/uploads\/2021\/09\/DEF-Second-oeuvre-4-O-edited.jpeg","width":1000,"height":563},{"@type":"BreadcrumbList","@id":"https:\/\/fr.twiza.org\/portail\/second-oeuvre\/#breadcrumb","itemListElement":[{"@type":"ListItem","position":1,"name":"Accueil","item":"https:\/\/fr.twiza.org\/portail\/"},{"@type":"ListItem","position":2,"name":"Second \u0153uvre"}]},{"@type":"WebSite","@id":"https:\/\/fr.twiza.org\/portail\/#website","url":"https:\/\/fr.twiza.org\/portail\/","name":"R\u00e9seau Twiza","description":"Entraide pour un habitat \u00e9cologique, convivial et r\u00e9silient","publisher":{"@id":"https:\/\/fr.twiza.org\/portail\/#organization"},"potentialAction":[{"@type":"SearchAction","target":{"@type":"EntryPoint","urlTemplate":"https:\/\/fr.twiza.org\/portail\/?s={search_term_string}"},"query-input":{"@type":"PropertyValueSpecification","valueRequired":true,"valueName":"search_term_string"}}],"inLanguage":"fr-FR"},{"@type":"Organization","@id":"https:\/\/fr.twiza.org\/portail\/#organization","name":"R\u00e9seau Twiza","url":"https:\/\/fr.twiza.org\/portail\/","logo":{"@type":"ImageObject","inLanguage":"fr-FR","@id":"https:\/\/fr.twiza.org\/portail\/#\/schema\/logo\/image\/","url":"https:\/\/fr.twiza.org\/portail\/wp-content\/uploads\/2021\/05\/cropped-logo-reseau-twiza.jpg","contentUrl":"https:\/\/fr.twiza.org\/portail\/wp-content\/uploads\/2021\/05\/cropped-logo-reseau-twiza.jpg","width":400,"height":102,"caption":"R\u00e9seau Twiza"},"image":{"@id":"https:\/\/fr.twiza.org\/portail\/#\/schema\/logo\/image\/"},"sameAs":["https:\/\/fr-fr.facebook.com\/Twiza.fr\/","https:\/\/www.instagram.com\/twiza_fr\/","https:\/\/www.linkedin.com\/company\/reseautwiza\/"]}]}},"jetpack_sharing_enabled":true,"_links":{"self":[{"href":"https:\/\/fr.twiza.org\/portail\/wp-json\/wp\/v2\/pages\/2791","targetHints":{"allow":["GET"]}}],"collection":[{"href":"https:\/\/fr.twiza.org\/portail\/wp-json\/wp\/v2\/pages"}],"about":[{"href":"https:\/\/fr.twiza.org\/portail\/wp-json\/wp\/v2\/types\/page"}],"author":[{"embeddable":true,"href":"https:\/\/fr.twiza.org\/portail\/wp-json\/wp\/v2\/users\/3"}],"replies":[{"embeddable":true,"href":"https:\/\/fr.twiza.org\/portail\/wp-json\/wp\/v2\/comments?post=2791"}],"version-history":[{"count":12,"href":"https:\/\/fr.twiza.org\/portail\/wp-json\/wp\/v2\/pages\/2791\/revisions"}],"predecessor-version":[{"id":5018,"href":"https:\/\/fr.twiza.org\/portail\/wp-json\/wp\/v2\/pages\/2791\/revisions\/5018"}],"wp:attachment":[{"href":"https:\/\/fr.twiza.org\/portail\/wp-json\/wp\/v2\/media?parent=2791"}],"curies":[{"name":"wp","href":"https:\/\/api.w.org\/{rel}","templated":true}]}}