{"id":2804,"date":"2021-10-05T16:36:56","date_gmt":"2021-10-05T14:36:56","guid":{"rendered":"https:\/\/fr.twiza.org\/portail\/?page_id=2804"},"modified":"2022-05-20T17:35:50","modified_gmt":"2022-05-20T15:35:50","slug":"chauffage","status":"publish","type":"page","link":"https:\/\/fr.twiza.org\/portail\/chauffage\/","title":{"rendered":"Chauffage"},"content":{"rendered":"\n<figure class=\"wp-block-image size-large\"><img fetchpriority=\"high\" decoding=\"async\" width=\"1200\" height=\"675\" src=\"https:\/\/fr.twiza.org\/portail\/wp-content\/uploads\/2021\/09\/DEF-Chauffage-Terrakit-Poe\u0302le-XP5-Canape\u0301s-turquoise-O-1200px-edited.jpg\" alt=\"Chauffage Po\u00eale de masse\" class=\"wp-image-2806\" srcset=\"https:\/\/fr.twiza.org\/portail\/wp-content\/uploads\/2021\/09\/DEF-Chauffage-Terrakit-Poe\u0302le-XP5-Canape\u0301s-turquoise-O-1200px-edited.jpg 1200w, https:\/\/fr.twiza.org\/portail\/wp-content\/uploads\/2021\/09\/DEF-Chauffage-Terrakit-Poe\u0302le-XP5-Canape\u0301s-turquoise-O-1200px-edited-600x338.jpg 600w, https:\/\/fr.twiza.org\/portail\/wp-content\/uploads\/2021\/09\/DEF-Chauffage-Terrakit-Poe\u0302le-XP5-Canape\u0301s-turquoise-O-1200px-edited-300x169.jpg 300w, https:\/\/fr.twiza.org\/portail\/wp-content\/uploads\/2021\/09\/DEF-Chauffage-Terrakit-Poe\u0302le-XP5-Canape\u0301s-turquoise-O-1200px-edited-1024x576.jpg 1024w, https:\/\/fr.twiza.org\/portail\/wp-content\/uploads\/2021\/09\/DEF-Chauffage-Terrakit-Poe\u0302le-XP5-Canape\u0301s-turquoise-O-1200px-edited-768x432.jpg 768w\" sizes=\"(max-width: 1200px) 100vw, 1200px\" \/><figcaption>Po\u00eale de masse XP5 TERRAKIT accessible via les <a href=\"https:\/\/achats.twiza.org\/produits\/po%C3%AAle-de-masse\" target=\"_blank\" rel=\"noreferrer noopener\">Groupements d&rsquo;achats TWIZA<\/a><\/figcaption><\/figure>\n\n\n\n<h2 class=\"wp-block-heading\" id=\"h-chauffage-definition\">Chauffage : d\u00e9finition<\/h2>\n\n\n\n<p>Le r\u00f4le de ton chauffage, alli\u00e9 \u00e0 l&rsquo;<a href=\"https:\/\/fr.twiza.org\/portail\/isolation\/\" target=\"_blank\" rel=\"noreferrer noopener\">isolation<\/a>, est d&rsquo;assurer le <strong>confort thermique<\/strong> des occupants de ta maison. Il participe \u00e9galement \u00e0 la production d&rsquo;<a href=\"https:\/\/fr.twiza.org\/portail\/eau-chaude-sanitaire-ecs\/\" target=\"_blank\" rel=\"noreferrer noopener\">eau chaude sanitaire<\/a>.<\/p>\n\n\n\n<p>Selon l&rsquo;<a href=\"https:\/\/librairie.ademe.fr\/cadic\/1973\/guide-pratique-reduire-facture-electricite.pdf?modal=false\" target=\"_blank\" rel=\"noreferrer noopener\">ADEME<\/a> environ un tiers des m\u00e9nages sont \u00e9quip\u00e9s de chauffage \u00e9lectrique, repr\u00e9sentant jusqu&rsquo;\u00e0 40% de leur consommation \u00e9lectrique totale en hiver. C&rsquo;est donc un \u00e9l\u00e9ment essentiel \u00e0 prendre en compte dans ton projet aussi bien du point de vue du <strong>confort thermique<\/strong>, <strong>\u00e9cologique<\/strong> et <strong>financier<\/strong>.<\/p>\n\n\n\n<p>Un syst\u00e8me de <strong>chauffage<\/strong> se compose g\u00e9n\u00e9ralement d&rsquo;un <strong>g\u00e9n\u00e9rateur<\/strong> (chaudi\u00e8re, po\u00eale, pompe \u00e0 chaleur etc.) alimentant un ou plusieurs <strong>\u00e9metteurs <\/strong>de chaleur (radiateur, plancher chauffant etc.).<\/p>\n\n\n\n<h3 class=\"wp-block-heading\">Le g\u00e9n\u00e9rateur<\/h3>\n\n\n\n<p>Il peut se pr\u00e9senter sous diff\u00e9rentes formes (<strong>po\u00eale<\/strong>, <strong>chaudi\u00e8re<\/strong> etc.) et utiliser diff\u00e9rents types d&rsquo;\u00e9nergie : le bois, la g\u00e9othermie, le gaz etc. <\/p>\n\n\n\n<h3 class=\"wp-block-heading\">L&rsquo;\u00e9metteur de chaleur<\/h3>\n\n\n\n<p>Il en existe diff\u00e9rents types : <strong>convecteur<\/strong>, <strong>radiateur<\/strong> basse temp\u00e9rature, <strong>plancher<\/strong>, mur chauffant etc.<\/p>\n\n\n\n<p>Il est important de comprendre que les <strong>\u00e9metteurs<\/strong> de chaleur utilisent des m\u00e9thodes diff\u00e9rentes pour <strong>transmettre la chaleur<\/strong> \u00e0 l&rsquo;espace environnant. Voici une explication succincte de 2 principes de transmission de chaleur diff\u00e9rents : le <strong>rayonnement<\/strong> et la <strong>convection<\/strong>.<\/p>\n\n\n\n<h4 class=\"wp-block-heading\">Transmission de chaleur par rayonnement <\/h4>\n\n\n\n<p>L&rsquo;\u00e9metteur diffuse la chaleur \u00e0 l&rsquo;ensemble des corps solides environnants (murs, meubles, plafond etc.) gr\u00e2ce \u00e0 des ondes infrarouges. Il fonctionne alors un peu comme le fait le soleil lorsqu&rsquo;il \u00e9claire \u00e0 <strong>m\u00eame<\/strong> <strong>intensit\u00e9<\/strong> tout ce qu&rsquo;il \u00ab\u00a0voit\u00a0\u00bb autour de lui.<\/p>\n\n\n\n<p>Cette m\u00e9thode de transmission de chaleur par <strong>rayonnement<\/strong> a de multiples avantages en termes de <strong>confort<\/strong> <strong>thermique<\/strong> :<\/p>\n\n\n\n<ul class=\"wp-block-list\"><li><strong>Air ambiant plus sain<\/strong> car pas de brassage d&rsquo;air, ni de poussi\u00e8re<\/li><li><strong>Temp\u00e9rature homog\u00e8ne<\/strong> dans la maison gr\u00e2ce \u00e0 une faible diff\u00e9rence de temp\u00e9rature entre l&rsquo;air et les parois, pas de sensation de parois froides<\/li><\/ul>\n\n\n\n<p>Exemple : le <a href=\"https:\/\/achats.twiza.org\/produits\/po%C3%AAle-de-masse\" target=\"_blank\" rel=\"noreferrer noopener\">po\u00eale de masse<\/a> <\/p>\n\n\n\n<p><\/p>\n\n\n\n<h4 class=\"wp-block-heading\">Transmission de chaleur par convection<\/h4>\n\n\n\n<p><\/p>\n\n\n\n<p>L&rsquo;\u00e9metteur chauffe directement l&rsquo;air, provoquant des <strong>flux de chaleur <\/strong>dans l&rsquo;espace environnant. La sensation de confort thermique est donc moindre compar\u00e9e aux chauffages qui utilisent le principe de transmission de la chaleur par <strong>rayonnement<\/strong>. En effet, la temp\u00e9rature est moins homog\u00e8ne dans l&rsquo;espace, l&rsquo;air ambiant est plus sec et brasse plus de poussi\u00e8re.<\/p>\n\n\n\n<p>Exemple : chauffage convecteurs \u00e9lectriques<\/p>\n\n\n\n<h2 class=\"wp-block-heading\">Chauffage : les alternatives \u00e9cologiques<\/h2>\n\n\n\n<h3 class=\"wp-block-heading\">Chauffage solaire<\/h3>\n\n\n\n<p>Le chauffage solaire se pr\u00e9sente sous diff\u00e9rentes formes :<\/p>\n\n\n\n<ul class=\"wp-block-list\"><li>le <strong>solaire passif <\/strong>: les vitrages des maisons bioclimatiques<\/li><li>le <strong>solaire thermique<\/strong> : syst\u00e8me de fluide qui circule dans des panneaux, exemple : le chauffe-eau solaire<\/li><li>le <strong>solaire a\u00e9rothermique<\/strong> : syst\u00e8me reposant sur le principe de convection de l&rsquo;air<\/li><\/ul>\n\n\n\n<p>Le chauffage solaire se couple facilement avec la production d&rsquo;<a href=\"https:\/\/fr.twiza.org\/portail\/eau-chaude-sanitaire-ecs\/\" target=\"_blank\" rel=\"noreferrer noopener\">eau chaude sanitaire<\/a> (exemple : chauffe-eau solaire). Cependant il n\u00e9cessite souvent une autre source d&rsquo;\u00e9nergie en appoint (chaudi\u00e8re etc.) pour assurer la totalit\u00e9 des besoins (en hiver notamment).<\/p>\n\n\n\n<h3 class=\"wp-block-heading\">Chauffage au bois<\/h3>\n\n\n\n<p>Il existe diff\u00e9rentes types de syst\u00e8me de chauffage au bois : <strong>po\u00eale de masse<\/strong>, <strong>po\u00eale \u00e0 bois<\/strong> ou <strong>\u00e0 granul\u00e9<\/strong>, foyer ferm\u00e9&#8230; <\/p>\n\n\n\n<p>Ces derniers utilisent le bois sous diverses formes : <strong>b\u00fbches<\/strong>, <strong>granul\u00e9s<\/strong>, <strong>plaquettes<\/strong> etc.<\/p>\n\n\n\n<p>Il y en donc pour tous les budgets et toutes les puissances. <\/p>\n\n\n\n<p>Le <strong>po\u00eale de masse<\/strong> est un syst\u00e8me particuli\u00e8rement adapt\u00e9 aux espaces ouverts. En effet il doit \u00eatre plac\u00e9 de mani\u00e8re centrale dans une pi\u00e8ce, de mani\u00e8re \u00e0 optimiser son rayonnement.<\/p>\n\n\n\n<p>Il repr\u00e9sente l&rsquo;un des syst\u00e8mes de chauffage qui a le plus d&rsquo;avantage en termes d&rsquo;<strong>\u00e9cologie<\/strong>, de <strong>performance<\/strong> et de <strong>confort thermique<\/strong>. C&rsquo;est pourquoi on a choisi d&rsquo;int\u00e9grer les po\u00eales de masse \u00e0 nos <a href=\"https:\/\/achats.twiza.org\/produits\/po%C3%AAle-de-masse\" target=\"_blank\" rel=\"noreferrer noopener\">groupements d&rsquo;achats Twiza<\/a>. Pour aller plus loin dans les explications, tu peux \u00e9galement consulter notre <a href=\"https:\/\/fr.twiza.org\/portail\/pourquoi-et-comment-acheter-un-poele-de-masse\/\" target=\"_blank\" rel=\"noreferrer noopener\">Guide complet-Po\u00eale de masse<\/a>.<\/p>\n\n\n\n<div class=\"wp-block-buttons is-layout-flex wp-block-buttons-is-layout-flex\">\n<div class=\"wp-block-button\"><a class=\"wp-block-button__link\" href=\"https:\/\/achats.twiza.org\/produits\/po%C3%AAle-de-masse\" target=\"_blank\" rel=\"noreferrer noopener\">Groupement d&rsquo;achats Twiza &#8211; Po\u00eale de masse<\/a><\/div>\n<\/div>\n\n\n\n<p><\/p>\n\n\n\n<p>Enfin, attention avec les syst\u00e8mes de <strong>chauffage bois<\/strong> \u00ab\u00a0bas de gamme\u00a0\u00bb susceptibles de repr\u00e9senter une source de pollution&#8230; En effet s&rsquo;ils sont mal utilis\u00e9s et mal entretenus, le risque d&rsquo;\u00e9mission de particules fines augmente. <\/p>\n\n\n\n<p>On te conseille donc d&rsquo;opter pour un appareil de <strong>qualit\u00e9<\/strong>, de veiller \u00e0 ce qu&rsquo;il soit correctement pos\u00e9 et bien entretenu.<\/p>\n\n\n\n<h3 class=\"wp-block-heading\">La g\u00e9othermie<\/h3>\n\n\n\n<p>Ce syst\u00e8me de chauffage se pr\u00e9sente alors sous la forme d&rsquo;une <strong>pompe \u00e0 chaleur g\u00e9othermique<\/strong>. Celle-ci extrait des <strong>calories<\/strong> pr\u00e9sentes dans le sol \u00e0 l&rsquo;aide de capteurs (horizontaux et\/ou verticaux) enfouis \u00e0 une profondeur plus ou moins importante.<\/p>\n\n\n\n<p>Point de vigilance tout de m\u00eame, les <strong>pompes \u00e0 chaleur<\/strong> fonctionnent avec de l&rsquo;<strong>\u00e9lectricit\u00e9<\/strong>.<\/p>\n\n\n\n<p>La performance de ce type d&rsquo;\u00e9quipement est d\u00e9termin\u00e9e gr\u00e2ce au COP (<strong>Coefficient de performance<\/strong>). Plus celui-ci est \u00e9lev\u00e9 plus la pompe \u00e0 chaleur est performante. Le COP minimum conseill\u00e9 est de 3, en dessous duquel il est pr\u00e9f\u00e9rable d&rsquo;opter pour un autre syst\u00e8me de chauffage.<\/p>\n\n\n\n<h2 class=\"wp-block-heading\">Les bonnes questions \u00e0 se poser<\/h2>\n\n\n\n<ul class=\"wp-block-list\"><li>Quels <strong>crit\u00e8res de choix<\/strong> souhaites-tu prendre en compte en priorit\u00e9 pour ton syst\u00e8me de <strong>chauffage<\/strong> ? Le confort, l&rsquo;impact environnemental, la maintenance et l&rsquo;entretien, le budget (investissement, entretien, approvisionnement en combustible) etc.<\/li><\/ul>\n\n\n\n<p><\/p>\n\n\n\n<ul class=\"wp-block-list\"><li>Le syst\u00e8me de <strong>chauffage<\/strong> que tu pr\u00e9vois d&rsquo;acheter est-il adapt\u00e9 \u00e0 ton <strong>mode de vie<\/strong> (r\u00e9approvisionnement r\u00e9gulier de b\u00fbches pour un po\u00eale un bois par exemple) et \u00e0 ton type de<strong> logement<\/strong> (maison en pierre, en terre, en bois etc.) ?<\/li><\/ul>\n\n\n\n<h2 class=\"wp-block-heading\">Les points de vigilance<\/h2>\n\n\n\n<ul class=\"wp-block-list\"><li>Prends le temps de consulter les <strong>\u00e9tiquettes \u00e9nergie<\/strong> et privil\u00e9gie les <strong>labels<\/strong> (NF, flamme verte pour le bois). En effet en termes de chauffage, il existe toutes sortes de qualit\u00e9s \u00e0 toutes sortes de prix, donc la vigilance est de rigueur&#8230;<\/li><\/ul>\n\n\n\n<p><\/p>\n\n\n\n<ul class=\"wp-block-list\"><li>On te conseille de choisir un <strong>bon professionnel<\/strong> pour l&rsquo;installation de ton syst\u00e8me de <strong>chauffage<\/strong>. Le but \u00e9tant qu&rsquo;elle soit r\u00e9alis\u00e9e en bonne et due forme, avec des <strong>r\u00e9glages de qualit\u00e9<\/strong>. Pour b\u00e9n\u00e9ficier des aides de l&rsquo;Etat (cr\u00e9dit d&rsquo;imp\u00f4t, prime etc.) le professionnel que tu engages doit avoir la <a href=\"https:\/\/www.faire.gouv.fr\/trouvez-un-professionnel\" target=\"_blank\" rel=\"noreferrer noopener\">certification RGE<\/a>. Mais la certification de fait pas tout, donc prends bien le temps de choisir un professionnel comp\u00e9tent&#8230;<\/li><\/ul>\n\n\n\n<h2 class=\"wp-block-heading\">R\u00e9f\u00e9rences documentaires<\/h2>\n\n\n\n<ul class=\"wp-block-list\"><li>DTU 65<\/li><\/ul>\n\n\n\n<p><\/p>\n\n\n\n<div style=\"height:50px\" aria-hidden=\"true\" class=\"wp-block-spacer\"><\/div>\n","protected":false},"excerpt":{"rendered":"<p>Chauffage : d\u00e9finition Le r\u00f4le de ton chauffage, alli\u00e9 \u00e0 l&rsquo;isolation, est d&rsquo;assurer le confort thermique des occupants de ta maison. Il participe \u00e9galement \u00e0 la production d&rsquo;eau chaude sanitaire. Selon l&rsquo;ADEME environ un tiers des m\u00e9nages sont \u00e9quip\u00e9s de chauffage \u00e9lectrique, repr\u00e9sentant jusqu&rsquo;\u00e0 40% de leur consommation \u00e9lectrique totale [&hellip;]<\/p>\n","protected":false},"author":3,"featured_media":0,"parent":0,"menu_order":0,"comment_status":"closed","ping_status":"closed","template":"","meta":{"_eb_attr":"","_themeisle_gutenberg_block_has_review":false,"footnotes":""},"class_list":["post-2804","page","type-page","status-publish","hentry"],"yoast_head":"<!-- This site is optimized with the Yoast SEO Premium plugin v27.2 (Yoast SEO v27.3) - https:\/\/yoast.com\/product\/yoast-seo-premium-wordpress\/ -->\n<title>Chauffage<\/title>\n<meta name=\"description\" content=\"Quel syst\u00e8me de chauffage choisir pour ma maison ? Quelles sont les solutions les plus \u00e9cologiques : le solaire, le po\u00eale \u00e0 bois....\" \/>\n<meta name=\"robots\" content=\"index, follow, max-snippet:-1, max-image-preview:large, max-video-preview:-1\" \/>\n<link rel=\"canonical\" href=\"https:\/\/fr.twiza.org\/portail\/chauffage\/\" \/>\n<meta property=\"og:locale\" content=\"fr_FR\" \/>\n<meta property=\"og:type\" content=\"article\" \/>\n<meta property=\"og:title\" content=\"Chauffage\" \/>\n<meta property=\"og:description\" content=\"Quel syst\u00e8me de chauffage choisir pour ma maison ? Quelles sont les solutions les plus \u00e9cologiques : le solaire, le po\u00eale \u00e0 bois....\" \/>\n<meta property=\"og:url\" content=\"https:\/\/fr.twiza.org\/portail\/chauffage\/\" \/>\n<meta property=\"og:site_name\" content=\"R\u00e9seau Twiza\" \/>\n<meta property=\"article:publisher\" content=\"https:\/\/fr-fr.facebook.com\/Twiza.fr\/\" \/>\n<meta property=\"article:modified_time\" content=\"2022-05-20T15:35:50+00:00\" \/>\n<meta name=\"twitter:card\" content=\"summary_large_image\" \/>\n<script type=\"application\/ld+json\" class=\"yoast-schema-graph\">{\"@context\":\"https:\\\/\\\/schema.org\",\"@graph\":[{\"@type\":\"WebPage\",\"@id\":\"https:\\\/\\\/fr.twiza.org\\\/portail\\\/chauffage\\\/\",\"url\":\"https:\\\/\\\/fr.twiza.org\\\/portail\\\/chauffage\\\/\",\"name\":\"Chauffage\",\"isPartOf\":{\"@id\":\"https:\\\/\\\/fr.twiza.org\\\/portail\\\/#website\"},\"datePublished\":\"2021-10-05T14:36:56+00:00\",\"dateModified\":\"2022-05-20T15:35:50+00:00\",\"description\":\"Quel syst\u00e8me de chauffage choisir pour ma maison ? Quelles sont les solutions les plus \u00e9cologiques : le solaire, le po\u00eale \u00e0 bois....\",\"breadcrumb\":{\"@id\":\"https:\\\/\\\/fr.twiza.org\\\/portail\\\/chauffage\\\/#breadcrumb\"},\"inLanguage\":\"fr-FR\",\"potentialAction\":[{\"@type\":\"ReadAction\",\"target\":[\"https:\\\/\\\/fr.twiza.org\\\/portail\\\/chauffage\\\/\"]}]},{\"@type\":\"BreadcrumbList\",\"@id\":\"https:\\\/\\\/fr.twiza.org\\\/portail\\\/chauffage\\\/#breadcrumb\",\"itemListElement\":[{\"@type\":\"ListItem\",\"position\":1,\"name\":\"Accueil\",\"item\":\"https:\\\/\\\/fr.twiza.org\\\/portail\\\/\"},{\"@type\":\"ListItem\",\"position\":2,\"name\":\"Chauffage\"}]},{\"@type\":\"WebSite\",\"@id\":\"https:\\\/\\\/fr.twiza.org\\\/portail\\\/#website\",\"url\":\"https:\\\/\\\/fr.twiza.org\\\/portail\\\/\",\"name\":\"R\u00e9seau Twiza\",\"description\":\"Entraide pour un habitat \u00e9cologique, convivial et r\u00e9silient\",\"publisher\":{\"@id\":\"https:\\\/\\\/fr.twiza.org\\\/portail\\\/#organization\"},\"potentialAction\":[{\"@type\":\"SearchAction\",\"target\":{\"@type\":\"EntryPoint\",\"urlTemplate\":\"https:\\\/\\\/fr.twiza.org\\\/portail\\\/?s={search_term_string}\"},\"query-input\":{\"@type\":\"PropertyValueSpecification\",\"valueRequired\":true,\"valueName\":\"search_term_string\"}}],\"inLanguage\":\"fr-FR\"},{\"@type\":\"Organization\",\"@id\":\"https:\\\/\\\/fr.twiza.org\\\/portail\\\/#organization\",\"name\":\"R\u00e9seau Twiza\",\"url\":\"https:\\\/\\\/fr.twiza.org\\\/portail\\\/\",\"logo\":{\"@type\":\"ImageObject\",\"inLanguage\":\"fr-FR\",\"@id\":\"https:\\\/\\\/fr.twiza.org\\\/portail\\\/#\\\/schema\\\/logo\\\/image\\\/\",\"url\":\"https:\\\/\\\/fr.twiza.org\\\/portail\\\/wp-content\\\/uploads\\\/2021\\\/05\\\/cropped-logo-reseau-twiza.jpg\",\"contentUrl\":\"https:\\\/\\\/fr.twiza.org\\\/portail\\\/wp-content\\\/uploads\\\/2021\\\/05\\\/cropped-logo-reseau-twiza.jpg\",\"width\":400,\"height\":102,\"caption\":\"R\u00e9seau Twiza\"},\"image\":{\"@id\":\"https:\\\/\\\/fr.twiza.org\\\/portail\\\/#\\\/schema\\\/logo\\\/image\\\/\"},\"sameAs\":[\"https:\\\/\\\/fr-fr.facebook.com\\\/Twiza.fr\\\/\",\"https:\\\/\\\/www.instagram.com\\\/twiza_fr\\\/\",\"https:\\\/\\\/www.linkedin.com\\\/company\\\/reseautwiza\\\/\"]}]}<\/script>\n<!-- \/ Yoast SEO Premium plugin. -->","yoast_head_json":{"title":"Chauffage","description":"Quel syst\u00e8me de chauffage choisir pour ma maison ? Quelles sont les solutions les plus \u00e9cologiques : le solaire, le po\u00eale \u00e0 bois....","robots":{"index":"index","follow":"follow","max-snippet":"max-snippet:-1","max-image-preview":"max-image-preview:large","max-video-preview":"max-video-preview:-1"},"canonical":"https:\/\/fr.twiza.org\/portail\/chauffage\/","og_locale":"fr_FR","og_type":"article","og_title":"Chauffage","og_description":"Quel syst\u00e8me de chauffage choisir pour ma maison ? Quelles sont les solutions les plus \u00e9cologiques : le solaire, le po\u00eale \u00e0 bois....","og_url":"https:\/\/fr.twiza.org\/portail\/chauffage\/","og_site_name":"R\u00e9seau Twiza","article_publisher":"https:\/\/fr-fr.facebook.com\/Twiza.fr\/","article_modified_time":"2022-05-20T15:35:50+00:00","twitter_card":"summary_large_image","schema":{"@context":"https:\/\/schema.org","@graph":[{"@type":"WebPage","@id":"https:\/\/fr.twiza.org\/portail\/chauffage\/","url":"https:\/\/fr.twiza.org\/portail\/chauffage\/","name":"Chauffage","isPartOf":{"@id":"https:\/\/fr.twiza.org\/portail\/#website"},"datePublished":"2021-10-05T14:36:56+00:00","dateModified":"2022-05-20T15:35:50+00:00","description":"Quel syst\u00e8me de chauffage choisir pour ma maison ? Quelles sont les solutions les plus \u00e9cologiques : le solaire, le po\u00eale \u00e0 bois....","breadcrumb":{"@id":"https:\/\/fr.twiza.org\/portail\/chauffage\/#breadcrumb"},"inLanguage":"fr-FR","potentialAction":[{"@type":"ReadAction","target":["https:\/\/fr.twiza.org\/portail\/chauffage\/"]}]},{"@type":"BreadcrumbList","@id":"https:\/\/fr.twiza.org\/portail\/chauffage\/#breadcrumb","itemListElement":[{"@type":"ListItem","position":1,"name":"Accueil","item":"https:\/\/fr.twiza.org\/portail\/"},{"@type":"ListItem","position":2,"name":"Chauffage"}]},{"@type":"WebSite","@id":"https:\/\/fr.twiza.org\/portail\/#website","url":"https:\/\/fr.twiza.org\/portail\/","name":"R\u00e9seau Twiza","description":"Entraide pour un habitat \u00e9cologique, convivial et r\u00e9silient","publisher":{"@id":"https:\/\/fr.twiza.org\/portail\/#organization"},"potentialAction":[{"@type":"SearchAction","target":{"@type":"EntryPoint","urlTemplate":"https:\/\/fr.twiza.org\/portail\/?s={search_term_string}"},"query-input":{"@type":"PropertyValueSpecification","valueRequired":true,"valueName":"search_term_string"}}],"inLanguage":"fr-FR"},{"@type":"Organization","@id":"https:\/\/fr.twiza.org\/portail\/#organization","name":"R\u00e9seau Twiza","url":"https:\/\/fr.twiza.org\/portail\/","logo":{"@type":"ImageObject","inLanguage":"fr-FR","@id":"https:\/\/fr.twiza.org\/portail\/#\/schema\/logo\/image\/","url":"https:\/\/fr.twiza.org\/portail\/wp-content\/uploads\/2021\/05\/cropped-logo-reseau-twiza.jpg","contentUrl":"https:\/\/fr.twiza.org\/portail\/wp-content\/uploads\/2021\/05\/cropped-logo-reseau-twiza.jpg","width":400,"height":102,"caption":"R\u00e9seau Twiza"},"image":{"@id":"https:\/\/fr.twiza.org\/portail\/#\/schema\/logo\/image\/"},"sameAs":["https:\/\/fr-fr.facebook.com\/Twiza.fr\/","https:\/\/www.instagram.com\/twiza_fr\/","https:\/\/www.linkedin.com\/company\/reseautwiza\/"]}]}},"jetpack_sharing_enabled":true,"_links":{"self":[{"href":"https:\/\/fr.twiza.org\/portail\/wp-json\/wp\/v2\/pages\/2804","targetHints":{"allow":["GET"]}}],"collection":[{"href":"https:\/\/fr.twiza.org\/portail\/wp-json\/wp\/v2\/pages"}],"about":[{"href":"https:\/\/fr.twiza.org\/portail\/wp-json\/wp\/v2\/types\/page"}],"author":[{"embeddable":true,"href":"https:\/\/fr.twiza.org\/portail\/wp-json\/wp\/v2\/users\/3"}],"replies":[{"embeddable":true,"href":"https:\/\/fr.twiza.org\/portail\/wp-json\/wp\/v2\/comments?post=2804"}],"version-history":[{"count":29,"href":"https:\/\/fr.twiza.org\/portail\/wp-json\/wp\/v2\/pages\/2804\/revisions"}],"predecessor-version":[{"id":5313,"href":"https:\/\/fr.twiza.org\/portail\/wp-json\/wp\/v2\/pages\/2804\/revisions\/5313"}],"wp:attachment":[{"href":"https:\/\/fr.twiza.org\/portail\/wp-json\/wp\/v2\/media?parent=2804"}],"curies":[{"name":"wp","href":"https:\/\/api.w.org\/{rel}","templated":true}]}}