{"id":2821,"date":"2021-10-05T15:28:21","date_gmt":"2021-10-05T13:28:21","guid":{"rendered":"https:\/\/fr.twiza.org\/portail\/?page_id=2821"},"modified":"2022-05-20T17:35:05","modified_gmt":"2022-05-20T15:35:05","slug":"eau-chaude-sanitaire-ecs","status":"publish","type":"page","link":"https:\/\/fr.twiza.org\/portail\/eau-chaude-sanitaire-ecs\/","title":{"rendered":"Eau Chaude Sanitaire (ECS)"},"content":{"rendered":"\n<figure class=\"wp-block-image size-large\"><img fetchpriority=\"high\" decoding=\"async\" width=\"1783\" height=\"1003\" src=\"https:\/\/fr.twiza.org\/portail\/wp-content\/uploads\/2021\/09\/DEF-ECS-2-O-edited.jpeg\" alt=\"\" class=\"wp-image-2825\" srcset=\"https:\/\/fr.twiza.org\/portail\/wp-content\/uploads\/2021\/09\/DEF-ECS-2-O-edited.jpeg 1783w, https:\/\/fr.twiza.org\/portail\/wp-content\/uploads\/2021\/09\/DEF-ECS-2-O-edited-600x338.jpeg 600w, https:\/\/fr.twiza.org\/portail\/wp-content\/uploads\/2021\/09\/DEF-ECS-2-O-edited-300x169.jpeg 300w, https:\/\/fr.twiza.org\/portail\/wp-content\/uploads\/2021\/09\/DEF-ECS-2-O-edited-1024x576.jpeg 1024w, https:\/\/fr.twiza.org\/portail\/wp-content\/uploads\/2021\/09\/DEF-ECS-2-O-edited-768x432.jpeg 768w, https:\/\/fr.twiza.org\/portail\/wp-content\/uploads\/2021\/09\/DEF-ECS-2-O-edited-1536x864.jpeg 1536w\" sizes=\"(max-width: 1783px) 100vw, 1783px\" \/><\/figure>\n\n\n\n<h2 class=\"wp-block-heading\" id=\"h-l-eau-chaude-sanitaire-definition\">L&rsquo;eau chaude sanitaire : d\u00e9finition<\/h2>\n\n\n\n<p>Lors de ton chantier, le lot \u00ab\u00a0<strong>eau chaude sanitaire<\/strong>\u00a0\u00bb (<strong>ECS<\/strong>) correspond \u00e0 l&rsquo;\u00e9tape d&rsquo;installation de tes syst\u00e8mes de <strong>production<\/strong> et de <strong>distribution<\/strong> d&rsquo;<strong>eau chaude<\/strong> qui alimentent : lavabos, \u00e9viers, douches baignoires etc.<\/p>\n\n\n\n<p>La consommation de <a href=\"https:\/\/fr.twiza.org\/portail\/chauffage\/\" target=\"_blank\" rel=\"noreferrer noopener\">chauffage<\/a> diminue consid\u00e9rablement dans les maisons neuves gr\u00e2ce aux progr\u00e8s en mati\u00e8re d&rsquo;<a href=\"https:\/\/fr.twiza.org\/portail\/isolation\/\" target=\"_blank\" rel=\"noreferrer noopener\">isolation<\/a>. C&rsquo;est donc l&rsquo;<strong>eau chaude sanitaire<\/strong> qui, de plus en plus, devient le poste le plus <strong>\u00e9nergivore<\/strong>. Ton choix de syst\u00e8me d&rsquo;eau chaude sanitaire est donc important et \u00e0 ne pas prendre \u00e0 la l\u00e9g\u00e8re.<\/p>\n\n\n\n<h2 class=\"wp-block-heading\">Eau chaude sanitaire : les alternatives \u00e9cologiques<\/h2>\n\n\n\n<h3 class=\"wp-block-heading\">Le chauffe-eau solaire<\/h3>\n\n\n\n<p>Un <strong>chauffe-eau solaire<\/strong> produit de l&rsquo;<strong>eau chaude sanitaire<\/strong> gr\u00e2ce \u00e0 l&rsquo;\u00e9nergie solaire et peut couvrir 50 \u00e0 80% de tes besoins annuels.<\/p>\n\n\n\n<p>G\u00e9n\u00e9ralement les <strong>panneaux solaires thermiques<\/strong> (et non photovolta\u00efques) sont install\u00e9s sur ton toit afin de capter les rayons du soleil. Du fluide caloporteur situ\u00e9 \u00e0 l&rsquo;int\u00e9rieur des panneaux se r\u00e9chauffe gr\u00e2ce aux rayons du soleil puis s&rsquo;achemine jusqu&rsquo;au ballon de stockage. Une fois arriv\u00e9, il transmet sa chaleur (ses calories) \u00e0 l&rsquo;eau pr\u00e9sente via un \u00e9changeur.<\/p>\n\n\n\n<p>Le <strong>prix<\/strong> d&rsquo;un <strong>chauffe-eau solaire<\/strong> (mod\u00e8le le plus classique \u00e0 circulation forc\u00e9e) pour une <strong>famille <\/strong>de <strong>4 personnes<\/strong> peut varier environ entre <strong>3500<\/strong> et <strong>6500 euros<\/strong> (pose du mat\u00e9riel comprise). A savoir que dans la plupart des cas, il faut pr\u00e9voir en plus un syst\u00e8me d&rsquo;appoint int\u00e9gr\u00e9 (simple r\u00e9sistance \u00e9lectrique dans le haut du ballon) pour couvrir 100% de tes besoins, notamment en hiver.<\/p>\n\n\n\n<p>Enfin investir dans un <strong>chauffe-eau solaire<\/strong> te permet de r\u00e9duire ta <strong>consommation d&rsquo;\u00e9nergie<\/strong> et donc le co\u00fbt de tes factures, mais aussi de diminuer ta consommation de combustible (fioul, gaz). Ainsi tu participes \u00e0 l&rsquo;effort collectif pour r\u00e9pondre aux grands enjeux vitaux de notre \u00e9poque : prot\u00e9ger notre environnement et donc notre survie, trouver des solutions face \u00e0 l&rsquo;\u00e9puisement des \u00e9nergies fossiles, devenir de plus en plus r\u00e9silient et de moins en moins \u00e9nergivore&#8230; <\/p>\n\n\n\n<p>D&rsquo;ailleurs l&rsquo;Etat soutient ce type d&rsquo;investissement via diff\u00e9rentes types d&rsquo;<a href=\"https:\/\/france-renov.gouv.fr\/aides\" target=\"_blank\" rel=\"noreferrer noopener\">aides financi\u00e8res<\/a>(Cr\u00e9dit d&rsquo;imp\u00f4t, MaPrimeRenov etc.), \u00e0 condition que ton mat\u00e9riel soit install\u00e9 par un professionnel <a href=\"https:\/\/www.faire.gouv.fr\/trouvez-un-professionnel\" target=\"_blank\" rel=\"noreferrer noopener\">certifi\u00e9 RGE<\/a>. Tu peux obtenir des renseignements et des conseils gratuitement en contactant un <a href=\"https:\/\/france-renov.gouv.fr\/\" target=\"_blank\" rel=\"noreferrer noopener\">conseiller France R\u00e9nov&rsquo;<\/a> (service public de soutien \u00e0 la r\u00e9novation \u00e9nerg\u00e9tique).<\/p>\n\n\n\n<p>Pour en savoir encore plus, tu peux consulter notre <a href=\"https:\/\/fr.twiza.org\/portail\/pourquoi-et-comment-acheter-un-chauffe-eau-solaire\/\" target=\"_blank\" rel=\"noreferrer noopener\">Guide complet &#8211; Chauffe eau solaire<\/a> .<\/p>\n\n\n\n<p>Enfin, notre \u00e9quipe Twiza a s\u00e9lectionn\u00e9 pour toi un mod\u00e8le de <strong>chauffe eau solaire<\/strong> de qualit\u00e9, dont l&rsquo;avantage est d&rsquo;\u00eatre tout sp\u00e9cialement adapt\u00e9 pour les <strong>auto-constructeurs<\/strong>. Il est disponible via le <a href=\"https:\/\/achats.twiza.org\/produits\/chauffe-eau-solaire\" target=\"_blank\" rel=\"noreferrer noopener\">Groupement d&rsquo;achats Twiza<\/a>.<\/p>\n\n\n\n<div class=\"wp-block-buttons is-layout-flex wp-block-buttons-is-layout-flex\">\n<div class=\"wp-block-button\"><a class=\"wp-block-button__link\" href=\"https:\/\/achats.twiza.org\/bienvenue\" target=\"_blank\" rel=\"noreferrer noopener\"><meta charset=\"utf-8\"> Groupement d&rsquo;achats TWIZA : chauffe-eau solaire<\/a><\/div>\n<\/div>\n\n\n\n<h3 class=\"wp-block-heading\">Le po\u00eale \u00e0 bois bouilleur<\/h3>\n\n\n\n<p>Un <strong>po\u00eale \u00e0 bois bouilleur<\/strong> peut remplir le r\u00f4le de syst\u00e8me de chauffage central, mais aussi de production d&rsquo;eau sanitaire. Il se pr\u00e9sente sous la forme d&rsquo;une <strong>r\u00e9serve d&rsquo;eau <\/strong>int\u00e9gr\u00e9e dans une cuisini\u00e8re, ou dans un po\u00eale ou dans un  foyer ferm\u00e9, tous fonctionnant au bois. L&rsquo;eau s&rsquo;y r\u00e9chauffe et s&rsquo;accumule, pour \u00eatre ensuite distribu\u00e9e vers le ballon de stockage. <\/p>\n\n\n\n<p>Cependant lorsque le <strong>po\u00eale bouilleur<\/strong> n&rsquo;est plus aliment\u00e9 en bois, il ne chauffe plus l&rsquo;eau. Si ce syst\u00e8me ne suffit pas \u00e0 combler vos besoins en eau chaude, il existe des solutions : le coupler avec un des capteurs solaires ou une pompe \u00e0 chaleur ou bien l&rsquo;utiliser uniquement en syst\u00e8me d&rsquo;appoint \u00e0 une chaudi\u00e8re (gaz, fioul). <\/p>\n\n\n\n<p>Le <strong>prix<\/strong> d&rsquo;un po\u00eale bouilleur peut varier de <strong>3000<\/strong> \u00e0 <strong>20 000 euros<\/strong> selon le type de mod\u00e8le et sa puissance. Enfin comme pour le <strong>chauffe-eau solaire<\/strong>, le <strong>po\u00eale bouilleur<\/strong> a de multiples atouts : \u00e9conomie d&rsquo;\u00e9nergie (baisse du co\u00fbt de tes factures) et r\u00e9duction de ta consommation de combustible (fioul, gaz etc.).<\/p>\n\n\n\n<p>L&rsquo;Etat propose donc \u00e9galement des <a href=\"https:\/\/france-renov.gouv.fr\/aides\" target=\"_blank\" rel=\"noreferrer noopener\">aides financi\u00e8res<\/a> (Cr\u00e9dit d&rsquo;imp\u00f4t etc.) aux particuliers pour ce type d&rsquo;investissement vertueux. Encore une fois, toutes les aides sont accessibles \u00e0 condition que ton mat\u00e9riel soit install\u00e9 par un professionnel <a href=\"https:\/\/www.faire.gouv.fr\/trouvez-un-professionnel\" target=\"_blank\" rel=\"noreferrer noopener\">qualifi\u00e9 RGE<\/a>. Pour en savoir plus tu peux consulter le site du service public <a href=\"https:\/\/france-renov.gouv.fr\/\" target=\"_blank\" rel=\"noreferrer noopener\">France R\u00e9nov<\/a>. Son r\u00f4le est de guider gratuitement les particuliers pour leurs travaux de r\u00e9novation \u00e9nerg\u00e9tique et l&rsquo;obtention des aides associ\u00e9es.<\/p>\n\n\n\n<h3 class=\"wp-block-heading\">Le chauffe-eau thermodynamique<\/h3>\n\n\n\n<p>Le<strong> chauffe-eau thermodynamique<\/strong> utilise les <strong>calories<\/strong> de l&rsquo;air pour produire de l&rsquo;<strong>eau chaude sanitaire<\/strong>. Il fonctionne comme une pompe \u00e0 chaleur (donc alimentation \u00e9lectrique). Ses performances d\u00e9pendent de la temp\u00e9rature de l&rsquo;air o\u00f9 sont pr\u00e9lev\u00e9es les calories.<\/p>\n\n\n\n<p>Pour obtenir le plus de chaleur possible, il est ainsi recommand\u00e9 d&rsquo;opter pour un mod\u00e8le de <strong>chauffe-eau<\/strong> <strong>thermodynamique<\/strong> pouvant se raccorder \u00e0 la sortie de la VMC. Pour une famille de 4 \u00e0 6 personnes, il faut pr\u00e9voir un ballon de 300L et donc un budget de 1800 \u00e0 4000 euros HT.<\/p>\n\n\n\n<h2 class=\"wp-block-heading\">Les bonnes questions \u00e0 se poser<\/h2>\n\n\n\n<ul class=\"wp-block-list\"><li>N&rsquo;as-tu pas sur\u00e9valu\u00e9 la <strong>dimension<\/strong> de ton ballon? C&rsquo;est un point important \u00e0 aborder car plus ton ballon est grand plus le besoin en \u00e9nergie augmente, en m\u00eame temps que le risque de d\u00e9perdition de celle-ci.  <\/li><\/ul>\n\n\n\n<p><\/p>\n\n\n\n<ul class=\"wp-block-list\"><li>Serait-il possible de pr\u00e9voir une <strong>sur-isolation<\/strong> de ton ballon s&rsquo;il est en zone non chauff\u00e9e? Cela vaudrait peut-\u00eatre le coup si le surco\u00fbt associ\u00e9 est amorti par tes \u00e9conomies d&rsquo;\u00e9nergie (et donc de co\u00fbt de facture) engendr\u00e9es?<\/li><\/ul>\n\n\n\n<h2 class=\"wp-block-heading\">Les points de vigilance<\/h2>\n\n\n\n<ul class=\"wp-block-list\"><li>A savoir : lorsque la temp\u00e9rature d&rsquo;eaux stagnantes descend au dessous de 55\u00b0C, il existe un risque d&rsquo;apparition de <strong>l\u00e9gionelle<\/strong>. Assure-toi donc d&rsquo;avoir un <strong>chauffe-eau solaire<\/strong> \u00e9quip\u00e9 d&rsquo;un syst\u00e8me qui monte r\u00e9guli\u00e8rement en temp\u00e9rature, afin d&rsquo;\u00e9viter tout risque d&rsquo;infection (n&rsquo;h\u00e9site pas \u00e0 faire appel \u00e0 un professionnel pour les v\u00e9rifications).<\/li><\/ul>\n\n\n\n<p><\/p>\n\n\n\n<ul class=\"wp-block-list\"><li>Concernant l&rsquo;installation de ton <strong>ballon de stockage<\/strong> d&rsquo;eau chaude sanitaire, choisis de pr\u00e9f\u00e9rence une <strong>pi\u00e8ce<\/strong> <strong>chauff\u00e9e<\/strong>, au plus pr\u00e8s des points d&rsquo;utilisation. Ainsi tu r\u00e9duis le co\u00fbt de ton installation et minimise le risque de d\u00e9perditions de chaleur au sein de ton r\u00e9seau.<\/li><\/ul>\n\n\n\n<h2 class=\"wp-block-heading\">R\u00e9f\u00e9rences documentaires<\/h2>\n\n\n\n<ul class=\"wp-block-list\"><li><a href=\"https:\/\/www.legifrance.gouv.fr\/jorf\/id\/JORFTEXT000000423756\" target=\"_blank\" rel=\"noreferrer noopener\">Arr\u00eat\u00e9 du 30 novembre 2005<\/a> relatif aux installations fixes destin\u00e9es \u00e0 l&rsquo;alimentation en eau chaude sanitaire des b\u00e2timents d&rsquo;habitation.<\/li><li><a href=\"https:\/\/www.legifrance.gouv.fr\/loda\/id\/JORFTEXT000021795143\/\" target=\"_blank\" rel=\"noreferrer noopener\">Arr\u00eat\u00e9 du 1er f\u00e9vrier 2010<\/a> relatif \u00e0 la surveillance des l\u00e9gionelles dans les installations de production, de stockage et de distribution d&rsquo;eau chaude sanitaire<\/li><\/ul>\n\n\n\n<div style=\"height:50px\" aria-hidden=\"true\" class=\"wp-block-spacer\"><\/div>\n","protected":false},"excerpt":{"rendered":"<p>L&rsquo;eau chaude sanitaire : d\u00e9finition Lors de ton chantier, le lot \u00ab\u00a0eau chaude sanitaire\u00a0\u00bb (ECS) correspond \u00e0 l&rsquo;\u00e9tape d&rsquo;installation de tes syst\u00e8mes de production et de distribution d&rsquo;eau chaude qui alimentent : lavabos, \u00e9viers, douches baignoires etc. La consommation de chauffage diminue consid\u00e9rablement dans les maisons neuves gr\u00e2ce aux progr\u00e8s [&hellip;]<\/p>\n","protected":false},"author":3,"featured_media":0,"parent":0,"menu_order":0,"comment_status":"closed","ping_status":"closed","template":"","meta":{"_eb_attr":"","_themeisle_gutenberg_block_has_review":false,"footnotes":""},"class_list":["post-2821","page","type-page","status-publish","hentry"],"yoast_head":"<!-- This site is optimized with the Yoast SEO Premium plugin v27.2 (Yoast SEO v27.3) - https:\/\/yoast.com\/product\/yoast-seo-premium-wordpress\/ -->\n<title>Eau Chaude Sanitaire (ECS)<\/title>\n<meta name=\"description\" content=\"L&#039;eau chaude sanitaire dans ma maison, quelle solution \u00e9cologique choisir : chauffe-eau solaire, po\u00eale bouilleur...?\" \/>\n<meta name=\"robots\" content=\"index, follow, max-snippet:-1, max-image-preview:large, max-video-preview:-1\" \/>\n<link rel=\"canonical\" href=\"https:\/\/fr.twiza.org\/portail\/eau-chaude-sanitaire-ecs\/\" \/>\n<meta property=\"og:locale\" content=\"fr_FR\" \/>\n<meta property=\"og:type\" content=\"article\" \/>\n<meta property=\"og:title\" content=\"Eau Chaude Sanitaire (ECS)\" \/>\n<meta property=\"og:description\" content=\"L&#039;eau chaude sanitaire dans ma maison, quelle solution \u00e9cologique choisir : chauffe-eau solaire, po\u00eale bouilleur...?\" \/>\n<meta property=\"og:url\" content=\"https:\/\/fr.twiza.org\/portail\/eau-chaude-sanitaire-ecs\/\" \/>\n<meta property=\"og:site_name\" content=\"R\u00e9seau Twiza\" \/>\n<meta property=\"article:publisher\" content=\"https:\/\/fr-fr.facebook.com\/Twiza.fr\/\" \/>\n<meta property=\"article:modified_time\" content=\"2022-05-20T15:35:05+00:00\" \/>\n<meta property=\"og:image\" content=\"https:\/\/fr.twiza.org\/portail\/wp-content\/uploads\/2021\/09\/DEF-ECS-2-O-edited.jpeg\" \/>\n<meta name=\"twitter:card\" content=\"summary_large_image\" \/>\n<script type=\"application\/ld+json\" class=\"yoast-schema-graph\">{\"@context\":\"https:\\\/\\\/schema.org\",\"@graph\":[{\"@type\":\"WebPage\",\"@id\":\"https:\\\/\\\/fr.twiza.org\\\/portail\\\/eau-chaude-sanitaire-ecs\\\/\",\"url\":\"https:\\\/\\\/fr.twiza.org\\\/portail\\\/eau-chaude-sanitaire-ecs\\\/\",\"name\":\"Eau Chaude Sanitaire (ECS)\",\"isPartOf\":{\"@id\":\"https:\\\/\\\/fr.twiza.org\\\/portail\\\/#website\"},\"primaryImageOfPage\":{\"@id\":\"https:\\\/\\\/fr.twiza.org\\\/portail\\\/eau-chaude-sanitaire-ecs\\\/#primaryimage\"},\"image\":{\"@id\":\"https:\\\/\\\/fr.twiza.org\\\/portail\\\/eau-chaude-sanitaire-ecs\\\/#primaryimage\"},\"thumbnailUrl\":\"https:\\\/\\\/fr.twiza.org\\\/portail\\\/wp-content\\\/uploads\\\/2021\\\/09\\\/DEF-ECS-2-O-edited.jpeg\",\"datePublished\":\"2021-10-05T13:28:21+00:00\",\"dateModified\":\"2022-05-20T15:35:05+00:00\",\"description\":\"L'eau chaude sanitaire dans ma maison, quelle solution \u00e9cologique choisir : chauffe-eau solaire, po\u00eale bouilleur...?\",\"breadcrumb\":{\"@id\":\"https:\\\/\\\/fr.twiza.org\\\/portail\\\/eau-chaude-sanitaire-ecs\\\/#breadcrumb\"},\"inLanguage\":\"fr-FR\",\"potentialAction\":[{\"@type\":\"ReadAction\",\"target\":[\"https:\\\/\\\/fr.twiza.org\\\/portail\\\/eau-chaude-sanitaire-ecs\\\/\"]}]},{\"@type\":\"ImageObject\",\"inLanguage\":\"fr-FR\",\"@id\":\"https:\\\/\\\/fr.twiza.org\\\/portail\\\/eau-chaude-sanitaire-ecs\\\/#primaryimage\",\"url\":\"https:\\\/\\\/fr.twiza.org\\\/portail\\\/wp-content\\\/uploads\\\/2021\\\/09\\\/DEF-ECS-2-O-edited.jpeg\",\"contentUrl\":\"https:\\\/\\\/fr.twiza.org\\\/portail\\\/wp-content\\\/uploads\\\/2021\\\/09\\\/DEF-ECS-2-O-edited.jpeg\",\"width\":1783,\"height\":1003},{\"@type\":\"BreadcrumbList\",\"@id\":\"https:\\\/\\\/fr.twiza.org\\\/portail\\\/eau-chaude-sanitaire-ecs\\\/#breadcrumb\",\"itemListElement\":[{\"@type\":\"ListItem\",\"position\":1,\"name\":\"Accueil\",\"item\":\"https:\\\/\\\/fr.twiza.org\\\/portail\\\/\"},{\"@type\":\"ListItem\",\"position\":2,\"name\":\"Eau Chaude Sanitaire (ECS)\"}]},{\"@type\":\"WebSite\",\"@id\":\"https:\\\/\\\/fr.twiza.org\\\/portail\\\/#website\",\"url\":\"https:\\\/\\\/fr.twiza.org\\\/portail\\\/\",\"name\":\"R\u00e9seau Twiza\",\"description\":\"Entraide pour un habitat \u00e9cologique, convivial et r\u00e9silient\",\"publisher\":{\"@id\":\"https:\\\/\\\/fr.twiza.org\\\/portail\\\/#organization\"},\"potentialAction\":[{\"@type\":\"SearchAction\",\"target\":{\"@type\":\"EntryPoint\",\"urlTemplate\":\"https:\\\/\\\/fr.twiza.org\\\/portail\\\/?s={search_term_string}\"},\"query-input\":{\"@type\":\"PropertyValueSpecification\",\"valueRequired\":true,\"valueName\":\"search_term_string\"}}],\"inLanguage\":\"fr-FR\"},{\"@type\":\"Organization\",\"@id\":\"https:\\\/\\\/fr.twiza.org\\\/portail\\\/#organization\",\"name\":\"R\u00e9seau Twiza\",\"url\":\"https:\\\/\\\/fr.twiza.org\\\/portail\\\/\",\"logo\":{\"@type\":\"ImageObject\",\"inLanguage\":\"fr-FR\",\"@id\":\"https:\\\/\\\/fr.twiza.org\\\/portail\\\/#\\\/schema\\\/logo\\\/image\\\/\",\"url\":\"https:\\\/\\\/fr.twiza.org\\\/portail\\\/wp-content\\\/uploads\\\/2021\\\/05\\\/cropped-logo-reseau-twiza.jpg\",\"contentUrl\":\"https:\\\/\\\/fr.twiza.org\\\/portail\\\/wp-content\\\/uploads\\\/2021\\\/05\\\/cropped-logo-reseau-twiza.jpg\",\"width\":400,\"height\":102,\"caption\":\"R\u00e9seau Twiza\"},\"image\":{\"@id\":\"https:\\\/\\\/fr.twiza.org\\\/portail\\\/#\\\/schema\\\/logo\\\/image\\\/\"},\"sameAs\":[\"https:\\\/\\\/fr-fr.facebook.com\\\/Twiza.fr\\\/\",\"https:\\\/\\\/www.instagram.com\\\/twiza_fr\\\/\",\"https:\\\/\\\/www.linkedin.com\\\/company\\\/reseautwiza\\\/\"]}]}<\/script>\n<!-- \/ Yoast SEO Premium plugin. -->","yoast_head_json":{"title":"Eau Chaude Sanitaire (ECS)","description":"L'eau chaude sanitaire dans ma maison, quelle solution \u00e9cologique choisir : chauffe-eau solaire, po\u00eale bouilleur...?","robots":{"index":"index","follow":"follow","max-snippet":"max-snippet:-1","max-image-preview":"max-image-preview:large","max-video-preview":"max-video-preview:-1"},"canonical":"https:\/\/fr.twiza.org\/portail\/eau-chaude-sanitaire-ecs\/","og_locale":"fr_FR","og_type":"article","og_title":"Eau Chaude Sanitaire (ECS)","og_description":"L'eau chaude sanitaire dans ma maison, quelle solution \u00e9cologique choisir : chauffe-eau solaire, po\u00eale bouilleur...?","og_url":"https:\/\/fr.twiza.org\/portail\/eau-chaude-sanitaire-ecs\/","og_site_name":"R\u00e9seau Twiza","article_publisher":"https:\/\/fr-fr.facebook.com\/Twiza.fr\/","article_modified_time":"2022-05-20T15:35:05+00:00","og_image":[{"url":"https:\/\/fr.twiza.org\/portail\/wp-content\/uploads\/2021\/09\/DEF-ECS-2-O-edited.jpeg","type":"","width":"","height":""}],"twitter_card":"summary_large_image","schema":{"@context":"https:\/\/schema.org","@graph":[{"@type":"WebPage","@id":"https:\/\/fr.twiza.org\/portail\/eau-chaude-sanitaire-ecs\/","url":"https:\/\/fr.twiza.org\/portail\/eau-chaude-sanitaire-ecs\/","name":"Eau Chaude Sanitaire (ECS)","isPartOf":{"@id":"https:\/\/fr.twiza.org\/portail\/#website"},"primaryImageOfPage":{"@id":"https:\/\/fr.twiza.org\/portail\/eau-chaude-sanitaire-ecs\/#primaryimage"},"image":{"@id":"https:\/\/fr.twiza.org\/portail\/eau-chaude-sanitaire-ecs\/#primaryimage"},"thumbnailUrl":"https:\/\/fr.twiza.org\/portail\/wp-content\/uploads\/2021\/09\/DEF-ECS-2-O-edited.jpeg","datePublished":"2021-10-05T13:28:21+00:00","dateModified":"2022-05-20T15:35:05+00:00","description":"L'eau chaude sanitaire dans ma maison, quelle solution \u00e9cologique choisir : chauffe-eau solaire, po\u00eale bouilleur...?","breadcrumb":{"@id":"https:\/\/fr.twiza.org\/portail\/eau-chaude-sanitaire-ecs\/#breadcrumb"},"inLanguage":"fr-FR","potentialAction":[{"@type":"ReadAction","target":["https:\/\/fr.twiza.org\/portail\/eau-chaude-sanitaire-ecs\/"]}]},{"@type":"ImageObject","inLanguage":"fr-FR","@id":"https:\/\/fr.twiza.org\/portail\/eau-chaude-sanitaire-ecs\/#primaryimage","url":"https:\/\/fr.twiza.org\/portail\/wp-content\/uploads\/2021\/09\/DEF-ECS-2-O-edited.jpeg","contentUrl":"https:\/\/fr.twiza.org\/portail\/wp-content\/uploads\/2021\/09\/DEF-ECS-2-O-edited.jpeg","width":1783,"height":1003},{"@type":"BreadcrumbList","@id":"https:\/\/fr.twiza.org\/portail\/eau-chaude-sanitaire-ecs\/#breadcrumb","itemListElement":[{"@type":"ListItem","position":1,"name":"Accueil","item":"https:\/\/fr.twiza.org\/portail\/"},{"@type":"ListItem","position":2,"name":"Eau Chaude Sanitaire (ECS)"}]},{"@type":"WebSite","@id":"https:\/\/fr.twiza.org\/portail\/#website","url":"https:\/\/fr.twiza.org\/portail\/","name":"R\u00e9seau Twiza","description":"Entraide pour un habitat \u00e9cologique, convivial et r\u00e9silient","publisher":{"@id":"https:\/\/fr.twiza.org\/portail\/#organization"},"potentialAction":[{"@type":"SearchAction","target":{"@type":"EntryPoint","urlTemplate":"https:\/\/fr.twiza.org\/portail\/?s={search_term_string}"},"query-input":{"@type":"PropertyValueSpecification","valueRequired":true,"valueName":"search_term_string"}}],"inLanguage":"fr-FR"},{"@type":"Organization","@id":"https:\/\/fr.twiza.org\/portail\/#organization","name":"R\u00e9seau Twiza","url":"https:\/\/fr.twiza.org\/portail\/","logo":{"@type":"ImageObject","inLanguage":"fr-FR","@id":"https:\/\/fr.twiza.org\/portail\/#\/schema\/logo\/image\/","url":"https:\/\/fr.twiza.org\/portail\/wp-content\/uploads\/2021\/05\/cropped-logo-reseau-twiza.jpg","contentUrl":"https:\/\/fr.twiza.org\/portail\/wp-content\/uploads\/2021\/05\/cropped-logo-reseau-twiza.jpg","width":400,"height":102,"caption":"R\u00e9seau Twiza"},"image":{"@id":"https:\/\/fr.twiza.org\/portail\/#\/schema\/logo\/image\/"},"sameAs":["https:\/\/fr-fr.facebook.com\/Twiza.fr\/","https:\/\/www.instagram.com\/twiza_fr\/","https:\/\/www.linkedin.com\/company\/reseautwiza\/"]}]}},"jetpack_sharing_enabled":true,"_links":{"self":[{"href":"https:\/\/fr.twiza.org\/portail\/wp-json\/wp\/v2\/pages\/2821","targetHints":{"allow":["GET"]}}],"collection":[{"href":"https:\/\/fr.twiza.org\/portail\/wp-json\/wp\/v2\/pages"}],"about":[{"href":"https:\/\/fr.twiza.org\/portail\/wp-json\/wp\/v2\/types\/page"}],"author":[{"embeddable":true,"href":"https:\/\/fr.twiza.org\/portail\/wp-json\/wp\/v2\/users\/3"}],"replies":[{"embeddable":true,"href":"https:\/\/fr.twiza.org\/portail\/wp-json\/wp\/v2\/comments?post=2821"}],"version-history":[{"count":15,"href":"https:\/\/fr.twiza.org\/portail\/wp-json\/wp\/v2\/pages\/2821\/revisions"}],"predecessor-version":[{"id":5312,"href":"https:\/\/fr.twiza.org\/portail\/wp-json\/wp\/v2\/pages\/2821\/revisions\/5312"}],"wp:attachment":[{"href":"https:\/\/fr.twiza.org\/portail\/wp-json\/wp\/v2\/media?parent=2821"}],"curies":[{"name":"wp","href":"https:\/\/api.w.org\/{rel}","templated":true}]}}