{"id":2868,"date":"2021-11-16T11:20:42","date_gmt":"2021-11-16T10:20:42","guid":{"rendered":"https:\/\/fr.twiza.org\/portail\/?page_id=2868"},"modified":"2022-05-20T17:34:21","modified_gmt":"2022-05-20T15:34:21","slug":"ventilation","status":"publish","type":"page","link":"https:\/\/fr.twiza.org\/portail\/ventilation\/","title":{"rendered":"Ventilation"},"content":{"rendered":"\n<figure class=\"wp-block-image size-large\"><img fetchpriority=\"high\" decoding=\"async\" width=\"1776\" height=\"999\" src=\"https:\/\/fr.twiza.org\/portail\/wp-content\/uploads\/2021\/09\/DEF-Ventilation-1-O-edited.jpeg\" alt=\"\" class=\"wp-image-2870\" srcset=\"https:\/\/fr.twiza.org\/portail\/wp-content\/uploads\/2021\/09\/DEF-Ventilation-1-O-edited.jpeg 1776w, https:\/\/fr.twiza.org\/portail\/wp-content\/uploads\/2021\/09\/DEF-Ventilation-1-O-edited-600x338.jpeg 600w, https:\/\/fr.twiza.org\/portail\/wp-content\/uploads\/2021\/09\/DEF-Ventilation-1-O-edited-300x169.jpeg 300w, https:\/\/fr.twiza.org\/portail\/wp-content\/uploads\/2021\/09\/DEF-Ventilation-1-O-edited-1024x576.jpeg 1024w, https:\/\/fr.twiza.org\/portail\/wp-content\/uploads\/2021\/09\/DEF-Ventilation-1-O-edited-768x432.jpeg 768w, https:\/\/fr.twiza.org\/portail\/wp-content\/uploads\/2021\/09\/DEF-Ventilation-1-O-edited-1536x864.jpeg 1536w\" sizes=\"(max-width: 1776px) 100vw, 1776px\" \/><\/figure>\n\n\n\n<h2 class=\"wp-block-heading\" id=\"h-ventilation-definition\">Ventilation : d\u00e9finition<\/h2>\n\n\n\n<p><\/p>\n\n\n\n<p>La <strong>ventilation<\/strong> permet d&rsquo;assurer le renouvellement adapt\u00e9 et continu de l&rsquo;air ambiant de ton logement. L&rsquo;objectif est  de te garantir une <strong>bonne qualit\u00e9 d&rsquo;air<\/strong> et un <strong>logement sain<\/strong>, en \u00e9liminant les polluants et en \u00e9vacuant l&rsquo;humidit\u00e9.<\/p>\n\n\n\n<p>Et oui car bien souvent, s&rsquo;il n&rsquo;est pas ventil\u00e9, l&rsquo;air ambiant de ton logement est plus <strong>toxique<\/strong> que celui de l&rsquo;ext\u00e9rieur. En effet il existe de multiples <meta charset=\"utf-8\">sources de <strong>pollution<\/strong> (chauffage, humidit\u00e9, respiration, cuisson gaz, produits d&rsquo;entretiens, colles contenues dans les meubles etc.) \u00e0 l&rsquo;int\u00e9rieur de nos maisons.<\/p>\n\n\n\n<p>Or, en parall\u00e8le nos habitats deviennent de plus en plus <strong>\u00e9tanches <\/strong>(afin de diminuer nos consommations \u00e9nerg\u00e9tiques). Donc le <strong>risque de pollution<\/strong> de l&rsquo;air ambiant <strong>augmente<\/strong>. C&rsquo;est pour cela que la ventilation des logements est devenue obligatoire depuis 1969.<\/p>\n\n\n\n<p>Attention \u00e0 ne pas confondre \u00ab\u00a0<strong>maison<\/strong> <strong>perspirante<\/strong>\u00a0\u00bb et \u00ab\u00a0<strong>bonne ventilation de la maison<\/strong>\u00ab\u00a0. Au sein d&rsquo;une maison <strong>perspirante<\/strong> les murs g\u00e8rent l&rsquo;<strong>humidit\u00e9<\/strong> mais n&rsquo;\u00e9vacuent pas pour autant les polluants pr\u00e9sents dans l&rsquo;air. De m\u00eame aies bien en t\u00eate qu&rsquo;un syst\u00e8me de ventilation ne sera efficace que si ton logement est bien <strong>isol\u00e9<\/strong> et qu&rsquo;il est <strong>\u00e9tanche \u00e0 l&rsquo;air<\/strong>.<\/p>\n\n\n\n<p>Quant au principe de la <strong>ventilation<\/strong>, le voici  : l&rsquo;<strong>air vici\u00e9<\/strong> des pi\u00e8ces humides (cuisine, salle de bain) est <strong>aspir\u00e9<\/strong>, cr\u00e9ant une d\u00e9pression permettant que de l&rsquo;<strong>air frais<\/strong> (neuf, sain) s&rsquo;introduise au travers de bouches de ventilation dans les pi\u00e8ces \u00e0 vivres (s\u00e8ches) telles que le salon, les chambres etc. <\/p>\n\n\n\n<p><\/p>\n\n\n\n<h2 class=\"wp-block-heading\">Diff\u00e9rents types de ventilation<\/h2>\n\n\n\n<h3 class=\"wp-block-heading\">VMC simple flux (ventilation m\u00e9canique contr\u00f4l\u00e9e)<\/h3>\n\n\n\n<p>Gr\u00e2ce \u00e0 un ventilateur d&rsquo;extraction, l&rsquo;<strong>air vici\u00e9<\/strong> des <strong>pi\u00e8ces humides<\/strong> est aspir\u00e9 vers l&rsquo;ext\u00e9rieur via un r\u00e9seau de gaine. Cela cr\u00e9e une d\u00e9pression permettant \u00e0 de l&rsquo;<strong>air neuf<\/strong> d&rsquo;entrer naturellement dans les <strong>pi\u00e8ces \u00e0 vivre<\/strong> (salon, chambres etc.), par le biais d&rsquo;entr\u00e9es ouvertes sur l&rsquo;ext\u00e9rieur (petite grille situ\u00e9es en haut des fen\u00eatres).<\/p>\n\n\n\n<p>Ce syst\u00e8me \u00e0 <strong>simple flux<\/strong> est le plus abordable financi\u00e8rement, le plus facile \u00e0 mettre en \u0153uvre mais pas le plus performant.<\/p>\n\n\n\n<p>Il existe diff\u00e9rents mod\u00e8les de VMC simple flux, notamment l&rsquo;hygro A, moins cher \u00e0 l&rsquo;achat, avec une entr\u00e9e d&rsquo;air autor\u00e9glable qui se traduit par un d\u00e9bit constant. Dans le cas d&rsquo;une VMC hygro B, plus \u00e9conomique \u00e0 l&rsquo;usage, l&rsquo;entr\u00e9e d&rsquo;air va d\u00e9pendre \u00e9galement du taux d&rsquo;humidit\u00e9 de la pi\u00e8ce.<\/p>\n\n\n\n<p><\/p>\n\n\n\n<h3 class=\"wp-block-heading\">VMC double flux (ventilation m\u00e9canique contr\u00f4l\u00e9e)<\/h3>\n\n\n\n<figure class=\"wp-block-image size-large\"><img decoding=\"async\" src=\"https:\/\/upload.wikimedia.org\/wikipedia\/commons\/d\/dc\/R%C3%A9cup%C3%A9ration_de_chaleur_sur_air_vici%C3%A9.svg\" alt=\"\"\/><figcaption>Otterinfo , Le RedBurn, CC BY-SA 4.0, via Wikimedia Commons<\/figcaption><\/figure>\n\n\n\n<p>Ce syst\u00e8me est quant \u00e0 lui constitu\u00e9 de <strong>deux ventilateurs <\/strong>et d&rsquo;un <strong>r\u00e9seau de gaines<\/strong> qui se croisent autour d&rsquo;un <strong>\u00e9changeur de chaleur<\/strong>. L&rsquo;un des deux ventilateurs extrait l&rsquo;air vici\u00e9 des pi\u00e8ces humides et l&rsquo;autre insuffle de l&rsquo;air neuf dans les pi\u00e8ces \u00e0 vivre. Gr\u00e2ce \u00e0 l&rsquo;\u00e9changeur de chaleur, les <strong>calories<\/strong> de l&rsquo;air vici\u00e9 sont transf\u00e9r\u00e9es \u00e0 l&rsquo;air neuf, au lieu d&rsquo;\u00eatre perdues. A la diff\u00e9rence d&rsquo;une VMC simple flux, l&rsquo;air neuf qui entre a donc pr\u00e9alablement \u00e9t\u00e9 <strong>filtr\u00e9<\/strong> et <strong>r\u00e9chauff\u00e9<\/strong>.<\/p>\n\n\n\n<p>L&rsquo;un des pr\u00e9cieux avantage de la VMC double flux est qu&rsquo;elle ne fait pas chuter la temp\u00e9rature de l&rsquo;air int\u00e9rieur en hiver, contrairement \u00e0 la simple flux. Elle permet donc d&rsquo;am\u00e9liorer ton <strong>confort<\/strong> et de faire des <strong>\u00e9conomies d&rsquo;\u00e9nergies<\/strong>. En effet, la VMC double flux repr\u00e9sente l&rsquo;une des principales <strong>sources de chaleur<\/strong> dans les habitats passifs.<\/p>\n\n\n\n<p>Par contre la mise en \u0153uvre de la VMC double flux est plus <strong>complexe<\/strong> que celle d&rsquo;une simple flux. Elle est donc plus adapt\u00e9e aux maisons neuves. Mais il existe tout de m\u00eame des solutions pour les r\u00e9novations, telles que les <strong>VMC double flux d\u00e9centralis\u00e9es<\/strong>.<\/p>\n\n\n\n<div class=\"wp-block-buttons is-layout-flex wp-block-buttons-is-layout-flex\">\n<div class=\"wp-block-button\"><a class=\"wp-block-button__link\" href=\"https:\/\/achats.twiza.org\/produits\/vmc-double-flux\" target=\"_blank\" rel=\"noreferrer noopener\">Groupement d&rsquo;achats TWIZA : VMC double flux<\/a><\/div>\n<\/div>\n\n\n\n<h3 class=\"wp-block-heading\">La VMR (ventilation m\u00e9canique r\u00e9partie)<\/h3>\n\n\n\n<p>Elle fonctionne comme la VMC simple flux, \u00e0 la diff\u00e9rence que chaque extraction d&rsquo;air a lieu au sein d&rsquo;une <strong>bouche d&rsquo;extraction<\/strong> <strong>ind\u00e9pendante<\/strong> (pas un seul r\u00e9seau). Ce syst\u00e8me de ventilation est ainsi plus facile \u00e0 mettre en \u0153uvre dans le cas d&rsquo;une <strong>r\u00e9novation<\/strong>.<\/p>\n\n\n\n<h2 class=\"wp-block-heading\">Les bonnes questions \u00e0 se poser<\/h2>\n\n\n\n<ul class=\"wp-block-list\"><li>Quel est le syst\u00e8me de ventilation le plus <strong>adapt\u00e9<\/strong> \u00e0 ton projet ?<\/li><\/ul>\n\n\n\n<p><\/p>\n\n\n\n<ul class=\"wp-block-list\"><li>Quel type de <strong>r\u00e9gulation<\/strong> choisir pour ton logement ?<\/li><\/ul>\n\n\n\n<p><\/p>\n\n\n\n<ul class=\"wp-block-list\"><li>Pourrais-tu prendre en compte ton <strong>investissement<\/strong> dans une <strong>VMC double flux<\/strong> dans tes <strong>apports <\/strong>internes de <strong>chauffage<\/strong> ?<\/li><\/ul>\n\n\n\n<h2 class=\"wp-block-heading\">Les points de vigilance<\/h2>\n\n\n\n<ul class=\"wp-block-list\"><li>Pense \u00e0 bien <strong>entretenir<\/strong> ton syst\u00e8me de <strong>ventilation<\/strong>, notamment \u00e0 d\u00e9poussi\u00e9rer r\u00e9guli\u00e8rement les bouches d&rsquo;extraction et d&rsquo;insufflation. Mais aussi \u00e0 nettoyer les filtres et lorsque c&rsquo;est n\u00e9cessaire \u00e0 les changer, de m\u00eame pour les piles.<\/li><\/ul>\n\n\n\n<p><\/p>\n\n\n\n<ul class=\"wp-block-list\"><li>Veille \u00e0 bien <strong>dimensionner<\/strong> ton r\u00e9seau en amont, ainsi qu&rsquo;\u00e0 bien <strong>r\u00e9gler<\/strong> tes bouches d&rsquo;extraction et d&rsquo;insufflation. Ce sont des \u00e9l\u00e9ments essentiels pour bien optimiser ton syst\u00e8me de <strong>ventilation<\/strong>. C&rsquo;est pourquoi tu as la possibilit\u00e9 de faire appel \u00e0 un <a href=\"https:\/\/fr.twiza.org\/portail\/bureau-detudes\/\" target=\"_blank\" rel=\"noreferrer noopener\">bureau d&rsquo;\u00e9tudes<\/a> pour t&rsquo;assister sur ces parties.<\/li><\/ul>\n\n\n\n<h2 class=\"wp-block-heading\">R\u00e9f\u00e9rences documentaires<\/h2>\n\n\n\n<ul class=\"wp-block-list\"><li><a href=\"https:\/\/www.legifrance.gouv.fr\/loda\/id\/JORFTEXT000000826659\/\" target=\"_blank\" rel=\"noreferrer noopener\">Arr\u00eat\u00e9 du 22 octobre 1969<\/a> relatif \u00e0 l&rsquo;a\u00e9ration des logements<\/li><\/ul>\n\n\n\n<div style=\"height:50px\" aria-hidden=\"true\" class=\"wp-block-spacer\"><\/div>\n","protected":false},"excerpt":{"rendered":"<p>Ventilation : d\u00e9finition La ventilation permet d&rsquo;assurer le renouvellement adapt\u00e9 et continu de l&rsquo;air ambiant de ton logement. L&rsquo;objectif est de te garantir une bonne qualit\u00e9 d&rsquo;air et un logement sain, en \u00e9liminant les polluants et en \u00e9vacuant l&rsquo;humidit\u00e9. Et oui car bien souvent, s&rsquo;il n&rsquo;est pas ventil\u00e9, l&rsquo;air ambiant [&hellip;]<\/p>\n","protected":false},"author":3,"featured_media":0,"parent":0,"menu_order":0,"comment_status":"closed","ping_status":"closed","template":"","meta":{"_eb_attr":"","_themeisle_gutenberg_block_has_review":false,"footnotes":""},"class_list":["post-2868","page","type-page","status-publish","hentry"],"yoast_head":"<!-- This site is optimized with the Yoast SEO Premium plugin v27.2 (Yoast SEO v27.4) - https:\/\/yoast.com\/product\/yoast-seo-premium-wordpress\/ -->\n<title>Ventilation<\/title>\n<meta name=\"description\" content=\"Pourquoi la ventilation est-elle importante au sein de ma maison ? Et quel syst\u00e8me choisir : VMC simple flux, VMC double flux...?\" \/>\n<meta name=\"robots\" content=\"index, follow, max-snippet:-1, max-image-preview:large, max-video-preview:-1\" \/>\n<link rel=\"canonical\" href=\"https:\/\/fr.twiza.org\/portail\/ventilation\/\" \/>\n<meta property=\"og:locale\" content=\"fr_FR\" \/>\n<meta property=\"og:type\" content=\"article\" \/>\n<meta property=\"og:title\" content=\"Ventilation\" \/>\n<meta property=\"og:description\" content=\"Pourquoi la ventilation est-elle importante au sein de ma maison ? Et quel syst\u00e8me choisir : VMC simple flux, VMC double flux...?\" \/>\n<meta property=\"og:url\" content=\"https:\/\/fr.twiza.org\/portail\/ventilation\/\" \/>\n<meta property=\"og:site_name\" content=\"R\u00e9seau Twiza\" \/>\n<meta property=\"article:publisher\" content=\"https:\/\/fr-fr.facebook.com\/Twiza.fr\/\" \/>\n<meta property=\"article:modified_time\" content=\"2022-05-20T15:34:21+00:00\" \/>\n<meta property=\"og:image\" content=\"https:\/\/fr.twiza.org\/portail\/wp-content\/uploads\/2021\/09\/DEF-Ventilation-1-O-edited.jpeg\" \/>\n<meta name=\"twitter:card\" content=\"summary_large_image\" \/>\n<script type=\"application\/ld+json\" class=\"yoast-schema-graph\">{\"@context\":\"https:\\\/\\\/schema.org\",\"@graph\":[{\"@type\":\"WebPage\",\"@id\":\"https:\\\/\\\/fr.twiza.org\\\/portail\\\/ventilation\\\/\",\"url\":\"https:\\\/\\\/fr.twiza.org\\\/portail\\\/ventilation\\\/\",\"name\":\"Ventilation\",\"isPartOf\":{\"@id\":\"https:\\\/\\\/fr.twiza.org\\\/portail\\\/#website\"},\"primaryImageOfPage\":{\"@id\":\"https:\\\/\\\/fr.twiza.org\\\/portail\\\/ventilation\\\/#primaryimage\"},\"image\":{\"@id\":\"https:\\\/\\\/fr.twiza.org\\\/portail\\\/ventilation\\\/#primaryimage\"},\"thumbnailUrl\":\"https:\\\/\\\/fr.twiza.org\\\/portail\\\/wp-content\\\/uploads\\\/2021\\\/09\\\/DEF-Ventilation-1-O-edited.jpeg\",\"datePublished\":\"2021-11-16T10:20:42+00:00\",\"dateModified\":\"2022-05-20T15:34:21+00:00\",\"description\":\"Pourquoi la ventilation est-elle importante au sein de ma maison ? Et quel syst\u00e8me choisir : VMC simple flux, VMC double flux...?\",\"breadcrumb\":{\"@id\":\"https:\\\/\\\/fr.twiza.org\\\/portail\\\/ventilation\\\/#breadcrumb\"},\"inLanguage\":\"fr-FR\",\"potentialAction\":[{\"@type\":\"ReadAction\",\"target\":[\"https:\\\/\\\/fr.twiza.org\\\/portail\\\/ventilation\\\/\"]}]},{\"@type\":\"ImageObject\",\"inLanguage\":\"fr-FR\",\"@id\":\"https:\\\/\\\/fr.twiza.org\\\/portail\\\/ventilation\\\/#primaryimage\",\"url\":\"https:\\\/\\\/fr.twiza.org\\\/portail\\\/wp-content\\\/uploads\\\/2021\\\/09\\\/DEF-Ventilation-1-O-edited.jpeg\",\"contentUrl\":\"https:\\\/\\\/fr.twiza.org\\\/portail\\\/wp-content\\\/uploads\\\/2021\\\/09\\\/DEF-Ventilation-1-O-edited.jpeg\",\"width\":1776,\"height\":999},{\"@type\":\"BreadcrumbList\",\"@id\":\"https:\\\/\\\/fr.twiza.org\\\/portail\\\/ventilation\\\/#breadcrumb\",\"itemListElement\":[{\"@type\":\"ListItem\",\"position\":1,\"name\":\"Accueil\",\"item\":\"https:\\\/\\\/fr.twiza.org\\\/portail\\\/\"},{\"@type\":\"ListItem\",\"position\":2,\"name\":\"Ventilation\"}]},{\"@type\":\"WebSite\",\"@id\":\"https:\\\/\\\/fr.twiza.org\\\/portail\\\/#website\",\"url\":\"https:\\\/\\\/fr.twiza.org\\\/portail\\\/\",\"name\":\"R\u00e9seau Twiza\",\"description\":\"Entraide pour un habitat \u00e9cologique, convivial et r\u00e9silient\",\"publisher\":{\"@id\":\"https:\\\/\\\/fr.twiza.org\\\/portail\\\/#organization\"},\"potentialAction\":[{\"@type\":\"SearchAction\",\"target\":{\"@type\":\"EntryPoint\",\"urlTemplate\":\"https:\\\/\\\/fr.twiza.org\\\/portail\\\/?s={search_term_string}\"},\"query-input\":{\"@type\":\"PropertyValueSpecification\",\"valueRequired\":true,\"valueName\":\"search_term_string\"}}],\"inLanguage\":\"fr-FR\"},{\"@type\":\"Organization\",\"@id\":\"https:\\\/\\\/fr.twiza.org\\\/portail\\\/#organization\",\"name\":\"R\u00e9seau Twiza\",\"url\":\"https:\\\/\\\/fr.twiza.org\\\/portail\\\/\",\"logo\":{\"@type\":\"ImageObject\",\"inLanguage\":\"fr-FR\",\"@id\":\"https:\\\/\\\/fr.twiza.org\\\/portail\\\/#\\\/schema\\\/logo\\\/image\\\/\",\"url\":\"https:\\\/\\\/fr.twiza.org\\\/portail\\\/wp-content\\\/uploads\\\/2021\\\/05\\\/cropped-logo-reseau-twiza.jpg\",\"contentUrl\":\"https:\\\/\\\/fr.twiza.org\\\/portail\\\/wp-content\\\/uploads\\\/2021\\\/05\\\/cropped-logo-reseau-twiza.jpg\",\"width\":400,\"height\":102,\"caption\":\"R\u00e9seau Twiza\"},\"image\":{\"@id\":\"https:\\\/\\\/fr.twiza.org\\\/portail\\\/#\\\/schema\\\/logo\\\/image\\\/\"},\"sameAs\":[\"https:\\\/\\\/fr-fr.facebook.com\\\/Twiza.fr\\\/\",\"https:\\\/\\\/www.instagram.com\\\/twiza_fr\\\/\",\"https:\\\/\\\/www.linkedin.com\\\/company\\\/reseautwiza\\\/\"]}]}<\/script>\n<!-- \/ Yoast SEO Premium plugin. -->","yoast_head_json":{"title":"Ventilation","description":"Pourquoi la ventilation est-elle importante au sein de ma maison ? Et quel syst\u00e8me choisir : VMC simple flux, VMC double flux...?","robots":{"index":"index","follow":"follow","max-snippet":"max-snippet:-1","max-image-preview":"max-image-preview:large","max-video-preview":"max-video-preview:-1"},"canonical":"https:\/\/fr.twiza.org\/portail\/ventilation\/","og_locale":"fr_FR","og_type":"article","og_title":"Ventilation","og_description":"Pourquoi la ventilation est-elle importante au sein de ma maison ? Et quel syst\u00e8me choisir : VMC simple flux, VMC double flux...?","og_url":"https:\/\/fr.twiza.org\/portail\/ventilation\/","og_site_name":"R\u00e9seau Twiza","article_publisher":"https:\/\/fr-fr.facebook.com\/Twiza.fr\/","article_modified_time":"2022-05-20T15:34:21+00:00","og_image":[{"url":"https:\/\/fr.twiza.org\/portail\/wp-content\/uploads\/2021\/09\/DEF-Ventilation-1-O-edited.jpeg","type":"","width":"","height":""}],"twitter_card":"summary_large_image","schema":{"@context":"https:\/\/schema.org","@graph":[{"@type":"WebPage","@id":"https:\/\/fr.twiza.org\/portail\/ventilation\/","url":"https:\/\/fr.twiza.org\/portail\/ventilation\/","name":"Ventilation","isPartOf":{"@id":"https:\/\/fr.twiza.org\/portail\/#website"},"primaryImageOfPage":{"@id":"https:\/\/fr.twiza.org\/portail\/ventilation\/#primaryimage"},"image":{"@id":"https:\/\/fr.twiza.org\/portail\/ventilation\/#primaryimage"},"thumbnailUrl":"https:\/\/fr.twiza.org\/portail\/wp-content\/uploads\/2021\/09\/DEF-Ventilation-1-O-edited.jpeg","datePublished":"2021-11-16T10:20:42+00:00","dateModified":"2022-05-20T15:34:21+00:00","description":"Pourquoi la ventilation est-elle importante au sein de ma maison ? Et quel syst\u00e8me choisir : VMC simple flux, VMC double flux...?","breadcrumb":{"@id":"https:\/\/fr.twiza.org\/portail\/ventilation\/#breadcrumb"},"inLanguage":"fr-FR","potentialAction":[{"@type":"ReadAction","target":["https:\/\/fr.twiza.org\/portail\/ventilation\/"]}]},{"@type":"ImageObject","inLanguage":"fr-FR","@id":"https:\/\/fr.twiza.org\/portail\/ventilation\/#primaryimage","url":"https:\/\/fr.twiza.org\/portail\/wp-content\/uploads\/2021\/09\/DEF-Ventilation-1-O-edited.jpeg","contentUrl":"https:\/\/fr.twiza.org\/portail\/wp-content\/uploads\/2021\/09\/DEF-Ventilation-1-O-edited.jpeg","width":1776,"height":999},{"@type":"BreadcrumbList","@id":"https:\/\/fr.twiza.org\/portail\/ventilation\/#breadcrumb","itemListElement":[{"@type":"ListItem","position":1,"name":"Accueil","item":"https:\/\/fr.twiza.org\/portail\/"},{"@type":"ListItem","position":2,"name":"Ventilation"}]},{"@type":"WebSite","@id":"https:\/\/fr.twiza.org\/portail\/#website","url":"https:\/\/fr.twiza.org\/portail\/","name":"R\u00e9seau Twiza","description":"Entraide pour un habitat \u00e9cologique, convivial et r\u00e9silient","publisher":{"@id":"https:\/\/fr.twiza.org\/portail\/#organization"},"potentialAction":[{"@type":"SearchAction","target":{"@type":"EntryPoint","urlTemplate":"https:\/\/fr.twiza.org\/portail\/?s={search_term_string}"},"query-input":{"@type":"PropertyValueSpecification","valueRequired":true,"valueName":"search_term_string"}}],"inLanguage":"fr-FR"},{"@type":"Organization","@id":"https:\/\/fr.twiza.org\/portail\/#organization","name":"R\u00e9seau Twiza","url":"https:\/\/fr.twiza.org\/portail\/","logo":{"@type":"ImageObject","inLanguage":"fr-FR","@id":"https:\/\/fr.twiza.org\/portail\/#\/schema\/logo\/image\/","url":"https:\/\/fr.twiza.org\/portail\/wp-content\/uploads\/2021\/05\/cropped-logo-reseau-twiza.jpg","contentUrl":"https:\/\/fr.twiza.org\/portail\/wp-content\/uploads\/2021\/05\/cropped-logo-reseau-twiza.jpg","width":400,"height":102,"caption":"R\u00e9seau Twiza"},"image":{"@id":"https:\/\/fr.twiza.org\/portail\/#\/schema\/logo\/image\/"},"sameAs":["https:\/\/fr-fr.facebook.com\/Twiza.fr\/","https:\/\/www.instagram.com\/twiza_fr\/","https:\/\/www.linkedin.com\/company\/reseautwiza\/"]}]}},"jetpack_sharing_enabled":true,"_links":{"self":[{"href":"https:\/\/fr.twiza.org\/portail\/wp-json\/wp\/v2\/pages\/2868","targetHints":{"allow":["GET"]}}],"collection":[{"href":"https:\/\/fr.twiza.org\/portail\/wp-json\/wp\/v2\/pages"}],"about":[{"href":"https:\/\/fr.twiza.org\/portail\/wp-json\/wp\/v2\/types\/page"}],"author":[{"embeddable":true,"href":"https:\/\/fr.twiza.org\/portail\/wp-json\/wp\/v2\/users\/3"}],"replies":[{"embeddable":true,"href":"https:\/\/fr.twiza.org\/portail\/wp-json\/wp\/v2\/comments?post=2868"}],"version-history":[{"count":22,"href":"https:\/\/fr.twiza.org\/portail\/wp-json\/wp\/v2\/pages\/2868\/revisions"}],"predecessor-version":[{"id":5311,"href":"https:\/\/fr.twiza.org\/portail\/wp-json\/wp\/v2\/pages\/2868\/revisions\/5311"}],"wp:attachment":[{"href":"https:\/\/fr.twiza.org\/portail\/wp-json\/wp\/v2\/media?parent=2868"}],"curies":[{"name":"wp","href":"https:\/\/api.w.org\/{rel}","templated":true}]}}