{"id":3018,"date":"2021-11-16T11:19:48","date_gmt":"2021-11-16T10:19:48","guid":{"rendered":"https:\/\/fr.twiza.org\/portail\/?page_id=3018"},"modified":"2024-03-26T16:03:27","modified_gmt":"2024-03-26T15:03:27","slug":"electricite","status":"publish","type":"page","link":"https:\/\/fr.twiza.org\/portail\/electricite\/","title":{"rendered":"Electricit\u00e9"},"content":{"rendered":"\n<figure class=\"wp-block-image size-large\"><img fetchpriority=\"high\" decoding=\"async\" width=\"1280\" height=\"721\" src=\"https:\/\/fr.twiza.org\/portail\/wp-content\/uploads\/2021\/10\/DEF-Electricite\u0301-3-O-edited.jpeg\" alt=\"\" class=\"wp-image-3027\" srcset=\"https:\/\/fr.twiza.org\/portail\/wp-content\/uploads\/2021\/10\/DEF-Electricite\u0301-3-O-edited.jpeg 1280w, https:\/\/fr.twiza.org\/portail\/wp-content\/uploads\/2021\/10\/DEF-Electricite\u0301-3-O-edited-600x338.jpeg 600w, https:\/\/fr.twiza.org\/portail\/wp-content\/uploads\/2021\/10\/DEF-Electricite\u0301-3-O-edited-300x169.jpeg 300w, https:\/\/fr.twiza.org\/portail\/wp-content\/uploads\/2021\/10\/DEF-Electricite\u0301-3-O-edited-1024x577.jpeg 1024w, https:\/\/fr.twiza.org\/portail\/wp-content\/uploads\/2021\/10\/DEF-Electricite\u0301-3-O-edited-768x433.jpeg 768w\" sizes=\"(max-width: 1280px) 100vw, 1280px\" \/><\/figure>\n\n\n\n<h2 class=\"wp-block-heading\" id=\"h-electricite-definition\">Electricit\u00e9 : d\u00e9finition<\/h2>\n\n\n\n<p>L&rsquo;\u00e9lectricit\u00e9 fait partie des lots \u00ab\u00a0<strong>r\u00e9seaux<\/strong>\u00a0\u00bb de ton chantier, avec la <strong>plomberie<\/strong> et la <a href=\"https:\/\/fr.twiza.org\/portail\/ventilation\/\" target=\"_blank\" rel=\"noreferrer noopener\">ventilation<\/a>. Bien souvent elle permet de faire fonctionner de nombreux \u00e9l\u00e9ments de ton habitat. Toutefois tu peux choisir de minimiser au maximum le nombre d&rsquo;appareils fonctionnant \u00e0 l&rsquo;\u00e9lectricit\u00e9. Ceci afin de diminuer ta consommation, tes besoins en \u00e9nergie, et de pr\u00e9server l&rsquo;environnement en g\u00e9n\u00e9ral. <\/p>\n\n\n\n<p>Quant \u00e0 la mise en \u0153uvre de ton <strong>r\u00e9seau \u00e9lectrique<\/strong>, l&rsquo;un des points les plus important \u00e0 retenir est la \u00ab\u00a0<strong>s\u00e9curit\u00e9<\/strong>\u00ab\u00a0. En effet tu dois \u00e0 la fois penser \u00e0 ta s\u00e9curit\u00e9 personnelle (ou celle du professionnel) pendant l&rsquo;installation, mais aussi \u00e0 la s\u00e9curit\u00e9 future de ton habitat et de ses occupants (protection \u00e9lectrique, pr\u00e9vention des incendies etc.).<\/p>\n\n\n\n<p>Enfin la <strong>provenance<\/strong> de ton \u00e9nergie \u00ab\u00a0<strong>\u00e9lectricit\u00e9<\/strong>\u00a0\u00bb repr\u00e9sente \u00e9galement un sujet important. On te conseille fortement d&rsquo;opter pour une source d&rsquo;<strong>\u00e9nergie renouvelable<\/strong> comme par exemple le <strong>soleil <\/strong>(panneaux photovolta\u00efques etc.) ou le <strong>vent<\/strong> (\u00e9oliennes). Encore une fois le but est de favoriser les syst\u00e8mes de production d&rsquo;\u00e9nergie les plus vertueux, en minimisant ton impact sur l&rsquo;\u00e9quilibre fragile de notre \u00e9co-syst\u00e8me.<\/p>\n\n\n\n<h2 class=\"wp-block-heading\" id=\"h-electricite-les-differentes-solutions-existantes\">Electricit\u00e9 : les diff\u00e9rentes solutions existantes <\/h2>\n\n\n\n<h3 class=\"wp-block-heading\" id=\"h-les-installations-electriques-pre-cablees\">Les installations \u00e9lectriques pr\u00e9-c\u00e2bl\u00e9es<\/h3>\n\n\n\n<figure class=\"wp-block-image size-large\"><img decoding=\"async\" width=\"1252\" height=\"704\" src=\"https:\/\/fr.twiza.org\/portail\/wp-content\/uploads\/2021\/10\/DEF-Sche\u0301ma-pieuvre-e\u0301lectrique-Valentinea-1-O-edited-1.jpeg\" alt=\"\" class=\"wp-image-3095\" srcset=\"https:\/\/fr.twiza.org\/portail\/wp-content\/uploads\/2021\/10\/DEF-Sche\u0301ma-pieuvre-e\u0301lectrique-Valentinea-1-O-edited-1.jpeg 1252w, https:\/\/fr.twiza.org\/portail\/wp-content\/uploads\/2021\/10\/DEF-Sche\u0301ma-pieuvre-e\u0301lectrique-Valentinea-1-O-edited-1-600x337.jpeg 600w, https:\/\/fr.twiza.org\/portail\/wp-content\/uploads\/2021\/10\/DEF-Sche\u0301ma-pieuvre-e\u0301lectrique-Valentinea-1-O-edited-1-300x169.jpeg 300w, https:\/\/fr.twiza.org\/portail\/wp-content\/uploads\/2021\/10\/DEF-Sche\u0301ma-pieuvre-e\u0301lectrique-Valentinea-1-O-edited-1-1024x576.jpeg 1024w, https:\/\/fr.twiza.org\/portail\/wp-content\/uploads\/2021\/10\/DEF-Sche\u0301ma-pieuvre-e\u0301lectrique-Valentinea-1-O-edited-1-768x432.jpeg 768w\" sizes=\"(max-width: 1252px) 100vw, 1252px\" \/><\/figure>\n\n\n\n<p>Les syst\u00e8mes \u00e9lectriques pr\u00e9-c\u00e2bl\u00e9s (dits \u00ab\u00a0pieuvres \u00e9lectriques\u00a0\u00bb) t&rsquo;offrent la possibilit\u00e9 d&rsquo;<strong>installer toi-m\u00eame<\/strong> ton \u00e9lectricit\u00e9 rapidement et facilement. L&rsquo;avantage est qu&rsquo;elles sont con\u00e7ues en amont par des entreprises sp\u00e9cialis\u00e9es, en fonction du plan d&rsquo;installation \u00e9lectrique de ton habitat. Une fois pr\u00eates et livr\u00e9es en kit, tu n&rsquo;as plus qu&rsquo;\u00e0 raccorder ta ou tes pieuvres \u00e0 ton tableau \u00e9lectrique et aux diff\u00e9rents appareillages de ton logement (chauffe-eau, prises, VMC etc.).<\/p>\n\n\n\n<div class=\"wp-block-buttons is-layout-flex wp-block-buttons-is-layout-flex\">\n<div class=\"wp-block-button\"><a class=\"wp-block-button__link wp-element-button\" href=\"https:\/\/forum.twiza.org\/t\/installation-electrique-en-achat-groupe\/5968\" target=\"_blank\" rel=\"noreferrer noopener\">Installation \u00e9lectrique en achat group\u00e9 Twiza<\/a><\/div>\n<\/div>\n\n\n\n<h3 class=\"wp-block-heading\">L&rsquo;\u00e9lectricit\u00e9 biocompatible<\/h3>\n\n\n\n<figure class=\"wp-block-image size-large\"><img decoding=\"async\" width=\"1280\" height=\"721\" src=\"https:\/\/fr.twiza.org\/portail\/wp-content\/uploads\/2021\/10\/DEF-Electricite\u0301-biocompatible-1-O-comp-edited.jpeg\" alt=\"\" class=\"wp-image-3075\" srcset=\"https:\/\/fr.twiza.org\/portail\/wp-content\/uploads\/2021\/10\/DEF-Electricite\u0301-biocompatible-1-O-comp-edited.jpeg 1280w, https:\/\/fr.twiza.org\/portail\/wp-content\/uploads\/2021\/10\/DEF-Electricite\u0301-biocompatible-1-O-comp-edited-600x338.jpeg 600w, https:\/\/fr.twiza.org\/portail\/wp-content\/uploads\/2021\/10\/DEF-Electricite\u0301-biocompatible-1-O-comp-edited-300x169.jpeg 300w, https:\/\/fr.twiza.org\/portail\/wp-content\/uploads\/2021\/10\/DEF-Electricite\u0301-biocompatible-1-O-comp-edited-1024x577.jpeg 1024w, https:\/\/fr.twiza.org\/portail\/wp-content\/uploads\/2021\/10\/DEF-Electricite\u0301-biocompatible-1-O-comp-edited-768x433.jpeg 768w\" sizes=\"(max-width: 1280px) 100vw, 1280px\" \/><\/figure>\n\n\n\n<p>Une installation \u00e9lectrique g\u00e9n\u00e8re des <strong>champs \u00e9lectromagn\u00e9tiques<\/strong> (CEM) artificiels, que ce soit :<\/p>\n\n\n\n<ul class=\"wp-block-list\">\n<li>celle de ta maison : \u00e9quipement informatique, wifi, r\u00e9seau \u00e9lectrique etc. <\/li>\n\n\n\n<li>ou en ext\u00e9rieur : lignes \u00e9lectriques \u00e0 haute tension, voies ferr\u00e9es, antenne relais par exemple etc.<\/li>\n<\/ul>\n\n\n\n<p>Il est conseill\u00e9 de minimiser nos contacts avec ces champs, qui repr\u00e9sentent une pollution pour notre organisme (troubles du sommeil, perturbation hormonale, neurov\u00e9g\u00e9tative etc.).<\/p>\n\n\n\n<p>L&rsquo;<strong>\u00e9lectricit\u00e9 biocompatible<\/strong> est une m\u00e9thode de pr\u00e9vention et de rem\u00e9diation \u00e0 ces ph\u00e9nom\u00e8nes. Elle propose diff\u00e9rents dispositifs tels que :<\/p>\n\n\n\n<ul class=\"wp-block-list\">\n<li><strong>Fils blind\u00e9s<\/strong><\/li>\n\n\n\n<li><strong>C\u00e2bles blind\u00e9s<\/strong><\/li>\n\n\n\n<li><strong>Tubes blind\u00e9s<\/strong><\/li>\n\n\n\n<li><strong>Interrupteur automatique de champs (IAC)<\/strong> : il coupe le circuit (mise hors-tension) qui lui est associ\u00e9 lorsqu&rsquo;il n&rsquo;y a aucune consommation et le r\u00e9tablit d\u00e8s qu&rsquo;il est de nouveau sollicit\u00e9.<\/li>\n\n\n\n<li><strong>Bo\u00eetiers de prises, interrupteurs faradis\u00e9s<\/strong> : recouverts d&rsquo;une couche conductrice, ils permettent de r\u00e9duire l&rsquo;\u00e9mission des champs \u00e9lectromagn\u00e9tiques.<\/li>\n<\/ul>\n\n\n\n<p>Pour information si ton projet comprend une <strong>ossature bois<\/strong>, il est plus fortement conseill\u00e9 d&rsquo;opter pour une <strong>installation biocompatible<\/strong>. En effet le bois fait parti des mat\u00e9riaux les plus \u00ab\u00a0<strong>conducteurs<\/strong>\u00a0\u00bb d&rsquo;ondes \u00e9lectromagn\u00e9tiques, plus que les parpaings ou les briques de terre cuite par exemple.<\/p>\n\n\n\n<h3 class=\"wp-block-heading\">La domotique<\/h3>\n\n\n\n<figure class=\"wp-block-image size-large\"><img loading=\"lazy\" decoding=\"async\" width=\"1280\" height=\"721\" src=\"https:\/\/fr.twiza.org\/portail\/wp-content\/uploads\/2021\/10\/DEF-Domotique-2-O-comp-edited.jpeg\" alt=\"\" class=\"wp-image-3089\" srcset=\"https:\/\/fr.twiza.org\/portail\/wp-content\/uploads\/2021\/10\/DEF-Domotique-2-O-comp-edited.jpeg 1280w, https:\/\/fr.twiza.org\/portail\/wp-content\/uploads\/2021\/10\/DEF-Domotique-2-O-comp-edited-600x338.jpeg 600w, https:\/\/fr.twiza.org\/portail\/wp-content\/uploads\/2021\/10\/DEF-Domotique-2-O-comp-edited-300x169.jpeg 300w, https:\/\/fr.twiza.org\/portail\/wp-content\/uploads\/2021\/10\/DEF-Domotique-2-O-comp-edited-1024x577.jpeg 1024w, https:\/\/fr.twiza.org\/portail\/wp-content\/uploads\/2021\/10\/DEF-Domotique-2-O-comp-edited-768x433.jpeg 768w\" sizes=\"(max-width: 1280px) 100vw, 1280px\" \/><\/figure>\n\n\n\n<p>Cette technologie regroupe un ensemble de techniques permettant de <strong>contr\u00f4ler<\/strong>, <strong>automatiser<\/strong> et <strong>programmer<\/strong> ton habitat, notamment tes appareils \u00e9lectriques. Les principaux int\u00e9r\u00eats recherch\u00e9s sont de l&rsquo;ordre du confort de vie, de la s\u00e9curit\u00e9 mais aussi de l&rsquo;\u00e9conomie d&rsquo;\u00e9nergie.<\/p>\n\n\n\n<p>En effet si tu utilises cette technologie <strong>\u00e0 bon escient<\/strong>, elle peut te permettre de <strong>r\u00e9duire<\/strong> ta <strong>consommation d&rsquo;\u00e9nergie<\/strong>. Par exemple tu peux choisir de contr\u00f4ler la fermeture de tes volets \u00e0 distance en fonction de l&rsquo;heure du coucher du soleil, de m\u00eame pour le chauffage. Ou bien encore tu peux opter pour un \u00e9clairage \u00e0 d\u00e9tecteur de mouvement.<\/p>\n\n\n\n<h2 class=\"wp-block-heading\">Bien choisir son fournisseur d&rsquo;\u00e9lectricit\u00e9<\/h2>\n\n\n\n<figure class=\"wp-block-image size-large\"><img loading=\"lazy\" decoding=\"async\" width=\"1280\" height=\"721\" src=\"https:\/\/fr.twiza.org\/portail\/wp-content\/uploads\/2021\/10\/DEF-Fournisseur-e\u0301lectricite\u0301-1-O-comp-edited.jpeg\" alt=\"\" class=\"wp-image-3077\" srcset=\"https:\/\/fr.twiza.org\/portail\/wp-content\/uploads\/2021\/10\/DEF-Fournisseur-e\u0301lectricite\u0301-1-O-comp-edited.jpeg 1280w, https:\/\/fr.twiza.org\/portail\/wp-content\/uploads\/2021\/10\/DEF-Fournisseur-e\u0301lectricite\u0301-1-O-comp-edited-600x338.jpeg 600w, https:\/\/fr.twiza.org\/portail\/wp-content\/uploads\/2021\/10\/DEF-Fournisseur-e\u0301lectricite\u0301-1-O-comp-edited-300x169.jpeg 300w, https:\/\/fr.twiza.org\/portail\/wp-content\/uploads\/2021\/10\/DEF-Fournisseur-e\u0301lectricite\u0301-1-O-comp-edited-1024x577.jpeg 1024w, https:\/\/fr.twiza.org\/portail\/wp-content\/uploads\/2021\/10\/DEF-Fournisseur-e\u0301lectricite\u0301-1-O-comp-edited-768x433.jpeg 768w\" sizes=\"(max-width: 1280px) 100vw, 1280px\" \/><\/figure>\n\n\n\n<p>Il existe une multitude de fournisseurs d&rsquo;\u00e9lectricit\u00e9.<\/p>\n\n\n\n<p>Donc pour t&rsquo;aider \u00e0 y voir plus clair, il existe principalement 2 sortes de fournisseurs :<\/p>\n\n\n\n<ul class=\"wp-block-list\">\n<li>ceux qui te vendent de l&rsquo;\u00e9lectricit\u00e9 provenant <strong>uniquement de sources d&rsquo;\u00e9nergies renouvelables<\/strong> (Enercoop, Plan\u00e8te Oui..)<\/li>\n\n\n\n<li>ceux qui fonctionnent avec le <strong>principe des garanties d&rsquo;origine<\/strong>, c&rsquo;est-\u00e0-dire des documents attestant qu&rsquo;une certaine quantit\u00e9 d&rsquo;\u00e9lectricit\u00e9 provient de sources d&rsquo;\u00e9nergies renouvelables. Donc pas toute !<\/li>\n<\/ul>\n\n\n\n<p>L&rsquo;association GREENPEACE a produit un <a href=\"https:\/\/www.guide-electricite-verte.fr\/\" target=\"_blank\" rel=\"noreferrer noopener\">guide de l&rsquo;\u00e9lectricit\u00e9 verte<\/a> si \u00e7a t&rsquo;int\u00e9resse d&rsquo;en savoir plus&#8230;<\/p>\n\n\n\n<p>Enfin bonne nouvelle, de plus en plus de fournisseurs d&rsquo;\u00e9nergie te proposent des conseils et bonnes pratiques pour t&rsquo;aider \u00e0 r\u00e9duire ta consommation.<\/p>\n\n\n\n<p>Prends donc bien le temps de te renseigner pour choisir celui qui s&rsquo;accorde le mieux \u00e0 la fois \u00e0 ton \u00e9thique et \u00e0 ton budget bien s\u00fbr&#8230;<\/p>\n\n\n\n<h2 class=\"wp-block-heading\">Les bonnes questions \u00e0 se poser<\/h2>\n\n\n\n<ul class=\"wp-block-list\">\n<li>Quel fournisseur d&rsquo;\u00e9lectricit\u00e9 souhaites-tu choisir ? Pour t&rsquo;aider n&rsquo;h\u00e9site pas \u00e0 consulter le <a href=\"https:\/\/www.energie-info.fr\/\" target=\"_blank\" rel=\"noreferrer noopener\">site officiel \u00e9nergie-info<\/a>.<\/li>\n<\/ul>\n\n\n\n<ul class=\"wp-block-list\">\n<li>As-tu la possibilit\u00e9 et l&rsquo;envie d&rsquo;investir dans un syst\u00e8me d&rsquo;<strong>auto-production<\/strong> d&rsquo;<strong>\u00e9nergie renouvelable<\/strong> install\u00e9 chez toi ?<\/li>\n<\/ul>\n\n\n\n<ul class=\"wp-block-list\">\n<li>Enfin, n&rsquo;oublie pas que tu as toujours la possibilit\u00e9 de contacter gratuitement un <a href=\"https:\/\/france-renov.gouv.fr\/espaces-conseil-fr\" target=\"_blank\" rel=\"noreferrer noopener\">conseiller France R\u00e9nov&rsquo;<\/a>  afin d&rsquo;\u00eatre accompagn\u00e9\u00b7e pour trouver des solutions adapt\u00e9es \u00e0 ton budget.<\/li>\n<\/ul>\n\n\n\n<p><\/p>\n\n\n\n<h2 class=\"wp-block-heading\">Les points de vigilance<\/h2>\n\n\n\n<ul class=\"wp-block-list\">\n<li>Pour minimiser ta consommation d&rsquo;\u00e9lectricit\u00e9, pense \u00e0 investir dans un \u00e9clairage \u00e9conomique (<strong>LED<\/strong>) et \u00e9vite d&rsquo;utiliser des veilles&#8230; Pour t&rsquo;aider lors de tes achats, jette toujours un \u0153il sur l&rsquo;<strong>\u00e9tiquette \u00e9nergie<\/strong> de ton produit.<\/li>\n<\/ul>\n\n\n\n<ul class=\"wp-block-list\">\n<li>Enfin pour veiller \u00e0 la <strong>s\u00e9curit\u00e9<\/strong> de ton habitat et de ses occupants, ton installation \u00e9lectrique doit \u00eatre raccord\u00e9e sur une <strong>prise de terre<\/strong> <strong>conforme<\/strong> et <strong>performante<\/strong>. Cela permet \u00e9galement de diminuer les \u00e9missions de champs \u00e9lectriques.<\/li>\n<\/ul>\n\n\n\n<h2 class=\"wp-block-heading\">R\u00e9f\u00e9rences documentaires<\/h2>\n\n\n\n<ul class=\"wp-block-list\">\n<li>DTU 70.1<\/li>\n<\/ul>\n\n\n\n<div style=\"height:50px\" aria-hidden=\"true\" class=\"wp-block-spacer\"><\/div>\n","protected":false},"excerpt":{"rendered":"<p>Electricit\u00e9 : d\u00e9finition L&rsquo;\u00e9lectricit\u00e9 fait partie des lots \u00ab\u00a0r\u00e9seaux\u00a0\u00bb de ton chantier, avec la plomberie et la ventilation. Bien souvent elle permet de faire fonctionner de nombreux \u00e9l\u00e9ments de ton habitat. Toutefois tu peux choisir de minimiser au maximum le nombre d&rsquo;appareils fonctionnant \u00e0 l&rsquo;\u00e9lectricit\u00e9. Ceci afin de diminuer ta [&hellip;]<\/p>\n","protected":false},"author":3,"featured_media":0,"parent":0,"menu_order":0,"comment_status":"closed","ping_status":"closed","template":"","meta":{"_eb_attr":"","_themeisle_gutenberg_block_has_review":false,"footnotes":""},"class_list":["post-3018","page","type-page","status-publish","hentry"],"yoast_head":"<!-- This site is optimized with the Yoast SEO Premium plugin v27.2 (Yoast SEO v27.4) - https:\/\/yoast.com\/product\/yoast-seo-premium-wordpress\/ -->\n<title>Electricit\u00e9<\/title>\n<meta name=\"description\" content=\"Quelles sont les technologies existantes pour l&#039;\u00e9lectricit\u00e9 de ma maison ? Photovolta\u00efque, pieuvre \u00e9lectrique, biocompatible, domotique...\" \/>\n<meta name=\"robots\" content=\"index, follow, max-snippet:-1, max-image-preview:large, max-video-preview:-1\" \/>\n<link rel=\"canonical\" href=\"https:\/\/fr.twiza.org\/portail\/electricite\/\" \/>\n<meta property=\"og:locale\" content=\"fr_FR\" \/>\n<meta property=\"og:type\" content=\"article\" \/>\n<meta property=\"og:title\" content=\"Electricit\u00e9\" \/>\n<meta property=\"og:description\" content=\"Quelles sont les technologies existantes pour l&#039;\u00e9lectricit\u00e9 de ma maison ? Photovolta\u00efque, pieuvre \u00e9lectrique, biocompatible, domotique...\" \/>\n<meta property=\"og:url\" content=\"https:\/\/fr.twiza.org\/portail\/electricite\/\" \/>\n<meta property=\"og:site_name\" content=\"R\u00e9seau Twiza\" \/>\n<meta property=\"article:publisher\" content=\"https:\/\/fr-fr.facebook.com\/Twiza.fr\/\" \/>\n<meta property=\"article:modified_time\" content=\"2024-03-26T15:03:27+00:00\" \/>\n<meta property=\"og:image\" content=\"https:\/\/fr.twiza.org\/portail\/wp-content\/uploads\/2021\/10\/DEF-Domotique-2-O-comp-edited.jpeg\" \/>\n<meta name=\"twitter:card\" content=\"summary_large_image\" \/>\n<script type=\"application\/ld+json\" class=\"yoast-schema-graph\">{\"@context\":\"https:\\\/\\\/schema.org\",\"@graph\":[{\"@type\":\"WebPage\",\"@id\":\"https:\\\/\\\/fr.twiza.org\\\/portail\\\/electricite\\\/\",\"url\":\"https:\\\/\\\/fr.twiza.org\\\/portail\\\/electricite\\\/\",\"name\":\"Electricit\u00e9\",\"isPartOf\":{\"@id\":\"https:\\\/\\\/fr.twiza.org\\\/portail\\\/#website\"},\"primaryImageOfPage\":{\"@id\":\"https:\\\/\\\/fr.twiza.org\\\/portail\\\/electricite\\\/#primaryimage\"},\"image\":{\"@id\":\"https:\\\/\\\/fr.twiza.org\\\/portail\\\/electricite\\\/#primaryimage\"},\"thumbnailUrl\":\"https:\\\/\\\/fr.twiza.org\\\/portail\\\/wp-content\\\/uploads\\\/2021\\\/10\\\/DEF-Domotique-2-O-comp-edited.jpeg\",\"datePublished\":\"2021-11-16T10:19:48+00:00\",\"dateModified\":\"2024-03-26T15:03:27+00:00\",\"description\":\"Quelles sont les technologies existantes pour l'\u00e9lectricit\u00e9 de ma maison ? Photovolta\u00efque, pieuvre \u00e9lectrique, biocompatible, domotique...\",\"breadcrumb\":{\"@id\":\"https:\\\/\\\/fr.twiza.org\\\/portail\\\/electricite\\\/#breadcrumb\"},\"inLanguage\":\"fr-FR\",\"potentialAction\":[{\"@type\":\"ReadAction\",\"target\":[\"https:\\\/\\\/fr.twiza.org\\\/portail\\\/electricite\\\/\"]}]},{\"@type\":\"ImageObject\",\"inLanguage\":\"fr-FR\",\"@id\":\"https:\\\/\\\/fr.twiza.org\\\/portail\\\/electricite\\\/#primaryimage\",\"url\":\"https:\\\/\\\/fr.twiza.org\\\/portail\\\/wp-content\\\/uploads\\\/2021\\\/10\\\/DEF-Domotique-2-O-comp-edited.jpeg\",\"contentUrl\":\"https:\\\/\\\/fr.twiza.org\\\/portail\\\/wp-content\\\/uploads\\\/2021\\\/10\\\/DEF-Domotique-2-O-comp-edited.jpeg\",\"width\":1280,\"height\":721},{\"@type\":\"BreadcrumbList\",\"@id\":\"https:\\\/\\\/fr.twiza.org\\\/portail\\\/electricite\\\/#breadcrumb\",\"itemListElement\":[{\"@type\":\"ListItem\",\"position\":1,\"name\":\"Accueil\",\"item\":\"https:\\\/\\\/fr.twiza.org\\\/portail\\\/\"},{\"@type\":\"ListItem\",\"position\":2,\"name\":\"Electricit\u00e9\"}]},{\"@type\":\"WebSite\",\"@id\":\"https:\\\/\\\/fr.twiza.org\\\/portail\\\/#website\",\"url\":\"https:\\\/\\\/fr.twiza.org\\\/portail\\\/\",\"name\":\"R\u00e9seau Twiza\",\"description\":\"Entraide pour un habitat \u00e9cologique, convivial et r\u00e9silient\",\"publisher\":{\"@id\":\"https:\\\/\\\/fr.twiza.org\\\/portail\\\/#organization\"},\"potentialAction\":[{\"@type\":\"SearchAction\",\"target\":{\"@type\":\"EntryPoint\",\"urlTemplate\":\"https:\\\/\\\/fr.twiza.org\\\/portail\\\/?s={search_term_string}\"},\"query-input\":{\"@type\":\"PropertyValueSpecification\",\"valueRequired\":true,\"valueName\":\"search_term_string\"}}],\"inLanguage\":\"fr-FR\"},{\"@type\":\"Organization\",\"@id\":\"https:\\\/\\\/fr.twiza.org\\\/portail\\\/#organization\",\"name\":\"R\u00e9seau Twiza\",\"url\":\"https:\\\/\\\/fr.twiza.org\\\/portail\\\/\",\"logo\":{\"@type\":\"ImageObject\",\"inLanguage\":\"fr-FR\",\"@id\":\"https:\\\/\\\/fr.twiza.org\\\/portail\\\/#\\\/schema\\\/logo\\\/image\\\/\",\"url\":\"https:\\\/\\\/fr.twiza.org\\\/portail\\\/wp-content\\\/uploads\\\/2021\\\/05\\\/cropped-logo-reseau-twiza.jpg\",\"contentUrl\":\"https:\\\/\\\/fr.twiza.org\\\/portail\\\/wp-content\\\/uploads\\\/2021\\\/05\\\/cropped-logo-reseau-twiza.jpg\",\"width\":400,\"height\":102,\"caption\":\"R\u00e9seau Twiza\"},\"image\":{\"@id\":\"https:\\\/\\\/fr.twiza.org\\\/portail\\\/#\\\/schema\\\/logo\\\/image\\\/\"},\"sameAs\":[\"https:\\\/\\\/fr-fr.facebook.com\\\/Twiza.fr\\\/\",\"https:\\\/\\\/www.instagram.com\\\/twiza_fr\\\/\",\"https:\\\/\\\/www.linkedin.com\\\/company\\\/reseautwiza\\\/\"]}]}<\/script>\n<!-- \/ Yoast SEO Premium plugin. -->","yoast_head_json":{"title":"Electricit\u00e9","description":"Quelles sont les technologies existantes pour l'\u00e9lectricit\u00e9 de ma maison ? Photovolta\u00efque, pieuvre \u00e9lectrique, biocompatible, domotique...","robots":{"index":"index","follow":"follow","max-snippet":"max-snippet:-1","max-image-preview":"max-image-preview:large","max-video-preview":"max-video-preview:-1"},"canonical":"https:\/\/fr.twiza.org\/portail\/electricite\/","og_locale":"fr_FR","og_type":"article","og_title":"Electricit\u00e9","og_description":"Quelles sont les technologies existantes pour l'\u00e9lectricit\u00e9 de ma maison ? Photovolta\u00efque, pieuvre \u00e9lectrique, biocompatible, domotique...","og_url":"https:\/\/fr.twiza.org\/portail\/electricite\/","og_site_name":"R\u00e9seau Twiza","article_publisher":"https:\/\/fr-fr.facebook.com\/Twiza.fr\/","article_modified_time":"2024-03-26T15:03:27+00:00","og_image":[{"url":"https:\/\/fr.twiza.org\/portail\/wp-content\/uploads\/2021\/10\/DEF-Domotique-2-O-comp-edited.jpeg","type":"","width":"","height":""}],"twitter_card":"summary_large_image","schema":{"@context":"https:\/\/schema.org","@graph":[{"@type":"WebPage","@id":"https:\/\/fr.twiza.org\/portail\/electricite\/","url":"https:\/\/fr.twiza.org\/portail\/electricite\/","name":"Electricit\u00e9","isPartOf":{"@id":"https:\/\/fr.twiza.org\/portail\/#website"},"primaryImageOfPage":{"@id":"https:\/\/fr.twiza.org\/portail\/electricite\/#primaryimage"},"image":{"@id":"https:\/\/fr.twiza.org\/portail\/electricite\/#primaryimage"},"thumbnailUrl":"https:\/\/fr.twiza.org\/portail\/wp-content\/uploads\/2021\/10\/DEF-Domotique-2-O-comp-edited.jpeg","datePublished":"2021-11-16T10:19:48+00:00","dateModified":"2024-03-26T15:03:27+00:00","description":"Quelles sont les technologies existantes pour l'\u00e9lectricit\u00e9 de ma maison ? Photovolta\u00efque, pieuvre \u00e9lectrique, biocompatible, domotique...","breadcrumb":{"@id":"https:\/\/fr.twiza.org\/portail\/electricite\/#breadcrumb"},"inLanguage":"fr-FR","potentialAction":[{"@type":"ReadAction","target":["https:\/\/fr.twiza.org\/portail\/electricite\/"]}]},{"@type":"ImageObject","inLanguage":"fr-FR","@id":"https:\/\/fr.twiza.org\/portail\/electricite\/#primaryimage","url":"https:\/\/fr.twiza.org\/portail\/wp-content\/uploads\/2021\/10\/DEF-Domotique-2-O-comp-edited.jpeg","contentUrl":"https:\/\/fr.twiza.org\/portail\/wp-content\/uploads\/2021\/10\/DEF-Domotique-2-O-comp-edited.jpeg","width":1280,"height":721},{"@type":"BreadcrumbList","@id":"https:\/\/fr.twiza.org\/portail\/electricite\/#breadcrumb","itemListElement":[{"@type":"ListItem","position":1,"name":"Accueil","item":"https:\/\/fr.twiza.org\/portail\/"},{"@type":"ListItem","position":2,"name":"Electricit\u00e9"}]},{"@type":"WebSite","@id":"https:\/\/fr.twiza.org\/portail\/#website","url":"https:\/\/fr.twiza.org\/portail\/","name":"R\u00e9seau Twiza","description":"Entraide pour un habitat \u00e9cologique, convivial et r\u00e9silient","publisher":{"@id":"https:\/\/fr.twiza.org\/portail\/#organization"},"potentialAction":[{"@type":"SearchAction","target":{"@type":"EntryPoint","urlTemplate":"https:\/\/fr.twiza.org\/portail\/?s={search_term_string}"},"query-input":{"@type":"PropertyValueSpecification","valueRequired":true,"valueName":"search_term_string"}}],"inLanguage":"fr-FR"},{"@type":"Organization","@id":"https:\/\/fr.twiza.org\/portail\/#organization","name":"R\u00e9seau Twiza","url":"https:\/\/fr.twiza.org\/portail\/","logo":{"@type":"ImageObject","inLanguage":"fr-FR","@id":"https:\/\/fr.twiza.org\/portail\/#\/schema\/logo\/image\/","url":"https:\/\/fr.twiza.org\/portail\/wp-content\/uploads\/2021\/05\/cropped-logo-reseau-twiza.jpg","contentUrl":"https:\/\/fr.twiza.org\/portail\/wp-content\/uploads\/2021\/05\/cropped-logo-reseau-twiza.jpg","width":400,"height":102,"caption":"R\u00e9seau Twiza"},"image":{"@id":"https:\/\/fr.twiza.org\/portail\/#\/schema\/logo\/image\/"},"sameAs":["https:\/\/fr-fr.facebook.com\/Twiza.fr\/","https:\/\/www.instagram.com\/twiza_fr\/","https:\/\/www.linkedin.com\/company\/reseautwiza\/"]}]}},"jetpack_sharing_enabled":true,"_links":{"self":[{"href":"https:\/\/fr.twiza.org\/portail\/wp-json\/wp\/v2\/pages\/3018","targetHints":{"allow":["GET"]}}],"collection":[{"href":"https:\/\/fr.twiza.org\/portail\/wp-json\/wp\/v2\/pages"}],"about":[{"href":"https:\/\/fr.twiza.org\/portail\/wp-json\/wp\/v2\/types\/page"}],"author":[{"embeddable":true,"href":"https:\/\/fr.twiza.org\/portail\/wp-json\/wp\/v2\/users\/3"}],"replies":[{"embeddable":true,"href":"https:\/\/fr.twiza.org\/portail\/wp-json\/wp\/v2\/comments?post=3018"}],"version-history":[{"count":27,"href":"https:\/\/fr.twiza.org\/portail\/wp-json\/wp\/v2\/pages\/3018\/revisions"}],"predecessor-version":[{"id":10364,"href":"https:\/\/fr.twiza.org\/portail\/wp-json\/wp\/v2\/pages\/3018\/revisions\/10364"}],"wp:attachment":[{"href":"https:\/\/fr.twiza.org\/portail\/wp-json\/wp\/v2\/media?parent=3018"}],"curies":[{"name":"wp","href":"https:\/\/api.w.org\/{rel}","templated":true}]}}