{"id":3049,"date":"2021-10-21T15:34:34","date_gmt":"2021-10-21T13:34:34","guid":{"rendered":"https:\/\/fr.twiza.org\/portail\/?page_id=3049"},"modified":"2024-08-26T13:14:14","modified_gmt":"2024-08-26T11:14:14","slug":"achats-groupes-pour-lautoconstruction","status":"publish","type":"page","link":"https:\/\/fr.twiza.org\/portail\/achats-groupes-pour-lautoconstruction\/","title":{"rendered":"Achats group\u00e9s pour l&rsquo;\u00e9coconstruction"},"content":{"rendered":"\n<figure class=\"wp-block-image size-full\"><img fetchpriority=\"high\" decoding=\"async\" width=\"1024\" height=\"576\" src=\"https:\/\/fr.twiza.org\/portail\/wp-content\/uploads\/2022\/12\/achats-groupes-Twiza-1-1024px-edited.jpeg\" alt=\"Achats group\u00e9s Twiza pour les autoconstructeurs\" class=\"wp-image-7700\" srcset=\"https:\/\/fr.twiza.org\/portail\/wp-content\/uploads\/2022\/12\/achats-groupes-Twiza-1-1024px-edited.jpeg 1024w, https:\/\/fr.twiza.org\/portail\/wp-content\/uploads\/2022\/12\/achats-groupes-Twiza-1-1024px-edited-600x338.jpeg 600w, https:\/\/fr.twiza.org\/portail\/wp-content\/uploads\/2022\/12\/achats-groupes-Twiza-1-1024px-edited-300x169.jpeg 300w, https:\/\/fr.twiza.org\/portail\/wp-content\/uploads\/2022\/12\/achats-groupes-Twiza-1-1024px-edited-768x432.jpeg 768w\" sizes=\"(max-width: 1024px) 100vw, 1024px\" \/><\/figure>\n\n\n\n<div style=\"height:20px\" aria-hidden=\"true\" class=\"wp-block-spacer\"><\/div>\n\n\n\n<blockquote class=\"wp-block-quote has-text-align-center is-style-default is-layout-flow wp-block-quote-is-layout-flow\">\n<p class=\"has-text-align-center\">\u00ab\u00a0Choisir les solutions techniques qui respectent notre \u00e9thique, nos besoins et nos moyens est chronophage et souvent stressant. Se regrouper permet de mutualiser de l&rsquo;expertise et du pouvoir de n\u00e9gociation pour acc\u00e9der \u00e0 des solutions de qualit\u00e9 professionnelle au meilleur prix.\u00a0\u00bb<\/p>\n<cite>Maxence DAVID, coordinateur des Groupements d&rsquo;achats Twiza<\/cite><\/blockquote>\n\n\n\n<div style=\"height:15px\" aria-hidden=\"true\" class=\"wp-block-spacer\"><\/div>\n\n\n\n<h2 class=\"wp-block-heading\" id=\"h-le-groupement-d-achats-du-reseau-twiza\">Le groupement d&rsquo;achats du r\u00e9seau Twiza<\/h2>\n\n\n\n<p>Depuis fin 2019, l&rsquo;\u00e9quipe du r\u00e9seau Twiza organise des achats group\u00e9s dans le but d&rsquo;offrir aux autoconstructeurs un acc\u00e8s simple et rapide \u00e0 du mat\u00e9riel de qualit\u00e9 professionnelle, au meilleur prix.<\/p>\n\n\n\n<p>Pour \u00eatre inform\u00e9\u00b7e des op\u00e9rations d&rsquo;achat group\u00e9, il faut compl\u00e9ter <a href=\"https:\/\/reseau-twiza.typeform.com\/to\/ge6KaJ?utm_source=portail&amp;utm_campaign=form_twiza&amp;utm_medium=page&amp;utm_content=lien_form_gae&amp;aff=twiza\" target=\"_blank\" rel=\"noreferrer noopener\">ce formulaire<\/a>, il te conduira ensuite vers le site qui pr\u00e9sente les produits d\u00e9j\u00e0 obtenus en achats group\u00e9s \u00e0 ce jour.<\/p>\n\n\n\n<div class=\"wp-block-buttons is-horizontal is-content-justification-center is-layout-flex wp-container-core-buttons-is-layout-03627597 wp-block-buttons-is-layout-flex\">\n<div class=\"wp-block-button is-style-fill\"><a class=\"wp-block-button__link wp-element-button\" href=\"https:\/\/reseau-twiza.typeform.com\/to\/ge6KaJ?utm_source=portail&amp;utm_campaign=form_twiza&amp;utm_medium=page&amp;utm_content=lien_form_gae&amp;aff=twiza\" target=\"_blank\" rel=\"noreferrer noopener\">S&rsquo;inscrire<\/a><\/div>\n<\/div>\n\n\n\n<p>Pour aller directement sur le site web d\u00e9di\u00e9 <a href=\"https:\/\/forum.twiza.org\/c\/groupement-achat\/10\/none\" target=\"_blank\" rel=\"noreferrer noopener\">clique ici<\/a>.<\/p>\n\n\n\n<p>Important : d&rsquo;autres produits seront n\u00e9goci\u00e9s ult\u00e9rieurement, pour en \u00eatre inform\u00e9\u00b7e des nouveaut\u00e9s pense \u00e0 t&rsquo;inscrire (au-dessus).<\/p>\n\n\n\n<h2 class=\"wp-block-heading\">Cahier des charges<\/h2>\n\n\n\n<p>Sont s\u00e9lectionn\u00e9s les produits adapt\u00e9s aux autoconstructeurs\u00b7trices distribu\u00e9s par des professionnels align\u00e9s avec nos valeurs :<\/p>\n\n\n\n<ul class=\"wp-block-list\">\n<li>qualit\u00e9 professionnelle<\/li>\n\n\n\n<li>performance et durabilit\u00e9<\/li>\n\n\n\n<li>simplicit\u00e9 d&rsquo;usage et de mise en \u0153uvre : limiter le besoin d&rsquo;outillage ou de comp\u00e9tences sp\u00e9cifiques.<\/li>\n\n\n\n<li>rapidit\u00e9 de mise en \u0153uvre : le temps est une ressource pr\u00e9cieuse et limit\u00e9e, nous veillons \u00e0 ce que tu en fasses bon usage.<\/li>\n\n\n\n<li>le meilleur prix, \u00e9quitable.<\/li>\n\n\n\n<li>garanties<\/li>\n<\/ul>\n\n\n\n<h2 class=\"wp-block-heading\">Produits d\u00e9j\u00e0 disponibles<\/h2>\n\n\n\n<ul class=\"wp-block-list\">\n<li>Chauffe-eau solaires<\/li>\n\n\n\n<li>Installation \u00e9lectrique<\/li>\n\n\n\n<li>Po\u00eale de masse<\/li>\n\n\n\n<li>Groupe \u00e9lectrog\u00e8ne photovolta\u00efque<\/li>\n\n\n\n<li>Menuiseries (nouveau)<\/li>\n\n\n\n<li>VMC double flux<\/li>\n<\/ul>\n\n\n\n<p>Nous sommes tr\u00e8s attentifs aux produits int\u00e9gr\u00e9s dans ce catalogue, \u00e7a prend donc beaucoup de temps d&rsquo;\u00e9tudier une candidature. Nous nous appuyons beaucoup sur les recommandations. Si tu as des produits \u00e0 nous sugg\u00e9rer, merci de les recommander \u00e0 achats@twiza.org nous te serons tr\u00e8s reconnaissants d&rsquo;avoir partag\u00e9 ton exp\u00e9rience avec les autres membres du r\u00e9seau.<\/p>\n\n\n\n<p><\/p>\n","protected":false},"excerpt":{"rendered":"<p>\u00ab\u00a0Choisir les solutions techniques qui respectent notre \u00e9thique, nos besoins et nos moyens est chronophage et souvent stressant. Se regrouper permet de mutualiser de l&rsquo;expertise et du pouvoir de n\u00e9gociation pour acc\u00e9der \u00e0 des solutions de qualit\u00e9 professionnelle au meilleur prix.\u00a0\u00bb Maxence DAVID, coordinateur des Groupements d&rsquo;achats Twiza Le groupement [&hellip;]<\/p>\n","protected":false},"author":2,"featured_media":0,"parent":0,"menu_order":0,"comment_status":"closed","ping_status":"closed","template":"","meta":{"_eb_attr":"","_themeisle_gutenberg_block_has_review":false,"footnotes":""},"class_list":["post-3049","page","type-page","status-publish","hentry"],"yoast_head":"<!-- This site is optimized with the Yoast SEO Premium plugin v27.2 (Yoast SEO v27.3) - https:\/\/yoast.com\/product\/yoast-seo-premium-wordpress\/ -->\n<title>Achats group\u00e9s pour l&#039;\u00e9coconstruction<\/title>\n<meta name=\"robots\" content=\"index, follow, max-snippet:-1, max-image-preview:large, max-video-preview:-1\" \/>\n<link rel=\"canonical\" href=\"https:\/\/fr.twiza.org\/portail\/achats-groupes-pour-lautoconstruction\/\" \/>\n<meta property=\"og:locale\" content=\"fr_FR\" \/>\n<meta property=\"og:type\" content=\"article\" \/>\n<meta property=\"og:title\" content=\"Achats group\u00e9s pour l&#039;\u00e9coconstruction\" \/>\n<meta property=\"og:description\" content=\"\u00ab\u00a0Choisir les solutions techniques qui respectent notre \u00e9thique, nos besoins et nos moyens est chronophage et souvent stressant. Se regrouper permet de mutualiser de l&rsquo;expertise et du pouvoir de n\u00e9gociation pour acc\u00e9der \u00e0 des solutions de qualit\u00e9 professionnelle au meilleur prix.\u00a0\u00bb Maxence DAVID, coordinateur des Groupements d&rsquo;achats Twiza Le groupement [&hellip;]\" \/>\n<meta property=\"og:url\" content=\"https:\/\/fr.twiza.org\/portail\/achats-groupes-pour-lautoconstruction\/\" \/>\n<meta property=\"og:site_name\" content=\"R\u00e9seau Twiza\" \/>\n<meta property=\"article:publisher\" content=\"https:\/\/fr-fr.facebook.com\/Twiza.fr\/\" \/>\n<meta property=\"article:modified_time\" content=\"2024-08-26T11:14:14+00:00\" \/>\n<meta property=\"og:image\" content=\"https:\/\/fr.twiza.org\/portail\/wp-content\/uploads\/2022\/12\/achats-groupes-Twiza-1-1024px-edited.jpeg\" \/>\n<meta name=\"twitter:card\" content=\"summary_large_image\" \/>\n<script type=\"application\/ld+json\" class=\"yoast-schema-graph\">{\"@context\":\"https:\\\/\\\/schema.org\",\"@graph\":[{\"@type\":\"WebPage\",\"@id\":\"https:\\\/\\\/fr.twiza.org\\\/portail\\\/achats-groupes-pour-lautoconstruction\\\/\",\"url\":\"https:\\\/\\\/fr.twiza.org\\\/portail\\\/achats-groupes-pour-lautoconstruction\\\/\",\"name\":\"Achats group\u00e9s pour l'\u00e9coconstruction\",\"isPartOf\":{\"@id\":\"https:\\\/\\\/fr.twiza.org\\\/portail\\\/#website\"},\"primaryImageOfPage\":{\"@id\":\"https:\\\/\\\/fr.twiza.org\\\/portail\\\/achats-groupes-pour-lautoconstruction\\\/#primaryimage\"},\"image\":{\"@id\":\"https:\\\/\\\/fr.twiza.org\\\/portail\\\/achats-groupes-pour-lautoconstruction\\\/#primaryimage\"},\"thumbnailUrl\":\"https:\\\/\\\/fr.twiza.org\\\/portail\\\/wp-content\\\/uploads\\\/2022\\\/12\\\/achats-groupes-Twiza-1-1024px-edited.jpeg\",\"datePublished\":\"2021-10-21T13:34:34+00:00\",\"dateModified\":\"2024-08-26T11:14:14+00:00\",\"breadcrumb\":{\"@id\":\"https:\\\/\\\/fr.twiza.org\\\/portail\\\/achats-groupes-pour-lautoconstruction\\\/#breadcrumb\"},\"inLanguage\":\"fr-FR\",\"potentialAction\":[{\"@type\":\"ReadAction\",\"target\":[\"https:\\\/\\\/fr.twiza.org\\\/portail\\\/achats-groupes-pour-lautoconstruction\\\/\"]}]},{\"@type\":\"ImageObject\",\"inLanguage\":\"fr-FR\",\"@id\":\"https:\\\/\\\/fr.twiza.org\\\/portail\\\/achats-groupes-pour-lautoconstruction\\\/#primaryimage\",\"url\":\"https:\\\/\\\/fr.twiza.org\\\/portail\\\/wp-content\\\/uploads\\\/2022\\\/12\\\/achats-groupes-Twiza-1-1024px-edited.jpeg\",\"contentUrl\":\"https:\\\/\\\/fr.twiza.org\\\/portail\\\/wp-content\\\/uploads\\\/2022\\\/12\\\/achats-groupes-Twiza-1-1024px-edited.jpeg\",\"width\":1024,\"height\":576},{\"@type\":\"BreadcrumbList\",\"@id\":\"https:\\\/\\\/fr.twiza.org\\\/portail\\\/achats-groupes-pour-lautoconstruction\\\/#breadcrumb\",\"itemListElement\":[{\"@type\":\"ListItem\",\"position\":1,\"name\":\"Accueil\",\"item\":\"https:\\\/\\\/fr.twiza.org\\\/portail\\\/\"},{\"@type\":\"ListItem\",\"position\":2,\"name\":\"Achats group\u00e9s pour l&#8217;\u00e9coconstruction\"}]},{\"@type\":\"WebSite\",\"@id\":\"https:\\\/\\\/fr.twiza.org\\\/portail\\\/#website\",\"url\":\"https:\\\/\\\/fr.twiza.org\\\/portail\\\/\",\"name\":\"R\u00e9seau Twiza\",\"description\":\"Entraide pour un habitat \u00e9cologique, convivial et r\u00e9silient\",\"publisher\":{\"@id\":\"https:\\\/\\\/fr.twiza.org\\\/portail\\\/#organization\"},\"potentialAction\":[{\"@type\":\"SearchAction\",\"target\":{\"@type\":\"EntryPoint\",\"urlTemplate\":\"https:\\\/\\\/fr.twiza.org\\\/portail\\\/?s={search_term_string}\"},\"query-input\":{\"@type\":\"PropertyValueSpecification\",\"valueRequired\":true,\"valueName\":\"search_term_string\"}}],\"inLanguage\":\"fr-FR\"},{\"@type\":\"Organization\",\"@id\":\"https:\\\/\\\/fr.twiza.org\\\/portail\\\/#organization\",\"name\":\"R\u00e9seau Twiza\",\"url\":\"https:\\\/\\\/fr.twiza.org\\\/portail\\\/\",\"logo\":{\"@type\":\"ImageObject\",\"inLanguage\":\"fr-FR\",\"@id\":\"https:\\\/\\\/fr.twiza.org\\\/portail\\\/#\\\/schema\\\/logo\\\/image\\\/\",\"url\":\"https:\\\/\\\/fr.twiza.org\\\/portail\\\/wp-content\\\/uploads\\\/2021\\\/05\\\/cropped-logo-reseau-twiza.jpg\",\"contentUrl\":\"https:\\\/\\\/fr.twiza.org\\\/portail\\\/wp-content\\\/uploads\\\/2021\\\/05\\\/cropped-logo-reseau-twiza.jpg\",\"width\":400,\"height\":102,\"caption\":\"R\u00e9seau Twiza\"},\"image\":{\"@id\":\"https:\\\/\\\/fr.twiza.org\\\/portail\\\/#\\\/schema\\\/logo\\\/image\\\/\"},\"sameAs\":[\"https:\\\/\\\/fr-fr.facebook.com\\\/Twiza.fr\\\/\",\"https:\\\/\\\/www.instagram.com\\\/twiza_fr\\\/\",\"https:\\\/\\\/www.linkedin.com\\\/company\\\/reseautwiza\\\/\"]}]}<\/script>\n<!-- \/ Yoast SEO Premium plugin. -->","yoast_head_json":{"title":"Achats group\u00e9s pour l'\u00e9coconstruction","robots":{"index":"index","follow":"follow","max-snippet":"max-snippet:-1","max-image-preview":"max-image-preview:large","max-video-preview":"max-video-preview:-1"},"canonical":"https:\/\/fr.twiza.org\/portail\/achats-groupes-pour-lautoconstruction\/","og_locale":"fr_FR","og_type":"article","og_title":"Achats group\u00e9s pour l'\u00e9coconstruction","og_description":"\u00ab\u00a0Choisir les solutions techniques qui respectent notre \u00e9thique, nos besoins et nos moyens est chronophage et souvent stressant. Se regrouper permet de mutualiser de l&rsquo;expertise et du pouvoir de n\u00e9gociation pour acc\u00e9der \u00e0 des solutions de qualit\u00e9 professionnelle au meilleur prix.\u00a0\u00bb Maxence DAVID, coordinateur des Groupements d&rsquo;achats Twiza Le groupement [&hellip;]","og_url":"https:\/\/fr.twiza.org\/portail\/achats-groupes-pour-lautoconstruction\/","og_site_name":"R\u00e9seau Twiza","article_publisher":"https:\/\/fr-fr.facebook.com\/Twiza.fr\/","article_modified_time":"2024-08-26T11:14:14+00:00","og_image":[{"url":"https:\/\/fr.twiza.org\/portail\/wp-content\/uploads\/2022\/12\/achats-groupes-Twiza-1-1024px-edited.jpeg","type":"","width":"","height":""}],"twitter_card":"summary_large_image","schema":{"@context":"https:\/\/schema.org","@graph":[{"@type":"WebPage","@id":"https:\/\/fr.twiza.org\/portail\/achats-groupes-pour-lautoconstruction\/","url":"https:\/\/fr.twiza.org\/portail\/achats-groupes-pour-lautoconstruction\/","name":"Achats group\u00e9s pour l'\u00e9coconstruction","isPartOf":{"@id":"https:\/\/fr.twiza.org\/portail\/#website"},"primaryImageOfPage":{"@id":"https:\/\/fr.twiza.org\/portail\/achats-groupes-pour-lautoconstruction\/#primaryimage"},"image":{"@id":"https:\/\/fr.twiza.org\/portail\/achats-groupes-pour-lautoconstruction\/#primaryimage"},"thumbnailUrl":"https:\/\/fr.twiza.org\/portail\/wp-content\/uploads\/2022\/12\/achats-groupes-Twiza-1-1024px-edited.jpeg","datePublished":"2021-10-21T13:34:34+00:00","dateModified":"2024-08-26T11:14:14+00:00","breadcrumb":{"@id":"https:\/\/fr.twiza.org\/portail\/achats-groupes-pour-lautoconstruction\/#breadcrumb"},"inLanguage":"fr-FR","potentialAction":[{"@type":"ReadAction","target":["https:\/\/fr.twiza.org\/portail\/achats-groupes-pour-lautoconstruction\/"]}]},{"@type":"ImageObject","inLanguage":"fr-FR","@id":"https:\/\/fr.twiza.org\/portail\/achats-groupes-pour-lautoconstruction\/#primaryimage","url":"https:\/\/fr.twiza.org\/portail\/wp-content\/uploads\/2022\/12\/achats-groupes-Twiza-1-1024px-edited.jpeg","contentUrl":"https:\/\/fr.twiza.org\/portail\/wp-content\/uploads\/2022\/12\/achats-groupes-Twiza-1-1024px-edited.jpeg","width":1024,"height":576},{"@type":"BreadcrumbList","@id":"https:\/\/fr.twiza.org\/portail\/achats-groupes-pour-lautoconstruction\/#breadcrumb","itemListElement":[{"@type":"ListItem","position":1,"name":"Accueil","item":"https:\/\/fr.twiza.org\/portail\/"},{"@type":"ListItem","position":2,"name":"Achats group\u00e9s pour l&#8217;\u00e9coconstruction"}]},{"@type":"WebSite","@id":"https:\/\/fr.twiza.org\/portail\/#website","url":"https:\/\/fr.twiza.org\/portail\/","name":"R\u00e9seau Twiza","description":"Entraide pour un habitat \u00e9cologique, convivial et r\u00e9silient","publisher":{"@id":"https:\/\/fr.twiza.org\/portail\/#organization"},"potentialAction":[{"@type":"SearchAction","target":{"@type":"EntryPoint","urlTemplate":"https:\/\/fr.twiza.org\/portail\/?s={search_term_string}"},"query-input":{"@type":"PropertyValueSpecification","valueRequired":true,"valueName":"search_term_string"}}],"inLanguage":"fr-FR"},{"@type":"Organization","@id":"https:\/\/fr.twiza.org\/portail\/#organization","name":"R\u00e9seau Twiza","url":"https:\/\/fr.twiza.org\/portail\/","logo":{"@type":"ImageObject","inLanguage":"fr-FR","@id":"https:\/\/fr.twiza.org\/portail\/#\/schema\/logo\/image\/","url":"https:\/\/fr.twiza.org\/portail\/wp-content\/uploads\/2021\/05\/cropped-logo-reseau-twiza.jpg","contentUrl":"https:\/\/fr.twiza.org\/portail\/wp-content\/uploads\/2021\/05\/cropped-logo-reseau-twiza.jpg","width":400,"height":102,"caption":"R\u00e9seau Twiza"},"image":{"@id":"https:\/\/fr.twiza.org\/portail\/#\/schema\/logo\/image\/"},"sameAs":["https:\/\/fr-fr.facebook.com\/Twiza.fr\/","https:\/\/www.instagram.com\/twiza_fr\/","https:\/\/www.linkedin.com\/company\/reseautwiza\/"]}]}},"jetpack_sharing_enabled":true,"_links":{"self":[{"href":"https:\/\/fr.twiza.org\/portail\/wp-json\/wp\/v2\/pages\/3049","targetHints":{"allow":["GET"]}}],"collection":[{"href":"https:\/\/fr.twiza.org\/portail\/wp-json\/wp\/v2\/pages"}],"about":[{"href":"https:\/\/fr.twiza.org\/portail\/wp-json\/wp\/v2\/types\/page"}],"author":[{"embeddable":true,"href":"https:\/\/fr.twiza.org\/portail\/wp-json\/wp\/v2\/users\/2"}],"replies":[{"embeddable":true,"href":"https:\/\/fr.twiza.org\/portail\/wp-json\/wp\/v2\/comments?post=3049"}],"version-history":[{"count":14,"href":"https:\/\/fr.twiza.org\/portail\/wp-json\/wp\/v2\/pages\/3049\/revisions"}],"predecessor-version":[{"id":8983,"href":"https:\/\/fr.twiza.org\/portail\/wp-json\/wp\/v2\/pages\/3049\/revisions\/8983"}],"wp:attachment":[{"href":"https:\/\/fr.twiza.org\/portail\/wp-json\/wp\/v2\/media?parent=3049"}],"curies":[{"name":"wp","href":"https:\/\/api.w.org\/{rel}","templated":true}]}}