{"id":3328,"date":"2022-01-04T10:33:53","date_gmt":"2022-01-04T09:33:53","guid":{"rendered":"https:\/\/fr.twiza.org\/portail\/?page_id=3328"},"modified":"2024-11-28T12:50:20","modified_gmt":"2024-11-28T11:50:20","slug":"trouver-des-professionnels-ecoconstruction","status":"publish","type":"page","link":"https:\/\/fr.twiza.org\/portail\/trouver-des-professionnels-ecoconstruction\/","title":{"rendered":"Trouver des professionnels"},"content":{"rendered":"\n<h6 class=\"wp-block-heading has-text-align-center\" id=\"h-tu-es-pro-de-l-habitat-ecologique-clique-ici\"><a href=\"https:\/\/fr.twiza.org\/portail\/je-suis-un-pro-de-lhabitat-sain\/\"><em>Tu es pro de l&rsquo;habitat \u00e9cologique ? Clique ici !<\/em><\/a><\/h6>\n\n\n\n<h2 class=\"wp-block-heading\" id=\"h-trouver-un-professionnel-de-confiance-quelles-solutions\">Trouver un professionnel de confiance : quelles solutions ?<\/h2>\n\n\n\n<p>Si le sais probablement d\u00e9j\u00e0, trouver un pro de confiance, c&rsquo;est gal\u00e8re. <\/p>\n\n\n\n<p>L\u2019urgence \u00e9cologique, la rar\u00e9faction des mati\u00e8res premi\u00e8res et des \u00e9nergies acc\u00e9l\u00e8re les prises de conscience individuelles. C\u2019est heureux, mais cela a fait exploser la demande en \u00e9coconstruction.<\/p>\n\n\n\n<p>Or, construire ou r\u00e9nover en respectant l\u2019environnement, en usant de mat\u00e9riaux durables et de m\u00e9thodes de travail \u00e9co-responsables, cela r\u00e9clame <strong>exp\u00e9rience <\/strong>et<strong> comp\u00e9tence<\/strong>.<\/p>\n\n\n\n<p>En cons\u00e9quence : cette demande d\u00e9passe aujourd\u2019hui l\u2019offre de savoir-faire.<\/p>\n\n\n\n<p>Conclusion : c\u2019est la gal\u00e8re pour toi qui cherche un professionnel de confiance pour ton projet.<\/p>\n\n\n\n<p><strong>Chez Twiza, on en a bien conscience et on a construit des solutions pour t\u2019aider.<\/strong><\/p>\n\n\n\n<p>On te propose 2 options :<\/p>\n\n\n\n<h4 class=\"wp-block-heading\" style=\"font-size:18px\">\ud83d\udd0e <a href=\"#Contacter-des-pros\">Parcourir la carte des pros Twiza pour les contacter <em>(cliquer pour voir)<\/em>.<\/a> <\/h4>\n\n\n\n<h4 class=\"wp-block-heading\" style=\"font-size:18px\">\u270d\ufe0f <a href=\"#Etre-contacte-par-des-pros\">Soumettre ton projet afin d&rsquo;\u00eatre contact\u00e9 par les pros Twiza <em>(cliquer pour voir)<\/em>.<\/a><\/h4>\n\n\n\n<p><\/p>\n\n\n\n<h2 class=\"wp-block-heading\" id=\"h-twiza-reference-depuis-des-annees-des-professionnels-de-confiance\">Twiza r\u00e9f\u00e9rence depuis des ann\u00e9es des professionnels de confiance<\/h2>\n\n\n\n<p>S&rsquo;appuyant sur un r\u00e9seau regroupant plus de 60 000 membres et plus de 3000 chantiers depuis 2014, on r\u00e9f\u00e9rence un nombre grandissant de professionnels de confiance. <\/p>\n\n\n\n<p>Tous sensibles aux enjeux \u00e9cologiques et aux pratiques de l\u2019\u00e9coconstruction, ils s\u2019engagent en signant notre <a href=\"https:\/\/fr.twiza.org\/charte-du-reseau-twiza,pa194.html\" target=\"_blank\" rel=\"noreferrer noopener\">charte<\/a> \u00e0 respecter un certain nombre de valeurs qui nous f\u00e9d\u00e8rent : pr\u00e9servation de l\u2019environnement et du vivant, partage des savoirs, transparence dans la gestion des co\u00fbts, convivialit\u00e9 et entraide.<\/p>\n\n\n\n<p>En interaction constante avec les organisateurs de chantiers et les professionnels qui les accompagnent, nous veillons \u00e0 ce que toutes et tous se sentent en harmonie avec ces principes, pour l&rsquo;\u00e9quilibre de la communaut\u00e9.&nbsp;<\/p>\n\n\n\n<p><\/p>\n\n\n\n<h2 class=\"wp-block-heading\" id=\"Contacter-des-pros\">Contacter les pros Twiza : parcourir notre \u00ab\u00a0carte des pros\u00a0\u00bb<\/h2>\n\n\n\n<p><strong>Toutes les expertises sont r\u00e9unies un peu partout en France <\/strong>autour de la conception, de la r\u00e9novation, de la construction, de la formation, etc. sont r\u00e9unies sur la carte ci-dessous.<\/p>\n\n\n\n<p>N&rsquo;h\u00e9site pas \u00e0<strong> contacter les centaines de pros Twiza <\/strong>pour conna\u00eetre leurs honoraires, leurs disponibilit\u00e9s et discuter d&rsquo;une intervention (que tu sois en chantier participatif <strong>ou pas<\/strong>).<\/p>\n\n\n\n<figure class=\"wp-block-image size-full\"><a href=\"https:\/\/fr.twiza.org\/professionnels\/v3\" target=\"_blank\" rel=\"noreferrer noopener\"><img fetchpriority=\"high\" decoding=\"async\" width=\"905\" height=\"799\" src=\"https:\/\/fr.twiza.org\/portail\/wp-content\/uploads\/2022\/10\/Carte-des-professionnels-Twiza.png\" alt=\"Carte des professionnels Twiza\" class=\"wp-image-6894\" srcset=\"https:\/\/fr.twiza.org\/portail\/wp-content\/uploads\/2022\/10\/Carte-des-professionnels-Twiza.png 905w, https:\/\/fr.twiza.org\/portail\/wp-content\/uploads\/2022\/10\/Carte-des-professionnels-Twiza-600x530.png 600w, https:\/\/fr.twiza.org\/portail\/wp-content\/uploads\/2022\/10\/Carte-des-professionnels-Twiza-300x265.png 300w, https:\/\/fr.twiza.org\/portail\/wp-content\/uploads\/2022\/10\/Carte-des-professionnels-Twiza-768x678.png 768w\" sizes=\"(max-width: 905px) 100vw, 905px\" \/><\/a><\/figure>\n\n\n\n<p><em>Pr\u00e9cise ta ville, ton d\u00e9partement, l&rsquo;expertise recherch\u00e9e en cliquant sur la carte ou sur le bouton ci-dessous.<\/em><\/p>\n\n\n\n<div class=\"wp-block-buttons is-horizontal is-content-justification-center is-layout-flex wp-container-core-buttons-is-layout-03627597 wp-block-buttons-is-layout-flex\">\n<div class=\"wp-block-button\"><a class=\"wp-block-button__link wp-element-button\" href=\"https:\/\/fr.twiza.org\/professionnels\/v3\" target=\"_blank\" rel=\"noreferrer noopener\">Parcourir la carte des pros<\/a><\/div>\n<\/div>\n\n\n\n<h6 class=\"wp-block-heading has-white-color has-text-color has-link-color wp-elements-551b04f605d8e4e70653f7f9ec29a62b\" id=\"formulaire\">formulaire<\/h6>\n\n\n\n<h2 class=\"wp-block-heading\" id=\"Etre-contacte-par-des-pros\">\u00catre contact\u00e9 par les pros Twiza : soumettre son projet<\/h2>\n\n\n\n<p>On a d\u00e9velopp\u00e9 un outil original de mise en relation.<\/p>\n\n\n\n<p><em>Comment \u00e7a marche ?<\/em><\/p>\n\n\n\n<p>1. Tu remplis un formulaire dans lequel tu <strong>pr\u00e9sentes ton projet<\/strong> (plus c&rsquo;est complet, mieux c&rsquo;est).<\/p>\n\n\n\n<p>2. On le propose aux professionnels du r\u00e9seau Twiza : <strong>ils le s\u00e9lectionnent<\/strong> si ils ont le temps, si \u00e7a correspond \u00e0 leur expertise ou \u00e0 leur territoire d&rsquo;intervention.<\/p>\n\n\n\n<p>3. O<strong>n vous met en relation<\/strong> : tu re\u00e7ois ses coordonn\u00e9es et lui aussi. <\/p>\n\n\n\n<p>\ud83e\udd19<strong> Y&rsquo;a plus qu&rsquo;\u00e0 s&rsquo;appeler !<\/strong><\/p>\n\n\n\n<p>Comme tu t\u2019en doutes, nos professionnels <strong>sont tr\u00e8s sollicit\u00e9s.<\/strong> Pour mettre toutes les chances de ton c\u00f4t\u00e9 et augmenter la probabilit\u00e9 que ton projet soit retenu par un professionnel adapt\u00e9, on t&rsquo;incite \u00e0 remplir ce petit questionnaire <strong>avec soin<\/strong>. On a simplifi\u00e9 au maximum tu verras. <\/p>\n\n\n\n<div class=\"wp-block-buttons is-horizontal is-content-justification-center is-layout-flex wp-container-core-buttons-is-layout-03627597 wp-block-buttons-is-layout-flex\">\n<div class=\"wp-block-button\"><a class=\"wp-block-button__link wp-element-button\" href=\"https:\/\/airtable.com\/apphWYFk1vvb4PAa9\/pagBTPbijk8NmHvgk\/form?prefill_utm_src=portail&amp;prefill_utm_cpg=page_trouver_pros&amp;prefill_medium=cta&amp;hide_utm_src=true&amp;hide_utm_cpg=true&amp;hide_medium=true&amp;hide_idclient=true\" target=\"_blank\" rel=\"noreferrer noopener\">Soumettre ton projet<\/a><\/div>\n<\/div>\n\n\n\n<div style=\"height:24px\" aria-hidden=\"true\" class=\"wp-block-spacer\"><\/div>\n\n\n\n<p><strong>PS : si ton projet n&rsquo;est plus d&rsquo;actualit\u00e9, \u00e9cris \u00e0 l&rsquo;adresse <a href=\"mailto:theo@twiza.org\">contact@twiza.org<\/a> afin qu&rsquo;on le retire.<\/strong><\/p>\n\n\n<div class=\"wp-block-image is-style-default\">\n<figure class=\"aligncenter size-large\"><img decoding=\"async\" width=\"1024\" height=\"500\" src=\"https:\/\/fr.twiza.org\/portail\/wp-content\/uploads\/2022\/01\/Frame-17-1024x500.png\" alt=\"Sch\u00e9ma de mise en relation avec des professionnels\" class=\"wp-image-3499\" srcset=\"https:\/\/fr.twiza.org\/portail\/wp-content\/uploads\/2022\/01\/Frame-17-1024x500.png 1024w, https:\/\/fr.twiza.org\/portail\/wp-content\/uploads\/2022\/01\/Frame-17-600x293.png 600w, https:\/\/fr.twiza.org\/portail\/wp-content\/uploads\/2022\/01\/Frame-17-300x146.png 300w, https:\/\/fr.twiza.org\/portail\/wp-content\/uploads\/2022\/01\/Frame-17-768x375.png 768w, https:\/\/fr.twiza.org\/portail\/wp-content\/uploads\/2022\/01\/Frame-17-1536x750.png 1536w, https:\/\/fr.twiza.org\/portail\/wp-content\/uploads\/2022\/01\/Frame-17-2048x1000.png 2048w\" sizes=\"(max-width: 1024px) 100vw, 1024px\" \/><\/figure>\n<\/div>\n\n\n<h2 class=\"wp-block-heading\" id=\"h-pour-aller-plus-loin\">Pour aller plus loin<\/h2>\n\n\n\n<p>Si tu as besoin d\u2019aide pour clarifier tes besoins et organiser ton projet, tu peux toujours consulter <a href=\"https:\/\/fr.twiza.org\/portail\/anatomies-darchitecture\/\" target=\"_blank\" rel=\"noreferrer noopener\">nos ressources<\/a> ou lire <a href=\"https:\/\/fr.twiza.org\/portail\/guides-dachat\/\" target=\"_blank\" rel=\"noreferrer noopener\">nos guides<\/a>.<\/p>\n\n\n\n<p>Tu peux aussi parcourir la <a href=\"https:\/\/fr.twiza.org\/professionnels-eco-construction\/v3\" target=\"_blank\" rel=\"noreferrer noopener\">carte<\/a> des professionnels r\u00e9f\u00e9renc\u00e9s publiquement sur Twiza. Il ne s&rsquo;y trouve qu&rsquo;une fraction des pros r\u00e9f\u00e9renc\u00e9s mais tu y trouveras peut-\u00eatre ton bonheur.<\/p>\n\n\n\n<h2 class=\"wp-block-heading\" id=\"h-tu-es-un-professionnel\">Tu es un professionnel ?<\/h2>\n\n\n\n<p>Tu te sens en phase avec nos <a href=\"https:\/\/fr.twiza.org\/portail\/charte-des-pros-du-reseau-twiza\/\">valeurs<\/a> et tu souhaites :<\/p>\n\n\n\n<ul class=\"wp-block-list\">\n<li>D\u00e9velopper ton r\u00e9seau professionnel, rencontrer les acteurs cl\u00e9s de l&rsquo;\u00e9coconstruction dans ta r\u00e9gion et \u00e9changer des bonnes pratiques (ou des bons plans) ;<\/li>\n\n\n\n<li>Trouver de nouveaux clients et travailler pour des projets int\u00e9ressants tant sur le plan \u00e9thique que technique&nbsp;<\/li>\n<\/ul>\n\n\n\n<p>N\u2019h\u00e9site pas \u00e0 rejoindre le r\u00e9seau des professionnels de Twiza \ud83d\udc49 <a href=\"https:\/\/go.twiza.org\/rejoindre-pros-assos\">Se r\u00e9f\u00e9rencer.<\/a><\/p>\n\n\n\n<div style=\"height:100px\" aria-hidden=\"true\" class=\"wp-block-spacer\"><\/div>\n","protected":false},"excerpt":{"rendered":"<p>Tu es pro de l&rsquo;habitat \u00e9cologique ? Clique ici ! Trouver un professionnel de confiance : quelles solutions ? Si le sais probablement d\u00e9j\u00e0, trouver un pro de confiance, c&rsquo;est gal\u00e8re. L\u2019urgence \u00e9cologique, la rar\u00e9faction des mati\u00e8res premi\u00e8res et des \u00e9nergies acc\u00e9l\u00e8re les prises de conscience individuelles. C\u2019est heureux, mais [&hellip;]<\/p>\n","protected":false},"author":10,"featured_media":0,"parent":0,"menu_order":0,"comment_status":"closed","ping_status":"closed","template":"","meta":{"_eb_attr":"","_themeisle_gutenberg_block_has_review":false,"footnotes":""},"class_list":["post-3328","page","type-page","status-publish","hentry"],"yoast_head":"<!-- This site is optimized with the Yoast SEO Premium plugin v27.2 (Yoast SEO v27.4) - https:\/\/yoast.com\/product\/yoast-seo-premium-wordpress\/ -->\n<title>Trouver un professionnel de l&#039;\u00e9coconstruction et de l&#039;habitat durable<\/title>\n<meta name=\"description\" content=\"Trouver un professionnel de l&#039;\u00e9coconstruction et de l&#039;habitat durable n&#039;est pas \u00e9vident : publie ta demande aupr\u00e8s du r\u00e9seau Twiza.\" \/>\n<meta name=\"robots\" content=\"index, follow, max-snippet:-1, max-image-preview:large, max-video-preview:-1\" \/>\n<link rel=\"canonical\" href=\"https:\/\/fr.twiza.org\/portail\/trouver-des-professionnels-ecoconstruction\/\" \/>\n<meta property=\"og:locale\" content=\"fr_FR\" \/>\n<meta property=\"og:type\" content=\"article\" \/>\n<meta property=\"og:title\" content=\"Trouver des professionnels\" \/>\n<meta property=\"og:description\" content=\"Trouver un professionnel de l&#039;\u00e9coconstruction et de l&#039;habitat durable n&#039;est pas \u00e9vident : publie ta demande aupr\u00e8s du r\u00e9seau Twiza.\" \/>\n<meta property=\"og:url\" content=\"https:\/\/fr.twiza.org\/portail\/trouver-des-professionnels-ecoconstruction\/\" \/>\n<meta property=\"og:site_name\" content=\"R\u00e9seau Twiza\" \/>\n<meta property=\"article:publisher\" content=\"https:\/\/fr-fr.facebook.com\/Twiza.fr\/\" \/>\n<meta property=\"article:modified_time\" content=\"2024-11-28T11:50:20+00:00\" \/>\n<meta property=\"og:image\" content=\"https:\/\/fr.twiza.org\/portail\/wp-content\/uploads\/2022\/10\/Carte-des-professionnels-Twiza.png\" \/>\n<meta name=\"twitter:card\" content=\"summary_large_image\" \/>\n<script type=\"application\/ld+json\" class=\"yoast-schema-graph\">{\"@context\":\"https:\\\/\\\/schema.org\",\"@graph\":[{\"@type\":\"WebPage\",\"@id\":\"https:\\\/\\\/fr.twiza.org\\\/portail\\\/trouver-des-professionnels-ecoconstruction\\\/\",\"url\":\"https:\\\/\\\/fr.twiza.org\\\/portail\\\/trouver-des-professionnels-ecoconstruction\\\/\",\"name\":\"Trouver un professionnel de l'\u00e9coconstruction et de l'habitat durable\",\"isPartOf\":{\"@id\":\"https:\\\/\\\/fr.twiza.org\\\/portail\\\/#website\"},\"primaryImageOfPage\":{\"@id\":\"https:\\\/\\\/fr.twiza.org\\\/portail\\\/trouver-des-professionnels-ecoconstruction\\\/#primaryimage\"},\"image\":{\"@id\":\"https:\\\/\\\/fr.twiza.org\\\/portail\\\/trouver-des-professionnels-ecoconstruction\\\/#primaryimage\"},\"thumbnailUrl\":\"https:\\\/\\\/fr.twiza.org\\\/portail\\\/wp-content\\\/uploads\\\/2022\\\/10\\\/Carte-des-professionnels-Twiza.png\",\"datePublished\":\"2022-01-04T09:33:53+00:00\",\"dateModified\":\"2024-11-28T11:50:20+00:00\",\"description\":\"Trouver un professionnel de l'\u00e9coconstruction et de l'habitat durable n'est pas \u00e9vident : publie ta demande aupr\u00e8s du r\u00e9seau Twiza.\",\"breadcrumb\":{\"@id\":\"https:\\\/\\\/fr.twiza.org\\\/portail\\\/trouver-des-professionnels-ecoconstruction\\\/#breadcrumb\"},\"inLanguage\":\"fr-FR\",\"potentialAction\":[{\"@type\":\"ReadAction\",\"target\":[\"https:\\\/\\\/fr.twiza.org\\\/portail\\\/trouver-des-professionnels-ecoconstruction\\\/\"]}]},{\"@type\":\"ImageObject\",\"inLanguage\":\"fr-FR\",\"@id\":\"https:\\\/\\\/fr.twiza.org\\\/portail\\\/trouver-des-professionnels-ecoconstruction\\\/#primaryimage\",\"url\":\"https:\\\/\\\/fr.twiza.org\\\/portail\\\/wp-content\\\/uploads\\\/2022\\\/10\\\/Carte-des-professionnels-Twiza.png\",\"contentUrl\":\"https:\\\/\\\/fr.twiza.org\\\/portail\\\/wp-content\\\/uploads\\\/2022\\\/10\\\/Carte-des-professionnels-Twiza.png\",\"width\":905,\"height\":799},{\"@type\":\"BreadcrumbList\",\"@id\":\"https:\\\/\\\/fr.twiza.org\\\/portail\\\/trouver-des-professionnels-ecoconstruction\\\/#breadcrumb\",\"itemListElement\":[{\"@type\":\"ListItem\",\"position\":1,\"name\":\"Accueil\",\"item\":\"https:\\\/\\\/fr.twiza.org\\\/portail\\\/\"},{\"@type\":\"ListItem\",\"position\":2,\"name\":\"Trouver des professionnels\"}]},{\"@type\":\"WebSite\",\"@id\":\"https:\\\/\\\/fr.twiza.org\\\/portail\\\/#website\",\"url\":\"https:\\\/\\\/fr.twiza.org\\\/portail\\\/\",\"name\":\"R\u00e9seau Twiza\",\"description\":\"Entraide pour un habitat \u00e9cologique, convivial et r\u00e9silient\",\"publisher\":{\"@id\":\"https:\\\/\\\/fr.twiza.org\\\/portail\\\/#organization\"},\"potentialAction\":[{\"@type\":\"SearchAction\",\"target\":{\"@type\":\"EntryPoint\",\"urlTemplate\":\"https:\\\/\\\/fr.twiza.org\\\/portail\\\/?s={search_term_string}\"},\"query-input\":{\"@type\":\"PropertyValueSpecification\",\"valueRequired\":true,\"valueName\":\"search_term_string\"}}],\"inLanguage\":\"fr-FR\"},{\"@type\":\"Organization\",\"@id\":\"https:\\\/\\\/fr.twiza.org\\\/portail\\\/#organization\",\"name\":\"R\u00e9seau Twiza\",\"url\":\"https:\\\/\\\/fr.twiza.org\\\/portail\\\/\",\"logo\":{\"@type\":\"ImageObject\",\"inLanguage\":\"fr-FR\",\"@id\":\"https:\\\/\\\/fr.twiza.org\\\/portail\\\/#\\\/schema\\\/logo\\\/image\\\/\",\"url\":\"https:\\\/\\\/fr.twiza.org\\\/portail\\\/wp-content\\\/uploads\\\/2021\\\/05\\\/cropped-logo-reseau-twiza.jpg\",\"contentUrl\":\"https:\\\/\\\/fr.twiza.org\\\/portail\\\/wp-content\\\/uploads\\\/2021\\\/05\\\/cropped-logo-reseau-twiza.jpg\",\"width\":400,\"height\":102,\"caption\":\"R\u00e9seau Twiza\"},\"image\":{\"@id\":\"https:\\\/\\\/fr.twiza.org\\\/portail\\\/#\\\/schema\\\/logo\\\/image\\\/\"},\"sameAs\":[\"https:\\\/\\\/fr-fr.facebook.com\\\/Twiza.fr\\\/\",\"https:\\\/\\\/www.instagram.com\\\/twiza_fr\\\/\",\"https:\\\/\\\/www.linkedin.com\\\/company\\\/reseautwiza\\\/\"]}]}<\/script>\n<!-- \/ Yoast SEO Premium plugin. -->","yoast_head_json":{"title":"Trouver un professionnel de l'\u00e9coconstruction et de l'habitat durable","description":"Trouver un professionnel de l'\u00e9coconstruction et de l'habitat durable n'est pas \u00e9vident : publie ta demande aupr\u00e8s du r\u00e9seau Twiza.","robots":{"index":"index","follow":"follow","max-snippet":"max-snippet:-1","max-image-preview":"max-image-preview:large","max-video-preview":"max-video-preview:-1"},"canonical":"https:\/\/fr.twiza.org\/portail\/trouver-des-professionnels-ecoconstruction\/","og_locale":"fr_FR","og_type":"article","og_title":"Trouver des professionnels","og_description":"Trouver un professionnel de l'\u00e9coconstruction et de l'habitat durable n'est pas \u00e9vident : publie ta demande aupr\u00e8s du r\u00e9seau Twiza.","og_url":"https:\/\/fr.twiza.org\/portail\/trouver-des-professionnels-ecoconstruction\/","og_site_name":"R\u00e9seau Twiza","article_publisher":"https:\/\/fr-fr.facebook.com\/Twiza.fr\/","article_modified_time":"2024-11-28T11:50:20+00:00","og_image":[{"url":"https:\/\/fr.twiza.org\/portail\/wp-content\/uploads\/2022\/10\/Carte-des-professionnels-Twiza.png","type":"","width":"","height":""}],"twitter_card":"summary_large_image","schema":{"@context":"https:\/\/schema.org","@graph":[{"@type":"WebPage","@id":"https:\/\/fr.twiza.org\/portail\/trouver-des-professionnels-ecoconstruction\/","url":"https:\/\/fr.twiza.org\/portail\/trouver-des-professionnels-ecoconstruction\/","name":"Trouver un professionnel de l'\u00e9coconstruction et de l'habitat durable","isPartOf":{"@id":"https:\/\/fr.twiza.org\/portail\/#website"},"primaryImageOfPage":{"@id":"https:\/\/fr.twiza.org\/portail\/trouver-des-professionnels-ecoconstruction\/#primaryimage"},"image":{"@id":"https:\/\/fr.twiza.org\/portail\/trouver-des-professionnels-ecoconstruction\/#primaryimage"},"thumbnailUrl":"https:\/\/fr.twiza.org\/portail\/wp-content\/uploads\/2022\/10\/Carte-des-professionnels-Twiza.png","datePublished":"2022-01-04T09:33:53+00:00","dateModified":"2024-11-28T11:50:20+00:00","description":"Trouver un professionnel de l'\u00e9coconstruction et de l'habitat durable n'est pas \u00e9vident : publie ta demande aupr\u00e8s du r\u00e9seau Twiza.","breadcrumb":{"@id":"https:\/\/fr.twiza.org\/portail\/trouver-des-professionnels-ecoconstruction\/#breadcrumb"},"inLanguage":"fr-FR","potentialAction":[{"@type":"ReadAction","target":["https:\/\/fr.twiza.org\/portail\/trouver-des-professionnels-ecoconstruction\/"]}]},{"@type":"ImageObject","inLanguage":"fr-FR","@id":"https:\/\/fr.twiza.org\/portail\/trouver-des-professionnels-ecoconstruction\/#primaryimage","url":"https:\/\/fr.twiza.org\/portail\/wp-content\/uploads\/2022\/10\/Carte-des-professionnels-Twiza.png","contentUrl":"https:\/\/fr.twiza.org\/portail\/wp-content\/uploads\/2022\/10\/Carte-des-professionnels-Twiza.png","width":905,"height":799},{"@type":"BreadcrumbList","@id":"https:\/\/fr.twiza.org\/portail\/trouver-des-professionnels-ecoconstruction\/#breadcrumb","itemListElement":[{"@type":"ListItem","position":1,"name":"Accueil","item":"https:\/\/fr.twiza.org\/portail\/"},{"@type":"ListItem","position":2,"name":"Trouver des professionnels"}]},{"@type":"WebSite","@id":"https:\/\/fr.twiza.org\/portail\/#website","url":"https:\/\/fr.twiza.org\/portail\/","name":"R\u00e9seau Twiza","description":"Entraide pour un habitat \u00e9cologique, convivial et r\u00e9silient","publisher":{"@id":"https:\/\/fr.twiza.org\/portail\/#organization"},"potentialAction":[{"@type":"SearchAction","target":{"@type":"EntryPoint","urlTemplate":"https:\/\/fr.twiza.org\/portail\/?s={search_term_string}"},"query-input":{"@type":"PropertyValueSpecification","valueRequired":true,"valueName":"search_term_string"}}],"inLanguage":"fr-FR"},{"@type":"Organization","@id":"https:\/\/fr.twiza.org\/portail\/#organization","name":"R\u00e9seau Twiza","url":"https:\/\/fr.twiza.org\/portail\/","logo":{"@type":"ImageObject","inLanguage":"fr-FR","@id":"https:\/\/fr.twiza.org\/portail\/#\/schema\/logo\/image\/","url":"https:\/\/fr.twiza.org\/portail\/wp-content\/uploads\/2021\/05\/cropped-logo-reseau-twiza.jpg","contentUrl":"https:\/\/fr.twiza.org\/portail\/wp-content\/uploads\/2021\/05\/cropped-logo-reseau-twiza.jpg","width":400,"height":102,"caption":"R\u00e9seau Twiza"},"image":{"@id":"https:\/\/fr.twiza.org\/portail\/#\/schema\/logo\/image\/"},"sameAs":["https:\/\/fr-fr.facebook.com\/Twiza.fr\/","https:\/\/www.instagram.com\/twiza_fr\/","https:\/\/www.linkedin.com\/company\/reseautwiza\/"]}]}},"jetpack_sharing_enabled":true,"_links":{"self":[{"href":"https:\/\/fr.twiza.org\/portail\/wp-json\/wp\/v2\/pages\/3328","targetHints":{"allow":["GET"]}}],"collection":[{"href":"https:\/\/fr.twiza.org\/portail\/wp-json\/wp\/v2\/pages"}],"about":[{"href":"https:\/\/fr.twiza.org\/portail\/wp-json\/wp\/v2\/types\/page"}],"author":[{"embeddable":true,"href":"https:\/\/fr.twiza.org\/portail\/wp-json\/wp\/v2\/users\/10"}],"replies":[{"embeddable":true,"href":"https:\/\/fr.twiza.org\/portail\/wp-json\/wp\/v2\/comments?post=3328"}],"version-history":[{"count":69,"href":"https:\/\/fr.twiza.org\/portail\/wp-json\/wp\/v2\/pages\/3328\/revisions"}],"predecessor-version":[{"id":11872,"href":"https:\/\/fr.twiza.org\/portail\/wp-json\/wp\/v2\/pages\/3328\/revisions\/11872"}],"wp:attachment":[{"href":"https:\/\/fr.twiza.org\/portail\/wp-json\/wp\/v2\/media?parent=3328"}],"curies":[{"name":"wp","href":"https:\/\/api.w.org\/{rel}","templated":true}]}}