{"id":3346,"date":"2022-01-21T11:09:03","date_gmt":"2022-01-21T10:09:03","guid":{"rendered":"https:\/\/fr.twiza.org\/portail\/?page_id=3346"},"modified":"2022-05-20T17:32:41","modified_gmt":"2022-05-20T15:32:41","slug":"economies-deau","status":"publish","type":"page","link":"https:\/\/fr.twiza.org\/portail\/economies-deau\/","title":{"rendered":"Economies d&rsquo;eau"},"content":{"rendered":"\n<figure class=\"wp-block-image size-full\"><img fetchpriority=\"high\" decoding=\"async\" width=\"1023\" height=\"575\" src=\"https:\/\/fr.twiza.org\/portail\/wp-content\/uploads\/2022\/01\/Economie-eau-robinet-edited.jpeg\" alt=\"Eau du robinet, comment limiter ses factures d'eau et d'\u00e9nergies\" class=\"wp-image-3473\" srcset=\"https:\/\/fr.twiza.org\/portail\/wp-content\/uploads\/2022\/01\/Economie-eau-robinet-edited.jpeg 1023w, https:\/\/fr.twiza.org\/portail\/wp-content\/uploads\/2022\/01\/Economie-eau-robinet-edited-600x337.jpeg 600w, https:\/\/fr.twiza.org\/portail\/wp-content\/uploads\/2022\/01\/Economie-eau-robinet-edited-300x169.jpeg 300w, https:\/\/fr.twiza.org\/portail\/wp-content\/uploads\/2022\/01\/Economie-eau-robinet-edited-768x432.jpeg 768w\" sizes=\"(max-width: 1023px) 100vw, 1023px\" \/><\/figure>\n\n\n\n<h2 class=\"wp-block-heading\" id=\"h-economies-d-eau-definition\">Economies d&rsquo;eau : d\u00e9finition<\/h2>\n\n\n\n<p>Limiter ta consommation d\u2019<strong>eau potable<\/strong> a de multiples avantages, notamment celui de pr\u00e9server cette ressource tr\u00e8s pr\u00e9cieuse.&nbsp;<\/p>\n\n\n\n<p>Mais il y a d\u2019autres avantages associ\u00e9s :<strong> <\/strong>diminuer la quantit\u00e9 d\u2019<strong>\u00e9nergie <\/strong>utilis\u00e9e pour la capter, la rendre potable, la chauffer(<a href=\"https:\/\/fr.twiza.org\/portail\/eau-chaude-sanitaire-ecs\/\" target=\"_blank\" rel=\"noreferrer noopener\">Eau Chaude Sanitaire<\/a>), et enfin l\u2019\u00e9purer.<\/p>\n\n\n\n<p>Or de nos jours, il existe des solutions faciles \u00e0 mettre en \u0153uvre pour <strong>\u00e9conomiser l\u2019eau<\/strong>. Sachant que ces derni\u00e8res ne r\u00e9duisent pas forc\u00e9ment ton confort et sont parfois gratuites.<\/p>\n\n\n\n<p>Pour commencer, on te propose des astuces incontournables et pas ch\u00e8res pour r\u00e9duire tes factures d&rsquo;eau potable et d&rsquo;\u00e9nergie : <strong>embouts mousseurs<\/strong>, <strong>douchettes \u00e9conomes<\/strong> etc. Enfin on aborde d\u2019autres solutions, n\u00e9cessitant parfois un peu plus d\u2019investissement (tr\u00e8s vite rentable ! ) : la <strong>r\u00e9cup\u00e9ration d\u2019eau<\/strong> <strong>de pluie<\/strong>, le <strong>recyclage<\/strong> de tes <strong>eaux grises domestiques<\/strong>, et enfin l\u2019utilisation de l\u2019<strong>eau de ton puits<\/strong>.<\/p>\n\n\n\n<h2 class=\"wp-block-heading\" id=\"economies-d-eau-quelles-solutions\">Economies d&rsquo;eau : quelles solutions ?<\/h2>\n\n\n\n<h3 class=\"wp-block-heading\" id=\"les-astuces-incontournables-et-pas-cheres\">Les astuces incontournables et pas ch\u00e8res<\/h3>\n\n\n\n<p>Pas besoin d\u2019aller chercher trop loin pour faire de grosses <strong>\u00e9conomies d\u2019eau<\/strong>. Il existe des <strong>technologies<\/strong> tr\u00e8s simples et largement abordables financi\u00e8rement, telles que :<\/p>\n\n\n\n<ul class=\"wp-block-list\"><li>Les <strong>embouts mousseurs<\/strong> (prix = environ 5 \u20ac) : r\u00e9duction de 30 \u00e0 50 % du d\u00e9bit de ton robinet, sans diminuer sa pression<\/li><li>Les <strong>pommes de douche \u00e9conomes<\/strong> : \u00e0 faible d\u00e9bit, jusqu\u2019\u00e0 75% d\u2019\u00e9conomies d\u2019eau<\/li><\/ul>\n\n\n\n<figure class=\"wp-block-image size-full\"><img decoding=\"async\" width=\"1024\" height=\"535\" src=\"https:\/\/fr.twiza.org\/portail\/wp-content\/uploads\/2022\/01\/Economie-eau-douche.jpeg\" alt=\"Prendre des douches plut\u00f4t que des bains pour limiter sa consommation d'eau\" class=\"wp-image-3474\" srcset=\"https:\/\/fr.twiza.org\/portail\/wp-content\/uploads\/2022\/01\/Economie-eau-douche.jpeg 1024w, https:\/\/fr.twiza.org\/portail\/wp-content\/uploads\/2022\/01\/Economie-eau-douche-600x313.jpeg 600w, https:\/\/fr.twiza.org\/portail\/wp-content\/uploads\/2022\/01\/Economie-eau-douche-300x157.jpeg 300w, https:\/\/fr.twiza.org\/portail\/wp-content\/uploads\/2022\/01\/Economie-eau-douche-768x401.jpeg 768w\" sizes=\"(max-width: 1024px) 100vw, 1024px\" \/><\/figure>\n\n\n\n<p>Tu peux \u00e9galement faire la diff\u00e9rence en changeant quelques unes de tes habitudes, comme par exemple :<\/p>\n\n\n\n<ul class=\"wp-block-list\"><li><strong>Eviter<\/strong> de prendre des <strong>bains<\/strong><\/li><li><strong>V\u00e9rifier<\/strong> r\u00e9guli\u00e8rement s\u2019il n\u2019y a pas de <strong>fuites d\u2019eau<\/strong> au sein de ton r\u00e9seau<\/li><\/ul>\n\n\n\n<p><\/p>\n\n\n\n<p>Pour aller plus loin et conna\u00eetre encore plus d\u2019astuces, l\u2019<strong>ADEME<\/strong> a produit de tr\u00e8s bons documents :<\/p>\n\n\n\n<ul class=\"wp-block-list\"><li><a href=\"https:\/\/librairie.ademe.fr\/cadic\/1001\/guide-pratique-economiser-eau-energie.pdf?modal=false\" target=\"_blank\" rel=\"noreferrer noopener\">40 trucs et astuces pour \u00e9conomiser l\u2019eau et l\u2019\u00e9nergie<\/a><\/li><li><a href=\"https:\/\/librairie.ademe.fr\/cadic\/987\/infographie-economiser-eau-energie.pdf?modal=false\" target=\"_blank\" rel=\"noreferrer noopener\">Eau et \u00e9nergie : quelles consommations ?<\/a><\/li><\/ul>\n\n\n\n<p><\/p>\n\n\n\n<h3 class=\"wp-block-heading\" id=\"la-recuperation-d-eau-de-pluie\">La r\u00e9cup\u00e9ration d&rsquo;eau de pluie<\/h3>\n\n\n\n<figure class=\"wp-block-image size-full\"><img decoding=\"async\" width=\"800\" height=\"444\" src=\"https:\/\/fr.twiza.org\/portail\/wp-content\/uploads\/2022\/01\/Economie-eau-re\u0301cupe\u0301ration-eau-de-pluie.jpeg\" alt=\"Bacs de r\u00e9cup\u00e9ration d'eau de pluie pour \u00e9conomiser l'eau potable\" class=\"wp-image-3475\" srcset=\"https:\/\/fr.twiza.org\/portail\/wp-content\/uploads\/2022\/01\/Economie-eau-re\u0301cupe\u0301ration-eau-de-pluie.jpeg 800w, https:\/\/fr.twiza.org\/portail\/wp-content\/uploads\/2022\/01\/Economie-eau-re\u0301cupe\u0301ration-eau-de-pluie-600x333.jpeg 600w, https:\/\/fr.twiza.org\/portail\/wp-content\/uploads\/2022\/01\/Economie-eau-re\u0301cupe\u0301ration-eau-de-pluie-300x167.jpeg 300w, https:\/\/fr.twiza.org\/portail\/wp-content\/uploads\/2022\/01\/Economie-eau-re\u0301cupe\u0301ration-eau-de-pluie-768x426.jpeg 768w\" sizes=\"(max-width: 800px) 100vw, 800px\" \/><figcaption><meta charset=\"utf-8\">Photo de Hardworkinghippy: La ferme de Sourrou &#8211; https:\/\/www.flickr.com\/people\/hardworkinghippy\/<\/figcaption><\/figure>\n\n\n\n<p>Un vaste choix de solutions existe pour la <strong>r\u00e9cup\u00e9ration<\/strong> et l\u2019<strong>utilisation<\/strong> de l\u2019<strong>eau de pluie<\/strong>. En effet, cela va de la <strong>cuve<\/strong> en plastique dans ton jardin te permettant de stocker de l\u2019eau pour ton arrosage, \u00e0 des syst\u00e8mes t\u2019offrant une <strong>autonomie<\/strong> compl\u00e8te.<\/p>\n\n\n\n<p>Bon \u00e0 savoir : selon l\u2019<a href=\"https:\/\/librairie.ademe.fr\/cadic\/987\/infographie-economiser-eau-energie.pdf?modal=false\" target=\"_blank\" rel=\"noreferrer noopener\">ADEME<\/a> en moyenne, en 2020, un fran\u00e7ais consomme 143 litres d\u2019eau potable par jour, dont 93% sert \u00e0 l\u2019hygi\u00e8ne corporelle, les sanitaires, la lessive, la vaisselle et l\u2019entretien de l\u2019habitat. Or tous ces besoins peuvent \u00eatre couverts par de l\u2019<strong>eau de pluie<\/strong> sans aucun risque.<\/p>\n\n\n\n<p>Par contre, l\u2019eau utilis\u00e9e pour la cuisine ou la boisson n\u00e9cessite plus de pr\u00e9caution. La loi fran\u00e7aise pr\u00e9cise bien qu\u2019\u00e0 aucun moment ton r\u00e9seau d\u2019eau potable ne doit \u00eatre en contact avec ton r\u00e9seau d\u2019eau de pluie. Cependant il existe aujourd\u2019hui de bons syst\u00e8mes de <strong>filtration<\/strong> pour ce type d\u2019usage.<\/p>\n\n\n\n<p><meta charset=\"utf-8\">En bonus voici une petite vid\u00e9o tr\u00e8s instructive produite par Pro du r\u00e9seau TWIZA, <a href=\"https:\/\/eceaulogis.twiza.org\/\" target=\"_blank\" rel=\"noreferrer noopener\">Pierre d&rsquo; \u00e9c&rsquo;eau-logis<\/a>, sp\u00e9cialiste en <strong>valorisation d&rsquo;eau de pluie<\/strong>.<\/p>\n\n\n\n<figure class=\"wp-block-embed is-type-video is-provider-youtube wp-block-embed-youtube wp-embed-aspect-16-9 wp-has-aspect-ratio\"><div class=\"wp-block-embed__wrapper\">\n<iframe title=\"Pourquoi r\u00e9cup\u00e9rer et valoriser l&#039;eau de pluie ?\" width=\"750\" height=\"422\" src=\"https:\/\/www.youtube.com\/embed\/wpDCB9BEJmU?feature=oembed\" frameborder=\"0\" allow=\"accelerometer; autoplay; clipboard-write; encrypted-media; gyroscope; picture-in-picture\" allowfullscreen><\/iframe>\n<\/div><figcaption>Vid\u00e9o \u00ab\u00a0Pourquoi r\u00e9cup\u00e9rer et valoriser l&rsquo;eau de pluie\u00a0\u00bb de Pierre d&rsquo;Ec&rsquo;eau-logis<\/figcaption><\/figure>\n\n\n\n<p><meta charset=\"utf-8\">Enfin si tu utilises de l\u2019eau de <strong>pluie<\/strong>, <strong>contr\u00f4le<\/strong> sa <strong>qualit\u00e9<\/strong> au moins une fois par an. Pour ce faire, tu peux utiliser un kit d\u2019analyse sp\u00e9cifique disponible \u00e0 l\u2019achat, entre 30 et 50 \u20ac.<\/p>\n\n\n\n<h3 class=\"wp-block-heading\" id=\"la-reutilisation-des-eaux-grises\">La r\u00e9utilisation des eaux grises<\/h3>\n\n\n\n<p>Les \u201ceaux grises\u201d repr\u00e9sentent les <strong>eaux us\u00e9es<\/strong> qui proviennent de tes activit\u00e9s quotidiennes (douche, machine \u00e0 laver etc.) \u00e0 l\u2019exception de celles de tes WC (trop sales = eaux noires) et de ta cuisine (trop charg\u00e9es et grasses).&nbsp;<\/p>\n\n\n\n<p>Ces <strong>eaux grises<\/strong> peuvent \u00eatre <strong>recycl\u00e9es<\/strong>, puis <strong>r\u00e9utilis\u00e9es<\/strong> pour l\u2019usage de tes toilettes ou de ta machine \u00e0 laver par exemple.<\/p>\n\n\n\n<h3 class=\"wp-block-heading\" id=\"l-eau-de-puits\">L&rsquo;eau de puits<\/h3>\n\n\n\n<p>Pense \u00e0 v\u00e9rifier si ton sous-sol contient de l\u2019<strong>eau souterraine<\/strong>. Tu peux solliciter l\u2019aide d\u2019un professionnel du forage et\/ou d\u2019un sourcier pour \u00e9valuer la quantit\u00e9 d\u2019eau pr\u00e9sente.<\/p>\n\n\n\n<p>Et oui, car si les ressources disponibles sont suffisantes, tu as la possibilit\u00e9 de construire un <strong>puits<\/strong> ! Vigilance toutefois \u00e0 t\u2019\u00e9quiper d\u2019un bon syst\u00e8me de <strong>filtration<\/strong> pour un usage domestique de cette eau. Enfin pour l\u2019acheminer jusqu\u2019\u00e0 ta maison, tu auras besoin d\u2019une<strong> pompe<\/strong> bien dimensionn\u00e9e et d\u2019un <strong>r\u00e9servoir<\/strong>.<\/p>\n\n\n\n<p><\/p>\n\n\n\n<h2 class=\"wp-block-heading\" id=\"les-bonnes-questions-a-se-poser\">Les bonnes questions \u00e0 se poser<\/h2>\n\n\n\n<ul class=\"wp-block-list\"><li>Quel&nbsp; niveau d\u2019<strong>autonomie<\/strong> souhaites-tu atteindre ? A savoir que plus d\u2019autonomie rime avec plus d\u2019investissement (financier et\/ou humain).<\/li><\/ul>\n\n\n\n<p><\/p>\n\n\n\n<ul class=\"wp-block-list\"><li>Au final, est-ce que \u00e7a ne vaudrait pas le coup si tu prends en compte les <strong>\u00e9conomies financi\u00e8res<\/strong> r\u00e9alis\u00e9es et la limite de ton <strong>impact<\/strong> sur l\u2019environnement\u2026?<\/li><\/ul>\n\n\n\n<h2 class=\"wp-block-heading\" id=\"les-points-de-vigilance\">Les points de vigilance<\/h2>\n\n\n\n<ul class=\"wp-block-list\"><li>V\u00e9rifie bien la <strong>compatibilit\u00e9<\/strong> de ta<strong> toiture<\/strong> avec la <strong>r\u00e9cup\u00e9ration d\u2019eau<\/strong>. En effet, certaines sont \u00e0 \u00e9viter, notamment les toitures synth\u00e9tiques, les v\u00e9g\u00e9talis\u00e9es ou celles en bardeaux. Par contre si ta toiture est constitu\u00e9e de tuiles d\u2019argile, d\u2019ardoises ou de panneaux solaires, \u00e7a convient tr\u00e8s bien.<\/li><\/ul>\n\n\n\n<p><\/p>\n\n\n\n<ul class=\"wp-block-list\"><li>Si tu r\u00e9cup\u00e8res de l\u2019eau provenant de la <strong>pluie<\/strong> ou d\u2019un <strong>puits<\/strong>, il est vivement recommand\u00e9 de <strong>contr\u00f4ler<\/strong> la <strong>qualit\u00e9<\/strong> de cette eau au moins une fois par an. Pour ce faire, tu peux utiliser un kit d\u2019analyse sp\u00e9cifique disponible \u00e0 l\u2019achat, entre 30 et 50 \u20ac.&nbsp;<\/li><\/ul>\n\n\n\n<h2 class=\"wp-block-heading\" id=\"texte-de-reference\">R\u00e9f\u00e9rences documentaires<\/h2>\n\n\n\n<ul class=\"wp-block-list\"><li><a href=\"https:\/\/www.legifrance.gouv.fr\/loda\/id\/JORFTEXT000019386409\/\" target=\"_blank\" rel=\"noreferrer noopener\">Arr\u00eat\u00e9 du 21 ao\u00fbt 2008<\/a> relatif \u00e0 la r\u00e9cup\u00e9ration des eaux de pluie et \u00e0 leur usage \u00e0 l&rsquo;int\u00e9rieur et \u00e0 l&rsquo;ext\u00e9rieur des b\u00e2timents.<\/li><\/ul>\n\n\n\n<div style=\"height:50px\" aria-hidden=\"true\" class=\"wp-block-spacer\"><\/div>\n","protected":false},"excerpt":{"rendered":"<p>Economies d&rsquo;eau : d\u00e9finition Limiter ta consommation d\u2019eau potable a de multiples avantages, notamment celui de pr\u00e9server cette ressource tr\u00e8s pr\u00e9cieuse.&nbsp; Mais il y a d\u2019autres avantages associ\u00e9s : diminuer la quantit\u00e9 d\u2019\u00e9nergie utilis\u00e9e pour la capter, la rendre potable, la chauffer(Eau Chaude Sanitaire), et enfin l\u2019\u00e9purer. Or de nos [&hellip;]<\/p>\n","protected":false},"author":3,"featured_media":0,"parent":0,"menu_order":0,"comment_status":"closed","ping_status":"closed","template":"","meta":{"_eb_attr":"","_themeisle_gutenberg_block_has_review":false,"footnotes":""},"class_list":["post-3346","page","type-page","status-publish","hentry"],"yoast_head":"<!-- This site is optimized with the Yoast SEO Premium plugin v27.2 (Yoast SEO v27.4) - https:\/\/yoast.com\/product\/yoast-seo-premium-wordpress\/ -->\n<title>Comment \u00e9conomiser l&#039;eau<\/title>\n<meta name=\"description\" content=\"Comment \u00e9conomiser l&#039;eau ? Douchettes \u00e9conomes, paillage du potager, r\u00e9cup\u00e9ration d&#039;eau de pluie, recyclage des eaux grises...\" \/>\n<meta name=\"robots\" content=\"index, follow, max-snippet:-1, max-image-preview:large, max-video-preview:-1\" \/>\n<link rel=\"canonical\" href=\"https:\/\/fr.twiza.org\/portail\/economies-deau\/\" \/>\n<meta property=\"og:locale\" content=\"fr_FR\" \/>\n<meta property=\"og:type\" content=\"article\" \/>\n<meta property=\"og:title\" content=\"Economies d&#039;eau\" \/>\n<meta property=\"og:description\" content=\"Comment \u00e9conomiser l&#039;eau ? Douchettes \u00e9conomes, paillage du potager, r\u00e9cup\u00e9ration d&#039;eau de pluie, recyclage des eaux grises...\" \/>\n<meta property=\"og:url\" content=\"https:\/\/fr.twiza.org\/portail\/economies-deau\/\" \/>\n<meta property=\"og:site_name\" content=\"R\u00e9seau Twiza\" \/>\n<meta property=\"article:publisher\" content=\"https:\/\/fr-fr.facebook.com\/Twiza.fr\/\" \/>\n<meta property=\"article:modified_time\" content=\"2022-05-20T15:32:41+00:00\" \/>\n<meta property=\"og:image\" content=\"https:\/\/fr.twiza.org\/portail\/wp-content\/uploads\/2022\/01\/Economie-eau-robinet-edited.jpeg\" \/>\n<meta name=\"twitter:card\" content=\"summary_large_image\" \/>\n<script type=\"application\/ld+json\" class=\"yoast-schema-graph\">{\"@context\":\"https:\\\/\\\/schema.org\",\"@graph\":[{\"@type\":\"WebPage\",\"@id\":\"https:\\\/\\\/fr.twiza.org\\\/portail\\\/economies-deau\\\/\",\"url\":\"https:\\\/\\\/fr.twiza.org\\\/portail\\\/economies-deau\\\/\",\"name\":\"Comment \u00e9conomiser l'eau\",\"isPartOf\":{\"@id\":\"https:\\\/\\\/fr.twiza.org\\\/portail\\\/#website\"},\"primaryImageOfPage\":{\"@id\":\"https:\\\/\\\/fr.twiza.org\\\/portail\\\/economies-deau\\\/#primaryimage\"},\"image\":{\"@id\":\"https:\\\/\\\/fr.twiza.org\\\/portail\\\/economies-deau\\\/#primaryimage\"},\"thumbnailUrl\":\"https:\\\/\\\/fr.twiza.org\\\/portail\\\/wp-content\\\/uploads\\\/2022\\\/01\\\/Economie-eau-robinet-edited.jpeg\",\"datePublished\":\"2022-01-21T10:09:03+00:00\",\"dateModified\":\"2022-05-20T15:32:41+00:00\",\"description\":\"Comment \u00e9conomiser l'eau ? Douchettes \u00e9conomes, paillage du potager, r\u00e9cup\u00e9ration d'eau de pluie, recyclage des eaux grises...\",\"breadcrumb\":{\"@id\":\"https:\\\/\\\/fr.twiza.org\\\/portail\\\/economies-deau\\\/#breadcrumb\"},\"inLanguage\":\"fr-FR\",\"potentialAction\":[{\"@type\":\"ReadAction\",\"target\":[\"https:\\\/\\\/fr.twiza.org\\\/portail\\\/economies-deau\\\/\"]}]},{\"@type\":\"ImageObject\",\"inLanguage\":\"fr-FR\",\"@id\":\"https:\\\/\\\/fr.twiza.org\\\/portail\\\/economies-deau\\\/#primaryimage\",\"url\":\"https:\\\/\\\/fr.twiza.org\\\/portail\\\/wp-content\\\/uploads\\\/2022\\\/01\\\/Economie-eau-robinet-edited.jpeg\",\"contentUrl\":\"https:\\\/\\\/fr.twiza.org\\\/portail\\\/wp-content\\\/uploads\\\/2022\\\/01\\\/Economie-eau-robinet-edited.jpeg\",\"width\":1023,\"height\":575},{\"@type\":\"BreadcrumbList\",\"@id\":\"https:\\\/\\\/fr.twiza.org\\\/portail\\\/economies-deau\\\/#breadcrumb\",\"itemListElement\":[{\"@type\":\"ListItem\",\"position\":1,\"name\":\"Accueil\",\"item\":\"https:\\\/\\\/fr.twiza.org\\\/portail\\\/\"},{\"@type\":\"ListItem\",\"position\":2,\"name\":\"Economies d&rsquo;eau\"}]},{\"@type\":\"WebSite\",\"@id\":\"https:\\\/\\\/fr.twiza.org\\\/portail\\\/#website\",\"url\":\"https:\\\/\\\/fr.twiza.org\\\/portail\\\/\",\"name\":\"R\u00e9seau Twiza\",\"description\":\"Entraide pour un habitat \u00e9cologique, convivial et r\u00e9silient\",\"publisher\":{\"@id\":\"https:\\\/\\\/fr.twiza.org\\\/portail\\\/#organization\"},\"potentialAction\":[{\"@type\":\"SearchAction\",\"target\":{\"@type\":\"EntryPoint\",\"urlTemplate\":\"https:\\\/\\\/fr.twiza.org\\\/portail\\\/?s={search_term_string}\"},\"query-input\":{\"@type\":\"PropertyValueSpecification\",\"valueRequired\":true,\"valueName\":\"search_term_string\"}}],\"inLanguage\":\"fr-FR\"},{\"@type\":\"Organization\",\"@id\":\"https:\\\/\\\/fr.twiza.org\\\/portail\\\/#organization\",\"name\":\"R\u00e9seau Twiza\",\"url\":\"https:\\\/\\\/fr.twiza.org\\\/portail\\\/\",\"logo\":{\"@type\":\"ImageObject\",\"inLanguage\":\"fr-FR\",\"@id\":\"https:\\\/\\\/fr.twiza.org\\\/portail\\\/#\\\/schema\\\/logo\\\/image\\\/\",\"url\":\"https:\\\/\\\/fr.twiza.org\\\/portail\\\/wp-content\\\/uploads\\\/2021\\\/05\\\/cropped-logo-reseau-twiza.jpg\",\"contentUrl\":\"https:\\\/\\\/fr.twiza.org\\\/portail\\\/wp-content\\\/uploads\\\/2021\\\/05\\\/cropped-logo-reseau-twiza.jpg\",\"width\":400,\"height\":102,\"caption\":\"R\u00e9seau Twiza\"},\"image\":{\"@id\":\"https:\\\/\\\/fr.twiza.org\\\/portail\\\/#\\\/schema\\\/logo\\\/image\\\/\"},\"sameAs\":[\"https:\\\/\\\/fr-fr.facebook.com\\\/Twiza.fr\\\/\",\"https:\\\/\\\/www.instagram.com\\\/twiza_fr\\\/\",\"https:\\\/\\\/www.linkedin.com\\\/company\\\/reseautwiza\\\/\"]}]}<\/script>\n<!-- \/ Yoast SEO Premium plugin. -->","yoast_head_json":{"title":"Comment \u00e9conomiser l'eau","description":"Comment \u00e9conomiser l'eau ? Douchettes \u00e9conomes, paillage du potager, r\u00e9cup\u00e9ration d'eau de pluie, recyclage des eaux grises...","robots":{"index":"index","follow":"follow","max-snippet":"max-snippet:-1","max-image-preview":"max-image-preview:large","max-video-preview":"max-video-preview:-1"},"canonical":"https:\/\/fr.twiza.org\/portail\/economies-deau\/","og_locale":"fr_FR","og_type":"article","og_title":"Economies d'eau","og_description":"Comment \u00e9conomiser l'eau ? Douchettes \u00e9conomes, paillage du potager, r\u00e9cup\u00e9ration d'eau de pluie, recyclage des eaux grises...","og_url":"https:\/\/fr.twiza.org\/portail\/economies-deau\/","og_site_name":"R\u00e9seau Twiza","article_publisher":"https:\/\/fr-fr.facebook.com\/Twiza.fr\/","article_modified_time":"2022-05-20T15:32:41+00:00","og_image":[{"url":"https:\/\/fr.twiza.org\/portail\/wp-content\/uploads\/2022\/01\/Economie-eau-robinet-edited.jpeg","type":"","width":"","height":""}],"twitter_card":"summary_large_image","schema":{"@context":"https:\/\/schema.org","@graph":[{"@type":"WebPage","@id":"https:\/\/fr.twiza.org\/portail\/economies-deau\/","url":"https:\/\/fr.twiza.org\/portail\/economies-deau\/","name":"Comment \u00e9conomiser l'eau","isPartOf":{"@id":"https:\/\/fr.twiza.org\/portail\/#website"},"primaryImageOfPage":{"@id":"https:\/\/fr.twiza.org\/portail\/economies-deau\/#primaryimage"},"image":{"@id":"https:\/\/fr.twiza.org\/portail\/economies-deau\/#primaryimage"},"thumbnailUrl":"https:\/\/fr.twiza.org\/portail\/wp-content\/uploads\/2022\/01\/Economie-eau-robinet-edited.jpeg","datePublished":"2022-01-21T10:09:03+00:00","dateModified":"2022-05-20T15:32:41+00:00","description":"Comment \u00e9conomiser l'eau ? Douchettes \u00e9conomes, paillage du potager, r\u00e9cup\u00e9ration d'eau de pluie, recyclage des eaux grises...","breadcrumb":{"@id":"https:\/\/fr.twiza.org\/portail\/economies-deau\/#breadcrumb"},"inLanguage":"fr-FR","potentialAction":[{"@type":"ReadAction","target":["https:\/\/fr.twiza.org\/portail\/economies-deau\/"]}]},{"@type":"ImageObject","inLanguage":"fr-FR","@id":"https:\/\/fr.twiza.org\/portail\/economies-deau\/#primaryimage","url":"https:\/\/fr.twiza.org\/portail\/wp-content\/uploads\/2022\/01\/Economie-eau-robinet-edited.jpeg","contentUrl":"https:\/\/fr.twiza.org\/portail\/wp-content\/uploads\/2022\/01\/Economie-eau-robinet-edited.jpeg","width":1023,"height":575},{"@type":"BreadcrumbList","@id":"https:\/\/fr.twiza.org\/portail\/economies-deau\/#breadcrumb","itemListElement":[{"@type":"ListItem","position":1,"name":"Accueil","item":"https:\/\/fr.twiza.org\/portail\/"},{"@type":"ListItem","position":2,"name":"Economies d&rsquo;eau"}]},{"@type":"WebSite","@id":"https:\/\/fr.twiza.org\/portail\/#website","url":"https:\/\/fr.twiza.org\/portail\/","name":"R\u00e9seau Twiza","description":"Entraide pour un habitat \u00e9cologique, convivial et r\u00e9silient","publisher":{"@id":"https:\/\/fr.twiza.org\/portail\/#organization"},"potentialAction":[{"@type":"SearchAction","target":{"@type":"EntryPoint","urlTemplate":"https:\/\/fr.twiza.org\/portail\/?s={search_term_string}"},"query-input":{"@type":"PropertyValueSpecification","valueRequired":true,"valueName":"search_term_string"}}],"inLanguage":"fr-FR"},{"@type":"Organization","@id":"https:\/\/fr.twiza.org\/portail\/#organization","name":"R\u00e9seau Twiza","url":"https:\/\/fr.twiza.org\/portail\/","logo":{"@type":"ImageObject","inLanguage":"fr-FR","@id":"https:\/\/fr.twiza.org\/portail\/#\/schema\/logo\/image\/","url":"https:\/\/fr.twiza.org\/portail\/wp-content\/uploads\/2021\/05\/cropped-logo-reseau-twiza.jpg","contentUrl":"https:\/\/fr.twiza.org\/portail\/wp-content\/uploads\/2021\/05\/cropped-logo-reseau-twiza.jpg","width":400,"height":102,"caption":"R\u00e9seau Twiza"},"image":{"@id":"https:\/\/fr.twiza.org\/portail\/#\/schema\/logo\/image\/"},"sameAs":["https:\/\/fr-fr.facebook.com\/Twiza.fr\/","https:\/\/www.instagram.com\/twiza_fr\/","https:\/\/www.linkedin.com\/company\/reseautwiza\/"]}]}},"jetpack_sharing_enabled":true,"_links":{"self":[{"href":"https:\/\/fr.twiza.org\/portail\/wp-json\/wp\/v2\/pages\/3346","targetHints":{"allow":["GET"]}}],"collection":[{"href":"https:\/\/fr.twiza.org\/portail\/wp-json\/wp\/v2\/pages"}],"about":[{"href":"https:\/\/fr.twiza.org\/portail\/wp-json\/wp\/v2\/types\/page"}],"author":[{"embeddable":true,"href":"https:\/\/fr.twiza.org\/portail\/wp-json\/wp\/v2\/users\/3"}],"replies":[{"embeddable":true,"href":"https:\/\/fr.twiza.org\/portail\/wp-json\/wp\/v2\/comments?post=3346"}],"version-history":[{"count":17,"href":"https:\/\/fr.twiza.org\/portail\/wp-json\/wp\/v2\/pages\/3346\/revisions"}],"predecessor-version":[{"id":5309,"href":"https:\/\/fr.twiza.org\/portail\/wp-json\/wp\/v2\/pages\/3346\/revisions\/5309"}],"wp:attachment":[{"href":"https:\/\/fr.twiza.org\/portail\/wp-json\/wp\/v2\/media?parent=3346"}],"curies":[{"name":"wp","href":"https:\/\/api.w.org\/{rel}","templated":true}]}}