{"id":3515,"date":"2022-01-26T17:19:05","date_gmt":"2022-01-26T16:19:05","guid":{"rendered":"https:\/\/fr.twiza.org\/portail\/?page_id=3515"},"modified":"2022-05-20T17:31:40","modified_gmt":"2022-05-20T15:31:40","slug":"menuiseries-interieures","status":"publish","type":"page","link":"https:\/\/fr.twiza.org\/portail\/menuiseries-interieures\/","title":{"rendered":"Menuiseries int\u00e9rieures"},"content":{"rendered":"\n<figure class=\"wp-block-image size-full\"><img fetchpriority=\"high\" decoding=\"async\" width=\"947\" height=\"533\" src=\"https:\/\/fr.twiza.org\/portail\/wp-content\/uploads\/2022\/01\/Menuiserie-Inte\u0301rieure-edited.jpeg\" alt=\"menuiserie int\u00e9rieure : porte en bois s\u00e9parant deux pi\u00e8ces\" class=\"wp-image-3518\" srcset=\"https:\/\/fr.twiza.org\/portail\/wp-content\/uploads\/2022\/01\/Menuiserie-Inte\u0301rieure-edited.jpeg 947w, https:\/\/fr.twiza.org\/portail\/wp-content\/uploads\/2022\/01\/Menuiserie-Inte\u0301rieure-edited-600x338.jpeg 600w, https:\/\/fr.twiza.org\/portail\/wp-content\/uploads\/2022\/01\/Menuiserie-Inte\u0301rieure-edited-300x169.jpeg 300w, https:\/\/fr.twiza.org\/portail\/wp-content\/uploads\/2022\/01\/Menuiserie-Inte\u0301rieure-edited-768x432.jpeg 768w\" sizes=\"(max-width: 947px) 100vw, 947px\" \/><\/figure>\n\n\n\n<h2 class=\"wp-block-heading\">Menuiseries int\u00e9rieures : d\u00e9finitions<\/h2>\n\n\n\n<p>Les <strong>menuiseries int\u00e9rieures<\/strong> servent \u00e0 am\u00e9nager et <strong>d\u00e9corer<\/strong> ta maison. Par exemple, elles te seront utiles pour optimiser la <strong>circulation<\/strong> entre tes diff\u00e9rents <strong>espaces<\/strong> de vie, s\u00e9par\u00e9s par des <a href=\"https:\/\/fr.twiza.org\/portail\/cloisonnement-interieur\/\" target=\"_blank\" rel=\"noreferrer noopener\">cloisons<\/a>.<\/p>\n\n\n\n<p>Les enjeux thermiques sont beaucoup moins importants que pour les <a href=\"https:\/\/fr.twiza.org\/portail\/menuiseries-exterieures\/\" target=\"_blank\" rel=\"noreferrer noopener\">menuiseries ext\u00e9rieures<\/a> soumises aux al\u00e9as climatiques.<\/p>\n\n\n\n<h2 class=\"wp-block-heading\" id=\"h-menuiseries-interieures-quels-criteres-prendre-en-compte\">Menuiseries int\u00e9rieures : quels crit\u00e8res prendre en compte ?<\/h2>\n\n\n\n<h3 class=\"wp-block-heading\">Le mat\u00e9riau<\/h3>\n\n\n\n<p>Il existe multitude de choix de mat\u00e9riaux pour tes <strong>menuiseries int\u00e9rieures<\/strong>, notamment parmi les principaux :<\/p>\n\n\n\n<ul class=\"wp-block-list\"><li>Le <strong>bois<\/strong><\/li><li>L&rsquo;<strong>aluminium<\/strong><\/li><li>Le <strong>PVC<\/strong><\/li><li>Le <strong>composite<\/strong><\/li><li>Ou bien m\u00eame le <strong>verre<\/strong><\/li><\/ul>\n\n\n\n<p>Le <strong>verre<\/strong> peut repr\u00e9senter une bonne option pour tes pi\u00e8ces de vie d\u00e9pourvues de lumi\u00e8re naturelle. En effet, une porte vitr\u00e9e ou une verri\u00e8re int\u00e9rieure (tr\u00e8s \u00e0 la mode ces derni\u00e8res ann\u00e9es) aura l&rsquo;avantage de laisser passer la lumi\u00e8re du jour.<\/p>\n\n\n\n<h3 class=\"wp-block-heading\" id=\"h-les-dimensions\">Les dimensions<\/h3>\n\n\n\n<p>Les dimensions standards d&rsquo;une <strong>porte<\/strong> sont 2,04 m en hauteur pour 83 cm de large, adapt\u00e9es \u00e0 la circulation d&rsquo;un fauteuil roulant. Mais il reste possible de choisir une largeur de 63, 73, 83 ou 93 cm. Quant \u00e0 la hauteur des mod\u00e8les de portes, elle est au minimum de 2 m.<\/p>\n\n\n\n<p>Tu as \u00e9galement d\u00fb remarquer qu&rsquo;il y a toujours un espace entre les portes et le sol, on appelle cela le <strong>d\u00e9talonnage<\/strong>. Il participe \u00e0 optimiser la <a href=\"https:\/\/fr.twiza.org\/portail\/ventilation\/\" target=\"_blank\" rel=\"noreferrer noopener\">ventilation<\/a> de ton habitat. Selon le type de pi\u00e8ce concern\u00e9e et de ventilation, la hauteur de d\u00e9talonnage sera de 1 \u00e0 3 cm.<\/p>\n\n\n\n<p>Pour \u00e9viter les mauvaises surprises, associ\u00e9es \u00e0 des co\u00fbts suppl\u00e9mentaires, r\u00e9fl\u00e9chis bien aux <strong>dimensions<\/strong> de tes <strong>menuiseries int\u00e9rieures<\/strong> (portes etc.) d\u00e8s la phase de <a href=\"https:\/\/fr.twiza.org\/portail\/conception\/\" target=\"_blank\" rel=\"noreferrer noopener\">conception<\/a> de ton projet.<\/p>\n\n\n\n<h3 class=\"wp-block-heading\" id=\"les-portes-differents-systemes-d-ouverture\">Les  syst\u00e8mes d&rsquo;ouverture<\/h3>\n\n\n\n<p>Prends le temps de choisir le <strong>syst\u00e8me d&rsquo;ouverture<\/strong> le plus adapt\u00e9 pour chacune de tes portes :<\/p>\n\n\n\n<ul class=\"wp-block-list\"><li><strong>Porte battante<\/strong> = la plus classique<\/li><li><strong>Porte coulissante<\/strong> (et\/ou pliante) = bien adapt\u00e9e pour les petits espaces<\/li><li><strong>Porte pivotante<\/strong> = la moins courante, style contemporain<\/li><\/ul>\n\n\n\n<h2 class=\"wp-block-heading\" id=\"les-bonnes-questions-a-se-poser\">Les bonnes questions \u00e0 se poser<\/h2>\n\n\n\n<ul class=\"wp-block-list\"><li>Quelles dimensions choisir pour tes <strong>menuiseries int\u00e9rieures<\/strong> ? Bien souvent les plus grands formats sont les plus pratiques, en contre-partie ils sont plus chers. Pense donc bien \u00e0 faire l&rsquo;\u00e9tat des lieux de tes <strong>besoins<\/strong> en amont , en terme de <strong>budget<\/strong> et de <strong>dimensions<\/strong> pour ton projet.<\/li><\/ul>\n\n\n\n<h2 class=\"wp-block-heading\" id=\"les-points-de-vigilance\">Les points de vigilance<\/h2>\n\n\n\n<ul class=\"wp-block-list\"><li>Lorsque tu choisis tes <strong>menuiseries int\u00e9rieures<\/strong>, pense \u00e0 v\u00e9rifier leurs caract\u00e9ristiques d&rsquo;un point de vue <strong>acoustique<\/strong>. Effet elles sont en continuit\u00e9 avec tes <a href=\"https:\/\/fr.twiza.org\/portail\/cloisonnement-interieur\/\" target=\"_blank\" rel=\"noreferrer noopener\">cloisons<\/a>, qui elles-m\u00eame ont un r\u00f4le important \u00e0 jouer en termes d&rsquo;<strong>isolation phonique<\/strong>.<\/li><\/ul>\n\n\n\n<h2 class=\"wp-block-heading\" id=\"les-textes-de-references\">R\u00e9f\u00e9rences documentaires<\/h2>\n\n\n\n<ul class=\"wp-block-list\"><li>DTU 36.2<\/li><\/ul>\n\n\n\n<div style=\"height:50px\" aria-hidden=\"true\" class=\"wp-block-spacer\"><\/div>\n","protected":false},"excerpt":{"rendered":"<p>Menuiseries int\u00e9rieures : d\u00e9finitions Les menuiseries int\u00e9rieures servent \u00e0 am\u00e9nager et d\u00e9corer ta maison. Par exemple, elles te seront utiles pour optimiser la circulation entre tes diff\u00e9rents espaces de vie, s\u00e9par\u00e9s par des cloisons. Les enjeux thermiques sont beaucoup moins importants que pour les menuiseries ext\u00e9rieures soumises aux al\u00e9as climatiques. [&hellip;]<\/p>\n","protected":false},"author":3,"featured_media":0,"parent":0,"menu_order":0,"comment_status":"closed","ping_status":"closed","template":"","meta":{"_eb_attr":"","_themeisle_gutenberg_block_has_review":false,"footnotes":""},"class_list":["post-3515","page","type-page","status-publish","hentry"],"yoast_head":"<!-- This site is optimized with the Yoast SEO Premium plugin v27.2 (Yoast SEO v27.3) - https:\/\/yoast.com\/product\/yoast-seo-premium-wordpress\/ -->\n<title>Quelles menuiseries int\u00e9rieures choisir pour mn projet ?<\/title>\n<meta name=\"description\" content=\"Comment bien choisir mes menuiseries int\u00e9rieures ? Les mat\u00e9riaux : bois, alu etc..., Les portes : dimensions, syst\u00e8mes d&#039;ouverture...?\" \/>\n<meta name=\"robots\" content=\"index, follow, max-snippet:-1, max-image-preview:large, max-video-preview:-1\" \/>\n<link rel=\"canonical\" href=\"https:\/\/fr.twiza.org\/portail\/menuiseries-interieures\/\" \/>\n<meta property=\"og:locale\" content=\"fr_FR\" \/>\n<meta property=\"og:type\" content=\"article\" \/>\n<meta property=\"og:title\" content=\"Menuiseries int\u00e9rieures\" \/>\n<meta property=\"og:description\" content=\"Comment bien choisir mes menuiseries int\u00e9rieures ? Les mat\u00e9riaux : bois, alu etc..., Les portes : dimensions, syst\u00e8mes d&#039;ouverture...?\" \/>\n<meta property=\"og:url\" content=\"https:\/\/fr.twiza.org\/portail\/menuiseries-interieures\/\" \/>\n<meta property=\"og:site_name\" content=\"R\u00e9seau Twiza\" \/>\n<meta property=\"article:publisher\" content=\"https:\/\/fr-fr.facebook.com\/Twiza.fr\/\" \/>\n<meta property=\"article:modified_time\" content=\"2022-05-20T15:31:40+00:00\" \/>\n<meta name=\"twitter:card\" content=\"summary_large_image\" \/>\n<script type=\"application\/ld+json\" class=\"yoast-schema-graph\">{\"@context\":\"https:\\\/\\\/schema.org\",\"@graph\":[{\"@type\":\"WebPage\",\"@id\":\"https:\\\/\\\/fr.twiza.org\\\/portail\\\/menuiseries-interieures\\\/\",\"url\":\"https:\\\/\\\/fr.twiza.org\\\/portail\\\/menuiseries-interieures\\\/\",\"name\":\"Quelles menuiseries int\u00e9rieures choisir pour mn projet ?\",\"isPartOf\":{\"@id\":\"https:\\\/\\\/fr.twiza.org\\\/portail\\\/#website\"},\"datePublished\":\"2022-01-26T16:19:05+00:00\",\"dateModified\":\"2022-05-20T15:31:40+00:00\",\"description\":\"Comment bien choisir mes menuiseries int\u00e9rieures ? Les mat\u00e9riaux : bois, alu etc..., Les portes : dimensions, syst\u00e8mes d'ouverture...?\",\"breadcrumb\":{\"@id\":\"https:\\\/\\\/fr.twiza.org\\\/portail\\\/menuiseries-interieures\\\/#breadcrumb\"},\"inLanguage\":\"fr-FR\",\"potentialAction\":[{\"@type\":\"ReadAction\",\"target\":[\"https:\\\/\\\/fr.twiza.org\\\/portail\\\/menuiseries-interieures\\\/\"]}]},{\"@type\":\"BreadcrumbList\",\"@id\":\"https:\\\/\\\/fr.twiza.org\\\/portail\\\/menuiseries-interieures\\\/#breadcrumb\",\"itemListElement\":[{\"@type\":\"ListItem\",\"position\":1,\"name\":\"Accueil\",\"item\":\"https:\\\/\\\/fr.twiza.org\\\/portail\\\/\"},{\"@type\":\"ListItem\",\"position\":2,\"name\":\"Menuiseries int\u00e9rieures\"}]},{\"@type\":\"WebSite\",\"@id\":\"https:\\\/\\\/fr.twiza.org\\\/portail\\\/#website\",\"url\":\"https:\\\/\\\/fr.twiza.org\\\/portail\\\/\",\"name\":\"R\u00e9seau Twiza\",\"description\":\"Entraide pour un habitat \u00e9cologique, convivial et r\u00e9silient\",\"publisher\":{\"@id\":\"https:\\\/\\\/fr.twiza.org\\\/portail\\\/#organization\"},\"potentialAction\":[{\"@type\":\"SearchAction\",\"target\":{\"@type\":\"EntryPoint\",\"urlTemplate\":\"https:\\\/\\\/fr.twiza.org\\\/portail\\\/?s={search_term_string}\"},\"query-input\":{\"@type\":\"PropertyValueSpecification\",\"valueRequired\":true,\"valueName\":\"search_term_string\"}}],\"inLanguage\":\"fr-FR\"},{\"@type\":\"Organization\",\"@id\":\"https:\\\/\\\/fr.twiza.org\\\/portail\\\/#organization\",\"name\":\"R\u00e9seau Twiza\",\"url\":\"https:\\\/\\\/fr.twiza.org\\\/portail\\\/\",\"logo\":{\"@type\":\"ImageObject\",\"inLanguage\":\"fr-FR\",\"@id\":\"https:\\\/\\\/fr.twiza.org\\\/portail\\\/#\\\/schema\\\/logo\\\/image\\\/\",\"url\":\"https:\\\/\\\/fr.twiza.org\\\/portail\\\/wp-content\\\/uploads\\\/2021\\\/05\\\/cropped-logo-reseau-twiza.jpg\",\"contentUrl\":\"https:\\\/\\\/fr.twiza.org\\\/portail\\\/wp-content\\\/uploads\\\/2021\\\/05\\\/cropped-logo-reseau-twiza.jpg\",\"width\":400,\"height\":102,\"caption\":\"R\u00e9seau Twiza\"},\"image\":{\"@id\":\"https:\\\/\\\/fr.twiza.org\\\/portail\\\/#\\\/schema\\\/logo\\\/image\\\/\"},\"sameAs\":[\"https:\\\/\\\/fr-fr.facebook.com\\\/Twiza.fr\\\/\",\"https:\\\/\\\/www.instagram.com\\\/twiza_fr\\\/\",\"https:\\\/\\\/www.linkedin.com\\\/company\\\/reseautwiza\\\/\"]}]}<\/script>\n<!-- \/ Yoast SEO Premium plugin. -->","yoast_head_json":{"title":"Quelles menuiseries int\u00e9rieures choisir pour mn projet ?","description":"Comment bien choisir mes menuiseries int\u00e9rieures ? Les mat\u00e9riaux : bois, alu etc..., Les portes : dimensions, syst\u00e8mes d'ouverture...?","robots":{"index":"index","follow":"follow","max-snippet":"max-snippet:-1","max-image-preview":"max-image-preview:large","max-video-preview":"max-video-preview:-1"},"canonical":"https:\/\/fr.twiza.org\/portail\/menuiseries-interieures\/","og_locale":"fr_FR","og_type":"article","og_title":"Menuiseries int\u00e9rieures","og_description":"Comment bien choisir mes menuiseries int\u00e9rieures ? Les mat\u00e9riaux : bois, alu etc..., Les portes : dimensions, syst\u00e8mes d'ouverture...?","og_url":"https:\/\/fr.twiza.org\/portail\/menuiseries-interieures\/","og_site_name":"R\u00e9seau Twiza","article_publisher":"https:\/\/fr-fr.facebook.com\/Twiza.fr\/","article_modified_time":"2022-05-20T15:31:40+00:00","twitter_card":"summary_large_image","schema":{"@context":"https:\/\/schema.org","@graph":[{"@type":"WebPage","@id":"https:\/\/fr.twiza.org\/portail\/menuiseries-interieures\/","url":"https:\/\/fr.twiza.org\/portail\/menuiseries-interieures\/","name":"Quelles menuiseries int\u00e9rieures choisir pour mn projet ?","isPartOf":{"@id":"https:\/\/fr.twiza.org\/portail\/#website"},"datePublished":"2022-01-26T16:19:05+00:00","dateModified":"2022-05-20T15:31:40+00:00","description":"Comment bien choisir mes menuiseries int\u00e9rieures ? Les mat\u00e9riaux : bois, alu etc..., Les portes : dimensions, syst\u00e8mes d'ouverture...?","breadcrumb":{"@id":"https:\/\/fr.twiza.org\/portail\/menuiseries-interieures\/#breadcrumb"},"inLanguage":"fr-FR","potentialAction":[{"@type":"ReadAction","target":["https:\/\/fr.twiza.org\/portail\/menuiseries-interieures\/"]}]},{"@type":"BreadcrumbList","@id":"https:\/\/fr.twiza.org\/portail\/menuiseries-interieures\/#breadcrumb","itemListElement":[{"@type":"ListItem","position":1,"name":"Accueil","item":"https:\/\/fr.twiza.org\/portail\/"},{"@type":"ListItem","position":2,"name":"Menuiseries int\u00e9rieures"}]},{"@type":"WebSite","@id":"https:\/\/fr.twiza.org\/portail\/#website","url":"https:\/\/fr.twiza.org\/portail\/","name":"R\u00e9seau Twiza","description":"Entraide pour un habitat \u00e9cologique, convivial et r\u00e9silient","publisher":{"@id":"https:\/\/fr.twiza.org\/portail\/#organization"},"potentialAction":[{"@type":"SearchAction","target":{"@type":"EntryPoint","urlTemplate":"https:\/\/fr.twiza.org\/portail\/?s={search_term_string}"},"query-input":{"@type":"PropertyValueSpecification","valueRequired":true,"valueName":"search_term_string"}}],"inLanguage":"fr-FR"},{"@type":"Organization","@id":"https:\/\/fr.twiza.org\/portail\/#organization","name":"R\u00e9seau Twiza","url":"https:\/\/fr.twiza.org\/portail\/","logo":{"@type":"ImageObject","inLanguage":"fr-FR","@id":"https:\/\/fr.twiza.org\/portail\/#\/schema\/logo\/image\/","url":"https:\/\/fr.twiza.org\/portail\/wp-content\/uploads\/2021\/05\/cropped-logo-reseau-twiza.jpg","contentUrl":"https:\/\/fr.twiza.org\/portail\/wp-content\/uploads\/2021\/05\/cropped-logo-reseau-twiza.jpg","width":400,"height":102,"caption":"R\u00e9seau Twiza"},"image":{"@id":"https:\/\/fr.twiza.org\/portail\/#\/schema\/logo\/image\/"},"sameAs":["https:\/\/fr-fr.facebook.com\/Twiza.fr\/","https:\/\/www.instagram.com\/twiza_fr\/","https:\/\/www.linkedin.com\/company\/reseautwiza\/"]}]}},"jetpack_sharing_enabled":true,"_links":{"self":[{"href":"https:\/\/fr.twiza.org\/portail\/wp-json\/wp\/v2\/pages\/3515","targetHints":{"allow":["GET"]}}],"collection":[{"href":"https:\/\/fr.twiza.org\/portail\/wp-json\/wp\/v2\/pages"}],"about":[{"href":"https:\/\/fr.twiza.org\/portail\/wp-json\/wp\/v2\/types\/page"}],"author":[{"embeddable":true,"href":"https:\/\/fr.twiza.org\/portail\/wp-json\/wp\/v2\/users\/3"}],"replies":[{"embeddable":true,"href":"https:\/\/fr.twiza.org\/portail\/wp-json\/wp\/v2\/comments?post=3515"}],"version-history":[{"count":15,"href":"https:\/\/fr.twiza.org\/portail\/wp-json\/wp\/v2\/pages\/3515\/revisions"}],"predecessor-version":[{"id":5308,"href":"https:\/\/fr.twiza.org\/portail\/wp-json\/wp\/v2\/pages\/3515\/revisions\/5308"}],"wp:attachment":[{"href":"https:\/\/fr.twiza.org\/portail\/wp-json\/wp\/v2\/media?parent=3515"}],"curies":[{"name":"wp","href":"https:\/\/api.w.org\/{rel}","templated":true}]}}