{"id":3623,"date":"2022-02-18T15:41:12","date_gmt":"2022-02-18T14:41:12","guid":{"rendered":"https:\/\/fr.twiza.org\/portail\/?page_id=3623"},"modified":"2022-02-21T10:56:34","modified_gmt":"2022-02-21T09:56:34","slug":"reseau-professionnel-twiza","status":"publish","type":"page","link":"https:\/\/fr.twiza.org\/portail\/reseau-professionnel-twiza\/","title":{"rendered":"R\u00e9seau professionnel Twiza"},"content":{"rendered":"\n<p>Fid\u00e8les \u00e0 notre mission, celle de b\u00e2tir du lien et de favoriser le d\u00e9veloppement d\u2019une communaut\u00e9 solide au service de l\u2019\u00e9coconstruction, on a cr\u00e9\u00e9 un espace exclusivement r\u00e9serv\u00e9 aux professionnels de l\u2019habitat durable.<\/p>\n\n\n\n<p>On a voulu participer ainsi activement au d\u00e9veloppement du milieu de la construction \u00e9cologique. En effet, nous n\u2019avons pu que nous d\u00e9soler du fait qu\u2019il existe si peu d\u2019espaces pour <strong>permettre aux professionnels d\u2019\u00e9changer sur leur m\u00e9tier<\/strong>, de se rencontrer et de travailler ensemble.&nbsp;<\/p>\n\n\n\n<p>Bref, on a voulu apporter notre pierre \u00e0 l\u2019\u00e9difice en encourageant la cr\u00e9ation d\u2019un <strong>r\u00e9seau solide de professionnels de l\u2019habitat \u00e9cologique<\/strong>.<\/p>\n\n\n\n<p>Pour cela, on a d\u00e9velopp\u00e9 un arsenal d\u2019outils pens\u00e9s pour t\u2019accompagner dans le d\u00e9veloppement de ton activit\u00e9 et pour te permettre de te consacrer pleinement \u00e0 l\u2019acquisition et \u00e0 la r\u00e9alisation de chantiers \u00e9coresponsables.&nbsp;<\/p>\n\n\n\n<h2 class=\"wp-block-heading\" id=\"h-le-forum\">Le forum<\/h2>\n\n\n\n<p>Nous avons con\u00e7u un <strong>espace de confiance<\/strong> pour favoriser l\u2019<strong>entraide entre sp\u00e9cialistes de l\u2019\u00e9coconstruction<\/strong>. Ta parole y est bienvenue et libre. Elle y sera accueillie avec bienveillance et en toute confidentialit\u00e9. <\/p>\n\n\n\n<h2 class=\"wp-block-heading\" id=\"h-devenir-professionnel-le-du-reseau\">Devenir professionnel\u00b7le du r\u00e9seau<\/h2>\n\n\n\n<p>Les 1\u00e8res ann\u00e9es d\u2019exp\u00e9rience du r\u00e9seau nous ont permis de mieux identifier les diff\u00e9rents besoin des professionnels du r\u00e9seau : se rencontrer localement pour cr\u00e9er du lien sur son territoire et s\u2019associer sur des chantiers, trouver des r\u00e9ponses \u00e0 des questions li\u00e9es \u00e0 son activit\u00e9 gr\u00e2ce \u00e0 des pairs, avoir de la visibilit\u00e9 web et trouver des clients.<\/p>\n\n\n\n<p>Nous avons donc construit une <a href=\"https:\/\/docs.google.com\/document\/d\/14sINFvOJsR7LRHiFu16f_0CjG7QH58-W62fEzszD5qI\/edit#\" target=\"_blank\" rel=\"noreferrer noopener\">formule d\u2019abonnement<\/a> qui r\u00e9pond \u00e0 ces besoins.<\/p>\n\n\n\n<h2 class=\"wp-block-heading\" id=\"h-acquerir-des-clients\">Acqu\u00e9rir des clients<\/h2>\n\n\n\n<p>On a mis en place un syst\u00e8me facilitant la mise en relation avec de potentiels clients sur l\u2019ensemble du territoire. Il s&rsquo;agit d&rsquo;un projet en cours de d\u00e9veloppement, si tu souhaites avoir plus d&rsquo;info, tu peux d\u00e9j\u00e0 consulter <a href=\"https:\/\/fr.twiza.org\/portail\/trouver-des-professionnels-ecoconstruction\/\" target=\"_blank\" rel=\"noreferrer noopener\">cette page<\/a> sur laquelle on accueille les demandes de mise en relation publi\u00e9es par les porteurs de projet. <\/p>\n","protected":false},"excerpt":{"rendered":"<p>Fid\u00e8les \u00e0 notre mission, celle de b\u00e2tir du lien et de favoriser le d\u00e9veloppement d\u2019une communaut\u00e9 solide au service de l\u2019\u00e9coconstruction, on a cr\u00e9\u00e9 un espace exclusivement r\u00e9serv\u00e9 aux professionnels de l\u2019habitat durable. On a voulu participer ainsi activement au d\u00e9veloppement du milieu de la construction \u00e9cologique. En effet, nous [&hellip;]<\/p>\n","protected":false},"author":10,"featured_media":0,"parent":0,"menu_order":0,"comment_status":"closed","ping_status":"closed","template":"","meta":{"_eb_attr":"","_themeisle_gutenberg_block_has_review":false,"footnotes":""},"class_list":["post-3623","page","type-page","status-publish","hentry"],"yoast_head":"<!-- This site is optimized with the Yoast SEO Premium plugin v27.2 (Yoast SEO v27.3) - https:\/\/yoast.com\/product\/yoast-seo-premium-wordpress\/ -->\n<title>R\u00e9seau professionnel Twiza<\/title>\n<meta name=\"description\" content=\"Pour soutenir la fili\u00e8re de l&#039;\u00e9coconstruction nous avons cr\u00e9\u00e9 les outils pour b\u00e2tir un r\u00e9seau professionnel de l\u2019habitat \u00e9cologique.\" \/>\n<meta name=\"robots\" content=\"index, follow, max-snippet:-1, max-image-preview:large, max-video-preview:-1\" \/>\n<link rel=\"canonical\" href=\"https:\/\/fr.twiza.org\/portail\/reseau-professionnel-twiza\/\" \/>\n<meta property=\"og:locale\" content=\"fr_FR\" \/>\n<meta property=\"og:type\" content=\"article\" \/>\n<meta property=\"og:title\" content=\"R\u00e9seau professionnel Twiza\" \/>\n<meta property=\"og:description\" content=\"Pour soutenir la fili\u00e8re de l&#039;\u00e9coconstruction nous avons cr\u00e9\u00e9 les outils pour b\u00e2tir un r\u00e9seau professionnel de l\u2019habitat \u00e9cologique.\" \/>\n<meta property=\"og:url\" content=\"https:\/\/fr.twiza.org\/portail\/reseau-professionnel-twiza\/\" \/>\n<meta property=\"og:site_name\" content=\"R\u00e9seau Twiza\" \/>\n<meta property=\"article:publisher\" content=\"https:\/\/fr-fr.facebook.com\/Twiza.fr\/\" \/>\n<meta property=\"article:modified_time\" content=\"2022-02-21T09:56:34+00:00\" \/>\n<meta name=\"twitter:card\" content=\"summary_large_image\" \/>\n<script type=\"application\/ld+json\" class=\"yoast-schema-graph\">{\"@context\":\"https:\\\/\\\/schema.org\",\"@graph\":[{\"@type\":\"WebPage\",\"@id\":\"https:\\\/\\\/fr.twiza.org\\\/portail\\\/reseau-professionnel-twiza\\\/\",\"url\":\"https:\\\/\\\/fr.twiza.org\\\/portail\\\/reseau-professionnel-twiza\\\/\",\"name\":\"R\u00e9seau professionnel Twiza\",\"isPartOf\":{\"@id\":\"https:\\\/\\\/fr.twiza.org\\\/portail\\\/#website\"},\"datePublished\":\"2022-02-18T14:41:12+00:00\",\"dateModified\":\"2022-02-21T09:56:34+00:00\",\"description\":\"Pour soutenir la fili\u00e8re de l'\u00e9coconstruction nous avons cr\u00e9\u00e9 les outils pour b\u00e2tir un r\u00e9seau professionnel de l\u2019habitat \u00e9cologique.\",\"breadcrumb\":{\"@id\":\"https:\\\/\\\/fr.twiza.org\\\/portail\\\/reseau-professionnel-twiza\\\/#breadcrumb\"},\"inLanguage\":\"fr-FR\",\"potentialAction\":[{\"@type\":\"ReadAction\",\"target\":[\"https:\\\/\\\/fr.twiza.org\\\/portail\\\/reseau-professionnel-twiza\\\/\"]}]},{\"@type\":\"BreadcrumbList\",\"@id\":\"https:\\\/\\\/fr.twiza.org\\\/portail\\\/reseau-professionnel-twiza\\\/#breadcrumb\",\"itemListElement\":[{\"@type\":\"ListItem\",\"position\":1,\"name\":\"Accueil\",\"item\":\"https:\\\/\\\/fr.twiza.org\\\/portail\\\/\"},{\"@type\":\"ListItem\",\"position\":2,\"name\":\"R\u00e9seau professionnel Twiza\"}]},{\"@type\":\"WebSite\",\"@id\":\"https:\\\/\\\/fr.twiza.org\\\/portail\\\/#website\",\"url\":\"https:\\\/\\\/fr.twiza.org\\\/portail\\\/\",\"name\":\"R\u00e9seau Twiza\",\"description\":\"Entraide pour un habitat \u00e9cologique, convivial et r\u00e9silient\",\"publisher\":{\"@id\":\"https:\\\/\\\/fr.twiza.org\\\/portail\\\/#organization\"},\"potentialAction\":[{\"@type\":\"SearchAction\",\"target\":{\"@type\":\"EntryPoint\",\"urlTemplate\":\"https:\\\/\\\/fr.twiza.org\\\/portail\\\/?s={search_term_string}\"},\"query-input\":{\"@type\":\"PropertyValueSpecification\",\"valueRequired\":true,\"valueName\":\"search_term_string\"}}],\"inLanguage\":\"fr-FR\"},{\"@type\":\"Organization\",\"@id\":\"https:\\\/\\\/fr.twiza.org\\\/portail\\\/#organization\",\"name\":\"R\u00e9seau Twiza\",\"url\":\"https:\\\/\\\/fr.twiza.org\\\/portail\\\/\",\"logo\":{\"@type\":\"ImageObject\",\"inLanguage\":\"fr-FR\",\"@id\":\"https:\\\/\\\/fr.twiza.org\\\/portail\\\/#\\\/schema\\\/logo\\\/image\\\/\",\"url\":\"https:\\\/\\\/fr.twiza.org\\\/portail\\\/wp-content\\\/uploads\\\/2021\\\/05\\\/cropped-logo-reseau-twiza.jpg\",\"contentUrl\":\"https:\\\/\\\/fr.twiza.org\\\/portail\\\/wp-content\\\/uploads\\\/2021\\\/05\\\/cropped-logo-reseau-twiza.jpg\",\"width\":400,\"height\":102,\"caption\":\"R\u00e9seau Twiza\"},\"image\":{\"@id\":\"https:\\\/\\\/fr.twiza.org\\\/portail\\\/#\\\/schema\\\/logo\\\/image\\\/\"},\"sameAs\":[\"https:\\\/\\\/fr-fr.facebook.com\\\/Twiza.fr\\\/\",\"https:\\\/\\\/www.instagram.com\\\/twiza_fr\\\/\",\"https:\\\/\\\/www.linkedin.com\\\/company\\\/reseautwiza\\\/\"]}]}<\/script>\n<!-- \/ Yoast SEO Premium plugin. -->","yoast_head_json":{"title":"R\u00e9seau professionnel Twiza","description":"Pour soutenir la fili\u00e8re de l'\u00e9coconstruction nous avons cr\u00e9\u00e9 les outils pour b\u00e2tir un r\u00e9seau professionnel de l\u2019habitat \u00e9cologique.","robots":{"index":"index","follow":"follow","max-snippet":"max-snippet:-1","max-image-preview":"max-image-preview:large","max-video-preview":"max-video-preview:-1"},"canonical":"https:\/\/fr.twiza.org\/portail\/reseau-professionnel-twiza\/","og_locale":"fr_FR","og_type":"article","og_title":"R\u00e9seau professionnel Twiza","og_description":"Pour soutenir la fili\u00e8re de l'\u00e9coconstruction nous avons cr\u00e9\u00e9 les outils pour b\u00e2tir un r\u00e9seau professionnel de l\u2019habitat \u00e9cologique.","og_url":"https:\/\/fr.twiza.org\/portail\/reseau-professionnel-twiza\/","og_site_name":"R\u00e9seau Twiza","article_publisher":"https:\/\/fr-fr.facebook.com\/Twiza.fr\/","article_modified_time":"2022-02-21T09:56:34+00:00","twitter_card":"summary_large_image","schema":{"@context":"https:\/\/schema.org","@graph":[{"@type":"WebPage","@id":"https:\/\/fr.twiza.org\/portail\/reseau-professionnel-twiza\/","url":"https:\/\/fr.twiza.org\/portail\/reseau-professionnel-twiza\/","name":"R\u00e9seau professionnel Twiza","isPartOf":{"@id":"https:\/\/fr.twiza.org\/portail\/#website"},"datePublished":"2022-02-18T14:41:12+00:00","dateModified":"2022-02-21T09:56:34+00:00","description":"Pour soutenir la fili\u00e8re de l'\u00e9coconstruction nous avons cr\u00e9\u00e9 les outils pour b\u00e2tir un r\u00e9seau professionnel de l\u2019habitat \u00e9cologique.","breadcrumb":{"@id":"https:\/\/fr.twiza.org\/portail\/reseau-professionnel-twiza\/#breadcrumb"},"inLanguage":"fr-FR","potentialAction":[{"@type":"ReadAction","target":["https:\/\/fr.twiza.org\/portail\/reseau-professionnel-twiza\/"]}]},{"@type":"BreadcrumbList","@id":"https:\/\/fr.twiza.org\/portail\/reseau-professionnel-twiza\/#breadcrumb","itemListElement":[{"@type":"ListItem","position":1,"name":"Accueil","item":"https:\/\/fr.twiza.org\/portail\/"},{"@type":"ListItem","position":2,"name":"R\u00e9seau professionnel Twiza"}]},{"@type":"WebSite","@id":"https:\/\/fr.twiza.org\/portail\/#website","url":"https:\/\/fr.twiza.org\/portail\/","name":"R\u00e9seau Twiza","description":"Entraide pour un habitat \u00e9cologique, convivial et r\u00e9silient","publisher":{"@id":"https:\/\/fr.twiza.org\/portail\/#organization"},"potentialAction":[{"@type":"SearchAction","target":{"@type":"EntryPoint","urlTemplate":"https:\/\/fr.twiza.org\/portail\/?s={search_term_string}"},"query-input":{"@type":"PropertyValueSpecification","valueRequired":true,"valueName":"search_term_string"}}],"inLanguage":"fr-FR"},{"@type":"Organization","@id":"https:\/\/fr.twiza.org\/portail\/#organization","name":"R\u00e9seau Twiza","url":"https:\/\/fr.twiza.org\/portail\/","logo":{"@type":"ImageObject","inLanguage":"fr-FR","@id":"https:\/\/fr.twiza.org\/portail\/#\/schema\/logo\/image\/","url":"https:\/\/fr.twiza.org\/portail\/wp-content\/uploads\/2021\/05\/cropped-logo-reseau-twiza.jpg","contentUrl":"https:\/\/fr.twiza.org\/portail\/wp-content\/uploads\/2021\/05\/cropped-logo-reseau-twiza.jpg","width":400,"height":102,"caption":"R\u00e9seau Twiza"},"image":{"@id":"https:\/\/fr.twiza.org\/portail\/#\/schema\/logo\/image\/"},"sameAs":["https:\/\/fr-fr.facebook.com\/Twiza.fr\/","https:\/\/www.instagram.com\/twiza_fr\/","https:\/\/www.linkedin.com\/company\/reseautwiza\/"]}]}},"jetpack_sharing_enabled":true,"_links":{"self":[{"href":"https:\/\/fr.twiza.org\/portail\/wp-json\/wp\/v2\/pages\/3623","targetHints":{"allow":["GET"]}}],"collection":[{"href":"https:\/\/fr.twiza.org\/portail\/wp-json\/wp\/v2\/pages"}],"about":[{"href":"https:\/\/fr.twiza.org\/portail\/wp-json\/wp\/v2\/types\/page"}],"author":[{"embeddable":true,"href":"https:\/\/fr.twiza.org\/portail\/wp-json\/wp\/v2\/users\/10"}],"replies":[{"embeddable":true,"href":"https:\/\/fr.twiza.org\/portail\/wp-json\/wp\/v2\/comments?post=3623"}],"version-history":[{"count":4,"href":"https:\/\/fr.twiza.org\/portail\/wp-json\/wp\/v2\/pages\/3623\/revisions"}],"predecessor-version":[{"id":3627,"href":"https:\/\/fr.twiza.org\/portail\/wp-json\/wp\/v2\/pages\/3623\/revisions\/3627"}],"wp:attachment":[{"href":"https:\/\/fr.twiza.org\/portail\/wp-json\/wp\/v2\/media?parent=3623"}],"curies":[{"name":"wp","href":"https:\/\/api.w.org\/{rel}","templated":true}]}}