{"id":3753,"date":"2022-03-10T15:07:23","date_gmt":"2022-03-10T14:07:23","guid":{"rendered":"https:\/\/fr.twiza.org\/portail\/?page_id=3753"},"modified":"2024-09-26T17:30:19","modified_gmt":"2024-09-26T15:30:19","slug":"rejoindre-twiza-pros","status":"publish","type":"page","link":"https:\/\/fr.twiza.org\/portail\/rejoindre-twiza-pros\/","title":{"rendered":"Rejoindre les pros du r\u00e9seau Twiza"},"content":{"rendered":"\n<h2 class=\"wp-block-heading has-text-align-center\">Recevoir &amp; contribuer<\/h2>\n\n\n\n<p class=\"has-text-align-center\"><\/p>\n\n\n\n<div class=\"wp-block-buttons alignwide is-content-justification-center is-layout-flex wp-container-core-buttons-is-layout-a89b3969 wp-block-buttons-is-layout-flex\">\n<div class=\"wp-block-button\"><a class=\"wp-block-button__link wp-element-button\" href=\"https:\/\/airtable.com\/shrvgc5yJeKdFNMSS\">Rejoindre<\/a><\/div>\n<\/div>\n\n\n\n<p><\/p>\n\n\n\n<figure class=\"wp-block-image alignfull size-full is-style-default\"><img fetchpriority=\"high\" decoding=\"async\" width=\"2400\" height=\"1177\" src=\"https:\/\/fr.twiza.org\/portail\/wp-content\/uploads\/2022\/03\/Mb-actifs-RNT-22-cut-MQ.jpeg\" alt=\"Rencontre nationales des membres actifs 2022\" class=\"wp-image-3993\" srcset=\"https:\/\/fr.twiza.org\/portail\/wp-content\/uploads\/2022\/03\/Mb-actifs-RNT-22-cut-MQ.jpeg 2400w, https:\/\/fr.twiza.org\/portail\/wp-content\/uploads\/2022\/03\/Mb-actifs-RNT-22-cut-MQ-600x294.jpeg 600w, https:\/\/fr.twiza.org\/portail\/wp-content\/uploads\/2022\/03\/Mb-actifs-RNT-22-cut-MQ-300x147.jpeg 300w, https:\/\/fr.twiza.org\/portail\/wp-content\/uploads\/2022\/03\/Mb-actifs-RNT-22-cut-MQ-1024x502.jpeg 1024w, https:\/\/fr.twiza.org\/portail\/wp-content\/uploads\/2022\/03\/Mb-actifs-RNT-22-cut-MQ-768x377.jpeg 768w, https:\/\/fr.twiza.org\/portail\/wp-content\/uploads\/2022\/03\/Mb-actifs-RNT-22-cut-MQ-1536x753.jpeg 1536w, https:\/\/fr.twiza.org\/portail\/wp-content\/uploads\/2022\/03\/Mb-actifs-RNT-22-cut-MQ-2048x1004.jpeg 2048w\" sizes=\"(max-width: 2400px) 100vw, 2400px\" \/><\/figure>\n\n\n\n<h2 class=\"wp-block-heading\">Recevoir du r\u00e9seau<\/h2>\n\n\n\n<p>En rejoignant le r\u00e9seau professionnel Twiza, tu as acc\u00e8s \u00e0 :&nbsp;<\/p>\n\n\n\n<p><img decoding=\"async\" width=\"17\" height=\"17\" src=\"https:\/\/lh3.googleusercontent.com\/vk5Ddzs1pHNf_uE_PtOdsZg-aAhggA7rCAiNzx-qTBkTPFVNMhbnzuPN-dAtfBvBfuq41e-9zi6X_QeBOsjvc-pc_GNUD2LLyxDsWS03jmVfLEw55m_H1T7_nRsWH8lNicmvW2Zt\" alt=\"\ud83d\udccd\"> un <strong>r\u00e9f\u00e9rencement dans l&rsquo;annuaire des pro TWIZA<\/strong><\/p>\n\n\n\n<p><img decoding=\"async\" width=\"17\" height=\"17\" src=\"https:\/\/lh5.googleusercontent.com\/Cj34mJMkjbkXW0ZQM2xTwR9RPQxU7QHwV-m_6_sgeJA4G8-RmQ20ZXDK5hVAnb_mIltp2DAK2f16LPG5ICsmZMFpxpLlIkx9LONkruVqHaH6u7zvW87wH4v3fy71XdUlTEZOSGis\" alt=\"\ud83d\udd0e\"> &nbsp;une <strong>base de donn\u00e9es de porteurs de projet<\/strong> \u00e0 la recherche de professionnels engag\u00e9s&nbsp;<\/p>\n\n\n\n<p><img loading=\"lazy\" decoding=\"async\" width=\"17\" height=\"17\" src=\"https:\/\/lh4.googleusercontent.com\/y2R09C4sknYCDPjAJ3X30LAaX1kcy3zpSHy0UTSME0Kmgs1-wyPS8O0PO1BVegrQpQ0g5K0XJ-fjeoP8-5ogS0j1fkc6vmV-96lRgrbL96PBbDquyU6K9SdiOQ43Y7kgv-HR3j4P\" alt=\"\ud83d\uded6\">&nbsp; des <strong>groupes locaux<\/strong> anim\u00e9s par des b\u00e9n\u00e9voles actifs sur toute la France pour cr\u00e9er une dynamique locale autour de l&rsquo;\u00e9coconstruction<\/p>\n\n\n\n<p><img loading=\"lazy\" decoding=\"async\" width=\"17\" height=\"17\" src=\"https:\/\/lh6.googleusercontent.com\/8LBD6D_qIUGYYIL-mhS18Kx_Z-KGrT3FWPZCb7tqwFMI-1pGtsqFZPT5O8XjMHSWX65RgOrbEMSz8gYeQSXIA508anqUwAJXgHiN-6FS8vdX63RjE0CjpoNKdIGUb5rY-9mWGfKV\" alt=\"\ud83e\udd1d\"> un espace de confiance et d&rsquo;entraide via le <strong>forum professionnel Twiza<\/strong><\/p>\n\n\n\n<h2 class=\"wp-block-heading\" id=\"h-contribuer-au-reseau\">Contribuer au r\u00e9seau<\/h2>\n\n\n\n<p>Concernant ta contribution financi\u00e8re, nous proposons un montant selon le statut de la structure et payable en formule annuelle ou mensuelle. Si tu souhaites contribuer aussi de fa\u00e7on autre comme \u00e9voqu\u00e9 en page pr\u00e9c\u00e9dente, prends contact avec Emi pour \u00e9valuer ce qui est faisable.<\/p>\n\n\n\n<figure class=\"wp-block-table\"><table><tbody><tr><td>Entreprise (10 salari\u00e9s ou plus)<\/td><td>90\u20ac HT\/mois<\/td><\/tr><tr><td>Petite entreprise (moins de 10 salari\u00e9s)<\/td><td>50\u20ac HT\/mois<\/td><\/tr><tr><td>Entreprise unipersonnelles (sans salari\u00e9s)<\/td><td>30\u20ac HT\/mois<\/td><\/tr><tr><td>Associations &amp; auto-entreprises<\/td><td>20\u20ac TTC\/mois<\/td><\/tr><\/tbody><\/table><figcaption class=\"wp-element-caption\"><strong>Abonnement mensuel sur base d&rsquo;engagement d&rsquo;1 an minimum<\/strong><\/figcaption><\/figure>\n\n\n\n<p>Pour plus de facilit\u00e9, le paiement se fera par pr\u00e9l\u00e8vement SEPA : nous t&rsquo;enverrons la proc\u00e9dure pour le faire <em><a href=\"#SEPA\">(Pourquoi passer par SEPA ?)<\/a><\/em><\/p>\n\n\n\n<h2 class=\"wp-block-heading\" id=\"h-postuler-pour-rejoindre\">Postuler pour rejoindre<\/h2>\n\n\n\n<p>S&rsquo;il est utile de le rappeler, les entreprises &amp; associations r\u00e9f\u00e9renc\u00e9es ici se reconnaissent dans les valeurs d\u00e9crites dans notre d\u00e9marche et notre <a href=\"https:\/\/fr.twiza.org\/charte-du-reseau-twiza,pa194.html\" target=\"_blank\" rel=\"noreferrer noopener\">charte<\/a>.<\/p>\n\n\n\n<div class=\"wp-block-buttons alignwide is-content-justification-center is-layout-flex wp-container-core-buttons-is-layout-a89b3969 wp-block-buttons-is-layout-flex\">\n<div class=\"wp-block-button\"><a class=\"wp-block-button__link wp-element-button\" href=\"https:\/\/airtable.com\/shrvgc5yJeKdFNMSS\">Rejoindre<\/a><\/div>\n<\/div>\n\n\n\n<p>Encore une h\u00e9sitation ou une question ? Tu peux nous \u00e9crire \u00e0 <strong><a href=\"mailto:emilie@twiza.org\" rel=\"nofollow\">contact@twiza.org<\/a><\/strong> <\/p>\n\n\n\n<h2 class=\"wp-block-heading\">Ce qu&rsquo;ils en disent ?<\/h2>\n\n\n\n<p><\/p>\n\n\n\n<p><\/p>\n\n\n\n<figure class=\"wp-block-image size-large\"><img loading=\"lazy\" decoding=\"async\" width=\"1024\" height=\"375\" src=\"https:\/\/fr.twiza.org\/portail\/wp-content\/uploads\/2022\/03\/aymeric-prigent-2-5-1024x375.png\" alt=\"\" class=\"wp-image-3895\" srcset=\"https:\/\/fr.twiza.org\/portail\/wp-content\/uploads\/2022\/03\/aymeric-prigent-2-5-1024x375.png 1024w, https:\/\/fr.twiza.org\/portail\/wp-content\/uploads\/2022\/03\/aymeric-prigent-2-5-600x220.png 600w, https:\/\/fr.twiza.org\/portail\/wp-content\/uploads\/2022\/03\/aymeric-prigent-2-5-300x110.png 300w, https:\/\/fr.twiza.org\/portail\/wp-content\/uploads\/2022\/03\/aymeric-prigent-2-5-768x281.png 768w, https:\/\/fr.twiza.org\/portail\/wp-content\/uploads\/2022\/03\/aymeric-prigent-2-5.png 1366w\" sizes=\"(max-width: 1024px) 100vw, 1024px\" \/><\/figure>\n\n\n\n<p><\/p>\n\n\n\n<figure class=\"wp-block-image size-large\"><img loading=\"lazy\" decoding=\"async\" width=\"1024\" height=\"375\" src=\"https:\/\/fr.twiza.org\/portail\/wp-content\/uploads\/2022\/03\/eddy-fruchard-Temoignage-6-1024x375.png\" alt=\"\" class=\"wp-image-3897\" srcset=\"https:\/\/fr.twiza.org\/portail\/wp-content\/uploads\/2022\/03\/eddy-fruchard-Temoignage-6-1024x375.png 1024w, https:\/\/fr.twiza.org\/portail\/wp-content\/uploads\/2022\/03\/eddy-fruchard-Temoignage-6-600x220.png 600w, https:\/\/fr.twiza.org\/portail\/wp-content\/uploads\/2022\/03\/eddy-fruchard-Temoignage-6-300x110.png 300w, https:\/\/fr.twiza.org\/portail\/wp-content\/uploads\/2022\/03\/eddy-fruchard-Temoignage-6-768x281.png 768w, https:\/\/fr.twiza.org\/portail\/wp-content\/uploads\/2022\/03\/eddy-fruchard-Temoignage-6.png 1366w\" sizes=\"(max-width: 1024px) 100vw, 1024px\" \/><\/figure>\n\n\n\n<p><\/p>\n\n\n\n<figure class=\"wp-block-image size-large\"><img loading=\"lazy\" decoding=\"async\" width=\"1024\" height=\"375\" src=\"https:\/\/fr.twiza.org\/portail\/wp-content\/uploads\/2022\/03\/raphae\u0308l-anatomie-6-1024x375.png\" alt=\"\" class=\"wp-image-3901\" srcset=\"https:\/\/fr.twiza.org\/portail\/wp-content\/uploads\/2022\/03\/raphae\u0308l-anatomie-6-1024x375.png 1024w, https:\/\/fr.twiza.org\/portail\/wp-content\/uploads\/2022\/03\/raphae\u0308l-anatomie-6-600x220.png 600w, https:\/\/fr.twiza.org\/portail\/wp-content\/uploads\/2022\/03\/raphae\u0308l-anatomie-6-300x110.png 300w, https:\/\/fr.twiza.org\/portail\/wp-content\/uploads\/2022\/03\/raphae\u0308l-anatomie-6-768x281.png 768w, https:\/\/fr.twiza.org\/portail\/wp-content\/uploads\/2022\/03\/raphae\u0308l-anatomie-6.png 1366w\" sizes=\"(max-width: 1024px) 100vw, 1024px\" \/><\/figure>\n\n\n\n<p><\/p>\n\n\n\n<figure class=\"wp-block-image size-full\"><img loading=\"lazy\" decoding=\"async\" width=\"980\" height=\"359\" src=\"https:\/\/fr.twiza.org\/portail\/wp-content\/uploads\/2022\/03\/fx-vendeville-980a-6.png\" alt=\"\" class=\"wp-image-3898\" srcset=\"https:\/\/fr.twiza.org\/portail\/wp-content\/uploads\/2022\/03\/fx-vendeville-980a-6.png 980w, https:\/\/fr.twiza.org\/portail\/wp-content\/uploads\/2022\/03\/fx-vendeville-980a-6-600x220.png 600w, https:\/\/fr.twiza.org\/portail\/wp-content\/uploads\/2022\/03\/fx-vendeville-980a-6-300x110.png 300w, https:\/\/fr.twiza.org\/portail\/wp-content\/uploads\/2022\/03\/fx-vendeville-980a-6-768x281.png 768w\" sizes=\"(max-width: 980px) 100vw, 980px\" \/><\/figure>\n\n\n\n<p><\/p>\n\n\n\n<figure class=\"wp-block-image size-full\"><img loading=\"lazy\" decoding=\"async\" width=\"980\" height=\"359\" src=\"https:\/\/fr.twiza.org\/portail\/wp-content\/uploads\/2022\/03\/JF-Bebin-980-4.png\" alt=\"\" class=\"wp-image-3899\" srcset=\"https:\/\/fr.twiza.org\/portail\/wp-content\/uploads\/2022\/03\/JF-Bebin-980-4.png 980w, https:\/\/fr.twiza.org\/portail\/wp-content\/uploads\/2022\/03\/JF-Bebin-980-4-600x220.png 600w, https:\/\/fr.twiza.org\/portail\/wp-content\/uploads\/2022\/03\/JF-Bebin-980-4-300x110.png 300w, https:\/\/fr.twiza.org\/portail\/wp-content\/uploads\/2022\/03\/JF-Bebin-980-4-768x281.png 768w\" sizes=\"(max-width: 980px) 100vw, 980px\" \/><\/figure>\n\n\n\n<p><\/p>\n\n\n\n<figure class=\"wp-block-image size-full\"><img loading=\"lazy\" decoding=\"async\" width=\"980\" height=\"359\" src=\"https:\/\/fr.twiza.org\/portail\/wp-content\/uploads\/2022\/03\/jonathan-gueguen-980-5.png\" alt=\"\" class=\"wp-image-3900\" srcset=\"https:\/\/fr.twiza.org\/portail\/wp-content\/uploads\/2022\/03\/jonathan-gueguen-980-5.png 980w, https:\/\/fr.twiza.org\/portail\/wp-content\/uploads\/2022\/03\/jonathan-gueguen-980-5-600x220.png 600w, https:\/\/fr.twiza.org\/portail\/wp-content\/uploads\/2022\/03\/jonathan-gueguen-980-5-300x110.png 300w, https:\/\/fr.twiza.org\/portail\/wp-content\/uploads\/2022\/03\/jonathan-gueguen-980-5-768x281.png 768w\" sizes=\"(max-width: 980px) 100vw, 980px\" \/><\/figure>\n\n\n\n<p><\/p>\n\n\n\n<figure class=\"wp-block-image size-full\"><img loading=\"lazy\" decoding=\"async\" width=\"980\" height=\"359\" src=\"https:\/\/fr.twiza.org\/portail\/wp-content\/uploads\/2022\/03\/ste\u0301phane-montagne-980-6.png\" alt=\"\" class=\"wp-image-3902\" srcset=\"https:\/\/fr.twiza.org\/portail\/wp-content\/uploads\/2022\/03\/ste\u0301phane-montagne-980-6.png 980w, https:\/\/fr.twiza.org\/portail\/wp-content\/uploads\/2022\/03\/ste\u0301phane-montagne-980-6-600x220.png 600w, https:\/\/fr.twiza.org\/portail\/wp-content\/uploads\/2022\/03\/ste\u0301phane-montagne-980-6-300x110.png 300w, https:\/\/fr.twiza.org\/portail\/wp-content\/uploads\/2022\/03\/ste\u0301phane-montagne-980-6-768x281.png 768w\" sizes=\"(max-width: 980px) 100vw, 980px\" \/><\/figure>\n\n\n\n<p><\/p>\n\n\n\n<figure class=\"wp-block-image size-large\"><img loading=\"lazy\" decoding=\"async\" width=\"1024\" height=\"375\" src=\"https:\/\/fr.twiza.org\/portail\/wp-content\/uploads\/2022\/03\/antoine-prats3-980-6-1024x375.png\" alt=\"\" class=\"wp-image-3894\" srcset=\"https:\/\/fr.twiza.org\/portail\/wp-content\/uploads\/2022\/03\/antoine-prats3-980-6-1024x375.png 1024w, https:\/\/fr.twiza.org\/portail\/wp-content\/uploads\/2022\/03\/antoine-prats3-980-6-600x220.png 600w, https:\/\/fr.twiza.org\/portail\/wp-content\/uploads\/2022\/03\/antoine-prats3-980-6-300x110.png 300w, https:\/\/fr.twiza.org\/portail\/wp-content\/uploads\/2022\/03\/antoine-prats3-980-6-768x281.png 768w, https:\/\/fr.twiza.org\/portail\/wp-content\/uploads\/2022\/03\/antoine-prats3-980-6.png 1366w\" sizes=\"(max-width: 1024px) 100vw, 1024px\" \/><\/figure>\n\n\n\n<p><\/p>\n\n\n\n<div class=\"wp-block-buttons alignwide is-content-justification-center is-layout-flex wp-container-core-buttons-is-layout-a89b3969 wp-block-buttons-is-layout-flex\">\n<div class=\"wp-block-button\"><a class=\"wp-block-button__link wp-element-button\" href=\"https:\/\/airtable.com\/shrvgc5yJeKdFNMSS\">Rejoindre<\/a><\/div>\n<\/div>\n\n\n\n<p class=\"has-text-align-center\"><strong>Au plaisir de te retrouver au sein de notre r\u00e9seau !<\/strong><\/p>\n\n\n\n<p><\/p>\n\n\n\n<p>Encore une h\u00e9sitation ou une question ? Tu peux nous \u00e9crire \u00e0 <strong><a href=\"mailto:emilie@twiza.org\" rel=\"nofollow\">contact@twiza.org<\/a><\/strong> <\/p>\n\n\n\n<h2 class=\"wp-block-heading\" id=\"SEPA\">Pourquoi nous proc\u00e9dons par pr\u00e9l\u00e8vement SEPA ?<\/h2>\n\n\n\n<p>Lorsque tu nous accordes un mandat SEPA, sache que ce n&rsquo;est pas seulement pour nous simplifier \u00e0 tous les paiements, c&rsquo;est aussi plus s\u00e9curisant pour toi. <\/p>\n\n\n\n<p>Voici les deux raisons principales :<\/p>\n\n\n\n<ol class=\"wp-block-list\">\n<li>&nbsp;<strong>Notification \u00e0 l&rsquo;avance<\/strong>&nbsp;: avant chaque pr\u00e9l\u00e8vement,&nbsp;<strong>nous te tiendrons inform\u00e9.<\/strong>&nbsp;Ainsi, tu auras toujours le temps de v\u00e9rifier les d\u00e9tails et de t&rsquo;assurer d&rsquo;avoir les fonds n\u00e9cessaires. Tu as le contr\u00f4le avant chaque transaction.<\/li>\n\n\n\n<li><strong>Droit de Remboursement&nbsp;<\/strong>: si un pr\u00e9l\u00e8vement ne te semble pas correct, gr\u00e2ce \u00e0 la r\u00e9glementation europ\u00e9enne sur les pr\u00e9l\u00e8vements SEPA, tu disposes d&rsquo;un&nbsp;<strong>droit inconditionnel&nbsp;<\/strong>\u00e0 un remboursement pendant huit semaines \u00e0 compter de la date \u00e0 laquelle l&rsquo;argent a \u00e9t\u00e9 d\u00e9bit\u00e9.&nbsp;<\/li>\n<\/ol>\n\n\n\n<p>Concr\u00e8tement un simple coup de fil \u00e0 ton banquier suffit. Ceci dit, si tu nous dois cette somme, tu en restera redevable juridiquement : mais tu restes ma\u00eetre de ton paiement. Tu gardes le contr\u00f4le apr\u00e8s chaque transaction.<\/p>\n\n\n\n<p>Par comparaison, les paiements par virement et CB ne t&rsquo;offrent pas ce droit inconditionnel \u00e0 un remboursement. Finalement, c&rsquo;est plus risqu\u00e9 pour nous, mais on n&rsquo;est pas inquiets et faisons confiance \ud83d\ude42<\/p>\n\n\n\n<div style=\"height:100px\" aria-hidden=\"true\" class=\"wp-block-spacer\"><\/div>\n","protected":false},"excerpt":{"rendered":"<p>Recevoir &amp; contribuer Recevoir du r\u00e9seau En rejoignant le r\u00e9seau professionnel Twiza, tu as acc\u00e8s \u00e0 :&nbsp; un r\u00e9f\u00e9rencement dans l&rsquo;annuaire des pro TWIZA &nbsp;une base de donn\u00e9es de porteurs de projet \u00e0 la recherche de professionnels engag\u00e9s&nbsp; &nbsp; des groupes locaux anim\u00e9s par des b\u00e9n\u00e9voles actifs sur toute la [&hellip;]<\/p>\n","protected":false},"author":10,"featured_media":0,"parent":0,"menu_order":0,"comment_status":"closed","ping_status":"closed","template":"","meta":{"_eb_attr":"","_themeisle_gutenberg_block_has_review":false,"footnotes":""},"class_list":["post-3753","page","type-page","status-publish","hentry"],"yoast_head":"<!-- This site is optimized with the Yoast SEO Premium plugin v27.2 (Yoast SEO v27.3) - https:\/\/yoast.com\/product\/yoast-seo-premium-wordpress\/ -->\n<title>Rejoindre les pros du r\u00e9seau Twiza<\/title>\n<meta name=\"robots\" content=\"index, follow, max-snippet:-1, max-image-preview:large, max-video-preview:-1\" \/>\n<link rel=\"canonical\" href=\"https:\/\/fr.twiza.org\/portail\/rejoindre-twiza\/\" \/>\n<meta property=\"og:locale\" content=\"fr_FR\" \/>\n<meta property=\"og:type\" content=\"article\" \/>\n<meta property=\"og:title\" content=\"Rejoindre les pros du r\u00e9seau Twiza\" \/>\n<meta property=\"og:description\" content=\"Recevoir &amp; contribuer Recevoir du r\u00e9seau En rejoignant le r\u00e9seau professionnel Twiza, tu as acc\u00e8s \u00e0 :&nbsp; un r\u00e9f\u00e9rencement dans l&rsquo;annuaire des pro TWIZA &nbsp;une base de donn\u00e9es de porteurs de projet \u00e0 la recherche de professionnels engag\u00e9s&nbsp; &nbsp; des groupes locaux anim\u00e9s par des b\u00e9n\u00e9voles actifs sur toute la [&hellip;]\" \/>\n<meta property=\"og:url\" content=\"https:\/\/fr.twiza.org\/portail\/rejoindre-twiza\/\" \/>\n<meta property=\"og:site_name\" content=\"R\u00e9seau Twiza\" \/>\n<meta property=\"article:publisher\" content=\"https:\/\/fr-fr.facebook.com\/Twiza.fr\/\" \/>\n<meta property=\"article:modified_time\" content=\"2024-09-26T15:30:19+00:00\" \/>\n<meta property=\"og:image\" content=\"https:\/\/fr.twiza.org\/portail\/wp-content\/uploads\/2022\/03\/Mb-actifs-RNT-22-cut-MQ.jpeg\" \/>\n<meta name=\"twitter:card\" content=\"summary_large_image\" \/>\n<script type=\"application\/ld+json\" class=\"yoast-schema-graph\">{\"@context\":\"https:\\\/\\\/schema.org\",\"@graph\":[{\"@type\":\"WebPage\",\"@id\":\"https:\\\/\\\/fr.twiza.org\\\/portail\\\/rejoindre-twiza\\\/\",\"url\":\"https:\\\/\\\/fr.twiza.org\\\/portail\\\/rejoindre-twiza\\\/\",\"name\":\"Rejoindre les pros du r\u00e9seau Twiza\",\"isPartOf\":{\"@id\":\"https:\\\/\\\/fr.twiza.org\\\/portail\\\/#website\"},\"primaryImageOfPage\":{\"@id\":\"https:\\\/\\\/fr.twiza.org\\\/portail\\\/rejoindre-twiza\\\/#primaryimage\"},\"image\":{\"@id\":\"https:\\\/\\\/fr.twiza.org\\\/portail\\\/rejoindre-twiza\\\/#primaryimage\"},\"thumbnailUrl\":\"https:\\\/\\\/fr.twiza.org\\\/portail\\\/wp-content\\\/uploads\\\/2022\\\/03\\\/Mb-actifs-RNT-22-cut-MQ.jpeg\",\"datePublished\":\"2022-03-10T14:07:23+00:00\",\"dateModified\":\"2024-09-26T15:30:19+00:00\",\"breadcrumb\":{\"@id\":\"https:\\\/\\\/fr.twiza.org\\\/portail\\\/rejoindre-twiza\\\/#breadcrumb\"},\"inLanguage\":\"fr-FR\",\"potentialAction\":[{\"@type\":\"ReadAction\",\"target\":[\"https:\\\/\\\/fr.twiza.org\\\/portail\\\/rejoindre-twiza\\\/\"]}]},{\"@type\":\"ImageObject\",\"inLanguage\":\"fr-FR\",\"@id\":\"https:\\\/\\\/fr.twiza.org\\\/portail\\\/rejoindre-twiza\\\/#primaryimage\",\"url\":\"https:\\\/\\\/fr.twiza.org\\\/portail\\\/wp-content\\\/uploads\\\/2022\\\/03\\\/Mb-actifs-RNT-22-cut-MQ.jpeg\",\"contentUrl\":\"https:\\\/\\\/fr.twiza.org\\\/portail\\\/wp-content\\\/uploads\\\/2022\\\/03\\\/Mb-actifs-RNT-22-cut-MQ.jpeg\",\"width\":2400,\"height\":1177,\"caption\":\"Rencontre nationales des membres actifs 2022\"},{\"@type\":\"BreadcrumbList\",\"@id\":\"https:\\\/\\\/fr.twiza.org\\\/portail\\\/rejoindre-twiza\\\/#breadcrumb\",\"itemListElement\":[{\"@type\":\"ListItem\",\"position\":1,\"name\":\"Accueil\",\"item\":\"https:\\\/\\\/fr.twiza.org\\\/portail\\\/\"},{\"@type\":\"ListItem\",\"position\":2,\"name\":\"Rejoindre les pros du r\u00e9seau Twiza\"}]},{\"@type\":\"WebSite\",\"@id\":\"https:\\\/\\\/fr.twiza.org\\\/portail\\\/#website\",\"url\":\"https:\\\/\\\/fr.twiza.org\\\/portail\\\/\",\"name\":\"R\u00e9seau Twiza\",\"description\":\"Entraide pour un habitat \u00e9cologique, convivial et r\u00e9silient\",\"publisher\":{\"@id\":\"https:\\\/\\\/fr.twiza.org\\\/portail\\\/#organization\"},\"potentialAction\":[{\"@type\":\"SearchAction\",\"target\":{\"@type\":\"EntryPoint\",\"urlTemplate\":\"https:\\\/\\\/fr.twiza.org\\\/portail\\\/?s={search_term_string}\"},\"query-input\":{\"@type\":\"PropertyValueSpecification\",\"valueRequired\":true,\"valueName\":\"search_term_string\"}}],\"inLanguage\":\"fr-FR\"},{\"@type\":\"Organization\",\"@id\":\"https:\\\/\\\/fr.twiza.org\\\/portail\\\/#organization\",\"name\":\"R\u00e9seau Twiza\",\"url\":\"https:\\\/\\\/fr.twiza.org\\\/portail\\\/\",\"logo\":{\"@type\":\"ImageObject\",\"inLanguage\":\"fr-FR\",\"@id\":\"https:\\\/\\\/fr.twiza.org\\\/portail\\\/#\\\/schema\\\/logo\\\/image\\\/\",\"url\":\"https:\\\/\\\/fr.twiza.org\\\/portail\\\/wp-content\\\/uploads\\\/2021\\\/05\\\/cropped-logo-reseau-twiza.jpg\",\"contentUrl\":\"https:\\\/\\\/fr.twiza.org\\\/portail\\\/wp-content\\\/uploads\\\/2021\\\/05\\\/cropped-logo-reseau-twiza.jpg\",\"width\":400,\"height\":102,\"caption\":\"R\u00e9seau Twiza\"},\"image\":{\"@id\":\"https:\\\/\\\/fr.twiza.org\\\/portail\\\/#\\\/schema\\\/logo\\\/image\\\/\"},\"sameAs\":[\"https:\\\/\\\/fr-fr.facebook.com\\\/Twiza.fr\\\/\",\"https:\\\/\\\/www.instagram.com\\\/twiza_fr\\\/\",\"https:\\\/\\\/www.linkedin.com\\\/company\\\/reseautwiza\\\/\"]}]}<\/script>\n<!-- \/ Yoast SEO Premium plugin. -->","yoast_head_json":{"title":"Rejoindre les pros du r\u00e9seau Twiza","robots":{"index":"index","follow":"follow","max-snippet":"max-snippet:-1","max-image-preview":"max-image-preview:large","max-video-preview":"max-video-preview:-1"},"canonical":"https:\/\/fr.twiza.org\/portail\/rejoindre-twiza\/","og_locale":"fr_FR","og_type":"article","og_title":"Rejoindre les pros du r\u00e9seau Twiza","og_description":"Recevoir &amp; contribuer Recevoir du r\u00e9seau En rejoignant le r\u00e9seau professionnel Twiza, tu as acc\u00e8s \u00e0 :&nbsp; un r\u00e9f\u00e9rencement dans l&rsquo;annuaire des pro TWIZA &nbsp;une base de donn\u00e9es de porteurs de projet \u00e0 la recherche de professionnels engag\u00e9s&nbsp; &nbsp; des groupes locaux anim\u00e9s par des b\u00e9n\u00e9voles actifs sur toute la [&hellip;]","og_url":"https:\/\/fr.twiza.org\/portail\/rejoindre-twiza\/","og_site_name":"R\u00e9seau Twiza","article_publisher":"https:\/\/fr-fr.facebook.com\/Twiza.fr\/","article_modified_time":"2024-09-26T15:30:19+00:00","og_image":[{"url":"https:\/\/fr.twiza.org\/portail\/wp-content\/uploads\/2022\/03\/Mb-actifs-RNT-22-cut-MQ.jpeg","type":"","width":"","height":""}],"twitter_card":"summary_large_image","schema":{"@context":"https:\/\/schema.org","@graph":[{"@type":"WebPage","@id":"https:\/\/fr.twiza.org\/portail\/rejoindre-twiza\/","url":"https:\/\/fr.twiza.org\/portail\/rejoindre-twiza\/","name":"Rejoindre les pros du r\u00e9seau Twiza","isPartOf":{"@id":"https:\/\/fr.twiza.org\/portail\/#website"},"primaryImageOfPage":{"@id":"https:\/\/fr.twiza.org\/portail\/rejoindre-twiza\/#primaryimage"},"image":{"@id":"https:\/\/fr.twiza.org\/portail\/rejoindre-twiza\/#primaryimage"},"thumbnailUrl":"https:\/\/fr.twiza.org\/portail\/wp-content\/uploads\/2022\/03\/Mb-actifs-RNT-22-cut-MQ.jpeg","datePublished":"2022-03-10T14:07:23+00:00","dateModified":"2024-09-26T15:30:19+00:00","breadcrumb":{"@id":"https:\/\/fr.twiza.org\/portail\/rejoindre-twiza\/#breadcrumb"},"inLanguage":"fr-FR","potentialAction":[{"@type":"ReadAction","target":["https:\/\/fr.twiza.org\/portail\/rejoindre-twiza\/"]}]},{"@type":"ImageObject","inLanguage":"fr-FR","@id":"https:\/\/fr.twiza.org\/portail\/rejoindre-twiza\/#primaryimage","url":"https:\/\/fr.twiza.org\/portail\/wp-content\/uploads\/2022\/03\/Mb-actifs-RNT-22-cut-MQ.jpeg","contentUrl":"https:\/\/fr.twiza.org\/portail\/wp-content\/uploads\/2022\/03\/Mb-actifs-RNT-22-cut-MQ.jpeg","width":2400,"height":1177,"caption":"Rencontre nationales des membres actifs 2022"},{"@type":"BreadcrumbList","@id":"https:\/\/fr.twiza.org\/portail\/rejoindre-twiza\/#breadcrumb","itemListElement":[{"@type":"ListItem","position":1,"name":"Accueil","item":"https:\/\/fr.twiza.org\/portail\/"},{"@type":"ListItem","position":2,"name":"Rejoindre les pros du r\u00e9seau Twiza"}]},{"@type":"WebSite","@id":"https:\/\/fr.twiza.org\/portail\/#website","url":"https:\/\/fr.twiza.org\/portail\/","name":"R\u00e9seau Twiza","description":"Entraide pour un habitat \u00e9cologique, convivial et r\u00e9silient","publisher":{"@id":"https:\/\/fr.twiza.org\/portail\/#organization"},"potentialAction":[{"@type":"SearchAction","target":{"@type":"EntryPoint","urlTemplate":"https:\/\/fr.twiza.org\/portail\/?s={search_term_string}"},"query-input":{"@type":"PropertyValueSpecification","valueRequired":true,"valueName":"search_term_string"}}],"inLanguage":"fr-FR"},{"@type":"Organization","@id":"https:\/\/fr.twiza.org\/portail\/#organization","name":"R\u00e9seau Twiza","url":"https:\/\/fr.twiza.org\/portail\/","logo":{"@type":"ImageObject","inLanguage":"fr-FR","@id":"https:\/\/fr.twiza.org\/portail\/#\/schema\/logo\/image\/","url":"https:\/\/fr.twiza.org\/portail\/wp-content\/uploads\/2021\/05\/cropped-logo-reseau-twiza.jpg","contentUrl":"https:\/\/fr.twiza.org\/portail\/wp-content\/uploads\/2021\/05\/cropped-logo-reseau-twiza.jpg","width":400,"height":102,"caption":"R\u00e9seau Twiza"},"image":{"@id":"https:\/\/fr.twiza.org\/portail\/#\/schema\/logo\/image\/"},"sameAs":["https:\/\/fr-fr.facebook.com\/Twiza.fr\/","https:\/\/www.instagram.com\/twiza_fr\/","https:\/\/www.linkedin.com\/company\/reseautwiza\/"]}]}},"jetpack_sharing_enabled":true,"_links":{"self":[{"href":"https:\/\/fr.twiza.org\/portail\/wp-json\/wp\/v2\/pages\/3753","targetHints":{"allow":["GET"]}}],"collection":[{"href":"https:\/\/fr.twiza.org\/portail\/wp-json\/wp\/v2\/pages"}],"about":[{"href":"https:\/\/fr.twiza.org\/portail\/wp-json\/wp\/v2\/types\/page"}],"author":[{"embeddable":true,"href":"https:\/\/fr.twiza.org\/portail\/wp-json\/wp\/v2\/users\/10"}],"replies":[{"embeddable":true,"href":"https:\/\/fr.twiza.org\/portail\/wp-json\/wp\/v2\/comments?post=3753"}],"version-history":[{"count":86,"href":"https:\/\/fr.twiza.org\/portail\/wp-json\/wp\/v2\/pages\/3753\/revisions"}],"predecessor-version":[{"id":13505,"href":"https:\/\/fr.twiza.org\/portail\/wp-json\/wp\/v2\/pages\/3753\/revisions\/13505"}],"wp:attachment":[{"href":"https:\/\/fr.twiza.org\/portail\/wp-json\/wp\/v2\/media?parent=3753"}],"curies":[{"name":"wp","href":"https:\/\/api.w.org\/{rel}","templated":true}]}}