{"id":4045,"date":"2022-05-13T15:11:14","date_gmt":"2022-05-13T13:11:14","guid":{"rendered":"https:\/\/fr.twiza.org\/portail\/?page_id=4045"},"modified":"2022-08-16T17:45:29","modified_gmt":"2022-08-16T15:45:29","slug":"finitions","status":"publish","type":"page","link":"https:\/\/fr.twiza.org\/portail\/finitions\/","title":{"rendered":"Finitions"},"content":{"rendered":"\n<figure class=\"wp-block-image size-full\"><img fetchpriority=\"high\" decoding=\"async\" width=\"956\" height=\"538\" src=\"https:\/\/fr.twiza.org\/portail\/wp-content\/uploads\/2022\/05\/definitions-techniques-ba\u0302timent-finitions-edited.jpeg\" alt=\"Photo de l'\u00e9tape finitions d'un chantier, rev\u00eatement des murs\" class=\"wp-image-4812\" srcset=\"https:\/\/fr.twiza.org\/portail\/wp-content\/uploads\/2022\/05\/definitions-techniques-ba\u0302timent-finitions-edited.jpeg 956w, https:\/\/fr.twiza.org\/portail\/wp-content\/uploads\/2022\/05\/definitions-techniques-ba\u0302timent-finitions-edited-600x338.jpeg 600w, https:\/\/fr.twiza.org\/portail\/wp-content\/uploads\/2022\/05\/definitions-techniques-ba\u0302timent-finitions-edited-300x169.jpeg 300w, https:\/\/fr.twiza.org\/portail\/wp-content\/uploads\/2022\/05\/definitions-techniques-ba\u0302timent-finitions-edited-768x432.jpeg 768w\" sizes=\"(max-width: 956px) 100vw, 956px\" \/><\/figure>\n\n\n\n<p>Une fois les \u00e9tapes de <strong>second \u0153uvre<\/strong> termin\u00e9es, celles des <strong>finitions<\/strong> viennent clore le processus de construction de ton b\u00e2ti.<\/p>\n\n\n\n<p>L&rsquo;objectif est de le rendre <strong>conforme<\/strong> \u00e0 tes <strong>plans<\/strong> de d\u00e9part, notamment en ce qui concerne l&rsquo;<strong>aspect<\/strong> <strong>esth\u00e9tique<\/strong>.<\/p>\n\n\n\n<p>Les <strong>finitions<\/strong> sont l&rsquo;occasion de <strong>personnaliser<\/strong> ton <strong>habitat<\/strong> dans les moindres d\u00e9tails, notamment les <strong>rev\u00eatements<\/strong> des <strong>sols<\/strong>, des <strong>murs<\/strong>, la <strong>peinture<\/strong> etc.<\/p>\n\n\n\n<p>Mais vigilance \u00e0 ne pas sous-estimer ces \u00e9tapes, souvent plus fastidieuses que ce que l&rsquo;on peut s&rsquo;imaginer&#8230;.<\/p>\n\n\n\n<p>Nous avons choisi de diviser la partie \u00ab\u00a0finitions\u00a0\u00bb en 3 sous-parties ci-dessous :<\/p>\n\n\n\n<ul class=\"wp-block-list\"><li><a href=\"https:\/\/fr.twiza.org\/portail\/revetement-de-sol\/\" target=\"_blank\" rel=\"noreferrer noopener\">Rev\u00eatement de sol<\/a><\/li><li><a href=\"https:\/\/fr.twiza.org\/portail\/le-revetement-mural\/\" target=\"_blank\" rel=\"noreferrer noopener\">Rev\u00eatement mural<\/a><\/li><li><a href=\"https:\/\/fr.twiza.org\/portail\/amenagements-interieurs\/\" target=\"_blank\" rel=\"noreferrer noopener\">Am\u00e9nagements int\u00e9rieurs<\/a><\/li><\/ul>\n\n\n\n<div style=\"height:50px\" aria-hidden=\"true\" class=\"wp-block-spacer\"><\/div>\n\n\n\n<div style=\"height:10px\" aria-hidden=\"true\" class=\"wp-block-spacer\"><\/div>\n","protected":false},"excerpt":{"rendered":"<p>Une fois les \u00e9tapes de second \u0153uvre termin\u00e9es, celles des finitions viennent clore le processus de construction de ton b\u00e2ti. L&rsquo;objectif est de le rendre conforme \u00e0 tes plans de d\u00e9part, notamment en ce qui concerne l&rsquo;aspect esth\u00e9tique. Les finitions sont l&rsquo;occasion de personnaliser ton habitat dans les moindres d\u00e9tails, [&hellip;]<\/p>\n","protected":false},"author":3,"featured_media":0,"parent":0,"menu_order":0,"comment_status":"closed","ping_status":"closed","template":"","meta":{"_eb_attr":"","_themeisle_gutenberg_block_has_review":false,"footnotes":""},"class_list":["post-4045","page","type-page","status-publish","hentry"],"yoast_head":"<!-- This site is optimized with the Yoast SEO Premium plugin v27.5 (Yoast SEO v27.5) - https:\/\/yoast.com\/product\/yoast-seo-premium-wordpress\/ -->\n<title>Quelles sont les \u00e9tapes de finitions de mon chantier ?<\/title>\n<meta name=\"description\" content=\"Quelles sont les \u00e9tapes de finition \u00e0 pr\u00e9voir pour mon chantier ? Rev\u00eatement de sol, rev\u00eatement de murs, am\u00e9nagements int\u00e9rieurs..\" \/>\n<meta name=\"robots\" content=\"index, follow, max-snippet:-1, max-image-preview:large, max-video-preview:-1\" \/>\n<link rel=\"canonical\" href=\"https:\/\/fr.twiza.org\/portail\/finitions\/\" \/>\n<meta property=\"og:locale\" content=\"fr_FR\" \/>\n<meta property=\"og:type\" content=\"article\" \/>\n<meta property=\"og:title\" content=\"Finitions\" \/>\n<meta property=\"og:description\" content=\"Quelles sont les \u00e9tapes de finition \u00e0 pr\u00e9voir pour mon chantier ? Rev\u00eatement de sol, rev\u00eatement de murs, am\u00e9nagements int\u00e9rieurs..\" \/>\n<meta property=\"og:url\" content=\"https:\/\/fr.twiza.org\/portail\/finitions\/\" \/>\n<meta property=\"og:site_name\" content=\"R\u00e9seau Twiza\" \/>\n<meta property=\"article:publisher\" content=\"https:\/\/fr-fr.facebook.com\/Twiza.fr\/\" \/>\n<meta property=\"article:modified_time\" content=\"2022-08-16T15:45:29+00:00\" \/>\n<meta name=\"twitter:card\" content=\"summary_large_image\" \/>\n<script type=\"application\/ld+json\" class=\"yoast-schema-graph\">{\"@context\":\"https:\\\/\\\/schema.org\",\"@graph\":[{\"@type\":\"WebPage\",\"@id\":\"https:\\\/\\\/fr.twiza.org\\\/portail\\\/finitions\\\/\",\"url\":\"https:\\\/\\\/fr.twiza.org\\\/portail\\\/finitions\\\/\",\"name\":\"Quelles sont les \u00e9tapes de finitions de mon chantier ?\",\"isPartOf\":{\"@id\":\"https:\\\/\\\/fr.twiza.org\\\/portail\\\/#website\"},\"datePublished\":\"2022-05-13T13:11:14+00:00\",\"dateModified\":\"2022-08-16T15:45:29+00:00\",\"description\":\"Quelles sont les \u00e9tapes de finition \u00e0 pr\u00e9voir pour mon chantier ? Rev\u00eatement de sol, rev\u00eatement de murs, am\u00e9nagements int\u00e9rieurs..\",\"breadcrumb\":{\"@id\":\"https:\\\/\\\/fr.twiza.org\\\/portail\\\/finitions\\\/#breadcrumb\"},\"inLanguage\":\"fr-FR\",\"potentialAction\":[{\"@type\":\"ReadAction\",\"target\":[\"https:\\\/\\\/fr.twiza.org\\\/portail\\\/finitions\\\/\"]}]},{\"@type\":\"BreadcrumbList\",\"@id\":\"https:\\\/\\\/fr.twiza.org\\\/portail\\\/finitions\\\/#breadcrumb\",\"itemListElement\":[{\"@type\":\"ListItem\",\"position\":1,\"name\":\"Accueil\",\"item\":\"https:\\\/\\\/fr.twiza.org\\\/portail\\\/\"},{\"@type\":\"ListItem\",\"position\":2,\"name\":\"Finitions\"}]},{\"@type\":\"WebSite\",\"@id\":\"https:\\\/\\\/fr.twiza.org\\\/portail\\\/#website\",\"url\":\"https:\\\/\\\/fr.twiza.org\\\/portail\\\/\",\"name\":\"R\u00e9seau Twiza\",\"description\":\"Entraide pour un habitat \u00e9cologique, convivial et r\u00e9silient\",\"publisher\":{\"@id\":\"https:\\\/\\\/fr.twiza.org\\\/portail\\\/#organization\"},\"potentialAction\":[{\"@type\":\"SearchAction\",\"target\":{\"@type\":\"EntryPoint\",\"urlTemplate\":\"https:\\\/\\\/fr.twiza.org\\\/portail\\\/?s={search_term_string}\"},\"query-input\":{\"@type\":\"PropertyValueSpecification\",\"valueRequired\":true,\"valueName\":\"search_term_string\"}}],\"inLanguage\":\"fr-FR\"},{\"@type\":\"Organization\",\"@id\":\"https:\\\/\\\/fr.twiza.org\\\/portail\\\/#organization\",\"name\":\"R\u00e9seau Twiza\",\"url\":\"https:\\\/\\\/fr.twiza.org\\\/portail\\\/\",\"logo\":{\"@type\":\"ImageObject\",\"inLanguage\":\"fr-FR\",\"@id\":\"https:\\\/\\\/fr.twiza.org\\\/portail\\\/#\\\/schema\\\/logo\\\/image\\\/\",\"url\":\"https:\\\/\\\/fr.twiza.org\\\/portail\\\/wp-content\\\/uploads\\\/2021\\\/05\\\/cropped-logo-reseau-twiza.jpg\",\"contentUrl\":\"https:\\\/\\\/fr.twiza.org\\\/portail\\\/wp-content\\\/uploads\\\/2021\\\/05\\\/cropped-logo-reseau-twiza.jpg\",\"width\":400,\"height\":102,\"caption\":\"R\u00e9seau Twiza\"},\"image\":{\"@id\":\"https:\\\/\\\/fr.twiza.org\\\/portail\\\/#\\\/schema\\\/logo\\\/image\\\/\"},\"sameAs\":[\"https:\\\/\\\/fr-fr.facebook.com\\\/Twiza.fr\\\/\",\"https:\\\/\\\/www.instagram.com\\\/twiza_fr\\\/\",\"https:\\\/\\\/www.linkedin.com\\\/company\\\/reseautwiza\\\/\"]}]}<\/script>\n<!-- \/ Yoast SEO Premium plugin. -->","yoast_head_json":{"title":"Quelles sont les \u00e9tapes de finitions de mon chantier ?","description":"Quelles sont les \u00e9tapes de finition \u00e0 pr\u00e9voir pour mon chantier ? Rev\u00eatement de sol, rev\u00eatement de murs, am\u00e9nagements int\u00e9rieurs..","robots":{"index":"index","follow":"follow","max-snippet":"max-snippet:-1","max-image-preview":"max-image-preview:large","max-video-preview":"max-video-preview:-1"},"canonical":"https:\/\/fr.twiza.org\/portail\/finitions\/","og_locale":"fr_FR","og_type":"article","og_title":"Finitions","og_description":"Quelles sont les \u00e9tapes de finition \u00e0 pr\u00e9voir pour mon chantier ? Rev\u00eatement de sol, rev\u00eatement de murs, am\u00e9nagements int\u00e9rieurs..","og_url":"https:\/\/fr.twiza.org\/portail\/finitions\/","og_site_name":"R\u00e9seau Twiza","article_publisher":"https:\/\/fr-fr.facebook.com\/Twiza.fr\/","article_modified_time":"2022-08-16T15:45:29+00:00","twitter_card":"summary_large_image","schema":{"@context":"https:\/\/schema.org","@graph":[{"@type":"WebPage","@id":"https:\/\/fr.twiza.org\/portail\/finitions\/","url":"https:\/\/fr.twiza.org\/portail\/finitions\/","name":"Quelles sont les \u00e9tapes de finitions de mon chantier ?","isPartOf":{"@id":"https:\/\/fr.twiza.org\/portail\/#website"},"datePublished":"2022-05-13T13:11:14+00:00","dateModified":"2022-08-16T15:45:29+00:00","description":"Quelles sont les \u00e9tapes de finition \u00e0 pr\u00e9voir pour mon chantier ? Rev\u00eatement de sol, rev\u00eatement de murs, am\u00e9nagements int\u00e9rieurs..","breadcrumb":{"@id":"https:\/\/fr.twiza.org\/portail\/finitions\/#breadcrumb"},"inLanguage":"fr-FR","potentialAction":[{"@type":"ReadAction","target":["https:\/\/fr.twiza.org\/portail\/finitions\/"]}]},{"@type":"BreadcrumbList","@id":"https:\/\/fr.twiza.org\/portail\/finitions\/#breadcrumb","itemListElement":[{"@type":"ListItem","position":1,"name":"Accueil","item":"https:\/\/fr.twiza.org\/portail\/"},{"@type":"ListItem","position":2,"name":"Finitions"}]},{"@type":"WebSite","@id":"https:\/\/fr.twiza.org\/portail\/#website","url":"https:\/\/fr.twiza.org\/portail\/","name":"R\u00e9seau Twiza","description":"Entraide pour un habitat \u00e9cologique, convivial et r\u00e9silient","publisher":{"@id":"https:\/\/fr.twiza.org\/portail\/#organization"},"potentialAction":[{"@type":"SearchAction","target":{"@type":"EntryPoint","urlTemplate":"https:\/\/fr.twiza.org\/portail\/?s={search_term_string}"},"query-input":{"@type":"PropertyValueSpecification","valueRequired":true,"valueName":"search_term_string"}}],"inLanguage":"fr-FR"},{"@type":"Organization","@id":"https:\/\/fr.twiza.org\/portail\/#organization","name":"R\u00e9seau Twiza","url":"https:\/\/fr.twiza.org\/portail\/","logo":{"@type":"ImageObject","inLanguage":"fr-FR","@id":"https:\/\/fr.twiza.org\/portail\/#\/schema\/logo\/image\/","url":"https:\/\/fr.twiza.org\/portail\/wp-content\/uploads\/2021\/05\/cropped-logo-reseau-twiza.jpg","contentUrl":"https:\/\/fr.twiza.org\/portail\/wp-content\/uploads\/2021\/05\/cropped-logo-reseau-twiza.jpg","width":400,"height":102,"caption":"R\u00e9seau Twiza"},"image":{"@id":"https:\/\/fr.twiza.org\/portail\/#\/schema\/logo\/image\/"},"sameAs":["https:\/\/fr-fr.facebook.com\/Twiza.fr\/","https:\/\/www.instagram.com\/twiza_fr\/","https:\/\/www.linkedin.com\/company\/reseautwiza\/"]}]}},"jetpack_sharing_enabled":true,"_links":{"self":[{"href":"https:\/\/fr.twiza.org\/portail\/wp-json\/wp\/v2\/pages\/4045","targetHints":{"allow":["GET"]}}],"collection":[{"href":"https:\/\/fr.twiza.org\/portail\/wp-json\/wp\/v2\/pages"}],"about":[{"href":"https:\/\/fr.twiza.org\/portail\/wp-json\/wp\/v2\/types\/page"}],"author":[{"embeddable":true,"href":"https:\/\/fr.twiza.org\/portail\/wp-json\/wp\/v2\/users\/3"}],"replies":[{"embeddable":true,"href":"https:\/\/fr.twiza.org\/portail\/wp-json\/wp\/v2\/comments?post=4045"}],"version-history":[{"count":8,"href":"https:\/\/fr.twiza.org\/portail\/wp-json\/wp\/v2\/pages\/4045\/revisions"}],"predecessor-version":[{"id":5023,"href":"https:\/\/fr.twiza.org\/portail\/wp-json\/wp\/v2\/pages\/4045\/revisions\/5023"}],"wp:attachment":[{"href":"https:\/\/fr.twiza.org\/portail\/wp-json\/wp\/v2\/media?parent=4045"}],"curies":[{"name":"wp","href":"https:\/\/api.w.org\/{rel}","templated":true}]}}