{"id":449,"date":"2021-03-05T17:39:02","date_gmt":"2021-03-05T16:39:02","guid":{"rendered":"https:\/\/fr.twiza.org\/portail\/?page_id=449"},"modified":"2025-11-26T14:45:41","modified_gmt":"2025-11-26T13:45:41","slug":"qui-sommes-nous","status":"publish","type":"page","link":"https:\/\/fr.twiza.org\/portail\/qui-sommes-nous\/","title":{"rendered":"Qui sommes-nous ?"},"content":{"rendered":"\n<p>Le <strong>r\u00e9seau Twiza<\/strong> repr\u00e9sente une grande diversit\u00e9 d&rsquo;<strong>acteurs<\/strong> de l&rsquo;<strong>habitat \u00e9cologique<\/strong>, allant du simple <strong>curieux<\/strong> au <strong>professionnel exp\u00e9riment\u00e9<\/strong>.<\/p>\n\n\n\n<p>Gr\u00e2ce \u00e0 la participation de chacun et \u00e0 l&rsquo;utilisation d&rsquo;une plateforme web collaborative, un v\u00e9ritable <strong>\u00e9cosyst\u00e8me<\/strong> prend forme autour de l&rsquo;<strong>\u00e9co-construction<\/strong> et de l&rsquo;<strong>autoconstruction<\/strong>.<\/p>\n\n\n\n<p>Dans l&rsquo;<strong>ADN<\/strong> de <strong>Twiza<\/strong>, on retrouve le d\u00e9sir de sensibiliser le maximum de personnes aux techniques d&rsquo;<strong>\u00e9coconstruction<\/strong> associ\u00e9es aux valeurs d&rsquo;<strong>entraide<\/strong> et de <strong>partage<\/strong>. Avec pour objectif, de rendre ces pratiques de plus en plus courantes et accessibles \u00e0 toutes et tous.<\/p>\n\n\n\n<p>Voici quelques liens et documentations utiles pour t&rsquo;aider \u00e0 mieux conna\u00eetre le r\u00e9seau Twiza&#8230;..<\/p>\n\n\n\n<div style=\"height:20px\" aria-hidden=\"true\" class=\"wp-block-spacer\"><\/div>\n\n\n\n<div class=\"wp-block-media-text alignwide has-media-on-the-right is-stacked-on-mobile\" style=\"grid-template-columns:auto 45%\"><div class=\"wp-block-media-text__content\">\n<p><\/p>\n\n\n\n<div class=\"wp-block-buttons is-content-justification-center is-layout-flex wp-container-core-buttons-is-layout-a89b3969 wp-block-buttons-is-layout-flex\">\n<div class=\"wp-block-button has-custom-width wp-block-button__width-100\"><a class=\"wp-block-button__link wp-element-button\" href=\"https:\/\/fr.twiza.org\/portail\/lequipe\/\" target=\"_blank\" rel=\"noreferrer noopener\">L&rsquo;\u00e9quipe salari\u00e9e Twiza<\/a><\/div>\n<\/div>\n<\/div><figure class=\"wp-block-media-text__media\"><img fetchpriority=\"high\" decoding=\"async\" width=\"1024\" height=\"1024\" src=\"https:\/\/fr.twiza.org\/portail\/wp-content\/uploads\/2025\/11\/Equipe-septembre-2025-VF-1-e1764164709723-1024x1024.png\" alt=\"\" class=\"wp-image-13775 size-full\" srcset=\"https:\/\/fr.twiza.org\/portail\/wp-content\/uploads\/2025\/11\/Equipe-septembre-2025-VF-1-e1764164709723-1024x1024.png 1024w, https:\/\/fr.twiza.org\/portail\/wp-content\/uploads\/2025\/11\/Equipe-septembre-2025-VF-1-e1764164709723-300x300.png 300w, https:\/\/fr.twiza.org\/portail\/wp-content\/uploads\/2025\/11\/Equipe-septembre-2025-VF-1-e1764164709723-234x234.png 234w, https:\/\/fr.twiza.org\/portail\/wp-content\/uploads\/2025\/11\/Equipe-septembre-2025-VF-1-e1764164709723-768x768.png 768w, https:\/\/fr.twiza.org\/portail\/wp-content\/uploads\/2025\/11\/Equipe-septembre-2025-VF-1-e1764164709723-460x460.png 460w, https:\/\/fr.twiza.org\/portail\/wp-content\/uploads\/2025\/11\/Equipe-septembre-2025-VF-1-e1764164709723-230x230.png 230w, https:\/\/fr.twiza.org\/portail\/wp-content\/uploads\/2025\/11\/Equipe-septembre-2025-VF-1-e1764164709723-600x600.png 600w, https:\/\/fr.twiza.org\/portail\/wp-content\/uploads\/2025\/11\/Equipe-septembre-2025-VF-1-e1764164709723-160x160.png 160w, https:\/\/fr.twiza.org\/portail\/wp-content\/uploads\/2025\/11\/Equipe-septembre-2025-VF-1-e1764164709723-50x50.png 50w, https:\/\/fr.twiza.org\/portail\/wp-content\/uploads\/2025\/11\/Equipe-septembre-2025-VF-1-e1764164709723.png 1200w\" sizes=\"(max-width: 1024px) 100vw, 1024px\" \/><\/figure><\/div>\n\n\n\n<div style=\"height:35px\" aria-hidden=\"true\" class=\"wp-block-spacer\"><\/div>\n\n\n\n<div class=\"wp-block-media-text alignwide has-media-on-the-right is-stacked-on-mobile\" style=\"grid-template-columns:auto 45%\"><div class=\"wp-block-media-text__content\">\n<p><\/p>\n\n\n\n<div class=\"wp-block-buttons is-content-justification-center is-layout-flex wp-container-core-buttons-is-layout-a89b3969 wp-block-buttons-is-layout-flex\">\n<div class=\"wp-block-button has-custom-width wp-block-button__width-100\"><a class=\"wp-block-button__link wp-element-button\" href=\"https:\/\/fr.twiza.org\/portail\/les-membres-actifs-twiza\/\" target=\"_blank\" rel=\"noreferrer noopener\">Les membres actifs Twiza<\/a><\/div>\n<\/div>\n<\/div><figure class=\"wp-block-media-text__media\"><a href=\"https:\/\/fr.twiza.org\/portail\/les-membres-actifs-twiza\/\"><img decoding=\"async\" src=\"https:\/\/fr.twiza.org\/portail\/wp-content\/uploads\/2023\/03\/Qui-sommes-nous-les-membres-actifs-2-800x750px.jpeg\" alt=\"\" class=\"wp-image-8280 size-full\"\/><\/a><\/figure><\/div>\n\n\n\n<div style=\"height:35px\" aria-hidden=\"true\" class=\"wp-block-spacer\"><\/div>\n\n\n\n<div class=\"wp-block-media-text alignwide has-media-on-the-right is-stacked-on-mobile\" style=\"grid-template-columns:auto 45%\"><div class=\"wp-block-media-text__content\">\n<div class=\"wp-block-buttons is-content-justification-center is-layout-flex wp-container-core-buttons-is-layout-a89b3969 wp-block-buttons-is-layout-flex\">\n<div class=\"wp-block-button has-custom-width wp-block-button__width-100\"><a class=\"wp-block-button__link wp-element-button\" href=\"https:\/\/fr.twiza.org\/portail\/le-reseau-twiza\/\" target=\"_blank\" rel=\"noreferrer noopener\">Le r\u00e9seau Twiza<\/a><\/div>\n<\/div>\n<\/div><figure class=\"wp-block-media-text__media\"><a href=\"https:\/\/fr.twiza.org\/portail\/le-reseau-twiza\/\"><img decoding=\"async\" width=\"800\" height=\"750\" src=\"https:\/\/fr.twiza.org\/portail\/wp-content\/uploads\/2023\/03\/Qui-sommes-nous-le-reseau-2-800x750px.jpeg\" alt=\"\" class=\"wp-image-8279 size-full\" srcset=\"https:\/\/fr.twiza.org\/portail\/wp-content\/uploads\/2023\/03\/Qui-sommes-nous-le-reseau-2-800x750px.jpeg 800w, https:\/\/fr.twiza.org\/portail\/wp-content\/uploads\/2023\/03\/Qui-sommes-nous-le-reseau-2-800x750px-600x563.jpeg 600w, https:\/\/fr.twiza.org\/portail\/wp-content\/uploads\/2023\/03\/Qui-sommes-nous-le-reseau-2-800x750px-300x281.jpeg 300w, https:\/\/fr.twiza.org\/portail\/wp-content\/uploads\/2023\/03\/Qui-sommes-nous-le-reseau-2-800x750px-768x720.jpeg 768w\" sizes=\"(max-width: 800px) 100vw, 800px\" \/><\/a><\/figure><\/div>\n\n\n\n<div style=\"height:35px\" aria-hidden=\"true\" class=\"wp-block-spacer\"><\/div>\n\n\n\n<div class=\"wp-block-media-text alignwide has-media-on-the-right is-stacked-on-mobile\" style=\"grid-template-columns:auto 45%\"><div class=\"wp-block-media-text__content\">\n<p><\/p>\n\n\n\n<div class=\"wp-block-buttons is-content-justification-center is-layout-flex wp-container-core-buttons-is-layout-a89b3969 wp-block-buttons-is-layout-flex\">\n<div class=\"wp-block-button has-custom-width wp-block-button__width-100\"><a class=\"wp-block-button__link wp-element-button\" href=\"https:\/\/fr.twiza.org\/portail\/clin-doeil-historique\/\" target=\"_blank\" rel=\"noreferrer noopener\">Clin d&rsquo;\u0153il historique<\/a><\/div>\n<\/div>\n<\/div><figure class=\"wp-block-media-text__media\"><a href=\"https:\/\/fr.twiza.org\/portail\/clin-doeil-historique\/\"><img decoding=\"async\" width=\"800\" height=\"720\" src=\"https:\/\/fr.twiza.org\/portail\/wp-content\/uploads\/2023\/03\/Qui-sommes-nous-clin-d-oeil-historique-800x720px.jpeg\" alt=\"\" class=\"wp-image-8287 size-full\" srcset=\"https:\/\/fr.twiza.org\/portail\/wp-content\/uploads\/2023\/03\/Qui-sommes-nous-clin-d-oeil-historique-800x720px.jpeg 800w, https:\/\/fr.twiza.org\/portail\/wp-content\/uploads\/2023\/03\/Qui-sommes-nous-clin-d-oeil-historique-800x720px-600x540.jpeg 600w, https:\/\/fr.twiza.org\/portail\/wp-content\/uploads\/2023\/03\/Qui-sommes-nous-clin-d-oeil-historique-800x720px-300x270.jpeg 300w, https:\/\/fr.twiza.org\/portail\/wp-content\/uploads\/2023\/03\/Qui-sommes-nous-clin-d-oeil-historique-800x720px-768x691.jpeg 768w\" sizes=\"(max-width: 800px) 100vw, 800px\" \/><\/a><\/figure><\/div>\n\n\n\n<div style=\"height:35px\" aria-hidden=\"true\" class=\"wp-block-spacer\"><\/div>\n\n\n\n<div class=\"wp-block-media-text alignwide has-media-on-the-right is-stacked-on-mobile\" style=\"grid-template-columns:auto 45%\"><div class=\"wp-block-media-text__content\">\n<p><\/p>\n\n\n\n<div class=\"wp-block-buttons is-content-justification-center is-layout-flex wp-container-core-buttons-is-layout-a89b3969 wp-block-buttons-is-layout-flex\">\n<div class=\"wp-block-button has-custom-width wp-block-button__width-100\"><a class=\"wp-block-button__link wp-element-button\" href=\"https:\/\/fr.twiza.org\/portail\/les-gazette-twiza\/\" target=\"_blank\" rel=\"noreferrer noopener\">Les gazettes Twiza<\/a><\/div>\n<\/div>\n<\/div><figure class=\"wp-block-media-text__media\"><a href=\"https:\/\/fr.twiza.org\/portail\/les-gazette-twiza\/\"><img loading=\"lazy\" decoding=\"async\" width=\"800\" height=\"750\" src=\"https:\/\/fr.twiza.org\/portail\/wp-content\/uploads\/2023\/03\/Qui-commes-nous-les-gazettes-3-Twiza-800x750px.jpeg\" alt=\"\" class=\"wp-image-8289 size-full\" srcset=\"https:\/\/fr.twiza.org\/portail\/wp-content\/uploads\/2023\/03\/Qui-commes-nous-les-gazettes-3-Twiza-800x750px.jpeg 800w, https:\/\/fr.twiza.org\/portail\/wp-content\/uploads\/2023\/03\/Qui-commes-nous-les-gazettes-3-Twiza-800x750px-600x563.jpeg 600w, https:\/\/fr.twiza.org\/portail\/wp-content\/uploads\/2023\/03\/Qui-commes-nous-les-gazettes-3-Twiza-800x750px-300x281.jpeg 300w, https:\/\/fr.twiza.org\/portail\/wp-content\/uploads\/2023\/03\/Qui-commes-nous-les-gazettes-3-Twiza-800x750px-768x720.jpeg 768w\" sizes=\"(max-width: 800px) 100vw, 800px\" \/><\/a><\/figure><\/div>\n\n\n\n<div style=\"height:50px\" aria-hidden=\"true\" class=\"wp-block-spacer\"><\/div>\n","protected":false},"excerpt":{"rendered":"<p>Le r\u00e9seau Twiza repr\u00e9sente une grande diversit\u00e9 d&rsquo;acteurs de l&rsquo;habitat \u00e9cologique, allant du simple curieux au professionnel exp\u00e9riment\u00e9. Gr\u00e2ce \u00e0 la participation de chacun et \u00e0 l&rsquo;utilisation d&rsquo;une plateforme web collaborative, un v\u00e9ritable \u00e9cosyst\u00e8me prend forme autour de l&rsquo;\u00e9co-construction et de l&rsquo;autoconstruction. Dans l&rsquo;ADN de Twiza, on retrouve le d\u00e9sir [&hellip;]<\/p>\n","protected":false},"author":3,"featured_media":0,"parent":0,"menu_order":0,"comment_status":"closed","ping_status":"closed","template":"","meta":{"_eb_attr":"","_themeisle_gutenberg_block_has_review":false,"footnotes":""},"class_list":["post-449","page","type-page","status-publish","hentry"],"yoast_head":"<!-- This site is optimized with the Yoast SEO Premium plugin v27.2 (Yoast SEO v27.4) - https:\/\/yoast.com\/product\/yoast-seo-premium-wordpress\/ -->\n<title>Qui sommes-nous ?<\/title>\n<meta name=\"robots\" content=\"index, follow, max-snippet:-1, max-image-preview:large, max-video-preview:-1\" \/>\n<link rel=\"canonical\" href=\"https:\/\/fr.twiza.org\/portail\/qui-sommes-nous\/\" \/>\n<meta property=\"og:locale\" content=\"fr_FR\" \/>\n<meta property=\"og:type\" content=\"article\" \/>\n<meta property=\"og:title\" content=\"Qui sommes-nous ?\" \/>\n<meta property=\"og:description\" content=\"Le r\u00e9seau Twiza repr\u00e9sente une grande diversit\u00e9 d&rsquo;acteurs de l&rsquo;habitat \u00e9cologique, allant du simple curieux au professionnel exp\u00e9riment\u00e9. Gr\u00e2ce \u00e0 la participation de chacun et \u00e0 l&rsquo;utilisation d&rsquo;une plateforme web collaborative, un v\u00e9ritable \u00e9cosyst\u00e8me prend forme autour de l&rsquo;\u00e9co-construction et de l&rsquo;autoconstruction. Dans l&rsquo;ADN de Twiza, on retrouve le d\u00e9sir [&hellip;]\" \/>\n<meta property=\"og:url\" content=\"https:\/\/fr.twiza.org\/portail\/qui-sommes-nous\/\" \/>\n<meta property=\"og:site_name\" content=\"R\u00e9seau Twiza\" \/>\n<meta property=\"article:publisher\" content=\"https:\/\/fr-fr.facebook.com\/Twiza.fr\/\" \/>\n<meta property=\"article:modified_time\" content=\"2025-11-26T13:45:41+00:00\" \/>\n<meta property=\"og:image\" content=\"https:\/\/fr.twiza.org\/portail\/wp-content\/uploads\/2025\/11\/Equipe-septembre-2025-VF-1-e1764164709723-768x768.png\" \/>\n\t<meta property=\"og:image:width\" content=\"768\" \/>\n\t<meta property=\"og:image:height\" content=\"768\" \/>\n\t<meta property=\"og:image:type\" content=\"image\/png\" \/>\n<meta name=\"twitter:card\" content=\"summary_large_image\" \/>\n<script type=\"application\/ld+json\" class=\"yoast-schema-graph\">{\"@context\":\"https:\\\/\\\/schema.org\",\"@graph\":[{\"@type\":\"WebPage\",\"@id\":\"https:\\\/\\\/fr.twiza.org\\\/portail\\\/qui-sommes-nous\\\/\",\"url\":\"https:\\\/\\\/fr.twiza.org\\\/portail\\\/qui-sommes-nous\\\/\",\"name\":\"Qui sommes-nous ?\",\"isPartOf\":{\"@id\":\"https:\\\/\\\/fr.twiza.org\\\/portail\\\/#website\"},\"primaryImageOfPage\":{\"@id\":\"https:\\\/\\\/fr.twiza.org\\\/portail\\\/qui-sommes-nous\\\/#primaryimage\"},\"image\":{\"@id\":\"https:\\\/\\\/fr.twiza.org\\\/portail\\\/qui-sommes-nous\\\/#primaryimage\"},\"thumbnailUrl\":\"https:\\\/\\\/fr.twiza.org\\\/portail\\\/wp-content\\\/uploads\\\/2025\\\/11\\\/Equipe-septembre-2025-VF-1-e1764164709723-1024x1024.png\",\"datePublished\":\"2021-03-05T16:39:02+00:00\",\"dateModified\":\"2025-11-26T13:45:41+00:00\",\"breadcrumb\":{\"@id\":\"https:\\\/\\\/fr.twiza.org\\\/portail\\\/qui-sommes-nous\\\/#breadcrumb\"},\"inLanguage\":\"fr-FR\",\"potentialAction\":[{\"@type\":\"ReadAction\",\"target\":[\"https:\\\/\\\/fr.twiza.org\\\/portail\\\/qui-sommes-nous\\\/\"]}]},{\"@type\":\"ImageObject\",\"inLanguage\":\"fr-FR\",\"@id\":\"https:\\\/\\\/fr.twiza.org\\\/portail\\\/qui-sommes-nous\\\/#primaryimage\",\"url\":\"https:\\\/\\\/fr.twiza.org\\\/portail\\\/wp-content\\\/uploads\\\/2025\\\/11\\\/Equipe-septembre-2025-VF-1-e1764164709723.png\",\"contentUrl\":\"https:\\\/\\\/fr.twiza.org\\\/portail\\\/wp-content\\\/uploads\\\/2025\\\/11\\\/Equipe-septembre-2025-VF-1-e1764164709723.png\",\"width\":1200,\"height\":1200},{\"@type\":\"BreadcrumbList\",\"@id\":\"https:\\\/\\\/fr.twiza.org\\\/portail\\\/qui-sommes-nous\\\/#breadcrumb\",\"itemListElement\":[{\"@type\":\"ListItem\",\"position\":1,\"name\":\"Accueil\",\"item\":\"https:\\\/\\\/fr.twiza.org\\\/portail\\\/\"},{\"@type\":\"ListItem\",\"position\":2,\"name\":\"Qui sommes-nous ?\"}]},{\"@type\":\"WebSite\",\"@id\":\"https:\\\/\\\/fr.twiza.org\\\/portail\\\/#website\",\"url\":\"https:\\\/\\\/fr.twiza.org\\\/portail\\\/\",\"name\":\"R\u00e9seau Twiza\",\"description\":\"Entraide pour un habitat \u00e9cologique, convivial et r\u00e9silient\",\"publisher\":{\"@id\":\"https:\\\/\\\/fr.twiza.org\\\/portail\\\/#organization\"},\"potentialAction\":[{\"@type\":\"SearchAction\",\"target\":{\"@type\":\"EntryPoint\",\"urlTemplate\":\"https:\\\/\\\/fr.twiza.org\\\/portail\\\/?s={search_term_string}\"},\"query-input\":{\"@type\":\"PropertyValueSpecification\",\"valueRequired\":true,\"valueName\":\"search_term_string\"}}],\"inLanguage\":\"fr-FR\"},{\"@type\":\"Organization\",\"@id\":\"https:\\\/\\\/fr.twiza.org\\\/portail\\\/#organization\",\"name\":\"R\u00e9seau Twiza\",\"url\":\"https:\\\/\\\/fr.twiza.org\\\/portail\\\/\",\"logo\":{\"@type\":\"ImageObject\",\"inLanguage\":\"fr-FR\",\"@id\":\"https:\\\/\\\/fr.twiza.org\\\/portail\\\/#\\\/schema\\\/logo\\\/image\\\/\",\"url\":\"https:\\\/\\\/fr.twiza.org\\\/portail\\\/wp-content\\\/uploads\\\/2021\\\/05\\\/cropped-logo-reseau-twiza.jpg\",\"contentUrl\":\"https:\\\/\\\/fr.twiza.org\\\/portail\\\/wp-content\\\/uploads\\\/2021\\\/05\\\/cropped-logo-reseau-twiza.jpg\",\"width\":400,\"height\":102,\"caption\":\"R\u00e9seau Twiza\"},\"image\":{\"@id\":\"https:\\\/\\\/fr.twiza.org\\\/portail\\\/#\\\/schema\\\/logo\\\/image\\\/\"},\"sameAs\":[\"https:\\\/\\\/fr-fr.facebook.com\\\/Twiza.fr\\\/\",\"https:\\\/\\\/www.instagram.com\\\/twiza_fr\\\/\",\"https:\\\/\\\/www.linkedin.com\\\/company\\\/reseautwiza\\\/\"]}]}<\/script>\n<!-- \/ Yoast SEO Premium plugin. -->","yoast_head_json":{"title":"Qui sommes-nous ?","robots":{"index":"index","follow":"follow","max-snippet":"max-snippet:-1","max-image-preview":"max-image-preview:large","max-video-preview":"max-video-preview:-1"},"canonical":"https:\/\/fr.twiza.org\/portail\/qui-sommes-nous\/","og_locale":"fr_FR","og_type":"article","og_title":"Qui sommes-nous ?","og_description":"Le r\u00e9seau Twiza repr\u00e9sente une grande diversit\u00e9 d&rsquo;acteurs de l&rsquo;habitat \u00e9cologique, allant du simple curieux au professionnel exp\u00e9riment\u00e9. Gr\u00e2ce \u00e0 la participation de chacun et \u00e0 l&rsquo;utilisation d&rsquo;une plateforme web collaborative, un v\u00e9ritable \u00e9cosyst\u00e8me prend forme autour de l&rsquo;\u00e9co-construction et de l&rsquo;autoconstruction. Dans l&rsquo;ADN de Twiza, on retrouve le d\u00e9sir [&hellip;]","og_url":"https:\/\/fr.twiza.org\/portail\/qui-sommes-nous\/","og_site_name":"R\u00e9seau Twiza","article_publisher":"https:\/\/fr-fr.facebook.com\/Twiza.fr\/","article_modified_time":"2025-11-26T13:45:41+00:00","og_image":[{"width":768,"height":768,"url":"https:\/\/fr.twiza.org\/portail\/wp-content\/uploads\/2025\/11\/Equipe-septembre-2025-VF-1-e1764164709723-768x768.png","type":"image\/png"}],"twitter_card":"summary_large_image","schema":{"@context":"https:\/\/schema.org","@graph":[{"@type":"WebPage","@id":"https:\/\/fr.twiza.org\/portail\/qui-sommes-nous\/","url":"https:\/\/fr.twiza.org\/portail\/qui-sommes-nous\/","name":"Qui sommes-nous ?","isPartOf":{"@id":"https:\/\/fr.twiza.org\/portail\/#website"},"primaryImageOfPage":{"@id":"https:\/\/fr.twiza.org\/portail\/qui-sommes-nous\/#primaryimage"},"image":{"@id":"https:\/\/fr.twiza.org\/portail\/qui-sommes-nous\/#primaryimage"},"thumbnailUrl":"https:\/\/fr.twiza.org\/portail\/wp-content\/uploads\/2025\/11\/Equipe-septembre-2025-VF-1-e1764164709723-1024x1024.png","datePublished":"2021-03-05T16:39:02+00:00","dateModified":"2025-11-26T13:45:41+00:00","breadcrumb":{"@id":"https:\/\/fr.twiza.org\/portail\/qui-sommes-nous\/#breadcrumb"},"inLanguage":"fr-FR","potentialAction":[{"@type":"ReadAction","target":["https:\/\/fr.twiza.org\/portail\/qui-sommes-nous\/"]}]},{"@type":"ImageObject","inLanguage":"fr-FR","@id":"https:\/\/fr.twiza.org\/portail\/qui-sommes-nous\/#primaryimage","url":"https:\/\/fr.twiza.org\/portail\/wp-content\/uploads\/2025\/11\/Equipe-septembre-2025-VF-1-e1764164709723.png","contentUrl":"https:\/\/fr.twiza.org\/portail\/wp-content\/uploads\/2025\/11\/Equipe-septembre-2025-VF-1-e1764164709723.png","width":1200,"height":1200},{"@type":"BreadcrumbList","@id":"https:\/\/fr.twiza.org\/portail\/qui-sommes-nous\/#breadcrumb","itemListElement":[{"@type":"ListItem","position":1,"name":"Accueil","item":"https:\/\/fr.twiza.org\/portail\/"},{"@type":"ListItem","position":2,"name":"Qui sommes-nous ?"}]},{"@type":"WebSite","@id":"https:\/\/fr.twiza.org\/portail\/#website","url":"https:\/\/fr.twiza.org\/portail\/","name":"R\u00e9seau Twiza","description":"Entraide pour un habitat \u00e9cologique, convivial et r\u00e9silient","publisher":{"@id":"https:\/\/fr.twiza.org\/portail\/#organization"},"potentialAction":[{"@type":"SearchAction","target":{"@type":"EntryPoint","urlTemplate":"https:\/\/fr.twiza.org\/portail\/?s={search_term_string}"},"query-input":{"@type":"PropertyValueSpecification","valueRequired":true,"valueName":"search_term_string"}}],"inLanguage":"fr-FR"},{"@type":"Organization","@id":"https:\/\/fr.twiza.org\/portail\/#organization","name":"R\u00e9seau Twiza","url":"https:\/\/fr.twiza.org\/portail\/","logo":{"@type":"ImageObject","inLanguage":"fr-FR","@id":"https:\/\/fr.twiza.org\/portail\/#\/schema\/logo\/image\/","url":"https:\/\/fr.twiza.org\/portail\/wp-content\/uploads\/2021\/05\/cropped-logo-reseau-twiza.jpg","contentUrl":"https:\/\/fr.twiza.org\/portail\/wp-content\/uploads\/2021\/05\/cropped-logo-reseau-twiza.jpg","width":400,"height":102,"caption":"R\u00e9seau Twiza"},"image":{"@id":"https:\/\/fr.twiza.org\/portail\/#\/schema\/logo\/image\/"},"sameAs":["https:\/\/fr-fr.facebook.com\/Twiza.fr\/","https:\/\/www.instagram.com\/twiza_fr\/","https:\/\/www.linkedin.com\/company\/reseautwiza\/"]}]}},"jetpack_sharing_enabled":true,"_links":{"self":[{"href":"https:\/\/fr.twiza.org\/portail\/wp-json\/wp\/v2\/pages\/449","targetHints":{"allow":["GET"]}}],"collection":[{"href":"https:\/\/fr.twiza.org\/portail\/wp-json\/wp\/v2\/pages"}],"about":[{"href":"https:\/\/fr.twiza.org\/portail\/wp-json\/wp\/v2\/types\/page"}],"author":[{"embeddable":true,"href":"https:\/\/fr.twiza.org\/portail\/wp-json\/wp\/v2\/users\/3"}],"replies":[{"embeddable":true,"href":"https:\/\/fr.twiza.org\/portail\/wp-json\/wp\/v2\/comments?post=449"}],"version-history":[{"count":157,"href":"https:\/\/fr.twiza.org\/portail\/wp-json\/wp\/v2\/pages\/449\/revisions"}],"predecessor-version":[{"id":13840,"href":"https:\/\/fr.twiza.org\/portail\/wp-json\/wp\/v2\/pages\/449\/revisions\/13840"}],"wp:attachment":[{"href":"https:\/\/fr.twiza.org\/portail\/wp-json\/wp\/v2\/media?parent=449"}],"curies":[{"name":"wp","href":"https:\/\/api.w.org\/{rel}","templated":true}]}}