{"id":4753,"date":"2022-05-13T11:55:11","date_gmt":"2022-05-13T09:55:11","guid":{"rendered":"https:\/\/fr.twiza.org\/portail\/?page_id=4753"},"modified":"2022-05-20T17:28:45","modified_gmt":"2022-05-20T15:28:45","slug":"assainissement-non-collectif","status":"publish","type":"page","link":"https:\/\/fr.twiza.org\/portail\/assainissement-non-collectif\/","title":{"rendered":"Assainissement non collectif"},"content":{"rendered":"\n<figure class=\"wp-block-image size-full\"><img fetchpriority=\"high\" decoding=\"async\" width=\"955\" height=\"536\" src=\"https:\/\/fr.twiza.org\/portail\/wp-content\/uploads\/2022\/05\/de\u0301finitions-assainissement-non-collectif-phyto-e\u0301puration-edited.jpeg\" alt=\"Bassin de phyto\u00e9puration compos\u00e9 de plantes \" class=\"wp-image-4770\" srcset=\"https:\/\/fr.twiza.org\/portail\/wp-content\/uploads\/2022\/05\/de\u0301finitions-assainissement-non-collectif-phyto-e\u0301puration-edited.jpeg 955w, https:\/\/fr.twiza.org\/portail\/wp-content\/uploads\/2022\/05\/de\u0301finitions-assainissement-non-collectif-phyto-e\u0301puration-edited-600x337.jpeg 600w, https:\/\/fr.twiza.org\/portail\/wp-content\/uploads\/2022\/05\/de\u0301finitions-assainissement-non-collectif-phyto-e\u0301puration-edited-300x168.jpeg 300w, https:\/\/fr.twiza.org\/portail\/wp-content\/uploads\/2022\/05\/de\u0301finitions-assainissement-non-collectif-phyto-e\u0301puration-edited-768x431.jpeg 768w\" sizes=\"(max-width: 955px) 100vw, 955px\" \/><\/figure>\n\n\n\n<h2 class=\"wp-block-heading\" id=\"h-assainissement-non-collectif-definitions\">Assainissement non collectif : d\u00e9finitions<\/h2>\n\n\n\n<p>L&rsquo;<strong>assainissement non collectif<\/strong> (ou <strong>assainissement individuel<\/strong>) permet le <strong>traitement<\/strong> des <strong>eaux<\/strong> <strong>us\u00e9es<\/strong> des habitations <strong>non raccord\u00e9es<\/strong> au r\u00e9seau public collectif (tout-\u00e0-l&rsquo;\u00e9gout).<\/p>\n\n\n\n<p>Les eaux us\u00e9es domestiques repr\u00e9sentent les <strong>eaux m\u00e9nag\u00e8res<\/strong> (ou eaux grises) issues de la <strong>cuisine<\/strong> et de la <strong>salle de bain<\/strong>, ainsi que les <strong>eaux vannes<\/strong> (ou eaux noires) issues des <strong>toilettes<\/strong>. Toutes ces eaux us\u00e9es n\u00e9cessitent d&rsquo;\u00eatre trait\u00e9es avant d&rsquo;\u00eatre rejet\u00e9es dans le milieu naturel. L&rsquo;enjeu est ici de minimiser les <strong>risques sanitaires<\/strong> et <strong>environnementaux<\/strong> associ\u00e9s (prolif\u00e9ration de mati\u00e8res polluantes, de micro-organismes pathog\u00e8nes, et diverses nuisances environnementales etc..).<\/p>\n\n\n\n<p>Si ton projet est concern\u00e9 par l&rsquo;<strong>assainissement non collectif<\/strong>, tu dois aborder le sujet rapidement, d\u00e8s la phase <a href=\"https:\/\/fr.twiza.org\/portail\/conception\/\" target=\"_blank\" rel=\"noreferrer noopener\">conception<\/a>. En effet ce type d&rsquo;installation peut avoir des cons\u00e9quences techniques et financi\u00e8res importantes sur tes lots <a href=\"https:\/\/fr.twiza.org\/portail\/terrassement\/\" target=\"_blank\" rel=\"noreferrer noopener\">terrassement<\/a> et <a href=\"https:\/\/fr.twiza.org\/portail\/les-amenagements-exterieurs\/\" target=\"_blank\" rel=\"noreferrer noopener\">am\u00e9nagements ext\u00e9rieurs<\/a>.<\/p>\n\n\n\n<p>En moyenne, aujourd&rsquo;hui, environ 10% de la population fran\u00e7aise serait concern\u00e9e par l&rsquo;<strong>assainissement<\/strong> <strong>individuel<\/strong>, principalement en milieu rural. Pour en savoir plus, tu peux consulter le <a href=\"http:\/\/www.assainissement-non-collectif.developpement-durable.gouv.fr\/spip.php?page=sommaire\" target=\"_blank\" rel=\"noreferrer noopener\">portail en ligne<\/a> officiel du gouvernement sur l&rsquo;<strong>assainissement<\/strong> <strong>non collectif<\/strong>.<\/p>\n\n\n\n<h2 class=\"wp-block-heading\">Assainissement individuel : les principaux syst\u00e8mes existants<\/h2>\n\n\n\n<p>Voici une pr\u00e9sentation des principaux syst\u00e8mes d&rsquo;<strong>assainissement non collectif<\/strong> existants :<\/p>\n\n\n\n<h3 class=\"wp-block-heading\">La fosse-toutes-eaux<\/h3>\n\n\n\n<p>Contrairement \u00e0 la fosse septique aujourd&rsquo;hui interdite, la <strong>fosse-toutes-eaux<\/strong> traite les 2 types d&rsquo;eaux us\u00e9es : m\u00e9nag\u00e8res et vannes. <\/p>\n\n\n\n<p>Des canalisations vont permettre la circulation des <strong>eaux us\u00e9es<\/strong> de ta maison jusqu&rsquo;\u00e0 une <strong>fosse<\/strong>. Cette derni\u00e8re correspond \u00e0 la premi\u00e8re phase de <strong>pr\u00e9-traitement<\/strong>. Puis un autre dispositif coupl\u00e9 \u00e0 ta fosse (syst\u00e8me d&rsquo;\u00e9pandage, filtre \u00e0 sable, filtre plant\u00e9..) assure le <strong>traitement final<\/strong> de tes eaux us\u00e9es.<\/p>\n\n\n\n<p>Le prix de ce type de syst\u00e8me <strong>fosse-toutes-eaux<\/strong> <strong>complet<\/strong> varie environ entre <strong>5000<\/strong> et <strong>10 000<\/strong> \u20ac.<\/p>\n\n\n\n<p>Quant \u00e0 son entretien, tu dois faire appel \u00e0 un <strong>professionnel<\/strong> tous les <strong>4 ans<\/strong> environ, pour l&rsquo;<strong>\u00e9vacuation<\/strong> des <strong>boues<\/strong>. Elles doivent ensuite \u00eatre retrait\u00e9es ou incin\u00e9r\u00e9es selon la loi, ce qui n&rsquo;est malheureusement pas toujours le cas. Bien souvent ces boues sont r\u00e9pandues dans un champ voisin avec des cons\u00e9quences sanitaires n\u00e9fastes.<\/p>\n\n\n\n<h3 class=\"wp-block-heading\">La phyto\u00e9puration<\/h3>\n\n\n\n<figure class=\"wp-block-image size-full\"><img decoding=\"async\" width=\"1024\" height=\"576\" src=\"https:\/\/fr.twiza.org\/portail\/wp-content\/uploads\/2022\/05\/de\u0301finition-assainissement-non-collectif-edited.jpeg\" alt=\"Syst\u00e8me d'assainissement non collectif, phyto\u00e9puration\" class=\"wp-image-4755\" srcset=\"https:\/\/fr.twiza.org\/portail\/wp-content\/uploads\/2022\/05\/de\u0301finition-assainissement-non-collectif-edited.jpeg 1024w, https:\/\/fr.twiza.org\/portail\/wp-content\/uploads\/2022\/05\/de\u0301finition-assainissement-non-collectif-edited-600x338.jpeg 600w, https:\/\/fr.twiza.org\/portail\/wp-content\/uploads\/2022\/05\/de\u0301finition-assainissement-non-collectif-edited-300x169.jpeg 300w, https:\/\/fr.twiza.org\/portail\/wp-content\/uploads\/2022\/05\/de\u0301finition-assainissement-non-collectif-edited-768x432.jpeg 768w\" sizes=\"(max-width: 1024px) 100vw, 1024px\" \/><\/figure>\n\n\n\n<p>La <strong>phyto\u00e9puration<\/strong> (syst\u00e8me officiellement autoris\u00e9 depuis 2009), syst\u00e8me d&rsquo;<strong>assainissement individuel<\/strong> le plus <strong>\u00e9cologique<\/strong>, permet le traitement des eaux us\u00e9es par les <strong>plantes<\/strong>. <\/p>\n\n\n\n<p>Les eaux us\u00e9es circulent au sein de <strong>bassins<\/strong> ext\u00e9rieurs, compos\u00e9s de <strong>plantes<\/strong> adapt\u00e9es \u00e0 chaque \u00e9tape du processus. En g\u00e9n\u00e9ral, la premi\u00e8re \u00e9tape repr\u00e9sente un lit vertical plant\u00e9 de <strong>roseaux<\/strong> qui assure le <strong>pr\u00e9-traitement<\/strong> (ou dans une fosse-toutes-eaux dans certains cas). Puis tes eaux us\u00e9es atteignent un bassin compos\u00e9 de v\u00e9g\u00e9taux capables d&rsquo;<strong>absorber<\/strong> les <strong>charges polluantes<\/strong> (bambous, iris des marais etc..). Enfin, elles sont rejet\u00e9es vers un exutoire (<strong>marre<\/strong>, <strong>foss\u00e9<\/strong> drainant etc..). <\/p>\n\n\n\n<p>La <strong>phyto\u00e9puration<\/strong> a de multiples avantages :<\/p>\n\n\n\n<ul class=\"wp-block-list\"><li>Elle traite bien les <strong>nitrates<\/strong> et <strong>phosphates<\/strong> de tes eaux us\u00e9es, notamment gr\u00e2ce au bambou. De plus la phyto\u00e9puration ne produit pas de <strong>boues<\/strong> (sauf si le syst\u00e8me comprend une fosse-toutes-eaux).<\/li><li>Elle n\u00e9cessite <strong>peu d&rsquo;entretien<\/strong>, une journ\u00e9e par an de fauchage et faucardage des v\u00e9g\u00e9taux suffit. Tu peux donc tr\u00e8s facilement le faire toi-m\u00eame, sans faire appel \u00e0 un professionnel.<\/li><li>Tu peux ais\u00e9ment associer ton syst\u00e8me phyto\u00e9puration \u00e0 des <strong>toilettes s\u00e8ches<\/strong>.<\/li><li>Elle te co\u00fbtera <strong>moins ch\u00e8re<\/strong> que les autres syst\u00e8mes d&rsquo;<strong>assainissement non collectif<\/strong>, surtout si tu la r\u00e9alises par toi-m\u00eame.<\/li><\/ul>\n\n\n\n<p>Si tu autoconstruis ton syst\u00e8me de <strong>phyto\u00e9puration<\/strong>, en le couplant \u00e0 des <strong>toilettes s\u00e8ches<\/strong>, ton co\u00fbt d&rsquo;installation total s&rsquo;\u00e9l\u00e8vera environ \u00e0 <strong>1000 \u20ac<\/strong>. Et plut\u00f4t autour des <strong>8000 \u20ac<\/strong> si tu choisis de l&rsquo;associer \u00e0 des <strong>toilettes \u00e0 eau<\/strong> classiques.<\/p>\n\n\n\n<h3 class=\"wp-block-heading\">La micro-station<\/h3>\n\n\n\n<p>La <strong>micro-station<\/strong> est une <strong>mini station d&rsquo;\u00e9puration<\/strong>, comme son nom l&rsquo;indique. Elle te permet d&rsquo;effectuer toutes les \u00e9tapes de ton <strong>assainissement<\/strong> (pr\u00e9-traitement, traitement, clarification..) au sein d&rsquo;<strong>un seul dispositif<\/strong>. <\/p>\n\n\n\n<p>Les principaux <strong>avantages<\/strong> de la micro-station sont :<\/p>\n\n\n\n<ul class=\"wp-block-list\"><li>Sa taille compacte, elle est moins contraignante que les autres en terme d&rsquo;installation. Tu peux m\u00eame, dans certains cas, l&rsquo;installer hors-sol.<\/li><li>Tes eaux us\u00e9es sont trait\u00e9es de mani\u00e8re naturelle par des bact\u00e9ries pr\u00e9sentes dans l&rsquo;eau. Puis, en fin de parcours, elles peuvent \u00eatre r\u00e9utilis\u00e9es pour irriguer ton terrain (en sous-terrain).<\/li><\/ul>\n\n\n\n<p>Les principaux <strong>d\u00e9savantages<\/strong> de la micro-station :<\/p>\n\n\n\n<ul class=\"wp-block-list\"><li>Les bact\u00e9ries de ta micro-station ont besoin d&rsquo;\u00eatre nourries r\u00e9guli\u00e8rement. Si tu t&rsquo;absentes plus d&rsquo;un mois, le dispositif se bloque et n\u00e9cessite une r\u00e9activation.<\/li><li>La micro-station comprend un syst\u00e8me \u00e9lectrique, ce qui induit une consommation constante d&rsquo;\u00e9nergie ayant un impact \u00e9cologique et un co\u00fbt financier.<\/li><\/ul>\n\n\n\n<h2 class=\"wp-block-heading\">Les bonnes questions \u00e0 se poser<\/h2>\n\n\n\n<ul class=\"wp-block-list\"><li>Il est indispensable que tu connaisses la <strong>nature<\/strong> de ton <strong>sol <\/strong>(\u00e9tude de sol) pour choisir le syst\u00e8me d&rsquo;<strong>assainissement individuel<\/strong> le plus <strong>adapt\u00e9<\/strong> \u00e0 ton projet. Cela va entre autres influencer ton choix de technique d&rsquo;<strong>\u00e9pandage<\/strong>.<\/li><\/ul>\n\n\n\n<p><\/p>\n\n\n\n<ul class=\"wp-block-list\"><li>Si tu <strong>r\u00e9noves<\/strong>, v\u00e9rifie si ton syst\u00e8me d&rsquo;<strong>assainissement non collectif<\/strong> est toujours <strong>aux<\/strong> <strong>normes<\/strong>. Dans certain cas il faut tout refaire, avec un <strong>impact<\/strong> <strong>technique<\/strong> et <strong>financier<\/strong> non n\u00e9gligeable.<\/li><\/ul>\n\n\n\n<h2 class=\"wp-block-heading\">Les points de vigilance<\/h2>\n\n\n\n<ul class=\"wp-block-list\"><li>Le sujet de l&rsquo;<strong>assainissement individuel<\/strong> est associ\u00e9 \u00e0 des <strong>enjeux sanitaires<\/strong> et <strong>environnementaux<\/strong> tr\u00e8s importants. En effet, si tes eaux us\u00e9es sont mal trait\u00e9es, des micro-organismes <strong>pathog\u00e8nes<\/strong> peuvent prolif\u00e9rer de mani\u00e8re dangereuse.<\/li><\/ul>\n\n\n\n<p><\/p>\n\n\n\n<ul class=\"wp-block-list\"><li>De m\u00eame si ton dispositif d&rsquo;<strong>assainissement non collectif<\/strong> ne fonctionne pas bien, les mati\u00e8res <strong>polluantes<\/strong> de tes eaux us\u00e9es peuvent se propager dans les <strong>cours d&rsquo;eau<\/strong> environnants.<\/li><\/ul>\n\n\n\n<p><\/p>\n\n\n\n<ul class=\"wp-block-list\"><li>Enfin, au vu de tous ces enjeux, n&rsquo;h\u00e9site pas \u00e0 demander de l&rsquo;aide aux sachants dans ce domaine, notamment le<a href=\"http:\/\/www.assainissement-non-collectif.developpement-durable.gouv.fr\/le-service-public-d-assainissement-non-collectif-r11.html\" target=\"_blank\" rel=\"noreferrer noopener\"> Service Public d&rsquo;Assainissement Non Collectif<\/a> (SPANC).<\/li><\/ul>\n\n\n\n<h2 class=\"wp-block-heading\" id=\"h-references-documentaires\">R\u00e9f\u00e9rences documentaires<\/h2>\n\n\n\n<ul class=\"wp-block-list\"><li>DTU 64.1<\/li><\/ul>\n\n\n\n<div style=\"height:50px\" aria-hidden=\"true\" class=\"wp-block-spacer\"><\/div>\n","protected":false},"excerpt":{"rendered":"<p>Assainissement non collectif : d\u00e9finitions L&rsquo;assainissement non collectif (ou assainissement individuel) permet le traitement des eaux us\u00e9es des habitations non raccord\u00e9es au r\u00e9seau public collectif (tout-\u00e0-l&rsquo;\u00e9gout). Les eaux us\u00e9es domestiques repr\u00e9sentent les eaux m\u00e9nag\u00e8res (ou eaux grises) issues de la cuisine et de la salle de bain, ainsi que les [&hellip;]<\/p>\n","protected":false},"author":3,"featured_media":0,"parent":0,"menu_order":0,"comment_status":"closed","ping_status":"closed","template":"","meta":{"_eb_attr":"","_themeisle_gutenberg_block_has_review":false,"footnotes":""},"class_list":["post-4753","page","type-page","status-publish","hentry"],"yoast_head":"<!-- This site is optimized with the Yoast SEO Premium plugin v27.2 (Yoast SEO v27.3) - https:\/\/yoast.com\/product\/yoast-seo-premium-wordpress\/ -->\n<title>Comment bien choisir mon syst\u00e8me d&#039;assainissement non collectif ?<\/title>\n<meta name=\"description\" content=\"Quel est le syst\u00e8me d&#039;assainissement non collectif le plus adapt\u00e9 \u00e0 mon projet ? La phyto\u00e9puration, la fosse-toutes-eaux, la micro-station...\" \/>\n<meta name=\"robots\" content=\"index, follow, max-snippet:-1, max-image-preview:large, max-video-preview:-1\" \/>\n<link rel=\"canonical\" href=\"https:\/\/fr.twiza.org\/portail\/assainissement-non-collectif\/\" \/>\n<meta property=\"og:locale\" content=\"fr_FR\" \/>\n<meta property=\"og:type\" content=\"article\" \/>\n<meta property=\"og:title\" content=\"Assainissement non collectif\" \/>\n<meta property=\"og:description\" content=\"Quel est le syst\u00e8me d&#039;assainissement non collectif le plus adapt\u00e9 \u00e0 mon projet ? La phyto\u00e9puration, la fosse-toutes-eaux, la micro-station...\" \/>\n<meta property=\"og:url\" content=\"https:\/\/fr.twiza.org\/portail\/assainissement-non-collectif\/\" \/>\n<meta property=\"og:site_name\" content=\"R\u00e9seau Twiza\" \/>\n<meta property=\"article:publisher\" content=\"https:\/\/fr-fr.facebook.com\/Twiza.fr\/\" \/>\n<meta property=\"article:modified_time\" content=\"2022-05-20T15:28:45+00:00\" \/>\n<meta name=\"twitter:card\" content=\"summary_large_image\" \/>\n<script type=\"application\/ld+json\" class=\"yoast-schema-graph\">{\"@context\":\"https:\\\/\\\/schema.org\",\"@graph\":[{\"@type\":\"WebPage\",\"@id\":\"https:\\\/\\\/fr.twiza.org\\\/portail\\\/assainissement-non-collectif\\\/\",\"url\":\"https:\\\/\\\/fr.twiza.org\\\/portail\\\/assainissement-non-collectif\\\/\",\"name\":\"Comment bien choisir mon syst\u00e8me d'assainissement non collectif ?\",\"isPartOf\":{\"@id\":\"https:\\\/\\\/fr.twiza.org\\\/portail\\\/#website\"},\"datePublished\":\"2022-05-13T09:55:11+00:00\",\"dateModified\":\"2022-05-20T15:28:45+00:00\",\"description\":\"Quel est le syst\u00e8me d'assainissement non collectif le plus adapt\u00e9 \u00e0 mon projet ? La phyto\u00e9puration, la fosse-toutes-eaux, la micro-station...\",\"breadcrumb\":{\"@id\":\"https:\\\/\\\/fr.twiza.org\\\/portail\\\/assainissement-non-collectif\\\/#breadcrumb\"},\"inLanguage\":\"fr-FR\",\"potentialAction\":[{\"@type\":\"ReadAction\",\"target\":[\"https:\\\/\\\/fr.twiza.org\\\/portail\\\/assainissement-non-collectif\\\/\"]}]},{\"@type\":\"BreadcrumbList\",\"@id\":\"https:\\\/\\\/fr.twiza.org\\\/portail\\\/assainissement-non-collectif\\\/#breadcrumb\",\"itemListElement\":[{\"@type\":\"ListItem\",\"position\":1,\"name\":\"Accueil\",\"item\":\"https:\\\/\\\/fr.twiza.org\\\/portail\\\/\"},{\"@type\":\"ListItem\",\"position\":2,\"name\":\"Assainissement non collectif\"}]},{\"@type\":\"WebSite\",\"@id\":\"https:\\\/\\\/fr.twiza.org\\\/portail\\\/#website\",\"url\":\"https:\\\/\\\/fr.twiza.org\\\/portail\\\/\",\"name\":\"R\u00e9seau Twiza\",\"description\":\"Entraide pour un habitat \u00e9cologique, convivial et r\u00e9silient\",\"publisher\":{\"@id\":\"https:\\\/\\\/fr.twiza.org\\\/portail\\\/#organization\"},\"potentialAction\":[{\"@type\":\"SearchAction\",\"target\":{\"@type\":\"EntryPoint\",\"urlTemplate\":\"https:\\\/\\\/fr.twiza.org\\\/portail\\\/?s={search_term_string}\"},\"query-input\":{\"@type\":\"PropertyValueSpecification\",\"valueRequired\":true,\"valueName\":\"search_term_string\"}}],\"inLanguage\":\"fr-FR\"},{\"@type\":\"Organization\",\"@id\":\"https:\\\/\\\/fr.twiza.org\\\/portail\\\/#organization\",\"name\":\"R\u00e9seau Twiza\",\"url\":\"https:\\\/\\\/fr.twiza.org\\\/portail\\\/\",\"logo\":{\"@type\":\"ImageObject\",\"inLanguage\":\"fr-FR\",\"@id\":\"https:\\\/\\\/fr.twiza.org\\\/portail\\\/#\\\/schema\\\/logo\\\/image\\\/\",\"url\":\"https:\\\/\\\/fr.twiza.org\\\/portail\\\/wp-content\\\/uploads\\\/2021\\\/05\\\/cropped-logo-reseau-twiza.jpg\",\"contentUrl\":\"https:\\\/\\\/fr.twiza.org\\\/portail\\\/wp-content\\\/uploads\\\/2021\\\/05\\\/cropped-logo-reseau-twiza.jpg\",\"width\":400,\"height\":102,\"caption\":\"R\u00e9seau Twiza\"},\"image\":{\"@id\":\"https:\\\/\\\/fr.twiza.org\\\/portail\\\/#\\\/schema\\\/logo\\\/image\\\/\"},\"sameAs\":[\"https:\\\/\\\/fr-fr.facebook.com\\\/Twiza.fr\\\/\",\"https:\\\/\\\/www.instagram.com\\\/twiza_fr\\\/\",\"https:\\\/\\\/www.linkedin.com\\\/company\\\/reseautwiza\\\/\"]}]}<\/script>\n<!-- \/ Yoast SEO Premium plugin. -->","yoast_head_json":{"title":"Comment bien choisir mon syst\u00e8me d'assainissement non collectif ?","description":"Quel est le syst\u00e8me d'assainissement non collectif le plus adapt\u00e9 \u00e0 mon projet ? La phyto\u00e9puration, la fosse-toutes-eaux, la micro-station...","robots":{"index":"index","follow":"follow","max-snippet":"max-snippet:-1","max-image-preview":"max-image-preview:large","max-video-preview":"max-video-preview:-1"},"canonical":"https:\/\/fr.twiza.org\/portail\/assainissement-non-collectif\/","og_locale":"fr_FR","og_type":"article","og_title":"Assainissement non collectif","og_description":"Quel est le syst\u00e8me d'assainissement non collectif le plus adapt\u00e9 \u00e0 mon projet ? La phyto\u00e9puration, la fosse-toutes-eaux, la micro-station...","og_url":"https:\/\/fr.twiza.org\/portail\/assainissement-non-collectif\/","og_site_name":"R\u00e9seau Twiza","article_publisher":"https:\/\/fr-fr.facebook.com\/Twiza.fr\/","article_modified_time":"2022-05-20T15:28:45+00:00","twitter_card":"summary_large_image","schema":{"@context":"https:\/\/schema.org","@graph":[{"@type":"WebPage","@id":"https:\/\/fr.twiza.org\/portail\/assainissement-non-collectif\/","url":"https:\/\/fr.twiza.org\/portail\/assainissement-non-collectif\/","name":"Comment bien choisir mon syst\u00e8me d'assainissement non collectif ?","isPartOf":{"@id":"https:\/\/fr.twiza.org\/portail\/#website"},"datePublished":"2022-05-13T09:55:11+00:00","dateModified":"2022-05-20T15:28:45+00:00","description":"Quel est le syst\u00e8me d'assainissement non collectif le plus adapt\u00e9 \u00e0 mon projet ? La phyto\u00e9puration, la fosse-toutes-eaux, la micro-station...","breadcrumb":{"@id":"https:\/\/fr.twiza.org\/portail\/assainissement-non-collectif\/#breadcrumb"},"inLanguage":"fr-FR","potentialAction":[{"@type":"ReadAction","target":["https:\/\/fr.twiza.org\/portail\/assainissement-non-collectif\/"]}]},{"@type":"BreadcrumbList","@id":"https:\/\/fr.twiza.org\/portail\/assainissement-non-collectif\/#breadcrumb","itemListElement":[{"@type":"ListItem","position":1,"name":"Accueil","item":"https:\/\/fr.twiza.org\/portail\/"},{"@type":"ListItem","position":2,"name":"Assainissement non collectif"}]},{"@type":"WebSite","@id":"https:\/\/fr.twiza.org\/portail\/#website","url":"https:\/\/fr.twiza.org\/portail\/","name":"R\u00e9seau Twiza","description":"Entraide pour un habitat \u00e9cologique, convivial et r\u00e9silient","publisher":{"@id":"https:\/\/fr.twiza.org\/portail\/#organization"},"potentialAction":[{"@type":"SearchAction","target":{"@type":"EntryPoint","urlTemplate":"https:\/\/fr.twiza.org\/portail\/?s={search_term_string}"},"query-input":{"@type":"PropertyValueSpecification","valueRequired":true,"valueName":"search_term_string"}}],"inLanguage":"fr-FR"},{"@type":"Organization","@id":"https:\/\/fr.twiza.org\/portail\/#organization","name":"R\u00e9seau Twiza","url":"https:\/\/fr.twiza.org\/portail\/","logo":{"@type":"ImageObject","inLanguage":"fr-FR","@id":"https:\/\/fr.twiza.org\/portail\/#\/schema\/logo\/image\/","url":"https:\/\/fr.twiza.org\/portail\/wp-content\/uploads\/2021\/05\/cropped-logo-reseau-twiza.jpg","contentUrl":"https:\/\/fr.twiza.org\/portail\/wp-content\/uploads\/2021\/05\/cropped-logo-reseau-twiza.jpg","width":400,"height":102,"caption":"R\u00e9seau Twiza"},"image":{"@id":"https:\/\/fr.twiza.org\/portail\/#\/schema\/logo\/image\/"},"sameAs":["https:\/\/fr-fr.facebook.com\/Twiza.fr\/","https:\/\/www.instagram.com\/twiza_fr\/","https:\/\/www.linkedin.com\/company\/reseautwiza\/"]}]}},"jetpack_sharing_enabled":true,"_links":{"self":[{"href":"https:\/\/fr.twiza.org\/portail\/wp-json\/wp\/v2\/pages\/4753","targetHints":{"allow":["GET"]}}],"collection":[{"href":"https:\/\/fr.twiza.org\/portail\/wp-json\/wp\/v2\/pages"}],"about":[{"href":"https:\/\/fr.twiza.org\/portail\/wp-json\/wp\/v2\/types\/page"}],"author":[{"embeddable":true,"href":"https:\/\/fr.twiza.org\/portail\/wp-json\/wp\/v2\/users\/3"}],"replies":[{"embeddable":true,"href":"https:\/\/fr.twiza.org\/portail\/wp-json\/wp\/v2\/comments?post=4753"}],"version-history":[{"count":22,"href":"https:\/\/fr.twiza.org\/portail\/wp-json\/wp\/v2\/pages\/4753\/revisions"}],"predecessor-version":[{"id":5305,"href":"https:\/\/fr.twiza.org\/portail\/wp-json\/wp\/v2\/pages\/4753\/revisions\/5305"}],"wp:attachment":[{"href":"https:\/\/fr.twiza.org\/portail\/wp-json\/wp\/v2\/media?parent=4753"}],"curies":[{"name":"wp","href":"https:\/\/api.w.org\/{rel}","templated":true}]}}