{"id":4851,"date":"2022-05-13T16:51:21","date_gmt":"2022-05-13T14:51:21","guid":{"rendered":"https:\/\/fr.twiza.org\/portail\/?page_id=4851"},"modified":"2025-02-26T15:44:53","modified_gmt":"2025-02-26T14:44:53","slug":"questions-frequentes-organisateur-rice-s-de-chantier","status":"publish","type":"page","link":"https:\/\/fr.twiza.org\/portail\/questions-frequentes-organisateur-rice-s-de-chantier\/","title":{"rendered":"Organiser un chantier participatif avec Twiza : questions fr\u00e9quentes"},"content":{"rendered":"\n<p>Il n&rsquo;y a pas de mauvaise question \ud83d\ude42<\/p>\n\n\n\n<h3 class=\"wp-block-heading\">Est-ce que c\u2019est \u201cdifficile\u201d d\u2019organiser un chantier participatif ?<\/h3>\n\n\n\n<p>Non, c\u2019est au contraire une superbe opportunit\u00e9 pour <strong>avancer <\/strong>dans ton projet, pour <strong>apprendre <\/strong>de nouvelles techniques, pour <strong>croiser les regards<\/strong> mais aussi (et surtout) pour <strong>faire de belles rencontres<\/strong>.&nbsp;<\/p>\n\n\n\n<p>D\u00e8s que tu nous rejoins, <strong>un ambassadeur du r\u00e9seau t\u2019appelle<\/strong> pour te faire part de sa propre exp\u00e9rience et s\u2019assurer que tout se passe le mieux possible pour toi ! <a href=\"https:\/\/buy.stripe.com\/14k17wedifRv03CbJc\">Pour nous rejoindre<\/a>.<\/p>\n\n\n\n<p>Tu peux aussi \u00e9couter le <a href=\"https:\/\/www.youtube.com\/watch?v=OBPYpteS8mM&amp;ab_channel=R%C3%A9seauTwiza\">t\u00e9moignage de Marian<\/a> (2 min.).<\/p>\n\n\n\n<h3 class=\"wp-block-heading\">Quels sont les b\u00e9n\u00e9fices de ton adh\u00e9sion au r\u00e9seau ?<\/h3>\n\n\n\n<p>En tant qu\u2019organisateur, ta contribution te permet d\u2019<strong>accueillir des b\u00e9n\u00e9voles<\/strong> ponctuellement ou tout au long de ton projet <strong>en toute s\u00e9curit\u00e9<\/strong>. En effet, b\u00e9n\u00e9voles et organisateurs sont couverts par notre <a href=\"https:\/\/fr.twiza.org\/chantier-participatif-et-assurance,pa52.html\">assurance individuelle accident<\/a>.<\/p>\n\n\n\n<p><em>&nbsp;<\/em>En tant qu\u2019adh\u00e9rent, tu fais aussi <strong>grossir le r\u00e9seau Twiza<\/strong> et tu t\u2019engages dans notre projet d\u2019accompagner le <strong>d\u00e9veloppement de l\u2019\u00e9coconstruction et de l\u2019\u00e9cor\u00e9novation.<\/strong><\/p>\n\n\n\n<h3 class=\"wp-block-heading\">Combien de personnes viendront sur ton chantier ?<\/h3>\n\n\n\n<p>Soyons honn\u00eates, il est strictement impossible de le pr\u00e9dire. M\u00eame apr\u00e8s avoir vu des milliers de chantiers, c&rsquo;est tr\u00e8s variable : <strong>\u00e7a va de quelques personnes, \u00e0 plusieurs dizaines<\/strong> ! Tu peux compter sur le r\u00e9seau pour <strong>t&rsquo;apporter une aide utile<\/strong>, mais tu ne dois pas attendre une aide indispensable \u00e0 la r\u00e9alisation de ton projet, car ce serait te mettre en p\u00e9ril. Une chose est certaine, <strong>nous ferons tout pour t&rsquo;aider <\/strong>!<\/p>\n\n\n\n<h3 class=\"wp-block-heading\">Peux-tu \u00eatre accompagn\u00e9 par un professionnel ?<\/h3>\n\n\n\n<p>Le r\u00e9seau compte <strong>des centaines de professionnels<\/strong> de l\u2019habitat \u00e9cologique. Tu peux les trouver en parcourant <a href=\"https:\/\/fr.twiza.org\/professionnels-eco-construction\/v3\">cette carte<\/a>, tu peux aussi formuler ta demande sur <a href=\"https:\/\/fr.twiza.org\/portail\/trouver-des-professionnels-ecoconstruction\/\">cette page<\/a>.&nbsp;<\/p>\n\n\n\n<h3 class=\"wp-block-heading\" id=\"h-ou-trouver-des-infos-ou-du-materiel-pour-mon-projet\">O\u00f9 trouver des infos ou du mat\u00e9riel pour mon projet ?<\/h3>\n\n\n\n<p>Tu peux \u00e0 loisir consulter <a href=\"https:\/\/fr.twiza.org\/portail\/guides-dachat\/\">nos guides<\/a> ou te tourner vers <a href=\"https:\/\/forum.twiza.org\/c\/groupement-achat\/10\/none\">notre groupement d\u2019achat<\/a> pour b\u00e9n\u00e9ficier d\u2019un accompagnement et de conseils personnalis\u00e9s.<\/p>\n\n\n\n<h3 class=\"wp-block-heading\" id=\"h-et-maintenant-rejoins-nous-pour-proposer-ton-chantier\">Et maintenant ? Rejoins-nous pour proposer ton chantier !<\/h3>\n\n\n\n<p>Voil\u00e0, j\u2019esp\u00e8re que ces infos t\u2019ont \u00e9t\u00e9 utiles et t\u2019ont motiv\u00e9 \u00e0 vivre cette belle exp\u00e9rience !<\/p>\n\n\n\n<p id=\"h-si-c-est-le-cas-tu-peux-nous-rejoindre-en-cliquant-ici\"><strong>Si c&rsquo;est le cas, tu peux nous rejoindre en cliquant ici : <\/strong><\/p>\n\n\n\n<div class=\"wp-block-buttons is-content-justification-center is-layout-flex wp-container-core-buttons-is-layout-a89b3969 wp-block-buttons-is-layout-flex\">\n<div class=\"wp-block-button\"><a class=\"wp-block-button__link wp-element-button\" href=\"https:\/\/buy.stripe.com\/14k17wedifRv03CbJc\">Adh\u00e9rer comme h\u00f4te Twiza<\/a><\/div>\n<\/div>\n\n\n\n<p><\/p>\n\n\n\n<div style=\"height:100px\" aria-hidden=\"true\" class=\"wp-block-spacer\"><\/div>\n","protected":false},"excerpt":{"rendered":"<p>Il n&rsquo;y a pas de mauvaise question \ud83d\ude42 Est-ce que c\u2019est \u201cdifficile\u201d d\u2019organiser un chantier participatif ? Non, c\u2019est au contraire une superbe opportunit\u00e9 pour avancer dans ton projet, pour apprendre de nouvelles techniques, pour croiser les regards mais aussi (et surtout) pour faire de belles rencontres.&nbsp; D\u00e8s que tu [&hellip;]<\/p>\n","protected":false},"author":10,"featured_media":0,"parent":0,"menu_order":0,"comment_status":"closed","ping_status":"closed","template":"","meta":{"_eb_attr":"","_themeisle_gutenberg_block_has_review":false,"footnotes":""},"class_list":["post-4851","page","type-page","status-publish","hentry"],"yoast_head":"<!-- This site is optimized with the Yoast SEO Premium plugin v27.2 (Yoast SEO v27.3) - https:\/\/yoast.com\/product\/yoast-seo-premium-wordpress\/ -->\n<title>Organiser un chantier participatif avec Twiza : questions fr\u00e9quentes<\/title>\n<meta name=\"robots\" content=\"index, follow, max-snippet:-1, max-image-preview:large, max-video-preview:-1\" \/>\n<link rel=\"canonical\" href=\"https:\/\/fr.twiza.org\/portail\/questions-frequentes-organisateur-rice-s-de-chantier\/\" \/>\n<meta property=\"og:locale\" content=\"fr_FR\" \/>\n<meta property=\"og:type\" content=\"article\" \/>\n<meta property=\"og:title\" content=\"Organiser un chantier participatif avec Twiza : questions fr\u00e9quentes\" \/>\n<meta property=\"og:description\" content=\"Il n&rsquo;y a pas de mauvaise question \ud83d\ude42 Est-ce que c\u2019est \u201cdifficile\u201d d\u2019organiser un chantier participatif ? Non, c\u2019est au contraire une superbe opportunit\u00e9 pour avancer dans ton projet, pour apprendre de nouvelles techniques, pour croiser les regards mais aussi (et surtout) pour faire de belles rencontres.&nbsp; D\u00e8s que tu [&hellip;]\" \/>\n<meta property=\"og:url\" content=\"https:\/\/fr.twiza.org\/portail\/questions-frequentes-organisateur-rice-s-de-chantier\/\" \/>\n<meta property=\"og:site_name\" content=\"R\u00e9seau Twiza\" \/>\n<meta property=\"article:publisher\" content=\"https:\/\/fr-fr.facebook.com\/Twiza.fr\/\" \/>\n<meta property=\"article:modified_time\" content=\"2025-02-26T14:44:53+00:00\" \/>\n<meta name=\"twitter:card\" content=\"summary_large_image\" \/>\n<script type=\"application\/ld+json\" class=\"yoast-schema-graph\">{\"@context\":\"https:\\\/\\\/schema.org\",\"@graph\":[{\"@type\":\"WebPage\",\"@id\":\"https:\\\/\\\/fr.twiza.org\\\/portail\\\/questions-frequentes-organisateur-rice-s-de-chantier\\\/\",\"url\":\"https:\\\/\\\/fr.twiza.org\\\/portail\\\/questions-frequentes-organisateur-rice-s-de-chantier\\\/\",\"name\":\"Organiser un chantier participatif avec Twiza : questions fr\u00e9quentes\",\"isPartOf\":{\"@id\":\"https:\\\/\\\/fr.twiza.org\\\/portail\\\/#website\"},\"datePublished\":\"2022-05-13T14:51:21+00:00\",\"dateModified\":\"2025-02-26T14:44:53+00:00\",\"breadcrumb\":{\"@id\":\"https:\\\/\\\/fr.twiza.org\\\/portail\\\/questions-frequentes-organisateur-rice-s-de-chantier\\\/#breadcrumb\"},\"inLanguage\":\"fr-FR\",\"potentialAction\":[{\"@type\":\"ReadAction\",\"target\":[\"https:\\\/\\\/fr.twiza.org\\\/portail\\\/questions-frequentes-organisateur-rice-s-de-chantier\\\/\"]}]},{\"@type\":\"BreadcrumbList\",\"@id\":\"https:\\\/\\\/fr.twiza.org\\\/portail\\\/questions-frequentes-organisateur-rice-s-de-chantier\\\/#breadcrumb\",\"itemListElement\":[{\"@type\":\"ListItem\",\"position\":1,\"name\":\"Accueil\",\"item\":\"https:\\\/\\\/fr.twiza.org\\\/portail\\\/\"},{\"@type\":\"ListItem\",\"position\":2,\"name\":\"Organiser un chantier participatif avec Twiza : questions fr\u00e9quentes\"}]},{\"@type\":\"WebSite\",\"@id\":\"https:\\\/\\\/fr.twiza.org\\\/portail\\\/#website\",\"url\":\"https:\\\/\\\/fr.twiza.org\\\/portail\\\/\",\"name\":\"R\u00e9seau Twiza\",\"description\":\"Entraide pour un habitat \u00e9cologique, convivial et r\u00e9silient\",\"publisher\":{\"@id\":\"https:\\\/\\\/fr.twiza.org\\\/portail\\\/#organization\"},\"potentialAction\":[{\"@type\":\"SearchAction\",\"target\":{\"@type\":\"EntryPoint\",\"urlTemplate\":\"https:\\\/\\\/fr.twiza.org\\\/portail\\\/?s={search_term_string}\"},\"query-input\":{\"@type\":\"PropertyValueSpecification\",\"valueRequired\":true,\"valueName\":\"search_term_string\"}}],\"inLanguage\":\"fr-FR\"},{\"@type\":\"Organization\",\"@id\":\"https:\\\/\\\/fr.twiza.org\\\/portail\\\/#organization\",\"name\":\"R\u00e9seau Twiza\",\"url\":\"https:\\\/\\\/fr.twiza.org\\\/portail\\\/\",\"logo\":{\"@type\":\"ImageObject\",\"inLanguage\":\"fr-FR\",\"@id\":\"https:\\\/\\\/fr.twiza.org\\\/portail\\\/#\\\/schema\\\/logo\\\/image\\\/\",\"url\":\"https:\\\/\\\/fr.twiza.org\\\/portail\\\/wp-content\\\/uploads\\\/2021\\\/05\\\/cropped-logo-reseau-twiza.jpg\",\"contentUrl\":\"https:\\\/\\\/fr.twiza.org\\\/portail\\\/wp-content\\\/uploads\\\/2021\\\/05\\\/cropped-logo-reseau-twiza.jpg\",\"width\":400,\"height\":102,\"caption\":\"R\u00e9seau Twiza\"},\"image\":{\"@id\":\"https:\\\/\\\/fr.twiza.org\\\/portail\\\/#\\\/schema\\\/logo\\\/image\\\/\"},\"sameAs\":[\"https:\\\/\\\/fr-fr.facebook.com\\\/Twiza.fr\\\/\",\"https:\\\/\\\/www.instagram.com\\\/twiza_fr\\\/\",\"https:\\\/\\\/www.linkedin.com\\\/company\\\/reseautwiza\\\/\"]}]}<\/script>\n<!-- \/ Yoast SEO Premium plugin. -->","yoast_head_json":{"title":"Organiser un chantier participatif avec Twiza : questions fr\u00e9quentes","robots":{"index":"index","follow":"follow","max-snippet":"max-snippet:-1","max-image-preview":"max-image-preview:large","max-video-preview":"max-video-preview:-1"},"canonical":"https:\/\/fr.twiza.org\/portail\/questions-frequentes-organisateur-rice-s-de-chantier\/","og_locale":"fr_FR","og_type":"article","og_title":"Organiser un chantier participatif avec Twiza : questions fr\u00e9quentes","og_description":"Il n&rsquo;y a pas de mauvaise question \ud83d\ude42 Est-ce que c\u2019est \u201cdifficile\u201d d\u2019organiser un chantier participatif ? Non, c\u2019est au contraire une superbe opportunit\u00e9 pour avancer dans ton projet, pour apprendre de nouvelles techniques, pour croiser les regards mais aussi (et surtout) pour faire de belles rencontres.&nbsp; D\u00e8s que tu [&hellip;]","og_url":"https:\/\/fr.twiza.org\/portail\/questions-frequentes-organisateur-rice-s-de-chantier\/","og_site_name":"R\u00e9seau Twiza","article_publisher":"https:\/\/fr-fr.facebook.com\/Twiza.fr\/","article_modified_time":"2025-02-26T14:44:53+00:00","twitter_card":"summary_large_image","schema":{"@context":"https:\/\/schema.org","@graph":[{"@type":"WebPage","@id":"https:\/\/fr.twiza.org\/portail\/questions-frequentes-organisateur-rice-s-de-chantier\/","url":"https:\/\/fr.twiza.org\/portail\/questions-frequentes-organisateur-rice-s-de-chantier\/","name":"Organiser un chantier participatif avec Twiza : questions fr\u00e9quentes","isPartOf":{"@id":"https:\/\/fr.twiza.org\/portail\/#website"},"datePublished":"2022-05-13T14:51:21+00:00","dateModified":"2025-02-26T14:44:53+00:00","breadcrumb":{"@id":"https:\/\/fr.twiza.org\/portail\/questions-frequentes-organisateur-rice-s-de-chantier\/#breadcrumb"},"inLanguage":"fr-FR","potentialAction":[{"@type":"ReadAction","target":["https:\/\/fr.twiza.org\/portail\/questions-frequentes-organisateur-rice-s-de-chantier\/"]}]},{"@type":"BreadcrumbList","@id":"https:\/\/fr.twiza.org\/portail\/questions-frequentes-organisateur-rice-s-de-chantier\/#breadcrumb","itemListElement":[{"@type":"ListItem","position":1,"name":"Accueil","item":"https:\/\/fr.twiza.org\/portail\/"},{"@type":"ListItem","position":2,"name":"Organiser un chantier participatif avec Twiza : questions fr\u00e9quentes"}]},{"@type":"WebSite","@id":"https:\/\/fr.twiza.org\/portail\/#website","url":"https:\/\/fr.twiza.org\/portail\/","name":"R\u00e9seau Twiza","description":"Entraide pour un habitat \u00e9cologique, convivial et r\u00e9silient","publisher":{"@id":"https:\/\/fr.twiza.org\/portail\/#organization"},"potentialAction":[{"@type":"SearchAction","target":{"@type":"EntryPoint","urlTemplate":"https:\/\/fr.twiza.org\/portail\/?s={search_term_string}"},"query-input":{"@type":"PropertyValueSpecification","valueRequired":true,"valueName":"search_term_string"}}],"inLanguage":"fr-FR"},{"@type":"Organization","@id":"https:\/\/fr.twiza.org\/portail\/#organization","name":"R\u00e9seau Twiza","url":"https:\/\/fr.twiza.org\/portail\/","logo":{"@type":"ImageObject","inLanguage":"fr-FR","@id":"https:\/\/fr.twiza.org\/portail\/#\/schema\/logo\/image\/","url":"https:\/\/fr.twiza.org\/portail\/wp-content\/uploads\/2021\/05\/cropped-logo-reseau-twiza.jpg","contentUrl":"https:\/\/fr.twiza.org\/portail\/wp-content\/uploads\/2021\/05\/cropped-logo-reseau-twiza.jpg","width":400,"height":102,"caption":"R\u00e9seau Twiza"},"image":{"@id":"https:\/\/fr.twiza.org\/portail\/#\/schema\/logo\/image\/"},"sameAs":["https:\/\/fr-fr.facebook.com\/Twiza.fr\/","https:\/\/www.instagram.com\/twiza_fr\/","https:\/\/www.linkedin.com\/company\/reseautwiza\/"]}]}},"jetpack_sharing_enabled":true,"_links":{"self":[{"href":"https:\/\/fr.twiza.org\/portail\/wp-json\/wp\/v2\/pages\/4851","targetHints":{"allow":["GET"]}}],"collection":[{"href":"https:\/\/fr.twiza.org\/portail\/wp-json\/wp\/v2\/pages"}],"about":[{"href":"https:\/\/fr.twiza.org\/portail\/wp-json\/wp\/v2\/types\/page"}],"author":[{"embeddable":true,"href":"https:\/\/fr.twiza.org\/portail\/wp-json\/wp\/v2\/users\/10"}],"replies":[{"embeddable":true,"href":"https:\/\/fr.twiza.org\/portail\/wp-json\/wp\/v2\/comments?post=4851"}],"version-history":[{"count":14,"href":"https:\/\/fr.twiza.org\/portail\/wp-json\/wp\/v2\/pages\/4851\/revisions"}],"predecessor-version":[{"id":12250,"href":"https:\/\/fr.twiza.org\/portail\/wp-json\/wp\/v2\/pages\/4851\/revisions\/12250"}],"wp:attachment":[{"href":"https:\/\/fr.twiza.org\/portail\/wp-json\/wp\/v2\/media?parent=4851"}],"curies":[{"name":"wp","href":"https:\/\/api.w.org\/{rel}","templated":true}]}}