{"id":5877,"date":"2022-06-01T16:34:03","date_gmt":"2022-06-01T14:34:03","guid":{"rendered":"https:\/\/fr.twiza.org\/portail\/?page_id=5877"},"modified":"2024-08-26T13:09:52","modified_gmt":"2024-08-26T11:09:52","slug":"pourquoi-et-comment-acheter-un-poele-de-masse-4","status":"publish","type":"page","link":"https:\/\/fr.twiza.org\/portail\/guides-dachat\/pourquoi-et-comment-acheter-un-poele-de-masse-4\/","title":{"rendered":"Pourquoi et comment acheter un po\u00eale de masse ?"},"content":{"rendered":"\n<p><\/p>\n\n\n\n<p>Il est temps pour toi de changer ton ancien mode de <strong>chauffage<\/strong> principal ou d\u2019en choisir un&nbsp; pour ta nouvelle maison ? As-tu entendu parler du <strong>po\u00eale de masse<\/strong>, aussi appel\u00e9 <strong>po\u00eale \u00e0 inertie <\/strong>ou<strong> po\u00eale \u00e0 accumulation <\/strong>&nbsp;?<\/p>\n\n\n\n<p>Ce syst\u00e8me de <strong>chauffage<\/strong> est plus particuli\u00e8rement r\u00e9pandu dans les pays nordiques mais existe depuis plus de <strong>2000 ans<\/strong>. Il est plus que temps de le remettre<strong> <\/strong>au go\u00fbt du jour dans nos maisons ! Et oui, car le <strong>po\u00eale de masse<\/strong> a de multiples vertus, telles que restituer lentement une chaleur douce et saine. Mais c\u2019est aussi l\u2019un des syst\u00e8mes de chauffage les plus <strong>performants<\/strong>, les plus <strong>\u00e9cologiques<\/strong> et les plus <strong>avantageux<\/strong> en termes d\u2019<strong>\u00e9conomies d\u2019\u00e9nergie<\/strong>.<\/p>\n\n\n\n<p>Lors de la mise en place de notre<a href=\"https:\/\/achats.twiza.org\/produits\/po%C3%AAle-de-masse\"> groupement d&rsquo;achats Twiza<\/a> \u00ab\u00a0<strong>Po\u00eale de masse<\/strong>\u00ab\u00a0, nous avons con\u00e7u ce guide explicatif. Notre objectif est de te faire d\u00e9couvrir ce chauffage atypique et authentique, mais aussi de r\u00e9pondre au maximum de questions que tu pourrais te poser :<\/p>\n\n\n\n<p><strong>Un po\u00eale de masse, c&rsquo;est quoi ? Comment \u00e7a marche ? Quels sont ses avantages et ses inconv\u00e9nients ? Combien \u00e7a co\u00fbte ? Comment choisir le bon mod\u00e8le ?<\/strong><\/p>\n\n\n\n<h2 class=\"wp-block-heading\" id=\"h-un-poele-de-masse-c-est-quoi\">Un po\u00eale de masse : c&rsquo;est quoi ?<\/h2>\n\n\n\n<p>Qu\u2019est ce qui fait de lui le syst\u00e8me de chauffage au bois le <strong>plus \u00e9cologique<\/strong> ? Et comment expliquer qu\u2019il soit \u00e9galement celui qui offre le <strong>meilleur rendement<\/strong> ?<\/p>\n\n\n\n<p>Pour commencer, son foyer permet de br\u00fbler du bois \u00e0 tr\u00e8s haute temp\u00e9rature, produisant ainsi beaucoup d\u2019\u00e9nergie, de mani\u00e8re propre (\u00e9cologique).<\/p>\n\n\n\n<p>Enfin, la lourde masse qui le compose (briques, terre crue ou b\u00e9ton, etc.), lui conf\u00e8re le pouvoir de stocker cette chaleur produite et de la restituer lentement.<\/p>\n\n\n\n<h2 class=\"wp-block-heading\">Pour en savoir plus sur le po\u00eale de masse : <\/h2>\n\n\n\n<ul class=\"wp-block-list\">\n<li><a href=\"https:\/\/fr.twiza.org\/portail\/pourquoi-et-comment-acheter-un-poele-de-masse-4\/clin-doeil-historique-sur-le-poele-de-masse\/\" target=\"_blank\" rel=\"noreferrer noopener\">Clin d&rsquo;\u0153il historique sur le po\u00eale de masse<\/a><\/li>\n\n\n\n<li><a href=\"https:\/\/fr.twiza.org\/portail\/pourquoi-et-comment-acheter-un-poele-de-masse-4\/comment-fonctionne-un-poele-de-masse\/\" target=\"_blank\" rel=\"noreferrer noopener\">Comment fonctionne un po\u00eale de masse ?<\/a><\/li>\n\n\n\n<li><a href=\"https:\/\/fr.twiza.org\/portail\/pourquoi-et-comment-acheter-un-poele-de-masse-4\/interet-ecologique-du-poele-de-masse\/\" target=\"_blank\" rel=\"noreferrer noopener\">Int\u00e9r\u00eat \u00e9cologique du po\u00eale de masse<\/a><\/li>\n\n\n\n<li><a href=\"https:\/\/fr.twiza.org\/portail\/pourquoi-et-comment-acheter-un-poele-de-masse-4\/poele-de-masse-avantages-et-inconvenients\/\" target=\"_blank\" rel=\"noreferrer noopener\">Le po\u00eale de masse : avantages et inconv\u00e9nients<\/a><\/li>\n\n\n\n<li><a href=\"https:\/\/fr.twiza.org\/portail\/pourquoi-et-comment-acheter-un-poele-de-masse-4\/le-poele-de-masse-pour-quel-type-dhabitation\/\" target=\"_blank\" rel=\"noreferrer noopener\">Le po\u00eale de masse : pour quel type d&rsquo;habitation ?<\/a><\/li>\n\n\n\n<li><a href=\"https:\/\/fr.twiza.org\/portail\/pourquoi-et-comment-acheter-un-poele-de-masse-4\/combien-coute-un-poele-de-masse\/\" target=\"_blank\" rel=\"noreferrer noopener\">Combien co\u00fbte un po\u00eale de masse ?<\/a><\/li>\n\n\n\n<li><a href=\"https:\/\/fr.twiza.org\/portail\/pourquoi-et-comment-acheter-un-poele-de-masse-4\/quel-modele-de-poele-de-masse-choisir\/\" target=\"_blank\" rel=\"noreferrer noopener\">Quel mod\u00e8le de po\u00eale de masse choisir ?<\/a><\/li>\n\n\n\n<li><a href=\"https:\/\/fr.twiza.org\/portail\/pourquoi-et-comment-acheter-un-poele-de-masse-4\/comment-bien-choisir-son-poele-de-masse\/\" target=\"_blank\" rel=\"noreferrer noopener\">Comment bien choisir son po\u00eale de masse ?<\/a><\/li>\n\n\n\n<li><a href=\"https:\/\/fr.twiza.org\/portail\/pourquoi-et-comment-acheter-un-poele-de-masse-4\/poele-de-masse-qualite-et-durabilite\/\" target=\"_blank\" rel=\"noreferrer noopener\">Po\u00eale de masse : qualit\u00e9 et durabilit\u00e9<\/a><\/li>\n<\/ul>\n\n\n\n<p><\/p>\n\n\n\n<div style=\"height:50px\" aria-hidden=\"true\" class=\"wp-block-spacer\"><\/div>\n","protected":false},"excerpt":{"rendered":"<p>Il est temps pour toi de changer ton ancien mode de chauffage principal ou d\u2019en choisir un&nbsp; pour ta nouvelle maison ? As-tu entendu parler du po\u00eale de masse, aussi appel\u00e9 po\u00eale \u00e0 inertie ou po\u00eale \u00e0 accumulation &nbsp;? Ce syst\u00e8me de chauffage est plus particuli\u00e8rement r\u00e9pandu dans les pays [&hellip;]<\/p>\n","protected":false},"author":3,"featured_media":5699,"parent":606,"menu_order":0,"comment_status":"closed","ping_status":"closed","template":"","meta":{"_eb_attr":"","_themeisle_gutenberg_block_has_review":false,"footnotes":""},"class_list":["post-5877","page","type-page","status-publish","has-post-thumbnail","hentry"],"yoast_head":"<!-- This site is optimized with the Yoast SEO Premium plugin v27.2 (Yoast SEO v27.3) - https:\/\/yoast.com\/product\/yoast-seo-premium-wordpress\/ -->\n<title>Pourquoi et comment acheter un po\u00eale de masse ?<\/title>\n<meta name=\"description\" content=\"Un po\u00eale de masse, c&#039;est quoi ? Comment \u00e7a marche ? Quels sont ses avantages et ses inconv\u00e9nients ? Combien \u00e7a co\u00fbte ? Comment choisir le bon mod\u00e8le ?\" \/>\n<meta name=\"robots\" content=\"index, follow, max-snippet:-1, max-image-preview:large, max-video-preview:-1\" \/>\n<link rel=\"canonical\" href=\"https:\/\/fr.twiza.org\/portail\/guides-dachat\/pourquoi-et-comment-acheter-un-poele-de-masse-4\/\" \/>\n<meta property=\"og:locale\" content=\"fr_FR\" \/>\n<meta property=\"og:type\" content=\"article\" \/>\n<meta property=\"og:title\" content=\"Pourquoi et comment acheter un po\u00eale de masse ?\" \/>\n<meta property=\"og:description\" content=\"Un po\u00eale de masse, c&#039;est quoi ? Comment \u00e7a marche ? Quels sont ses avantages et ses inconv\u00e9nients ? Combien \u00e7a co\u00fbte ? Comment choisir le bon mod\u00e8le ?\" \/>\n<meta property=\"og:url\" content=\"https:\/\/fr.twiza.org\/portail\/guides-dachat\/pourquoi-et-comment-acheter-un-poele-de-masse-4\/\" \/>\n<meta property=\"og:site_name\" content=\"R\u00e9seau Twiza\" \/>\n<meta property=\"article:publisher\" content=\"https:\/\/fr-fr.facebook.com\/Twiza.fr\/\" \/>\n<meta property=\"article:modified_time\" content=\"2024-08-26T11:09:52+00:00\" \/>\n<meta property=\"og:image\" content=\"https:\/\/fr.twiza.org\/portail\/wp-content\/uploads\/2022\/05\/Guide-poe\u0302le-de-masse-twiza.jpg\" \/>\n\t<meta property=\"og:image:width\" content=\"1024\" \/>\n\t<meta property=\"og:image:height\" content=\"685\" \/>\n\t<meta property=\"og:image:type\" content=\"image\/jpeg\" \/>\n<meta name=\"twitter:card\" content=\"summary_large_image\" \/>\n<script type=\"application\/ld+json\" class=\"yoast-schema-graph\">{\"@context\":\"https:\\\/\\\/schema.org\",\"@graph\":[{\"@type\":\"WebPage\",\"@id\":\"https:\\\/\\\/fr.twiza.org\\\/portail\\\/guides-dachat\\\/pourquoi-et-comment-acheter-un-poele-de-masse-4\\\/\",\"url\":\"https:\\\/\\\/fr.twiza.org\\\/portail\\\/guides-dachat\\\/pourquoi-et-comment-acheter-un-poele-de-masse-4\\\/\",\"name\":\"Pourquoi et comment acheter un po\u00eale de masse ?\",\"isPartOf\":{\"@id\":\"https:\\\/\\\/fr.twiza.org\\\/portail\\\/#website\"},\"primaryImageOfPage\":{\"@id\":\"https:\\\/\\\/fr.twiza.org\\\/portail\\\/guides-dachat\\\/pourquoi-et-comment-acheter-un-poele-de-masse-4\\\/#primaryimage\"},\"image\":{\"@id\":\"https:\\\/\\\/fr.twiza.org\\\/portail\\\/guides-dachat\\\/pourquoi-et-comment-acheter-un-poele-de-masse-4\\\/#primaryimage\"},\"thumbnailUrl\":\"https:\\\/\\\/fr.twiza.org\\\/portail\\\/wp-content\\\/uploads\\\/2022\\\/05\\\/Guide-poe\u0302le-de-masse-twiza.jpg\",\"datePublished\":\"2022-06-01T14:34:03+00:00\",\"dateModified\":\"2024-08-26T11:09:52+00:00\",\"description\":\"Un po\u00eale de masse, c'est quoi ? Comment \u00e7a marche ? Quels sont ses avantages et ses inconv\u00e9nients ? Combien \u00e7a co\u00fbte ? Comment choisir le bon mod\u00e8le ?\",\"breadcrumb\":{\"@id\":\"https:\\\/\\\/fr.twiza.org\\\/portail\\\/guides-dachat\\\/pourquoi-et-comment-acheter-un-poele-de-masse-4\\\/#breadcrumb\"},\"inLanguage\":\"fr-FR\",\"potentialAction\":[{\"@type\":\"ReadAction\",\"target\":[\"https:\\\/\\\/fr.twiza.org\\\/portail\\\/guides-dachat\\\/pourquoi-et-comment-acheter-un-poele-de-masse-4\\\/\"]}]},{\"@type\":\"ImageObject\",\"inLanguage\":\"fr-FR\",\"@id\":\"https:\\\/\\\/fr.twiza.org\\\/portail\\\/guides-dachat\\\/pourquoi-et-comment-acheter-un-poele-de-masse-4\\\/#primaryimage\",\"url\":\"https:\\\/\\\/fr.twiza.org\\\/portail\\\/wp-content\\\/uploads\\\/2022\\\/05\\\/Guide-poe\u0302le-de-masse-twiza.jpg\",\"contentUrl\":\"https:\\\/\\\/fr.twiza.org\\\/portail\\\/wp-content\\\/uploads\\\/2022\\\/05\\\/Guide-poe\u0302le-de-masse-twiza.jpg\",\"width\":1024,\"height\":685,\"caption\":\"Guide po\u00eale de masse Twiza\"},{\"@type\":\"BreadcrumbList\",\"@id\":\"https:\\\/\\\/fr.twiza.org\\\/portail\\\/guides-dachat\\\/pourquoi-et-comment-acheter-un-poele-de-masse-4\\\/#breadcrumb\",\"itemListElement\":[{\"@type\":\"ListItem\",\"position\":1,\"name\":\"Accueil\",\"item\":\"https:\\\/\\\/fr.twiza.org\\\/portail\\\/\"},{\"@type\":\"ListItem\",\"position\":2,\"name\":\"Guides d&#8217;achat\",\"item\":\"https:\\\/\\\/fr.twiza.org\\\/portail\\\/guides-dachat\\\/\"},{\"@type\":\"ListItem\",\"position\":3,\"name\":\"Pourquoi et comment acheter un po\u00eale de masse ?\"}]},{\"@type\":\"WebSite\",\"@id\":\"https:\\\/\\\/fr.twiza.org\\\/portail\\\/#website\",\"url\":\"https:\\\/\\\/fr.twiza.org\\\/portail\\\/\",\"name\":\"R\u00e9seau Twiza\",\"description\":\"Entraide pour un habitat \u00e9cologique, convivial et r\u00e9silient\",\"publisher\":{\"@id\":\"https:\\\/\\\/fr.twiza.org\\\/portail\\\/#organization\"},\"potentialAction\":[{\"@type\":\"SearchAction\",\"target\":{\"@type\":\"EntryPoint\",\"urlTemplate\":\"https:\\\/\\\/fr.twiza.org\\\/portail\\\/?s={search_term_string}\"},\"query-input\":{\"@type\":\"PropertyValueSpecification\",\"valueRequired\":true,\"valueName\":\"search_term_string\"}}],\"inLanguage\":\"fr-FR\"},{\"@type\":\"Organization\",\"@id\":\"https:\\\/\\\/fr.twiza.org\\\/portail\\\/#organization\",\"name\":\"R\u00e9seau Twiza\",\"url\":\"https:\\\/\\\/fr.twiza.org\\\/portail\\\/\",\"logo\":{\"@type\":\"ImageObject\",\"inLanguage\":\"fr-FR\",\"@id\":\"https:\\\/\\\/fr.twiza.org\\\/portail\\\/#\\\/schema\\\/logo\\\/image\\\/\",\"url\":\"https:\\\/\\\/fr.twiza.org\\\/portail\\\/wp-content\\\/uploads\\\/2021\\\/05\\\/cropped-logo-reseau-twiza.jpg\",\"contentUrl\":\"https:\\\/\\\/fr.twiza.org\\\/portail\\\/wp-content\\\/uploads\\\/2021\\\/05\\\/cropped-logo-reseau-twiza.jpg\",\"width\":400,\"height\":102,\"caption\":\"R\u00e9seau Twiza\"},\"image\":{\"@id\":\"https:\\\/\\\/fr.twiza.org\\\/portail\\\/#\\\/schema\\\/logo\\\/image\\\/\"},\"sameAs\":[\"https:\\\/\\\/fr-fr.facebook.com\\\/Twiza.fr\\\/\",\"https:\\\/\\\/www.instagram.com\\\/twiza_fr\\\/\",\"https:\\\/\\\/www.linkedin.com\\\/company\\\/reseautwiza\\\/\"]}]}<\/script>\n<!-- \/ Yoast SEO Premium plugin. -->","yoast_head_json":{"title":"Pourquoi et comment acheter un po\u00eale de masse ?","description":"Un po\u00eale de masse, c'est quoi ? Comment \u00e7a marche ? Quels sont ses avantages et ses inconv\u00e9nients ? Combien \u00e7a co\u00fbte ? Comment choisir le bon mod\u00e8le ?","robots":{"index":"index","follow":"follow","max-snippet":"max-snippet:-1","max-image-preview":"max-image-preview:large","max-video-preview":"max-video-preview:-1"},"canonical":"https:\/\/fr.twiza.org\/portail\/guides-dachat\/pourquoi-et-comment-acheter-un-poele-de-masse-4\/","og_locale":"fr_FR","og_type":"article","og_title":"Pourquoi et comment acheter un po\u00eale de masse ?","og_description":"Un po\u00eale de masse, c'est quoi ? Comment \u00e7a marche ? Quels sont ses avantages et ses inconv\u00e9nients ? Combien \u00e7a co\u00fbte ? Comment choisir le bon mod\u00e8le ?","og_url":"https:\/\/fr.twiza.org\/portail\/guides-dachat\/pourquoi-et-comment-acheter-un-poele-de-masse-4\/","og_site_name":"R\u00e9seau Twiza","article_publisher":"https:\/\/fr-fr.facebook.com\/Twiza.fr\/","article_modified_time":"2024-08-26T11:09:52+00:00","og_image":[{"width":1024,"height":685,"url":"https:\/\/fr.twiza.org\/portail\/wp-content\/uploads\/2022\/05\/Guide-poe\u0302le-de-masse-twiza.jpg","type":"image\/jpeg"}],"twitter_card":"summary_large_image","schema":{"@context":"https:\/\/schema.org","@graph":[{"@type":"WebPage","@id":"https:\/\/fr.twiza.org\/portail\/guides-dachat\/pourquoi-et-comment-acheter-un-poele-de-masse-4\/","url":"https:\/\/fr.twiza.org\/portail\/guides-dachat\/pourquoi-et-comment-acheter-un-poele-de-masse-4\/","name":"Pourquoi et comment acheter un po\u00eale de masse ?","isPartOf":{"@id":"https:\/\/fr.twiza.org\/portail\/#website"},"primaryImageOfPage":{"@id":"https:\/\/fr.twiza.org\/portail\/guides-dachat\/pourquoi-et-comment-acheter-un-poele-de-masse-4\/#primaryimage"},"image":{"@id":"https:\/\/fr.twiza.org\/portail\/guides-dachat\/pourquoi-et-comment-acheter-un-poele-de-masse-4\/#primaryimage"},"thumbnailUrl":"https:\/\/fr.twiza.org\/portail\/wp-content\/uploads\/2022\/05\/Guide-poe\u0302le-de-masse-twiza.jpg","datePublished":"2022-06-01T14:34:03+00:00","dateModified":"2024-08-26T11:09:52+00:00","description":"Un po\u00eale de masse, c'est quoi ? Comment \u00e7a marche ? Quels sont ses avantages et ses inconv\u00e9nients ? Combien \u00e7a co\u00fbte ? Comment choisir le bon mod\u00e8le ?","breadcrumb":{"@id":"https:\/\/fr.twiza.org\/portail\/guides-dachat\/pourquoi-et-comment-acheter-un-poele-de-masse-4\/#breadcrumb"},"inLanguage":"fr-FR","potentialAction":[{"@type":"ReadAction","target":["https:\/\/fr.twiza.org\/portail\/guides-dachat\/pourquoi-et-comment-acheter-un-poele-de-masse-4\/"]}]},{"@type":"ImageObject","inLanguage":"fr-FR","@id":"https:\/\/fr.twiza.org\/portail\/guides-dachat\/pourquoi-et-comment-acheter-un-poele-de-masse-4\/#primaryimage","url":"https:\/\/fr.twiza.org\/portail\/wp-content\/uploads\/2022\/05\/Guide-poe\u0302le-de-masse-twiza.jpg","contentUrl":"https:\/\/fr.twiza.org\/portail\/wp-content\/uploads\/2022\/05\/Guide-poe\u0302le-de-masse-twiza.jpg","width":1024,"height":685,"caption":"Guide po\u00eale de masse Twiza"},{"@type":"BreadcrumbList","@id":"https:\/\/fr.twiza.org\/portail\/guides-dachat\/pourquoi-et-comment-acheter-un-poele-de-masse-4\/#breadcrumb","itemListElement":[{"@type":"ListItem","position":1,"name":"Accueil","item":"https:\/\/fr.twiza.org\/portail\/"},{"@type":"ListItem","position":2,"name":"Guides d&#8217;achat","item":"https:\/\/fr.twiza.org\/portail\/guides-dachat\/"},{"@type":"ListItem","position":3,"name":"Pourquoi et comment acheter un po\u00eale de masse ?"}]},{"@type":"WebSite","@id":"https:\/\/fr.twiza.org\/portail\/#website","url":"https:\/\/fr.twiza.org\/portail\/","name":"R\u00e9seau Twiza","description":"Entraide pour un habitat \u00e9cologique, convivial et r\u00e9silient","publisher":{"@id":"https:\/\/fr.twiza.org\/portail\/#organization"},"potentialAction":[{"@type":"SearchAction","target":{"@type":"EntryPoint","urlTemplate":"https:\/\/fr.twiza.org\/portail\/?s={search_term_string}"},"query-input":{"@type":"PropertyValueSpecification","valueRequired":true,"valueName":"search_term_string"}}],"inLanguage":"fr-FR"},{"@type":"Organization","@id":"https:\/\/fr.twiza.org\/portail\/#organization","name":"R\u00e9seau Twiza","url":"https:\/\/fr.twiza.org\/portail\/","logo":{"@type":"ImageObject","inLanguage":"fr-FR","@id":"https:\/\/fr.twiza.org\/portail\/#\/schema\/logo\/image\/","url":"https:\/\/fr.twiza.org\/portail\/wp-content\/uploads\/2021\/05\/cropped-logo-reseau-twiza.jpg","contentUrl":"https:\/\/fr.twiza.org\/portail\/wp-content\/uploads\/2021\/05\/cropped-logo-reseau-twiza.jpg","width":400,"height":102,"caption":"R\u00e9seau Twiza"},"image":{"@id":"https:\/\/fr.twiza.org\/portail\/#\/schema\/logo\/image\/"},"sameAs":["https:\/\/fr-fr.facebook.com\/Twiza.fr\/","https:\/\/www.instagram.com\/twiza_fr\/","https:\/\/www.linkedin.com\/company\/reseautwiza\/"]}]}},"jetpack_sharing_enabled":true,"_links":{"self":[{"href":"https:\/\/fr.twiza.org\/portail\/wp-json\/wp\/v2\/pages\/5877","targetHints":{"allow":["GET"]}}],"collection":[{"href":"https:\/\/fr.twiza.org\/portail\/wp-json\/wp\/v2\/pages"}],"about":[{"href":"https:\/\/fr.twiza.org\/portail\/wp-json\/wp\/v2\/types\/page"}],"author":[{"embeddable":true,"href":"https:\/\/fr.twiza.org\/portail\/wp-json\/wp\/v2\/users\/3"}],"replies":[{"embeddable":true,"href":"https:\/\/fr.twiza.org\/portail\/wp-json\/wp\/v2\/comments?post=5877"}],"version-history":[{"count":72,"href":"https:\/\/fr.twiza.org\/portail\/wp-json\/wp\/v2\/pages\/5877\/revisions"}],"predecessor-version":[{"id":8811,"href":"https:\/\/fr.twiza.org\/portail\/wp-json\/wp\/v2\/pages\/5877\/revisions\/8811"}],"up":[{"embeddable":true,"href":"https:\/\/fr.twiza.org\/portail\/wp-json\/wp\/v2\/pages\/606"}],"wp:featuredmedia":[{"embeddable":true,"href":"https:\/\/fr.twiza.org\/portail\/wp-json\/wp\/v2\/media\/5699"}],"wp:attachment":[{"href":"https:\/\/fr.twiza.org\/portail\/wp-json\/wp\/v2\/media?parent=5877"}],"curies":[{"name":"wp","href":"https:\/\/api.w.org\/{rel}","templated":true}]}}