{"id":5977,"date":"2022-06-02T14:33:00","date_gmt":"2022-06-02T12:33:00","guid":{"rendered":"https:\/\/fr.twiza.org\/portail\/?page_id=5977"},"modified":"2024-12-03T09:49:28","modified_gmt":"2024-12-03T08:49:28","slug":"combien-coute-un-poele-de-masse","status":"publish","type":"page","link":"https:\/\/fr.twiza.org\/portail\/guides-dachat\/pourquoi-et-comment-acheter-un-poele-de-masse-4\/combien-coute-un-poele-de-masse\/","title":{"rendered":"Combien co\u00fbte un po\u00eale de masse ?"},"content":{"rendered":"\n<p>Le prix d&rsquo;un <strong>po\u00eale de masse<\/strong> varie en moyenne de <strong>4000<\/strong> \u00e0 <strong>20 000 \u20ac<\/strong> hors pose. Diff\u00e9rents crit\u00e8res entrent en jeux : le type de <strong>mod\u00e8le<\/strong>, les <strong>mat\u00e9riaux<\/strong>, les <strong>dimensions<\/strong>&#8230;<\/p>\n\n\n\n<p>Pour appr\u00e9hender plus facilement le co\u00fbt d&rsquo;achat de ton <strong>po\u00eale de masse<\/strong>, n&rsquo;h\u00e9site pas \u00e0 faire une petite \u00e9tude pr\u00e9cise de ton projet en amont : configuration de ton logement, surface&#8230;<\/p>\n\n\n\n<h2 class=\"wp-block-heading\" id=\"h-poele-de-masse-les-prix\">Po\u00eale de masse : les prix<\/h2>\n\n\n\n<p>Combien co\u00fbte un <strong>po\u00eale de masse<\/strong> ? Bien \u00e9videmment \u00e7a va d\u00e9pendre du type de po\u00eale !<\/p>\n\n\n\n<p>Les fourchettes de prix varient en fonction du mod\u00e8le de <strong>po\u00eale de masse<\/strong> : <strong>artisanal<\/strong>, <strong>pr\u00e9fabriqu\u00e9<\/strong> ou en <strong>autoconstruction<\/strong>.<\/p>\n\n\n\n<h3 class=\"wp-block-heading\" id=\"h-le-poele-de-masse-artisanal\">Le po\u00eale de masse artisanal<\/h3>\n\n\n\n<p>Il est con\u00e7u sur mesure et ma\u00e7onn\u00e9 sur place, son prix est g\u00e9n\u00e9ralement plus \u00e9lev\u00e9 et assez variable selon les situations. Il co\u00fbte entre <strong>12 000<\/strong> et <strong>20 000 \u20ac<\/strong> (parfois beaucoup plus pour des ouvrages d&rsquo;exception).<\/p>\n\n\n\n<p>Le chantier, men\u00e9 par un artisan po\u00ealier dure g\u00e9n\u00e9ralement environ <strong>1 mois<\/strong>.<\/p>\n\n\n\n<h3 class=\"wp-block-heading\" id=\"h-le-poele-de-masse-pret-a-poser\">Le po\u00eale de masse pr\u00eat-\u00e0-poser<\/h3>\n\n\n\n<figure class=\"wp-block-image size-full\"><img fetchpriority=\"high\" decoding=\"async\" width=\"1024\" height=\"576\" src=\"https:\/\/fr.twiza.org\/portail\/wp-content\/uploads\/2022\/05\/Guide-poe\u0302le-de-masse-prix-poe\u0302le-pre\u0302t-a\u0300-poser-edited.jpg\" alt=\"Mod\u00e8le de po\u00eale de masse pr\u00eat-\u00e0-poser vendu via le groupement d'achats Twiza\" class=\"wp-image-5687\" srcset=\"https:\/\/fr.twiza.org\/portail\/wp-content\/uploads\/2022\/05\/Guide-poe\u0302le-de-masse-prix-poe\u0302le-pre\u0302t-a\u0300-poser-edited.jpg 1024w, https:\/\/fr.twiza.org\/portail\/wp-content\/uploads\/2022\/05\/Guide-poe\u0302le-de-masse-prix-poe\u0302le-pre\u0302t-a\u0300-poser-edited-600x338.jpg 600w, https:\/\/fr.twiza.org\/portail\/wp-content\/uploads\/2022\/05\/Guide-poe\u0302le-de-masse-prix-poe\u0302le-pre\u0302t-a\u0300-poser-edited-300x169.jpg 300w, https:\/\/fr.twiza.org\/portail\/wp-content\/uploads\/2022\/05\/Guide-poe\u0302le-de-masse-prix-poe\u0302le-pre\u0302t-a\u0300-poser-edited-768x432.jpg 768w\" sizes=\"(max-width: 1024px) 100vw, 1024px\" \/><figcaption class=\"wp-element-caption\">Mod\u00e8le de po\u00eale de masse pr\u00eat-\u00e0-poser en briques de terre crue Terrakit propos\u00e9 via le <a href=\"https:\/\/forum.twiza.org\/t\/poele-de-masse-en-achat-groupe-ouvert\/5519\" target=\"_blank\" rel=\"noopener\" title=\"\">groupement d&rsquo;achats Twiza<\/a><\/figcaption><\/figure>\n\n\n\n<p>Ils sont <strong>pr\u00e9-fabriqu\u00e9s <\/strong>industriellement et le plus souvent install\u00e9s par des vendeurs de po\u00eales et de chemin\u00e9es. Le prix d\u2019un <strong>po\u00eale de masse \u00ab\u00a0pr\u00eat-\u00e0-poser<\/strong>\u00a0\u00bb peut varier en moyenne <strong>de 12 000 \u00e0 25 000 \u20ac<\/strong>. Il est possible d&rsquo;en trouver en fourniture seule (<strong>en<\/strong> <strong>kit<\/strong>), \u00e0 assembler soi-m\u00eame, entre <strong>4 000 <\/strong>et <strong>12 000 \u20ac<\/strong>.<\/p>\n\n\n\n<h3 class=\"wp-block-heading\" id=\"h-auto-construction-d-un-poele-de-masse\">Auto-construction d&rsquo;un po\u00eale de masse<\/h3>\n\n\n\n<p>Si tu as le <strong>bagage technique<\/strong> appropri\u00e9, tu as la possibilit\u00e9 d\u2019<strong>auto-construire<\/strong> ton <strong>po\u00eale de masse<\/strong> de type artisanal. Toutefois, il est peu probable que tu arrives \u00e0 un r\u00e9sultat satisfaisant sans passer pr\u00e9alablement par une <strong>formation<\/strong> ou sans \u00eatre accompagn\u00e9 par un <strong>professionnel exp\u00e9riment\u00e9<\/strong>.<\/p>\n\n\n\n<p>Dans le cas de l&rsquo;<strong>autoconstruction<\/strong>, il est possible de descendre <strong>en dessous des 5 000 \u20ac <\/strong>de fournitures, voire moins en faisant de la r\u00e9cup\u00e9ration.<\/p>\n\n\n\n<p>Naturellement et comme toujours en autoconstruction, ce que tu ne d\u00e9penseras pas en <strong>argent<\/strong>, tu le d\u00e9penseras en<strong> temps<\/strong>. En l&rsquo;occurrence, voici un petit bout du dernier t\u00e9moignage que nous avons eu, concernant cette approche : \u00ab\u00a0Par contre \u00e7a prend un temps monstrueux [Julien]\u00a0\u00bb<\/p>\n\n\n\n<h2 class=\"wp-block-heading\">Po\u00eale de masse : le co\u00fbt d&rsquo;entretien<\/h2>\n\n\n\n<p>Le <strong>po\u00eale de masse <\/strong>a cet avantage de n\u00e9cessiter <strong>tr\u00e8s peu d\u2019entretien<\/strong>, notamment car il ne comporte pas de pi\u00e8ces d\u2019usure.<\/p>\n\n\n\n<p>Il est toutefois obligatoire que tu pr\u00e9vois une <strong>inspection<\/strong> du <strong>conduit de fum\u00e9es<\/strong>, 1 \u00e0 2 fois par an, selon le d\u00e9partement.<\/p>\n\n\n\n<p>Il est \u00e9galement conseill\u00e9 d\u2019organiser un <strong>contr\u00f4le g\u00e9n\u00e9ral<\/strong> plus approfondi tous les<strong> 5 ans<\/strong> environ.<\/p>\n\n\n\n<p>Pour ce qui est des petits entretiens de routine, tu devras simplement <strong>vider <\/strong>les<strong> cendres<\/strong> 1 \u00e0 2 fois par an en moyenne.<\/p>\n\n\n\n<h2 class=\"wp-block-heading\">Po\u00eale de masse : les aides financi\u00e8res<\/h2>\n\n\n\n<p>Acheter un <strong>po\u00eale de masse<\/strong> est un bel investissement, c\u2019est opter pour un chauffage respectueux de l\u2019environnement, tr\u00e8s performant, et excellent en termes de confort thermique. Mais cela repr\u00e9sente aussi un<strong> <\/strong>certain<strong> <\/strong>co\u00fbt, entre 4000 et 20 000 \u20ac selon le mod\u00e8le.&nbsp;<\/p>\n\n\n\n<p>Heureusement dans la plupart des cas, il est possible d\u2019obtenir des <strong>aides financi\u00e8res<\/strong> de l\u2019Etat. L&rsquo;objectif \u00e9tant d\u2019encourager la transition \u00e9nerg\u00e9tique, en soutenant l\u2019achat de mat\u00e9riel \u00e0 hautes performances \u00e9nerg\u00e9tiques et environnementales.<\/p>\n\n\n\n<h3 class=\"wp-block-heading\">Qui contacter pour se renseigner sur les aides financi\u00e8res ?<\/h3>\n\n\n\n<p>Pour te renseigner sur tous les dispositifs d\u2019aides en vigueur et les d\u00e9marches associ\u00e9es, voici quelques quelques conseils :<\/p>\n\n\n\n<ul class=\"wp-block-list\">\n<li>Contacte gratuitement un <a href=\"https:\/\/france-renov.gouv.fr\/espaces-conseil-fr#vous-pourrez-etre-mis-en-relation-avec-mon-accompagnateur-renov-\" target=\"_blank\" rel=\"noreferrer noopener\">accompagnateur France R\u00e9nov&rsquo;<\/a> (service public gratuit qui te guide dans tes travaux de r\u00e9novation \u00e9nerg\u00e9tique)<\/li>\n<\/ul>\n\n\n\n<p><\/p>\n\n\n\n<ul class=\"wp-block-list\">\n<li>Rends toi \u00e0 l&rsquo;<a href=\"https:\/\/france-renov.gouv.fr\/espaces-conseil-fr#trouver-lespace-conseil-france-renov-le-plus-proche-de-chez-vous\" target=\"_blank\" rel=\"noreferrer noopener\">Espace Conseil France R\u00e9nov&rsquo;<\/a> le plus proche de chez toi<\/li>\n<\/ul>\n\n\n\n<p><\/p>\n\n\n\n<ul class=\"wp-block-list\">\n<li>Renseigne toi aupr\u00e8s d\u2019organismes publics tels que : l\u2019<a href=\"https:\/\/agirpourlatransition.ademe.fr\/particuliers\/\" target=\"_blank\" rel=\"noreferrer noopener\">Agence de la transition \u00e9cologique<\/a> (l\u2019ADEME) et l\u2019<a href=\"https:\/\/www.anah.fr\/proprietaires\/proprietaires-occupants\/etre-mieux-chauffe-avec-maprimerenov\/\" target=\"_blank\" rel=\"noreferrer noopener\">Agence nationale de l\u2019habitat<\/a> (ANAH)<\/li>\n<\/ul>\n\n\n\n<h3 class=\"wp-block-heading\">Diff\u00e9rents types d&rsquo;aides financi\u00e8res<\/h3>\n\n\n\n<p>Voici un aper\u00e7u <strong>non exhaustif<\/strong> des diff\u00e9rents types d\u2019aides financi\u00e8res possibles pour l&rsquo;achat d\u2019un po\u00eale de masse, avec les liens utiles :<\/p>\n\n\n\n<ul class=\"wp-block-list\">\n<li><a href=\"https:\/\/www.economie.gouv.fr\/cedef\/eco-pret-a-taux-zero\" target=\"_blank\" rel=\"noreferrer noopener\">Eco-pr\u00eat \u00e0 taux z\u00e9ro<\/a> <\/li>\n\n\n\n<li><a href=\"https:\/\/www.economie.gouv.fr\/cedef\/maprimerenov\" target=\"_blank\" rel=\"noreferrer noopener\">MaPrimeR\u00e9nov\u2019<\/a><\/li>\n\n\n\n<li><a href=\"https:\/\/www.ecologie.gouv.fr\/coup-pouce-chauffage-et-isolation\" target=\"_blank\" rel=\"noreferrer noopener\">Coup de pouce chauffage<\/a><\/li>\n\n\n\n<li><a href=\"https:\/\/www.anah.fr\/proprietaires\/proprietaires-occupants\/\" target=\"_blank\" rel=\"noreferrer noopener\">Aides financi\u00e8res de l&rsquo;ANAH<\/a> : aides locales pour les propri\u00e9taires occupants<\/li>\n\n\n\n<li><a href=\"https:\/\/www.ecologie.gouv.fr\/dispositif-des-certificats-deconomies-denergie\" target=\"_blank\" rel=\"noreferrer noopener\">Certificats d&rsquo;\u00e9conomie d&rsquo;\u00e9nergie<\/a><\/li>\n<\/ul>\n\n\n\n<p>Enfin, pour plus d\u2019explications, tu peux aussi consulter le <a href=\"https:\/\/librairie.ademe.fr\/cadic\/6684\/guide-aides-financieres-habitat-2022.pdf\" target=\"_blank\" rel=\"noreferrer noopener\">guide ADEME 2022<\/a> sur les aides financi\u00e8res de l&rsquo;habitat en g\u00e9n\u00e9ral.<\/p>\n\n\n\n<div style=\"height:50px\" aria-hidden=\"true\" class=\"wp-block-spacer\"><\/div>\n","protected":false},"excerpt":{"rendered":"<p>Le prix d&rsquo;un po\u00eale de masse varie en moyenne de 4000 \u00e0 20 000 \u20ac hors pose. Diff\u00e9rents crit\u00e8res entrent en jeux : le type de mod\u00e8le, les mat\u00e9riaux, les dimensions&#8230; Pour appr\u00e9hender plus facilement le co\u00fbt d&rsquo;achat de ton po\u00eale de masse, n&rsquo;h\u00e9site pas \u00e0 faire une petite \u00e9tude [&hellip;]<\/p>\n","protected":false},"author":3,"featured_media":5982,"parent":5877,"menu_order":5,"comment_status":"closed","ping_status":"closed","template":"","meta":{"_eb_attr":"","_themeisle_gutenberg_block_has_review":false,"footnotes":""},"class_list":["post-5977","page","type-page","status-publish","has-post-thumbnail","hentry"],"yoast_head":"<!-- This site is optimized with the Yoast SEO Premium plugin v27.2 (Yoast SEO v27.4) - https:\/\/yoast.com\/product\/yoast-seo-premium-wordpress\/ -->\n<title>Combien co\u00fbte un po\u00eale de masse ?<\/title>\n<meta name=\"description\" content=\"Quel prix pour quel mod\u00e8le de po\u00eale de masse ? Po\u00eale de masse artisanal, po\u00eale de masse pr\u00eat-\u00e0-poser, autoconstruction...\" \/>\n<meta name=\"robots\" content=\"index, follow, max-snippet:-1, max-image-preview:large, max-video-preview:-1\" \/>\n<link rel=\"canonical\" href=\"https:\/\/fr.twiza.org\/portail\/guides-dachat\/pourquoi-et-comment-acheter-un-poele-de-masse-4\/combien-coute-un-poele-de-masse\/\" \/>\n<meta property=\"og:locale\" content=\"fr_FR\" \/>\n<meta property=\"og:type\" content=\"article\" \/>\n<meta property=\"og:title\" content=\"Combien co\u00fbte un po\u00eale de masse ?\" \/>\n<meta property=\"og:description\" content=\"Quel prix pour quel mod\u00e8le de po\u00eale de masse ? Po\u00eale de masse artisanal, po\u00eale de masse pr\u00eat-\u00e0-poser, autoconstruction...\" \/>\n<meta property=\"og:url\" content=\"https:\/\/fr.twiza.org\/portail\/guides-dachat\/pourquoi-et-comment-acheter-un-poele-de-masse-4\/combien-coute-un-poele-de-masse\/\" \/>\n<meta property=\"og:site_name\" content=\"R\u00e9seau Twiza\" \/>\n<meta property=\"article:publisher\" content=\"https:\/\/fr-fr.facebook.com\/Twiza.fr\/\" \/>\n<meta property=\"article:modified_time\" content=\"2024-12-03T08:49:28+00:00\" \/>\n<meta property=\"og:image\" content=\"https:\/\/fr.twiza.org\/portail\/wp-content\/uploads\/2022\/06\/Guide-po\u0302ele-de-masse-prix.jpg\" \/>\n\t<meta property=\"og:image:width\" content=\"1024\" \/>\n\t<meta property=\"og:image:height\" content=\"576\" \/>\n\t<meta property=\"og:image:type\" content=\"image\/jpeg\" \/>\n<meta name=\"twitter:card\" content=\"summary_large_image\" \/>\n<script type=\"application\/ld+json\" class=\"yoast-schema-graph\">{\"@context\":\"https:\\\/\\\/schema.org\",\"@graph\":[{\"@type\":\"WebPage\",\"@id\":\"https:\\\/\\\/fr.twiza.org\\\/portail\\\/guides-dachat\\\/pourquoi-et-comment-acheter-un-poele-de-masse-4\\\/combien-coute-un-poele-de-masse\\\/\",\"url\":\"https:\\\/\\\/fr.twiza.org\\\/portail\\\/guides-dachat\\\/pourquoi-et-comment-acheter-un-poele-de-masse-4\\\/combien-coute-un-poele-de-masse\\\/\",\"name\":\"Combien co\u00fbte un po\u00eale de masse ?\",\"isPartOf\":{\"@id\":\"https:\\\/\\\/fr.twiza.org\\\/portail\\\/#website\"},\"primaryImageOfPage\":{\"@id\":\"https:\\\/\\\/fr.twiza.org\\\/portail\\\/guides-dachat\\\/pourquoi-et-comment-acheter-un-poele-de-masse-4\\\/combien-coute-un-poele-de-masse\\\/#primaryimage\"},\"image\":{\"@id\":\"https:\\\/\\\/fr.twiza.org\\\/portail\\\/guides-dachat\\\/pourquoi-et-comment-acheter-un-poele-de-masse-4\\\/combien-coute-un-poele-de-masse\\\/#primaryimage\"},\"thumbnailUrl\":\"https:\\\/\\\/fr.twiza.org\\\/portail\\\/wp-content\\\/uploads\\\/2022\\\/06\\\/Guide-po\u0302ele-de-masse-prix.jpg\",\"datePublished\":\"2022-06-02T12:33:00+00:00\",\"dateModified\":\"2024-12-03T08:49:28+00:00\",\"description\":\"Quel prix pour quel mod\u00e8le de po\u00eale de masse ? Po\u00eale de masse artisanal, po\u00eale de masse pr\u00eat-\u00e0-poser, autoconstruction...\",\"breadcrumb\":{\"@id\":\"https:\\\/\\\/fr.twiza.org\\\/portail\\\/guides-dachat\\\/pourquoi-et-comment-acheter-un-poele-de-masse-4\\\/combien-coute-un-poele-de-masse\\\/#breadcrumb\"},\"inLanguage\":\"fr-FR\",\"potentialAction\":[{\"@type\":\"ReadAction\",\"target\":[\"https:\\\/\\\/fr.twiza.org\\\/portail\\\/guides-dachat\\\/pourquoi-et-comment-acheter-un-poele-de-masse-4\\\/combien-coute-un-poele-de-masse\\\/\"]}]},{\"@type\":\"ImageObject\",\"inLanguage\":\"fr-FR\",\"@id\":\"https:\\\/\\\/fr.twiza.org\\\/portail\\\/guides-dachat\\\/pourquoi-et-comment-acheter-un-poele-de-masse-4\\\/combien-coute-un-poele-de-masse\\\/#primaryimage\",\"url\":\"https:\\\/\\\/fr.twiza.org\\\/portail\\\/wp-content\\\/uploads\\\/2022\\\/06\\\/Guide-po\u0302ele-de-masse-prix.jpg\",\"contentUrl\":\"https:\\\/\\\/fr.twiza.org\\\/portail\\\/wp-content\\\/uploads\\\/2022\\\/06\\\/Guide-po\u0302ele-de-masse-prix.jpg\",\"width\":1024,\"height\":576,\"caption\":\"Mod\u00e8le de po\u00eale de masse pr\u00eat-\u00e0-poser en briques de terre crue Terrakit propos\u00e9 via le groupement d'achats Twiza\"},{\"@type\":\"BreadcrumbList\",\"@id\":\"https:\\\/\\\/fr.twiza.org\\\/portail\\\/guides-dachat\\\/pourquoi-et-comment-acheter-un-poele-de-masse-4\\\/combien-coute-un-poele-de-masse\\\/#breadcrumb\",\"itemListElement\":[{\"@type\":\"ListItem\",\"position\":1,\"name\":\"Accueil\",\"item\":\"https:\\\/\\\/fr.twiza.org\\\/portail\\\/\"},{\"@type\":\"ListItem\",\"position\":2,\"name\":\"Guides d&#8217;achat\",\"item\":\"https:\\\/\\\/fr.twiza.org\\\/portail\\\/guides-dachat\\\/\"},{\"@type\":\"ListItem\",\"position\":3,\"name\":\"Pourquoi et comment acheter un po\u00eale de masse ?\",\"item\":\"https:\\\/\\\/fr.twiza.org\\\/portail\\\/guides-dachat\\\/pourquoi-et-comment-acheter-un-poele-de-masse-4\\\/\"},{\"@type\":\"ListItem\",\"position\":4,\"name\":\"Combien co\u00fbte un po\u00eale de masse ?\"}]},{\"@type\":\"WebSite\",\"@id\":\"https:\\\/\\\/fr.twiza.org\\\/portail\\\/#website\",\"url\":\"https:\\\/\\\/fr.twiza.org\\\/portail\\\/\",\"name\":\"R\u00e9seau Twiza\",\"description\":\"Entraide pour un habitat \u00e9cologique, convivial et r\u00e9silient\",\"publisher\":{\"@id\":\"https:\\\/\\\/fr.twiza.org\\\/portail\\\/#organization\"},\"potentialAction\":[{\"@type\":\"SearchAction\",\"target\":{\"@type\":\"EntryPoint\",\"urlTemplate\":\"https:\\\/\\\/fr.twiza.org\\\/portail\\\/?s={search_term_string}\"},\"query-input\":{\"@type\":\"PropertyValueSpecification\",\"valueRequired\":true,\"valueName\":\"search_term_string\"}}],\"inLanguage\":\"fr-FR\"},{\"@type\":\"Organization\",\"@id\":\"https:\\\/\\\/fr.twiza.org\\\/portail\\\/#organization\",\"name\":\"R\u00e9seau Twiza\",\"url\":\"https:\\\/\\\/fr.twiza.org\\\/portail\\\/\",\"logo\":{\"@type\":\"ImageObject\",\"inLanguage\":\"fr-FR\",\"@id\":\"https:\\\/\\\/fr.twiza.org\\\/portail\\\/#\\\/schema\\\/logo\\\/image\\\/\",\"url\":\"https:\\\/\\\/fr.twiza.org\\\/portail\\\/wp-content\\\/uploads\\\/2021\\\/05\\\/cropped-logo-reseau-twiza.jpg\",\"contentUrl\":\"https:\\\/\\\/fr.twiza.org\\\/portail\\\/wp-content\\\/uploads\\\/2021\\\/05\\\/cropped-logo-reseau-twiza.jpg\",\"width\":400,\"height\":102,\"caption\":\"R\u00e9seau Twiza\"},\"image\":{\"@id\":\"https:\\\/\\\/fr.twiza.org\\\/portail\\\/#\\\/schema\\\/logo\\\/image\\\/\"},\"sameAs\":[\"https:\\\/\\\/fr-fr.facebook.com\\\/Twiza.fr\\\/\",\"https:\\\/\\\/www.instagram.com\\\/twiza_fr\\\/\",\"https:\\\/\\\/www.linkedin.com\\\/company\\\/reseautwiza\\\/\"]}]}<\/script>\n<!-- \/ Yoast SEO Premium plugin. -->","yoast_head_json":{"title":"Combien co\u00fbte un po\u00eale de masse ?","description":"Quel prix pour quel mod\u00e8le de po\u00eale de masse ? Po\u00eale de masse artisanal, po\u00eale de masse pr\u00eat-\u00e0-poser, autoconstruction...","robots":{"index":"index","follow":"follow","max-snippet":"max-snippet:-1","max-image-preview":"max-image-preview:large","max-video-preview":"max-video-preview:-1"},"canonical":"https:\/\/fr.twiza.org\/portail\/guides-dachat\/pourquoi-et-comment-acheter-un-poele-de-masse-4\/combien-coute-un-poele-de-masse\/","og_locale":"fr_FR","og_type":"article","og_title":"Combien co\u00fbte un po\u00eale de masse ?","og_description":"Quel prix pour quel mod\u00e8le de po\u00eale de masse ? Po\u00eale de masse artisanal, po\u00eale de masse pr\u00eat-\u00e0-poser, autoconstruction...","og_url":"https:\/\/fr.twiza.org\/portail\/guides-dachat\/pourquoi-et-comment-acheter-un-poele-de-masse-4\/combien-coute-un-poele-de-masse\/","og_site_name":"R\u00e9seau Twiza","article_publisher":"https:\/\/fr-fr.facebook.com\/Twiza.fr\/","article_modified_time":"2024-12-03T08:49:28+00:00","og_image":[{"width":1024,"height":576,"url":"https:\/\/fr.twiza.org\/portail\/wp-content\/uploads\/2022\/06\/Guide-po\u0302ele-de-masse-prix.jpg","type":"image\/jpeg"}],"twitter_card":"summary_large_image","schema":{"@context":"https:\/\/schema.org","@graph":[{"@type":"WebPage","@id":"https:\/\/fr.twiza.org\/portail\/guides-dachat\/pourquoi-et-comment-acheter-un-poele-de-masse-4\/combien-coute-un-poele-de-masse\/","url":"https:\/\/fr.twiza.org\/portail\/guides-dachat\/pourquoi-et-comment-acheter-un-poele-de-masse-4\/combien-coute-un-poele-de-masse\/","name":"Combien co\u00fbte un po\u00eale de masse ?","isPartOf":{"@id":"https:\/\/fr.twiza.org\/portail\/#website"},"primaryImageOfPage":{"@id":"https:\/\/fr.twiza.org\/portail\/guides-dachat\/pourquoi-et-comment-acheter-un-poele-de-masse-4\/combien-coute-un-poele-de-masse\/#primaryimage"},"image":{"@id":"https:\/\/fr.twiza.org\/portail\/guides-dachat\/pourquoi-et-comment-acheter-un-poele-de-masse-4\/combien-coute-un-poele-de-masse\/#primaryimage"},"thumbnailUrl":"https:\/\/fr.twiza.org\/portail\/wp-content\/uploads\/2022\/06\/Guide-po\u0302ele-de-masse-prix.jpg","datePublished":"2022-06-02T12:33:00+00:00","dateModified":"2024-12-03T08:49:28+00:00","description":"Quel prix pour quel mod\u00e8le de po\u00eale de masse ? Po\u00eale de masse artisanal, po\u00eale de masse pr\u00eat-\u00e0-poser, autoconstruction...","breadcrumb":{"@id":"https:\/\/fr.twiza.org\/portail\/guides-dachat\/pourquoi-et-comment-acheter-un-poele-de-masse-4\/combien-coute-un-poele-de-masse\/#breadcrumb"},"inLanguage":"fr-FR","potentialAction":[{"@type":"ReadAction","target":["https:\/\/fr.twiza.org\/portail\/guides-dachat\/pourquoi-et-comment-acheter-un-poele-de-masse-4\/combien-coute-un-poele-de-masse\/"]}]},{"@type":"ImageObject","inLanguage":"fr-FR","@id":"https:\/\/fr.twiza.org\/portail\/guides-dachat\/pourquoi-et-comment-acheter-un-poele-de-masse-4\/combien-coute-un-poele-de-masse\/#primaryimage","url":"https:\/\/fr.twiza.org\/portail\/wp-content\/uploads\/2022\/06\/Guide-po\u0302ele-de-masse-prix.jpg","contentUrl":"https:\/\/fr.twiza.org\/portail\/wp-content\/uploads\/2022\/06\/Guide-po\u0302ele-de-masse-prix.jpg","width":1024,"height":576,"caption":"Mod\u00e8le de po\u00eale de masse pr\u00eat-\u00e0-poser en briques de terre crue Terrakit propos\u00e9 via le groupement d'achats Twiza"},{"@type":"BreadcrumbList","@id":"https:\/\/fr.twiza.org\/portail\/guides-dachat\/pourquoi-et-comment-acheter-un-poele-de-masse-4\/combien-coute-un-poele-de-masse\/#breadcrumb","itemListElement":[{"@type":"ListItem","position":1,"name":"Accueil","item":"https:\/\/fr.twiza.org\/portail\/"},{"@type":"ListItem","position":2,"name":"Guides d&#8217;achat","item":"https:\/\/fr.twiza.org\/portail\/guides-dachat\/"},{"@type":"ListItem","position":3,"name":"Pourquoi et comment acheter un po\u00eale de masse ?","item":"https:\/\/fr.twiza.org\/portail\/guides-dachat\/pourquoi-et-comment-acheter-un-poele-de-masse-4\/"},{"@type":"ListItem","position":4,"name":"Combien co\u00fbte un po\u00eale de masse ?"}]},{"@type":"WebSite","@id":"https:\/\/fr.twiza.org\/portail\/#website","url":"https:\/\/fr.twiza.org\/portail\/","name":"R\u00e9seau Twiza","description":"Entraide pour un habitat \u00e9cologique, convivial et r\u00e9silient","publisher":{"@id":"https:\/\/fr.twiza.org\/portail\/#organization"},"potentialAction":[{"@type":"SearchAction","target":{"@type":"EntryPoint","urlTemplate":"https:\/\/fr.twiza.org\/portail\/?s={search_term_string}"},"query-input":{"@type":"PropertyValueSpecification","valueRequired":true,"valueName":"search_term_string"}}],"inLanguage":"fr-FR"},{"@type":"Organization","@id":"https:\/\/fr.twiza.org\/portail\/#organization","name":"R\u00e9seau Twiza","url":"https:\/\/fr.twiza.org\/portail\/","logo":{"@type":"ImageObject","inLanguage":"fr-FR","@id":"https:\/\/fr.twiza.org\/portail\/#\/schema\/logo\/image\/","url":"https:\/\/fr.twiza.org\/portail\/wp-content\/uploads\/2021\/05\/cropped-logo-reseau-twiza.jpg","contentUrl":"https:\/\/fr.twiza.org\/portail\/wp-content\/uploads\/2021\/05\/cropped-logo-reseau-twiza.jpg","width":400,"height":102,"caption":"R\u00e9seau Twiza"},"image":{"@id":"https:\/\/fr.twiza.org\/portail\/#\/schema\/logo\/image\/"},"sameAs":["https:\/\/fr-fr.facebook.com\/Twiza.fr\/","https:\/\/www.instagram.com\/twiza_fr\/","https:\/\/www.linkedin.com\/company\/reseautwiza\/"]}]}},"jetpack_sharing_enabled":true,"_links":{"self":[{"href":"https:\/\/fr.twiza.org\/portail\/wp-json\/wp\/v2\/pages\/5977","targetHints":{"allow":["GET"]}}],"collection":[{"href":"https:\/\/fr.twiza.org\/portail\/wp-json\/wp\/v2\/pages"}],"about":[{"href":"https:\/\/fr.twiza.org\/portail\/wp-json\/wp\/v2\/types\/page"}],"author":[{"embeddable":true,"href":"https:\/\/fr.twiza.org\/portail\/wp-json\/wp\/v2\/users\/3"}],"replies":[{"embeddable":true,"href":"https:\/\/fr.twiza.org\/portail\/wp-json\/wp\/v2\/comments?post=5977"}],"version-history":[{"count":5,"href":"https:\/\/fr.twiza.org\/portail\/wp-json\/wp\/v2\/pages\/5977\/revisions"}],"predecessor-version":[{"id":11876,"href":"https:\/\/fr.twiza.org\/portail\/wp-json\/wp\/v2\/pages\/5977\/revisions\/11876"}],"up":[{"embeddable":true,"href":"https:\/\/fr.twiza.org\/portail\/wp-json\/wp\/v2\/pages\/5877"}],"wp:featuredmedia":[{"embeddable":true,"href":"https:\/\/fr.twiza.org\/portail\/wp-json\/wp\/v2\/media\/5982"}],"wp:attachment":[{"href":"https:\/\/fr.twiza.org\/portail\/wp-json\/wp\/v2\/media?parent=5977"}],"curies":[{"name":"wp","href":"https:\/\/api.w.org\/{rel}","templated":true}]}}