{"id":5986,"date":"2022-06-02T14:54:32","date_gmt":"2022-06-02T12:54:32","guid":{"rendered":"https:\/\/fr.twiza.org\/portail\/?page_id=5986"},"modified":"2024-12-03T10:01:25","modified_gmt":"2024-12-03T09:01:25","slug":"comment-fonctionne-un-poele-de-masse","status":"publish","type":"page","link":"https:\/\/fr.twiza.org\/portail\/guides-dachat\/pourquoi-et-comment-acheter-un-poele-de-masse-4\/comment-fonctionne-un-poele-de-masse\/","title":{"rendered":"Comment fonctionne un po\u00eale de masse ?"},"content":{"rendered":"\n<p>Il diffuse une chaleur <strong>douce<\/strong> et <strong>homog\u00e8ne<\/strong>, de mani\u00e8re progressive, tout au long de la journ\u00e9e, gr\u00e2ce \u00e0 seulement une ou deux flamb\u00e9es quotidiennes.&nbsp;<\/p>\n\n\n\n<p>La flamb\u00e9e est intense, permettant ainsi un haut niveau de<strong> rendement<\/strong>, sup\u00e9rieur \u00e0 80%. Ce ph\u00e9nom\u00e8ne&nbsp; est illustr\u00e9 par l\u2019absence visuelle de fum\u00e9es \u00e0 la sortie de la chemin\u00e9e.&nbsp;<\/p>\n\n\n\n<p>Les 3 principaux \u00e9l\u00e9ments d\u2019un po\u00eale de masse sont :<\/p>\n\n\n\n<ul class=\"wp-block-list\">\n<li>le <strong>foyer <\/strong>(ou chambre primaire)<\/li>\n\n\n\n<li>l\u2019<strong>accumulateur<\/strong><\/li>\n\n\n\n<li>le <strong>conduit de fum\u00e9e<\/strong><\/li>\n<\/ul>\n\n\n\n<p>Dans la plupart des mod\u00e8les actuels il existe \u00e9galement une chambre de <strong>postcombustion.<\/strong><\/p>\n\n\n\n<p>Le principe est de faire une \u00e0 deux grosses flamb\u00e9es par jour de bois au sein du foyer. Ce dernier est compos\u00e9 d\u2019un c\u0153ur en mat\u00e9riaux <strong>r\u00e9fractaires<\/strong> qui r\u00e9siste aux<strong> <\/strong>hautes temp\u00e9ratures et permet ainsi d\u2019obtenir une meilleure combustion. Une flamb\u00e9e dure en moyenne <strong>1h30<\/strong> \u00e0 <strong>2h<\/strong>. Il y a chauffage imm\u00e9diat par rayonnement par la porte vitr\u00e9e.<\/p>\n\n\n\n<p>La masse situ\u00e9e tout autour du foyer (l\u2019accumulateur) est, elle aussi , compos\u00e9e de mat\u00e9riaux r\u00e9fractaires (ou \u201caccumulateurs\u201d) pouvant stocker de la chaleur, tels que de la <strong>brique<\/strong>, de la <strong>terre crue<\/strong>, de la <strong>pierre ollaire<\/strong>, de la <strong>fa\u00efence<\/strong>, ou du <strong>b\u00e9ton r\u00e9fractaire<\/strong>.&nbsp;<\/p>\n\n\n\n<p>La chaleur se transf\u00e8re du foyer vers la surface du po\u00eale en 2 \u00e0 6 heures suivant l\u2019\u00e9paisseur et le mat\u00e9riau de ses parois. Par exemple, dans la <strong>brique de terre comprim\u00e9e<\/strong>, la vitesse de d\u00e9placement du front de chaleur est d\u2019environ <strong>3 cm\/h<\/strong> et un peu plus de <strong>5 cm\/h <\/strong>dans la <strong>pierre<\/strong>. Le comportement thermique d\u2019un <strong>po\u00eale de masse<\/strong> ne doit donc pas \u00eatre r\u00e9sum\u00e9 \u00e0 son poids.<\/p>\n\n\n\n<p>L\u2019accumulateur (la masse) est \u00e9galement constitu\u00e9 d\u2019un r\u00e9seau de<strong> canaux internes<\/strong>, au sein desquels vont circuler les <strong>fum\u00e9es <\/strong>de flamb\u00e9es. Ces tunnels sur mesure permettent l\u2019\u00e9change et l\u2019accumulation de <strong>calories<\/strong> des fum\u00e9es, avant leur \u00e9vacuation dans le conduit de chemin\u00e9e. La circulation des fum\u00e9es <strong>r\u00e9chauffe<\/strong> les <strong>mat\u00e9riaux<\/strong>, qui eux, parall\u00e8lement <strong>stockent<\/strong> la chaleur.<\/p>\n\n\n\n<p>Gr\u00e2ce \u00e0 leur bonne capacit\u00e9 thermique (<strong>inertie<\/strong>), ces mat\u00e9riaux peuvent stocker<strong> <\/strong>beaucoup de chaleur, sans trop monter en temp\u00e9rature et la restituer<strong> <\/strong>lentement dans ton espace environnant. La <strong>p\u00e9riode de restitution<\/strong> de la chaleur peut s\u2019\u00e9tendre de <strong>12 heures<\/strong> \u00e0 <strong>24 heures<\/strong> selon certains crit\u00e8res : habitat, nombre de flamb\u00e9es, apports solaires, l\u2019intermittence de l\u2019occupation etc. Une plus faible \u00e9paisseur de parois permet de profiter d\u2019une meilleure r\u00e9activit\u00e9.<\/p>\n\n\n\n<p>Le po\u00eale de masse diffuse la chaleur selon le <strong>principe de rayonnement<\/strong>, ce qui limite les \u00e9carts de temp\u00e9rature entre l\u2019air et les parois. La temp\u00e9rature de ta maison est ainsi <strong>homog\u00e8ne<\/strong>.&nbsp;<\/p>\n\n\n\n<p>Enfin, comme on l\u2019a vu plus haut, une <strong>chambre de combustion<\/strong> est pr\u00e9sente sur la plupart des mod\u00e8les. Gr\u00e2ce \u00e0 un apport en oxyg\u00e8ne, elle permet d\u2019utiliser les <strong>gaz imbr\u00fbl\u00e9s<\/strong> lors de la flamb\u00e9e, en les enflammant. Cela permet d\u2019augmenter encore la production de chaleur de ton po\u00eale.<\/p>\n\n\n\n<p>Ces gaz imbr\u00fbl\u00e9s peuvent \u00e9galement \u00eatre utilis\u00e9s pour chauffer d\u2019autres parties int\u00e9gr\u00e9es au haut du foyer, telles qu\u2019un <strong>four<\/strong> ou un <strong>chauffe-plat<\/strong>.<\/p>\n\n\n\n<p><\/p>\n\n\n\n<p>Pour aller plus loin :<\/p>\n\n\n\n<ul class=\"wp-block-list\">\n<li><a href=\"https:\/\/fr.twiza.org\/portail\/pourquoi-et-comment-acheter-un-poele-de-masse-4\/clin-doeil-historique-sur-le-poele-de-masse\/\" target=\"_blank\" rel=\"noreferrer noopener\">Clin d&rsquo;\u0153il historique sur le po\u00eale de masse<\/a><\/li>\n\n\n\n<li><a href=\"https:\/\/fr.twiza.org\/portail\/pourquoi-et-comment-acheter-un-poele-de-masse-4\/interet-ecologique-du-poele-de-masse\/\" target=\"_blank\" rel=\"noreferrer noopener\">Int\u00e9r\u00eat \u00e9cologique du po\u00eale de masse<\/a><\/li>\n\n\n\n<li><a href=\"https:\/\/fr.twiza.org\/portail\/pourquoi-et-comment-acheter-un-poele-de-masse-4\/poele-de-masse-avantages-et-inconvenients\/\" target=\"_blank\" rel=\"noreferrer noopener\">Le po\u00eale de masse : avantages et inconv\u00e9nients<\/a><\/li>\n\n\n\n<li><a href=\"https:\/\/fr.twiza.org\/portail\/pourquoi-et-comment-acheter-un-poele-de-masse-4\/le-poele-de-masse-pour-quel-type-dhabitation\/\" target=\"_blank\" rel=\"noreferrer noopener\">Le po\u00eale de masse : pour quel type d&rsquo;habitation ?<\/a><\/li>\n\n\n\n<li><a href=\"https:\/\/fr.twiza.org\/portail\/pourquoi-et-comment-acheter-un-poele-de-masse-4\/combien-coute-un-poele-de-masse\/\" target=\"_blank\" rel=\"noreferrer noopener\">Combien co\u00fbte un po\u00eale de masse ?<\/a><\/li>\n\n\n\n<li><a href=\"https:\/\/fr.twiza.org\/portail\/pourquoi-et-comment-acheter-un-poele-de-masse-4\/quel-modele-de-poele-de-masse-choisir\/\" target=\"_blank\" rel=\"noreferrer noopener\">Quel mod\u00e8le de po\u00eale de masse choisir ?<\/a><\/li>\n\n\n\n<li><a href=\"https:\/\/fr.twiza.org\/portail\/pourquoi-et-comment-acheter-un-poele-de-masse-4\/comment-bien-choisir-son-poele-de-masse\/\" target=\"_blank\" rel=\"noreferrer noopener\">Comment bien choisir son po\u00eale de masse ?<\/a><\/li>\n\n\n\n<li><a href=\"https:\/\/fr.twiza.org\/portail\/pourquoi-et-comment-acheter-un-poele-de-masse-4\/poele-de-masse-qualite-et-durabilite\/\" target=\"_blank\" rel=\"noreferrer noopener\">Po\u00eale de masse : qualit\u00e9 et durabilit\u00e9<\/a><\/li>\n\n\n\n<li>\ud83d\udc4b <a href=\"https:\/\/forum.twiza.org\/t\/poele-de-masse-en-achat-groupe-ouvert\/5519\" target=\"_blank\" rel=\"noopener\" title=\"\">Po\u00eale en achat group\u00e9 Twiza<\/a><\/li>\n<\/ul>\n\n\n\n<div style=\"height:50px\" aria-hidden=\"true\" class=\"wp-block-spacer\"><\/div>\n","protected":false},"excerpt":{"rendered":"<p>Il diffuse une chaleur douce et homog\u00e8ne, de mani\u00e8re progressive, tout au long de la journ\u00e9e, gr\u00e2ce \u00e0 seulement une ou deux flamb\u00e9es quotidiennes.&nbsp; La flamb\u00e9e est intense, permettant ainsi un haut niveau de rendement, sup\u00e9rieur \u00e0 80%. Ce ph\u00e9nom\u00e8ne&nbsp; est illustr\u00e9 par l\u2019absence visuelle de fum\u00e9es \u00e0 la sortie [&hellip;]<\/p>\n","protected":false},"author":3,"featured_media":5662,"parent":5877,"menu_order":1,"comment_status":"closed","ping_status":"closed","template":"","meta":{"_eb_attr":"","_themeisle_gutenberg_block_has_review":false,"footnotes":""},"class_list":["post-5986","page","type-page","status-publish","has-post-thumbnail","hentry"],"yoast_head":"<!-- This site is optimized with the Yoast SEO Premium plugin v27.2 (Yoast SEO v27.3) - https:\/\/yoast.com\/product\/yoast-seo-premium-wordpress\/ -->\n<title>Comment fonctionne un po\u00eale de masse ?<\/title>\n<meta name=\"description\" content=\"Po\u00eale de marche, comment \u00e7a marche ? Il diffuse une chaleur douce et homog\u00e8ne, de mani\u00e8re progressive, tout au long de la journ\u00e9e\" \/>\n<meta name=\"robots\" content=\"index, follow, max-snippet:-1, max-image-preview:large, max-video-preview:-1\" \/>\n<link rel=\"canonical\" href=\"https:\/\/fr.twiza.org\/portail\/guides-dachat\/pourquoi-et-comment-acheter-un-poele-de-masse-4\/comment-fonctionne-un-poele-de-masse\/\" \/>\n<meta property=\"og:locale\" content=\"fr_FR\" \/>\n<meta property=\"og:type\" content=\"article\" \/>\n<meta property=\"og:title\" content=\"Comment fonctionne un po\u00eale de masse ?\" \/>\n<meta property=\"og:description\" content=\"Po\u00eale de marche, comment \u00e7a marche ? Il diffuse une chaleur douce et homog\u00e8ne, de mani\u00e8re progressive, tout au long de la journ\u00e9e\" \/>\n<meta property=\"og:url\" content=\"https:\/\/fr.twiza.org\/portail\/guides-dachat\/pourquoi-et-comment-acheter-un-poele-de-masse-4\/comment-fonctionne-un-poele-de-masse\/\" \/>\n<meta property=\"og:site_name\" content=\"R\u00e9seau Twiza\" \/>\n<meta property=\"article:publisher\" content=\"https:\/\/fr-fr.facebook.com\/Twiza.fr\/\" \/>\n<meta property=\"article:modified_time\" content=\"2024-12-03T09:01:25+00:00\" \/>\n<meta property=\"og:image\" content=\"https:\/\/fr.twiza.org\/portail\/wp-content\/uploads\/2022\/05\/Guide-poe\u0302le-de-masse-inte\u0301re\u0302-e\u0301cologique-poe\u0302le-terrakit-groupement-achats-twiza.jpg\" \/>\n\t<meta property=\"og:image:width\" content=\"1024\" \/>\n\t<meta property=\"og:image:height\" content=\"683\" \/>\n\t<meta property=\"og:image:type\" content=\"image\/jpeg\" \/>\n<meta name=\"twitter:card\" content=\"summary_large_image\" \/>\n<script type=\"application\/ld+json\" class=\"yoast-schema-graph\">{\"@context\":\"https:\\\/\\\/schema.org\",\"@graph\":[{\"@type\":\"WebPage\",\"@id\":\"https:\\\/\\\/fr.twiza.org\\\/portail\\\/guides-dachat\\\/pourquoi-et-comment-acheter-un-poele-de-masse-4\\\/comment-fonctionne-un-poele-de-masse\\\/\",\"url\":\"https:\\\/\\\/fr.twiza.org\\\/portail\\\/guides-dachat\\\/pourquoi-et-comment-acheter-un-poele-de-masse-4\\\/comment-fonctionne-un-poele-de-masse\\\/\",\"name\":\"Comment fonctionne un po\u00eale de masse ?\",\"isPartOf\":{\"@id\":\"https:\\\/\\\/fr.twiza.org\\\/portail\\\/#website\"},\"primaryImageOfPage\":{\"@id\":\"https:\\\/\\\/fr.twiza.org\\\/portail\\\/guides-dachat\\\/pourquoi-et-comment-acheter-un-poele-de-masse-4\\\/comment-fonctionne-un-poele-de-masse\\\/#primaryimage\"},\"image\":{\"@id\":\"https:\\\/\\\/fr.twiza.org\\\/portail\\\/guides-dachat\\\/pourquoi-et-comment-acheter-un-poele-de-masse-4\\\/comment-fonctionne-un-poele-de-masse\\\/#primaryimage\"},\"thumbnailUrl\":\"https:\\\/\\\/fr.twiza.org\\\/portail\\\/wp-content\\\/uploads\\\/2022\\\/05\\\/Guide-poe\u0302le-de-masse-inte\u0301re\u0302-e\u0301cologique-poe\u0302le-terrakit-groupement-achats-twiza.jpg\",\"datePublished\":\"2022-06-02T12:54:32+00:00\",\"dateModified\":\"2024-12-03T09:01:25+00:00\",\"description\":\"Po\u00eale de marche, comment \u00e7a marche ? Il diffuse une chaleur douce et homog\u00e8ne, de mani\u00e8re progressive, tout au long de la journ\u00e9e\",\"breadcrumb\":{\"@id\":\"https:\\\/\\\/fr.twiza.org\\\/portail\\\/guides-dachat\\\/pourquoi-et-comment-acheter-un-poele-de-masse-4\\\/comment-fonctionne-un-poele-de-masse\\\/#breadcrumb\"},\"inLanguage\":\"fr-FR\",\"potentialAction\":[{\"@type\":\"ReadAction\",\"target\":[\"https:\\\/\\\/fr.twiza.org\\\/portail\\\/guides-dachat\\\/pourquoi-et-comment-acheter-un-poele-de-masse-4\\\/comment-fonctionne-un-poele-de-masse\\\/\"]}]},{\"@type\":\"ImageObject\",\"inLanguage\":\"fr-FR\",\"@id\":\"https:\\\/\\\/fr.twiza.org\\\/portail\\\/guides-dachat\\\/pourquoi-et-comment-acheter-un-poele-de-masse-4\\\/comment-fonctionne-un-poele-de-masse\\\/#primaryimage\",\"url\":\"https:\\\/\\\/fr.twiza.org\\\/portail\\\/wp-content\\\/uploads\\\/2022\\\/05\\\/Guide-poe\u0302le-de-masse-inte\u0301re\u0302-e\u0301cologique-poe\u0302le-terrakit-groupement-achats-twiza.jpg\",\"contentUrl\":\"https:\\\/\\\/fr.twiza.org\\\/portail\\\/wp-content\\\/uploads\\\/2022\\\/05\\\/Guide-poe\u0302le-de-masse-inte\u0301re\u0302-e\u0301cologique-poe\u0302le-terrakit-groupement-achats-twiza.jpg\",\"width\":1024,\"height\":683},{\"@type\":\"BreadcrumbList\",\"@id\":\"https:\\\/\\\/fr.twiza.org\\\/portail\\\/guides-dachat\\\/pourquoi-et-comment-acheter-un-poele-de-masse-4\\\/comment-fonctionne-un-poele-de-masse\\\/#breadcrumb\",\"itemListElement\":[{\"@type\":\"ListItem\",\"position\":1,\"name\":\"Accueil\",\"item\":\"https:\\\/\\\/fr.twiza.org\\\/portail\\\/\"},{\"@type\":\"ListItem\",\"position\":2,\"name\":\"Guides d&#8217;achat\",\"item\":\"https:\\\/\\\/fr.twiza.org\\\/portail\\\/guides-dachat\\\/\"},{\"@type\":\"ListItem\",\"position\":3,\"name\":\"Pourquoi et comment acheter un po\u00eale de masse ?\",\"item\":\"https:\\\/\\\/fr.twiza.org\\\/portail\\\/guides-dachat\\\/pourquoi-et-comment-acheter-un-poele-de-masse-4\\\/\"},{\"@type\":\"ListItem\",\"position\":4,\"name\":\"Comment fonctionne un po\u00eale de masse ?\"}]},{\"@type\":\"WebSite\",\"@id\":\"https:\\\/\\\/fr.twiza.org\\\/portail\\\/#website\",\"url\":\"https:\\\/\\\/fr.twiza.org\\\/portail\\\/\",\"name\":\"R\u00e9seau Twiza\",\"description\":\"Entraide pour un habitat \u00e9cologique, convivial et r\u00e9silient\",\"publisher\":{\"@id\":\"https:\\\/\\\/fr.twiza.org\\\/portail\\\/#organization\"},\"potentialAction\":[{\"@type\":\"SearchAction\",\"target\":{\"@type\":\"EntryPoint\",\"urlTemplate\":\"https:\\\/\\\/fr.twiza.org\\\/portail\\\/?s={search_term_string}\"},\"query-input\":{\"@type\":\"PropertyValueSpecification\",\"valueRequired\":true,\"valueName\":\"search_term_string\"}}],\"inLanguage\":\"fr-FR\"},{\"@type\":\"Organization\",\"@id\":\"https:\\\/\\\/fr.twiza.org\\\/portail\\\/#organization\",\"name\":\"R\u00e9seau Twiza\",\"url\":\"https:\\\/\\\/fr.twiza.org\\\/portail\\\/\",\"logo\":{\"@type\":\"ImageObject\",\"inLanguage\":\"fr-FR\",\"@id\":\"https:\\\/\\\/fr.twiza.org\\\/portail\\\/#\\\/schema\\\/logo\\\/image\\\/\",\"url\":\"https:\\\/\\\/fr.twiza.org\\\/portail\\\/wp-content\\\/uploads\\\/2021\\\/05\\\/cropped-logo-reseau-twiza.jpg\",\"contentUrl\":\"https:\\\/\\\/fr.twiza.org\\\/portail\\\/wp-content\\\/uploads\\\/2021\\\/05\\\/cropped-logo-reseau-twiza.jpg\",\"width\":400,\"height\":102,\"caption\":\"R\u00e9seau Twiza\"},\"image\":{\"@id\":\"https:\\\/\\\/fr.twiza.org\\\/portail\\\/#\\\/schema\\\/logo\\\/image\\\/\"},\"sameAs\":[\"https:\\\/\\\/fr-fr.facebook.com\\\/Twiza.fr\\\/\",\"https:\\\/\\\/www.instagram.com\\\/twiza_fr\\\/\",\"https:\\\/\\\/www.linkedin.com\\\/company\\\/reseautwiza\\\/\"]}]}<\/script>\n<!-- \/ Yoast SEO Premium plugin. -->","yoast_head_json":{"title":"Comment fonctionne un po\u00eale de masse ?","description":"Po\u00eale de marche, comment \u00e7a marche ? Il diffuse une chaleur douce et homog\u00e8ne, de mani\u00e8re progressive, tout au long de la journ\u00e9e","robots":{"index":"index","follow":"follow","max-snippet":"max-snippet:-1","max-image-preview":"max-image-preview:large","max-video-preview":"max-video-preview:-1"},"canonical":"https:\/\/fr.twiza.org\/portail\/guides-dachat\/pourquoi-et-comment-acheter-un-poele-de-masse-4\/comment-fonctionne-un-poele-de-masse\/","og_locale":"fr_FR","og_type":"article","og_title":"Comment fonctionne un po\u00eale de masse ?","og_description":"Po\u00eale de marche, comment \u00e7a marche ? Il diffuse une chaleur douce et homog\u00e8ne, de mani\u00e8re progressive, tout au long de la journ\u00e9e","og_url":"https:\/\/fr.twiza.org\/portail\/guides-dachat\/pourquoi-et-comment-acheter-un-poele-de-masse-4\/comment-fonctionne-un-poele-de-masse\/","og_site_name":"R\u00e9seau Twiza","article_publisher":"https:\/\/fr-fr.facebook.com\/Twiza.fr\/","article_modified_time":"2024-12-03T09:01:25+00:00","og_image":[{"width":1024,"height":683,"url":"https:\/\/fr.twiza.org\/portail\/wp-content\/uploads\/2022\/05\/Guide-poe\u0302le-de-masse-inte\u0301re\u0302-e\u0301cologique-poe\u0302le-terrakit-groupement-achats-twiza.jpg","type":"image\/jpeg"}],"twitter_card":"summary_large_image","schema":{"@context":"https:\/\/schema.org","@graph":[{"@type":"WebPage","@id":"https:\/\/fr.twiza.org\/portail\/guides-dachat\/pourquoi-et-comment-acheter-un-poele-de-masse-4\/comment-fonctionne-un-poele-de-masse\/","url":"https:\/\/fr.twiza.org\/portail\/guides-dachat\/pourquoi-et-comment-acheter-un-poele-de-masse-4\/comment-fonctionne-un-poele-de-masse\/","name":"Comment fonctionne un po\u00eale de masse ?","isPartOf":{"@id":"https:\/\/fr.twiza.org\/portail\/#website"},"primaryImageOfPage":{"@id":"https:\/\/fr.twiza.org\/portail\/guides-dachat\/pourquoi-et-comment-acheter-un-poele-de-masse-4\/comment-fonctionne-un-poele-de-masse\/#primaryimage"},"image":{"@id":"https:\/\/fr.twiza.org\/portail\/guides-dachat\/pourquoi-et-comment-acheter-un-poele-de-masse-4\/comment-fonctionne-un-poele-de-masse\/#primaryimage"},"thumbnailUrl":"https:\/\/fr.twiza.org\/portail\/wp-content\/uploads\/2022\/05\/Guide-poe\u0302le-de-masse-inte\u0301re\u0302-e\u0301cologique-poe\u0302le-terrakit-groupement-achats-twiza.jpg","datePublished":"2022-06-02T12:54:32+00:00","dateModified":"2024-12-03T09:01:25+00:00","description":"Po\u00eale de marche, comment \u00e7a marche ? Il diffuse une chaleur douce et homog\u00e8ne, de mani\u00e8re progressive, tout au long de la journ\u00e9e","breadcrumb":{"@id":"https:\/\/fr.twiza.org\/portail\/guides-dachat\/pourquoi-et-comment-acheter-un-poele-de-masse-4\/comment-fonctionne-un-poele-de-masse\/#breadcrumb"},"inLanguage":"fr-FR","potentialAction":[{"@type":"ReadAction","target":["https:\/\/fr.twiza.org\/portail\/guides-dachat\/pourquoi-et-comment-acheter-un-poele-de-masse-4\/comment-fonctionne-un-poele-de-masse\/"]}]},{"@type":"ImageObject","inLanguage":"fr-FR","@id":"https:\/\/fr.twiza.org\/portail\/guides-dachat\/pourquoi-et-comment-acheter-un-poele-de-masse-4\/comment-fonctionne-un-poele-de-masse\/#primaryimage","url":"https:\/\/fr.twiza.org\/portail\/wp-content\/uploads\/2022\/05\/Guide-poe\u0302le-de-masse-inte\u0301re\u0302-e\u0301cologique-poe\u0302le-terrakit-groupement-achats-twiza.jpg","contentUrl":"https:\/\/fr.twiza.org\/portail\/wp-content\/uploads\/2022\/05\/Guide-poe\u0302le-de-masse-inte\u0301re\u0302-e\u0301cologique-poe\u0302le-terrakit-groupement-achats-twiza.jpg","width":1024,"height":683},{"@type":"BreadcrumbList","@id":"https:\/\/fr.twiza.org\/portail\/guides-dachat\/pourquoi-et-comment-acheter-un-poele-de-masse-4\/comment-fonctionne-un-poele-de-masse\/#breadcrumb","itemListElement":[{"@type":"ListItem","position":1,"name":"Accueil","item":"https:\/\/fr.twiza.org\/portail\/"},{"@type":"ListItem","position":2,"name":"Guides d&#8217;achat","item":"https:\/\/fr.twiza.org\/portail\/guides-dachat\/"},{"@type":"ListItem","position":3,"name":"Pourquoi et comment acheter un po\u00eale de masse ?","item":"https:\/\/fr.twiza.org\/portail\/guides-dachat\/pourquoi-et-comment-acheter-un-poele-de-masse-4\/"},{"@type":"ListItem","position":4,"name":"Comment fonctionne un po\u00eale de masse ?"}]},{"@type":"WebSite","@id":"https:\/\/fr.twiza.org\/portail\/#website","url":"https:\/\/fr.twiza.org\/portail\/","name":"R\u00e9seau Twiza","description":"Entraide pour un habitat \u00e9cologique, convivial et r\u00e9silient","publisher":{"@id":"https:\/\/fr.twiza.org\/portail\/#organization"},"potentialAction":[{"@type":"SearchAction","target":{"@type":"EntryPoint","urlTemplate":"https:\/\/fr.twiza.org\/portail\/?s={search_term_string}"},"query-input":{"@type":"PropertyValueSpecification","valueRequired":true,"valueName":"search_term_string"}}],"inLanguage":"fr-FR"},{"@type":"Organization","@id":"https:\/\/fr.twiza.org\/portail\/#organization","name":"R\u00e9seau Twiza","url":"https:\/\/fr.twiza.org\/portail\/","logo":{"@type":"ImageObject","inLanguage":"fr-FR","@id":"https:\/\/fr.twiza.org\/portail\/#\/schema\/logo\/image\/","url":"https:\/\/fr.twiza.org\/portail\/wp-content\/uploads\/2021\/05\/cropped-logo-reseau-twiza.jpg","contentUrl":"https:\/\/fr.twiza.org\/portail\/wp-content\/uploads\/2021\/05\/cropped-logo-reseau-twiza.jpg","width":400,"height":102,"caption":"R\u00e9seau Twiza"},"image":{"@id":"https:\/\/fr.twiza.org\/portail\/#\/schema\/logo\/image\/"},"sameAs":["https:\/\/fr-fr.facebook.com\/Twiza.fr\/","https:\/\/www.instagram.com\/twiza_fr\/","https:\/\/www.linkedin.com\/company\/reseautwiza\/"]}]}},"jetpack_sharing_enabled":true,"_links":{"self":[{"href":"https:\/\/fr.twiza.org\/portail\/wp-json\/wp\/v2\/pages\/5986","targetHints":{"allow":["GET"]}}],"collection":[{"href":"https:\/\/fr.twiza.org\/portail\/wp-json\/wp\/v2\/pages"}],"about":[{"href":"https:\/\/fr.twiza.org\/portail\/wp-json\/wp\/v2\/types\/page"}],"author":[{"embeddable":true,"href":"https:\/\/fr.twiza.org\/portail\/wp-json\/wp\/v2\/users\/3"}],"replies":[{"embeddable":true,"href":"https:\/\/fr.twiza.org\/portail\/wp-json\/wp\/v2\/comments?post=5986"}],"version-history":[{"count":3,"href":"https:\/\/fr.twiza.org\/portail\/wp-json\/wp\/v2\/pages\/5986\/revisions"}],"predecessor-version":[{"id":11882,"href":"https:\/\/fr.twiza.org\/portail\/wp-json\/wp\/v2\/pages\/5986\/revisions\/11882"}],"up":[{"embeddable":true,"href":"https:\/\/fr.twiza.org\/portail\/wp-json\/wp\/v2\/pages\/5877"}],"wp:featuredmedia":[{"embeddable":true,"href":"https:\/\/fr.twiza.org\/portail\/wp-json\/wp\/v2\/media\/5662"}],"wp:attachment":[{"href":"https:\/\/fr.twiza.org\/portail\/wp-json\/wp\/v2\/media?parent=5986"}],"curies":[{"name":"wp","href":"https:\/\/api.w.org\/{rel}","templated":true}]}}