{"id":5988,"date":"2022-06-02T15:07:05","date_gmt":"2022-06-02T13:07:05","guid":{"rendered":"https:\/\/fr.twiza.org\/portail\/?page_id=5988"},"modified":"2024-12-03T09:59:34","modified_gmt":"2024-12-03T08:59:34","slug":"clin-doeil-historique-sur-le-poele-de-masse","status":"publish","type":"page","link":"https:\/\/fr.twiza.org\/portail\/guides-dachat\/pourquoi-et-comment-acheter-un-poele-de-masse-4\/clin-doeil-historique-sur-le-poele-de-masse\/","title":{"rendered":"Clin d&rsquo;\u0153il historique sur le po\u00eale de masse"},"content":{"rendered":"\n<p>Depuis plusieurs si\u00e8cles d\u00e9j\u00e0, diff\u00e9rents types de <strong>po\u00eale de masse<\/strong> se sont succ\u00e9d\u00e9s, en fonction des zones g\u00e9ographiques.<\/p>\n\n\n\n<p>Leur utilisation se situe principalement dans les pays<strong> nordiques<\/strong>, o\u00f9 la chaleur se fait plus rare, tels que l\u2019Allemagne, la Su\u00e8de, la Finlande et la Russie.<\/p>\n\n\n\n<hr class=\"wp-block-separator has-alpha-channel-opacity\"\/>\n\n\n\n<p><\/p>\n\n\n\n<div class=\"wp-block-columns are-vertically-aligned-center is-layout-flex wp-container-core-columns-is-layout-28f84493 wp-block-columns-is-layout-flex\">\n<div class=\"wp-block-column is-vertically-aligned-center is-layout-flow wp-block-column-is-layout-flow\" style=\"flex-basis:33.33%\">\n<figure class=\"wp-block-image size-large\"><img fetchpriority=\"high\" decoding=\"async\" width=\"768\" height=\"1024\" src=\"https:\/\/fr.twiza.org\/portail\/wp-content\/uploads\/2021\/02\/Original-compresse\u0301-1-768x1024.jpg\" alt=\"Po\u00eale de masse en fa\u00efence\" class=\"wp-image-21\"\/><\/figure>\n<\/div>\n\n\n\n<div class=\"wp-block-column is-vertically-aligned-center is-layout-flow wp-block-column-is-layout-flow\" style=\"flex-basis:66.66%\">\n<p style=\"font-size:18px\"><strong>Po\u00eale en fa\u00efence<\/strong> construit en 1570 dans l&rsquo;atelier du potier Thomas Strobl \u00e0 Salzburg en Autriche.<\/p>\n\n\n\n<p style=\"font-size:18px\">En Europe, on situe les premiers po\u00eales de masse vers le <strong>XII\u00e8me si\u00e8cle<\/strong>, au niveau de la r\u00e9gion frontali\u00e8re du<strong> <\/strong>Rhin-sup\u00e9rieur (entre l\u2019Alsace et le nord de la Suisse), ils sont appel\u00e9s les \u201c<strong>Kachelofen<\/strong>\u201d, c\u2019est \u00e0 dire des \u201cpo\u00eales recouverts de carreaux\u201d.<\/p>\n<\/div>\n<\/div>\n\n\n\n<hr class=\"wp-block-separator has-alpha-channel-opacity\"\/>\n\n\n\n<p><\/p>\n\n\n\n<p>De nos jours, l\u2019utilisation et la conception du <strong>po\u00eale de masse<\/strong> (\u00e9galement appel\u00e9 \u201c<strong>po\u00eale \u00e0 accumulation<\/strong>\u201d) se d\u00e9veloppe principalement dans tout l\u2019h\u00e9misph\u00e8re nord (Europe, Canada, Etats-Unis, et Russie).<\/p>\n\n\n\n<p><\/p>\n\n\n\n<p><\/p>\n\n\n\n<p>Pour aller plus loin :<\/p>\n\n\n\n<ul class=\"wp-block-list\">\n<li><a href=\"https:\/\/fr.twiza.org\/portail\/pourquoi-et-comment-acheter-un-poele-de-masse-4\/comment-fonctionne-un-poele-de-masse\/\" target=\"_blank\" rel=\"noreferrer noopener\">Comment fonctionne un po\u00eale de masse ?<\/a><\/li>\n\n\n\n<li><a href=\"https:\/\/fr.twiza.org\/portail\/pourquoi-et-comment-acheter-un-poele-de-masse-4\/interet-ecologique-du-poele-de-masse\/\" target=\"_blank\" rel=\"noreferrer noopener\">Int\u00e9r\u00eat \u00e9cologique du po\u00eale de masse<\/a><\/li>\n\n\n\n<li><a href=\"https:\/\/fr.twiza.org\/portail\/pourquoi-et-comment-acheter-un-poele-de-masse-4\/poele-de-masse-avantages-et-inconvenients\/\" target=\"_blank\" rel=\"noreferrer noopener\">Le po\u00eale de masse : avantages et inconv\u00e9nients<\/a><\/li>\n\n\n\n<li><a href=\"https:\/\/fr.twiza.org\/portail\/pourquoi-et-comment-acheter-un-poele-de-masse-4\/le-poele-de-masse-pour-quel-type-dhabitation\/\" target=\"_blank\" rel=\"noreferrer noopener\">Le po\u00eale de masse : pour quel type d&rsquo;habitation ?<\/a><\/li>\n\n\n\n<li><a href=\"https:\/\/fr.twiza.org\/portail\/pourquoi-et-comment-acheter-un-poele-de-masse-4\/combien-coute-un-poele-de-masse\/\" target=\"_blank\" rel=\"noreferrer noopener\">Combien co\u00fbte un po\u00eale de masse ?<\/a><\/li>\n\n\n\n<li><a href=\"https:\/\/fr.twiza.org\/portail\/pourquoi-et-comment-acheter-un-poele-de-masse-4\/quel-modele-de-poele-de-masse-choisir\/\" target=\"_blank\" rel=\"noreferrer noopener\">Quel mod\u00e8le de po\u00eale de masse choisir ?<\/a><\/li>\n\n\n\n<li><a href=\"https:\/\/fr.twiza.org\/portail\/pourquoi-et-comment-acheter-un-poele-de-masse-4\/comment-bien-choisir-son-poele-de-masse\/\" target=\"_blank\" rel=\"noreferrer noopener\">Comment bien choisir son po\u00eale de masse ?<\/a><\/li>\n\n\n\n<li><a href=\"https:\/\/fr.twiza.org\/portail\/pourquoi-et-comment-acheter-un-poele-de-masse-4\/poele-de-masse-qualite-et-durabilite\/\" target=\"_blank\" rel=\"noreferrer noopener\">Po\u00eale de masse : qualit\u00e9 et durabilit\u00e9<\/a><\/li>\n\n\n\n<li>\ud83d\udc4b <a href=\"https:\/\/forum.twiza.org\/t\/poele-de-masse-en-achat-groupe-ouvert\/5519\" target=\"_blank\" rel=\"noopener\" title=\"\">Po\u00eale en achat group\u00e9 Twiza<\/a><\/li>\n<\/ul>\n\n\n\n<div style=\"height:50px\" aria-hidden=\"true\" class=\"wp-block-spacer\"><\/div>\n","protected":false},"excerpt":{"rendered":"<p>Depuis plusieurs si\u00e8cles d\u00e9j\u00e0, diff\u00e9rents types de po\u00eale de masse se sont succ\u00e9d\u00e9s, en fonction des zones g\u00e9ographiques. Leur utilisation se situe principalement dans les pays nordiques, o\u00f9 la chaleur se fait plus rare, tels que l\u2019Allemagne, la Su\u00e8de, la Finlande et la Russie. Po\u00eale en fa\u00efence construit en 1570 [&hellip;]<\/p>\n","protected":false},"author":3,"featured_media":0,"parent":5877,"menu_order":0,"comment_status":"closed","ping_status":"closed","template":"","meta":{"_eb_attr":"","_themeisle_gutenberg_block_has_review":false,"footnotes":""},"class_list":["post-5988","page","type-page","status-publish","hentry"],"yoast_head":"<!-- This site is optimized with the Yoast SEO Premium plugin v27.5 (Yoast SEO v27.5) - https:\/\/yoast.com\/product\/yoast-seo-premium-wordpress\/ -->\n<title>Clin d&#039;\u0153il historique sur le po\u00eale de masse<\/title>\n<meta name=\"description\" content=\"De quelle \u00e9poque datent les premiers po\u00eales de masse ? Depuis plusieurs si\u00e8cles d\u00e9j\u00e0, diff\u00e9rents types de po\u00eale de masse se sont succ\u00e9d\u00e9s...\" \/>\n<meta name=\"robots\" content=\"index, follow, max-snippet:-1, max-image-preview:large, max-video-preview:-1\" \/>\n<link rel=\"canonical\" href=\"https:\/\/fr.twiza.org\/portail\/guides-dachat\/pourquoi-et-comment-acheter-un-poele-de-masse-4\/clin-doeil-historique-sur-le-poele-de-masse\/\" \/>\n<meta property=\"og:locale\" content=\"fr_FR\" \/>\n<meta property=\"og:type\" content=\"article\" \/>\n<meta property=\"og:title\" content=\"Clin d&#039;\u0153il historique sur le po\u00eale de masse\" \/>\n<meta property=\"og:description\" content=\"De quelle \u00e9poque datent les premiers po\u00eales de masse ? Depuis plusieurs si\u00e8cles d\u00e9j\u00e0, diff\u00e9rents types de po\u00eale de masse se sont succ\u00e9d\u00e9s...\" \/>\n<meta property=\"og:url\" content=\"https:\/\/fr.twiza.org\/portail\/guides-dachat\/pourquoi-et-comment-acheter-un-poele-de-masse-4\/clin-doeil-historique-sur-le-poele-de-masse\/\" \/>\n<meta property=\"og:site_name\" content=\"R\u00e9seau Twiza\" \/>\n<meta property=\"article:publisher\" content=\"https:\/\/fr-fr.facebook.com\/Twiza.fr\/\" \/>\n<meta property=\"article:modified_time\" content=\"2024-12-03T08:59:34+00:00\" \/>\n<meta name=\"twitter:card\" content=\"summary_large_image\" \/>\n<script type=\"application\/ld+json\" class=\"yoast-schema-graph\">{\"@context\":\"https:\\\/\\\/schema.org\",\"@graph\":[{\"@type\":\"WebPage\",\"@id\":\"https:\\\/\\\/fr.twiza.org\\\/portail\\\/guides-dachat\\\/pourquoi-et-comment-acheter-un-poele-de-masse-4\\\/clin-doeil-historique-sur-le-poele-de-masse\\\/\",\"url\":\"https:\\\/\\\/fr.twiza.org\\\/portail\\\/guides-dachat\\\/pourquoi-et-comment-acheter-un-poele-de-masse-4\\\/clin-doeil-historique-sur-le-poele-de-masse\\\/\",\"name\":\"Clin d'\u0153il historique sur le po\u00eale de masse\",\"isPartOf\":{\"@id\":\"https:\\\/\\\/fr.twiza.org\\\/portail\\\/#website\"},\"datePublished\":\"2022-06-02T13:07:05+00:00\",\"dateModified\":\"2024-12-03T08:59:34+00:00\",\"description\":\"De quelle \u00e9poque datent les premiers po\u00eales de masse ? Depuis plusieurs si\u00e8cles d\u00e9j\u00e0, diff\u00e9rents types de po\u00eale de masse se sont succ\u00e9d\u00e9s...\",\"breadcrumb\":{\"@id\":\"https:\\\/\\\/fr.twiza.org\\\/portail\\\/guides-dachat\\\/pourquoi-et-comment-acheter-un-poele-de-masse-4\\\/clin-doeil-historique-sur-le-poele-de-masse\\\/#breadcrumb\"},\"inLanguage\":\"fr-FR\",\"potentialAction\":[{\"@type\":\"ReadAction\",\"target\":[\"https:\\\/\\\/fr.twiza.org\\\/portail\\\/guides-dachat\\\/pourquoi-et-comment-acheter-un-poele-de-masse-4\\\/clin-doeil-historique-sur-le-poele-de-masse\\\/\"]}]},{\"@type\":\"BreadcrumbList\",\"@id\":\"https:\\\/\\\/fr.twiza.org\\\/portail\\\/guides-dachat\\\/pourquoi-et-comment-acheter-un-poele-de-masse-4\\\/clin-doeil-historique-sur-le-poele-de-masse\\\/#breadcrumb\",\"itemListElement\":[{\"@type\":\"ListItem\",\"position\":1,\"name\":\"Accueil\",\"item\":\"https:\\\/\\\/fr.twiza.org\\\/portail\\\/\"},{\"@type\":\"ListItem\",\"position\":2,\"name\":\"Guides d&#8217;achat\",\"item\":\"https:\\\/\\\/fr.twiza.org\\\/portail\\\/guides-dachat\\\/\"},{\"@type\":\"ListItem\",\"position\":3,\"name\":\"Pourquoi et comment acheter un po\u00eale de masse ?\",\"item\":\"https:\\\/\\\/fr.twiza.org\\\/portail\\\/guides-dachat\\\/pourquoi-et-comment-acheter-un-poele-de-masse-4\\\/\"},{\"@type\":\"ListItem\",\"position\":4,\"name\":\"Clin d&rsquo;\u0153il historique sur le po\u00eale de masse\"}]},{\"@type\":\"WebSite\",\"@id\":\"https:\\\/\\\/fr.twiza.org\\\/portail\\\/#website\",\"url\":\"https:\\\/\\\/fr.twiza.org\\\/portail\\\/\",\"name\":\"R\u00e9seau Twiza\",\"description\":\"Entraide pour un habitat \u00e9cologique, convivial et r\u00e9silient\",\"publisher\":{\"@id\":\"https:\\\/\\\/fr.twiza.org\\\/portail\\\/#organization\"},\"potentialAction\":[{\"@type\":\"SearchAction\",\"target\":{\"@type\":\"EntryPoint\",\"urlTemplate\":\"https:\\\/\\\/fr.twiza.org\\\/portail\\\/?s={search_term_string}\"},\"query-input\":{\"@type\":\"PropertyValueSpecification\",\"valueRequired\":true,\"valueName\":\"search_term_string\"}}],\"inLanguage\":\"fr-FR\"},{\"@type\":\"Organization\",\"@id\":\"https:\\\/\\\/fr.twiza.org\\\/portail\\\/#organization\",\"name\":\"R\u00e9seau Twiza\",\"url\":\"https:\\\/\\\/fr.twiza.org\\\/portail\\\/\",\"logo\":{\"@type\":\"ImageObject\",\"inLanguage\":\"fr-FR\",\"@id\":\"https:\\\/\\\/fr.twiza.org\\\/portail\\\/#\\\/schema\\\/logo\\\/image\\\/\",\"url\":\"https:\\\/\\\/fr.twiza.org\\\/portail\\\/wp-content\\\/uploads\\\/2021\\\/05\\\/cropped-logo-reseau-twiza.jpg\",\"contentUrl\":\"https:\\\/\\\/fr.twiza.org\\\/portail\\\/wp-content\\\/uploads\\\/2021\\\/05\\\/cropped-logo-reseau-twiza.jpg\",\"width\":400,\"height\":102,\"caption\":\"R\u00e9seau Twiza\"},\"image\":{\"@id\":\"https:\\\/\\\/fr.twiza.org\\\/portail\\\/#\\\/schema\\\/logo\\\/image\\\/\"},\"sameAs\":[\"https:\\\/\\\/fr-fr.facebook.com\\\/Twiza.fr\\\/\",\"https:\\\/\\\/www.instagram.com\\\/twiza_fr\\\/\",\"https:\\\/\\\/www.linkedin.com\\\/company\\\/reseautwiza\\\/\"]}]}<\/script>\n<!-- \/ Yoast SEO Premium plugin. -->","yoast_head_json":{"title":"Clin d'\u0153il historique sur le po\u00eale de masse","description":"De quelle \u00e9poque datent les premiers po\u00eales de masse ? Depuis plusieurs si\u00e8cles d\u00e9j\u00e0, diff\u00e9rents types de po\u00eale de masse se sont succ\u00e9d\u00e9s...","robots":{"index":"index","follow":"follow","max-snippet":"max-snippet:-1","max-image-preview":"max-image-preview:large","max-video-preview":"max-video-preview:-1"},"canonical":"https:\/\/fr.twiza.org\/portail\/guides-dachat\/pourquoi-et-comment-acheter-un-poele-de-masse-4\/clin-doeil-historique-sur-le-poele-de-masse\/","og_locale":"fr_FR","og_type":"article","og_title":"Clin d'\u0153il historique sur le po\u00eale de masse","og_description":"De quelle \u00e9poque datent les premiers po\u00eales de masse ? Depuis plusieurs si\u00e8cles d\u00e9j\u00e0, diff\u00e9rents types de po\u00eale de masse se sont succ\u00e9d\u00e9s...","og_url":"https:\/\/fr.twiza.org\/portail\/guides-dachat\/pourquoi-et-comment-acheter-un-poele-de-masse-4\/clin-doeil-historique-sur-le-poele-de-masse\/","og_site_name":"R\u00e9seau Twiza","article_publisher":"https:\/\/fr-fr.facebook.com\/Twiza.fr\/","article_modified_time":"2024-12-03T08:59:34+00:00","twitter_card":"summary_large_image","schema":{"@context":"https:\/\/schema.org","@graph":[{"@type":"WebPage","@id":"https:\/\/fr.twiza.org\/portail\/guides-dachat\/pourquoi-et-comment-acheter-un-poele-de-masse-4\/clin-doeil-historique-sur-le-poele-de-masse\/","url":"https:\/\/fr.twiza.org\/portail\/guides-dachat\/pourquoi-et-comment-acheter-un-poele-de-masse-4\/clin-doeil-historique-sur-le-poele-de-masse\/","name":"Clin d'\u0153il historique sur le po\u00eale de masse","isPartOf":{"@id":"https:\/\/fr.twiza.org\/portail\/#website"},"datePublished":"2022-06-02T13:07:05+00:00","dateModified":"2024-12-03T08:59:34+00:00","description":"De quelle \u00e9poque datent les premiers po\u00eales de masse ? Depuis plusieurs si\u00e8cles d\u00e9j\u00e0, diff\u00e9rents types de po\u00eale de masse se sont succ\u00e9d\u00e9s...","breadcrumb":{"@id":"https:\/\/fr.twiza.org\/portail\/guides-dachat\/pourquoi-et-comment-acheter-un-poele-de-masse-4\/clin-doeil-historique-sur-le-poele-de-masse\/#breadcrumb"},"inLanguage":"fr-FR","potentialAction":[{"@type":"ReadAction","target":["https:\/\/fr.twiza.org\/portail\/guides-dachat\/pourquoi-et-comment-acheter-un-poele-de-masse-4\/clin-doeil-historique-sur-le-poele-de-masse\/"]}]},{"@type":"BreadcrumbList","@id":"https:\/\/fr.twiza.org\/portail\/guides-dachat\/pourquoi-et-comment-acheter-un-poele-de-masse-4\/clin-doeil-historique-sur-le-poele-de-masse\/#breadcrumb","itemListElement":[{"@type":"ListItem","position":1,"name":"Accueil","item":"https:\/\/fr.twiza.org\/portail\/"},{"@type":"ListItem","position":2,"name":"Guides d&#8217;achat","item":"https:\/\/fr.twiza.org\/portail\/guides-dachat\/"},{"@type":"ListItem","position":3,"name":"Pourquoi et comment acheter un po\u00eale de masse ?","item":"https:\/\/fr.twiza.org\/portail\/guides-dachat\/pourquoi-et-comment-acheter-un-poele-de-masse-4\/"},{"@type":"ListItem","position":4,"name":"Clin d&rsquo;\u0153il historique sur le po\u00eale de masse"}]},{"@type":"WebSite","@id":"https:\/\/fr.twiza.org\/portail\/#website","url":"https:\/\/fr.twiza.org\/portail\/","name":"R\u00e9seau Twiza","description":"Entraide pour un habitat \u00e9cologique, convivial et r\u00e9silient","publisher":{"@id":"https:\/\/fr.twiza.org\/portail\/#organization"},"potentialAction":[{"@type":"SearchAction","target":{"@type":"EntryPoint","urlTemplate":"https:\/\/fr.twiza.org\/portail\/?s={search_term_string}"},"query-input":{"@type":"PropertyValueSpecification","valueRequired":true,"valueName":"search_term_string"}}],"inLanguage":"fr-FR"},{"@type":"Organization","@id":"https:\/\/fr.twiza.org\/portail\/#organization","name":"R\u00e9seau Twiza","url":"https:\/\/fr.twiza.org\/portail\/","logo":{"@type":"ImageObject","inLanguage":"fr-FR","@id":"https:\/\/fr.twiza.org\/portail\/#\/schema\/logo\/image\/","url":"https:\/\/fr.twiza.org\/portail\/wp-content\/uploads\/2021\/05\/cropped-logo-reseau-twiza.jpg","contentUrl":"https:\/\/fr.twiza.org\/portail\/wp-content\/uploads\/2021\/05\/cropped-logo-reseau-twiza.jpg","width":400,"height":102,"caption":"R\u00e9seau Twiza"},"image":{"@id":"https:\/\/fr.twiza.org\/portail\/#\/schema\/logo\/image\/"},"sameAs":["https:\/\/fr-fr.facebook.com\/Twiza.fr\/","https:\/\/www.instagram.com\/twiza_fr\/","https:\/\/www.linkedin.com\/company\/reseautwiza\/"]}]}},"jetpack_sharing_enabled":true,"_links":{"self":[{"href":"https:\/\/fr.twiza.org\/portail\/wp-json\/wp\/v2\/pages\/5988","targetHints":{"allow":["GET"]}}],"collection":[{"href":"https:\/\/fr.twiza.org\/portail\/wp-json\/wp\/v2\/pages"}],"about":[{"href":"https:\/\/fr.twiza.org\/portail\/wp-json\/wp\/v2\/types\/page"}],"author":[{"embeddable":true,"href":"https:\/\/fr.twiza.org\/portail\/wp-json\/wp\/v2\/users\/3"}],"replies":[{"embeddable":true,"href":"https:\/\/fr.twiza.org\/portail\/wp-json\/wp\/v2\/comments?post=5988"}],"version-history":[{"count":3,"href":"https:\/\/fr.twiza.org\/portail\/wp-json\/wp\/v2\/pages\/5988\/revisions"}],"predecessor-version":[{"id":11878,"href":"https:\/\/fr.twiza.org\/portail\/wp-json\/wp\/v2\/pages\/5988\/revisions\/11878"}],"up":[{"embeddable":true,"href":"https:\/\/fr.twiza.org\/portail\/wp-json\/wp\/v2\/pages\/5877"}],"wp:attachment":[{"href":"https:\/\/fr.twiza.org\/portail\/wp-json\/wp\/v2\/media?parent=5988"}],"curies":[{"name":"wp","href":"https:\/\/api.w.org\/{rel}","templated":true}]}}