{"id":5990,"date":"2022-06-02T15:11:54","date_gmt":"2022-06-02T13:11:54","guid":{"rendered":"https:\/\/fr.twiza.org\/portail\/?page_id=5990"},"modified":"2024-12-03T10:01:33","modified_gmt":"2024-12-03T09:01:33","slug":"interet-ecologique-du-poele-de-masse","status":"publish","type":"page","link":"https:\/\/fr.twiza.org\/portail\/guides-dachat\/pourquoi-et-comment-acheter-un-poele-de-masse-4\/interet-ecologique-du-poele-de-masse\/","title":{"rendered":"Int\u00e9r\u00eat \u00e9cologique du po\u00eale de masse"},"content":{"rendered":"\n<p>Le chauffage repr\u00e9sente le plus gros p\u00f4le de <strong>consommation \u00e9nerg\u00e9tique <\/strong>des m\u00e9nages, <strong>66% <\/strong>de l\u2019\u00e9nergie totale selon l\u2019ADEME.<\/p>\n\n\n\n<p>Il r\u00e9pond donc \u00e0 des <strong>enjeux environnementaux<\/strong> majeurs. Le <strong>po\u00eale de masse<\/strong> fait partie des solutions les plus \u00e9cologiques et les plus rentables.<\/p>\n\n\n\n<h2 class=\"wp-block-heading\" id=\"h-le-chauffage-au-bois-arme-contre-le-changement-climatique\">Le chauffage au bois : arme contre le changement climatique<\/h2>\n\n\n\n<figure class=\"wp-block-image size-large\"><img fetchpriority=\"high\" decoding=\"async\" width=\"1920\" height=\"1079\" src=\"https:\/\/fr.twiza.org\/portail\/wp-content\/uploads\/2022\/05\/Bu\u0302ches-de-bois-edited.jpg\" alt=\"B\u00fbches de bois pour chauffage\" class=\"wp-image-5660\" srcset=\"https:\/\/fr.twiza.org\/portail\/wp-content\/uploads\/2022\/05\/Bu\u0302ches-de-bois-edited.jpg 1920w, https:\/\/fr.twiza.org\/portail\/wp-content\/uploads\/2022\/05\/Bu\u0302ches-de-bois-edited-600x337.jpg 600w, https:\/\/fr.twiza.org\/portail\/wp-content\/uploads\/2022\/05\/Bu\u0302ches-de-bois-edited-300x169.jpg 300w, https:\/\/fr.twiza.org\/portail\/wp-content\/uploads\/2022\/05\/Bu\u0302ches-de-bois-edited-1024x575.jpg 1024w, https:\/\/fr.twiza.org\/portail\/wp-content\/uploads\/2022\/05\/Bu\u0302ches-de-bois-edited-768x432.jpg 768w, https:\/\/fr.twiza.org\/portail\/wp-content\/uploads\/2022\/05\/Bu\u0302ches-de-bois-edited-1536x863.jpg 1536w\" sizes=\"(max-width: 1920px) 100vw, 1920px\" \/><\/figure>\n\n\n\n<p>Investir dans un <strong>chauffage au bois<\/strong>, c\u2019est aussi contribuer \u00e0 la pr\u00e9servation de notre environnement en optant pour l\u2019utilisation d\u2019une \u00e9nergie renouvelable. Ainsi tu diminues ton impact sur l\u2019\u00e9puisement des \u00e9nergies fossiles.&nbsp;<\/p>\n\n\n\n<p>Voici quelques exemples parmi les multiples vertus du mat\u00e9riau bois, il est :<\/p>\n\n\n\n<p>La seule source d&rsquo;<strong>\u00e9nergie renouvelable<\/strong> dont on peut am\u00e9liorer le <strong>gisement<\/strong>.<\/p>\n\n\n\n<p>Facilement <strong>stockable<\/strong>, son <strong>pouvoir calorifique<\/strong> s&rsquo;am\u00e9liore avec le temps, et donc le <strong>rendement<\/strong> associ\u00e9 \u00e0 sa combustion \u00e9galement. <\/p>\n\n\n\n<p><strong>Neutre en CO2<\/strong>, car en br\u00fblant, il \u00e9met le carbone qu&rsquo;il a stock\u00e9 en poussant, qu&rsquo;il aurait de toute fa\u00e7on lib\u00e9r\u00e9 au cours de sa d\u00e9gradation naturelle.<\/p>\n\n\n\n<p>Enfin, d\u2019apr\u00e8s le rapport de l\u2019INRA et l\u2019IGN de 2017 intitul\u00e9 : <a href=\"https:\/\/inventaire-forestier.ign.fr\/IMG\/pdf\/419207-b987f-resource-etude-forets-bois-et-changement-climatique-rapport.pdf\" target=\"_blank\" rel=\"noreferrer noopener\">Freins et leviers forestiers \u00e0 l&rsquo;horizon 2050<\/a>, il repr\u00e9sente une arme contre le changement climatique en cours actuellement.<\/p>\n\n\n\n<h2 class=\"wp-block-heading\" id=\"h-poele-de-masse-le-plus-ecologique-des-chauffages-au-bois\">Po\u00eale de masse : le plus \u00e9cologique des chauffages au bois<\/h2>\n\n\n\n<figure class=\"wp-block-image size-full\"><img decoding=\"async\" width=\"1024\" height=\"576\" src=\"https:\/\/fr.twiza.org\/portail\/wp-content\/uploads\/2022\/05\/Guide-poe\u0302le-de-masse-inte\u0301re\u0302-e\u0301cologique-poe\u0302le-terrakit-groupement-achats-twiza-edited.jpg\" alt=\"\" class=\"wp-image-5663\" srcset=\"https:\/\/fr.twiza.org\/portail\/wp-content\/uploads\/2022\/05\/Guide-poe\u0302le-de-masse-inte\u0301re\u0302-e\u0301cologique-poe\u0302le-terrakit-groupement-achats-twiza-edited.jpg 1024w, https:\/\/fr.twiza.org\/portail\/wp-content\/uploads\/2022\/05\/Guide-poe\u0302le-de-masse-inte\u0301re\u0302-e\u0301cologique-poe\u0302le-terrakit-groupement-achats-twiza-edited-600x338.jpg 600w, https:\/\/fr.twiza.org\/portail\/wp-content\/uploads\/2022\/05\/Guide-poe\u0302le-de-masse-inte\u0301re\u0302-e\u0301cologique-poe\u0302le-terrakit-groupement-achats-twiza-edited-300x169.jpg 300w, https:\/\/fr.twiza.org\/portail\/wp-content\/uploads\/2022\/05\/Guide-poe\u0302le-de-masse-inte\u0301re\u0302-e\u0301cologique-poe\u0302le-terrakit-groupement-achats-twiza-edited-768x432.jpg 768w\" sizes=\"(max-width: 1024px) 100vw, 1024px\" \/><figcaption class=\"wp-element-caption\">Po\u00eale de masse XP54 Terrakit propos\u00e9 via le <a href=\"https:\/\/achats.twiza.org\/produits\/po%C3%AAle-de-masse\" target=\"_blank\" rel=\"noreferrer noopener\">groupement d&rsquo;achats Twiza<\/a><\/figcaption><\/figure>\n\n\n\n<p>Parmi les syst\u00e8mes de <strong>chauffage au bois<\/strong>, le <strong>po\u00eale de masse<\/strong> fait figure de grand gagnant en termes d\u2019<strong>\u00e9cologie<\/strong>. Voici quelques unes des principales raisons :<\/p>\n\n\n\n<ul class=\"wp-block-list\">\n<li>Il consomme <strong>moiti\u00e9 moins de bois<\/strong> qu&rsquo;un po\u00eale \u00e0 bois classique.<\/li>\n<\/ul>\n\n\n\n<p><\/p>\n\n\n\n<ul class=\"wp-block-list\">\n<li>Sa <strong>combustion<\/strong> est <strong>compl\u00e8te<\/strong> et offre ainsi un meilleur<strong> rendement<\/strong> que la plupart des syst\u00e8mes de chauffages classiques.<\/li>\n<\/ul>\n\n\n\n<p><\/p>\n\n\n\n<ul class=\"wp-block-list\">\n<li>Sa <strong>combustion<\/strong> est \u00e9galement plus <strong>propre<\/strong>, car elle produit moins de goudrons et de cendres qu\u2019un po\u00eale ordinaire classique. Quant \u00e0 ses \u00e9missions de monoxyde de carbone et de particules fines, elles sont minimes, voire quasi nulles.<\/li>\n<\/ul>\n\n\n\n<p><\/p>\n\n\n\n<p>Pour aller plus loin :<\/p>\n\n\n\n<ul class=\"wp-block-list\">\n<li><a href=\"https:\/\/fr.twiza.org\/portail\/pourquoi-et-comment-acheter-un-poele-de-masse-4\/clin-doeil-historique-sur-le-poele-de-masse\/\" target=\"_blank\" rel=\"noreferrer noopener\">Clin d&rsquo;\u0153il historique sur le po\u00eale de masse<\/a><\/li>\n\n\n\n<li><a href=\"https:\/\/fr.twiza.org\/portail\/pourquoi-et-comment-acheter-un-poele-de-masse-4\/comment-fonctionne-un-poele-de-masse\/\" target=\"_blank\" rel=\"noreferrer noopener\">Comment fonctionne un po\u00eale de masse ?<\/a><\/li>\n\n\n\n<li><a href=\"https:\/\/fr.twiza.org\/portail\/pourquoi-et-comment-acheter-un-poele-de-masse-4\/poele-de-masse-avantages-et-inconvenients\/\" target=\"_blank\" rel=\"noreferrer noopener\">Le po\u00eale de masse : avantages et inconv\u00e9nients<\/a><\/li>\n\n\n\n<li><a href=\"https:\/\/fr.twiza.org\/portail\/pourquoi-et-comment-acheter-un-poele-de-masse-4\/le-poele-de-masse-pour-quel-type-dhabitation\/\" target=\"_blank\" rel=\"noreferrer noopener\">Le po\u00eale de masse : pour quel type d&rsquo;habitation ?<\/a><\/li>\n\n\n\n<li><a href=\"https:\/\/fr.twiza.org\/portail\/pourquoi-et-comment-acheter-un-poele-de-masse-4\/combien-coute-un-poele-de-masse\/\" target=\"_blank\" rel=\"noreferrer noopener\">Combien co\u00fbte un po\u00eale de masse ?<\/a><\/li>\n\n\n\n<li><a href=\"https:\/\/fr.twiza.org\/portail\/pourquoi-et-comment-acheter-un-poele-de-masse-4\/quel-modele-de-poele-de-masse-choisir\/\" target=\"_blank\" rel=\"noreferrer noopener\">Quel mod\u00e8le de po\u00eale de masse choisir ?<\/a><\/li>\n\n\n\n<li><a href=\"https:\/\/fr.twiza.org\/portail\/pourquoi-et-comment-acheter-un-poele-de-masse-4\/comment-bien-choisir-son-poele-de-masse\/\" target=\"_blank\" rel=\"noreferrer noopener\">Comment bien choisir son po\u00eale de masse ?<\/a><\/li>\n\n\n\n<li><a href=\"https:\/\/fr.twiza.org\/portail\/pourquoi-et-comment-acheter-un-poele-de-masse-4\/poele-de-masse-qualite-et-durabilite\/\" target=\"_blank\" rel=\"noreferrer noopener\">Po\u00eale de masse : qualit\u00e9 et durabilit\u00e9<\/a><\/li>\n\n\n\n<li>\ud83d\udc4b <a href=\"https:\/\/forum.twiza.org\/t\/poele-de-masse-en-achat-groupe-ouvert\/5519\" target=\"_blank\" rel=\"noopener\" title=\"\">Po\u00eale en achat group\u00e9 Twiza<\/a><\/li>\n<\/ul>\n\n\n\n<div style=\"height:50px\" aria-hidden=\"true\" class=\"wp-block-spacer\"><\/div>\n","protected":false},"excerpt":{"rendered":"<p>Le chauffage repr\u00e9sente le plus gros p\u00f4le de consommation \u00e9nerg\u00e9tique des m\u00e9nages, 66% de l\u2019\u00e9nergie totale selon l\u2019ADEME. Il r\u00e9pond donc \u00e0 des enjeux environnementaux majeurs. Le po\u00eale de masse fait partie des solutions les plus \u00e9cologiques et les plus rentables. Le chauffage au bois : arme contre le changement [&hellip;]<\/p>\n","protected":false},"author":3,"featured_media":0,"parent":5877,"menu_order":2,"comment_status":"closed","ping_status":"closed","template":"","meta":{"_eb_attr":"","_themeisle_gutenberg_block_has_review":false,"footnotes":""},"class_list":["post-5990","page","type-page","status-publish","hentry"],"yoast_head":"<!-- This site is optimized with the Yoast SEO Premium plugin v27.2 (Yoast SEO v27.3) - https:\/\/yoast.com\/product\/yoast-seo-premium-wordpress\/ -->\n<title>Int\u00e9r\u00eat \u00e9cologique du po\u00eale de masse<\/title>\n<meta name=\"description\" content=\"Qu&#039;est-ce qui fait du po\u00eale de masse le plus \u00e9cologique des po\u00eales \u00e0 bois ? Il consomme moiti\u00e9 moins de bois, sa combustion est compl\u00e8te...\" \/>\n<meta name=\"robots\" content=\"index, follow, max-snippet:-1, max-image-preview:large, max-video-preview:-1\" \/>\n<link rel=\"canonical\" href=\"https:\/\/fr.twiza.org\/portail\/guides-dachat\/pourquoi-et-comment-acheter-un-poele-de-masse-4\/interet-ecologique-du-poele-de-masse\/\" \/>\n<meta property=\"og:locale\" content=\"fr_FR\" \/>\n<meta property=\"og:type\" content=\"article\" \/>\n<meta property=\"og:title\" content=\"Int\u00e9r\u00eat \u00e9cologique du po\u00eale de masse\" \/>\n<meta property=\"og:description\" content=\"Qu&#039;est-ce qui fait du po\u00eale de masse le plus \u00e9cologique des po\u00eales \u00e0 bois ? Il consomme moiti\u00e9 moins de bois, sa combustion est compl\u00e8te...\" \/>\n<meta property=\"og:url\" content=\"https:\/\/fr.twiza.org\/portail\/guides-dachat\/pourquoi-et-comment-acheter-un-poele-de-masse-4\/interet-ecologique-du-poele-de-masse\/\" \/>\n<meta property=\"og:site_name\" content=\"R\u00e9seau Twiza\" \/>\n<meta property=\"article:publisher\" content=\"https:\/\/fr-fr.facebook.com\/Twiza.fr\/\" \/>\n<meta property=\"article:modified_time\" content=\"2024-12-03T09:01:33+00:00\" \/>\n<meta name=\"twitter:card\" content=\"summary_large_image\" \/>\n<script type=\"application\/ld+json\" class=\"yoast-schema-graph\">{\"@context\":\"https:\\\/\\\/schema.org\",\"@graph\":[{\"@type\":\"WebPage\",\"@id\":\"https:\\\/\\\/fr.twiza.org\\\/portail\\\/guides-dachat\\\/pourquoi-et-comment-acheter-un-poele-de-masse-4\\\/interet-ecologique-du-poele-de-masse\\\/\",\"url\":\"https:\\\/\\\/fr.twiza.org\\\/portail\\\/guides-dachat\\\/pourquoi-et-comment-acheter-un-poele-de-masse-4\\\/interet-ecologique-du-poele-de-masse\\\/\",\"name\":\"Int\u00e9r\u00eat \u00e9cologique du po\u00eale de masse\",\"isPartOf\":{\"@id\":\"https:\\\/\\\/fr.twiza.org\\\/portail\\\/#website\"},\"datePublished\":\"2022-06-02T13:11:54+00:00\",\"dateModified\":\"2024-12-03T09:01:33+00:00\",\"description\":\"Qu'est-ce qui fait du po\u00eale de masse le plus \u00e9cologique des po\u00eales \u00e0 bois ? Il consomme moiti\u00e9 moins de bois, sa combustion est compl\u00e8te...\",\"breadcrumb\":{\"@id\":\"https:\\\/\\\/fr.twiza.org\\\/portail\\\/guides-dachat\\\/pourquoi-et-comment-acheter-un-poele-de-masse-4\\\/interet-ecologique-du-poele-de-masse\\\/#breadcrumb\"},\"inLanguage\":\"fr-FR\",\"potentialAction\":[{\"@type\":\"ReadAction\",\"target\":[\"https:\\\/\\\/fr.twiza.org\\\/portail\\\/guides-dachat\\\/pourquoi-et-comment-acheter-un-poele-de-masse-4\\\/interet-ecologique-du-poele-de-masse\\\/\"]}]},{\"@type\":\"BreadcrumbList\",\"@id\":\"https:\\\/\\\/fr.twiza.org\\\/portail\\\/guides-dachat\\\/pourquoi-et-comment-acheter-un-poele-de-masse-4\\\/interet-ecologique-du-poele-de-masse\\\/#breadcrumb\",\"itemListElement\":[{\"@type\":\"ListItem\",\"position\":1,\"name\":\"Accueil\",\"item\":\"https:\\\/\\\/fr.twiza.org\\\/portail\\\/\"},{\"@type\":\"ListItem\",\"position\":2,\"name\":\"Guides d&#8217;achat\",\"item\":\"https:\\\/\\\/fr.twiza.org\\\/portail\\\/guides-dachat\\\/\"},{\"@type\":\"ListItem\",\"position\":3,\"name\":\"Pourquoi et comment acheter un po\u00eale de masse ?\",\"item\":\"https:\\\/\\\/fr.twiza.org\\\/portail\\\/guides-dachat\\\/pourquoi-et-comment-acheter-un-poele-de-masse-4\\\/\"},{\"@type\":\"ListItem\",\"position\":4,\"name\":\"Int\u00e9r\u00eat \u00e9cologique du po\u00eale de masse\"}]},{\"@type\":\"WebSite\",\"@id\":\"https:\\\/\\\/fr.twiza.org\\\/portail\\\/#website\",\"url\":\"https:\\\/\\\/fr.twiza.org\\\/portail\\\/\",\"name\":\"R\u00e9seau Twiza\",\"description\":\"Entraide pour un habitat \u00e9cologique, convivial et r\u00e9silient\",\"publisher\":{\"@id\":\"https:\\\/\\\/fr.twiza.org\\\/portail\\\/#organization\"},\"potentialAction\":[{\"@type\":\"SearchAction\",\"target\":{\"@type\":\"EntryPoint\",\"urlTemplate\":\"https:\\\/\\\/fr.twiza.org\\\/portail\\\/?s={search_term_string}\"},\"query-input\":{\"@type\":\"PropertyValueSpecification\",\"valueRequired\":true,\"valueName\":\"search_term_string\"}}],\"inLanguage\":\"fr-FR\"},{\"@type\":\"Organization\",\"@id\":\"https:\\\/\\\/fr.twiza.org\\\/portail\\\/#organization\",\"name\":\"R\u00e9seau Twiza\",\"url\":\"https:\\\/\\\/fr.twiza.org\\\/portail\\\/\",\"logo\":{\"@type\":\"ImageObject\",\"inLanguage\":\"fr-FR\",\"@id\":\"https:\\\/\\\/fr.twiza.org\\\/portail\\\/#\\\/schema\\\/logo\\\/image\\\/\",\"url\":\"https:\\\/\\\/fr.twiza.org\\\/portail\\\/wp-content\\\/uploads\\\/2021\\\/05\\\/cropped-logo-reseau-twiza.jpg\",\"contentUrl\":\"https:\\\/\\\/fr.twiza.org\\\/portail\\\/wp-content\\\/uploads\\\/2021\\\/05\\\/cropped-logo-reseau-twiza.jpg\",\"width\":400,\"height\":102,\"caption\":\"R\u00e9seau Twiza\"},\"image\":{\"@id\":\"https:\\\/\\\/fr.twiza.org\\\/portail\\\/#\\\/schema\\\/logo\\\/image\\\/\"},\"sameAs\":[\"https:\\\/\\\/fr-fr.facebook.com\\\/Twiza.fr\\\/\",\"https:\\\/\\\/www.instagram.com\\\/twiza_fr\\\/\",\"https:\\\/\\\/www.linkedin.com\\\/company\\\/reseautwiza\\\/\"]}]}<\/script>\n<!-- \/ Yoast SEO Premium plugin. -->","yoast_head_json":{"title":"Int\u00e9r\u00eat \u00e9cologique du po\u00eale de masse","description":"Qu'est-ce qui fait du po\u00eale de masse le plus \u00e9cologique des po\u00eales \u00e0 bois ? Il consomme moiti\u00e9 moins de bois, sa combustion est compl\u00e8te...","robots":{"index":"index","follow":"follow","max-snippet":"max-snippet:-1","max-image-preview":"max-image-preview:large","max-video-preview":"max-video-preview:-1"},"canonical":"https:\/\/fr.twiza.org\/portail\/guides-dachat\/pourquoi-et-comment-acheter-un-poele-de-masse-4\/interet-ecologique-du-poele-de-masse\/","og_locale":"fr_FR","og_type":"article","og_title":"Int\u00e9r\u00eat \u00e9cologique du po\u00eale de masse","og_description":"Qu'est-ce qui fait du po\u00eale de masse le plus \u00e9cologique des po\u00eales \u00e0 bois ? Il consomme moiti\u00e9 moins de bois, sa combustion est compl\u00e8te...","og_url":"https:\/\/fr.twiza.org\/portail\/guides-dachat\/pourquoi-et-comment-acheter-un-poele-de-masse-4\/interet-ecologique-du-poele-de-masse\/","og_site_name":"R\u00e9seau Twiza","article_publisher":"https:\/\/fr-fr.facebook.com\/Twiza.fr\/","article_modified_time":"2024-12-03T09:01:33+00:00","twitter_card":"summary_large_image","schema":{"@context":"https:\/\/schema.org","@graph":[{"@type":"WebPage","@id":"https:\/\/fr.twiza.org\/portail\/guides-dachat\/pourquoi-et-comment-acheter-un-poele-de-masse-4\/interet-ecologique-du-poele-de-masse\/","url":"https:\/\/fr.twiza.org\/portail\/guides-dachat\/pourquoi-et-comment-acheter-un-poele-de-masse-4\/interet-ecologique-du-poele-de-masse\/","name":"Int\u00e9r\u00eat \u00e9cologique du po\u00eale de masse","isPartOf":{"@id":"https:\/\/fr.twiza.org\/portail\/#website"},"datePublished":"2022-06-02T13:11:54+00:00","dateModified":"2024-12-03T09:01:33+00:00","description":"Qu'est-ce qui fait du po\u00eale de masse le plus \u00e9cologique des po\u00eales \u00e0 bois ? Il consomme moiti\u00e9 moins de bois, sa combustion est compl\u00e8te...","breadcrumb":{"@id":"https:\/\/fr.twiza.org\/portail\/guides-dachat\/pourquoi-et-comment-acheter-un-poele-de-masse-4\/interet-ecologique-du-poele-de-masse\/#breadcrumb"},"inLanguage":"fr-FR","potentialAction":[{"@type":"ReadAction","target":["https:\/\/fr.twiza.org\/portail\/guides-dachat\/pourquoi-et-comment-acheter-un-poele-de-masse-4\/interet-ecologique-du-poele-de-masse\/"]}]},{"@type":"BreadcrumbList","@id":"https:\/\/fr.twiza.org\/portail\/guides-dachat\/pourquoi-et-comment-acheter-un-poele-de-masse-4\/interet-ecologique-du-poele-de-masse\/#breadcrumb","itemListElement":[{"@type":"ListItem","position":1,"name":"Accueil","item":"https:\/\/fr.twiza.org\/portail\/"},{"@type":"ListItem","position":2,"name":"Guides d&#8217;achat","item":"https:\/\/fr.twiza.org\/portail\/guides-dachat\/"},{"@type":"ListItem","position":3,"name":"Pourquoi et comment acheter un po\u00eale de masse ?","item":"https:\/\/fr.twiza.org\/portail\/guides-dachat\/pourquoi-et-comment-acheter-un-poele-de-masse-4\/"},{"@type":"ListItem","position":4,"name":"Int\u00e9r\u00eat \u00e9cologique du po\u00eale de masse"}]},{"@type":"WebSite","@id":"https:\/\/fr.twiza.org\/portail\/#website","url":"https:\/\/fr.twiza.org\/portail\/","name":"R\u00e9seau Twiza","description":"Entraide pour un habitat \u00e9cologique, convivial et r\u00e9silient","publisher":{"@id":"https:\/\/fr.twiza.org\/portail\/#organization"},"potentialAction":[{"@type":"SearchAction","target":{"@type":"EntryPoint","urlTemplate":"https:\/\/fr.twiza.org\/portail\/?s={search_term_string}"},"query-input":{"@type":"PropertyValueSpecification","valueRequired":true,"valueName":"search_term_string"}}],"inLanguage":"fr-FR"},{"@type":"Organization","@id":"https:\/\/fr.twiza.org\/portail\/#organization","name":"R\u00e9seau Twiza","url":"https:\/\/fr.twiza.org\/portail\/","logo":{"@type":"ImageObject","inLanguage":"fr-FR","@id":"https:\/\/fr.twiza.org\/portail\/#\/schema\/logo\/image\/","url":"https:\/\/fr.twiza.org\/portail\/wp-content\/uploads\/2021\/05\/cropped-logo-reseau-twiza.jpg","contentUrl":"https:\/\/fr.twiza.org\/portail\/wp-content\/uploads\/2021\/05\/cropped-logo-reseau-twiza.jpg","width":400,"height":102,"caption":"R\u00e9seau Twiza"},"image":{"@id":"https:\/\/fr.twiza.org\/portail\/#\/schema\/logo\/image\/"},"sameAs":["https:\/\/fr-fr.facebook.com\/Twiza.fr\/","https:\/\/www.instagram.com\/twiza_fr\/","https:\/\/www.linkedin.com\/company\/reseautwiza\/"]}]}},"jetpack_sharing_enabled":true,"_links":{"self":[{"href":"https:\/\/fr.twiza.org\/portail\/wp-json\/wp\/v2\/pages\/5990","targetHints":{"allow":["GET"]}}],"collection":[{"href":"https:\/\/fr.twiza.org\/portail\/wp-json\/wp\/v2\/pages"}],"about":[{"href":"https:\/\/fr.twiza.org\/portail\/wp-json\/wp\/v2\/types\/page"}],"author":[{"embeddable":true,"href":"https:\/\/fr.twiza.org\/portail\/wp-json\/wp\/v2\/users\/3"}],"replies":[{"embeddable":true,"href":"https:\/\/fr.twiza.org\/portail\/wp-json\/wp\/v2\/comments?post=5990"}],"version-history":[{"count":4,"href":"https:\/\/fr.twiza.org\/portail\/wp-json\/wp\/v2\/pages\/5990\/revisions"}],"predecessor-version":[{"id":11883,"href":"https:\/\/fr.twiza.org\/portail\/wp-json\/wp\/v2\/pages\/5990\/revisions\/11883"}],"up":[{"embeddable":true,"href":"https:\/\/fr.twiza.org\/portail\/wp-json\/wp\/v2\/pages\/5877"}],"wp:attachment":[{"href":"https:\/\/fr.twiza.org\/portail\/wp-json\/wp\/v2\/media?parent=5990"}],"curies":[{"name":"wp","href":"https:\/\/api.w.org\/{rel}","templated":true}]}}