{"id":5994,"date":"2022-06-02T15:28:36","date_gmt":"2022-06-02T13:28:36","guid":{"rendered":"https:\/\/fr.twiza.org\/portail\/?page_id=5994"},"modified":"2024-12-03T10:01:47","modified_gmt":"2024-12-03T09:01:47","slug":"le-poele-de-masse-pour-quel-type-dhabitation","status":"publish","type":"page","link":"https:\/\/fr.twiza.org\/portail\/guides-dachat\/pourquoi-et-comment-acheter-un-poele-de-masse-4\/le-poele-de-masse-pour-quel-type-dhabitation\/","title":{"rendered":"Le po\u00eale de masse : pour quel type d&rsquo;habitation ?"},"content":{"rendered":"\n<h2 class=\"wp-block-heading\" id=\"h-poele-de-masse-un-poele-adapte-pour-les-maisons-bien-isolees\">Po\u00eale de masse : un po\u00eale adapt\u00e9 pour les maisons bien isol\u00e9es<\/h2>\n\n\n\n<p>Le <strong>po\u00eale de masse<\/strong> est plus adapt\u00e9 aux habitations bien <strong>isol\u00e9es<\/strong>, ayant une bonne r\u00e9sistance aux fluctuations des temp\u00e9ratures ext\u00e9rieures. Il restitue lentement une chaleur qui ne d\u00e9passera jamais un certain seuil de temp\u00e9rature. Son fonctionnement ne permet donc pas une tr\u00e8s grande r\u00e9activit\u00e9.<\/p>\n\n\n\n<p>Par exemple, dans le cas d&rsquo;une maison peu isol\u00e9e et bien expos\u00e9e au soleil, il est n\u00e9cessaire de pouvoir compenser les forts apports solaires assez rapidement. Il n&rsquo;est alors, pas possible, d&rsquo;\u00e9teindre soudainement son <strong>po\u00eale de masse<\/strong> comme on le ferait avec un chauffage \u00e9lectrique.<\/p>\n\n\n\n<p>Toutefois, il existe aujourd&rsquo;hui des <strong>po\u00eales de masse<\/strong> avec <strong>\u00e9crans thermiques isolants<\/strong>, qui offrent une <strong>r\u00e9gulation<\/strong> plus fine de la temp\u00e9rature diffus\u00e9e. En effet, ces derniers peuvent s&rsquo;abaisser ou se relever selon l&rsquo;\u00e9volution de la temp\u00e9rature int\u00e9rieure.<\/p>\n\n\n\n<p>Ces mod\u00e8les qui optimisent la courbe de restitution de la chaleur ont \u00e9t\u00e9 con\u00e7us en r\u00e9ponse aux normes en vigueur \u00e0 respecter pour les maisons RT 2012 (construction d\u2019un b\u00e2timent neuf). Pour en savoir plus, n\u2019h\u00e9site pas \u00e0 consulter le petit guide sur la <a href=\"https:\/\/conseils-thermiques.org\/contenu\/reglementation_thermique_2012.php\" target=\"_blank\" rel=\"noreferrer noopener\">r\u00e9glementation thermique 2012<\/a> du site Conseils Thermiques.<\/p>\n\n\n\n<h2 class=\"wp-block-heading\" id=\"h-poele-de-masse-details-techniques-a-respecter\">Po\u00eale de masse : d\u00e9tails techniques \u00e0 respecter<\/h2>\n\n\n\n<p>Ton habitation doit comporter un <strong>espace central ouvert<\/strong>, en accord avec le mode de diffusion par <strong>rayonnement<\/strong> du <strong>po\u00eale de masse<\/strong>.<\/p>\n\n\n\n<p>En effet, il chauffe tout ce qu&rsquo;il \u00ab\u00a0voit\u00a0\u00bb (comme le soleil), donc il pr\u00e9f\u00e9rable qu&rsquo;il \u00ab\u00a0voit\u00a0\u00bb un maximum d&rsquo;espace et de pi\u00e8ces.<\/p>\n\n\n\n<p>Par ailleurs, tu dois anticiper la <strong>place<\/strong> que prendra ton <strong>po\u00eale de masse<\/strong> au sein de ton <strong>habitation<\/strong>.<\/p>\n\n\n\n<p>Prenons l&rsquo;exemple d&rsquo;un <strong>po\u00eale de masse<\/strong> de taille moyenne, son volume est \u00e0 peu pr\u00e8s comparable \u00e0 celui d&rsquo;une chaudi\u00e8re classique.<\/p>\n\n\n\n<ul class=\"wp-block-list\">\n<li>surface au sol : 1m2<\/li>\n\n\n\n<li>profondeur : 70cm<\/li>\n\n\n\n<li>largeur : 90cm<\/li>\n\n\n\n<li>hauteur : 1 \u00e0 2m<\/li>\n\n\n\n<li>espace minimum autour du po\u00eale : 20cm<\/li>\n<\/ul>\n\n\n\n<p>Quant au conduit du fum\u00e9e de ton po\u00eale de masse, sa sortie doit \u00eatre au minimum \u00e0 40cm au dessus du fa\u00eetage.<\/p>\n\n\n\n<p>Pour plus d&rsquo;information, tu peux te r\u00e9f\u00e9rer aux textes de la norme <strong>NF<\/strong> <strong>DTU<\/strong> <strong>24.1<\/strong>, visant la r\u00e9alisation des <strong>conduits de fum\u00e9e<\/strong> desservant un ou plusieurs appareils de chauffage.<\/p>\n\n\n\n<p>Elle est cependant r\u00e9guli\u00e8rement soumise \u00e0 de nouveaux amendements.<\/p>\n\n\n\n<p>Enfin le sol qui accueillera ton po\u00eale doit pouvoir <strong>supporter<\/strong> son <strong>poids<\/strong> sans dommage. Il peut varier de 650 kg \u00e0 4 tonnes selon le mod\u00e8le. Si \u00e7a n&rsquo;est pas le cas, tu pourras peut-\u00eatre envisager des travaux de renforcement de ton sol ou de tes fondations.<\/p>\n\n\n\n<p><\/p>\n\n\n\n<p>Pour aller plus loin :<\/p>\n\n\n\n<ul class=\"wp-block-list\">\n<li><a href=\"https:\/\/fr.twiza.org\/portail\/pourquoi-et-comment-acheter-un-poele-de-masse-4\/clin-doeil-historique-sur-le-poele-de-masse\/\" target=\"_blank\" rel=\"noreferrer noopener\">Clin d&rsquo;\u0153il historique sur le po\u00eale de masse<\/a><\/li>\n\n\n\n<li><a href=\"https:\/\/fr.twiza.org\/portail\/pourquoi-et-comment-acheter-un-poele-de-masse-4\/comment-fonctionne-un-poele-de-masse\/\" target=\"_blank\" rel=\"noreferrer noopener\">Comment fonctionne un po\u00eale de masse ?<\/a><\/li>\n\n\n\n<li><a href=\"https:\/\/fr.twiza.org\/portail\/pourquoi-et-comment-acheter-un-poele-de-masse-4\/interet-ecologique-du-poele-de-masse\/\" target=\"_blank\" rel=\"noreferrer noopener\">Int\u00e9r\u00eat \u00e9cologique du po\u00eale de masse<\/a><\/li>\n\n\n\n<li><a href=\"https:\/\/fr.twiza.org\/portail\/pourquoi-et-comment-acheter-un-poele-de-masse-4\/poele-de-masse-avantages-et-inconvenients\/\" target=\"_blank\" rel=\"noreferrer noopener\">Le po\u00eale de masse : avantages et inconv\u00e9nients<\/a><\/li>\n\n\n\n<li><a href=\"https:\/\/fr.twiza.org\/portail\/pourquoi-et-comment-acheter-un-poele-de-masse-4\/combien-coute-un-poele-de-masse\/\" target=\"_blank\" rel=\"noreferrer noopener\">Combien co\u00fbte un po\u00eale de masse ?<\/a><\/li>\n\n\n\n<li><a href=\"https:\/\/fr.twiza.org\/portail\/pourquoi-et-comment-acheter-un-poele-de-masse-4\/quel-modele-de-poele-de-masse-choisir\/\" target=\"_blank\" rel=\"noreferrer noopener\">Quel mod\u00e8le de po\u00eale de masse choisir ?<\/a><\/li>\n\n\n\n<li><a href=\"https:\/\/fr.twiza.org\/portail\/pourquoi-et-comment-acheter-un-poele-de-masse-4\/comment-bien-choisir-son-poele-de-masse\/\" target=\"_blank\" rel=\"noreferrer noopener\">Comment bien choisir son po\u00eale de masse ?<\/a><\/li>\n\n\n\n<li><a href=\"https:\/\/fr.twiza.org\/portail\/pourquoi-et-comment-acheter-un-poele-de-masse-4\/poele-de-masse-qualite-et-durabilite\/\" target=\"_blank\" rel=\"noreferrer noopener\">Po\u00eale de masse : qualit\u00e9 et durabilit\u00e9<\/a><\/li>\n\n\n\n<li>\ud83d\udc4b <a href=\"https:\/\/forum.twiza.org\/t\/poele-de-masse-en-achat-groupe-ouvert\/5519\" target=\"_blank\" rel=\"noopener\" title=\"\">Po\u00eale en achat group\u00e9 Twiza<\/a><\/li>\n<\/ul>\n\n\n\n<div style=\"height:50px\" aria-hidden=\"true\" class=\"wp-block-spacer\"><\/div>\n","protected":false},"excerpt":{"rendered":"<p>Po\u00eale de masse : un po\u00eale adapt\u00e9 pour les maisons bien isol\u00e9es Le po\u00eale de masse est plus adapt\u00e9 aux habitations bien isol\u00e9es, ayant une bonne r\u00e9sistance aux fluctuations des temp\u00e9ratures ext\u00e9rieures. Il restitue lentement une chaleur qui ne d\u00e9passera jamais un certain seuil de temp\u00e9rature. Son fonctionnement ne permet [&hellip;]<\/p>\n","protected":false},"author":3,"featured_media":5686,"parent":5877,"menu_order":4,"comment_status":"closed","ping_status":"closed","template":"","meta":{"_eb_attr":"","_themeisle_gutenberg_block_has_review":false,"footnotes":""},"class_list":["post-5994","page","type-page","status-publish","has-post-thumbnail","hentry"],"yoast_head":"<!-- This site is optimized with the Yoast SEO Premium plugin v27.2 (Yoast SEO v27.4) - https:\/\/yoast.com\/product\/yoast-seo-premium-wordpress\/ -->\n<title>Le po\u00eale de masse : pour quel type d&#039;habitation ?<\/title>\n<meta name=\"description\" content=\"Pour quelle type d&#039;habitation le po\u00eale de masse est-il adapt\u00e9 ? Le po\u00eale de masse est adapt\u00e9 aux maisons bien isol\u00e9es...\" \/>\n<meta name=\"robots\" content=\"index, follow, max-snippet:-1, max-image-preview:large, max-video-preview:-1\" \/>\n<link rel=\"canonical\" href=\"https:\/\/fr.twiza.org\/portail\/guides-dachat\/pourquoi-et-comment-acheter-un-poele-de-masse-4\/le-poele-de-masse-pour-quel-type-dhabitation\/\" \/>\n<meta property=\"og:locale\" content=\"fr_FR\" \/>\n<meta property=\"og:type\" content=\"article\" \/>\n<meta property=\"og:title\" content=\"Le po\u00eale de masse : pour quel type d&#039;habitation ?\" \/>\n<meta property=\"og:description\" content=\"Pour quelle type d&#039;habitation le po\u00eale de masse est-il adapt\u00e9 ? Le po\u00eale de masse est adapt\u00e9 aux maisons bien isol\u00e9es...\" \/>\n<meta property=\"og:url\" content=\"https:\/\/fr.twiza.org\/portail\/guides-dachat\/pourquoi-et-comment-acheter-un-poele-de-masse-4\/le-poele-de-masse-pour-quel-type-dhabitation\/\" \/>\n<meta property=\"og:site_name\" content=\"R\u00e9seau Twiza\" \/>\n<meta property=\"article:publisher\" content=\"https:\/\/fr-fr.facebook.com\/Twiza.fr\/\" \/>\n<meta property=\"article:modified_time\" content=\"2024-12-03T09:01:47+00:00\" \/>\n<meta property=\"og:image\" content=\"https:\/\/fr.twiza.org\/portail\/wp-content\/uploads\/2022\/05\/Guide-poe\u0302le-de-masse-prix-poe\u0302le-pre\u0302t-a\u0300-poser.jpg\" \/>\n\t<meta property=\"og:image:width\" content=\"1024\" \/>\n\t<meta property=\"og:image:height\" content=\"594\" \/>\n\t<meta property=\"og:image:type\" content=\"image\/jpeg\" \/>\n<meta name=\"twitter:card\" content=\"summary_large_image\" \/>\n<script type=\"application\/ld+json\" class=\"yoast-schema-graph\">{\"@context\":\"https:\\\/\\\/schema.org\",\"@graph\":[{\"@type\":\"WebPage\",\"@id\":\"https:\\\/\\\/fr.twiza.org\\\/portail\\\/guides-dachat\\\/pourquoi-et-comment-acheter-un-poele-de-masse-4\\\/le-poele-de-masse-pour-quel-type-dhabitation\\\/\",\"url\":\"https:\\\/\\\/fr.twiza.org\\\/portail\\\/guides-dachat\\\/pourquoi-et-comment-acheter-un-poele-de-masse-4\\\/le-poele-de-masse-pour-quel-type-dhabitation\\\/\",\"name\":\"Le po\u00eale de masse : pour quel type d'habitation ?\",\"isPartOf\":{\"@id\":\"https:\\\/\\\/fr.twiza.org\\\/portail\\\/#website\"},\"primaryImageOfPage\":{\"@id\":\"https:\\\/\\\/fr.twiza.org\\\/portail\\\/guides-dachat\\\/pourquoi-et-comment-acheter-un-poele-de-masse-4\\\/le-poele-de-masse-pour-quel-type-dhabitation\\\/#primaryimage\"},\"image\":{\"@id\":\"https:\\\/\\\/fr.twiza.org\\\/portail\\\/guides-dachat\\\/pourquoi-et-comment-acheter-un-poele-de-masse-4\\\/le-poele-de-masse-pour-quel-type-dhabitation\\\/#primaryimage\"},\"thumbnailUrl\":\"https:\\\/\\\/fr.twiza.org\\\/portail\\\/wp-content\\\/uploads\\\/2022\\\/05\\\/Guide-poe\u0302le-de-masse-prix-poe\u0302le-pre\u0302t-a\u0300-poser.jpg\",\"datePublished\":\"2022-06-02T13:28:36+00:00\",\"dateModified\":\"2024-12-03T09:01:47+00:00\",\"description\":\"Pour quelle type d'habitation le po\u00eale de masse est-il adapt\u00e9 ? Le po\u00eale de masse est adapt\u00e9 aux maisons bien isol\u00e9es...\",\"breadcrumb\":{\"@id\":\"https:\\\/\\\/fr.twiza.org\\\/portail\\\/guides-dachat\\\/pourquoi-et-comment-acheter-un-poele-de-masse-4\\\/le-poele-de-masse-pour-quel-type-dhabitation\\\/#breadcrumb\"},\"inLanguage\":\"fr-FR\",\"potentialAction\":[{\"@type\":\"ReadAction\",\"target\":[\"https:\\\/\\\/fr.twiza.org\\\/portail\\\/guides-dachat\\\/pourquoi-et-comment-acheter-un-poele-de-masse-4\\\/le-poele-de-masse-pour-quel-type-dhabitation\\\/\"]}]},{\"@type\":\"ImageObject\",\"inLanguage\":\"fr-FR\",\"@id\":\"https:\\\/\\\/fr.twiza.org\\\/portail\\\/guides-dachat\\\/pourquoi-et-comment-acheter-un-poele-de-masse-4\\\/le-poele-de-masse-pour-quel-type-dhabitation\\\/#primaryimage\",\"url\":\"https:\\\/\\\/fr.twiza.org\\\/portail\\\/wp-content\\\/uploads\\\/2022\\\/05\\\/Guide-poe\u0302le-de-masse-prix-poe\u0302le-pre\u0302t-a\u0300-poser.jpg\",\"contentUrl\":\"https:\\\/\\\/fr.twiza.org\\\/portail\\\/wp-content\\\/uploads\\\/2022\\\/05\\\/Guide-poe\u0302le-de-masse-prix-poe\u0302le-pre\u0302t-a\u0300-poser.jpg\",\"width\":1024,\"height\":594},{\"@type\":\"BreadcrumbList\",\"@id\":\"https:\\\/\\\/fr.twiza.org\\\/portail\\\/guides-dachat\\\/pourquoi-et-comment-acheter-un-poele-de-masse-4\\\/le-poele-de-masse-pour-quel-type-dhabitation\\\/#breadcrumb\",\"itemListElement\":[{\"@type\":\"ListItem\",\"position\":1,\"name\":\"Accueil\",\"item\":\"https:\\\/\\\/fr.twiza.org\\\/portail\\\/\"},{\"@type\":\"ListItem\",\"position\":2,\"name\":\"Guides d&#8217;achat\",\"item\":\"https:\\\/\\\/fr.twiza.org\\\/portail\\\/guides-dachat\\\/\"},{\"@type\":\"ListItem\",\"position\":3,\"name\":\"Pourquoi et comment acheter un po\u00eale de masse ?\",\"item\":\"https:\\\/\\\/fr.twiza.org\\\/portail\\\/guides-dachat\\\/pourquoi-et-comment-acheter-un-poele-de-masse-4\\\/\"},{\"@type\":\"ListItem\",\"position\":4,\"name\":\"Le po\u00eale de masse : pour quel type d&rsquo;habitation ?\"}]},{\"@type\":\"WebSite\",\"@id\":\"https:\\\/\\\/fr.twiza.org\\\/portail\\\/#website\",\"url\":\"https:\\\/\\\/fr.twiza.org\\\/portail\\\/\",\"name\":\"R\u00e9seau Twiza\",\"description\":\"Entraide pour un habitat \u00e9cologique, convivial et r\u00e9silient\",\"publisher\":{\"@id\":\"https:\\\/\\\/fr.twiza.org\\\/portail\\\/#organization\"},\"potentialAction\":[{\"@type\":\"SearchAction\",\"target\":{\"@type\":\"EntryPoint\",\"urlTemplate\":\"https:\\\/\\\/fr.twiza.org\\\/portail\\\/?s={search_term_string}\"},\"query-input\":{\"@type\":\"PropertyValueSpecification\",\"valueRequired\":true,\"valueName\":\"search_term_string\"}}],\"inLanguage\":\"fr-FR\"},{\"@type\":\"Organization\",\"@id\":\"https:\\\/\\\/fr.twiza.org\\\/portail\\\/#organization\",\"name\":\"R\u00e9seau Twiza\",\"url\":\"https:\\\/\\\/fr.twiza.org\\\/portail\\\/\",\"logo\":{\"@type\":\"ImageObject\",\"inLanguage\":\"fr-FR\",\"@id\":\"https:\\\/\\\/fr.twiza.org\\\/portail\\\/#\\\/schema\\\/logo\\\/image\\\/\",\"url\":\"https:\\\/\\\/fr.twiza.org\\\/portail\\\/wp-content\\\/uploads\\\/2021\\\/05\\\/cropped-logo-reseau-twiza.jpg\",\"contentUrl\":\"https:\\\/\\\/fr.twiza.org\\\/portail\\\/wp-content\\\/uploads\\\/2021\\\/05\\\/cropped-logo-reseau-twiza.jpg\",\"width\":400,\"height\":102,\"caption\":\"R\u00e9seau Twiza\"},\"image\":{\"@id\":\"https:\\\/\\\/fr.twiza.org\\\/portail\\\/#\\\/schema\\\/logo\\\/image\\\/\"},\"sameAs\":[\"https:\\\/\\\/fr-fr.facebook.com\\\/Twiza.fr\\\/\",\"https:\\\/\\\/www.instagram.com\\\/twiza_fr\\\/\",\"https:\\\/\\\/www.linkedin.com\\\/company\\\/reseautwiza\\\/\"]}]}<\/script>\n<!-- \/ Yoast SEO Premium plugin. -->","yoast_head_json":{"title":"Le po\u00eale de masse : pour quel type d'habitation ?","description":"Pour quelle type d'habitation le po\u00eale de masse est-il adapt\u00e9 ? Le po\u00eale de masse est adapt\u00e9 aux maisons bien isol\u00e9es...","robots":{"index":"index","follow":"follow","max-snippet":"max-snippet:-1","max-image-preview":"max-image-preview:large","max-video-preview":"max-video-preview:-1"},"canonical":"https:\/\/fr.twiza.org\/portail\/guides-dachat\/pourquoi-et-comment-acheter-un-poele-de-masse-4\/le-poele-de-masse-pour-quel-type-dhabitation\/","og_locale":"fr_FR","og_type":"article","og_title":"Le po\u00eale de masse : pour quel type d'habitation ?","og_description":"Pour quelle type d'habitation le po\u00eale de masse est-il adapt\u00e9 ? Le po\u00eale de masse est adapt\u00e9 aux maisons bien isol\u00e9es...","og_url":"https:\/\/fr.twiza.org\/portail\/guides-dachat\/pourquoi-et-comment-acheter-un-poele-de-masse-4\/le-poele-de-masse-pour-quel-type-dhabitation\/","og_site_name":"R\u00e9seau Twiza","article_publisher":"https:\/\/fr-fr.facebook.com\/Twiza.fr\/","article_modified_time":"2024-12-03T09:01:47+00:00","og_image":[{"width":1024,"height":594,"url":"https:\/\/fr.twiza.org\/portail\/wp-content\/uploads\/2022\/05\/Guide-poe\u0302le-de-masse-prix-poe\u0302le-pre\u0302t-a\u0300-poser.jpg","type":"image\/jpeg"}],"twitter_card":"summary_large_image","schema":{"@context":"https:\/\/schema.org","@graph":[{"@type":"WebPage","@id":"https:\/\/fr.twiza.org\/portail\/guides-dachat\/pourquoi-et-comment-acheter-un-poele-de-masse-4\/le-poele-de-masse-pour-quel-type-dhabitation\/","url":"https:\/\/fr.twiza.org\/portail\/guides-dachat\/pourquoi-et-comment-acheter-un-poele-de-masse-4\/le-poele-de-masse-pour-quel-type-dhabitation\/","name":"Le po\u00eale de masse : pour quel type d'habitation ?","isPartOf":{"@id":"https:\/\/fr.twiza.org\/portail\/#website"},"primaryImageOfPage":{"@id":"https:\/\/fr.twiza.org\/portail\/guides-dachat\/pourquoi-et-comment-acheter-un-poele-de-masse-4\/le-poele-de-masse-pour-quel-type-dhabitation\/#primaryimage"},"image":{"@id":"https:\/\/fr.twiza.org\/portail\/guides-dachat\/pourquoi-et-comment-acheter-un-poele-de-masse-4\/le-poele-de-masse-pour-quel-type-dhabitation\/#primaryimage"},"thumbnailUrl":"https:\/\/fr.twiza.org\/portail\/wp-content\/uploads\/2022\/05\/Guide-poe\u0302le-de-masse-prix-poe\u0302le-pre\u0302t-a\u0300-poser.jpg","datePublished":"2022-06-02T13:28:36+00:00","dateModified":"2024-12-03T09:01:47+00:00","description":"Pour quelle type d'habitation le po\u00eale de masse est-il adapt\u00e9 ? Le po\u00eale de masse est adapt\u00e9 aux maisons bien isol\u00e9es...","breadcrumb":{"@id":"https:\/\/fr.twiza.org\/portail\/guides-dachat\/pourquoi-et-comment-acheter-un-poele-de-masse-4\/le-poele-de-masse-pour-quel-type-dhabitation\/#breadcrumb"},"inLanguage":"fr-FR","potentialAction":[{"@type":"ReadAction","target":["https:\/\/fr.twiza.org\/portail\/guides-dachat\/pourquoi-et-comment-acheter-un-poele-de-masse-4\/le-poele-de-masse-pour-quel-type-dhabitation\/"]}]},{"@type":"ImageObject","inLanguage":"fr-FR","@id":"https:\/\/fr.twiza.org\/portail\/guides-dachat\/pourquoi-et-comment-acheter-un-poele-de-masse-4\/le-poele-de-masse-pour-quel-type-dhabitation\/#primaryimage","url":"https:\/\/fr.twiza.org\/portail\/wp-content\/uploads\/2022\/05\/Guide-poe\u0302le-de-masse-prix-poe\u0302le-pre\u0302t-a\u0300-poser.jpg","contentUrl":"https:\/\/fr.twiza.org\/portail\/wp-content\/uploads\/2022\/05\/Guide-poe\u0302le-de-masse-prix-poe\u0302le-pre\u0302t-a\u0300-poser.jpg","width":1024,"height":594},{"@type":"BreadcrumbList","@id":"https:\/\/fr.twiza.org\/portail\/guides-dachat\/pourquoi-et-comment-acheter-un-poele-de-masse-4\/le-poele-de-masse-pour-quel-type-dhabitation\/#breadcrumb","itemListElement":[{"@type":"ListItem","position":1,"name":"Accueil","item":"https:\/\/fr.twiza.org\/portail\/"},{"@type":"ListItem","position":2,"name":"Guides d&#8217;achat","item":"https:\/\/fr.twiza.org\/portail\/guides-dachat\/"},{"@type":"ListItem","position":3,"name":"Pourquoi et comment acheter un po\u00eale de masse ?","item":"https:\/\/fr.twiza.org\/portail\/guides-dachat\/pourquoi-et-comment-acheter-un-poele-de-masse-4\/"},{"@type":"ListItem","position":4,"name":"Le po\u00eale de masse : pour quel type d&rsquo;habitation ?"}]},{"@type":"WebSite","@id":"https:\/\/fr.twiza.org\/portail\/#website","url":"https:\/\/fr.twiza.org\/portail\/","name":"R\u00e9seau Twiza","description":"Entraide pour un habitat \u00e9cologique, convivial et r\u00e9silient","publisher":{"@id":"https:\/\/fr.twiza.org\/portail\/#organization"},"potentialAction":[{"@type":"SearchAction","target":{"@type":"EntryPoint","urlTemplate":"https:\/\/fr.twiza.org\/portail\/?s={search_term_string}"},"query-input":{"@type":"PropertyValueSpecification","valueRequired":true,"valueName":"search_term_string"}}],"inLanguage":"fr-FR"},{"@type":"Organization","@id":"https:\/\/fr.twiza.org\/portail\/#organization","name":"R\u00e9seau Twiza","url":"https:\/\/fr.twiza.org\/portail\/","logo":{"@type":"ImageObject","inLanguage":"fr-FR","@id":"https:\/\/fr.twiza.org\/portail\/#\/schema\/logo\/image\/","url":"https:\/\/fr.twiza.org\/portail\/wp-content\/uploads\/2021\/05\/cropped-logo-reseau-twiza.jpg","contentUrl":"https:\/\/fr.twiza.org\/portail\/wp-content\/uploads\/2021\/05\/cropped-logo-reseau-twiza.jpg","width":400,"height":102,"caption":"R\u00e9seau Twiza"},"image":{"@id":"https:\/\/fr.twiza.org\/portail\/#\/schema\/logo\/image\/"},"sameAs":["https:\/\/fr-fr.facebook.com\/Twiza.fr\/","https:\/\/www.instagram.com\/twiza_fr\/","https:\/\/www.linkedin.com\/company\/reseautwiza\/"]}]}},"jetpack_sharing_enabled":true,"_links":{"self":[{"href":"https:\/\/fr.twiza.org\/portail\/wp-json\/wp\/v2\/pages\/5994","targetHints":{"allow":["GET"]}}],"collection":[{"href":"https:\/\/fr.twiza.org\/portail\/wp-json\/wp\/v2\/pages"}],"about":[{"href":"https:\/\/fr.twiza.org\/portail\/wp-json\/wp\/v2\/types\/page"}],"author":[{"embeddable":true,"href":"https:\/\/fr.twiza.org\/portail\/wp-json\/wp\/v2\/users\/3"}],"replies":[{"embeddable":true,"href":"https:\/\/fr.twiza.org\/portail\/wp-json\/wp\/v2\/comments?post=5994"}],"version-history":[{"count":5,"href":"https:\/\/fr.twiza.org\/portail\/wp-json\/wp\/v2\/pages\/5994\/revisions"}],"predecessor-version":[{"id":11887,"href":"https:\/\/fr.twiza.org\/portail\/wp-json\/wp\/v2\/pages\/5994\/revisions\/11887"}],"up":[{"embeddable":true,"href":"https:\/\/fr.twiza.org\/portail\/wp-json\/wp\/v2\/pages\/5877"}],"wp:featuredmedia":[{"embeddable":true,"href":"https:\/\/fr.twiza.org\/portail\/wp-json\/wp\/v2\/media\/5686"}],"wp:attachment":[{"href":"https:\/\/fr.twiza.org\/portail\/wp-json\/wp\/v2\/media?parent=5994"}],"curies":[{"name":"wp","href":"https:\/\/api.w.org\/{rel}","templated":true}]}}