{"id":5997,"date":"2022-06-02T15:35:30","date_gmt":"2022-06-02T13:35:30","guid":{"rendered":"https:\/\/fr.twiza.org\/portail\/?page_id=5997"},"modified":"2024-12-03T10:02:15","modified_gmt":"2024-12-03T09:02:15","slug":"quel-modele-de-poele-de-masse-choisir","status":"publish","type":"page","link":"https:\/\/fr.twiza.org\/portail\/guides-dachat\/pourquoi-et-comment-acheter-un-poele-de-masse-4\/quel-modele-de-poele-de-masse-choisir\/","title":{"rendered":"Quel mod\u00e8le de po\u00eale de masse choisir ?"},"content":{"rendered":"\n<p>Concernant les diff\u00e9rents mod\u00e8les de po\u00eale de masse, tu as principalement deux choix possibles (en dehors de l\u2019auto-construction) : le <strong>po\u00eale de masse artisanal<\/strong> ou le <strong>po\u00eale de masse pr\u00eat-\u00e0-poser<\/strong> (pr\u00e9-fabriqu\u00e9 industriellement).<\/p>\n\n\n\n<h2 class=\"wp-block-heading\" id=\"h-le-poele-de-masse-artisanal\">Le po\u00eale de masse artisanal<\/h2>\n\n\n\n<p>Si tu as des attentes bien pr\u00e9cises en termes de <strong>morphologie<\/strong> et d\u2019<strong>utilisation<\/strong> de ton po\u00eale de masse, tu peux opter pour un <strong>po\u00eale de masse artisanal<\/strong>.&nbsp;<\/p>\n\n\n\n<h3 class=\"wp-block-heading\" id=\"h-avantages\">Avantages <\/h3>\n\n\n\n<ul class=\"wp-block-list\">\n<li>Possibilit\u00e9 de <strong>concevoir<\/strong> le mod\u00e8le de mani\u00e8re \u00e0 ce qu\u2019il s\u2019adapte au mieux\u00a0 \u00e0 ton mode de vie et aux sp\u00e9cificit\u00e9s de ton habitation.\u00a0 Tu peux choisir d\u2019int\u00e9grer un four \u00e0 pain, un banc, ou bien une niche chaude par exemple.<\/li>\n<\/ul>\n\n\n\n<p><\/p>\n\n\n\n<ul class=\"wp-block-list\">\n<li>Plus grande vari\u00e9t\u00e9 de<strong> design<\/strong> possible (formes, mat\u00e9riaux, accessoires, finitions etc.), tu peux transformer ton po\u00eale de masse en v\u00e9ritable oeuvre d\u2019art.<\/li>\n<\/ul>\n\n\n\n<h3 class=\"wp-block-heading\" id=\"h-inconvenients\">Inconv\u00e9nients<\/h3>\n\n\n\n<ul class=\"wp-block-list\">\n<li>Les po\u00eales con\u00e7us par une entreprise artisanale sont plus chers \u00e0 l&rsquo;achat (entre 8000 et 15 000 \u20ac hors pose).<\/li>\n<\/ul>\n\n\n\n<h2 class=\"wp-block-heading\" id=\"h-le-poele-de-masse-pret-a-poser\">Le po\u00eale de masse pr\u00eat \u00e0 poser<\/h2>\n\n\n\n<figure class=\"wp-block-image size-full\"><img fetchpriority=\"high\" decoding=\"async\" width=\"1024\" height=\"685\" src=\"https:\/\/fr.twiza.org\/portail\/wp-content\/uploads\/2022\/05\/Guide-poe\u0302le-de-masse-mode\u0300le-pre\u0302t-a\u0300-poser-groupement-achats-twiza.jpg\" alt=\"Mod\u00e8le de po\u00eale de masse pr\u00eat-\u00e0-poser disponible via le groupement d'achats Twiza\" class=\"wp-image-5693\" srcset=\"https:\/\/fr.twiza.org\/portail\/wp-content\/uploads\/2022\/05\/Guide-poe\u0302le-de-masse-mode\u0300le-pre\u0302t-a\u0300-poser-groupement-achats-twiza.jpg 1024w, https:\/\/fr.twiza.org\/portail\/wp-content\/uploads\/2022\/05\/Guide-poe\u0302le-de-masse-mode\u0300le-pre\u0302t-a\u0300-poser-groupement-achats-twiza-600x401.jpg 600w, https:\/\/fr.twiza.org\/portail\/wp-content\/uploads\/2022\/05\/Guide-poe\u0302le-de-masse-mode\u0300le-pre\u0302t-a\u0300-poser-groupement-achats-twiza-300x201.jpg 300w, https:\/\/fr.twiza.org\/portail\/wp-content\/uploads\/2022\/05\/Guide-poe\u0302le-de-masse-mode\u0300le-pre\u0302t-a\u0300-poser-groupement-achats-twiza-768x514.jpg 768w, https:\/\/fr.twiza.org\/portail\/wp-content\/uploads\/2022\/05\/Guide-poe\u0302le-de-masse-mode\u0300le-pre\u0302t-a\u0300-poser-groupement-achats-twiza-360x240.jpg 360w\" sizes=\"(max-width: 1024px) 100vw, 1024px\" \/><\/figure>\n\n\n\n<p>Mod\u00e8le de po\u00eale de masse pr\u00eat-\u00e0-poser en briques de terre crue Terrakit propos\u00e9 via le <a href=\"https:\/\/achats.twiza.org\/produits\/po%C3%AAle-de-masse\" target=\"_blank\" rel=\"noreferrer noopener\">groupement d&rsquo;achats Twiza<\/a><\/p>\n\n\n\n<p>Sinon tu peux aussi simplement opter pour un <strong>po\u00eale de masse pr\u00eat-\u00e0-poser<\/strong> , aussi appel\u00e9 po\u00eale-chemin\u00e9e, bien souvent <strong>plus abordable<\/strong>. Il&nbsp; reste possible&nbsp; de choisir un design plut\u00f4t qu\u2019un autre. Il est compos\u00e9 d\u2019un foyer \u00e0 double combustion, avec syst\u00e8me de circulation des fum\u00e9es \u00e0 contre-courant.<\/p>\n\n\n\n<h3 class=\"wp-block-heading\" id=\"h-avantages-1\">Avantages<\/h3>\n\n\n\n<ul class=\"wp-block-list\">\n<li><strong>R\u00e9gulation <\/strong>automatique pr\u00e9sente sur certains mod\u00e8les, compatible BBC.<\/li>\n<\/ul>\n\n\n\n<p><\/p>\n\n\n\n<ul class=\"wp-block-list\">\n<li>Plus adapt\u00e9 aux <strong>petites surfaces<\/strong><\/li>\n<\/ul>\n\n\n\n<p><\/p>\n\n\n\n<ul class=\"wp-block-list\">\n<li><strong>Moins cher<\/strong> \u00e0 l\u2019achat qu\u2019un po\u00eale artisanal (entre 5000 et 10 000 \u20ac)<\/li>\n<\/ul>\n\n\n\n<h3 class=\"wp-block-heading\" id=\"h-inconvenients-1\">Inconv\u00e9nients<\/h3>\n\n\n\n<ul class=\"wp-block-list\">\n<li>Moins grande libert\u00e9 de conception et de design.<\/li>\n<\/ul>\n\n\n\n<p><\/p>\n\n\n\n<p>Pour aller plus loin :<\/p>\n\n\n\n<ul class=\"wp-block-list\">\n<li><a href=\"https:\/\/fr.twiza.org\/portail\/pourquoi-et-comment-acheter-un-poele-de-masse-4\/clin-doeil-historique-sur-le-poele-de-masse\/\" target=\"_blank\" rel=\"noreferrer noopener\">Clin d&rsquo;\u0153il historique sur le po\u00eale de masse<\/a><\/li>\n\n\n\n<li><a href=\"https:\/\/fr.twiza.org\/portail\/pourquoi-et-comment-acheter-un-poele-de-masse-4\/comment-fonctionne-un-poele-de-masse\/\" target=\"_blank\" rel=\"noreferrer noopener\">Comment fonctionne un po\u00eale de masse ?<\/a><\/li>\n\n\n\n<li><a href=\"https:\/\/fr.twiza.org\/portail\/pourquoi-et-comment-acheter-un-poele-de-masse-4\/interet-ecologique-du-poele-de-masse\/\" target=\"_blank\" rel=\"noreferrer noopener\">Int\u00e9r\u00eat \u00e9cologique du po\u00eale de masse<\/a><\/li>\n\n\n\n<li><a href=\"https:\/\/fr.twiza.org\/portail\/pourquoi-et-comment-acheter-un-poele-de-masse-4\/poele-de-masse-avantages-et-inconvenients\/\" target=\"_blank\" rel=\"noreferrer noopener\">Le po\u00eale de masse : avantages et inconv\u00e9nients<\/a><\/li>\n\n\n\n<li><a href=\"https:\/\/fr.twiza.org\/portail\/pourquoi-et-comment-acheter-un-poele-de-masse-4\/le-poele-de-masse-pour-quel-type-dhabitation\/\" target=\"_blank\" rel=\"noreferrer noopener\">Le po\u00eale de masse : pour quel type d&rsquo;habitation ?<\/a><\/li>\n\n\n\n<li><a href=\"https:\/\/fr.twiza.org\/portail\/pourquoi-et-comment-acheter-un-poele-de-masse-4\/combien-coute-un-poele-de-masse\/\" target=\"_blank\" rel=\"noreferrer noopener\">Combien co\u00fbte un po\u00eale de masse ?<\/a><\/li>\n\n\n\n<li><a href=\"https:\/\/fr.twiza.org\/portail\/pourquoi-et-comment-acheter-un-poele-de-masse-4\/comment-bien-choisir-son-poele-de-masse\/\" target=\"_blank\" rel=\"noreferrer noopener\">Comment bien choisir son po\u00eale de masse ?<\/a><\/li>\n\n\n\n<li><a href=\"https:\/\/fr.twiza.org\/portail\/pourquoi-et-comment-acheter-un-poele-de-masse-4\/poele-de-masse-qualite-et-durabilite\/\" target=\"_blank\" rel=\"noreferrer noopener\">Po\u00eale de masse : qualit\u00e9 et durabilit\u00e9<\/a><\/li>\n\n\n\n<li>\ud83d\udc4b <a href=\"https:\/\/forum.twiza.org\/t\/poele-de-masse-en-achat-groupe-ouvert\/5519\" target=\"_blank\" rel=\"noopener\" title=\"\">Po\u00eale en achat group\u00e9 Twiza<\/a><\/li>\n<\/ul>\n\n\n\n<div style=\"height:50px\" aria-hidden=\"true\" class=\"wp-block-spacer\"><\/div>\n","protected":false},"excerpt":{"rendered":"<p>Concernant les diff\u00e9rents mod\u00e8les de po\u00eale de masse, tu as principalement deux choix possibles (en dehors de l\u2019auto-construction) : le po\u00eale de masse artisanal ou le po\u00eale de masse pr\u00eat-\u00e0-poser (pr\u00e9-fabriqu\u00e9 industriellement). Le po\u00eale de masse artisanal Si tu as des attentes bien pr\u00e9cises en termes de morphologie et d\u2019utilisation [&hellip;]<\/p>\n","protected":false},"author":3,"featured_media":5982,"parent":5877,"menu_order":6,"comment_status":"closed","ping_status":"closed","template":"","meta":{"_eb_attr":"","_themeisle_gutenberg_block_has_review":false,"footnotes":""},"class_list":["post-5997","page","type-page","status-publish","has-post-thumbnail","hentry"],"yoast_head":"<!-- This site is optimized with the Yoast SEO Premium plugin v27.2 (Yoast SEO v27.4) - https:\/\/yoast.com\/product\/yoast-seo-premium-wordpress\/ -->\n<title>Quel mod\u00e8le de po\u00eale de masse choisir ?<\/title>\n<meta name=\"description\" content=\"Quel mod\u00e8le de po\u00eale de masse choisir ? Po\u00eale de masse pr\u00eat-\u00e0-poser, po\u00eale de masse artisanal, avantages et inconv\u00e9nients...\" \/>\n<meta name=\"robots\" content=\"index, follow, max-snippet:-1, max-image-preview:large, max-video-preview:-1\" \/>\n<link rel=\"canonical\" href=\"https:\/\/fr.twiza.org\/portail\/guides-dachat\/pourquoi-et-comment-acheter-un-poele-de-masse-4\/quel-modele-de-poele-de-masse-choisir\/\" \/>\n<meta property=\"og:locale\" content=\"fr_FR\" \/>\n<meta property=\"og:type\" content=\"article\" \/>\n<meta property=\"og:title\" content=\"Quel mod\u00e8le de po\u00eale de masse choisir ?\" \/>\n<meta property=\"og:description\" content=\"Quel mod\u00e8le de po\u00eale de masse choisir ? Po\u00eale de masse pr\u00eat-\u00e0-poser, po\u00eale de masse artisanal, avantages et inconv\u00e9nients...\" \/>\n<meta property=\"og:url\" content=\"https:\/\/fr.twiza.org\/portail\/guides-dachat\/pourquoi-et-comment-acheter-un-poele-de-masse-4\/quel-modele-de-poele-de-masse-choisir\/\" \/>\n<meta property=\"og:site_name\" content=\"R\u00e9seau Twiza\" \/>\n<meta property=\"article:publisher\" content=\"https:\/\/fr-fr.facebook.com\/Twiza.fr\/\" \/>\n<meta property=\"article:modified_time\" content=\"2024-12-03T09:02:15+00:00\" \/>\n<meta property=\"og:image\" content=\"https:\/\/fr.twiza.org\/portail\/wp-content\/uploads\/2022\/06\/Guide-po\u0302ele-de-masse-prix.jpg\" \/>\n\t<meta property=\"og:image:width\" content=\"1024\" \/>\n\t<meta property=\"og:image:height\" content=\"576\" \/>\n\t<meta property=\"og:image:type\" content=\"image\/jpeg\" \/>\n<meta name=\"twitter:card\" content=\"summary_large_image\" \/>\n<script type=\"application\/ld+json\" class=\"yoast-schema-graph\">{\"@context\":\"https:\\\/\\\/schema.org\",\"@graph\":[{\"@type\":\"WebPage\",\"@id\":\"https:\\\/\\\/fr.twiza.org\\\/portail\\\/guides-dachat\\\/pourquoi-et-comment-acheter-un-poele-de-masse-4\\\/quel-modele-de-poele-de-masse-choisir\\\/\",\"url\":\"https:\\\/\\\/fr.twiza.org\\\/portail\\\/guides-dachat\\\/pourquoi-et-comment-acheter-un-poele-de-masse-4\\\/quel-modele-de-poele-de-masse-choisir\\\/\",\"name\":\"Quel mod\u00e8le de po\u00eale de masse choisir ?\",\"isPartOf\":{\"@id\":\"https:\\\/\\\/fr.twiza.org\\\/portail\\\/#website\"},\"primaryImageOfPage\":{\"@id\":\"https:\\\/\\\/fr.twiza.org\\\/portail\\\/guides-dachat\\\/pourquoi-et-comment-acheter-un-poele-de-masse-4\\\/quel-modele-de-poele-de-masse-choisir\\\/#primaryimage\"},\"image\":{\"@id\":\"https:\\\/\\\/fr.twiza.org\\\/portail\\\/guides-dachat\\\/pourquoi-et-comment-acheter-un-poele-de-masse-4\\\/quel-modele-de-poele-de-masse-choisir\\\/#primaryimage\"},\"thumbnailUrl\":\"https:\\\/\\\/fr.twiza.org\\\/portail\\\/wp-content\\\/uploads\\\/2022\\\/06\\\/Guide-po\u0302ele-de-masse-prix.jpg\",\"datePublished\":\"2022-06-02T13:35:30+00:00\",\"dateModified\":\"2024-12-03T09:02:15+00:00\",\"description\":\"Quel mod\u00e8le de po\u00eale de masse choisir ? Po\u00eale de masse pr\u00eat-\u00e0-poser, po\u00eale de masse artisanal, avantages et inconv\u00e9nients...\",\"breadcrumb\":{\"@id\":\"https:\\\/\\\/fr.twiza.org\\\/portail\\\/guides-dachat\\\/pourquoi-et-comment-acheter-un-poele-de-masse-4\\\/quel-modele-de-poele-de-masse-choisir\\\/#breadcrumb\"},\"inLanguage\":\"fr-FR\",\"potentialAction\":[{\"@type\":\"ReadAction\",\"target\":[\"https:\\\/\\\/fr.twiza.org\\\/portail\\\/guides-dachat\\\/pourquoi-et-comment-acheter-un-poele-de-masse-4\\\/quel-modele-de-poele-de-masse-choisir\\\/\"]}]},{\"@type\":\"ImageObject\",\"inLanguage\":\"fr-FR\",\"@id\":\"https:\\\/\\\/fr.twiza.org\\\/portail\\\/guides-dachat\\\/pourquoi-et-comment-acheter-un-poele-de-masse-4\\\/quel-modele-de-poele-de-masse-choisir\\\/#primaryimage\",\"url\":\"https:\\\/\\\/fr.twiza.org\\\/portail\\\/wp-content\\\/uploads\\\/2022\\\/06\\\/Guide-po\u0302ele-de-masse-prix.jpg\",\"contentUrl\":\"https:\\\/\\\/fr.twiza.org\\\/portail\\\/wp-content\\\/uploads\\\/2022\\\/06\\\/Guide-po\u0302ele-de-masse-prix.jpg\",\"width\":1024,\"height\":576,\"caption\":\"Mod\u00e8le de po\u00eale de masse pr\u00eat-\u00e0-poser en briques de terre crue Terrakit propos\u00e9 via le groupement d'achats Twiza\"},{\"@type\":\"BreadcrumbList\",\"@id\":\"https:\\\/\\\/fr.twiza.org\\\/portail\\\/guides-dachat\\\/pourquoi-et-comment-acheter-un-poele-de-masse-4\\\/quel-modele-de-poele-de-masse-choisir\\\/#breadcrumb\",\"itemListElement\":[{\"@type\":\"ListItem\",\"position\":1,\"name\":\"Accueil\",\"item\":\"https:\\\/\\\/fr.twiza.org\\\/portail\\\/\"},{\"@type\":\"ListItem\",\"position\":2,\"name\":\"Guides d&#8217;achat\",\"item\":\"https:\\\/\\\/fr.twiza.org\\\/portail\\\/guides-dachat\\\/\"},{\"@type\":\"ListItem\",\"position\":3,\"name\":\"Pourquoi et comment acheter un po\u00eale de masse ?\",\"item\":\"https:\\\/\\\/fr.twiza.org\\\/portail\\\/guides-dachat\\\/pourquoi-et-comment-acheter-un-poele-de-masse-4\\\/\"},{\"@type\":\"ListItem\",\"position\":4,\"name\":\"Quel mod\u00e8le de po\u00eale de masse choisir ?\"}]},{\"@type\":\"WebSite\",\"@id\":\"https:\\\/\\\/fr.twiza.org\\\/portail\\\/#website\",\"url\":\"https:\\\/\\\/fr.twiza.org\\\/portail\\\/\",\"name\":\"R\u00e9seau Twiza\",\"description\":\"Entraide pour un habitat \u00e9cologique, convivial et r\u00e9silient\",\"publisher\":{\"@id\":\"https:\\\/\\\/fr.twiza.org\\\/portail\\\/#organization\"},\"potentialAction\":[{\"@type\":\"SearchAction\",\"target\":{\"@type\":\"EntryPoint\",\"urlTemplate\":\"https:\\\/\\\/fr.twiza.org\\\/portail\\\/?s={search_term_string}\"},\"query-input\":{\"@type\":\"PropertyValueSpecification\",\"valueRequired\":true,\"valueName\":\"search_term_string\"}}],\"inLanguage\":\"fr-FR\"},{\"@type\":\"Organization\",\"@id\":\"https:\\\/\\\/fr.twiza.org\\\/portail\\\/#organization\",\"name\":\"R\u00e9seau Twiza\",\"url\":\"https:\\\/\\\/fr.twiza.org\\\/portail\\\/\",\"logo\":{\"@type\":\"ImageObject\",\"inLanguage\":\"fr-FR\",\"@id\":\"https:\\\/\\\/fr.twiza.org\\\/portail\\\/#\\\/schema\\\/logo\\\/image\\\/\",\"url\":\"https:\\\/\\\/fr.twiza.org\\\/portail\\\/wp-content\\\/uploads\\\/2021\\\/05\\\/cropped-logo-reseau-twiza.jpg\",\"contentUrl\":\"https:\\\/\\\/fr.twiza.org\\\/portail\\\/wp-content\\\/uploads\\\/2021\\\/05\\\/cropped-logo-reseau-twiza.jpg\",\"width\":400,\"height\":102,\"caption\":\"R\u00e9seau Twiza\"},\"image\":{\"@id\":\"https:\\\/\\\/fr.twiza.org\\\/portail\\\/#\\\/schema\\\/logo\\\/image\\\/\"},\"sameAs\":[\"https:\\\/\\\/fr-fr.facebook.com\\\/Twiza.fr\\\/\",\"https:\\\/\\\/www.instagram.com\\\/twiza_fr\\\/\",\"https:\\\/\\\/www.linkedin.com\\\/company\\\/reseautwiza\\\/\"]}]}<\/script>\n<!-- \/ Yoast SEO Premium plugin. -->","yoast_head_json":{"title":"Quel mod\u00e8le de po\u00eale de masse choisir ?","description":"Quel mod\u00e8le de po\u00eale de masse choisir ? Po\u00eale de masse pr\u00eat-\u00e0-poser, po\u00eale de masse artisanal, avantages et inconv\u00e9nients...","robots":{"index":"index","follow":"follow","max-snippet":"max-snippet:-1","max-image-preview":"max-image-preview:large","max-video-preview":"max-video-preview:-1"},"canonical":"https:\/\/fr.twiza.org\/portail\/guides-dachat\/pourquoi-et-comment-acheter-un-poele-de-masse-4\/quel-modele-de-poele-de-masse-choisir\/","og_locale":"fr_FR","og_type":"article","og_title":"Quel mod\u00e8le de po\u00eale de masse choisir ?","og_description":"Quel mod\u00e8le de po\u00eale de masse choisir ? Po\u00eale de masse pr\u00eat-\u00e0-poser, po\u00eale de masse artisanal, avantages et inconv\u00e9nients...","og_url":"https:\/\/fr.twiza.org\/portail\/guides-dachat\/pourquoi-et-comment-acheter-un-poele-de-masse-4\/quel-modele-de-poele-de-masse-choisir\/","og_site_name":"R\u00e9seau Twiza","article_publisher":"https:\/\/fr-fr.facebook.com\/Twiza.fr\/","article_modified_time":"2024-12-03T09:02:15+00:00","og_image":[{"width":1024,"height":576,"url":"https:\/\/fr.twiza.org\/portail\/wp-content\/uploads\/2022\/06\/Guide-po\u0302ele-de-masse-prix.jpg","type":"image\/jpeg"}],"twitter_card":"summary_large_image","schema":{"@context":"https:\/\/schema.org","@graph":[{"@type":"WebPage","@id":"https:\/\/fr.twiza.org\/portail\/guides-dachat\/pourquoi-et-comment-acheter-un-poele-de-masse-4\/quel-modele-de-poele-de-masse-choisir\/","url":"https:\/\/fr.twiza.org\/portail\/guides-dachat\/pourquoi-et-comment-acheter-un-poele-de-masse-4\/quel-modele-de-poele-de-masse-choisir\/","name":"Quel mod\u00e8le de po\u00eale de masse choisir ?","isPartOf":{"@id":"https:\/\/fr.twiza.org\/portail\/#website"},"primaryImageOfPage":{"@id":"https:\/\/fr.twiza.org\/portail\/guides-dachat\/pourquoi-et-comment-acheter-un-poele-de-masse-4\/quel-modele-de-poele-de-masse-choisir\/#primaryimage"},"image":{"@id":"https:\/\/fr.twiza.org\/portail\/guides-dachat\/pourquoi-et-comment-acheter-un-poele-de-masse-4\/quel-modele-de-poele-de-masse-choisir\/#primaryimage"},"thumbnailUrl":"https:\/\/fr.twiza.org\/portail\/wp-content\/uploads\/2022\/06\/Guide-po\u0302ele-de-masse-prix.jpg","datePublished":"2022-06-02T13:35:30+00:00","dateModified":"2024-12-03T09:02:15+00:00","description":"Quel mod\u00e8le de po\u00eale de masse choisir ? Po\u00eale de masse pr\u00eat-\u00e0-poser, po\u00eale de masse artisanal, avantages et inconv\u00e9nients...","breadcrumb":{"@id":"https:\/\/fr.twiza.org\/portail\/guides-dachat\/pourquoi-et-comment-acheter-un-poele-de-masse-4\/quel-modele-de-poele-de-masse-choisir\/#breadcrumb"},"inLanguage":"fr-FR","potentialAction":[{"@type":"ReadAction","target":["https:\/\/fr.twiza.org\/portail\/guides-dachat\/pourquoi-et-comment-acheter-un-poele-de-masse-4\/quel-modele-de-poele-de-masse-choisir\/"]}]},{"@type":"ImageObject","inLanguage":"fr-FR","@id":"https:\/\/fr.twiza.org\/portail\/guides-dachat\/pourquoi-et-comment-acheter-un-poele-de-masse-4\/quel-modele-de-poele-de-masse-choisir\/#primaryimage","url":"https:\/\/fr.twiza.org\/portail\/wp-content\/uploads\/2022\/06\/Guide-po\u0302ele-de-masse-prix.jpg","contentUrl":"https:\/\/fr.twiza.org\/portail\/wp-content\/uploads\/2022\/06\/Guide-po\u0302ele-de-masse-prix.jpg","width":1024,"height":576,"caption":"Mod\u00e8le de po\u00eale de masse pr\u00eat-\u00e0-poser en briques de terre crue Terrakit propos\u00e9 via le groupement d'achats Twiza"},{"@type":"BreadcrumbList","@id":"https:\/\/fr.twiza.org\/portail\/guides-dachat\/pourquoi-et-comment-acheter-un-poele-de-masse-4\/quel-modele-de-poele-de-masse-choisir\/#breadcrumb","itemListElement":[{"@type":"ListItem","position":1,"name":"Accueil","item":"https:\/\/fr.twiza.org\/portail\/"},{"@type":"ListItem","position":2,"name":"Guides d&#8217;achat","item":"https:\/\/fr.twiza.org\/portail\/guides-dachat\/"},{"@type":"ListItem","position":3,"name":"Pourquoi et comment acheter un po\u00eale de masse ?","item":"https:\/\/fr.twiza.org\/portail\/guides-dachat\/pourquoi-et-comment-acheter-un-poele-de-masse-4\/"},{"@type":"ListItem","position":4,"name":"Quel mod\u00e8le de po\u00eale de masse choisir ?"}]},{"@type":"WebSite","@id":"https:\/\/fr.twiza.org\/portail\/#website","url":"https:\/\/fr.twiza.org\/portail\/","name":"R\u00e9seau Twiza","description":"Entraide pour un habitat \u00e9cologique, convivial et r\u00e9silient","publisher":{"@id":"https:\/\/fr.twiza.org\/portail\/#organization"},"potentialAction":[{"@type":"SearchAction","target":{"@type":"EntryPoint","urlTemplate":"https:\/\/fr.twiza.org\/portail\/?s={search_term_string}"},"query-input":{"@type":"PropertyValueSpecification","valueRequired":true,"valueName":"search_term_string"}}],"inLanguage":"fr-FR"},{"@type":"Organization","@id":"https:\/\/fr.twiza.org\/portail\/#organization","name":"R\u00e9seau Twiza","url":"https:\/\/fr.twiza.org\/portail\/","logo":{"@type":"ImageObject","inLanguage":"fr-FR","@id":"https:\/\/fr.twiza.org\/portail\/#\/schema\/logo\/image\/","url":"https:\/\/fr.twiza.org\/portail\/wp-content\/uploads\/2021\/05\/cropped-logo-reseau-twiza.jpg","contentUrl":"https:\/\/fr.twiza.org\/portail\/wp-content\/uploads\/2021\/05\/cropped-logo-reseau-twiza.jpg","width":400,"height":102,"caption":"R\u00e9seau Twiza"},"image":{"@id":"https:\/\/fr.twiza.org\/portail\/#\/schema\/logo\/image\/"},"sameAs":["https:\/\/fr-fr.facebook.com\/Twiza.fr\/","https:\/\/www.instagram.com\/twiza_fr\/","https:\/\/www.linkedin.com\/company\/reseautwiza\/"]}]}},"jetpack_sharing_enabled":true,"_links":{"self":[{"href":"https:\/\/fr.twiza.org\/portail\/wp-json\/wp\/v2\/pages\/5997","targetHints":{"allow":["GET"]}}],"collection":[{"href":"https:\/\/fr.twiza.org\/portail\/wp-json\/wp\/v2\/pages"}],"about":[{"href":"https:\/\/fr.twiza.org\/portail\/wp-json\/wp\/v2\/types\/page"}],"author":[{"embeddable":true,"href":"https:\/\/fr.twiza.org\/portail\/wp-json\/wp\/v2\/users\/3"}],"replies":[{"embeddable":true,"href":"https:\/\/fr.twiza.org\/portail\/wp-json\/wp\/v2\/comments?post=5997"}],"version-history":[{"count":5,"href":"https:\/\/fr.twiza.org\/portail\/wp-json\/wp\/v2\/pages\/5997\/revisions"}],"predecessor-version":[{"id":11892,"href":"https:\/\/fr.twiza.org\/portail\/wp-json\/wp\/v2\/pages\/5997\/revisions\/11892"}],"up":[{"embeddable":true,"href":"https:\/\/fr.twiza.org\/portail\/wp-json\/wp\/v2\/pages\/5877"}],"wp:featuredmedia":[{"embeddable":true,"href":"https:\/\/fr.twiza.org\/portail\/wp-json\/wp\/v2\/media\/5982"}],"wp:attachment":[{"href":"https:\/\/fr.twiza.org\/portail\/wp-json\/wp\/v2\/media?parent=5997"}],"curies":[{"name":"wp","href":"https:\/\/api.w.org\/{rel}","templated":true}]}}