{"id":5999,"date":"2022-06-02T15:46:41","date_gmt":"2022-06-02T13:46:41","guid":{"rendered":"https:\/\/fr.twiza.org\/portail\/?page_id=5999"},"modified":"2024-12-03T10:02:01","modified_gmt":"2024-12-03T09:02:01","slug":"comment-bien-choisir-son-poele-de-masse","status":"publish","type":"page","link":"https:\/\/fr.twiza.org\/portail\/guides-dachat\/pourquoi-et-comment-acheter-un-poele-de-masse-4\/comment-bien-choisir-son-poele-de-masse\/","title":{"rendered":"Comment bien choisir son po\u00eale de masse ?"},"content":{"rendered":"\n<p>Comme pour tout achat de syst\u00e8me de chauffage, il est indispensable que tu d\u00e9finisses bien en amont : <\/p>\n\n\n\n<ul class=\"wp-block-list\">\n<li>Les principales <strong>caract\u00e9ristiques<\/strong> de ton <strong>habitation<\/strong>.<\/li>\n\n\n\n<li>Tes <strong>besoins<\/strong> en g\u00e9n\u00e9ral (consommation \u00e9nerg\u00e9tique, contraintes et attentes personnelles etc.).<\/li>\n<\/ul>\n\n\n\n<p>Cette \u00e9tape va te permettre de valider le <strong>dimensionnement <\/strong>optimal de ton po\u00eale de masse.<\/p>\n\n\n\n<p>Ensuite, il ne te reste plus qu\u2019\u00e0 v\u00e9rifier que le mat\u00e9riel soit de <strong>qualit\u00e9<\/strong>, et qu\u2019il respecte les <strong>normes en vigueur<\/strong>.<\/p>\n\n\n\n<h2 class=\"wp-block-heading\" id=\"h-le-dimensionnement-de-ton-poele-de-masse\">Le dimensionnement de ton po\u00eale de masse<\/h2>\n\n\n\n<p>Le dimensionnement de ton installation consiste \u00e0 s\u00e9lectionner le mat\u00e9riel en fonction de :<\/p>\n\n\n\n<ul class=\"wp-block-list\">\n<li>Ses <strong>performances<\/strong><\/li>\n\n\n\n<li>De tes <strong>besoins <\/strong>sp\u00e9cifiques, en fonction de ta <strong>situation<\/strong> et de <strong>ton habitation<\/strong><\/li>\n\n\n\n<li>De tes <strong>contraintes<\/strong> et <strong>attentes personnelles<\/strong><\/li>\n<\/ul>\n\n\n\n<h2 class=\"wp-block-heading\" id=\"h-comprendre-les-differentes-mesures-de-puissance\">Comprendre les diff\u00e9rentes mesures de puissance<\/h2>\n\n\n\n<p>\u00c7a y est, tu as d\u00e9termin\u00e9 la puissance de chauffe n\u00e9cessaire pour ton habitation, par&nbsp; exemple :<\/p>\n\n\n\n<ul class=\"wp-block-list\">\n<li>Quantit\u00e9 d\u2019\u00e9nergie n\u00e9cessaire par jour : <strong>60 kWh<\/strong><\/li>\n\n\n\n<li>Donc puissance moyenne n\u00e9cessaire : 60 \/ 24 heures = <strong>2,5 kW<\/strong><\/li>\n<\/ul>\n\n\n\n<p>Tu dois alors v\u00e9rifier que<strong> les indications <\/strong>de <strong>performance<\/strong> et de <strong>puissance<\/strong> du mod\u00e8le qui t\u2019int\u00e9resse, soient conformes \u00e0 tes attentes.<\/p>\n\n\n\n<p>La seule lecture des mesures de performance indiqu\u00e9es par les fabricants de <strong>po\u00eale de masse<\/strong> ne permet pas de faire un choix pertinent. Il est important, avant tout, de bien <strong>comprendre<\/strong> ce que repr\u00e9sentent <strong>ces mesures<\/strong> et quels sont les <strong>enjeux<\/strong> qui s\u2019y rattachent.<\/p>\n\n\n\n<p>Concernant les mesures de puissance d&rsquo;une machine, il en existe 2 types \u00e0 bien diff\u00e9rencier :<\/p>\n\n\n\n<ul class=\"wp-block-list\">\n<li>La <strong>puissance<\/strong> exprim\u00e9e en <strong>kW<\/strong>\u00a0<\/li>\n\n\n\n<li>La <strong>quantit\u00e9 d\u2019\u00e9nergie d\u00e9livr\u00e9e ou consomm\u00e9e<\/strong> exprim\u00e9e en <strong>kWh<\/strong><\/li>\n<\/ul>\n\n\n\n<h3 class=\"wp-block-heading\" id=\"h-la-puissance-d-une-machine\">La puissance d\u2019une machine<\/h3>\n\n\n\n<p>Elle est calcul\u00e9e en kW, est sa <strong>capacit\u00e9<\/strong> \u00e0 d\u00e9livrer ou consommer une quantit\u00e9 d\u2019\u00e9nergie par unit\u00e9 de temps. La puissance restitu\u00e9e d\u2019un po\u00eale de masse&nbsp; varie entre <strong>1 \u00e0 10 kW<\/strong> selon la quantit\u00e9 de bois br\u00fbl\u00e9 et la dur\u00e9e de restitution de l\u2019appareil.&nbsp;<\/p>\n\n\n\n<h3 class=\"wp-block-heading\" id=\"h-la-quantite-d-energie-delivree-ou-consommee\">La quantit\u00e9 d\u2019\u00e9nergie d\u00e9livr\u00e9e (ou consomm\u00e9e)<\/h3>\n\n\n\n<p>C&rsquo;est une autre mesure qui se calcule en kWh. Pour illustration, 1 kWh correspond \u00e0 l\u2019\u00e9nergie consomm\u00e9e par un appareil d\u2019une puissance de 1kW pendant une dur\u00e9e d\u2019une heure. Il est alors utile de savoir que lorsqu\u2019on br\u00fble 1 kilo de bois sec, il fournit en moyenne 4 kWh d\u2019\u00e9nergie.<\/p>\n\n\n\n<p><strong>Exemple<\/strong> <\/p>\n\n\n\n<p>Si l\u2019on choisit un po\u00eale de masse avec les caract\u00e9ristiques techniques suivantes :<\/p>\n\n\n\n<ul class=\"wp-block-list\">\n<li>Chambre de combustion de 6 kg = Z<\/li>\n\n\n\n<li>Dur\u00e9e de restitution de chaleur : 12 heures = Y<\/li>\n<\/ul>\n\n\n\n<p>On va donc pouvoir br\u00fbler 6 kg de bois sec \u00e0 chaque flamb\u00e9e.<\/p>\n\n\n\n<p>Sachant que 1 kg bois sec = 4 kWh ; alors la <strong>quantit\u00e9 d\u2019\u00e9nergie totale d\u00e9livr\u00e9e<\/strong> par le <strong>po\u00eale de masse<\/strong> \u00e0 chaque flamb\u00e9e est \u00e9gale \u00e0 6 kg x 4 kWh = <strong>24 kWh<\/strong><\/p>\n\n\n\n<p>Or cette \u00e9nergie va \u00eatre diffus\u00e9e lentement et progressivement sur 12 heures (dur\u00e9e de restitution de la chaleur).<\/p>\n\n\n\n<p>Donc si l\u2019on divise l\u2019\u00e9nergie totale d\u00e9livr\u00e9e 24 kWh par la dur\u00e9e de restitution de 12h, cela nous donne une <strong>puissance restitu\u00e9e<\/strong> du <strong>po\u00eale de masse<\/strong> = 24\/12 = <strong>2 kW<\/strong><\/p>\n\n\n\n<p>Attention, parfois les fabricants de <strong>po\u00eale de masse<\/strong> indiquent une <strong>puissance restitu\u00e9e par heure<\/strong> qui est donc exprim\u00e9e en <strong>kWh<\/strong> et non plus en<strong> kW<\/strong>. Il ne faut donc pas la confondre avec la <strong>puissance restitu\u00e9e<\/strong> exprim\u00e9e en <strong>kW<\/strong>, comme vu plus haut.<\/p>\n\n\n\n<h2 class=\"wp-block-heading\" id=\"h-comprendre-la-notion-de-rendement\">Comprendre la notion de rendement<\/h2>\n\n\n\n<p>Les fabricants de <strong>po\u00eale de masse<\/strong> indiquent une <strong>mesure<\/strong> de <strong>rendement<\/strong> en pourcentage sur la notice : 80%, 90% , 91% etc.<\/p>\n\n\n\n<p>Mais \u00e7a veut dire quoi le rendement ? Et bien, le rendement \u00e9nerg\u00e9tique est le <strong>rapport<\/strong> entre l&rsquo;<strong>efficacit\u00e9 r\u00e9elle <\/strong>d&rsquo;une machine et l&rsquo;<strong>efficacit\u00e9 th\u00e9orique<\/strong> maximale qu&rsquo;on peut attendre d&rsquo;elle.<\/p>\n\n\n\n<p><strong>Exemple<\/strong><\/p>\n\n\n\n<p>Si lors de ta flamb\u00e9e journali\u00e8re, tu br\u00fbles 6 kg de bois sec,<\/p>\n\n\n\n<p>sachant que 1kg de bois sec = 4kWh d&rsquo;\u00e9nergie,<\/p>\n\n\n\n<p>ton po\u00eale de masse produira une \u00e9nergie totale de 6kg x 4kWh = <strong>24kWh<\/strong>.<\/p>\n\n\n\n<p>Il est indiqu\u00e9 que le <strong>rendement<\/strong> de ton po\u00eale de masse est de <strong>90%<\/strong>, ce qui veut dire que dans ton cas, l&rsquo;\u00e9nergie r\u00e9elle d\u00e9gag\u00e9e par ton po\u00eale est de : 24 x 90% = <strong>21,6 kWh<\/strong>. Le reste partira litt\u00e9ralement en fum\u00e9e.<\/p>\n\n\n\n<figure class=\"wp-block-image size-full\"><img fetchpriority=\"high\" decoding=\"async\" width=\"1024\" height=\"576\" src=\"https:\/\/fr.twiza.org\/portail\/wp-content\/uploads\/2022\/05\/Guide-poe\u0302le-de-masse-rendement-edited.jpg\" alt=\"Le rendement d'un po\u00eale de masse\" class=\"wp-image-5697\" srcset=\"https:\/\/fr.twiza.org\/portail\/wp-content\/uploads\/2022\/05\/Guide-poe\u0302le-de-masse-rendement-edited.jpg 1024w, https:\/\/fr.twiza.org\/portail\/wp-content\/uploads\/2022\/05\/Guide-poe\u0302le-de-masse-rendement-edited-600x338.jpg 600w, https:\/\/fr.twiza.org\/portail\/wp-content\/uploads\/2022\/05\/Guide-poe\u0302le-de-masse-rendement-edited-300x169.jpg 300w, https:\/\/fr.twiza.org\/portail\/wp-content\/uploads\/2022\/05\/Guide-poe\u0302le-de-masse-rendement-edited-768x432.jpg 768w\" sizes=\"(max-width: 1024px) 100vw, 1024px\" \/><\/figure>\n\n\n\n<p>Attention toutefois car le rendement indiqu\u00e9 ne sera valable que si tu respectes certaines <strong>r\u00e8gles d\u2019utilisations<\/strong> de base :<\/p>\n\n\n\n<ul class=\"wp-block-list\">\n<li>Utiliser un <strong>bois <\/strong>de bonne<strong> qualit\u00e9<\/strong> et <strong>sec<\/strong>. En effet, si il est trop humide il pourrait endommager ton po\u00eale et r\u00e9duire ses performances.<\/li>\n\n\n\n<li>Avoir une <strong>arriv\u00e9e d\u2019air<\/strong> et un <strong>conduit de fum\u00e9es<\/strong> <strong>adapt\u00e9s<\/strong> \u00e0 ton <strong>po\u00eale de masse<\/strong>.<\/li>\n<\/ul>\n\n\n\n<h2 class=\"wp-block-heading\" id=\"h-verifier-la-courbe-de-restitution-de-chaleur\">V\u00e9rifier la courbe de restitution de chaleur<\/h2>\n\n\n\n<p>Dans tous les cas, il est primordial de v\u00e9rifier, avant tout,&nbsp; la <strong>pertinence<\/strong> de la <strong>courbe de restitution de chaleur<\/strong> de ton futur po\u00eale de masse.&nbsp;<\/p>\n\n\n\n<p>Selon les caract\u00e9ristiques techniques d\u2019un po\u00eale (conductivit\u00e9 des mat\u00e9riaux, dispositions des masses et canaux internes etc.), la <strong>dur\u00e9e d\u2019une flamb\u00e9e<\/strong> peut varier entre environ <strong>1 \u00e0 5 heures<\/strong>.<\/p>\n\n\n\n<p>La <strong>courbe de restitution<\/strong> d\u2019un <strong>po\u00eale de masse<\/strong> fait appara\u00eetre le <strong>temps <\/strong>:<\/p>\n\n\n\n<ul class=\"wp-block-list\">\n<li>Qui lui est n\u00e9cessaire pour atteindre son <strong>maximum<\/strong> de <strong>puissance restitu\u00e9e<\/strong>.<\/li>\n\n\n\n<li>Qu\u2019il mettra pour revenir \u00e0 <strong>50%<\/strong> puis \u00e0 <strong>25% <\/strong>de ce<strong> maximum<\/strong>.<\/li>\n<\/ul>\n\n\n\n<p>Les fabricants de <strong>po\u00eale de masse<\/strong> ont pour <strong>obligation<\/strong> de communiquer ces informations. Il est donc indispensable que tu en prennes connaissance avant ton achat. Cela te permettra de v\u00e9rifier que sa courbe de restitution de chaleur correspond bien \u00e0 tes <strong>besoins<\/strong> et \u00e0 ton <strong>rythme de vie<\/strong>.<\/p>\n\n\n\n<p><\/p>\n\n\n\n<p>Pour aller plus loin :<\/p>\n\n\n\n<ul class=\"wp-block-list\">\n<li><a href=\"https:\/\/fr.twiza.org\/portail\/pourquoi-et-comment-acheter-un-poele-de-masse-4\/clin-doeil-historique-sur-le-poele-de-masse\/\" target=\"_blank\" rel=\"noreferrer noopener\">Clin d&rsquo;\u0153il historique sur le po\u00eale de masse<\/a><\/li>\n\n\n\n<li><a href=\"https:\/\/fr.twiza.org\/portail\/pourquoi-et-comment-acheter-un-poele-de-masse-4\/comment-fonctionne-un-poele-de-masse\/\" target=\"_blank\" rel=\"noreferrer noopener\">Comment fonctionne un po\u00eale de masse ?<\/a><\/li>\n\n\n\n<li><a href=\"https:\/\/fr.twiza.org\/portail\/pourquoi-et-comment-acheter-un-poele-de-masse-4\/interet-ecologique-du-poele-de-masse\/\" target=\"_blank\" rel=\"noreferrer noopener\">Int\u00e9r\u00eat \u00e9cologique du po\u00eale de masse<\/a><\/li>\n\n\n\n<li><a href=\"https:\/\/fr.twiza.org\/portail\/pourquoi-et-comment-acheter-un-poele-de-masse-4\/poele-de-masse-avantages-et-inconvenients\/\" target=\"_blank\" rel=\"noreferrer noopener\">Le po\u00eale de masse : avantages et inconv\u00e9nients<\/a><\/li>\n\n\n\n<li><a href=\"https:\/\/fr.twiza.org\/portail\/pourquoi-et-comment-acheter-un-poele-de-masse-4\/le-poele-de-masse-pour-quel-type-dhabitation\/\" target=\"_blank\" rel=\"noreferrer noopener\">Le po\u00eale de masse : pour quel type d&rsquo;habitation ?<\/a><\/li>\n\n\n\n<li><a href=\"https:\/\/fr.twiza.org\/portail\/pourquoi-et-comment-acheter-un-poele-de-masse-4\/combien-coute-un-poele-de-masse\/\" target=\"_blank\" rel=\"noreferrer noopener\">Combien co\u00fbte un po\u00eale de masse ?<\/a><\/li>\n\n\n\n<li><a href=\"https:\/\/fr.twiza.org\/portail\/pourquoi-et-comment-acheter-un-poele-de-masse-4\/quel-modele-de-poele-de-masse-choisir\/\" target=\"_blank\" rel=\"noreferrer noopener\">Quel mod\u00e8le de po\u00eale de masse choisir ?<\/a><\/li>\n\n\n\n<li><a href=\"https:\/\/fr.twiza.org\/portail\/pourquoi-et-comment-acheter-un-poele-de-masse-4\/poele-de-masse-qualite-et-durabilite\/\" target=\"_blank\" rel=\"noreferrer noopener\">Po\u00eale de masse : qualit\u00e9 et durabilit\u00e9<\/a><\/li>\n\n\n\n<li>\ud83d\udc4b <a href=\"https:\/\/forum.twiza.org\/t\/poele-de-masse-en-achat-groupe-ouvert\/5519\" target=\"_blank\" rel=\"noopener\" title=\"\">Po\u00eale en achat group\u00e9 Twiza<\/a><\/li>\n<\/ul>\n\n\n\n<div style=\"height:50px\" aria-hidden=\"true\" class=\"wp-block-spacer\"><\/div>\n","protected":false},"excerpt":{"rendered":"<p>Comme pour tout achat de syst\u00e8me de chauffage, il est indispensable que tu d\u00e9finisses bien en amont : Cette \u00e9tape va te permettre de valider le dimensionnement optimal de ton po\u00eale de masse. Ensuite, il ne te reste plus qu\u2019\u00e0 v\u00e9rifier que le mat\u00e9riel soit de qualit\u00e9, et qu\u2019il respecte [&hellip;]<\/p>\n","protected":false},"author":3,"featured_media":5693,"parent":5877,"menu_order":7,"comment_status":"closed","ping_status":"closed","template":"","meta":{"_eb_attr":"","_themeisle_gutenberg_block_has_review":false,"footnotes":""},"class_list":["post-5999","page","type-page","status-publish","has-post-thumbnail","hentry"],"yoast_head":"<!-- This site is optimized with the Yoast SEO Premium plugin v27.2 (Yoast SEO v27.4) - https:\/\/yoast.com\/product\/yoast-seo-premium-wordpress\/ -->\n<title>Comment bien choisir son po\u00eale de masse ?<\/title>\n<meta name=\"description\" content=\"Comment bien choisir ton po\u00eale de masse en termes de dimensions, de puissance, de rendement, de courbe de restitution de chaleur...\" \/>\n<meta name=\"robots\" content=\"index, follow, max-snippet:-1, max-image-preview:large, max-video-preview:-1\" \/>\n<link rel=\"canonical\" href=\"https:\/\/fr.twiza.org\/portail\/guides-dachat\/pourquoi-et-comment-acheter-un-poele-de-masse-4\/comment-bien-choisir-son-poele-de-masse\/\" \/>\n<meta property=\"og:locale\" content=\"fr_FR\" \/>\n<meta property=\"og:type\" content=\"article\" \/>\n<meta property=\"og:title\" content=\"Comment bien choisir son po\u00eale de masse ?\" \/>\n<meta property=\"og:description\" content=\"Comment bien choisir ton po\u00eale de masse en termes de dimensions, de puissance, de rendement, de courbe de restitution de chaleur...\" \/>\n<meta property=\"og:url\" content=\"https:\/\/fr.twiza.org\/portail\/guides-dachat\/pourquoi-et-comment-acheter-un-poele-de-masse-4\/comment-bien-choisir-son-poele-de-masse\/\" \/>\n<meta property=\"og:site_name\" content=\"R\u00e9seau Twiza\" \/>\n<meta property=\"article:publisher\" content=\"https:\/\/fr-fr.facebook.com\/Twiza.fr\/\" \/>\n<meta property=\"article:modified_time\" content=\"2024-12-03T09:02:01+00:00\" \/>\n<meta property=\"og:image\" content=\"https:\/\/fr.twiza.org\/portail\/wp-content\/uploads\/2022\/05\/Guide-poe\u0302le-de-masse-mode\u0300le-pre\u0302t-a\u0300-poser-groupement-achats-twiza.jpg\" \/>\n\t<meta property=\"og:image:width\" content=\"1024\" \/>\n\t<meta property=\"og:image:height\" content=\"685\" \/>\n\t<meta property=\"og:image:type\" content=\"image\/jpeg\" \/>\n<meta name=\"twitter:card\" content=\"summary_large_image\" \/>\n<script type=\"application\/ld+json\" class=\"yoast-schema-graph\">{\"@context\":\"https:\\\/\\\/schema.org\",\"@graph\":[{\"@type\":\"WebPage\",\"@id\":\"https:\\\/\\\/fr.twiza.org\\\/portail\\\/guides-dachat\\\/pourquoi-et-comment-acheter-un-poele-de-masse-4\\\/comment-bien-choisir-son-poele-de-masse\\\/\",\"url\":\"https:\\\/\\\/fr.twiza.org\\\/portail\\\/guides-dachat\\\/pourquoi-et-comment-acheter-un-poele-de-masse-4\\\/comment-bien-choisir-son-poele-de-masse\\\/\",\"name\":\"Comment bien choisir son po\u00eale de masse ?\",\"isPartOf\":{\"@id\":\"https:\\\/\\\/fr.twiza.org\\\/portail\\\/#website\"},\"primaryImageOfPage\":{\"@id\":\"https:\\\/\\\/fr.twiza.org\\\/portail\\\/guides-dachat\\\/pourquoi-et-comment-acheter-un-poele-de-masse-4\\\/comment-bien-choisir-son-poele-de-masse\\\/#primaryimage\"},\"image\":{\"@id\":\"https:\\\/\\\/fr.twiza.org\\\/portail\\\/guides-dachat\\\/pourquoi-et-comment-acheter-un-poele-de-masse-4\\\/comment-bien-choisir-son-poele-de-masse\\\/#primaryimage\"},\"thumbnailUrl\":\"https:\\\/\\\/fr.twiza.org\\\/portail\\\/wp-content\\\/uploads\\\/2022\\\/05\\\/Guide-poe\u0302le-de-masse-mode\u0300le-pre\u0302t-a\u0300-poser-groupement-achats-twiza.jpg\",\"datePublished\":\"2022-06-02T13:46:41+00:00\",\"dateModified\":\"2024-12-03T09:02:01+00:00\",\"description\":\"Comment bien choisir ton po\u00eale de masse en termes de dimensions, de puissance, de rendement, de courbe de restitution de chaleur...\",\"breadcrumb\":{\"@id\":\"https:\\\/\\\/fr.twiza.org\\\/portail\\\/guides-dachat\\\/pourquoi-et-comment-acheter-un-poele-de-masse-4\\\/comment-bien-choisir-son-poele-de-masse\\\/#breadcrumb\"},\"inLanguage\":\"fr-FR\",\"potentialAction\":[{\"@type\":\"ReadAction\",\"target\":[\"https:\\\/\\\/fr.twiza.org\\\/portail\\\/guides-dachat\\\/pourquoi-et-comment-acheter-un-poele-de-masse-4\\\/comment-bien-choisir-son-poele-de-masse\\\/\"]}]},{\"@type\":\"ImageObject\",\"inLanguage\":\"fr-FR\",\"@id\":\"https:\\\/\\\/fr.twiza.org\\\/portail\\\/guides-dachat\\\/pourquoi-et-comment-acheter-un-poele-de-masse-4\\\/comment-bien-choisir-son-poele-de-masse\\\/#primaryimage\",\"url\":\"https:\\\/\\\/fr.twiza.org\\\/portail\\\/wp-content\\\/uploads\\\/2022\\\/05\\\/Guide-poe\u0302le-de-masse-mode\u0300le-pre\u0302t-a\u0300-poser-groupement-achats-twiza.jpg\",\"contentUrl\":\"https:\\\/\\\/fr.twiza.org\\\/portail\\\/wp-content\\\/uploads\\\/2022\\\/05\\\/Guide-poe\u0302le-de-masse-mode\u0300le-pre\u0302t-a\u0300-poser-groupement-achats-twiza.jpg\",\"width\":1024,\"height\":685},{\"@type\":\"BreadcrumbList\",\"@id\":\"https:\\\/\\\/fr.twiza.org\\\/portail\\\/guides-dachat\\\/pourquoi-et-comment-acheter-un-poele-de-masse-4\\\/comment-bien-choisir-son-poele-de-masse\\\/#breadcrumb\",\"itemListElement\":[{\"@type\":\"ListItem\",\"position\":1,\"name\":\"Accueil\",\"item\":\"https:\\\/\\\/fr.twiza.org\\\/portail\\\/\"},{\"@type\":\"ListItem\",\"position\":2,\"name\":\"Guides d&#8217;achat\",\"item\":\"https:\\\/\\\/fr.twiza.org\\\/portail\\\/guides-dachat\\\/\"},{\"@type\":\"ListItem\",\"position\":3,\"name\":\"Pourquoi et comment acheter un po\u00eale de masse ?\",\"item\":\"https:\\\/\\\/fr.twiza.org\\\/portail\\\/guides-dachat\\\/pourquoi-et-comment-acheter-un-poele-de-masse-4\\\/\"},{\"@type\":\"ListItem\",\"position\":4,\"name\":\"Comment bien choisir son po\u00eale de masse ?\"}]},{\"@type\":\"WebSite\",\"@id\":\"https:\\\/\\\/fr.twiza.org\\\/portail\\\/#website\",\"url\":\"https:\\\/\\\/fr.twiza.org\\\/portail\\\/\",\"name\":\"R\u00e9seau Twiza\",\"description\":\"Entraide pour un habitat \u00e9cologique, convivial et r\u00e9silient\",\"publisher\":{\"@id\":\"https:\\\/\\\/fr.twiza.org\\\/portail\\\/#organization\"},\"potentialAction\":[{\"@type\":\"SearchAction\",\"target\":{\"@type\":\"EntryPoint\",\"urlTemplate\":\"https:\\\/\\\/fr.twiza.org\\\/portail\\\/?s={search_term_string}\"},\"query-input\":{\"@type\":\"PropertyValueSpecification\",\"valueRequired\":true,\"valueName\":\"search_term_string\"}}],\"inLanguage\":\"fr-FR\"},{\"@type\":\"Organization\",\"@id\":\"https:\\\/\\\/fr.twiza.org\\\/portail\\\/#organization\",\"name\":\"R\u00e9seau Twiza\",\"url\":\"https:\\\/\\\/fr.twiza.org\\\/portail\\\/\",\"logo\":{\"@type\":\"ImageObject\",\"inLanguage\":\"fr-FR\",\"@id\":\"https:\\\/\\\/fr.twiza.org\\\/portail\\\/#\\\/schema\\\/logo\\\/image\\\/\",\"url\":\"https:\\\/\\\/fr.twiza.org\\\/portail\\\/wp-content\\\/uploads\\\/2021\\\/05\\\/cropped-logo-reseau-twiza.jpg\",\"contentUrl\":\"https:\\\/\\\/fr.twiza.org\\\/portail\\\/wp-content\\\/uploads\\\/2021\\\/05\\\/cropped-logo-reseau-twiza.jpg\",\"width\":400,\"height\":102,\"caption\":\"R\u00e9seau Twiza\"},\"image\":{\"@id\":\"https:\\\/\\\/fr.twiza.org\\\/portail\\\/#\\\/schema\\\/logo\\\/image\\\/\"},\"sameAs\":[\"https:\\\/\\\/fr-fr.facebook.com\\\/Twiza.fr\\\/\",\"https:\\\/\\\/www.instagram.com\\\/twiza_fr\\\/\",\"https:\\\/\\\/www.linkedin.com\\\/company\\\/reseautwiza\\\/\"]}]}<\/script>\n<!-- \/ Yoast SEO Premium plugin. -->","yoast_head_json":{"title":"Comment bien choisir son po\u00eale de masse ?","description":"Comment bien choisir ton po\u00eale de masse en termes de dimensions, de puissance, de rendement, de courbe de restitution de chaleur...","robots":{"index":"index","follow":"follow","max-snippet":"max-snippet:-1","max-image-preview":"max-image-preview:large","max-video-preview":"max-video-preview:-1"},"canonical":"https:\/\/fr.twiza.org\/portail\/guides-dachat\/pourquoi-et-comment-acheter-un-poele-de-masse-4\/comment-bien-choisir-son-poele-de-masse\/","og_locale":"fr_FR","og_type":"article","og_title":"Comment bien choisir son po\u00eale de masse ?","og_description":"Comment bien choisir ton po\u00eale de masse en termes de dimensions, de puissance, de rendement, de courbe de restitution de chaleur...","og_url":"https:\/\/fr.twiza.org\/portail\/guides-dachat\/pourquoi-et-comment-acheter-un-poele-de-masse-4\/comment-bien-choisir-son-poele-de-masse\/","og_site_name":"R\u00e9seau Twiza","article_publisher":"https:\/\/fr-fr.facebook.com\/Twiza.fr\/","article_modified_time":"2024-12-03T09:02:01+00:00","og_image":[{"width":1024,"height":685,"url":"https:\/\/fr.twiza.org\/portail\/wp-content\/uploads\/2022\/05\/Guide-poe\u0302le-de-masse-mode\u0300le-pre\u0302t-a\u0300-poser-groupement-achats-twiza.jpg","type":"image\/jpeg"}],"twitter_card":"summary_large_image","schema":{"@context":"https:\/\/schema.org","@graph":[{"@type":"WebPage","@id":"https:\/\/fr.twiza.org\/portail\/guides-dachat\/pourquoi-et-comment-acheter-un-poele-de-masse-4\/comment-bien-choisir-son-poele-de-masse\/","url":"https:\/\/fr.twiza.org\/portail\/guides-dachat\/pourquoi-et-comment-acheter-un-poele-de-masse-4\/comment-bien-choisir-son-poele-de-masse\/","name":"Comment bien choisir son po\u00eale de masse ?","isPartOf":{"@id":"https:\/\/fr.twiza.org\/portail\/#website"},"primaryImageOfPage":{"@id":"https:\/\/fr.twiza.org\/portail\/guides-dachat\/pourquoi-et-comment-acheter-un-poele-de-masse-4\/comment-bien-choisir-son-poele-de-masse\/#primaryimage"},"image":{"@id":"https:\/\/fr.twiza.org\/portail\/guides-dachat\/pourquoi-et-comment-acheter-un-poele-de-masse-4\/comment-bien-choisir-son-poele-de-masse\/#primaryimage"},"thumbnailUrl":"https:\/\/fr.twiza.org\/portail\/wp-content\/uploads\/2022\/05\/Guide-poe\u0302le-de-masse-mode\u0300le-pre\u0302t-a\u0300-poser-groupement-achats-twiza.jpg","datePublished":"2022-06-02T13:46:41+00:00","dateModified":"2024-12-03T09:02:01+00:00","description":"Comment bien choisir ton po\u00eale de masse en termes de dimensions, de puissance, de rendement, de courbe de restitution de chaleur...","breadcrumb":{"@id":"https:\/\/fr.twiza.org\/portail\/guides-dachat\/pourquoi-et-comment-acheter-un-poele-de-masse-4\/comment-bien-choisir-son-poele-de-masse\/#breadcrumb"},"inLanguage":"fr-FR","potentialAction":[{"@type":"ReadAction","target":["https:\/\/fr.twiza.org\/portail\/guides-dachat\/pourquoi-et-comment-acheter-un-poele-de-masse-4\/comment-bien-choisir-son-poele-de-masse\/"]}]},{"@type":"ImageObject","inLanguage":"fr-FR","@id":"https:\/\/fr.twiza.org\/portail\/guides-dachat\/pourquoi-et-comment-acheter-un-poele-de-masse-4\/comment-bien-choisir-son-poele-de-masse\/#primaryimage","url":"https:\/\/fr.twiza.org\/portail\/wp-content\/uploads\/2022\/05\/Guide-poe\u0302le-de-masse-mode\u0300le-pre\u0302t-a\u0300-poser-groupement-achats-twiza.jpg","contentUrl":"https:\/\/fr.twiza.org\/portail\/wp-content\/uploads\/2022\/05\/Guide-poe\u0302le-de-masse-mode\u0300le-pre\u0302t-a\u0300-poser-groupement-achats-twiza.jpg","width":1024,"height":685},{"@type":"BreadcrumbList","@id":"https:\/\/fr.twiza.org\/portail\/guides-dachat\/pourquoi-et-comment-acheter-un-poele-de-masse-4\/comment-bien-choisir-son-poele-de-masse\/#breadcrumb","itemListElement":[{"@type":"ListItem","position":1,"name":"Accueil","item":"https:\/\/fr.twiza.org\/portail\/"},{"@type":"ListItem","position":2,"name":"Guides d&#8217;achat","item":"https:\/\/fr.twiza.org\/portail\/guides-dachat\/"},{"@type":"ListItem","position":3,"name":"Pourquoi et comment acheter un po\u00eale de masse ?","item":"https:\/\/fr.twiza.org\/portail\/guides-dachat\/pourquoi-et-comment-acheter-un-poele-de-masse-4\/"},{"@type":"ListItem","position":4,"name":"Comment bien choisir son po\u00eale de masse ?"}]},{"@type":"WebSite","@id":"https:\/\/fr.twiza.org\/portail\/#website","url":"https:\/\/fr.twiza.org\/portail\/","name":"R\u00e9seau Twiza","description":"Entraide pour un habitat \u00e9cologique, convivial et r\u00e9silient","publisher":{"@id":"https:\/\/fr.twiza.org\/portail\/#organization"},"potentialAction":[{"@type":"SearchAction","target":{"@type":"EntryPoint","urlTemplate":"https:\/\/fr.twiza.org\/portail\/?s={search_term_string}"},"query-input":{"@type":"PropertyValueSpecification","valueRequired":true,"valueName":"search_term_string"}}],"inLanguage":"fr-FR"},{"@type":"Organization","@id":"https:\/\/fr.twiza.org\/portail\/#organization","name":"R\u00e9seau Twiza","url":"https:\/\/fr.twiza.org\/portail\/","logo":{"@type":"ImageObject","inLanguage":"fr-FR","@id":"https:\/\/fr.twiza.org\/portail\/#\/schema\/logo\/image\/","url":"https:\/\/fr.twiza.org\/portail\/wp-content\/uploads\/2021\/05\/cropped-logo-reseau-twiza.jpg","contentUrl":"https:\/\/fr.twiza.org\/portail\/wp-content\/uploads\/2021\/05\/cropped-logo-reseau-twiza.jpg","width":400,"height":102,"caption":"R\u00e9seau Twiza"},"image":{"@id":"https:\/\/fr.twiza.org\/portail\/#\/schema\/logo\/image\/"},"sameAs":["https:\/\/fr-fr.facebook.com\/Twiza.fr\/","https:\/\/www.instagram.com\/twiza_fr\/","https:\/\/www.linkedin.com\/company\/reseautwiza\/"]}]}},"jetpack_sharing_enabled":true,"_links":{"self":[{"href":"https:\/\/fr.twiza.org\/portail\/wp-json\/wp\/v2\/pages\/5999","targetHints":{"allow":["GET"]}}],"collection":[{"href":"https:\/\/fr.twiza.org\/portail\/wp-json\/wp\/v2\/pages"}],"about":[{"href":"https:\/\/fr.twiza.org\/portail\/wp-json\/wp\/v2\/types\/page"}],"author":[{"embeddable":true,"href":"https:\/\/fr.twiza.org\/portail\/wp-json\/wp\/v2\/users\/3"}],"replies":[{"embeddable":true,"href":"https:\/\/fr.twiza.org\/portail\/wp-json\/wp\/v2\/comments?post=5999"}],"version-history":[{"count":5,"href":"https:\/\/fr.twiza.org\/portail\/wp-json\/wp\/v2\/pages\/5999\/revisions"}],"predecessor-version":[{"id":11889,"href":"https:\/\/fr.twiza.org\/portail\/wp-json\/wp\/v2\/pages\/5999\/revisions\/11889"}],"up":[{"embeddable":true,"href":"https:\/\/fr.twiza.org\/portail\/wp-json\/wp\/v2\/pages\/5877"}],"wp:featuredmedia":[{"embeddable":true,"href":"https:\/\/fr.twiza.org\/portail\/wp-json\/wp\/v2\/media\/5693"}],"wp:attachment":[{"href":"https:\/\/fr.twiza.org\/portail\/wp-json\/wp\/v2\/media?parent=5999"}],"curies":[{"name":"wp","href":"https:\/\/api.w.org\/{rel}","templated":true}]}}