{"id":6002,"date":"2022-06-02T16:04:28","date_gmt":"2022-06-02T14:04:28","guid":{"rendered":"https:\/\/fr.twiza.org\/portail\/?page_id=6002"},"modified":"2024-12-03T10:02:23","modified_gmt":"2024-12-03T09:02:23","slug":"poele-de-masse-qualite-et-durabilite","status":"publish","type":"page","link":"https:\/\/fr.twiza.org\/portail\/guides-dachat\/pourquoi-et-comment-acheter-un-poele-de-masse-4\/poele-de-masse-qualite-et-durabilite\/","title":{"rendered":"Po\u00eale de masse : qualit\u00e9 et durabilit\u00e9"},"content":{"rendered":"\n<figure class=\"wp-block-image size-full\"><img fetchpriority=\"high\" decoding=\"async\" width=\"1024\" height=\"576\" src=\"https:\/\/fr.twiza.org\/portail\/wp-content\/uploads\/2022\/06\/Guide-poe\u0302le-de-masse-qualite\u0301-durabilite\u0301-edited.jpg\" alt=\"\" class=\"wp-image-6005\" srcset=\"https:\/\/fr.twiza.org\/portail\/wp-content\/uploads\/2022\/06\/Guide-poe\u0302le-de-masse-qualite\u0301-durabilite\u0301-edited.jpg 1024w, https:\/\/fr.twiza.org\/portail\/wp-content\/uploads\/2022\/06\/Guide-poe\u0302le-de-masse-qualite\u0301-durabilite\u0301-edited-600x338.jpg 600w, https:\/\/fr.twiza.org\/portail\/wp-content\/uploads\/2022\/06\/Guide-poe\u0302le-de-masse-qualite\u0301-durabilite\u0301-edited-300x169.jpg 300w, https:\/\/fr.twiza.org\/portail\/wp-content\/uploads\/2022\/06\/Guide-poe\u0302le-de-masse-qualite\u0301-durabilite\u0301-edited-768x432.jpg 768w\" sizes=\"(max-width: 1024px) 100vw, 1024px\" \/><\/figure>\n\n\n\n<h2 class=\"wp-block-heading\" id=\"h-label-flamme-verte\">Label Flamme Verte<\/h2>\n\n\n\n<p>Si tu souhaites t\u2019assurer d\u2019acheter du mat\u00e9riel de qualit\u00e9, un bon moyen est d\u2019opter pour un <strong>po\u00eale de<\/strong> <strong>masse<\/strong> labellis\u00e9<strong> Flamme Verte<\/strong>.&nbsp;<\/p>\n\n\n\n<p>Ce label a \u00e9t\u00e9 cr\u00e9\u00e9 en 2000 par les fabricants d\u2019appareils domestiques&nbsp; avec le concours de l\u2019Agence de l\u2019Environnement et de la Ma\u00eetrise de l&rsquo;Energie (<strong>ADEME<\/strong>).<\/p>\n\n\n\n<p>Son objectif est de promouvoir l\u2019utilisation du bois par des appareils de chauffage <strong>performants<\/strong> dont la conception r\u00e9pond \u00e0 une <strong>charte de qualit\u00e9<\/strong> exigeante en termes de <strong>rendement \u00e9nerg\u00e9tique<\/strong> et d\u2019<strong>\u00e9missions polluantes<\/strong>.<\/p>\n\n\n\n<p>Pour obtenir des informations plus d\u00e9taill\u00e9es, n\u2019h\u00e9site pas \u00e0 aller jeter un \u0153il sur le site officiel du <a href=\"https:\/\/www.flammeverte.org\/decouvrir-flamme-verte\/pourquoi-label-qualite.html\" target=\"_blank\" rel=\"noreferrer noopener\">label Flamme Verte<\/a>.<\/p>\n\n\n\n<p>L\u2019int\u00e9r\u00eat de ce label est \u00e9galement de t\u2019ouvrir le droit aux <strong>aides financi\u00e8res<\/strong>, notamment MaPrimeR\u00e9nov, l\u2019Eco-pr\u00eat \u00e0 taux z\u00e9ro, la TVA \u00e0 taux r\u00e9duit, la prime CEE ou les aides locales pr\u00e9vues par l\u2019Agence Nationale de l\u2019Habitat (ANAH). Le site du label Flamme Verte met \u00e9galement \u00e0 disposition des informations tr\u00e8s compl\u00e8tes sur ces <a href=\"https:\/\/www.flammeverte.org\/aides-disponibles\/les-aides-financieres.html\" target=\"_blank\" rel=\"noreferrer noopener\">aides financi\u00e8res<\/a>.<\/p>\n\n\n\n<h2 class=\"wp-block-heading\" id=\"h-verifier-les-mesures-de-performances-du-materiel\">V\u00e9rifier les mesures de performances du mat\u00e9riel<\/h2>\n\n\n\n<p>Comme on l\u2019a vu plus haut, il est important de v\u00e9rifier les mesures de performance communiqu\u00e9es par le fabricant de ton po\u00eale de masse.<\/p>\n\n\n\n<p>Il est notamment oblig\u00e9 de d\u00e9clarer la <strong>quantit\u00e9 d\u2019\u00e9nergie thermique <\/strong>totale stock\u00e9e durant la p\u00e9riode de <strong>combustion<\/strong>, en <strong>kWH<\/strong>.<\/p>\n\n\n\n<p>Le fabricant doit \u00e9galement communiquer la <strong>courbe de restitution de chaleur<\/strong> de l\u2019appareil, qui informe sur l\u2019\u00e9volution de sa temp\u00e9rature dans le temps. Elle indique par exemple le temps que mettra ton po\u00eale pour atteindre son maximum de puissance restitu\u00e9e.<\/p>\n\n\n\n<p>Enfin, un fabricant de po\u00eale de masse doit confirmer que la <strong>temp\u00e9rature <\/strong>de <strong>surface<\/strong> de l\u2019appareil est <strong>inf\u00e9rieure \u00e0 80\u00b0<\/strong>.<\/p>\n\n\n\n<h2 class=\"wp-block-heading\" id=\"h-verifier-les-normes-en-vigueur\">V\u00e9rifier les normes en vigueur<\/h2>\n\n\n\n<p>Il est imp\u00e9ratif que tu v\u00e9rifies si le mod\u00e8le de po\u00eale de masse qui t&rsquo;int\u00e9resse respecte les<strong> normes en vigueur<\/strong>.<\/p>\n\n\n\n<p>Un v\u00e9ritable <strong>po\u00eale de masse<\/strong> \u00e0 restitution lente de chaleur doit r\u00e9pondre aux exigences de la norme <strong>EN 15 250<\/strong> pour les&nbsp; \u201cAppareils de chauffage domestique \u00e0 combustible solide \u00e0 lib\u00e9ration lente de chaleur\u201d.&nbsp;<\/p>\n\n\n\n<p>Un des crit\u00e8res importants de cette norme est que la <strong>temp\u00e9rature de surface maximale<\/strong> de ton po\u00eale ne doit pas baisser <strong>de plus de 50% <\/strong>quatre heures apr\u00e8s l\u2019extinction du feu.<\/p>\n\n\n\n<p>La <strong>norme EN 15 250<\/strong> pr\u00e9voit \u00e9galement des recommandations sur l\u2019installation du <strong>conduit de fum\u00e9e<\/strong> de ton <strong>po\u00eale de masse<\/strong>.<\/p>\n\n\n\n<p>Concernant les <strong>po\u00eales de masse artisanaux<\/strong>, la r\u00e9glementation est plus complexe. Il existe d\u2019autres normes en vigueur, diff\u00e9rentes selon le type de mat\u00e9riaux de leur masse. <\/p>\n\n\n\n<p>Il existe notamment la norme <strong>EN 15544<\/strong> pour les \u201c<strong>Po\u00eales en fa\u00efence, po\u00eales en ma\u00e7onnerie fabriqu\u00e9s in situ<\/strong>\u00a0\u00bb qui traite du dimensionnement des appareils artisanaux pour leur permettre d\u2019atteindre des performances de combustion.<\/p>\n\n\n\n<p>Si tu souhaites en savoir plus sur le&nbsp; sujet, tu peux consulter une <a href=\"https:\/\/www.lamaisonecologique.com\/wp-content\/uploads\/2017\/03\/rapport-final_Les-poe%CC%82les-de-masse-artisanaux-en-France-2016_11_25.pdf\" target=\"_blank\" rel=\"noreferrer noopener\">\u00e9tude de l\u2019ADEME<\/a> de novembre 2016, publi\u00e9e sur le site du magazine \u201cLa Maison Ecologique\u201d. L&rsquo;objectif de ce rapport est de clarifier le<strong> statut r\u00e9glementaire<\/strong> et normatif des produits des artisans po\u00ealiers, fabricants de po\u00eales de masse sur mesure.<\/p>\n\n\n\n<p><\/p>\n\n\n\n<p>Pour aller plus loin :<\/p>\n\n\n\n<ul class=\"wp-block-list\">\n<li><a href=\"https:\/\/fr.twiza.org\/portail\/pourquoi-et-comment-acheter-un-poele-de-masse-4\/clin-doeil-historique-sur-le-poele-de-masse\/\" target=\"_blank\" rel=\"noreferrer noopener\">Clin d&rsquo;\u0153il historique sur le po\u00eale de masse<\/a><\/li>\n\n\n\n<li><a href=\"https:\/\/fr.twiza.org\/portail\/pourquoi-et-comment-acheter-un-poele-de-masse-4\/comment-fonctionne-un-poele-de-masse\/\" target=\"_blank\" rel=\"noreferrer noopener\">Comment fonctionne un po\u00eale de masse ?<\/a><\/li>\n\n\n\n<li><a href=\"https:\/\/fr.twiza.org\/portail\/pourquoi-et-comment-acheter-un-poele-de-masse-4\/interet-ecologique-du-poele-de-masse\/\" target=\"_blank\" rel=\"noreferrer noopener\">Int\u00e9r\u00eat \u00e9cologique du po\u00eale de masse<\/a><\/li>\n\n\n\n<li><a href=\"https:\/\/fr.twiza.org\/portail\/pourquoi-et-comment-acheter-un-poele-de-masse-4\/poele-de-masse-avantages-et-inconvenients\/\" target=\"_blank\" rel=\"noreferrer noopener\">Le po\u00eale de masse : avantages et inconv\u00e9nients<\/a><\/li>\n\n\n\n<li><a href=\"https:\/\/fr.twiza.org\/portail\/pourquoi-et-comment-acheter-un-poele-de-masse-4\/le-poele-de-masse-pour-quel-type-dhabitation\/\" target=\"_blank\" rel=\"noreferrer noopener\">Le po\u00eale de masse : pour quel type d&rsquo;habitation ?<\/a><\/li>\n\n\n\n<li><a href=\"https:\/\/fr.twiza.org\/portail\/pourquoi-et-comment-acheter-un-poele-de-masse-4\/combien-coute-un-poele-de-masse\/\" target=\"_blank\" rel=\"noreferrer noopener\">Combien co\u00fbte un po\u00eale de masse ?<\/a><\/li>\n\n\n\n<li><a href=\"https:\/\/fr.twiza.org\/portail\/pourquoi-et-comment-acheter-un-poele-de-masse-4\/quel-modele-de-poele-de-masse-choisir\/\" target=\"_blank\" rel=\"noreferrer noopener\">Quel mod\u00e8le de po\u00eale de masse choisir ?<\/a><\/li>\n\n\n\n<li><a href=\"https:\/\/fr.twiza.org\/portail\/pourquoi-et-comment-acheter-un-poele-de-masse-4\/comment-bien-choisir-son-poele-de-masse\/\" target=\"_blank\" rel=\"noreferrer noopener\">Comment bien choisir son po\u00eale de masse ?<\/a><\/li>\n\n\n\n<li>\ud83d\udc4b <a href=\"https:\/\/forum.twiza.org\/t\/poele-de-masse-en-achat-groupe-ouvert\/5519\" target=\"_blank\" rel=\"noopener\" title=\"\">Po\u00eale en achat group\u00e9 Twiza<\/a><\/li>\n<\/ul>\n\n\n\n<div style=\"height:50px\" aria-hidden=\"true\" class=\"wp-block-spacer\"><\/div>\n","protected":false},"excerpt":{"rendered":"<p>Label Flamme Verte Si tu souhaites t\u2019assurer d\u2019acheter du mat\u00e9riel de qualit\u00e9, un bon moyen est d\u2019opter pour un po\u00eale de masse labellis\u00e9 Flamme Verte.&nbsp; Ce label a \u00e9t\u00e9 cr\u00e9\u00e9 en 2000 par les fabricants d\u2019appareils domestiques&nbsp; avec le concours de l\u2019Agence de l\u2019Environnement et de la Ma\u00eetrise de l&rsquo;Energie [&hellip;]<\/p>\n","protected":false},"author":3,"featured_media":0,"parent":5877,"menu_order":8,"comment_status":"closed","ping_status":"closed","template":"","meta":{"_eb_attr":"","_themeisle_gutenberg_block_has_review":false,"footnotes":""},"class_list":["post-6002","page","type-page","status-publish","hentry"],"yoast_head":"<!-- This site is optimized with the Yoast SEO Premium plugin v27.2 (Yoast SEO v27.4) - https:\/\/yoast.com\/product\/yoast-seo-premium-wordpress\/ -->\n<title>Po\u00eale de masse : qualit\u00e9 et durabilit\u00e9<\/title>\n<meta name=\"description\" content=\"Quels d\u00e9tails v\u00e9rifier avant l&#039;achat d&#039;un po\u00eale de masse ? Mesures de performance, normes en vigueur, label Flamme Verte ....\" \/>\n<meta name=\"robots\" content=\"index, follow, max-snippet:-1, max-image-preview:large, max-video-preview:-1\" \/>\n<link rel=\"canonical\" href=\"https:\/\/fr.twiza.org\/portail\/guides-dachat\/pourquoi-et-comment-acheter-un-poele-de-masse-4\/poele-de-masse-qualite-et-durabilite\/\" \/>\n<meta property=\"og:locale\" content=\"fr_FR\" \/>\n<meta property=\"og:type\" content=\"article\" \/>\n<meta property=\"og:title\" content=\"Po\u00eale de masse : qualit\u00e9 et durabilit\u00e9\" \/>\n<meta property=\"og:description\" content=\"Quels d\u00e9tails v\u00e9rifier avant l&#039;achat d&#039;un po\u00eale de masse ? Mesures de performance, normes en vigueur, label Flamme Verte ....\" \/>\n<meta property=\"og:url\" content=\"https:\/\/fr.twiza.org\/portail\/guides-dachat\/pourquoi-et-comment-acheter-un-poele-de-masse-4\/poele-de-masse-qualite-et-durabilite\/\" \/>\n<meta property=\"og:site_name\" content=\"R\u00e9seau Twiza\" \/>\n<meta property=\"article:publisher\" content=\"https:\/\/fr-fr.facebook.com\/Twiza.fr\/\" \/>\n<meta property=\"article:modified_time\" content=\"2024-12-03T09:02:23+00:00\" \/>\n<meta name=\"twitter:card\" content=\"summary_large_image\" \/>\n<script type=\"application\/ld+json\" class=\"yoast-schema-graph\">{\"@context\":\"https:\\\/\\\/schema.org\",\"@graph\":[{\"@type\":\"WebPage\",\"@id\":\"https:\\\/\\\/fr.twiza.org\\\/portail\\\/guides-dachat\\\/pourquoi-et-comment-acheter-un-poele-de-masse-4\\\/poele-de-masse-qualite-et-durabilite\\\/\",\"url\":\"https:\\\/\\\/fr.twiza.org\\\/portail\\\/guides-dachat\\\/pourquoi-et-comment-acheter-un-poele-de-masse-4\\\/poele-de-masse-qualite-et-durabilite\\\/\",\"name\":\"Po\u00eale de masse : qualit\u00e9 et durabilit\u00e9\",\"isPartOf\":{\"@id\":\"https:\\\/\\\/fr.twiza.org\\\/portail\\\/#website\"},\"datePublished\":\"2022-06-02T14:04:28+00:00\",\"dateModified\":\"2024-12-03T09:02:23+00:00\",\"description\":\"Quels d\u00e9tails v\u00e9rifier avant l'achat d'un po\u00eale de masse ? Mesures de performance, normes en vigueur, label Flamme Verte ....\",\"breadcrumb\":{\"@id\":\"https:\\\/\\\/fr.twiza.org\\\/portail\\\/guides-dachat\\\/pourquoi-et-comment-acheter-un-poele-de-masse-4\\\/poele-de-masse-qualite-et-durabilite\\\/#breadcrumb\"},\"inLanguage\":\"fr-FR\",\"potentialAction\":[{\"@type\":\"ReadAction\",\"target\":[\"https:\\\/\\\/fr.twiza.org\\\/portail\\\/guides-dachat\\\/pourquoi-et-comment-acheter-un-poele-de-masse-4\\\/poele-de-masse-qualite-et-durabilite\\\/\"]}]},{\"@type\":\"BreadcrumbList\",\"@id\":\"https:\\\/\\\/fr.twiza.org\\\/portail\\\/guides-dachat\\\/pourquoi-et-comment-acheter-un-poele-de-masse-4\\\/poele-de-masse-qualite-et-durabilite\\\/#breadcrumb\",\"itemListElement\":[{\"@type\":\"ListItem\",\"position\":1,\"name\":\"Accueil\",\"item\":\"https:\\\/\\\/fr.twiza.org\\\/portail\\\/\"},{\"@type\":\"ListItem\",\"position\":2,\"name\":\"Guides d&#8217;achat\",\"item\":\"https:\\\/\\\/fr.twiza.org\\\/portail\\\/guides-dachat\\\/\"},{\"@type\":\"ListItem\",\"position\":3,\"name\":\"Pourquoi et comment acheter un po\u00eale de masse ?\",\"item\":\"https:\\\/\\\/fr.twiza.org\\\/portail\\\/guides-dachat\\\/pourquoi-et-comment-acheter-un-poele-de-masse-4\\\/\"},{\"@type\":\"ListItem\",\"position\":4,\"name\":\"Po\u00eale de masse : qualit\u00e9 et durabilit\u00e9\"}]},{\"@type\":\"WebSite\",\"@id\":\"https:\\\/\\\/fr.twiza.org\\\/portail\\\/#website\",\"url\":\"https:\\\/\\\/fr.twiza.org\\\/portail\\\/\",\"name\":\"R\u00e9seau Twiza\",\"description\":\"Entraide pour un habitat \u00e9cologique, convivial et r\u00e9silient\",\"publisher\":{\"@id\":\"https:\\\/\\\/fr.twiza.org\\\/portail\\\/#organization\"},\"potentialAction\":[{\"@type\":\"SearchAction\",\"target\":{\"@type\":\"EntryPoint\",\"urlTemplate\":\"https:\\\/\\\/fr.twiza.org\\\/portail\\\/?s={search_term_string}\"},\"query-input\":{\"@type\":\"PropertyValueSpecification\",\"valueRequired\":true,\"valueName\":\"search_term_string\"}}],\"inLanguage\":\"fr-FR\"},{\"@type\":\"Organization\",\"@id\":\"https:\\\/\\\/fr.twiza.org\\\/portail\\\/#organization\",\"name\":\"R\u00e9seau Twiza\",\"url\":\"https:\\\/\\\/fr.twiza.org\\\/portail\\\/\",\"logo\":{\"@type\":\"ImageObject\",\"inLanguage\":\"fr-FR\",\"@id\":\"https:\\\/\\\/fr.twiza.org\\\/portail\\\/#\\\/schema\\\/logo\\\/image\\\/\",\"url\":\"https:\\\/\\\/fr.twiza.org\\\/portail\\\/wp-content\\\/uploads\\\/2021\\\/05\\\/cropped-logo-reseau-twiza.jpg\",\"contentUrl\":\"https:\\\/\\\/fr.twiza.org\\\/portail\\\/wp-content\\\/uploads\\\/2021\\\/05\\\/cropped-logo-reseau-twiza.jpg\",\"width\":400,\"height\":102,\"caption\":\"R\u00e9seau Twiza\"},\"image\":{\"@id\":\"https:\\\/\\\/fr.twiza.org\\\/portail\\\/#\\\/schema\\\/logo\\\/image\\\/\"},\"sameAs\":[\"https:\\\/\\\/fr-fr.facebook.com\\\/Twiza.fr\\\/\",\"https:\\\/\\\/www.instagram.com\\\/twiza_fr\\\/\",\"https:\\\/\\\/www.linkedin.com\\\/company\\\/reseautwiza\\\/\"]}]}<\/script>\n<!-- \/ Yoast SEO Premium plugin. -->","yoast_head_json":{"title":"Po\u00eale de masse : qualit\u00e9 et durabilit\u00e9","description":"Quels d\u00e9tails v\u00e9rifier avant l'achat d'un po\u00eale de masse ? Mesures de performance, normes en vigueur, label Flamme Verte ....","robots":{"index":"index","follow":"follow","max-snippet":"max-snippet:-1","max-image-preview":"max-image-preview:large","max-video-preview":"max-video-preview:-1"},"canonical":"https:\/\/fr.twiza.org\/portail\/guides-dachat\/pourquoi-et-comment-acheter-un-poele-de-masse-4\/poele-de-masse-qualite-et-durabilite\/","og_locale":"fr_FR","og_type":"article","og_title":"Po\u00eale de masse : qualit\u00e9 et durabilit\u00e9","og_description":"Quels d\u00e9tails v\u00e9rifier avant l'achat d'un po\u00eale de masse ? Mesures de performance, normes en vigueur, label Flamme Verte ....","og_url":"https:\/\/fr.twiza.org\/portail\/guides-dachat\/pourquoi-et-comment-acheter-un-poele-de-masse-4\/poele-de-masse-qualite-et-durabilite\/","og_site_name":"R\u00e9seau Twiza","article_publisher":"https:\/\/fr-fr.facebook.com\/Twiza.fr\/","article_modified_time":"2024-12-03T09:02:23+00:00","twitter_card":"summary_large_image","schema":{"@context":"https:\/\/schema.org","@graph":[{"@type":"WebPage","@id":"https:\/\/fr.twiza.org\/portail\/guides-dachat\/pourquoi-et-comment-acheter-un-poele-de-masse-4\/poele-de-masse-qualite-et-durabilite\/","url":"https:\/\/fr.twiza.org\/portail\/guides-dachat\/pourquoi-et-comment-acheter-un-poele-de-masse-4\/poele-de-masse-qualite-et-durabilite\/","name":"Po\u00eale de masse : qualit\u00e9 et durabilit\u00e9","isPartOf":{"@id":"https:\/\/fr.twiza.org\/portail\/#website"},"datePublished":"2022-06-02T14:04:28+00:00","dateModified":"2024-12-03T09:02:23+00:00","description":"Quels d\u00e9tails v\u00e9rifier avant l'achat d'un po\u00eale de masse ? Mesures de performance, normes en vigueur, label Flamme Verte ....","breadcrumb":{"@id":"https:\/\/fr.twiza.org\/portail\/guides-dachat\/pourquoi-et-comment-acheter-un-poele-de-masse-4\/poele-de-masse-qualite-et-durabilite\/#breadcrumb"},"inLanguage":"fr-FR","potentialAction":[{"@type":"ReadAction","target":["https:\/\/fr.twiza.org\/portail\/guides-dachat\/pourquoi-et-comment-acheter-un-poele-de-masse-4\/poele-de-masse-qualite-et-durabilite\/"]}]},{"@type":"BreadcrumbList","@id":"https:\/\/fr.twiza.org\/portail\/guides-dachat\/pourquoi-et-comment-acheter-un-poele-de-masse-4\/poele-de-masse-qualite-et-durabilite\/#breadcrumb","itemListElement":[{"@type":"ListItem","position":1,"name":"Accueil","item":"https:\/\/fr.twiza.org\/portail\/"},{"@type":"ListItem","position":2,"name":"Guides d&#8217;achat","item":"https:\/\/fr.twiza.org\/portail\/guides-dachat\/"},{"@type":"ListItem","position":3,"name":"Pourquoi et comment acheter un po\u00eale de masse ?","item":"https:\/\/fr.twiza.org\/portail\/guides-dachat\/pourquoi-et-comment-acheter-un-poele-de-masse-4\/"},{"@type":"ListItem","position":4,"name":"Po\u00eale de masse : qualit\u00e9 et durabilit\u00e9"}]},{"@type":"WebSite","@id":"https:\/\/fr.twiza.org\/portail\/#website","url":"https:\/\/fr.twiza.org\/portail\/","name":"R\u00e9seau Twiza","description":"Entraide pour un habitat \u00e9cologique, convivial et r\u00e9silient","publisher":{"@id":"https:\/\/fr.twiza.org\/portail\/#organization"},"potentialAction":[{"@type":"SearchAction","target":{"@type":"EntryPoint","urlTemplate":"https:\/\/fr.twiza.org\/portail\/?s={search_term_string}"},"query-input":{"@type":"PropertyValueSpecification","valueRequired":true,"valueName":"search_term_string"}}],"inLanguage":"fr-FR"},{"@type":"Organization","@id":"https:\/\/fr.twiza.org\/portail\/#organization","name":"R\u00e9seau Twiza","url":"https:\/\/fr.twiza.org\/portail\/","logo":{"@type":"ImageObject","inLanguage":"fr-FR","@id":"https:\/\/fr.twiza.org\/portail\/#\/schema\/logo\/image\/","url":"https:\/\/fr.twiza.org\/portail\/wp-content\/uploads\/2021\/05\/cropped-logo-reseau-twiza.jpg","contentUrl":"https:\/\/fr.twiza.org\/portail\/wp-content\/uploads\/2021\/05\/cropped-logo-reseau-twiza.jpg","width":400,"height":102,"caption":"R\u00e9seau Twiza"},"image":{"@id":"https:\/\/fr.twiza.org\/portail\/#\/schema\/logo\/image\/"},"sameAs":["https:\/\/fr-fr.facebook.com\/Twiza.fr\/","https:\/\/www.instagram.com\/twiza_fr\/","https:\/\/www.linkedin.com\/company\/reseautwiza\/"]}]}},"jetpack_sharing_enabled":true,"_links":{"self":[{"href":"https:\/\/fr.twiza.org\/portail\/wp-json\/wp\/v2\/pages\/6002","targetHints":{"allow":["GET"]}}],"collection":[{"href":"https:\/\/fr.twiza.org\/portail\/wp-json\/wp\/v2\/pages"}],"about":[{"href":"https:\/\/fr.twiza.org\/portail\/wp-json\/wp\/v2\/types\/page"}],"author":[{"embeddable":true,"href":"https:\/\/fr.twiza.org\/portail\/wp-json\/wp\/v2\/users\/3"}],"replies":[{"embeddable":true,"href":"https:\/\/fr.twiza.org\/portail\/wp-json\/wp\/v2\/comments?post=6002"}],"version-history":[{"count":5,"href":"https:\/\/fr.twiza.org\/portail\/wp-json\/wp\/v2\/pages\/6002\/revisions"}],"predecessor-version":[{"id":11893,"href":"https:\/\/fr.twiza.org\/portail\/wp-json\/wp\/v2\/pages\/6002\/revisions\/11893"}],"up":[{"embeddable":true,"href":"https:\/\/fr.twiza.org\/portail\/wp-json\/wp\/v2\/pages\/5877"}],"wp:attachment":[{"href":"https:\/\/fr.twiza.org\/portail\/wp-json\/wp\/v2\/media?parent=6002"}],"curies":[{"name":"wp","href":"https:\/\/api.w.org\/{rel}","templated":true}]}}