{"id":610,"date":"2021-03-07T15:35:34","date_gmt":"2021-03-07T14:35:34","guid":{"rendered":"https:\/\/fr.twiza.org\/portail\/?page_id=610"},"modified":"2024-08-26T13:15:31","modified_gmt":"2024-08-26T11:15:31","slug":"je-suis-curieux","status":"publish","type":"page","link":"https:\/\/fr.twiza.org\/portail\/je-suis-curieux\/","title":{"rendered":"Je suis curieux\u00b7se ou en transition personnelle"},"content":{"rendered":"\n<div style=\"height:30px\" aria-hidden=\"true\" class=\"wp-block-spacer\"><\/div>\n\n\n\n<div class=\"wp-block-columns is-layout-flex wp-container-core-columns-is-layout-28f84493 wp-block-columns-is-layout-flex\">\n<div class=\"wp-block-column is-vertically-aligned-top is-layout-flow wp-block-column-is-layout-flow\" style=\"flex-basis:100%\">\n<div class=\"wp-block-columns is-layout-flex wp-container-core-columns-is-layout-28f84493 wp-block-columns-is-layout-flex\">\n<div class=\"wp-block-column is-vertically-aligned-top is-layout-flow wp-block-column-is-layout-flow\" style=\"flex-basis:100%\">\n<div class=\"wp-block-columns is-layout-flex wp-container-core-columns-is-layout-28f84493 wp-block-columns-is-layout-flex\">\n<div class=\"wp-block-column is-layout-flow wp-block-column-is-layout-flow\" style=\"flex-basis:33.33%\">\n<div class=\"wp-block-image is-style-rounded\"><figure class=\"alignright size-medium\"><img fetchpriority=\"high\" decoding=\"async\" width=\"300\" height=\"300\" src=\"https:\/\/fr.twiza.org\/portail\/wp-content\/uploads\/2021\/05\/mathilde-300x300.jpg\" alt=\"Mathilde, twizeuse\" class=\"wp-image-1846\" srcset=\"https:\/\/fr.twiza.org\/portail\/wp-content\/uploads\/2021\/05\/mathilde-300x300.jpg 300w, https:\/\/fr.twiza.org\/portail\/wp-content\/uploads\/2021\/05\/mathilde-230x230.jpg 230w, https:\/\/fr.twiza.org\/portail\/wp-content\/uploads\/2021\/05\/mathilde-160x160.jpg 160w, https:\/\/fr.twiza.org\/portail\/wp-content\/uploads\/2021\/05\/mathilde-234x234.jpg 234w, https:\/\/fr.twiza.org\/portail\/wp-content\/uploads\/2021\/05\/mathilde.jpg 600w\" sizes=\"(max-width: 300px) 100vw, 300px\" \/><\/figure><\/div>\n<\/div>\n\n\n\n<div class=\"wp-block-column is-vertically-aligned-center is-layout-flow wp-block-column-is-layout-flow\" style=\"flex-basis:66.66%\">\n<blockquote class=\"wp-block-quote is-style-large is-layout-flow wp-block-quote-is-layout-flow\"><p><em>\u00ab\u00a0\u00c7a a \u00e9t\u00e9 pour moi une superbe exp\u00e9rience qui m&rsquo;a permis d&rsquo;apprendre plein de choses mais aussi de rencontrer plein de belles personnes et de passer d&rsquo;excellents moments. <\/em><br><em>Ce n&rsquo;est pas juste un chantier participatif mais une immersion dans une fa\u00e7on de vivre qui fait du bien et qui redonne foi en l&rsquo;humanit\u00e9 !\u00a0\u00bb<\/em><\/p><cite>T\u00e9moignage de Mathilde &#8211; Saint-Laurent-Lolmie, Lot (46)- b\u00e9n\u00e9vole sur un chantier participatif TWIZA<\/cite><\/blockquote>\n<\/div>\n<\/div>\n\n\n\n<p>Si comme Mathilde, tu as soif de nouveaux d\u00e9fis, alors n&rsquo;attends plus pour vivre ta premi\u00e8re exp\u00e9rience au sein du r\u00e9seau Twiza et profiter de tous ses b\u00e9n\u00e9fices :<\/p>\n\n\n\n<ul class=\"wp-block-list\"><li><strong>Partager des moments chaleureux<\/strong>, faire de belles rencontres et retrouver un peu de foi en l&rsquo;humanit\u00e9&#8230; (-:<\/li><li><strong>Apprendre \u00e0 construire<\/strong> et r\u00e9nover un <strong>habitat sain<\/strong>, <strong>r\u00e9silient<\/strong> et <strong>durable<\/strong><\/li><li><strong>Trouver de l&rsquo;inspiration<\/strong> et de la motivation pour tes propres projets<\/li><\/ul>\n\n\n\n<hr class=\"wp-block-separator\"\/>\n\n\n\n<p>Visionne des t\u00e9moignages concrets via ces extraits vid\u00e9o de l&rsquo;\u00e9mission \u00ab\u00a0Maison \u00e0 tout prix\u00a0\u00bb de France 5 qui mettent en lumi\u00e8re le <a href=\"https:\/\/fr.twiza.org\/enduits-terre-sur-murs-paille,zs4012,13.html\" target=\"_blank\" rel=\"noreferrer noopener\">chantier participatif<\/a> Twiza de Julien et sa famille en Charente-Maritime.<\/p>\n\n\n\n<figure class=\"wp-block-embed is-type-video is-provider-youtube wp-block-embed-youtube wp-embed-aspect-16-9 wp-has-aspect-ratio\"><div class=\"wp-block-embed__wrapper\">\n<iframe title=\"Chantier de maison Bois Terre Paille du r\u00e9seau TWIZA en Charente maritime (17)\" width=\"750\" height=\"422\" src=\"https:\/\/www.youtube.com\/embed\/zDYWLxMeA3c?feature=oembed\" frameborder=\"0\" allow=\"accelerometer; autoplay; clipboard-write; encrypted-media; gyroscope; picture-in-picture\" allowfullscreen><\/iframe>\n<\/div><figcaption>Montage vid\u00e9o d\u2019une membre active du r\u00e9seau Twiza (Nathalie Hag\u00e8ge) cr\u00e9\u00e9 \u00e0 partir d\u2019extraits vid\u00e9o de l\u2019\u00e9mission \u00ab&nbsp;Maison \u00e0 tout prix&nbsp;\u00bb de France 5 r\u00e9alis\u00e9e par Emilie Helmbacher diffus\u00e9e le 08\/03\/2022. Lien vers l\u2019\u0153uvre d\u2019origine : https:\/\/www.france.tv\/documentaires\/societe\/3115585-maison-a-tout-prix.html<\/figcaption><\/figure>\n<\/div>\n<\/div>\n<\/div>\n<\/div>\n\n\n\n<hr class=\"wp-block-separator\"\/>\n\n\n\n<p>Et enfin, pour aller plus loin, voici un petit aper\u00e7u d\u00e9taill\u00e9 des diff\u00e9rentes <strong>facettes<\/strong> du <strong>r\u00e9seau TWIZA<\/strong> et des <strong>b\u00e9n\u00e9fices<\/strong> que tu peux en tirer :<\/p>\n\n\n\n<h2 class=\"has-text-align-center wp-block-heading\" id=\"h-les-chantiers-participatifs\">Les chantiers participatifs <\/h2>\n\n\n\n<p>Inscris-toi sur le chantier participatif de ton choix pour vivre une exp\u00e9rience humaine riche et conviviale, tout en acqu\u00e9rant du savoir-faire.<\/p>\n\n\n\n<div class=\"wp-block-columns is-layout-flex wp-container-core-columns-is-layout-28f84493 wp-block-columns-is-layout-flex\">\n<div class=\"wp-block-column is-vertically-aligned-center is-layout-flow wp-block-column-is-layout-flow\">\n<ul class=\"wp-block-list\" id=\"block-807b8d50-72ec-4271-a793-a5f6bacb45de\"><li><strong>Apprends<\/strong> \u00e0 construire et r\u00e9nover de mani\u00e8re \u00e9cologique tout en voyageant<\/li><li>Vis une <strong>exp\u00e9rience humaine forte<\/strong>, partage des moments conviviaux<\/li><li><strong>Rassure<\/strong>-toi sur tes capacit\u00e9s \u00e0 r\u00e9aliser des travaux par toi-m\u00eame<\/li><li>Cr\u00e9e de<strong> nouvelles relations<\/strong> amicales (ou plus si affinit\u00e9 \ud83d\ude09 )<\/li><li>Acc\u00e8de aux <strong>coordonn\u00e9es<\/strong> des organisateurs de chantiers pour entrer en contact<\/li><li>Profite de l&rsquo;<strong>assurance<\/strong> associ\u00e9e \u00e0 ton abonnement Twiza qui te prot\u00e8ge en cas d\u2019accident sur un chantier<\/li><\/ul>\n<\/div>\n\n\n\n<div class=\"wp-block-column is-vertically-aligned-center is-layout-flow wp-block-column-is-layout-flow\">\n<figure class=\"wp-block-image size-large\"><img decoding=\"async\" width=\"800\" height=\"600\" src=\"https:\/\/fr.twiza.org\/portail\/wp-content\/uploads\/2021\/06\/Photo-Bloc-Chantier-800x600-2-3.jpeg\" alt=\"\" class=\"wp-image-2444\" srcset=\"https:\/\/fr.twiza.org\/portail\/wp-content\/uploads\/2021\/06\/Photo-Bloc-Chantier-800x600-2-3.jpeg 800w, https:\/\/fr.twiza.org\/portail\/wp-content\/uploads\/2021\/06\/Photo-Bloc-Chantier-800x600-2-3-600x450.jpeg 600w, https:\/\/fr.twiza.org\/portail\/wp-content\/uploads\/2021\/06\/Photo-Bloc-Chantier-800x600-2-3-300x225.jpeg 300w, https:\/\/fr.twiza.org\/portail\/wp-content\/uploads\/2021\/06\/Photo-Bloc-Chantier-800x600-2-3-768x576.jpeg 768w\" sizes=\"(max-width: 800px) 100vw, 800px\" \/><\/figure>\n<\/div>\n<\/div>\n\n\n\n<div class=\"wp-block-buttons is-horizontal is-content-justification-center is-layout-flex wp-container-core-buttons-is-layout-03627597 wp-block-buttons-is-layout-flex\">\n<div class=\"wp-block-button\"><a class=\"wp-block-button__link\" href=\"https:\/\/fr.twiza.org\/chantiers-participatifs\/v2\">Rechercher un chantier participatif<\/a><\/div>\n<\/div>\n\n\n\n<hr class=\"wp-block-separator\"\/>\n\n\n\n<h2 class=\"has-text-align-center wp-block-heading\" id=\"h-les-reseaux-locaux-en-cours\">Les R\u00e9seaux locaux [en cours]<\/h2>\n\n\n\n<p>Ils ont l\u2019objectif de faciliter l\u2019\u00e9mergence d\u2019actions locales, en organisant et animant des espaces de rencontres. Il sont en cours de d\u00e9ploiement partout en France. Premi\u00e8re \u00e9tape en cours : le <strong>d\u00e9ploiement des membres actifs<\/strong>. <\/p>\n\n\n\n<div class=\"wp-block-columns is-layout-flex wp-container-core-columns-is-layout-28f84493 wp-block-columns-is-layout-flex\">\n<div class=\"wp-block-column is-vertically-aligned-center is-layout-flow wp-block-column-is-layout-flow\">\n<figure class=\"wp-block-image size-large\"><img decoding=\"async\" width=\"800\" height=\"600\" src=\"https:\/\/fr.twiza.org\/portail\/wp-content\/uploads\/2021\/06\/Photo-Bloc-Re\u0301seaux-Locaux-1-800x600px-2.jpeg\" alt=\"\" class=\"wp-image-2446\" srcset=\"https:\/\/fr.twiza.org\/portail\/wp-content\/uploads\/2021\/06\/Photo-Bloc-Re\u0301seaux-Locaux-1-800x600px-2.jpeg 800w, https:\/\/fr.twiza.org\/portail\/wp-content\/uploads\/2021\/06\/Photo-Bloc-Re\u0301seaux-Locaux-1-800x600px-2-600x450.jpeg 600w, https:\/\/fr.twiza.org\/portail\/wp-content\/uploads\/2021\/06\/Photo-Bloc-Re\u0301seaux-Locaux-1-800x600px-2-300x225.jpeg 300w, https:\/\/fr.twiza.org\/portail\/wp-content\/uploads\/2021\/06\/Photo-Bloc-Re\u0301seaux-Locaux-1-800x600px-2-768x576.jpeg 768w\" sizes=\"(max-width: 800px) 100vw, 800px\" \/><\/figure>\n<\/div>\n\n\n\n<div class=\"wp-block-column is-vertically-aligned-center is-layout-flow wp-block-column-is-layout-flow\">\n<ul class=\"wp-block-list\"><li>D\u00e9couvre&nbsp;<strong>l\u2019\u00e9co-syst\u00e8me Twiza<\/strong>&nbsp;sur ton territoire : professionnels de l\u2019\u00e9co-construction, porteurs de projets, \u00e9v\u00e8nements, initiatives, opportunit\u00e9s etc.<\/li><li>Participe \u00e0 des <strong>\u00e9v\u00e8nements<\/strong> dans ta r\u00e9gion et cr\u00e9e de <strong>nouvelles&nbsp;amiti\u00e9s<\/strong> avec des personnes partageant des valeurs communes, dans un esprit d\u2019entraide<\/li><li>Fais connaissance avec des professionnels ou porteurs de projet pr\u00e8s de chez toi, dont l&rsquo;exp\u00e9rience pourrait <strong>t&rsquo;inspirer pour tes propres projets<\/strong><\/li><li>Acc\u00e8de aux&nbsp;<strong>espaces de discussion en ligne<\/strong>&nbsp;[<em>bient\u00f4t<\/em>] de ton groupe local, pose des questions et profite des bons plans ainsi que des retours d\u2019exp\u00e9rience<\/li><\/ul>\n<\/div>\n<\/div>\n\n\n\n<div class=\"wp-block-buttons is-horizontal is-content-justification-center is-layout-flex wp-container-core-buttons-is-layout-03627597 wp-block-buttons-is-layout-flex\">\n<div class=\"wp-block-button\"><a class=\"wp-block-button__link\" href=\"https:\/\/fr.twiza.org\/rejoindre-les-membres-actifs-twiza,pa152.html\" target=\"_blank\" rel=\"noreferrer noopener\">Rejoindre les membres actifs Twiza<\/a><\/div>\n<\/div>\n\n\n\n<hr class=\"wp-block-separator\"\/>\n\n\n\n<h2 class=\"has-text-align-center wp-block-heading\" id=\"h-le-forum-d-entraide-en-cours\">Le Forum d&rsquo;entraide [En cours]<\/h2>\n\n\n\n<p>Profite d&rsquo;un espace d&rsquo;\u00e9changes d\u00e9di\u00e9 \u00e0 une grande vari\u00e9t\u00e9 de sujets autour de l&rsquo;habitat \u00e9cologique tels que les techniques d&rsquo;\u00e9coconstruction et d&rsquo;autoconstruction, la gestion d&rsquo;un projet (planification, financement etc.) mais aussi des retours d&rsquo;exp\u00e9riences de b\u00e9n\u00e9voles, porteurs de projet ou professionnels<\/p>\n\n\n\n<div class=\"wp-block-columns is-layout-flex wp-container-core-columns-is-layout-28f84493 wp-block-columns-is-layout-flex\">\n<div class=\"wp-block-column is-layout-flow wp-block-column-is-layout-flow\">\n<ul class=\"wp-block-list\"><li>Obtiens des <strong>r\u00e9ponses<\/strong> \u00e0 tes questions en \u00e9changeant d&rsquo;autres b\u00e9n\u00e9voles ou  tout type d&rsquo;acteurs de l&rsquo;\u00e9co-construction<\/li><li>Consulte les \u00e9changes et <strong>retours d&rsquo;exp\u00e9riences<\/strong> dans des domaines tr\u00e8s vari\u00e9s<\/li><li>Profites des groupes de discussions en ligne pour <strong>\u00e9largir ton r\u00e9seau<\/strong> et \u00e9changer avec tout type d&rsquo;acteurs de l&rsquo;\u00e9co-construction<\/li><li><strong>Pose des questions<\/strong>, lance des discussions sur des th\u00e8mes qui t&rsquo;int\u00e9ressent<\/li><li>Reste inform\u00e9\u00b7e des <strong>actus locales<\/strong><\/li><\/ul>\n<\/div>\n\n\n\n<div class=\"wp-block-column is-layout-flow wp-block-column-is-layout-flow\">\n<figure class=\"wp-block-image size-large\"><img loading=\"lazy\" decoding=\"async\" width=\"800\" height=\"600\" src=\"https:\/\/fr.twiza.org\/portail\/wp-content\/uploads\/2021\/06\/Photo-Bloc-Forum-O-800x600px-2.jpg\" alt=\"\" class=\"wp-image-2447\" srcset=\"https:\/\/fr.twiza.org\/portail\/wp-content\/uploads\/2021\/06\/Photo-Bloc-Forum-O-800x600px-2.jpg 800w, https:\/\/fr.twiza.org\/portail\/wp-content\/uploads\/2021\/06\/Photo-Bloc-Forum-O-800x600px-2-600x450.jpg 600w, https:\/\/fr.twiza.org\/portail\/wp-content\/uploads\/2021\/06\/Photo-Bloc-Forum-O-800x600px-2-300x225.jpg 300w, https:\/\/fr.twiza.org\/portail\/wp-content\/uploads\/2021\/06\/Photo-Bloc-Forum-O-800x600px-2-768x576.jpg 768w\" sizes=\"(max-width: 800px) 100vw, 800px\" \/><\/figure>\n\n\n\n<p><\/p>\n<\/div>\n<\/div>\n\n\n\n<div class=\"wp-block-buttons is-horizontal is-content-justification-center is-layout-flex wp-container-core-buttons-is-layout-03627597 wp-block-buttons-is-layout-flex\">\n<div class=\"wp-block-button\"><a class=\"wp-block-button__link\" href=\"https:\/\/fr.twiza.org\/portail\/forum-dentraide\/\">Acc\u00e9der au Forum<\/a><\/div>\n<\/div>\n\n\n\n<hr class=\"wp-block-separator\"\/>\n\n\n\n<h2 class=\"has-text-align-center wp-block-heading\" id=\"h-de-l-information-de-qualite\">De l&rsquo;information de qualit\u00e9<\/h2>\n\n\n\n<p>Acc\u00e8de aux articles et aux guides r\u00e9dig\u00e9s par des professionnels ou membres du r\u00e9seau sur des sujets tr\u00e8s vari\u00e9s tels que les techniques d\u2019\u00e9co-construction et d\u2019auto-construction, l\u2019achat de mat\u00e9riel, la planification d\u2019un projet, l&#8217;embauche de professionnels etc. Si tu souhaites partager ton exp\u00e9rience <a href=\"https:\/\/fr.twiza.org\/portail\/contact\/\">contacte-nous<\/a> pour devenir contributeur\u00b7trice.<\/p>\n\n\n\n<div class=\"wp-block-columns is-layout-flex wp-container-core-columns-is-layout-28f84493 wp-block-columns-is-layout-flex\">\n<div class=\"wp-block-column is-vertically-aligned-center is-layout-flow wp-block-column-is-layout-flow\">\n<figure class=\"wp-block-image size-large\"><img loading=\"lazy\" decoding=\"async\" width=\"800\" height=\"600\" src=\"https:\/\/fr.twiza.org\/portail\/wp-content\/uploads\/2021\/06\/Photo-Bloc-Documentation-1-800x600px-2.jpeg\" alt=\"\" class=\"wp-image-2448\" srcset=\"https:\/\/fr.twiza.org\/portail\/wp-content\/uploads\/2021\/06\/Photo-Bloc-Documentation-1-800x600px-2.jpeg 800w, https:\/\/fr.twiza.org\/portail\/wp-content\/uploads\/2021\/06\/Photo-Bloc-Documentation-1-800x600px-2-600x450.jpeg 600w, https:\/\/fr.twiza.org\/portail\/wp-content\/uploads\/2021\/06\/Photo-Bloc-Documentation-1-800x600px-2-300x225.jpeg 300w, https:\/\/fr.twiza.org\/portail\/wp-content\/uploads\/2021\/06\/Photo-Bloc-Documentation-1-800x600px-2-768x576.jpeg 768w\" sizes=\"(max-width: 800px) 100vw, 800px\" \/><\/figure>\n<\/div>\n\n\n\n<div class=\"wp-block-column is-vertically-aligned-center is-layout-flow wp-block-column-is-layout-flow\">\n<ul class=\"wp-block-list\"><li><strong>Informe-toi<\/strong> sur les diff\u00e9rentes pratiques d&rsquo;\u00e9co-construction et d&rsquo;auto-construction, \u00e9largis ta base de connaissance<\/li><li><strong>Trouve des r\u00e9ponses<\/strong> \u00e0 tes questions en terme de gestion de projet : planification, financement, mise en oeuvre etc.<\/li><\/ul>\n<\/div>\n<\/div>\n\n\n\n<div class=\"wp-block-buttons is-horizontal is-content-justification-center is-layout-flex wp-container-core-buttons-is-layout-03627597 wp-block-buttons-is-layout-flex\">\n<div class=\"wp-block-button\"><a class=\"wp-block-button__link\" href=\"https:\/\/fr.twiza.org\/portail\/guides-dachat\/\">Voir les guides<\/a><\/div>\n<\/div>\n\n\n\n<p><\/p>\n\n\n\n<h4 class=\"wp-block-heading\">Ne rate rien de nos actus et de celle des chantiers participatifs : re\u00e7ois (gratuitement) chaque mois la Gazette Twiza <a href=\"https:\/\/fr.twiza.org\/portail\/on-reste-en-contact\/\">en cliquant ici<\/a>.<\/h4>\n\n\n\n<div style=\"height:100px\" aria-hidden=\"true\" class=\"wp-block-spacer\"><\/div>\n","protected":false},"excerpt":{"rendered":"<p>\u00ab\u00a0\u00c7a a \u00e9t\u00e9 pour moi une superbe exp\u00e9rience qui m&rsquo;a permis d&rsquo;apprendre plein de choses mais aussi de rencontrer plein de belles personnes et de passer d&rsquo;excellents moments. Ce n&rsquo;est pas juste un chantier participatif mais une immersion dans une fa\u00e7on de vivre qui fait du bien et qui redonne [&hellip;]<\/p>\n","protected":false},"author":2,"featured_media":0,"parent":0,"menu_order":0,"comment_status":"closed","ping_status":"closed","template":"page-templates\/template-fullwidth.php","meta":{"_eb_attr":"","_themeisle_gutenberg_block_has_review":false,"footnotes":""},"class_list":["post-610","page","type-page","status-publish","hentry"],"yoast_head":"<!-- This site is optimized with the Yoast SEO Premium plugin v27.2 (Yoast SEO v27.5) - https:\/\/yoast.com\/product\/yoast-seo-premium-wordpress\/ -->\n<title>Je suis curieux\u00b7se ou en transition personnelle<\/title>\n<meta name=\"description\" content=\"&quot;\u00c7a a \u00e9t\u00e9 pour moi une superbe exp\u00e9rience qui m&#039;a permis d&#039;apprendre plein de choses mais aussi de rencontrer plein de belles personnes&quot;\" \/>\n<meta name=\"robots\" content=\"index, follow, max-snippet:-1, max-image-preview:large, max-video-preview:-1\" \/>\n<link rel=\"canonical\" href=\"https:\/\/fr.twiza.org\/portail\/je-suis-curieux\/\" \/>\n<meta property=\"og:locale\" content=\"fr_FR\" \/>\n<meta property=\"og:type\" content=\"article\" \/>\n<meta property=\"og:title\" content=\"Je suis curieux\u00b7se ou en transition personnelle\" \/>\n<meta property=\"og:description\" content=\"&quot;\u00c7a a \u00e9t\u00e9 pour moi une superbe exp\u00e9rience qui m&#039;a permis d&#039;apprendre plein de choses mais aussi de rencontrer plein de belles personnes&quot;\" \/>\n<meta property=\"og:url\" content=\"https:\/\/fr.twiza.org\/portail\/je-suis-curieux\/\" \/>\n<meta property=\"og:site_name\" content=\"R\u00e9seau Twiza\" \/>\n<meta property=\"article:publisher\" content=\"https:\/\/fr-fr.facebook.com\/Twiza.fr\/\" \/>\n<meta property=\"article:modified_time\" content=\"2024-08-26T11:15:31+00:00\" \/>\n<meta property=\"og:image\" content=\"https:\/\/fr.twiza.org\/portail\/wp-content\/uploads\/2021\/05\/mathilde-300x300.jpg\" \/>\n<meta name=\"twitter:card\" content=\"summary_large_image\" \/>\n<script type=\"application\/ld+json\" class=\"yoast-schema-graph\">{\"@context\":\"https:\\\/\\\/schema.org\",\"@graph\":[{\"@type\":\"WebPage\",\"@id\":\"https:\\\/\\\/fr.twiza.org\\\/portail\\\/je-suis-curieux\\\/\",\"url\":\"https:\\\/\\\/fr.twiza.org\\\/portail\\\/je-suis-curieux\\\/\",\"name\":\"Je suis curieux\u00b7se ou en transition personnelle\",\"isPartOf\":{\"@id\":\"https:\\\/\\\/fr.twiza.org\\\/portail\\\/#website\"},\"primaryImageOfPage\":{\"@id\":\"https:\\\/\\\/fr.twiza.org\\\/portail\\\/je-suis-curieux\\\/#primaryimage\"},\"image\":{\"@id\":\"https:\\\/\\\/fr.twiza.org\\\/portail\\\/je-suis-curieux\\\/#primaryimage\"},\"thumbnailUrl\":\"https:\\\/\\\/fr.twiza.org\\\/portail\\\/wp-content\\\/uploads\\\/2021\\\/05\\\/mathilde-300x300.jpg\",\"datePublished\":\"2021-03-07T14:35:34+00:00\",\"dateModified\":\"2024-08-26T11:15:31+00:00\",\"description\":\"\\\"\u00c7a a \u00e9t\u00e9 pour moi une superbe exp\u00e9rience qui m'a permis d'apprendre plein de choses mais aussi de rencontrer plein de belles personnes\\\"\",\"breadcrumb\":{\"@id\":\"https:\\\/\\\/fr.twiza.org\\\/portail\\\/je-suis-curieux\\\/#breadcrumb\"},\"inLanguage\":\"fr-FR\",\"potentialAction\":[{\"@type\":\"ReadAction\",\"target\":[\"https:\\\/\\\/fr.twiza.org\\\/portail\\\/je-suis-curieux\\\/\"]}]},{\"@type\":\"ImageObject\",\"inLanguage\":\"fr-FR\",\"@id\":\"https:\\\/\\\/fr.twiza.org\\\/portail\\\/je-suis-curieux\\\/#primaryimage\",\"url\":\"https:\\\/\\\/fr.twiza.org\\\/portail\\\/wp-content\\\/uploads\\\/2021\\\/05\\\/mathilde.jpg\",\"contentUrl\":\"https:\\\/\\\/fr.twiza.org\\\/portail\\\/wp-content\\\/uploads\\\/2021\\\/05\\\/mathilde.jpg\",\"width\":600,\"height\":600,\"caption\":\"Mathilde, twizeuse\"},{\"@type\":\"BreadcrumbList\",\"@id\":\"https:\\\/\\\/fr.twiza.org\\\/portail\\\/je-suis-curieux\\\/#breadcrumb\",\"itemListElement\":[{\"@type\":\"ListItem\",\"position\":1,\"name\":\"Accueil\",\"item\":\"https:\\\/\\\/fr.twiza.org\\\/portail\\\/\"},{\"@type\":\"ListItem\",\"position\":2,\"name\":\"Je suis curieux\u00b7se ou en transition personnelle\"}]},{\"@type\":\"WebSite\",\"@id\":\"https:\\\/\\\/fr.twiza.org\\\/portail\\\/#website\",\"url\":\"https:\\\/\\\/fr.twiza.org\\\/portail\\\/\",\"name\":\"R\u00e9seau Twiza\",\"description\":\"Entraide pour un habitat \u00e9cologique, convivial et r\u00e9silient\",\"publisher\":{\"@id\":\"https:\\\/\\\/fr.twiza.org\\\/portail\\\/#organization\"},\"potentialAction\":[{\"@type\":\"SearchAction\",\"target\":{\"@type\":\"EntryPoint\",\"urlTemplate\":\"https:\\\/\\\/fr.twiza.org\\\/portail\\\/?s={search_term_string}\"},\"query-input\":{\"@type\":\"PropertyValueSpecification\",\"valueRequired\":true,\"valueName\":\"search_term_string\"}}],\"inLanguage\":\"fr-FR\"},{\"@type\":\"Organization\",\"@id\":\"https:\\\/\\\/fr.twiza.org\\\/portail\\\/#organization\",\"name\":\"R\u00e9seau Twiza\",\"url\":\"https:\\\/\\\/fr.twiza.org\\\/portail\\\/\",\"logo\":{\"@type\":\"ImageObject\",\"inLanguage\":\"fr-FR\",\"@id\":\"https:\\\/\\\/fr.twiza.org\\\/portail\\\/#\\\/schema\\\/logo\\\/image\\\/\",\"url\":\"https:\\\/\\\/fr.twiza.org\\\/portail\\\/wp-content\\\/uploads\\\/2021\\\/05\\\/cropped-logo-reseau-twiza.jpg\",\"contentUrl\":\"https:\\\/\\\/fr.twiza.org\\\/portail\\\/wp-content\\\/uploads\\\/2021\\\/05\\\/cropped-logo-reseau-twiza.jpg\",\"width\":400,\"height\":102,\"caption\":\"R\u00e9seau Twiza\"},\"image\":{\"@id\":\"https:\\\/\\\/fr.twiza.org\\\/portail\\\/#\\\/schema\\\/logo\\\/image\\\/\"},\"sameAs\":[\"https:\\\/\\\/fr-fr.facebook.com\\\/Twiza.fr\\\/\",\"https:\\\/\\\/www.instagram.com\\\/twiza_fr\\\/\",\"https:\\\/\\\/www.linkedin.com\\\/company\\\/reseautwiza\\\/\"]}]}<\/script>\n<!-- \/ Yoast SEO Premium plugin. -->","yoast_head_json":{"title":"Je suis curieux\u00b7se ou en transition personnelle","description":"\"\u00c7a a \u00e9t\u00e9 pour moi une superbe exp\u00e9rience qui m'a permis d'apprendre plein de choses mais aussi de rencontrer plein de belles personnes\"","robots":{"index":"index","follow":"follow","max-snippet":"max-snippet:-1","max-image-preview":"max-image-preview:large","max-video-preview":"max-video-preview:-1"},"canonical":"https:\/\/fr.twiza.org\/portail\/je-suis-curieux\/","og_locale":"fr_FR","og_type":"article","og_title":"Je suis curieux\u00b7se ou en transition personnelle","og_description":"\"\u00c7a a \u00e9t\u00e9 pour moi une superbe exp\u00e9rience qui m'a permis d'apprendre plein de choses mais aussi de rencontrer plein de belles personnes\"","og_url":"https:\/\/fr.twiza.org\/portail\/je-suis-curieux\/","og_site_name":"R\u00e9seau Twiza","article_publisher":"https:\/\/fr-fr.facebook.com\/Twiza.fr\/","article_modified_time":"2024-08-26T11:15:31+00:00","og_image":[{"url":"https:\/\/fr.twiza.org\/portail\/wp-content\/uploads\/2021\/05\/mathilde-300x300.jpg","type":"","width":"","height":""}],"twitter_card":"summary_large_image","schema":{"@context":"https:\/\/schema.org","@graph":[{"@type":"WebPage","@id":"https:\/\/fr.twiza.org\/portail\/je-suis-curieux\/","url":"https:\/\/fr.twiza.org\/portail\/je-suis-curieux\/","name":"Je suis curieux\u00b7se ou en transition personnelle","isPartOf":{"@id":"https:\/\/fr.twiza.org\/portail\/#website"},"primaryImageOfPage":{"@id":"https:\/\/fr.twiza.org\/portail\/je-suis-curieux\/#primaryimage"},"image":{"@id":"https:\/\/fr.twiza.org\/portail\/je-suis-curieux\/#primaryimage"},"thumbnailUrl":"https:\/\/fr.twiza.org\/portail\/wp-content\/uploads\/2021\/05\/mathilde-300x300.jpg","datePublished":"2021-03-07T14:35:34+00:00","dateModified":"2024-08-26T11:15:31+00:00","description":"\"\u00c7a a \u00e9t\u00e9 pour moi une superbe exp\u00e9rience qui m'a permis d'apprendre plein de choses mais aussi de rencontrer plein de belles personnes\"","breadcrumb":{"@id":"https:\/\/fr.twiza.org\/portail\/je-suis-curieux\/#breadcrumb"},"inLanguage":"fr-FR","potentialAction":[{"@type":"ReadAction","target":["https:\/\/fr.twiza.org\/portail\/je-suis-curieux\/"]}]},{"@type":"ImageObject","inLanguage":"fr-FR","@id":"https:\/\/fr.twiza.org\/portail\/je-suis-curieux\/#primaryimage","url":"https:\/\/fr.twiza.org\/portail\/wp-content\/uploads\/2021\/05\/mathilde.jpg","contentUrl":"https:\/\/fr.twiza.org\/portail\/wp-content\/uploads\/2021\/05\/mathilde.jpg","width":600,"height":600,"caption":"Mathilde, twizeuse"},{"@type":"BreadcrumbList","@id":"https:\/\/fr.twiza.org\/portail\/je-suis-curieux\/#breadcrumb","itemListElement":[{"@type":"ListItem","position":1,"name":"Accueil","item":"https:\/\/fr.twiza.org\/portail\/"},{"@type":"ListItem","position":2,"name":"Je suis curieux\u00b7se ou en transition personnelle"}]},{"@type":"WebSite","@id":"https:\/\/fr.twiza.org\/portail\/#website","url":"https:\/\/fr.twiza.org\/portail\/","name":"R\u00e9seau Twiza","description":"Entraide pour un habitat \u00e9cologique, convivial et r\u00e9silient","publisher":{"@id":"https:\/\/fr.twiza.org\/portail\/#organization"},"potentialAction":[{"@type":"SearchAction","target":{"@type":"EntryPoint","urlTemplate":"https:\/\/fr.twiza.org\/portail\/?s={search_term_string}"},"query-input":{"@type":"PropertyValueSpecification","valueRequired":true,"valueName":"search_term_string"}}],"inLanguage":"fr-FR"},{"@type":"Organization","@id":"https:\/\/fr.twiza.org\/portail\/#organization","name":"R\u00e9seau Twiza","url":"https:\/\/fr.twiza.org\/portail\/","logo":{"@type":"ImageObject","inLanguage":"fr-FR","@id":"https:\/\/fr.twiza.org\/portail\/#\/schema\/logo\/image\/","url":"https:\/\/fr.twiza.org\/portail\/wp-content\/uploads\/2021\/05\/cropped-logo-reseau-twiza.jpg","contentUrl":"https:\/\/fr.twiza.org\/portail\/wp-content\/uploads\/2021\/05\/cropped-logo-reseau-twiza.jpg","width":400,"height":102,"caption":"R\u00e9seau Twiza"},"image":{"@id":"https:\/\/fr.twiza.org\/portail\/#\/schema\/logo\/image\/"},"sameAs":["https:\/\/fr-fr.facebook.com\/Twiza.fr\/","https:\/\/www.instagram.com\/twiza_fr\/","https:\/\/www.linkedin.com\/company\/reseautwiza\/"]}]}},"jetpack_sharing_enabled":true,"_links":{"self":[{"href":"https:\/\/fr.twiza.org\/portail\/wp-json\/wp\/v2\/pages\/610","targetHints":{"allow":["GET"]}}],"collection":[{"href":"https:\/\/fr.twiza.org\/portail\/wp-json\/wp\/v2\/pages"}],"about":[{"href":"https:\/\/fr.twiza.org\/portail\/wp-json\/wp\/v2\/types\/page"}],"author":[{"embeddable":true,"href":"https:\/\/fr.twiza.org\/portail\/wp-json\/wp\/v2\/users\/2"}],"replies":[{"embeddable":true,"href":"https:\/\/fr.twiza.org\/portail\/wp-json\/wp\/v2\/comments?post=610"}],"version-history":[{"count":107,"href":"https:\/\/fr.twiza.org\/portail\/wp-json\/wp\/v2\/pages\/610\/revisions"}],"predecessor-version":[{"id":5341,"href":"https:\/\/fr.twiza.org\/portail\/wp-json\/wp\/v2\/pages\/610\/revisions\/5341"}],"wp:attachment":[{"href":"https:\/\/fr.twiza.org\/portail\/wp-json\/wp\/v2\/media?parent=610"}],"curies":[{"name":"wp","href":"https:\/\/api.w.org\/{rel}","templated":true}]}}