{"id":612,"date":"2021-03-07T15:35:48","date_gmt":"2021-03-07T14:35:48","guid":{"rendered":"https:\/\/fr.twiza.org\/portail\/?page_id=612"},"modified":"2024-08-26T13:15:14","modified_gmt":"2024-08-26T11:15:14","slug":"jai-une-idee-de-projet","status":"publish","type":"page","link":"https:\/\/fr.twiza.org\/portail\/jai-une-idee-de-projet\/","title":{"rendered":"J&rsquo;ai une id\u00e9e de projet, un r\u00eave"},"content":{"rendered":"\n<div style=\"height:30px\" aria-hidden=\"true\" class=\"wp-block-spacer\"><\/div>\n\n\n\n<div class=\"wp-block-columns is-layout-flex wp-container-core-columns-is-layout-28f84493 wp-block-columns-is-layout-flex\">\n<div class=\"wp-block-column is-layout-flow wp-block-column-is-layout-flow\" style=\"flex-basis:33.33%\">\n<div class=\"wp-block-image is-style-rounded\"><figure class=\"alignright size-medium\"><img fetchpriority=\"high\" decoding=\"async\" width=\"300\" height=\"300\" src=\"https:\/\/fr.twiza.org\/portail\/wp-content\/uploads\/2021\/05\/nadege-300x300.jpg\" alt=\"Nad\u00e8ge, r\u00e9seau Twiza\" class=\"wp-image-1847\" srcset=\"https:\/\/fr.twiza.org\/portail\/wp-content\/uploads\/2021\/05\/nadege-300x300.jpg 300w, https:\/\/fr.twiza.org\/portail\/wp-content\/uploads\/2021\/05\/nadege-230x230.jpg 230w, https:\/\/fr.twiza.org\/portail\/wp-content\/uploads\/2021\/05\/nadege-160x160.jpg 160w, https:\/\/fr.twiza.org\/portail\/wp-content\/uploads\/2021\/05\/nadege-600x600.jpg 600w, https:\/\/fr.twiza.org\/portail\/wp-content\/uploads\/2021\/05\/nadege-234x234.jpg 234w, https:\/\/fr.twiza.org\/portail\/wp-content\/uploads\/2021\/05\/nadege-768x768.jpg 768w, https:\/\/fr.twiza.org\/portail\/wp-content\/uploads\/2021\/05\/nadege.jpg 891w\" sizes=\"(max-width: 300px) 100vw, 300px\" \/><\/figure><\/div>\n<\/div>\n\n\n\n<div class=\"wp-block-column is-vertically-aligned-center is-layout-flow wp-block-column-is-layout-flow\" style=\"flex-basis:66.66%\">\n<blockquote class=\"wp-block-quote is-style-large is-layout-flow wp-block-quote-is-layout-flow\"><p><em>Il est l&rsquo;heure de reprendre le travail&#8230;J&rsquo;ai ador\u00e9 les diff\u00e9rentes exp\u00e9riences avec Twiza et les autres chantiers participatifs et\/ou formation terre, paille&#8230;Toutes ces belles \u00e9nergies m&rsquo;ont port\u00e9 chance au point de voir na\u00eetre mon projet perso ! A bient\u00f4t \u00e0 tous, peut-\u00eatre sur un nouveau chantier&#8230;!! \ud83d\ude42<\/em><\/p><cite>T\u00e9moignage de Nad\u00e8ge C. &#8211; Perpignan, Pyr\u00e9n\u00e9es-Orientales<\/cite><\/blockquote>\n<\/div>\n<\/div>\n\n\n\n<p>Si comme Nad\u00e8ge, tu sens na\u00eetre en toi les pr\u00e9misses d&rsquo;un projet personnel d&rsquo;habitat \u00e9cologique, alors profite de tout ce que peut t&rsquo;apporter le r\u00e9seau Twiza dans cette d\u00e9marche, notamment : <\/p>\n\n\n\n<ul class=\"wp-block-list\"><li><strong>Renforcer ta confiance<\/strong> et ta motivation <\/li><li><strong>Elargir ton r\u00e9seau<\/strong> et te cr\u00e9er des alli\u00e9s de confiance<\/li><li><strong>Affiner la d\u00e9finition <\/strong>de ton projet et le solidifier<\/li><\/ul>\n\n\n\n<hr class=\"wp-block-separator\"\/>\n\n\n\n<p>Visionne des t\u00e9moignages concrets via ces extraits vid\u00e9o de l&rsquo;\u00e9mission \u00ab\u00a0Maison \u00e0 tout prix\u00a0\u00bb de France 5 qui mettent en lumi\u00e8re le <a href=\"https:\/\/fr.twiza.org\/enduits-terre-sur-murs-paille,zs4012,13.html\" target=\"_blank\" rel=\"noreferrer noopener\">chantier participatif<\/a> Twiza de Julien et sa famille en Charente-Maritime.<\/p>\n\n\n\n<figure class=\"wp-block-embed is-type-video is-provider-youtube wp-block-embed-youtube wp-embed-aspect-16-9 wp-has-aspect-ratio\"><div class=\"wp-block-embed__wrapper\">\n<iframe title=\"Chantier de maison Bois Terre Paille du r\u00e9seau TWIZA \u00e0 Romegoux (17)\" width=\"750\" height=\"422\" src=\"https:\/\/www.youtube.com\/embed\/zDYWLxMeA3c?feature=oembed\" frameborder=\"0\" allow=\"accelerometer; autoplay; clipboard-write; encrypted-media; gyroscope; picture-in-picture\" allowfullscreen><\/iframe>\n<\/div><figcaption>Montage vid\u00e9o d\u2019une membre active du r\u00e9seau Twiza (Nathalie Hag\u00e8ge) cr\u00e9\u00e9 \u00e0 partir d\u2019extraits vid\u00e9o de l\u2019\u00e9mission \u00ab&nbsp;Maison \u00e0 tout prix&nbsp;\u00bb de France 5 r\u00e9alis\u00e9e par Emilie Helmbacher diffus\u00e9e le 08\/03\/2022. Lien vers l\u2019\u0153uvre d\u2019origine : https:\/\/www.france.tv\/documentaires\/societe\/3115585-maison-a-tout-prix.html<\/figcaption><\/figure>\n\n\n\n<hr class=\"wp-block-separator\"\/>\n\n\n\n<p><\/p>\n\n\n\n<p>Enfin pour aller plus loin, voici un petit aper\u00e7u d\u00e9taill\u00e9 des diff\u00e9rentes <strong>facettes<\/strong> du <strong>r\u00e9seau TWIZA<\/strong> et des <strong>b\u00e9n\u00e9fices<\/strong> que tu peux en tirer :<\/p>\n\n\n\n<h2 class=\"has-text-align-center wp-block-heading\" id=\"h-les-chantiers-participatifs\">Les Chantiers participatifs<\/h2>\n\n\n\n<div class=\"wp-block-columns is-layout-flex wp-container-core-columns-is-layout-28f84493 wp-block-columns-is-layout-flex\">\n<div class=\"wp-block-column is-vertically-aligned-center is-layout-flow wp-block-column-is-layout-flow\">\n<ul class=\"wp-block-list\"><li><strong>Apprends<\/strong> \u00e0 construire ou r\u00e9nover de mani\u00e8re \u00e9cologique tout en voyageant<\/li><li><strong>Prends conscience<\/strong> de ce que repr\u00e9sente la gestion d\u2019un chantier, humainement et techniquement<\/li><li><strong>Teste-toi<\/strong> et <strong>rassure-toi<\/strong> sur ta capacit\u00e9 \u00e0 faire par toi m\u00eame<\/li><li>Trouve de <strong>l\u2019inspiration<\/strong> et des conseils pour le choix des techniques et modes constructifs de ton projet<\/li><li>Partage une<strong> exp\u00e9rience humaine<\/strong> <strong>riche<\/strong> et <strong>conviviale<\/strong>, cr\u00e9e de nouvelles relations amicales<\/li><li>Acc\u00e8de aux <strong>coordonn\u00e9es<\/strong> des organisateurs de chantiers pour entrer en contact<\/li><li>Profite de l&rsquo;<strong>assurance<\/strong> associ\u00e9e \u00e0 ton abonnement Twiza pour te prot\u00e9ger en cas d\u2019accident grave sur un chantier<\/li><\/ul>\n<\/div>\n\n\n\n<div class=\"wp-block-column is-vertically-aligned-center is-layout-flow wp-block-column-is-layout-flow\">\n<figure class=\"wp-block-image size-large\"><img decoding=\"async\" width=\"800\" height=\"600\" src=\"https:\/\/fr.twiza.org\/portail\/wp-content\/uploads\/2021\/06\/Photo-Bloc-Chantier-2-800x600px.jpeg\" alt=\"\" class=\"wp-image-2451\" srcset=\"https:\/\/fr.twiza.org\/portail\/wp-content\/uploads\/2021\/06\/Photo-Bloc-Chantier-2-800x600px.jpeg 800w, https:\/\/fr.twiza.org\/portail\/wp-content\/uploads\/2021\/06\/Photo-Bloc-Chantier-2-800x600px-600x450.jpeg 600w, https:\/\/fr.twiza.org\/portail\/wp-content\/uploads\/2021\/06\/Photo-Bloc-Chantier-2-800x600px-300x225.jpeg 300w, https:\/\/fr.twiza.org\/portail\/wp-content\/uploads\/2021\/06\/Photo-Bloc-Chantier-2-800x600px-768x576.jpeg 768w\" sizes=\"(max-width: 800px) 100vw, 800px\" \/><\/figure>\n<\/div>\n<\/div>\n\n\n\n<div class=\"wp-block-buttons is-horizontal is-content-justification-center is-layout-flex wp-container-core-buttons-is-layout-03627597 wp-block-buttons-is-layout-flex\">\n<div class=\"wp-block-button is-style-fill\"><a class=\"wp-block-button__link\" href=\"https:\/\/fr.twiza.org\/chantiers-participatifs\/v2\" target=\"_blank\" rel=\"noreferrer noopener\">Rechercher un chantier participatif<\/a><\/div>\n<\/div>\n\n\n\n<hr class=\"wp-block-separator\"\/>\n\n\n\n<h2 class=\"has-text-align-center wp-block-heading\" id=\"h-les-reseaux-locaux-en-cours\">Les R\u00e9seaux locaux [en cours]<\/h2>\n\n\n\n<p>Ils ont l\u2019objectif de faciliter l\u2019\u00e9mergence d\u2019actions locales, en organisant et animant des espaces de rencontres. Il sont en cours de d\u00e9ploiement partout en France. 1\u00e8re \u00e9tape en cours : le <strong>d\u00e9ploiement des membres actifs<\/strong>. <\/p>\n\n\n\n<div class=\"wp-block-columns is-layout-flex wp-container-core-columns-is-layout-28f84493 wp-block-columns-is-layout-flex\">\n<div class=\"wp-block-column is-vertically-aligned-center is-layout-flow wp-block-column-is-layout-flow\">\n<figure class=\"wp-block-image size-large\"><img decoding=\"async\" width=\"800\" height=\"600\" src=\"https:\/\/fr.twiza.org\/portail\/wp-content\/uploads\/2021\/06\/Photo-Bloc-Re\u0301seaux-Locaux-1-800x600px-2.jpeg\" alt=\"\" class=\"wp-image-2446\" srcset=\"https:\/\/fr.twiza.org\/portail\/wp-content\/uploads\/2021\/06\/Photo-Bloc-Re\u0301seaux-Locaux-1-800x600px-2.jpeg 800w, https:\/\/fr.twiza.org\/portail\/wp-content\/uploads\/2021\/06\/Photo-Bloc-Re\u0301seaux-Locaux-1-800x600px-2-600x450.jpeg 600w, https:\/\/fr.twiza.org\/portail\/wp-content\/uploads\/2021\/06\/Photo-Bloc-Re\u0301seaux-Locaux-1-800x600px-2-300x225.jpeg 300w, https:\/\/fr.twiza.org\/portail\/wp-content\/uploads\/2021\/06\/Photo-Bloc-Re\u0301seaux-Locaux-1-800x600px-2-768x576.jpeg 768w\" sizes=\"(max-width: 800px) 100vw, 800px\" \/><\/figure>\n<\/div>\n\n\n\n<div class=\"wp-block-column is-vertically-aligned-center is-layout-flow wp-block-column-is-layout-flow\">\n<ul class=\"wp-block-list\"><li>Fais connaissance avec des professionnels ou porteurs de projet pr\u00e8s de chez toi, dont l&rsquo;exp\u00e9rience pourrait <strong>t&rsquo;inspirer pour tes propres projets<\/strong><\/li><li>D\u00e9couvre&nbsp;<strong>l\u2019\u00e9co-syst\u00e8me Twiza<\/strong>&nbsp;sur ton territoire : professionnels de l\u2019\u00e9co-construction, porteurs de projets, \u00e9v\u00e8nements, initiatives, opportunit\u00e9s etc.<\/li><li>Participe \u00e0 des <strong>\u00e9v\u00e8nements<\/strong> dans ta r\u00e9gion et cr\u00e9e <strong>du lien<\/strong> avec des personnes partageant des valeurs communes, dans un esprit d\u2019entraide<\/li><\/ul>\n<\/div>\n<\/div>\n\n\n\n<div class=\"wp-block-buttons is-horizontal is-content-justification-center is-layout-flex wp-container-core-buttons-is-layout-03627597 wp-block-buttons-is-layout-flex\">\n<div class=\"wp-block-button\"><a class=\"wp-block-button__link\" href=\"https:\/\/fr.twiza.org\/rejoindre-les-membres-actifs-twiza,pa152.html\" target=\"_blank\" rel=\"noreferrer noopener\">Rejoindre les membres actifs Twiza<\/a><\/div>\n<\/div>\n\n\n\n<hr class=\"wp-block-separator\"\/>\n\n\n\n<h2 class=\"has-text-align-center wp-block-heading\" id=\"h-le-forum-d-entraide-fin-2021\"><meta charset=\"utf-8\">Le Forum d&rsquo;entraide [Fin 2021]<\/h2>\n\n\n\n<p>Profite d\u2019un espace d\u2019\u00e9changes d\u00e9di\u00e9 \u00e0 une grande diversit\u00e9 de sujets tels que les pratiques d\u2019\u00e9coconstruction et d\u2019autoconstruction ou la gestion d\u2019un projet (planification, financement etc)<\/p>\n\n\n\n<div class=\"wp-block-columns is-layout-flex wp-container-core-columns-is-layout-28f84493 wp-block-columns-is-layout-flex\">\n<div class=\"wp-block-column is-vertically-aligned-center is-layout-flow wp-block-column-is-layout-flow\">\n<figure class=\"wp-block-image size-large\"><img loading=\"lazy\" decoding=\"async\" width=\"800\" height=\"600\" src=\"https:\/\/fr.twiza.org\/portail\/wp-content\/uploads\/2021\/06\/Photo-Bloc-Forum-O-800x600px-2.jpg\" alt=\"\" class=\"wp-image-2447\" srcset=\"https:\/\/fr.twiza.org\/portail\/wp-content\/uploads\/2021\/06\/Photo-Bloc-Forum-O-800x600px-2.jpg 800w, https:\/\/fr.twiza.org\/portail\/wp-content\/uploads\/2021\/06\/Photo-Bloc-Forum-O-800x600px-2-600x450.jpg 600w, https:\/\/fr.twiza.org\/portail\/wp-content\/uploads\/2021\/06\/Photo-Bloc-Forum-O-800x600px-2-300x225.jpg 300w, https:\/\/fr.twiza.org\/portail\/wp-content\/uploads\/2021\/06\/Photo-Bloc-Forum-O-800x600px-2-768x576.jpg 768w\" sizes=\"(max-width: 800px) 100vw, 800px\" \/><\/figure>\n<\/div>\n\n\n\n<div class=\"wp-block-column is-vertically-aligned-center is-layout-flow wp-block-column-is-layout-flow\">\n<ul class=\"wp-block-list\"><li>Obtiens des&nbsp;<strong>r\u00e9ponses<\/strong>&nbsp;\u00e0 tes questions en \u00e9changeant avec d\u2019autres porteurs de projets<\/li><li>Consulte les \u00e9changes et&nbsp;<strong>retours d\u2019exp\u00e9riences<\/strong>&nbsp;dans des domaines tr\u00e8s vari\u00e9s<\/li><li>Profites des groupes de discussions en ligne pour&nbsp;<strong>\u00e9largir ton r\u00e9seau<\/strong>&nbsp;et \u00e9changer avec tout type d\u2019acteurs de l\u2019\u00e9co-construction<\/li><li><strong>Pose des questions<\/strong>, lance des discussions sur des th\u00e8mes qui t\u2019int\u00e9ressent<\/li><li>Reste inform\u00e9.e des&nbsp;<strong>actus locales<\/strong><\/li><\/ul>\n<\/div>\n<\/div>\n\n\n\n<div class=\"wp-block-buttons is-horizontal is-content-justification-center is-layout-flex wp-container-core-buttons-is-layout-03627597 wp-block-buttons-is-layout-flex\">\n<div class=\"wp-block-button is-style-fill\"><a class=\"wp-block-button__link\" href=\"https:\/\/fr.twiza.org\/portail\/forum-dentraide\/\">\u00c0 propos du Forum<\/a><\/div>\n<\/div>\n\n\n\n<hr class=\"wp-block-separator\"\/>\n\n\n\n<h2 class=\"has-text-align-center wp-block-heading\" id=\"h-de-l-information-de-qualite\"><meta charset=\"utf-8\">De l&rsquo;information de qualit\u00e9<\/h2>\n\n\n\n<p>Acc\u00e8de aux articles et aux guides r\u00e9dig\u00e9s par des professionnels ou membres du r\u00e9seau dans de multiples domaines : les techniques d&rsquo;\u00e9coconstruction, le mat\u00e9riel (chauffe-eau solaire, po\u00eale de masse etc), mais aussi la gestion d&rsquo;un projet (planification, financement etc.)<\/p>\n\n\n\n<p><meta charset=\"utf-8\">Si tu souhaites partager ton exp\u00e9rience <a href=\"https:\/\/fr.twiza.org\/portail\/contact\/\">contacte-nous<\/a> pour devenir contributeur\u00b7trice.<\/p>\n\n\n\n<div class=\"wp-block-columns alignwide is-layout-flex wp-container-core-columns-is-layout-28f84493 wp-block-columns-is-layout-flex\">\n<div class=\"wp-block-column is-vertically-aligned-center is-layout-flow wp-block-column-is-layout-flow\">\n<ul class=\"wp-block-list\"><li>Consulte le contenu en ligne sur l\u2019\u00e9co-construction et l\u2019auto-construction pour&nbsp;t&rsquo;aider dans <strong>la d\u00e9finition<\/strong> de ton projet<\/li><li>Renforce et&nbsp;<strong>\u00e9largis ta base de connaissance<\/strong><\/li><li>Gagne du temps et&nbsp;<strong>\u00e9vite les erreurs<\/strong>&nbsp;gr\u00e2ce \u00e0 l\u2019exp\u00e9rience du r\u00e9seau dans de multiples domaines<\/li><\/ul>\n<\/div>\n\n\n\n<div class=\"wp-block-column is-vertically-aligned-center is-layout-flow wp-block-column-is-layout-flow\">\n<figure class=\"wp-block-image size-large\"><img loading=\"lazy\" decoding=\"async\" width=\"800\" height=\"600\" src=\"https:\/\/fr.twiza.org\/portail\/wp-content\/uploads\/2021\/06\/Photo-Bloc-Documentation-1-800x600px-2.jpeg\" alt=\"\" class=\"wp-image-2448\" srcset=\"https:\/\/fr.twiza.org\/portail\/wp-content\/uploads\/2021\/06\/Photo-Bloc-Documentation-1-800x600px-2.jpeg 800w, https:\/\/fr.twiza.org\/portail\/wp-content\/uploads\/2021\/06\/Photo-Bloc-Documentation-1-800x600px-2-600x450.jpeg 600w, https:\/\/fr.twiza.org\/portail\/wp-content\/uploads\/2021\/06\/Photo-Bloc-Documentation-1-800x600px-2-300x225.jpeg 300w, https:\/\/fr.twiza.org\/portail\/wp-content\/uploads\/2021\/06\/Photo-Bloc-Documentation-1-800x600px-2-768x576.jpeg 768w\" sizes=\"(max-width: 800px) 100vw, 800px\" \/><\/figure>\n<\/div>\n<\/div>\n\n\n\n<div class=\"wp-block-buttons is-horizontal is-content-justification-center is-layout-flex wp-container-core-buttons-is-layout-03627597 wp-block-buttons-is-layout-flex\">\n<div class=\"wp-block-button\"><a class=\"wp-block-button__link\" href=\"https:\/\/fr.twiza.org\/portail\/guides-dachat\/\">Voir les guides<\/a><\/div>\n<\/div>\n\n\n\n<p><\/p>\n\n\n\n<h4 class=\"wp-block-heading\">Ne rate rien de nos actus et de celle des chantiers participatifs : re\u00e7ois (gratuitement) chaque mois la Gazette Twiza <a href=\"https:\/\/fr.twiza.org\/portail\/on-reste-en-contact\/\">en cliquant ici<\/a>.<\/h4>\n\n\n\n<p><\/p>\n\n\n\n<div style=\"height:135px\" aria-hidden=\"true\" class=\"wp-block-spacer\"><\/div>\n","protected":false},"excerpt":{"rendered":"<p>Il est l&rsquo;heure de reprendre le travail&#8230;J&rsquo;ai ador\u00e9 les diff\u00e9rentes exp\u00e9riences avec Twiza et les autres chantiers participatifs et\/ou formation terre, paille&#8230;Toutes ces belles \u00e9nergies m&rsquo;ont port\u00e9 chance au point de voir na\u00eetre mon projet perso ! A bient\u00f4t \u00e0 tous, peut-\u00eatre sur un nouveau chantier&#8230;!! \ud83d\ude42 T\u00e9moignage de Nad\u00e8ge [&hellip;]<\/p>\n","protected":false},"author":2,"featured_media":0,"parent":0,"menu_order":0,"comment_status":"closed","ping_status":"closed","template":"page-templates\/template-fullwidth.php","meta":{"_eb_attr":"","_themeisle_gutenberg_block_has_review":false,"footnotes":""},"class_list":["post-612","page","type-page","status-publish","hentry"],"yoast_head":"<!-- This site is optimized with the Yoast SEO Premium plugin v27.2 (Yoast SEO v27.4) - https:\/\/yoast.com\/product\/yoast-seo-premium-wordpress\/ -->\n<title>J&#039;ai une id\u00e9e de projet, un r\u00eave<\/title>\n<meta name=\"description\" content=\"&quot;J&#039;ai ador\u00e9 les diff\u00e9rentes exp\u00e9riences avec Twiza. Toutes ces belles \u00e9nergies m&#039;ont port\u00e9 chance au point de voir na\u00eetre mon projet perso !&quot;\" \/>\n<meta name=\"robots\" content=\"index, follow, max-snippet:-1, max-image-preview:large, max-video-preview:-1\" \/>\n<link rel=\"canonical\" href=\"https:\/\/fr.twiza.org\/portail\/jai-une-idee-de-projet\/\" \/>\n<meta property=\"og:locale\" content=\"fr_FR\" \/>\n<meta property=\"og:type\" content=\"article\" \/>\n<meta property=\"og:title\" content=\"J&#039;ai une id\u00e9e de projet, un r\u00eave\" \/>\n<meta property=\"og:description\" content=\"&quot;J&#039;ai ador\u00e9 les diff\u00e9rentes exp\u00e9riences avec Twiza. Toutes ces belles \u00e9nergies m&#039;ont port\u00e9 chance au point de voir na\u00eetre mon projet perso !&quot;\" \/>\n<meta property=\"og:url\" content=\"https:\/\/fr.twiza.org\/portail\/jai-une-idee-de-projet\/\" \/>\n<meta property=\"og:site_name\" content=\"R\u00e9seau Twiza\" \/>\n<meta property=\"article:publisher\" content=\"https:\/\/fr-fr.facebook.com\/Twiza.fr\/\" \/>\n<meta property=\"article:modified_time\" content=\"2024-08-26T11:15:14+00:00\" \/>\n<meta property=\"og:image\" content=\"https:\/\/fr.twiza.org\/portail\/wp-content\/uploads\/2021\/05\/nadege-300x300.jpg\" \/>\n<meta name=\"twitter:card\" content=\"summary_large_image\" \/>\n<script type=\"application\/ld+json\" class=\"yoast-schema-graph\">{\"@context\":\"https:\\\/\\\/schema.org\",\"@graph\":[{\"@type\":\"WebPage\",\"@id\":\"https:\\\/\\\/fr.twiza.org\\\/portail\\\/jai-une-idee-de-projet\\\/\",\"url\":\"https:\\\/\\\/fr.twiza.org\\\/portail\\\/jai-une-idee-de-projet\\\/\",\"name\":\"J'ai une id\u00e9e de projet, un r\u00eave\",\"isPartOf\":{\"@id\":\"https:\\\/\\\/fr.twiza.org\\\/portail\\\/#website\"},\"primaryImageOfPage\":{\"@id\":\"https:\\\/\\\/fr.twiza.org\\\/portail\\\/jai-une-idee-de-projet\\\/#primaryimage\"},\"image\":{\"@id\":\"https:\\\/\\\/fr.twiza.org\\\/portail\\\/jai-une-idee-de-projet\\\/#primaryimage\"},\"thumbnailUrl\":\"https:\\\/\\\/fr.twiza.org\\\/portail\\\/wp-content\\\/uploads\\\/2021\\\/05\\\/nadege-300x300.jpg\",\"datePublished\":\"2021-03-07T14:35:48+00:00\",\"dateModified\":\"2024-08-26T11:15:14+00:00\",\"description\":\"\\\"J'ai ador\u00e9 les diff\u00e9rentes exp\u00e9riences avec Twiza. Toutes ces belles \u00e9nergies m'ont port\u00e9 chance au point de voir na\u00eetre mon projet perso !\\\"\",\"breadcrumb\":{\"@id\":\"https:\\\/\\\/fr.twiza.org\\\/portail\\\/jai-une-idee-de-projet\\\/#breadcrumb\"},\"inLanguage\":\"fr-FR\",\"potentialAction\":[{\"@type\":\"ReadAction\",\"target\":[\"https:\\\/\\\/fr.twiza.org\\\/portail\\\/jai-une-idee-de-projet\\\/\"]}]},{\"@type\":\"ImageObject\",\"inLanguage\":\"fr-FR\",\"@id\":\"https:\\\/\\\/fr.twiza.org\\\/portail\\\/jai-une-idee-de-projet\\\/#primaryimage\",\"url\":\"https:\\\/\\\/fr.twiza.org\\\/portail\\\/wp-content\\\/uploads\\\/2021\\\/05\\\/nadege.jpg\",\"contentUrl\":\"https:\\\/\\\/fr.twiza.org\\\/portail\\\/wp-content\\\/uploads\\\/2021\\\/05\\\/nadege.jpg\",\"width\":891,\"height\":891,\"caption\":\"Nad\u00e8ge, r\u00e9seau Twiza\"},{\"@type\":\"BreadcrumbList\",\"@id\":\"https:\\\/\\\/fr.twiza.org\\\/portail\\\/jai-une-idee-de-projet\\\/#breadcrumb\",\"itemListElement\":[{\"@type\":\"ListItem\",\"position\":1,\"name\":\"Accueil\",\"item\":\"https:\\\/\\\/fr.twiza.org\\\/portail\\\/\"},{\"@type\":\"ListItem\",\"position\":2,\"name\":\"J&rsquo;ai une id\u00e9e de projet, un r\u00eave\"}]},{\"@type\":\"WebSite\",\"@id\":\"https:\\\/\\\/fr.twiza.org\\\/portail\\\/#website\",\"url\":\"https:\\\/\\\/fr.twiza.org\\\/portail\\\/\",\"name\":\"R\u00e9seau Twiza\",\"description\":\"Entraide pour un habitat \u00e9cologique, convivial et r\u00e9silient\",\"publisher\":{\"@id\":\"https:\\\/\\\/fr.twiza.org\\\/portail\\\/#organization\"},\"potentialAction\":[{\"@type\":\"SearchAction\",\"target\":{\"@type\":\"EntryPoint\",\"urlTemplate\":\"https:\\\/\\\/fr.twiza.org\\\/portail\\\/?s={search_term_string}\"},\"query-input\":{\"@type\":\"PropertyValueSpecification\",\"valueRequired\":true,\"valueName\":\"search_term_string\"}}],\"inLanguage\":\"fr-FR\"},{\"@type\":\"Organization\",\"@id\":\"https:\\\/\\\/fr.twiza.org\\\/portail\\\/#organization\",\"name\":\"R\u00e9seau Twiza\",\"url\":\"https:\\\/\\\/fr.twiza.org\\\/portail\\\/\",\"logo\":{\"@type\":\"ImageObject\",\"inLanguage\":\"fr-FR\",\"@id\":\"https:\\\/\\\/fr.twiza.org\\\/portail\\\/#\\\/schema\\\/logo\\\/image\\\/\",\"url\":\"https:\\\/\\\/fr.twiza.org\\\/portail\\\/wp-content\\\/uploads\\\/2021\\\/05\\\/cropped-logo-reseau-twiza.jpg\",\"contentUrl\":\"https:\\\/\\\/fr.twiza.org\\\/portail\\\/wp-content\\\/uploads\\\/2021\\\/05\\\/cropped-logo-reseau-twiza.jpg\",\"width\":400,\"height\":102,\"caption\":\"R\u00e9seau Twiza\"},\"image\":{\"@id\":\"https:\\\/\\\/fr.twiza.org\\\/portail\\\/#\\\/schema\\\/logo\\\/image\\\/\"},\"sameAs\":[\"https:\\\/\\\/fr-fr.facebook.com\\\/Twiza.fr\\\/\",\"https:\\\/\\\/www.instagram.com\\\/twiza_fr\\\/\",\"https:\\\/\\\/www.linkedin.com\\\/company\\\/reseautwiza\\\/\"]}]}<\/script>\n<!-- \/ Yoast SEO Premium plugin. -->","yoast_head_json":{"title":"J'ai une id\u00e9e de projet, un r\u00eave","description":"\"J'ai ador\u00e9 les diff\u00e9rentes exp\u00e9riences avec Twiza. Toutes ces belles \u00e9nergies m'ont port\u00e9 chance au point de voir na\u00eetre mon projet perso !\"","robots":{"index":"index","follow":"follow","max-snippet":"max-snippet:-1","max-image-preview":"max-image-preview:large","max-video-preview":"max-video-preview:-1"},"canonical":"https:\/\/fr.twiza.org\/portail\/jai-une-idee-de-projet\/","og_locale":"fr_FR","og_type":"article","og_title":"J'ai une id\u00e9e de projet, un r\u00eave","og_description":"\"J'ai ador\u00e9 les diff\u00e9rentes exp\u00e9riences avec Twiza. Toutes ces belles \u00e9nergies m'ont port\u00e9 chance au point de voir na\u00eetre mon projet perso !\"","og_url":"https:\/\/fr.twiza.org\/portail\/jai-une-idee-de-projet\/","og_site_name":"R\u00e9seau Twiza","article_publisher":"https:\/\/fr-fr.facebook.com\/Twiza.fr\/","article_modified_time":"2024-08-26T11:15:14+00:00","og_image":[{"url":"https:\/\/fr.twiza.org\/portail\/wp-content\/uploads\/2021\/05\/nadege-300x300.jpg","type":"","width":"","height":""}],"twitter_card":"summary_large_image","schema":{"@context":"https:\/\/schema.org","@graph":[{"@type":"WebPage","@id":"https:\/\/fr.twiza.org\/portail\/jai-une-idee-de-projet\/","url":"https:\/\/fr.twiza.org\/portail\/jai-une-idee-de-projet\/","name":"J'ai une id\u00e9e de projet, un r\u00eave","isPartOf":{"@id":"https:\/\/fr.twiza.org\/portail\/#website"},"primaryImageOfPage":{"@id":"https:\/\/fr.twiza.org\/portail\/jai-une-idee-de-projet\/#primaryimage"},"image":{"@id":"https:\/\/fr.twiza.org\/portail\/jai-une-idee-de-projet\/#primaryimage"},"thumbnailUrl":"https:\/\/fr.twiza.org\/portail\/wp-content\/uploads\/2021\/05\/nadege-300x300.jpg","datePublished":"2021-03-07T14:35:48+00:00","dateModified":"2024-08-26T11:15:14+00:00","description":"\"J'ai ador\u00e9 les diff\u00e9rentes exp\u00e9riences avec Twiza. Toutes ces belles \u00e9nergies m'ont port\u00e9 chance au point de voir na\u00eetre mon projet perso !\"","breadcrumb":{"@id":"https:\/\/fr.twiza.org\/portail\/jai-une-idee-de-projet\/#breadcrumb"},"inLanguage":"fr-FR","potentialAction":[{"@type":"ReadAction","target":["https:\/\/fr.twiza.org\/portail\/jai-une-idee-de-projet\/"]}]},{"@type":"ImageObject","inLanguage":"fr-FR","@id":"https:\/\/fr.twiza.org\/portail\/jai-une-idee-de-projet\/#primaryimage","url":"https:\/\/fr.twiza.org\/portail\/wp-content\/uploads\/2021\/05\/nadege.jpg","contentUrl":"https:\/\/fr.twiza.org\/portail\/wp-content\/uploads\/2021\/05\/nadege.jpg","width":891,"height":891,"caption":"Nad\u00e8ge, r\u00e9seau Twiza"},{"@type":"BreadcrumbList","@id":"https:\/\/fr.twiza.org\/portail\/jai-une-idee-de-projet\/#breadcrumb","itemListElement":[{"@type":"ListItem","position":1,"name":"Accueil","item":"https:\/\/fr.twiza.org\/portail\/"},{"@type":"ListItem","position":2,"name":"J&rsquo;ai une id\u00e9e de projet, un r\u00eave"}]},{"@type":"WebSite","@id":"https:\/\/fr.twiza.org\/portail\/#website","url":"https:\/\/fr.twiza.org\/portail\/","name":"R\u00e9seau Twiza","description":"Entraide pour un habitat \u00e9cologique, convivial et r\u00e9silient","publisher":{"@id":"https:\/\/fr.twiza.org\/portail\/#organization"},"potentialAction":[{"@type":"SearchAction","target":{"@type":"EntryPoint","urlTemplate":"https:\/\/fr.twiza.org\/portail\/?s={search_term_string}"},"query-input":{"@type":"PropertyValueSpecification","valueRequired":true,"valueName":"search_term_string"}}],"inLanguage":"fr-FR"},{"@type":"Organization","@id":"https:\/\/fr.twiza.org\/portail\/#organization","name":"R\u00e9seau Twiza","url":"https:\/\/fr.twiza.org\/portail\/","logo":{"@type":"ImageObject","inLanguage":"fr-FR","@id":"https:\/\/fr.twiza.org\/portail\/#\/schema\/logo\/image\/","url":"https:\/\/fr.twiza.org\/portail\/wp-content\/uploads\/2021\/05\/cropped-logo-reseau-twiza.jpg","contentUrl":"https:\/\/fr.twiza.org\/portail\/wp-content\/uploads\/2021\/05\/cropped-logo-reseau-twiza.jpg","width":400,"height":102,"caption":"R\u00e9seau Twiza"},"image":{"@id":"https:\/\/fr.twiza.org\/portail\/#\/schema\/logo\/image\/"},"sameAs":["https:\/\/fr-fr.facebook.com\/Twiza.fr\/","https:\/\/www.instagram.com\/twiza_fr\/","https:\/\/www.linkedin.com\/company\/reseautwiza\/"]}]}},"jetpack_sharing_enabled":true,"_links":{"self":[{"href":"https:\/\/fr.twiza.org\/portail\/wp-json\/wp\/v2\/pages\/612","targetHints":{"allow":["GET"]}}],"collection":[{"href":"https:\/\/fr.twiza.org\/portail\/wp-json\/wp\/v2\/pages"}],"about":[{"href":"https:\/\/fr.twiza.org\/portail\/wp-json\/wp\/v2\/types\/page"}],"author":[{"embeddable":true,"href":"https:\/\/fr.twiza.org\/portail\/wp-json\/wp\/v2\/users\/2"}],"replies":[{"embeddable":true,"href":"https:\/\/fr.twiza.org\/portail\/wp-json\/wp\/v2\/comments?post=612"}],"version-history":[{"count":66,"href":"https:\/\/fr.twiza.org\/portail\/wp-json\/wp\/v2\/pages\/612\/revisions"}],"predecessor-version":[{"id":5342,"href":"https:\/\/fr.twiza.org\/portail\/wp-json\/wp\/v2\/pages\/612\/revisions\/5342"}],"wp:attachment":[{"href":"https:\/\/fr.twiza.org\/portail\/wp-json\/wp\/v2\/media?parent=612"}],"curies":[{"name":"wp","href":"https:\/\/api.w.org\/{rel}","templated":true}]}}