{"id":6624,"date":"2023-10-24T18:43:32","date_gmt":"2023-10-24T16:43:32","guid":{"rendered":"https:\/\/fr.twiza.org\/portail\/?page_id=6624"},"modified":"2025-05-07T17:18:43","modified_gmt":"2025-05-07T15:18:43","slug":"charte-des-chantiers-participatifs-twiza","status":"publish","type":"page","link":"https:\/\/fr.twiza.org\/portail\/charte-des-chantiers-participatifs-twiza\/","title":{"rendered":"Charte des chantiers participatifs Twiza"},"content":{"rendered":"\n<p class=\"has-text-align-left\">Chantier participatif est une <strong>expression g\u00e9n\u00e9rique<\/strong> qui ne b\u00e9n\u00e9ficie pas d&rsquo;un cadre r\u00e9glementaire d\u00e9fini, c&rsquo;est juste une pratique tr\u00e8s courante.<\/p>\n\n\n<div align = 'center'>\n<iframe width=\"560\" height=\"315\" src=\"https:\/\/www.youtube.com\/embed\/ffnYwytQ2C0?si=U3vLt2XcGvS7P1IT\" title=\"YouTube video player\" frameborder=\"0\" allow=\"accelerometer; autoplay; clipboard-write; encrypted-media; gyroscope; picture-in-picture; web-share\" referrerpolicy=\"strict-origin-when-cross-origin\" allowfullscreen><\/iframe>\n<\/div>\n\n\n\n<div style=\"height:20px\" aria-hidden=\"true\" class=\"wp-block-spacer\"><\/div>\n\n\n\n<p>Au sommaire de ce dossier :<\/p>\n\n\n\n<ul class=\"wp-block-list\">\n<li>1. <strong>D\u00e9finition<\/strong> d&rsquo;un chantier participatif Twiza<\/li>\n\n\n\n<li>2. <strong>Engagements<\/strong> que tu soies ma\u00eetre d&rsquo;ouvrage ou b\u00e9n\u00e9vole, tu t&rsquo;engages \u00e0 respecter ces points dans le cadre d&rsquo;un chantier participatif<\/li>\n\n\n\n<li>3. <strong>Conseils<\/strong> pour aller plus loin <\/li>\n<\/ul>\n\n\n\n<h2 class=\"wp-block-heading\" id=\"h-definition-d-un-chantier-participatif-sur-twiza\">D\u00e9finition d&rsquo;un chantier participatif sur Twiza<\/h2>\n\n\n\n<p>Qu\u2019il porte le nom de chantier participatif, chantier solidaire, chantier collaboratif, etc. c\u2019est un \u00e9v\u00e8nement durant lequel des gens se retrouvent pour travailler ensemble, b\u00e9n\u00e9volement et dans la <strong>convivialit\u00e9<\/strong>.<\/p>\n\n\n\n<h3 class=\"wp-block-heading\">Au sein du r\u00e9seau Twiza un chantier participatif c&rsquo;est :<\/h3>\n\n\n\n<ul class=\"wp-block-list\">\n<li>une activit\u00e9 du <strong>domaine priv\u00e9<\/strong>, \u00e0 vocation non commerciale<\/li>\n\n\n\n<li>sur le th\u00e8me de l&rsquo;<strong>habitat<\/strong> : petits ou gros chantier, pour la r\u00e9sidence et l&rsquo;espace ext\u00e9rieur<\/li>\n<\/ul>\n\n\n\n<p><strong>Les projets s\u00e9lectionn\u00e9s sur Twiza<\/strong><\/p>\n\n\n\n<p>Twiza s\u00e9lectionne des projets porteurs de sens et d&rsquo;utilit\u00e9 soci\u00e9tale.<\/p>\n\n\n\n<p>Par exemple, ceci peut se traduire par :<\/p>\n\n\n\n<ul class=\"wp-block-list\">\n<li><em>la mise en \u0153uvre de techniques \u00e9cologiques,<\/em><\/li>\n\n\n\n<li><em>la mise en \u0153uvre de techniques ancestrales ou d&rsquo;int\u00e9r\u00eat patrimonial<\/em><\/li>\n\n\n\n<li><em>un projet porteur de sens et d&rsquo;utilit\u00e9, sans vocation commerciale,<\/em><\/li>\n\n\n\n<li><em>le r\u00e9emploi et les circuits court<\/em><\/li>\n\n\n\n<li><em>le low-tech, la frugalit\u00e9, l&rsquo;approche permaculturelle<\/em><\/li>\n\n\n\n<li><em>etc.<\/em><\/li>\n<\/ul>\n\n\n\n<h3 class=\"wp-block-heading\">QUI est QUI ? Les 3 profils d&rsquo;acteurs sur un chantier participatif <\/h3>\n\n\n\n<ol class=\"wp-block-list\">\n<li><strong>L&rsquo;organisateur<\/strong> : c&rsquo;est le ma\u00eetre d&rsquo;ouvrage qui fait un chantier chez lui et qui publie son chantier sur fr.twiza.org pour proposer aux participants de venir.<\/li>\n\n\n\n<li><strong>Les participants<\/strong> : ce sont les volontaires qui viennent sur le chantier \u00e0 titre b\u00e9n\u00e9vole et de leur plein gr\u00e9 : famille, amis ou autres membres du r\u00e9seau TWIZA. Ils ne sont soumis \u00e0 aucun lien de subordination, ni objectif de r\u00e9sultat, ni contrepartie pour leur travail.<\/li>\n\n\n\n<li><strong>L&rsquo;accompagnateur professionnel<\/strong> : il apporte une expertise technique et parfois sur la gestion du chantier participatif. Sa pr\u00e9sence est donc un gage de qualit\u00e9 et s\u00e9curit\u00e9, mais ce n\u2019est pas obligatoire. La pr\u00e9sence d&rsquo;un professionnel renforce l&rsquo;attractivit\u00e9 du chantier participatif pour les b\u00e9n\u00e9voles.<\/li>\n<\/ol>\n\n\n\n<h2 class=\"wp-block-heading\">Engagements sur Twiza<\/h2>\n\n\n\n<p>Lorsque tu publies un chantier participatif sur Twiza, ou interviens en tant que participant sur un chantier participatif, tu t&rsquo;engages \u00e0 respecter les points suivants :<\/p>\n\n\n\n<h3 class=\"wp-block-heading\">Engagements de tous<\/h3>\n\n\n\n<ul class=\"wp-block-list\">\n<li><strong>D\u00e9sint\u00e9ressement<\/strong><\/li>\n<\/ul>\n\n\n\n<p>Les participants agissent de fa\u00e7on d\u00e9sint\u00e9ress\u00e9e et sans r\u00e9mun\u00e9ration. Leur apport en travail ne doit pas b\u00e9n\u00e9ficier au cycle d&rsquo;exploitation d&rsquo;une activit\u00e9 \u00e0 vocation commerciale, sinon il s&rsquo;agirait de travail dissimul\u00e9.<\/p>\n\n\n\n<ul class=\"wp-block-list\">\n<li><strong>Non subordination<\/strong><\/li>\n<\/ul>\n\n\n\n<p>Les participants sont volontaires, ils ne sont soumis \u00e0 aucune relation de subordination hi\u00e9rarchique ni obligation de r\u00e9sultat. L&rsquo;h\u00f4te \u00e9tant chez lui, il a bien-s\u00fbr toute libert\u00e9 de cong\u00e9dier un invit\u00e9, mais aucun pouvoir de donner des directives sur l&rsquo;ex\u00e9cution du chantier.<\/p>\n\n\n\n<p>Remarque : les consignes de s\u00e9curit\u00e9 ou de l&rsquo;ordre du vivre ensemble ne rel\u00e8vent pas de l&rsquo;autorit\u00e9 hi\u00e9rarchique, elles sont indispensables.<\/p>\n\n\n\n<ul class=\"wp-block-list\">\n<li><strong>Entraide n&rsquo;est pas charit\u00e9<\/strong><\/li>\n<\/ul>\n\n\n\n<p>Le but est qu&rsquo;\u00e0 l&rsquo;issue de l&rsquo;exp\u00e9rience chacun s&rsquo;en retourne avec satisfaction et sans la sensation d\u2019\u00eatre \u201cen dette\u201d. C&rsquo;est un \u00e9change \u00e9quilibr\u00e9 pour chaque partie, aboutissant \u00e0 une satisfaction r\u00e9ciproque.<\/p>\n\n\n\n<ul class=\"wp-block-list\">\n<li><strong>S\u00e9curit\u00e9<\/strong><\/li>\n<\/ul>\n\n\n\n<p>La s\u00e9curit\u00e9 sur chantier est l\u2019affaire de tous !<\/p>\n\n\n\n<p>Il revient \u00e0 chacun d\u2019\u00eatre vigilant sur le chantier, d\u2019avoir une tenue adapt\u00e9e, et d\u2019utiliser les outils en respectant les normes de s\u00e9curit\u00e9 associ\u00e9es.<\/p>\n\n\n\n<ul class=\"wp-block-list\">\n<li><strong>Respect de tous<\/strong><\/li>\n<\/ul>\n\n\n\n<p>Toute personne pr\u00e9sente sur le chantier participatif veillera \u00e0 ne pas entra\u00eener de pr\u00e9judice moral ou mat\u00e9riel aux autres personnes pr\u00e9sentes, par ses actions ou ses d\u00e9clarations.<\/p>\n\n\n\n<p>Chacun s\u2019engage \u00e9galement \u00e0 ne pas porter atteinte \u00e0 autrui par des propos ou un comportement discriminatoires, \u00e0 ne pas troubler la vie priv\u00e9e des autres membres par une attitude incorrecte, en public ou non, et \u00e0 ne pas faire argument de ses convictions politiques, philosophiques ou religieuses aupr\u00e8s des autres membres.<\/p>\n\n\n\n<ul class=\"wp-block-list\">\n<li><strong>Ma\u00eetrise d&rsquo;ouvrage<\/strong><\/li>\n<\/ul>\n\n\n\n<p>L&rsquo;organisateur du chantier doit \u00eatre le ma\u00eetre d&rsquo;ouvrage : le destinataire des travaux. Il s&rsquo;agit d&rsquo;une personne physique et non d&rsquo;une personne morale (si tu souhaites publier le chantier au nom d&rsquo;une asso : discutons-en). C&rsquo;est le ma\u00eetre d&rsquo;ouvrage qui sera l&rsquo;interlocuteur des participants, il devra \u00eatre pr\u00e9sent sur le chantier lorsqu&rsquo;il y a des b\u00e9n\u00e9voles.<\/p>\n\n\n\n<ul class=\"wp-block-list\">\n<li><strong>Assurance<\/strong><\/li>\n<\/ul>\n\n\n\n<p>Toute personne pr\u00e9sente sur le chantier participatif devra \u00eatre <strong>assur\u00e9e<\/strong> pour les dommages qu\u2019il pourrait causer aux tiers par une assurance Responsabilit\u00e9 Civile vie priv\u00e9e conform\u00e9ment \u00e0 la l\u00e9gislation fran\u00e7aise.<\/p>\n\n\n\n<p>Consid\u00e9rant qu&rsquo;il est essentiel que chaque personne (h\u00f4tes &amp; b\u00e9n\u00e9voles) sur les chantiers participatifs du r\u00e9seau soient couvertes par une assurance<a href=\"https:\/\/fr.twiza.org\/portail\/lassurance-chantiers-participatifs-de-twiza\/\"> <strong>individuelle Accident<\/strong><\/a> qui a l\u2019avantage d\u2019indemniser en cas de dommages corporels graves sans recherche de responsabilit\u00e9, nous <strong>avons souscrit \u00e0 une assurance de ce type pour tous les adh\u00e9rents b\u00e9n\u00e9voles et h\u00f4tes<\/strong> du r\u00e9seau. + d&rsquo;info sur l&rsquo;assurance comprise dans l&rsquo;adh\u00e9sion <a href=\"https:\/\/fr.twiza.org\/portail\/lassurance-chantiers-participatifs-de-twiza\/\">ici <\/a> !<\/p>\n\n\n\n<div class=\"wp-block-buttons is-content-justification-center is-layout-flex wp-container-core-buttons-is-layout-a89b3969 wp-block-buttons-is-layout-flex\">\n<div class=\"wp-block-button\"><a class=\"wp-block-button__link wp-element-button\" href=\"https:\/\/fr.twiza.org\/portail\/rejoins-le-reseau-twiza\/\">Rejoindre le r\u00e9seau<\/a><\/div>\n<\/div>\n\n\n\n<h3 class=\"wp-block-heading\">Engagements des organisateurs<\/h3>\n\n\n\n<p>L&rsquo;organisateur du chantier participatif s&rsquo;engage \u00e9galement \u00e0 :<\/p>\n\n\n\n<ul class=\"wp-block-list\">\n<li>mettre \u00e0 disposition des outils en bon \u00e9tat, avec des espaces de rangement ad\u00e9quats<\/li>\n\n\n\n<li>mettre en place tous les \u00e9l\u00e9ments de s\u00e9curit\u00e9 n\u00e9cessaires sur le chantier<\/li>\n\n\n\n<li>demander aux participants de justifier leur couverture en Responsabilit\u00e9 Civile Vie priv\u00e9e<\/li>\n\n\n\n<li>s&rsquo;assurer que chacun a pris acte de la pr\u00e9sente charte et du r\u00e8glement int\u00e9rieur du chantier<\/li>\n<\/ul>\n\n\n\n<h3 class=\"wp-block-heading\">Engagements des participants<\/h3>\n\n\n\n<p>Chaque participant s&rsquo;engage \u00e9galement \u00e0 :<\/p>\n\n\n\n<ul class=\"wp-block-list\">\n<li>prendre soin des outils mis \u00e0 disposition sur le chantier<\/li>\n\n\n\n<li>participer \u00e0 l&rsquo;entretien et au rangement des outils mis \u00e0 disposition<\/li>\n\n\n\n<li>signaler s&rsquo;il n&rsquo;est pas \u00e0 l&rsquo;aise avec l&rsquo;utilisation d&rsquo;un outil<\/li>\n\n\n\n<li>signaler si certains travaux lui sont contre-indiqu\u00e9s pour des raisons physiques (probl\u00e8me de sant\u00e9) ou morales (vertige par exemple)<\/li>\n\n\n\n<li>s&rsquo;engage \u00e0 \u00eatre en capacit\u00e9 de justifier sa couverture en Responsabilit\u00e9 Civile Vie priv\u00e9e<\/li>\n\n\n\n<li>s&rsquo;assurer que chacun a pris acte de la pr\u00e9sente charte et du r\u00e8glement int\u00e9rieur du chantier<\/li>\n<\/ul>\n\n\n\n<h3 class=\"wp-block-heading\">Crit\u00e8res de refus d&rsquo;un chantier participatif sur Twiza<\/h3>\n\n\n\n<p>Les \u00e9l\u00e9ments pr\u00e9sent\u00e9s ci-apr\u00e8s d\u00e9coulent directement du point pr\u00e9c\u00e9dent, ce sont des motifs de refus d\u2019une annonce de chantier participatif sur Twiza.org.<\/p>\n\n\n\n<ul class=\"wp-block-list\">\n<li><strong>Tu n&rsquo;es pas le ma\u00eetre d\u2019ouvrage<\/strong> <\/li>\n<\/ul>\n\n\n\n<p>Les chantiers participatifs sont des activit\u00e9s du domaine priv\u00e9, seuls les ma\u00eetres d\u2019ouvrages sont autoris\u00e9s \u00e0 publier des annonces concernant leurs chantiers.<\/p>\n\n\n\n<ul class=\"wp-block-list\">\n<li><strong>Tu seras absent de ton chantier en pr\u00e9sence de b\u00e9n\u00e9voles<\/strong> : <\/li>\n<\/ul>\n\n\n\n<p>Il est indispensable que tu sois pr\u00e9sent sur ton chantier lorsque des b\u00e9n\u00e9voles travaillent chez toi. C&rsquo;est un minimum pour eux, d&rsquo;\u00eatre en pr\u00e9sence du ma\u00eetre d&rsquo;ouvrage qui les accueille. C&rsquo;est aussi une obligation r\u00e9glementaire, pour \u00e9viter que ton projet soit re-qualifi\u00e9 en travail dissimul\u00e9. C&rsquo;est important d&rsquo;un point de vue assurantiel, en cas de p\u00e9pin.<\/p>\n\n\n\n<ul class=\"wp-block-list\">\n<li><strong>Chantier pr\u00e9sent\u00e9 comme une formation<\/strong><\/li>\n<\/ul>\n\n\n\n<p>Les chantiers participatifs pr\u00e9sent\u00e9s comme des formations et \/ ou avec une participation financi\u00e8re des volontaires \u00e0 la prestation d\u2019accompagnement technique ne sont pas accept\u00e9s sur Twiza.<\/p>\n\n\n\n<p>Au m\u00eame titre que nombre d&rsquo;autres exp\u00e9riences, participer \u00e0 un chantier est certes tr\u00e8s instructif. Cela permet de d\u00e9couvrir une technique, dans un contexte donn\u00e9, avec des contraintes sp\u00e9cifiques \u00e0 ce chantier. Mais ce n&rsquo;est pas une formation. Les exp\u00e9riences de chantier participatif sont tr\u00e8s variables, c&rsquo;est ce qui en fait la richesse. On peut te garantir que tu apprendras plein de choses, mais on ne peut pas te garantir lesquelles : laisse-toi surprendre !<\/p>\n\n\n\n<ul class=\"wp-block-list\">\n<li><strong>Annonce de chantier \u00e0 vocation publicitaire<\/strong><\/li>\n<\/ul>\n\n\n\n<p>Les annonces de chantiers participatifs n\u2019ont pas pour vocation de faire de la publicit\u00e9 \u00e0 vocation commerciale. Les <a href=\"https:\/\/fr.twiza.org\/portail\/trouver-des-professionnels-ecoconstruction\/\">professionnels<\/a> ont leur place dans le r\u00e9seau, mais pas dans le cadre des chantiers participatifs.<\/p>\n\n\n\n<ul class=\"wp-block-list\">\n<li><strong>Chantier participatif pour un b\u00e2timent \u00e0 vocation commerciale<\/strong><\/li>\n<\/ul>\n\n\n\n<p>Les chantiers participatifs sont des activit\u00e9s du domaine priv\u00e9, \u00e0 vocation non commerciale. Dans un souci de ne pas vous exposer au risque de requalification en travail dissimul\u00e9, les b\u00e2timents destin\u00e9s \u00e0 \u00eatre lou\u00e9s, utilis\u00e9s dans le cadre d\u2019une activit\u00e9 \u00e0 vocation commerciale, etc. ne peuvent \u00eatre construits en chantiers participatifs sur Twiza.<\/p>\n\n\n\n<h2 class=\"wp-block-heading\">Pour aller plus loin<\/h2>\n\n\n\n<h3 class=\"wp-block-heading\">Envie d&rsquo;accueillir un chantier participatif ?<\/h3>\n\n\n\n<p>Nous te recommandons avant tout la lecture de ces dossiers :<\/p>\n\n\n\n<p><strong><a href=\"https:\/\/fr.twiza.org\/portail\/mon-projet-de-construction-par-ou-commencer\/\" target=\"_blank\" rel=\"noopener\" title=\"\">Comment concr\u00e9tiser mon projet ?<\/a><\/strong><\/p>\n\n\n\n<p><strong><a href=\"https:\/\/fr.twiza.org\/portail\/chantiers-participatifs-comment-ca-marche\/comment-bien-organiser-son-propre-chantier-participatif\/#comment-bien-preparer-la-logistique-de-mon-chantier-participatif\" target=\"_blank\" rel=\"noopener\" title=\"\">Conseils pratiques concernant l&rsquo;accueil de participants<\/a><\/strong><\/p>\n\n\n\n<p>Tu y trouveras de bons conseils issus de retours d&rsquo;exp\u00e9riences de porteurs de projet ayant r\u00e9alis\u00e9 leur habitat avant toi.<\/p>\n\n\n\n<h3 class=\"wp-block-heading\">Assurance des chantiers participatifs sur Twiza<\/h3>\n\n\n\n<p>La lecture de cet <strong>article<\/strong> sur les assurances t&rsquo;\u00e9clairera sur les diff\u00e9rentes offres, ce qu&rsquo;elles couvrent, et ce qui est important de regarder dans un contrat.<\/p>\n\n\n\n<p>Si tu es adh\u00e9rent du r\u00e9seau Twiza \u00e0 jour de ta cotisation, alors tu es couvert par l&rsquo;<strong>assurance chantier participatif Twiza<\/strong>.<\/p>\n\n\n\n<div style=\"height:127px\" aria-hidden=\"true\" class=\"wp-block-spacer\"><\/div>\n","protected":false},"excerpt":{"rendered":"<p>Chantier participatif est une expression g\u00e9n\u00e9rique qui ne b\u00e9n\u00e9ficie pas d&rsquo;un cadre r\u00e9glementaire d\u00e9fini, c&rsquo;est juste une pratique tr\u00e8s courante. Au sommaire de ce dossier : D\u00e9finition d&rsquo;un chantier participatif sur Twiza Qu\u2019il porte le nom de chantier participatif, chantier solidaire, chantier collaboratif, etc. c\u2019est un \u00e9v\u00e8nement durant lequel des [&hellip;]<\/p>\n","protected":false},"author":3,"featured_media":0,"parent":0,"menu_order":0,"comment_status":"closed","ping_status":"closed","template":"","meta":{"_eb_attr":"","_themeisle_gutenberg_block_has_review":false,"footnotes":""},"class_list":["post-6624","page","type-page","status-publish","hentry"],"yoast_head":"<!-- This site is optimized with the Yoast SEO Premium plugin v27.2 (Yoast SEO v27.3) - https:\/\/yoast.com\/product\/yoast-seo-premium-wordpress\/ -->\n<title>Charte des chantiers participatifs Twiza<\/title>\n<meta name=\"robots\" content=\"index, follow, max-snippet:-1, max-image-preview:large, max-video-preview:-1\" \/>\n<link rel=\"canonical\" href=\"https:\/\/fr.twiza.org\/portail\/charte-des-chantiers-participatifs-twiza\/\" \/>\n<meta property=\"og:locale\" content=\"fr_FR\" \/>\n<meta property=\"og:type\" content=\"article\" \/>\n<meta property=\"og:title\" content=\"Charte des chantiers participatifs Twiza\" \/>\n<meta property=\"og:description\" content=\"Chantier participatif est une expression g\u00e9n\u00e9rique qui ne b\u00e9n\u00e9ficie pas d&rsquo;un cadre r\u00e9glementaire d\u00e9fini, c&rsquo;est juste une pratique tr\u00e8s courante. Au sommaire de ce dossier : D\u00e9finition d&rsquo;un chantier participatif sur Twiza Qu\u2019il porte le nom de chantier participatif, chantier solidaire, chantier collaboratif, etc. c\u2019est un \u00e9v\u00e8nement durant lequel des [&hellip;]\" \/>\n<meta property=\"og:url\" content=\"https:\/\/fr.twiza.org\/portail\/charte-des-chantiers-participatifs-twiza\/\" \/>\n<meta property=\"og:site_name\" content=\"R\u00e9seau Twiza\" \/>\n<meta property=\"article:publisher\" content=\"https:\/\/fr-fr.facebook.com\/Twiza.fr\/\" \/>\n<meta property=\"article:modified_time\" content=\"2025-05-07T15:18:43+00:00\" \/>\n<meta name=\"twitter:card\" content=\"summary_large_image\" \/>\n<script type=\"application\/ld+json\" class=\"yoast-schema-graph\">{\"@context\":\"https:\\\/\\\/schema.org\",\"@graph\":[{\"@type\":\"WebPage\",\"@id\":\"https:\\\/\\\/fr.twiza.org\\\/portail\\\/charte-des-chantiers-participatifs-twiza\\\/\",\"url\":\"https:\\\/\\\/fr.twiza.org\\\/portail\\\/charte-des-chantiers-participatifs-twiza\\\/\",\"name\":\"Charte des chantiers participatifs Twiza\",\"isPartOf\":{\"@id\":\"https:\\\/\\\/fr.twiza.org\\\/portail\\\/#website\"},\"datePublished\":\"2023-10-24T16:43:32+00:00\",\"dateModified\":\"2025-05-07T15:18:43+00:00\",\"breadcrumb\":{\"@id\":\"https:\\\/\\\/fr.twiza.org\\\/portail\\\/charte-des-chantiers-participatifs-twiza\\\/#breadcrumb\"},\"inLanguage\":\"fr-FR\",\"potentialAction\":[{\"@type\":\"ReadAction\",\"target\":[\"https:\\\/\\\/fr.twiza.org\\\/portail\\\/charte-des-chantiers-participatifs-twiza\\\/\"]}]},{\"@type\":\"BreadcrumbList\",\"@id\":\"https:\\\/\\\/fr.twiza.org\\\/portail\\\/charte-des-chantiers-participatifs-twiza\\\/#breadcrumb\",\"itemListElement\":[{\"@type\":\"ListItem\",\"position\":1,\"name\":\"Accueil\",\"item\":\"https:\\\/\\\/fr.twiza.org\\\/portail\\\/\"},{\"@type\":\"ListItem\",\"position\":2,\"name\":\"Charte des chantiers participatifs Twiza\"}]},{\"@type\":\"WebSite\",\"@id\":\"https:\\\/\\\/fr.twiza.org\\\/portail\\\/#website\",\"url\":\"https:\\\/\\\/fr.twiza.org\\\/portail\\\/\",\"name\":\"R\u00e9seau Twiza\",\"description\":\"Entraide pour un habitat \u00e9cologique, convivial et r\u00e9silient\",\"publisher\":{\"@id\":\"https:\\\/\\\/fr.twiza.org\\\/portail\\\/#organization\"},\"potentialAction\":[{\"@type\":\"SearchAction\",\"target\":{\"@type\":\"EntryPoint\",\"urlTemplate\":\"https:\\\/\\\/fr.twiza.org\\\/portail\\\/?s={search_term_string}\"},\"query-input\":{\"@type\":\"PropertyValueSpecification\",\"valueRequired\":true,\"valueName\":\"search_term_string\"}}],\"inLanguage\":\"fr-FR\"},{\"@type\":\"Organization\",\"@id\":\"https:\\\/\\\/fr.twiza.org\\\/portail\\\/#organization\",\"name\":\"R\u00e9seau Twiza\",\"url\":\"https:\\\/\\\/fr.twiza.org\\\/portail\\\/\",\"logo\":{\"@type\":\"ImageObject\",\"inLanguage\":\"fr-FR\",\"@id\":\"https:\\\/\\\/fr.twiza.org\\\/portail\\\/#\\\/schema\\\/logo\\\/image\\\/\",\"url\":\"https:\\\/\\\/fr.twiza.org\\\/portail\\\/wp-content\\\/uploads\\\/2021\\\/05\\\/cropped-logo-reseau-twiza.jpg\",\"contentUrl\":\"https:\\\/\\\/fr.twiza.org\\\/portail\\\/wp-content\\\/uploads\\\/2021\\\/05\\\/cropped-logo-reseau-twiza.jpg\",\"width\":400,\"height\":102,\"caption\":\"R\u00e9seau Twiza\"},\"image\":{\"@id\":\"https:\\\/\\\/fr.twiza.org\\\/portail\\\/#\\\/schema\\\/logo\\\/image\\\/\"},\"sameAs\":[\"https:\\\/\\\/fr-fr.facebook.com\\\/Twiza.fr\\\/\",\"https:\\\/\\\/www.instagram.com\\\/twiza_fr\\\/\",\"https:\\\/\\\/www.linkedin.com\\\/company\\\/reseautwiza\\\/\"]}]}<\/script>\n<!-- \/ Yoast SEO Premium plugin. -->","yoast_head_json":{"title":"Charte des chantiers participatifs Twiza","robots":{"index":"index","follow":"follow","max-snippet":"max-snippet:-1","max-image-preview":"max-image-preview:large","max-video-preview":"max-video-preview:-1"},"canonical":"https:\/\/fr.twiza.org\/portail\/charte-des-chantiers-participatifs-twiza\/","og_locale":"fr_FR","og_type":"article","og_title":"Charte des chantiers participatifs Twiza","og_description":"Chantier participatif est une expression g\u00e9n\u00e9rique qui ne b\u00e9n\u00e9ficie pas d&rsquo;un cadre r\u00e9glementaire d\u00e9fini, c&rsquo;est juste une pratique tr\u00e8s courante. Au sommaire de ce dossier : D\u00e9finition d&rsquo;un chantier participatif sur Twiza Qu\u2019il porte le nom de chantier participatif, chantier solidaire, chantier collaboratif, etc. c\u2019est un \u00e9v\u00e8nement durant lequel des [&hellip;]","og_url":"https:\/\/fr.twiza.org\/portail\/charte-des-chantiers-participatifs-twiza\/","og_site_name":"R\u00e9seau Twiza","article_publisher":"https:\/\/fr-fr.facebook.com\/Twiza.fr\/","article_modified_time":"2025-05-07T15:18:43+00:00","twitter_card":"summary_large_image","schema":{"@context":"https:\/\/schema.org","@graph":[{"@type":"WebPage","@id":"https:\/\/fr.twiza.org\/portail\/charte-des-chantiers-participatifs-twiza\/","url":"https:\/\/fr.twiza.org\/portail\/charte-des-chantiers-participatifs-twiza\/","name":"Charte des chantiers participatifs Twiza","isPartOf":{"@id":"https:\/\/fr.twiza.org\/portail\/#website"},"datePublished":"2023-10-24T16:43:32+00:00","dateModified":"2025-05-07T15:18:43+00:00","breadcrumb":{"@id":"https:\/\/fr.twiza.org\/portail\/charte-des-chantiers-participatifs-twiza\/#breadcrumb"},"inLanguage":"fr-FR","potentialAction":[{"@type":"ReadAction","target":["https:\/\/fr.twiza.org\/portail\/charte-des-chantiers-participatifs-twiza\/"]}]},{"@type":"BreadcrumbList","@id":"https:\/\/fr.twiza.org\/portail\/charte-des-chantiers-participatifs-twiza\/#breadcrumb","itemListElement":[{"@type":"ListItem","position":1,"name":"Accueil","item":"https:\/\/fr.twiza.org\/portail\/"},{"@type":"ListItem","position":2,"name":"Charte des chantiers participatifs Twiza"}]},{"@type":"WebSite","@id":"https:\/\/fr.twiza.org\/portail\/#website","url":"https:\/\/fr.twiza.org\/portail\/","name":"R\u00e9seau Twiza","description":"Entraide pour un habitat \u00e9cologique, convivial et r\u00e9silient","publisher":{"@id":"https:\/\/fr.twiza.org\/portail\/#organization"},"potentialAction":[{"@type":"SearchAction","target":{"@type":"EntryPoint","urlTemplate":"https:\/\/fr.twiza.org\/portail\/?s={search_term_string}"},"query-input":{"@type":"PropertyValueSpecification","valueRequired":true,"valueName":"search_term_string"}}],"inLanguage":"fr-FR"},{"@type":"Organization","@id":"https:\/\/fr.twiza.org\/portail\/#organization","name":"R\u00e9seau Twiza","url":"https:\/\/fr.twiza.org\/portail\/","logo":{"@type":"ImageObject","inLanguage":"fr-FR","@id":"https:\/\/fr.twiza.org\/portail\/#\/schema\/logo\/image\/","url":"https:\/\/fr.twiza.org\/portail\/wp-content\/uploads\/2021\/05\/cropped-logo-reseau-twiza.jpg","contentUrl":"https:\/\/fr.twiza.org\/portail\/wp-content\/uploads\/2021\/05\/cropped-logo-reseau-twiza.jpg","width":400,"height":102,"caption":"R\u00e9seau Twiza"},"image":{"@id":"https:\/\/fr.twiza.org\/portail\/#\/schema\/logo\/image\/"},"sameAs":["https:\/\/fr-fr.facebook.com\/Twiza.fr\/","https:\/\/www.instagram.com\/twiza_fr\/","https:\/\/www.linkedin.com\/company\/reseautwiza\/"]}]}},"jetpack_sharing_enabled":true,"_links":{"self":[{"href":"https:\/\/fr.twiza.org\/portail\/wp-json\/wp\/v2\/pages\/6624","targetHints":{"allow":["GET"]}}],"collection":[{"href":"https:\/\/fr.twiza.org\/portail\/wp-json\/wp\/v2\/pages"}],"about":[{"href":"https:\/\/fr.twiza.org\/portail\/wp-json\/wp\/v2\/types\/page"}],"author":[{"embeddable":true,"href":"https:\/\/fr.twiza.org\/portail\/wp-json\/wp\/v2\/users\/3"}],"replies":[{"embeddable":true,"href":"https:\/\/fr.twiza.org\/portail\/wp-json\/wp\/v2\/comments?post=6624"}],"version-history":[{"count":24,"href":"https:\/\/fr.twiza.org\/portail\/wp-json\/wp\/v2\/pages\/6624\/revisions"}],"predecessor-version":[{"id":12455,"href":"https:\/\/fr.twiza.org\/portail\/wp-json\/wp\/v2\/pages\/6624\/revisions\/12455"}],"wp:attachment":[{"href":"https:\/\/fr.twiza.org\/portail\/wp-json\/wp\/v2\/media?parent=6624"}],"curies":[{"name":"wp","href":"https:\/\/api.w.org\/{rel}","templated":true}]}}