{"id":6634,"date":"2023-04-02T10:27:56","date_gmt":"2023-04-02T08:27:56","guid":{"rendered":"https:\/\/fr.twiza.org\/portail\/?page_id=6634"},"modified":"2023-10-25T08:42:34","modified_gmt":"2023-10-25T06:42:34","slug":"etre-benevole-sur-un-chantier-participatif","status":"publish","type":"page","link":"https:\/\/fr.twiza.org\/portail\/chantiers-participatifs-comment-ca-marche\/etre-benevole-sur-un-chantier-participatif\/","title":{"rendered":"Etre b\u00e9n\u00e9vole sur un chantier participatif"},"content":{"rendered":"\n<figure class=\"wp-block-image size-full\"><img fetchpriority=\"high\" decoding=\"async\" width=\"1024\" height=\"533\" src=\"https:\/\/fr.twiza.org\/portail\/wp-content\/uploads\/2022\/10\/Etre-be\u0301ne\u0301vole-sur-un-chantier-participatif-1-1024px.jpeg\" alt=\"Belle \u00e9quipe de Twizeurs \u00e0 l'\u0153uvre sur un chantier participatif\" class=\"wp-image-6646\" srcset=\"https:\/\/fr.twiza.org\/portail\/wp-content\/uploads\/2022\/10\/Etre-be\u0301ne\u0301vole-sur-un-chantier-participatif-1-1024px.jpeg 1024w, https:\/\/fr.twiza.org\/portail\/wp-content\/uploads\/2022\/10\/Etre-be\u0301ne\u0301vole-sur-un-chantier-participatif-1-1024px-600x312.jpeg 600w, https:\/\/fr.twiza.org\/portail\/wp-content\/uploads\/2022\/10\/Etre-be\u0301ne\u0301vole-sur-un-chantier-participatif-1-1024px-300x156.jpeg 300w, https:\/\/fr.twiza.org\/portail\/wp-content\/uploads\/2022\/10\/Etre-be\u0301ne\u0301vole-sur-un-chantier-participatif-1-1024px-768x400.jpeg 768w\" sizes=\"(max-width: 1024px) 100vw, 1024px\" \/><\/figure>\n\n\n\n<div style=\"height:25px\" aria-hidden=\"true\" class=\"wp-block-spacer\"><\/div>\n\n\n\n<p>Tu souhaites \u00eatre <strong>b\u00e9n\u00e9vole<\/strong> sur un <strong>chantier participatif<\/strong>, et tu te demandes ce que \u00e7a implique ?<\/p>\n\n\n\n<p>Nous te proposons d&rsquo;aborder cette question en 2 points :<\/p>\n\n\n\n<p>-Conseils et r\u00e8gles sur le chantier<\/p>\n\n\n\n<p>-Conseils et vie autour du chantier<\/p>\n\n\n\n<p>Avant tout, garde toujours en t\u00eate qu&rsquo;accueillir des b\u00e9n\u00e9voles implique de la <strong>pr\u00e9paration<\/strong> de la part des <strong>organisateurs\u00b7trices<\/strong>. Donc s&rsquo;il te pla\u00eet ne t&rsquo;engage pas \u00e0 la l\u00e9g\u00e8re et si tu as un impr\u00e9vu pr\u00e9viens ton h\u00f4te le plus t\u00f4t possible : on compte sur toi \ud83d\ude42<\/p>\n\n\n\n<h2 class=\"wp-block-heading\" id=\"conseil-et-regles-sur-le-chantier\">Conseil et r\u00e8gles sur le chantier<\/h2>\n\n\n\n<figure class=\"wp-block-image size-full\"><img decoding=\"async\" width=\"1024\" height=\"576\" src=\"https:\/\/fr.twiza.org\/portail\/wp-content\/uploads\/2022\/10\/Etre-be\u0301ne\u0301vole-sur-un-chantier-participatif-2-1024px-edited.jpeg\" alt=\"Deux jeunes femmes qui aident \u00e0 la construction sur un chantier participatif\" class=\"wp-image-6648\" srcset=\"https:\/\/fr.twiza.org\/portail\/wp-content\/uploads\/2022\/10\/Etre-be\u0301ne\u0301vole-sur-un-chantier-participatif-2-1024px-edited.jpeg 1024w, https:\/\/fr.twiza.org\/portail\/wp-content\/uploads\/2022\/10\/Etre-be\u0301ne\u0301vole-sur-un-chantier-participatif-2-1024px-edited-600x338.jpeg 600w, https:\/\/fr.twiza.org\/portail\/wp-content\/uploads\/2022\/10\/Etre-be\u0301ne\u0301vole-sur-un-chantier-participatif-2-1024px-edited-300x169.jpeg 300w, https:\/\/fr.twiza.org\/portail\/wp-content\/uploads\/2022\/10\/Etre-be\u0301ne\u0301vole-sur-un-chantier-participatif-2-1024px-edited-768x432.jpeg 768w\" sizes=\"(max-width: 1024px) 100vw, 1024px\" \/><\/figure>\n\n\n\n<h3 class=\"wp-block-heading\">Respecter les r\u00e8gles de base<\/h3>\n\n\n\n<p>\u00catre <strong>b\u00e9n\u00e9vole<\/strong> sur un <strong>chantier participatif<\/strong>, c&rsquo;est avant tout \u00eatre <strong>volontaire<\/strong> !&nbsp;<\/p>\n\n\n\n<p>Tu vas participer \u00e0 un chantier participatif de ton plein gr\u00e9, et tu acceptes les <strong>r\u00e8gles<\/strong> fix\u00e9es par l&rsquo;<strong>organisateur\u00b7trice<\/strong>.<\/p>\n\n\n\n<p>Ceci implique naturellement de discuter avec lui\/elle en amont pour savoir quelles sont les conditions du chantier (rythme, r\u00e8gles de s\u00e9curit\u00e9, outils utilis\u00e9s, etc.).<\/p>\n\n\n\n<h3 class=\"wp-block-heading\">Observer et \u00e9couter<\/h3>\n\n\n\n<p>Lorsque plusieurs personnes agissent ensemble sur un chantier, il est important que <strong>chacun soit attentif \u00e0 ce que font les autres<\/strong>.<\/p>\n\n\n\n<p>Ceci est d&rsquo;autant plus vrai que de nombreux <strong>profils<\/strong> se croisent sur un chantier participatif, dont des personnes pour qui c&rsquo;est le premier chantier.<\/p>\n\n\n\n<ul class=\"wp-block-list\">\n<li><strong>Observer<\/strong> : les diff\u00e9rents postes de travail, les d\u00e9placements, les machines en fonctionnement, etc. <\/li>\n\n\n\n<li><strong>Ecouter<\/strong> : les consignes, les alertes, etc. <\/li>\n<\/ul>\n\n\n\n<p>Ce sont donc deux <strong>actions clefs<\/strong> pour que tout se passe bien.<\/p>\n\n\n\n<h3 class=\"wp-block-heading\">Participer \u00e0 la s\u00e9curit\u00e9 du chantier participatif<\/h3>\n\n\n\n<p>La <strong>s\u00e9curit\u00e9<\/strong> est incontournable sur les chantiers !<\/p>\n\n\n\n<p>Les organisateurs\u00b7trices mettent en place des \u00e9l\u00e9ments de s\u00e9curit\u00e9 et fixent des r\u00e8gles adapt\u00e9es \u00e0 leur chantier. <\/p>\n\n\n\n<p>En tant que <strong>participant\u00b7e<\/strong>, tu t&rsquo;engages <strong>\u00e0 respecter ces r\u00e8gles<\/strong> et \u00e0 \u00eatre <strong>vigilant\u00b7e<\/strong> dans tes actions pour \u00e9viter les accidents.<\/p>\n\n\n\n<p>Les <a href=\"https:\/\/fr.twiza.org\/portail\/equipements-de-protection-individuelle\/\" target=\"_blank\" rel=\"noreferrer noopener\">\u00e9quipements de protection individuelle<\/a> (EPI) adapt\u00e9s sont essentiels. Nous te conseillons d&rsquo;avoir tes propres \u00e9quipements (\u00e0 minima chaussures de s\u00e9curit\u00e9 &amp; gants personnels). Dans tous les cas prends le temps de discuter avec l&rsquo;<strong>organisateur\u00b7trice<\/strong> du chantier participatif avant ton arriv\u00e9e, afin de savoir ce qui est fourni et ce dont tu auras besoin sur place.<\/p>\n\n\n\n<p>Le <strong>rangement<\/strong> (des outils, du mat\u00e9riel, etc.) et le <strong>nettoyage<\/strong> sont n\u00e9cessaires pour maintenir la s\u00e9curit\u00e9 du chantier. Toute personne pr\u00e9sente sur un chantier a sa part de responsabilit\u00e9 sur ce point.<\/p>\n\n\n\n<div style=\"height:10px\" aria-hidden=\"true\" class=\"wp-block-spacer\"><\/div>\n\n\n\n<blockquote class=\"wp-block-quote is-style-default is-layout-flow wp-block-quote-is-layout-flow\">\n<p>\u00ab\u00a0Lorsque la convivialit\u00e9 et la rigueur s&rsquo;accordent, le chantier offre un cadre agr\u00e9able et s\u00e9curisant, tant pour le ma\u00eetre d&rsquo;ouvrage que pour les b\u00e9n\u00e9voles\u00a0\u00bb<\/p>\n<\/blockquote>\n\n\n\n<div style=\"height:10px\" aria-hidden=\"true\" class=\"wp-block-spacer\"><\/div>\n\n\n\n<h3 class=\"wp-block-heading\">Utiliser les outils<\/h3>\n\n\n\n<p>Les <a href=\"https:\/\/fr.twiza.org\/portail\/outils\/\" target=\"_blank\" rel=\"noreferrer noopener\">outils<\/a> pr\u00e9sents sur les chantiers peuvent \u00eatre tr\u00e8s dangereux, demandez une<strong> formation<\/strong> \u00e0 l&rsquo;organisateur\u00b7trice avant de commencer \u00e0 les utiliser ! Chaque outil a ses propres sp\u00e9cificit\u00e9s : avoir d\u00e9j\u00e0 utilis\u00e9 une scie circulaire une fois ne signifie pas que l&rsquo;on sait utiliser n&rsquo;importe quelle scie circulaire.<\/p>\n\n\n\n<p>Garde aussi \u00e0 l&rsquo;esprit que tu es <strong>responsable<\/strong> de toi-m\u00eame : si tu n&rsquo;es pas \u00e0 l&rsquo;aise avec un outil rien ne t&rsquo;oblige \u00e0 l&rsquo;utiliser ! Parles-en avec l&rsquo;organisateur\u00b7trice ou le\/la pro accompagnateur\u00b7trice, qui pourra te proposer <strong>une autre<\/strong> <strong>t\u00e2che<\/strong> &#8211; tout aussi utile pour avancer le chantier.<\/p>\n\n\n\n<p>L&rsquo;<strong>entretien<\/strong> des <strong>outils<\/strong> est n\u00e9cessaire pour maintenir la <strong>s\u00e9curit\u00e9<\/strong> de tous. Si tu d\u00e9tectes un dysfonctionnement ou un outil \u00e0 r\u00e9parer, il te revient d&rsquo;avertir l&rsquo;organisateur\u00b7trice et\/ou le\/la pro pour que le probl\u00e8me soit r\u00e9gl\u00e9.<\/p>\n\n\n\n<h3 class=\"wp-block-heading\">S&rsquo;assurer comme volontaire<\/h3>\n\n\n\n<p>En qualit\u00e9 d&rsquo;adh\u00e9rent ou d&rsquo;adh\u00e9rente du r\u00e9seau tu b\u00e9n\u00e9ficies de l&rsquo;<em>assurance Twiza<\/em>. V\u00e9rifie que tu as aussi une assurance responsabilit\u00e9 civile vie priv\u00e9e dite \u00ab\u00a0RC vie priv\u00e9e\u00a0\u00bb. Celle-ci est souvent inclue dans d&rsquo;autres assurances : habitation, auto, carte bleue&#8230;<\/p>\n\n\n\n<div style=\"height:25px\" aria-hidden=\"true\" class=\"wp-block-spacer\"><\/div>\n\n\n\n<h2 class=\"wp-block-heading\" id=\"conseils-et-vie-autour-du-chantier\">Conseils et vie autour du chantier<\/h2>\n\n\n\n<figure class=\"wp-block-image size-full\"><img decoding=\"async\" width=\"1024\" height=\"576\" src=\"https:\/\/fr.twiza.org\/portail\/wp-content\/uploads\/2022\/10\/Etre-be\u0301ne\u0301vole-sur-un-chantier-participatif-3-1024px-1-edited.jpg\" alt=\"Participants \u00e0 un chantier participatif qui pr\u00e9parent le repas pour tout le monde dans la bonne humeur\" class=\"wp-image-6649\" srcset=\"https:\/\/fr.twiza.org\/portail\/wp-content\/uploads\/2022\/10\/Etre-be\u0301ne\u0301vole-sur-un-chantier-participatif-3-1024px-1-edited.jpg 1024w, https:\/\/fr.twiza.org\/portail\/wp-content\/uploads\/2022\/10\/Etre-be\u0301ne\u0301vole-sur-un-chantier-participatif-3-1024px-1-edited-600x338.jpg 600w, https:\/\/fr.twiza.org\/portail\/wp-content\/uploads\/2022\/10\/Etre-be\u0301ne\u0301vole-sur-un-chantier-participatif-3-1024px-1-edited-300x169.jpg 300w, https:\/\/fr.twiza.org\/portail\/wp-content\/uploads\/2022\/10\/Etre-be\u0301ne\u0301vole-sur-un-chantier-participatif-3-1024px-1-edited-768x432.jpg 768w\" sizes=\"(max-width: 1024px) 100vw, 1024px\" \/><\/figure>\n\n\n\n<h3 class=\"wp-block-heading\">Clarifier ses motivations<\/h3>\n\n\n\n<p>Sois clair\u00b7e \u00e0 propos de tes <strong>motivations<\/strong> \u00e0 \u00eatre <strong>volontaire<\/strong> sur un <strong>chantier participatif<\/strong>. Quelle qu&rsquo;en soit la raison profonde (envie de partage, d\u00e9couverte d&rsquo;une technique, entraide, etc.), elle est entendable.<\/p>\n\n\n\n<p>\u00catre <strong>honn\u00eate<\/strong> avec toi-m\u00eame et avec les organisateurs\u00b7trices qui t&rsquo;accueilleront te permettra de commencer une relation bas\u00e9e sur la confiance et ouvrira une communication saine.<\/p>\n\n\n\n<h3 class=\"wp-block-heading\">Communiquer<\/h3>\n\n\n\n<p>La <strong>communication<\/strong> est la base de votre relation.<\/p>\n\n\n\n<p>D\u00e8s le premier contact, tu te fais un avis sur une personne, et vice-versa. Avant de participer \u00e0 un chantier, prends le temps de <strong>discuter<\/strong>, conna\u00eetre le cadre &amp; \u00e9changer sur vos attentes respectives.<\/p>\n\n\n\n<p>Un <strong>entretien<\/strong> <strong>t\u00e9l\u00e9phonique<\/strong> pr\u00e9alable est un bon moyen de commencer \u00e0 vous conna\u00eetre, cela permet \u00e9galement de consolider ton <strong>engagement<\/strong> (fixer en direct des dates d&rsquo;arriv\u00e9e, dur\u00e9e de pr\u00e9sence, etc.).<\/p>\n\n\n\n<h3 class=\"wp-block-heading\">Respecter les r\u00e8gles de vie<\/h3>\n\n\n\n<p>Chaque <strong>ma\u00eetre\u00b7sse d&rsquo;ouvrage<\/strong> fixe les <strong>r\u00e8gles de vie<\/strong> qui lui conviennent chez lui\/elle. Elles sont li\u00e9es \u00e0 sa situation, sa capacit\u00e9 d&rsquo;accueil, son temps, ses envies de partage, etc.<\/p>\n\n\n\n<p>Ces r\u00e8gles donnent un <strong>cadre<\/strong> aux moments de vie hors chantier. Si elles ne sont pas syst\u00e9matiques nous les recommandons vivement !<\/p>\n\n\n\n<p>Lorsque tu participes \u00e0 un chantier, ceci implique naturellement de respecter le lieu, ses habitants et les personnes sur place.<\/p>\n\n\n\n<h3 class=\"wp-block-heading\">Participer aux \u00e0-c\u00f4t\u00e9s du chantier<\/h3>\n\n\n\n<p>Participer \u00e0 un <strong>chantier participatif<\/strong> implique aussi de participer aux \u00e0-c\u00f4t\u00e9s indissociables du chantier : <strong>mettre la table<\/strong>, <strong>faire la vaisselle<\/strong>, <strong>la cuisine<\/strong>, etc. Si certain\u00b7e\u00b7s organisateurs\u00b7trices organisent tous ces postes eux m\u00eame, d&rsquo;autres peuvent demander une participation des volontaires \u00e0 ces t\u00e2ches.<\/p>\n\n\n\n<p>Les <strong>\u00e0-c\u00f4t\u00e9s<\/strong> sont aussi des <strong>moments<\/strong> <strong>conviviaux<\/strong> et des moments d&rsquo;<strong>\u00e9changes<\/strong> riches ! Si tu n&rsquo;es pas log\u00e9 sur place, garde des moments pour discuter en fin de chantier, mange sur place \u00e0 midi, et \u00e9change autre chose que quelques heures de travaux \ud83d\ude42<\/p>\n\n\n\n<div style=\"height:35px\" aria-hidden=\"true\" class=\"wp-block-spacer\"><\/div>\n","protected":false},"excerpt":{"rendered":"<p>Tu souhaites \u00eatre b\u00e9n\u00e9vole sur un chantier participatif, et tu te demandes ce que \u00e7a implique ? Nous te proposons d&rsquo;aborder cette question en 2 points : -Conseils et r\u00e8gles sur le chantier -Conseils et vie autour du chantier Avant tout, garde toujours en t\u00eate qu&rsquo;accueillir des b\u00e9n\u00e9voles implique de [&hellip;]<\/p>\n","protected":false},"author":3,"featured_media":0,"parent":6191,"menu_order":0,"comment_status":"closed","ping_status":"closed","template":"","meta":{"_eb_attr":"","_themeisle_gutenberg_block_has_review":false,"footnotes":""},"class_list":["post-6634","page","type-page","status-publish","hentry"],"yoast_head":"<!-- This site is optimized with the Yoast SEO Premium plugin v27.2 (Yoast SEO v27.4) - https:\/\/yoast.com\/product\/yoast-seo-premium-wordpress\/ -->\n<title>Etre b\u00e9n\u00e9vole sur un chantier participatif<\/title>\n<meta name=\"description\" content=\"Etre b\u00e9n\u00e9vole sur un chantier participatif : observer, \u00e9couter, respecter les r\u00e8gles du lieu, participer aux moments conviviaux hors chantier\" \/>\n<meta name=\"robots\" content=\"index, follow, max-snippet:-1, max-image-preview:large, max-video-preview:-1\" \/>\n<link rel=\"canonical\" href=\"https:\/\/fr.twiza.org\/portail\/chantiers-participatifs-comment-ca-marche\/etre-benevole-sur-un-chantier-participatif\/\" \/>\n<meta property=\"og:locale\" content=\"fr_FR\" \/>\n<meta property=\"og:type\" content=\"article\" \/>\n<meta property=\"og:title\" content=\"Etre b\u00e9n\u00e9vole sur un chantier participatif\" \/>\n<meta property=\"og:description\" content=\"Etre b\u00e9n\u00e9vole sur un chantier participatif : observer, \u00e9couter, respecter les r\u00e8gles du lieu, participer aux moments conviviaux hors chantier\" \/>\n<meta property=\"og:url\" content=\"https:\/\/fr.twiza.org\/portail\/chantiers-participatifs-comment-ca-marche\/etre-benevole-sur-un-chantier-participatif\/\" \/>\n<meta property=\"og:site_name\" content=\"R\u00e9seau Twiza\" \/>\n<meta property=\"article:publisher\" content=\"https:\/\/fr-fr.facebook.com\/Twiza.fr\/\" \/>\n<meta property=\"article:modified_time\" content=\"2023-10-25T06:42:34+00:00\" \/>\n<meta name=\"twitter:card\" content=\"summary_large_image\" \/>\n<script type=\"application\/ld+json\" class=\"yoast-schema-graph\">{\"@context\":\"https:\\\/\\\/schema.org\",\"@graph\":[{\"@type\":\"WebPage\",\"@id\":\"https:\\\/\\\/fr.twiza.org\\\/portail\\\/chantiers-participatifs-comment-ca-marche\\\/etre-benevole-sur-un-chantier-participatif\\\/\",\"url\":\"https:\\\/\\\/fr.twiza.org\\\/portail\\\/chantiers-participatifs-comment-ca-marche\\\/etre-benevole-sur-un-chantier-participatif\\\/\",\"name\":\"Etre b\u00e9n\u00e9vole sur un chantier participatif\",\"isPartOf\":{\"@id\":\"https:\\\/\\\/fr.twiza.org\\\/portail\\\/#website\"},\"datePublished\":\"2023-04-02T08:27:56+00:00\",\"dateModified\":\"2023-10-25T06:42:34+00:00\",\"description\":\"Etre b\u00e9n\u00e9vole sur un chantier participatif : observer, \u00e9couter, respecter les r\u00e8gles du lieu, participer aux moments conviviaux hors chantier\",\"breadcrumb\":{\"@id\":\"https:\\\/\\\/fr.twiza.org\\\/portail\\\/chantiers-participatifs-comment-ca-marche\\\/etre-benevole-sur-un-chantier-participatif\\\/#breadcrumb\"},\"inLanguage\":\"fr-FR\",\"potentialAction\":[{\"@type\":\"ReadAction\",\"target\":[\"https:\\\/\\\/fr.twiza.org\\\/portail\\\/chantiers-participatifs-comment-ca-marche\\\/etre-benevole-sur-un-chantier-participatif\\\/\"]}]},{\"@type\":\"BreadcrumbList\",\"@id\":\"https:\\\/\\\/fr.twiza.org\\\/portail\\\/chantiers-participatifs-comment-ca-marche\\\/etre-benevole-sur-un-chantier-participatif\\\/#breadcrumb\",\"itemListElement\":[{\"@type\":\"ListItem\",\"position\":1,\"name\":\"Accueil\",\"item\":\"https:\\\/\\\/fr.twiza.org\\\/portail\\\/\"},{\"@type\":\"ListItem\",\"position\":2,\"name\":\"Chantiers participatifs : comment \u00e7a marche ?\",\"item\":\"https:\\\/\\\/fr.twiza.org\\\/portail\\\/chantiers-participatifs-comment-ca-marche\\\/\"},{\"@type\":\"ListItem\",\"position\":3,\"name\":\"Etre b\u00e9n\u00e9vole sur un chantier participatif\"}]},{\"@type\":\"WebSite\",\"@id\":\"https:\\\/\\\/fr.twiza.org\\\/portail\\\/#website\",\"url\":\"https:\\\/\\\/fr.twiza.org\\\/portail\\\/\",\"name\":\"R\u00e9seau Twiza\",\"description\":\"Entraide pour un habitat \u00e9cologique, convivial et r\u00e9silient\",\"publisher\":{\"@id\":\"https:\\\/\\\/fr.twiza.org\\\/portail\\\/#organization\"},\"potentialAction\":[{\"@type\":\"SearchAction\",\"target\":{\"@type\":\"EntryPoint\",\"urlTemplate\":\"https:\\\/\\\/fr.twiza.org\\\/portail\\\/?s={search_term_string}\"},\"query-input\":{\"@type\":\"PropertyValueSpecification\",\"valueRequired\":true,\"valueName\":\"search_term_string\"}}],\"inLanguage\":\"fr-FR\"},{\"@type\":\"Organization\",\"@id\":\"https:\\\/\\\/fr.twiza.org\\\/portail\\\/#organization\",\"name\":\"R\u00e9seau Twiza\",\"url\":\"https:\\\/\\\/fr.twiza.org\\\/portail\\\/\",\"logo\":{\"@type\":\"ImageObject\",\"inLanguage\":\"fr-FR\",\"@id\":\"https:\\\/\\\/fr.twiza.org\\\/portail\\\/#\\\/schema\\\/logo\\\/image\\\/\",\"url\":\"https:\\\/\\\/fr.twiza.org\\\/portail\\\/wp-content\\\/uploads\\\/2021\\\/05\\\/cropped-logo-reseau-twiza.jpg\",\"contentUrl\":\"https:\\\/\\\/fr.twiza.org\\\/portail\\\/wp-content\\\/uploads\\\/2021\\\/05\\\/cropped-logo-reseau-twiza.jpg\",\"width\":400,\"height\":102,\"caption\":\"R\u00e9seau Twiza\"},\"image\":{\"@id\":\"https:\\\/\\\/fr.twiza.org\\\/portail\\\/#\\\/schema\\\/logo\\\/image\\\/\"},\"sameAs\":[\"https:\\\/\\\/fr-fr.facebook.com\\\/Twiza.fr\\\/\",\"https:\\\/\\\/www.instagram.com\\\/twiza_fr\\\/\",\"https:\\\/\\\/www.linkedin.com\\\/company\\\/reseautwiza\\\/\"]}]}<\/script>\n<!-- \/ Yoast SEO Premium plugin. -->","yoast_head_json":{"title":"Etre b\u00e9n\u00e9vole sur un chantier participatif","description":"Etre b\u00e9n\u00e9vole sur un chantier participatif : observer, \u00e9couter, respecter les r\u00e8gles du lieu, participer aux moments conviviaux hors chantier","robots":{"index":"index","follow":"follow","max-snippet":"max-snippet:-1","max-image-preview":"max-image-preview:large","max-video-preview":"max-video-preview:-1"},"canonical":"https:\/\/fr.twiza.org\/portail\/chantiers-participatifs-comment-ca-marche\/etre-benevole-sur-un-chantier-participatif\/","og_locale":"fr_FR","og_type":"article","og_title":"Etre b\u00e9n\u00e9vole sur un chantier participatif","og_description":"Etre b\u00e9n\u00e9vole sur un chantier participatif : observer, \u00e9couter, respecter les r\u00e8gles du lieu, participer aux moments conviviaux hors chantier","og_url":"https:\/\/fr.twiza.org\/portail\/chantiers-participatifs-comment-ca-marche\/etre-benevole-sur-un-chantier-participatif\/","og_site_name":"R\u00e9seau Twiza","article_publisher":"https:\/\/fr-fr.facebook.com\/Twiza.fr\/","article_modified_time":"2023-10-25T06:42:34+00:00","twitter_card":"summary_large_image","schema":{"@context":"https:\/\/schema.org","@graph":[{"@type":"WebPage","@id":"https:\/\/fr.twiza.org\/portail\/chantiers-participatifs-comment-ca-marche\/etre-benevole-sur-un-chantier-participatif\/","url":"https:\/\/fr.twiza.org\/portail\/chantiers-participatifs-comment-ca-marche\/etre-benevole-sur-un-chantier-participatif\/","name":"Etre b\u00e9n\u00e9vole sur un chantier participatif","isPartOf":{"@id":"https:\/\/fr.twiza.org\/portail\/#website"},"datePublished":"2023-04-02T08:27:56+00:00","dateModified":"2023-10-25T06:42:34+00:00","description":"Etre b\u00e9n\u00e9vole sur un chantier participatif : observer, \u00e9couter, respecter les r\u00e8gles du lieu, participer aux moments conviviaux hors chantier","breadcrumb":{"@id":"https:\/\/fr.twiza.org\/portail\/chantiers-participatifs-comment-ca-marche\/etre-benevole-sur-un-chantier-participatif\/#breadcrumb"},"inLanguage":"fr-FR","potentialAction":[{"@type":"ReadAction","target":["https:\/\/fr.twiza.org\/portail\/chantiers-participatifs-comment-ca-marche\/etre-benevole-sur-un-chantier-participatif\/"]}]},{"@type":"BreadcrumbList","@id":"https:\/\/fr.twiza.org\/portail\/chantiers-participatifs-comment-ca-marche\/etre-benevole-sur-un-chantier-participatif\/#breadcrumb","itemListElement":[{"@type":"ListItem","position":1,"name":"Accueil","item":"https:\/\/fr.twiza.org\/portail\/"},{"@type":"ListItem","position":2,"name":"Chantiers participatifs : comment \u00e7a marche ?","item":"https:\/\/fr.twiza.org\/portail\/chantiers-participatifs-comment-ca-marche\/"},{"@type":"ListItem","position":3,"name":"Etre b\u00e9n\u00e9vole sur un chantier participatif"}]},{"@type":"WebSite","@id":"https:\/\/fr.twiza.org\/portail\/#website","url":"https:\/\/fr.twiza.org\/portail\/","name":"R\u00e9seau Twiza","description":"Entraide pour un habitat \u00e9cologique, convivial et r\u00e9silient","publisher":{"@id":"https:\/\/fr.twiza.org\/portail\/#organization"},"potentialAction":[{"@type":"SearchAction","target":{"@type":"EntryPoint","urlTemplate":"https:\/\/fr.twiza.org\/portail\/?s={search_term_string}"},"query-input":{"@type":"PropertyValueSpecification","valueRequired":true,"valueName":"search_term_string"}}],"inLanguage":"fr-FR"},{"@type":"Organization","@id":"https:\/\/fr.twiza.org\/portail\/#organization","name":"R\u00e9seau Twiza","url":"https:\/\/fr.twiza.org\/portail\/","logo":{"@type":"ImageObject","inLanguage":"fr-FR","@id":"https:\/\/fr.twiza.org\/portail\/#\/schema\/logo\/image\/","url":"https:\/\/fr.twiza.org\/portail\/wp-content\/uploads\/2021\/05\/cropped-logo-reseau-twiza.jpg","contentUrl":"https:\/\/fr.twiza.org\/portail\/wp-content\/uploads\/2021\/05\/cropped-logo-reseau-twiza.jpg","width":400,"height":102,"caption":"R\u00e9seau Twiza"},"image":{"@id":"https:\/\/fr.twiza.org\/portail\/#\/schema\/logo\/image\/"},"sameAs":["https:\/\/fr-fr.facebook.com\/Twiza.fr\/","https:\/\/www.instagram.com\/twiza_fr\/","https:\/\/www.linkedin.com\/company\/reseautwiza\/"]}]}},"jetpack_sharing_enabled":true,"_links":{"self":[{"href":"https:\/\/fr.twiza.org\/portail\/wp-json\/wp\/v2\/pages\/6634","targetHints":{"allow":["GET"]}}],"collection":[{"href":"https:\/\/fr.twiza.org\/portail\/wp-json\/wp\/v2\/pages"}],"about":[{"href":"https:\/\/fr.twiza.org\/portail\/wp-json\/wp\/v2\/types\/page"}],"author":[{"embeddable":true,"href":"https:\/\/fr.twiza.org\/portail\/wp-json\/wp\/v2\/users\/3"}],"replies":[{"embeddable":true,"href":"https:\/\/fr.twiza.org\/portail\/wp-json\/wp\/v2\/comments?post=6634"}],"version-history":[{"count":24,"href":"https:\/\/fr.twiza.org\/portail\/wp-json\/wp\/v2\/pages\/6634\/revisions"}],"predecessor-version":[{"id":9535,"href":"https:\/\/fr.twiza.org\/portail\/wp-json\/wp\/v2\/pages\/6634\/revisions\/9535"}],"up":[{"embeddable":true,"href":"https:\/\/fr.twiza.org\/portail\/wp-json\/wp\/v2\/pages\/6191"}],"wp:attachment":[{"href":"https:\/\/fr.twiza.org\/portail\/wp-json\/wp\/v2\/media?parent=6634"}],"curies":[{"name":"wp","href":"https:\/\/api.w.org\/{rel}","templated":true}]}}