{"id":7367,"date":"2023-04-02T11:53:21","date_gmt":"2023-04-02T09:53:21","guid":{"rendered":"https:\/\/fr.twiza.org\/portail\/?page_id=7367"},"modified":"2023-10-25T19:05:03","modified_gmt":"2023-10-25T17:05:03","slug":"autoconstruction-ou-professionnel","status":"publish","type":"page","link":"https:\/\/fr.twiza.org\/portail\/autoconstruction-ou-professionnel\/","title":{"rendered":"Autoconstruction ou professionnel ?"},"content":{"rendered":"<div class=\"wp-block-image\">\n<figure class=\"aligncenter size-full\"><img fetchpriority=\"high\" decoding=\"async\" width=\"1014\" height=\"570\" src=\"https:\/\/fr.twiza.org\/portail\/wp-content\/uploads\/2023\/10\/Pourquoi-payer-twiza-2-1024px-edited.jpeg\" alt=\"\" class=\"wp-image-9538\" srcset=\"https:\/\/fr.twiza.org\/portail\/wp-content\/uploads\/2023\/10\/Pourquoi-payer-twiza-2-1024px-edited.jpeg 1014w, https:\/\/fr.twiza.org\/portail\/wp-content\/uploads\/2023\/10\/Pourquoi-payer-twiza-2-1024px-edited-600x337.jpeg 600w, https:\/\/fr.twiza.org\/portail\/wp-content\/uploads\/2023\/10\/Pourquoi-payer-twiza-2-1024px-edited-300x169.jpeg 300w, https:\/\/fr.twiza.org\/portail\/wp-content\/uploads\/2023\/10\/Pourquoi-payer-twiza-2-1024px-edited-768x432.jpeg 768w\" sizes=\"(max-width: 1014px) 100vw, 1014px\" \/><\/figure>\n<\/div>\n\n\n<div style=\"height:25px\" aria-hidden=\"true\" class=\"wp-block-spacer\"><\/div>\n\n\n\n<p>Apr\u00e8s avoir pris connaissance des \u00e9tapes d&rsquo;un projet tu sais ce qu&rsquo;il faut faire (quoi) et dans quel ordre (quand) il te reste \u00e0 d\u00e9terminer le \u00ab\u00a0mod\u00e8le\u00a0\u00bb d&rsquo;intervention (comment, par qui)<\/p>\n\n\n\n<p>Le b\u00e2timent est un domaine complexe, si tu ne l&rsquo;as pas encore admis tu l&rsquo;apprendra t\u00f4t ou tard. Mieux vaut t\u00f4t que tard \ud83d\ude42<\/p>\n\n\n\n<p>Si tu es raisonnable, tu as conscience de tes limites personnelles en terme de temps, d&rsquo;argent, de comp\u00e9tences, de charge mentale. D&rsquo;o\u00f9 la n\u00e9cessit\u00e9 d&rsquo;avoir de l&rsquo;aide d&rsquo;autres personnes, quelle que soit la forme : conseil gratuit, soutien financier, prestation professionnelle, formation, b\u00e9n\u00e9volat en chantier participatif etc.<\/p>\n\n\n\n<p>Donc pour satisfaire ces <strong>besoins<\/strong> avec les seuls <strong>moyens<\/strong> \u00e0 ta disposition tu cherches la meilleure <strong>strat\u00e9gie<\/strong> \u00e0 adopter : quand faire toi-m\u00eame, quand et comment faire intervenir des tiers notamment des professionnels ?<\/p>\n\n\n\n<p>Pour t&rsquo;aider \u00e0 y voir plus clair, voici 4 <strong>mod\u00e8les d&rsquo;intervention<\/strong> : <\/p>\n\n\n\n<ul class=\"wp-block-list\">\n<li><a href=\"https:\/\/fr.twiza.org\/portail\/faire-intervenir-des-pros-pour-la-construction-de-sa-maison\/\">\u00ab\u00a0Faire faire\u00a0\u00bb : par des professionnels<\/a><\/li>\n\n\n\n<li><a href=\"https:\/\/fr.twiza.org\/portail\/autoconstruire-sa-maison-accompagne-par-des-professionnels\/\">\u00ab\u00a0Faire avec\u00a0\u00bb : toi-m\u00eame avec des professionnels<\/a><\/li>\n\n\n\n<li><a href=\"https:\/\/fr.twiza.org\/portail\/autoconstruire-sa-maison\/\">\u00ab\u00a0Faire soi-m\u00eame\u00a0\u00bb : avancer seul\u00b7e<\/a><\/li>\n\n\n\n<li><a href=\"https:\/\/fr.twiza.org\/portail\/chantiers-participatifs-comment-ca-marche\/comment-bien-organiser-son-propre-chantier-participatif\/\">\u00ab\u00a0Faire ensemble\u00a0\u00bb : organiser un chantier participatif<\/a><\/li>\n<\/ul>\n\n\n\n<p>Dans un gros projet comme ceux qu&rsquo;on trouve dans le r\u00e9seau Twiza il est courant que ces diff\u00e9rents mod\u00e8les cohabitent et se succ\u00e8dent, de la conception \u00e0 la r\u00e9alisation. Pour t&rsquo;aider \u00e0 te positionner voici des descriptions succinctes de ces mod\u00e8les d&rsquo;intervention avec leurs particularit\u00e9s et <strong>nos conseils<\/strong> pour en tirer la meilleure exp\u00e9rience.<\/p>\n\n\n\n<h2 class=\"wp-block-heading\" id=\"faire-faire-modele-cle-en-main\">Faire faire &#8211; Le mod\u00e8le \u00ab\u00a0cl\u00e9 en main\u00a0\u00bb<\/h2>\n\n\n<div class=\"wp-block-image\">\n<figure class=\"aligncenter\"><a href=\"https:\/\/fr.twiza.org\/portail\/faire-intervenir-des-pros-pour-la-construction-de-sa-maison\/\"><img decoding=\"async\" width=\"1000\" height=\"563\" src=\"https:\/\/fr.twiza.org\/portail\/wp-content\/uploads\/2022\/11\/Professionnel-ou-autonconstruction-faire-faire-par-un-professionnel-1-1000px-edited.jpeg\" alt=\"Engager un professionnel pour son chantier\" class=\"wp-image-7405\" srcset=\"https:\/\/fr.twiza.org\/portail\/wp-content\/uploads\/2022\/11\/Professionnel-ou-autonconstruction-faire-faire-par-un-professionnel-1-1000px-edited.jpeg 1000w, https:\/\/fr.twiza.org\/portail\/wp-content\/uploads\/2022\/11\/Professionnel-ou-autonconstruction-faire-faire-par-un-professionnel-1-1000px-edited-600x338.jpeg 600w, https:\/\/fr.twiza.org\/portail\/wp-content\/uploads\/2022\/11\/Professionnel-ou-autonconstruction-faire-faire-par-un-professionnel-1-1000px-edited-300x169.jpeg 300w, https:\/\/fr.twiza.org\/portail\/wp-content\/uploads\/2022\/11\/Professionnel-ou-autonconstruction-faire-faire-par-un-professionnel-1-1000px-edited-768x432.jpeg 768w\" sizes=\"(max-width: 1000px) 100vw, 1000px\" \/><\/a><\/figure>\n<\/div>\n\n\n<div style=\"height:25px\" aria-hidden=\"true\" class=\"wp-block-spacer\"><\/div>\n\n\n\n<p>Faire confiance \u00e0 <strong>un ou une professionnelle<\/strong> pour r\u00e9aliser une \u00e9tape de ton <strong>projet d&rsquo;habitat<\/strong> (en conception ou en ex\u00e9cution) permet de te reposer sur une personne <strong>form\u00e9e<\/strong> et <strong>exp\u00e9riment\u00e9e<\/strong> dans son m\u00e9tier.<\/p>\n\n\n\n<p>Le ou la <strong>professionnelle<\/strong> \u00e0 qui tu confies ton projet s&rsquo;engage sur un <strong>prix<\/strong>, un <strong>d\u00e9lai ma\u00eetris\u00e9<\/strong> et la <strong>qualit\u00e9<\/strong> de son travail. L&rsquo;ouvrage r\u00e9alis\u00e9 par un professionel dispose d&rsquo;une <strong>assurance d\u00e9cennale<\/strong>. Ce qui rassure les \u00e9tablissements financiers qui octroient plus facilement des <strong>pr\u00eats immobiliers<\/strong> dans ce cadre l\u00e0. (Voir notre dossier <a href=\"https:\/\/fr.twiza.org\/portail\/pret-immobilier-autoconstruction\/\">Comment obtenir un pr\u00eat immobilier en auto-construction ?<\/a>)<\/p>\n\n\n\n<p>Enfin, prends le temps de <strong>communiquer<\/strong> et bien d\u00e9finir les <strong>contours de ton projet<\/strong> avec les <strong>professionnels<\/strong>, afin d&rsquo;\u00e9tablir une relation saine et confortable.<\/p>\n\n\n\n<p>Pour aller plus loin sur le sujet, tu peux consulter la page suivante :<\/p>\n\n\n\n<p>\u00ab\u00a0<strong><em>Faire intervenir des professionnels pour son projet d&rsquo;habitation<\/em><\/strong>\u00ab\u00a0<\/p>\n\n\n\n<h2 class=\"wp-block-heading\" id=\"faire-avec-modele-hybride\">Faire avec &#8211; L&rsquo;accompagnement<\/h2>\n\n\n<div class=\"wp-block-image\">\n<figure class=\"aligncenter\"><a href=\"https:\/\/fr.twiza.org\/portail\/autoconstruire-sa-maison-accompagne-par-des-professionnels\/\"><img decoding=\"async\" width=\"1024\" height=\"576\" src=\"https:\/\/fr.twiza.org\/portail\/wp-content\/uploads\/2022\/11\/Professionnel-ou-autoconstruction-faire-avec-modele-hybride-1-1024px-edited.jpeg\" alt=\"Engager un professionnel sur son chantier pour \u00eatre accompagn\u00e9\" class=\"wp-image-7417\" srcset=\"https:\/\/fr.twiza.org\/portail\/wp-content\/uploads\/2022\/11\/Professionnel-ou-autoconstruction-faire-avec-modele-hybride-1-1024px-edited.jpeg 1024w, https:\/\/fr.twiza.org\/portail\/wp-content\/uploads\/2022\/11\/Professionnel-ou-autoconstruction-faire-avec-modele-hybride-1-1024px-edited-600x338.jpeg 600w, https:\/\/fr.twiza.org\/portail\/wp-content\/uploads\/2022\/11\/Professionnel-ou-autoconstruction-faire-avec-modele-hybride-1-1024px-edited-300x169.jpeg 300w, https:\/\/fr.twiza.org\/portail\/wp-content\/uploads\/2022\/11\/Professionnel-ou-autoconstruction-faire-avec-modele-hybride-1-1024px-edited-768x432.jpeg 768w\" sizes=\"(max-width: 1024px) 100vw, 1024px\" \/><\/a><\/figure>\n<\/div>\n\n\n<div style=\"height:25px\" aria-hidden=\"true\" class=\"wp-block-spacer\"><\/div>\n\n\n\n<p>Pour ce mod\u00e8le hybride, on parle souvent d&rsquo;accompagnement ou d&rsquo;assistance professionnelle. <\/p>\n\n\n\n<p>Engager un ou une professionnelle pour qu&rsquo;il ou elle t&rsquo;<strong>accompagne<\/strong> dans l&rsquo;avancement de telle ou telle \u00e9tape de ton projet  comporte de nombreux avantages. <\/p>\n\n\n\n<p>Cela te permet notamment de <strong>faire toi-m\u00eame<\/strong> et d&rsquo;<strong>apprendre<\/strong> une technique dans le contexte de ton projet.<\/p>\n\n\n\n<p>De plus, les travaux accompagn\u00e9s par un pro sont g\u00e9n\u00e9ralement d&rsquo;une grande qualit\u00e9 et les \u00e9changes riches.<\/p>\n\n\n\n<p>Par contre le temps de r\u00e9alisation est g\u00e9n\u00e9ralement plus long que si tu faisais faire.<\/p>\n\n\n\n<p>Ce mod\u00e8le de fonctionnement ne b\u00e9n\u00e9ficie pas encore d&rsquo;un cadre clair pourtant il est massivement pratiqu\u00e9 au sein du r\u00e9seau Twiza car il est pertinent en de nombreux points. Toutefois faute de cadre juridique satisfaisant il t&rsquo;appartient de bien t&rsquo;y prendre. Voici nos conseils pour mettre toutes les chances de ton c\u00f4t\u00e9 : \u00ab\u00a0<strong><em>Accompagnement professionnel \u00e0 l&rsquo;autoconstruction ou \u00e0 l&rsquo;autor\u00e9hablitation<\/em><\/strong>\u00ab\u00a0<\/p>\n\n\n\n<h2 class=\"wp-block-heading\" id=\"faire-toi-meme-autoconstruction\">Faire soi-m\u00eame &#8211; l&rsquo;autoconstruction ou l&rsquo;autor\u00e9novation<\/h2>\n\n\n<div class=\"wp-block-image\">\n<figure class=\"aligncenter\"><a href=\"https:\/\/fr.twiza.org\/portail\/autoconstruire-sa-maison\/\"><img loading=\"lazy\" decoding=\"async\" width=\"1000\" height=\"625\" src=\"https:\/\/fr.twiza.org\/portail\/wp-content\/uploads\/2022\/11\/Professionnel-ou-autoconstruction-faire-soi-meme-autoconstruction-1-1000px-1-edited.jpeg\" alt=\"Faire soi-m\u00eame ses travaux en autoconstruction\" class=\"wp-image-7409\" srcset=\"https:\/\/fr.twiza.org\/portail\/wp-content\/uploads\/2022\/11\/Professionnel-ou-autoconstruction-faire-soi-meme-autoconstruction-1-1000px-1-edited.jpeg 1000w, https:\/\/fr.twiza.org\/portail\/wp-content\/uploads\/2022\/11\/Professionnel-ou-autoconstruction-faire-soi-meme-autoconstruction-1-1000px-1-edited-600x375.jpeg 600w, https:\/\/fr.twiza.org\/portail\/wp-content\/uploads\/2022\/11\/Professionnel-ou-autoconstruction-faire-soi-meme-autoconstruction-1-1000px-1-edited-300x188.jpeg 300w, https:\/\/fr.twiza.org\/portail\/wp-content\/uploads\/2022\/11\/Professionnel-ou-autoconstruction-faire-soi-meme-autoconstruction-1-1000px-1-edited-768x480.jpeg 768w\" sizes=\"(max-width: 1000px) 100vw, 1000px\" \/><\/a><\/figure>\n<\/div>\n\n\n<div style=\"height:25px\" aria-hidden=\"true\" class=\"wp-block-spacer\"><\/div>\n\n\n\n<p>On peut parler globalement <strong>d&rsquo;autoproduction<\/strong> ou d&rsquo;autor\u00e9alisation qui rassemble aussi bien l&rsquo;autoconstruction que l&rsquo;autor\u00e9novation.  C&rsquo;est un choix engag\u00e9, qui implique un <strong>grand investissement personnel<\/strong>.<\/p>\n\n\n\n<p>Si tu d\u00e9sires r\u00e9aliser une \u00e9tape en <strong>autoproduction compl\u00e8te<\/strong>, assures-toi d&rsquo;avoir les <strong>comp\u00e9tences<\/strong> n\u00e9cessaires, le <strong>temps<\/strong> et les <strong>ressources<\/strong>. En cas de doute, participer \u00e0 des chantiers participatifs t&rsquo;offrira justement de pr\u00e9cieuses opportunit\u00e9s de t&rsquo;y confronter en situation r\u00e9elle pour ressentir cette exp\u00e9rience. Enrichi par ces exp\u00e9riences tu te conna\u00eetra mieux, tu montera en comp\u00e9tences et alors tu pourras adapter ta <strong>strat\u00e9gie de projet<\/strong> <strong>avant d&rsquo;\u00eatre irr\u00e9versiblement engag\u00e9<\/strong>.<\/p>\n\n\n\n<p><strong>Avantages de l&rsquo;autoproduction<\/strong> :<\/p>\n\n\n\n<ul class=\"wp-block-list\">\n<li><strong>avancer \u00e0 son rythme<\/strong>, selon ses capacit\u00e9s<\/li>\n\n\n\n<li><strong>changer d&rsquo;avis<\/strong> en cours pour saisir des opportunit\u00e9s<\/li>\n\n\n\n<li><strong>co\u00fbt relativement r\u00e9duit<\/strong><\/li>\n\n\n\n<li><strong>l&rsquo;apprentissage<\/strong><\/li>\n<\/ul>\n\n\n\n<p><strong>Inconv\u00e9nients de l&rsquo;autoproduction et points de vigilances<\/strong> :<\/p>\n\n\n\n<ul class=\"wp-block-list\">\n<li><strong>l&rsquo;\u00e9puisement<\/strong> : le projet peut durer, avec des travaux avan\u00e7ant moins vite qu&rsquo;avec un professionnel.<\/li>\n\n\n\n<li><strong>surco\u00fbts<\/strong> induits par des choix tardifs : changement de technique en cours de route, travaux \u00e0 reprendre etc..<\/li>\n<\/ul>\n\n\n\n<p>Attention \u00e0 ne pas croire que l&rsquo;<strong>autoconstruction<\/strong> est forc\u00e9ment \u00ab\u00a0<strong>moins ch\u00e8re<\/strong>\u00ab\u00a0. En effet, cette id\u00e9e repose sur l&rsquo;hypoth\u00e8se que tu ma\u00eetrises ton sujet, la technique, le planning et tes ressources.<\/p>\n\n\n\n<p>Pour rappel, <strong>ce sont les erreurs qui co\u00fbtent le plus ch\u00e8re<\/strong> dans un chantier. Il est donc souvent pertinent de faire intervenir <strong>un professionnel<\/strong>, m\u00eame ponctuellement, pour valider les \u00e9tapes et te faire gagner du <strong>temps<\/strong> et de l&rsquo;<strong>argent<\/strong> par la suite.<\/p>\n\n\n\n<p>Pour aller plus loin sur le sujet, consulte la page suivante :<\/p>\n\n\n\n<p>\u00ab\u00a0<strong><em>Autoconstruire sa maison<\/em><\/strong>\u00ab\u00a0<\/p>\n\n\n\n<h2 class=\"wp-block-heading\" id=\"accueillir-des-benevoles-chantier-participatif\">Faire ensemble &#8211; le chantier participatif<\/h2>\n\n\n<div class=\"wp-block-image is-resized\">\n<figure class=\"aligncenter size-full\"><a href=\"https:\/\/fr.twiza.org\/portail\/chantiers-participatifs-comment-ca-marche\/comment-bien-organiser-son-propre-chantier-participatif\/\"><img loading=\"lazy\" decoding=\"async\" width=\"1024\" height=\"576\" src=\"https:\/\/fr.twiza.org\/portail\/wp-content\/uploads\/2022\/11\/65141-Professionnel-ou-autoconstruction-accueillir-des-benevoles-1-1024px-edited.jpeg\" alt=\"B\u00e9n\u00e9voles sur un chantier participatif\" class=\"wp-image-7415\" srcset=\"https:\/\/fr.twiza.org\/portail\/wp-content\/uploads\/2022\/11\/65141-Professionnel-ou-autoconstruction-accueillir-des-benevoles-1-1024px-edited.jpeg 1024w, https:\/\/fr.twiza.org\/portail\/wp-content\/uploads\/2022\/11\/65141-Professionnel-ou-autoconstruction-accueillir-des-benevoles-1-1024px-edited-600x338.jpeg 600w, https:\/\/fr.twiza.org\/portail\/wp-content\/uploads\/2022\/11\/65141-Professionnel-ou-autoconstruction-accueillir-des-benevoles-1-1024px-edited-300x169.jpeg 300w, https:\/\/fr.twiza.org\/portail\/wp-content\/uploads\/2022\/11\/65141-Professionnel-ou-autoconstruction-accueillir-des-benevoles-1-1024px-edited-768x432.jpeg 768w\" sizes=\"(max-width: 1024px) 100vw, 1024px\" \/><\/a><\/figure>\n<\/div>\n\n\n<div style=\"height:25px\" aria-hidden=\"true\" class=\"wp-block-spacer\"><\/div>\n\n\n\n<p><strong>Accueillir <\/strong>des<strong> b\u00e9n\u00e9voles<\/strong> sur un <strong>chantier participatif<\/strong> peut se faire dans le cadre de l&rsquo;<strong>autoconstruction<\/strong> <strong>compl\u00e8te<\/strong> ou <strong>accompagn\u00e9e<\/strong> (2\u00e8me et 3\u00e8me mod\u00e8le). Cela concerne les <strong>travaux<\/strong> uniquement (partie ex\u00e9cution), il est cependant important de le d\u00e9finir d\u00e8s la conception. En effet, les choix techniques retenus d\u00e9couleront aussi de ce param\u00e8tre.<\/p>\n\n\n\n<p>Organiser un chantier participatif implique un grand investissement du porteur de projet. Tant sur l&rsquo;<strong>accueil<\/strong> des b\u00e9n\u00e9voles que sur l&rsquo;<strong>organisation<\/strong> du <strong>travail<\/strong> sur le chantier.<\/p>\n\n\n\n<p>Pour aller plus loin sur le sujet, consulte la page suivante :<\/p>\n\n\n\n<p>\u00ab\u00a0<strong><em>Comment bien organiser un chantier participatif<\/em><\/strong>\u00ab\u00a0<\/p>\n\n\n\n<div style=\"height:30px\" aria-hidden=\"true\" class=\"wp-block-spacer\"><\/div>\n\n\n\n<p><\/p>\n","protected":false},"excerpt":{"rendered":"<p>Apr\u00e8s avoir pris connaissance des \u00e9tapes d&rsquo;un projet tu sais ce qu&rsquo;il faut faire (quoi) et dans quel ordre (quand) il te reste \u00e0 d\u00e9terminer le \u00ab\u00a0mod\u00e8le\u00a0\u00bb d&rsquo;intervention (comment, par qui) Le b\u00e2timent est un domaine complexe, si tu ne l&rsquo;as pas encore admis tu l&rsquo;apprendra t\u00f4t ou tard. Mieux [&hellip;]<\/p>\n","protected":false},"author":3,"featured_media":0,"parent":0,"menu_order":0,"comment_status":"closed","ping_status":"closed","template":"","meta":{"_eb_attr":"","_themeisle_gutenberg_block_has_review":false,"footnotes":""},"class_list":["post-7367","page","type-page","status-publish","hentry"],"yoast_head":"<!-- This site is optimized with the Yoast SEO Premium plugin v27.2 (Yoast SEO v27.4) - https:\/\/yoast.com\/product\/yoast-seo-premium-wordpress\/ -->\n<title>Autoconstruction ou professionnel ?<\/title>\n<meta name=\"description\" content=\"Choisir la formule qui convient le mieux \u00e0 chaque \u00e9tape de son chantier : engager un professionnel, se faire accompagner ou autoconstruire ?\" \/>\n<meta name=\"robots\" content=\"index, follow, max-snippet:-1, max-image-preview:large, max-video-preview:-1\" \/>\n<link rel=\"canonical\" href=\"https:\/\/fr.twiza.org\/portail\/autoconstruction-ou-professionnel\/\" \/>\n<meta property=\"og:locale\" content=\"fr_FR\" \/>\n<meta property=\"og:type\" content=\"article\" \/>\n<meta property=\"og:title\" content=\"Autoconstruction ou professionnel ?\" \/>\n<meta property=\"og:description\" content=\"Choisir la formule qui convient le mieux \u00e0 chaque \u00e9tape de son chantier : engager un professionnel, se faire accompagner ou autoconstruire ?\" \/>\n<meta property=\"og:url\" content=\"https:\/\/fr.twiza.org\/portail\/autoconstruction-ou-professionnel\/\" \/>\n<meta property=\"og:site_name\" content=\"R\u00e9seau Twiza\" \/>\n<meta property=\"article:publisher\" content=\"https:\/\/fr-fr.facebook.com\/Twiza.fr\/\" \/>\n<meta property=\"article:modified_time\" content=\"2023-10-25T17:05:03+00:00\" \/>\n<meta property=\"og:image\" content=\"https:\/\/fr.twiza.org\/portail\/wp-content\/uploads\/2023\/10\/Pourquoi-payer-twiza-2-1024px-edited.jpeg\" \/>\n<meta name=\"twitter:card\" content=\"summary_large_image\" \/>\n<script type=\"application\/ld+json\" class=\"yoast-schema-graph\">{\"@context\":\"https:\\\/\\\/schema.org\",\"@graph\":[{\"@type\":\"WebPage\",\"@id\":\"https:\\\/\\\/fr.twiza.org\\\/portail\\\/autoconstruction-ou-professionnel\\\/\",\"url\":\"https:\\\/\\\/fr.twiza.org\\\/portail\\\/autoconstruction-ou-professionnel\\\/\",\"name\":\"Autoconstruction ou professionnel ?\",\"isPartOf\":{\"@id\":\"https:\\\/\\\/fr.twiza.org\\\/portail\\\/#website\"},\"primaryImageOfPage\":{\"@id\":\"https:\\\/\\\/fr.twiza.org\\\/portail\\\/autoconstruction-ou-professionnel\\\/#primaryimage\"},\"image\":{\"@id\":\"https:\\\/\\\/fr.twiza.org\\\/portail\\\/autoconstruction-ou-professionnel\\\/#primaryimage\"},\"thumbnailUrl\":\"https:\\\/\\\/fr.twiza.org\\\/portail\\\/wp-content\\\/uploads\\\/2023\\\/10\\\/Pourquoi-payer-twiza-2-1024px-edited.jpeg\",\"datePublished\":\"2023-04-02T09:53:21+00:00\",\"dateModified\":\"2023-10-25T17:05:03+00:00\",\"description\":\"Choisir la formule qui convient le mieux \u00e0 chaque \u00e9tape de son chantier : engager un professionnel, se faire accompagner ou autoconstruire ?\",\"breadcrumb\":{\"@id\":\"https:\\\/\\\/fr.twiza.org\\\/portail\\\/autoconstruction-ou-professionnel\\\/#breadcrumb\"},\"inLanguage\":\"fr-FR\",\"potentialAction\":[{\"@type\":\"ReadAction\",\"target\":[\"https:\\\/\\\/fr.twiza.org\\\/portail\\\/autoconstruction-ou-professionnel\\\/\"]}]},{\"@type\":\"ImageObject\",\"inLanguage\":\"fr-FR\",\"@id\":\"https:\\\/\\\/fr.twiza.org\\\/portail\\\/autoconstruction-ou-professionnel\\\/#primaryimage\",\"url\":\"https:\\\/\\\/fr.twiza.org\\\/portail\\\/wp-content\\\/uploads\\\/2023\\\/10\\\/Pourquoi-payer-twiza-2-1024px-edited.jpeg\",\"contentUrl\":\"https:\\\/\\\/fr.twiza.org\\\/portail\\\/wp-content\\\/uploads\\\/2023\\\/10\\\/Pourquoi-payer-twiza-2-1024px-edited.jpeg\",\"width\":1014,\"height\":570},{\"@type\":\"BreadcrumbList\",\"@id\":\"https:\\\/\\\/fr.twiza.org\\\/portail\\\/autoconstruction-ou-professionnel\\\/#breadcrumb\",\"itemListElement\":[{\"@type\":\"ListItem\",\"position\":1,\"name\":\"Accueil\",\"item\":\"https:\\\/\\\/fr.twiza.org\\\/portail\\\/\"},{\"@type\":\"ListItem\",\"position\":2,\"name\":\"Autoconstruction ou professionnel ?\"}]},{\"@type\":\"WebSite\",\"@id\":\"https:\\\/\\\/fr.twiza.org\\\/portail\\\/#website\",\"url\":\"https:\\\/\\\/fr.twiza.org\\\/portail\\\/\",\"name\":\"R\u00e9seau Twiza\",\"description\":\"Entraide pour un habitat \u00e9cologique, convivial et r\u00e9silient\",\"publisher\":{\"@id\":\"https:\\\/\\\/fr.twiza.org\\\/portail\\\/#organization\"},\"potentialAction\":[{\"@type\":\"SearchAction\",\"target\":{\"@type\":\"EntryPoint\",\"urlTemplate\":\"https:\\\/\\\/fr.twiza.org\\\/portail\\\/?s={search_term_string}\"},\"query-input\":{\"@type\":\"PropertyValueSpecification\",\"valueRequired\":true,\"valueName\":\"search_term_string\"}}],\"inLanguage\":\"fr-FR\"},{\"@type\":\"Organization\",\"@id\":\"https:\\\/\\\/fr.twiza.org\\\/portail\\\/#organization\",\"name\":\"R\u00e9seau Twiza\",\"url\":\"https:\\\/\\\/fr.twiza.org\\\/portail\\\/\",\"logo\":{\"@type\":\"ImageObject\",\"inLanguage\":\"fr-FR\",\"@id\":\"https:\\\/\\\/fr.twiza.org\\\/portail\\\/#\\\/schema\\\/logo\\\/image\\\/\",\"url\":\"https:\\\/\\\/fr.twiza.org\\\/portail\\\/wp-content\\\/uploads\\\/2021\\\/05\\\/cropped-logo-reseau-twiza.jpg\",\"contentUrl\":\"https:\\\/\\\/fr.twiza.org\\\/portail\\\/wp-content\\\/uploads\\\/2021\\\/05\\\/cropped-logo-reseau-twiza.jpg\",\"width\":400,\"height\":102,\"caption\":\"R\u00e9seau Twiza\"},\"image\":{\"@id\":\"https:\\\/\\\/fr.twiza.org\\\/portail\\\/#\\\/schema\\\/logo\\\/image\\\/\"},\"sameAs\":[\"https:\\\/\\\/fr-fr.facebook.com\\\/Twiza.fr\\\/\",\"https:\\\/\\\/www.instagram.com\\\/twiza_fr\\\/\",\"https:\\\/\\\/www.linkedin.com\\\/company\\\/reseautwiza\\\/\"]}]}<\/script>\n<!-- \/ Yoast SEO Premium plugin. -->","yoast_head_json":{"title":"Autoconstruction ou professionnel ?","description":"Choisir la formule qui convient le mieux \u00e0 chaque \u00e9tape de son chantier : engager un professionnel, se faire accompagner ou autoconstruire ?","robots":{"index":"index","follow":"follow","max-snippet":"max-snippet:-1","max-image-preview":"max-image-preview:large","max-video-preview":"max-video-preview:-1"},"canonical":"https:\/\/fr.twiza.org\/portail\/autoconstruction-ou-professionnel\/","og_locale":"fr_FR","og_type":"article","og_title":"Autoconstruction ou professionnel ?","og_description":"Choisir la formule qui convient le mieux \u00e0 chaque \u00e9tape de son chantier : engager un professionnel, se faire accompagner ou autoconstruire ?","og_url":"https:\/\/fr.twiza.org\/portail\/autoconstruction-ou-professionnel\/","og_site_name":"R\u00e9seau Twiza","article_publisher":"https:\/\/fr-fr.facebook.com\/Twiza.fr\/","article_modified_time":"2023-10-25T17:05:03+00:00","og_image":[{"url":"https:\/\/fr.twiza.org\/portail\/wp-content\/uploads\/2023\/10\/Pourquoi-payer-twiza-2-1024px-edited.jpeg","type":"","width":"","height":""}],"twitter_card":"summary_large_image","schema":{"@context":"https:\/\/schema.org","@graph":[{"@type":"WebPage","@id":"https:\/\/fr.twiza.org\/portail\/autoconstruction-ou-professionnel\/","url":"https:\/\/fr.twiza.org\/portail\/autoconstruction-ou-professionnel\/","name":"Autoconstruction ou professionnel ?","isPartOf":{"@id":"https:\/\/fr.twiza.org\/portail\/#website"},"primaryImageOfPage":{"@id":"https:\/\/fr.twiza.org\/portail\/autoconstruction-ou-professionnel\/#primaryimage"},"image":{"@id":"https:\/\/fr.twiza.org\/portail\/autoconstruction-ou-professionnel\/#primaryimage"},"thumbnailUrl":"https:\/\/fr.twiza.org\/portail\/wp-content\/uploads\/2023\/10\/Pourquoi-payer-twiza-2-1024px-edited.jpeg","datePublished":"2023-04-02T09:53:21+00:00","dateModified":"2023-10-25T17:05:03+00:00","description":"Choisir la formule qui convient le mieux \u00e0 chaque \u00e9tape de son chantier : engager un professionnel, se faire accompagner ou autoconstruire ?","breadcrumb":{"@id":"https:\/\/fr.twiza.org\/portail\/autoconstruction-ou-professionnel\/#breadcrumb"},"inLanguage":"fr-FR","potentialAction":[{"@type":"ReadAction","target":["https:\/\/fr.twiza.org\/portail\/autoconstruction-ou-professionnel\/"]}]},{"@type":"ImageObject","inLanguage":"fr-FR","@id":"https:\/\/fr.twiza.org\/portail\/autoconstruction-ou-professionnel\/#primaryimage","url":"https:\/\/fr.twiza.org\/portail\/wp-content\/uploads\/2023\/10\/Pourquoi-payer-twiza-2-1024px-edited.jpeg","contentUrl":"https:\/\/fr.twiza.org\/portail\/wp-content\/uploads\/2023\/10\/Pourquoi-payer-twiza-2-1024px-edited.jpeg","width":1014,"height":570},{"@type":"BreadcrumbList","@id":"https:\/\/fr.twiza.org\/portail\/autoconstruction-ou-professionnel\/#breadcrumb","itemListElement":[{"@type":"ListItem","position":1,"name":"Accueil","item":"https:\/\/fr.twiza.org\/portail\/"},{"@type":"ListItem","position":2,"name":"Autoconstruction ou professionnel ?"}]},{"@type":"WebSite","@id":"https:\/\/fr.twiza.org\/portail\/#website","url":"https:\/\/fr.twiza.org\/portail\/","name":"R\u00e9seau Twiza","description":"Entraide pour un habitat \u00e9cologique, convivial et r\u00e9silient","publisher":{"@id":"https:\/\/fr.twiza.org\/portail\/#organization"},"potentialAction":[{"@type":"SearchAction","target":{"@type":"EntryPoint","urlTemplate":"https:\/\/fr.twiza.org\/portail\/?s={search_term_string}"},"query-input":{"@type":"PropertyValueSpecification","valueRequired":true,"valueName":"search_term_string"}}],"inLanguage":"fr-FR"},{"@type":"Organization","@id":"https:\/\/fr.twiza.org\/portail\/#organization","name":"R\u00e9seau Twiza","url":"https:\/\/fr.twiza.org\/portail\/","logo":{"@type":"ImageObject","inLanguage":"fr-FR","@id":"https:\/\/fr.twiza.org\/portail\/#\/schema\/logo\/image\/","url":"https:\/\/fr.twiza.org\/portail\/wp-content\/uploads\/2021\/05\/cropped-logo-reseau-twiza.jpg","contentUrl":"https:\/\/fr.twiza.org\/portail\/wp-content\/uploads\/2021\/05\/cropped-logo-reseau-twiza.jpg","width":400,"height":102,"caption":"R\u00e9seau Twiza"},"image":{"@id":"https:\/\/fr.twiza.org\/portail\/#\/schema\/logo\/image\/"},"sameAs":["https:\/\/fr-fr.facebook.com\/Twiza.fr\/","https:\/\/www.instagram.com\/twiza_fr\/","https:\/\/www.linkedin.com\/company\/reseautwiza\/"]}]}},"jetpack_sharing_enabled":true,"_links":{"self":[{"href":"https:\/\/fr.twiza.org\/portail\/wp-json\/wp\/v2\/pages\/7367","targetHints":{"allow":["GET"]}}],"collection":[{"href":"https:\/\/fr.twiza.org\/portail\/wp-json\/wp\/v2\/pages"}],"about":[{"href":"https:\/\/fr.twiza.org\/portail\/wp-json\/wp\/v2\/types\/page"}],"author":[{"embeddable":true,"href":"https:\/\/fr.twiza.org\/portail\/wp-json\/wp\/v2\/users\/3"}],"replies":[{"embeddable":true,"href":"https:\/\/fr.twiza.org\/portail\/wp-json\/wp\/v2\/comments?post=7367"}],"version-history":[{"count":22,"href":"https:\/\/fr.twiza.org\/portail\/wp-json\/wp\/v2\/pages\/7367\/revisions"}],"predecessor-version":[{"id":9549,"href":"https:\/\/fr.twiza.org\/portail\/wp-json\/wp\/v2\/pages\/7367\/revisions\/9549"}],"wp:attachment":[{"href":"https:\/\/fr.twiza.org\/portail\/wp-json\/wp\/v2\/media?parent=7367"}],"curies":[{"name":"wp","href":"https:\/\/api.w.org\/{rel}","templated":true}]}}