{"id":7432,"date":"2023-10-25T15:10:49","date_gmt":"2023-10-25T13:10:49","guid":{"rendered":"https:\/\/fr.twiza.org\/portail\/?page_id=7432"},"modified":"2023-10-25T15:10:50","modified_gmt":"2023-10-25T13:10:50","slug":"faire-intervenir-des-pros-pour-la-construction-de-sa-maison","status":"publish","type":"page","link":"https:\/\/fr.twiza.org\/portail\/faire-intervenir-des-pros-pour-la-construction-de-sa-maison\/","title":{"rendered":"Faire intervenir des pros pour la construction de sa maison"},"content":{"rendered":"<div class=\"wp-block-image\">\n<figure class=\"aligncenter size-full\"><img fetchpriority=\"high\" decoding=\"async\" width=\"1024\" height=\"640\" src=\"https:\/\/fr.twiza.org\/portail\/wp-content\/uploads\/2022\/11\/Faire-intervenir-professionnels-projet-habitat-2-1024px-edited.jpeg\" alt=\"Engager des professionnels pour construire sa maison\" class=\"wp-image-7473\" srcset=\"https:\/\/fr.twiza.org\/portail\/wp-content\/uploads\/2022\/11\/Faire-intervenir-professionnels-projet-habitat-2-1024px-edited.jpeg 1024w, https:\/\/fr.twiza.org\/portail\/wp-content\/uploads\/2022\/11\/Faire-intervenir-professionnels-projet-habitat-2-1024px-edited-600x375.jpeg 600w, https:\/\/fr.twiza.org\/portail\/wp-content\/uploads\/2022\/11\/Faire-intervenir-professionnels-projet-habitat-2-1024px-edited-300x188.jpeg 300w, https:\/\/fr.twiza.org\/portail\/wp-content\/uploads\/2022\/11\/Faire-intervenir-professionnels-projet-habitat-2-1024px-edited-768x480.jpeg 768w\" sizes=\"(max-width: 1024px) 100vw, 1024px\" \/><\/figure>\n<\/div>\n\n\n<div style=\"height:25px\" aria-hidden=\"true\" class=\"wp-block-spacer\"><\/div>\n\n\n\n<p>Tu souhaites confier tout ou partie de ton <strong>projet<\/strong> d&rsquo;<strong>habitat<\/strong> \u00e0 des <strong>professionnels<\/strong> ?<\/p>\n\n\n\n<p>Voici quelques <strong>conseils<\/strong>, applicables quelque soit l&rsquo;\u00e9tape concern\u00e9e : <strong>conception<\/strong>, <strong>coordination<\/strong> <strong>de<\/strong> <strong>travaux<\/strong>, <strong>ma\u00eetrise d&rsquo;\u0153uvre<\/strong>, <strong>r\u00e9alisation compl\u00e8te<\/strong> ou <strong>ponctuelle<\/strong>.<\/p>\n\n\n\n<h2 class=\"wp-block-heading\">Se pr\u00e9parer avant d&rsquo;appeler un professionnel de la construction <\/h2>\n\n\n\n<p>Avant d&rsquo;appeler un\u00b7e <strong>professionnel\u00b7le<\/strong>, il est indispensable que tu aies les id\u00e9es claires et que tu aies bien d\u00e9fini ta demande en amont. D&rsquo;autant plus que les professionnels sont bien souvent d\u00e9bord\u00e9s de travail et ont donc peu de temps disponible.<\/p>\n\n\n\n<p><\/p>\n\n\n\n<blockquote class=\"wp-block-quote has-text-align-center is-style-default is-layout-flow wp-block-quote-is-layout-flow\">\n<p>\u00ab\u00a0Essayer d&rsquo;\u00e9voquer le maximum de d\u00e9tails avec lui lors de rencontres avant chantier. Ne pas trop se dire : \u00ab\u00a0On verra \u00e7a plus tard\u00a0\u00bb ou \u00ab\u00a0Je te fais confiance\u00a0\u00bb, tout doit \u00eatre clair et sans ambigu\u00eft\u00e9s.\u00a0\u00bb<\/p>\n<cite>BN<\/cite><\/blockquote>\n\n\n\n<p>Voici une liste (non exhaustive) des principaux \u00e9l\u00e9ments \u00e0 d\u00e9finir en amont : <\/p>\n\n\n\n<ul class=\"wp-block-list\">\n<li>tes <strong>besoins<\/strong>, <strong>attentes<\/strong> et <strong>questions<\/strong> concernant les <strong>travaux<\/strong> en question<\/li>\n\n\n\n<li>tes <strong>ressources<\/strong> : <strong>financi\u00e8res<\/strong> (budget) et en termes de <strong>temps<\/strong><\/li>\n\n\n\n<li>les <strong>contraintes<\/strong> en terme de <strong>dates<\/strong> : date de d\u00e9but des travaux, date d&rsquo;am\u00e9nagement etc.<\/li>\n\n\n\n<li>tes <strong>disponibilit\u00e9s<\/strong> perso <\/li>\n<\/ul>\n\n\n\n<div style=\"height:25px\" aria-hidden=\"true\" class=\"wp-block-spacer\"><\/div>\n\n\n<div class=\"wp-block-image\">\n<figure class=\"aligncenter size-full is-resized\"><img decoding=\"async\" width=\"1024\" height=\"576\" src=\"https:\/\/fr.twiza.org\/portail\/wp-content\/uploads\/2022\/11\/51991-Faire-intervenir-professionnel-projet-habitat-preparation-en-amont-1-1024px.jpeg\" alt=\"Bien se pr\u00e9parer avant d'appeler \u00e0 un professionnel pour ses travaux, d\u00e9finir ses besoins, attentes, ressources etc..\" class=\"wp-image-7439\" style=\"width:512px;height:288px\" srcset=\"https:\/\/fr.twiza.org\/portail\/wp-content\/uploads\/2022\/11\/51991-Faire-intervenir-professionnel-projet-habitat-preparation-en-amont-1-1024px.jpeg 1024w, https:\/\/fr.twiza.org\/portail\/wp-content\/uploads\/2022\/11\/51991-Faire-intervenir-professionnel-projet-habitat-preparation-en-amont-1-1024px-600x338.jpeg 600w, https:\/\/fr.twiza.org\/portail\/wp-content\/uploads\/2022\/11\/51991-Faire-intervenir-professionnel-projet-habitat-preparation-en-amont-1-1024px-300x169.jpeg 300w, https:\/\/fr.twiza.org\/portail\/wp-content\/uploads\/2022\/11\/51991-Faire-intervenir-professionnel-projet-habitat-preparation-en-amont-1-1024px-768x432.jpeg 768w\" sizes=\"(max-width: 1024px) 100vw, 1024px\" \/><\/figure>\n<\/div>\n\n\n<div style=\"height:25px\" aria-hidden=\"true\" class=\"wp-block-spacer\"><\/div>\n\n\n\n<p>Une fois toutes ces informations r\u00e9unies, il ne te reste plus qu&rsquo;\u00e0 contacter le <strong>professionnel<\/strong> pour lui communiquer. Ainsi ce dernier aura tous les \u00e9l\u00e9ments n\u00e9cessaires pour bien <strong>comprendre<\/strong> ta <strong>demande<\/strong> et en cerner les <strong>enjeux<\/strong>.<\/p>\n\n\n\n<div class=\"wp-block-buttons is-content-justification-center is-layout-flex wp-container-core-buttons-is-layout-a89b3969 wp-block-buttons-is-layout-flex\">\n<div class=\"wp-block-button\"><a class=\"wp-block-button__link wp-element-button\" href=\"https:\/\/fr.twiza.org\/professionnels-eco-construction\/v3\" target=\"_blank\" rel=\"noreferrer noopener\">Professionnels du r\u00e9seau Twiza pr\u00e8s de chez toi<\/a><\/div>\n<\/div>\n\n\n\n<p><\/p>\n\n\n\n<p>A ce stade, le professionnel doit pouvoir te dire s&rsquo;il est en capacit\u00e9 de te proposer une <strong>formule adapt\u00e9e<\/strong> \u00e0 tes <strong>besoins<\/strong>, ou le cas \u00e9ch\u00e9ant, s&rsquo;il ne peut pas r\u00e9pondre \u00e0 te demande.<\/p>\n\n\n\n<blockquote class=\"wp-block-quote has-text-align-center is-style-default is-layout-flow wp-block-quote-is-layout-flow\">\n<p>\u00ab\u00a0Chaque artisan a sa propre vision des choses (ni bonne ni mauvaise), s&rsquo;assurer que celle-ci s&rsquo;accorde \u00e0 votre vision des choses sans besoin de surveiller le chantier.\u00a0\u00bb<\/p>\n<cite>LB<\/cite><\/blockquote>\n\n\n\n<h2 class=\"wp-block-heading\">Instaurer une relation de confiance avec les professionnels intervenants<\/h2>\n\n\n\n<p>Une fois que tu as trouv\u00e9 un\u00b7e <strong>professionnel\u00b7le<\/strong> pour ton chantier, il est important d&rsquo;instaurer une <strong>relation<\/strong> de <strong>confiance<\/strong> et d&rsquo;<strong>\u00e9coute<\/strong> entre vous. Voici quelques recommandations pour t&rsquo;aider \u00e0 favoriser une ambiance saine et harmonieuse :<\/p>\n\n\n\n<h3 class=\"wp-block-heading\">Communiquer<\/h3>\n\n\n\n<p>La cl\u00e9 de la r\u00e9ussite passe par la <strong>communication<\/strong> ! <\/p>\n\n\n\n<p>Les pros sont <strong>humains<\/strong> avant tout. Comme toi, ils ont besoin de comprendre o\u00f9 ils vont, tes <strong>motivations<\/strong> et les <strong>enjeux<\/strong> de ta <strong>demande<\/strong>.<\/p>\n\n\n\n<blockquote class=\"wp-block-quote has-text-align-center is-style-default is-layout-flow wp-block-quote-is-layout-flow\">\n<p>\u00ab\u00a0Attention les pros doivent avancer vite pour gagner leur vie [&#8230;]. Suivez ce qui se fait et discutez tout de suite si \u00e7a ne va pas, sans \u00eatre non plus toujours sur leur dos.\u00a0\u00bb<\/p>\n<cite>BN<\/cite><\/blockquote>\n\n\n\n<p>Bien communiquer sur ces points sera essentiel pour dans le d\u00e9roulement de la suite.<\/p>\n\n\n\n<h3 class=\"wp-block-heading\">Bien formaliser<\/h3>\n\n\n\n<p>Vous \u00eates li\u00e9s par un contrat (et\/ou un devis) celui-ci doit \u00eatre pr\u00e9cis. Le fait de <strong>formaliser \u00e0 l&rsquo;\u00e9crit<\/strong> les terme de votre entente est la meilleure mani\u00e8re d&rsquo;\u00e9viter les quiproquos et les impr\u00e9vus. Car \u00e0 l&rsquo;oral beaucoup de choses rel\u00e8vent de l&rsquo;interpr\u00e9tation.<\/p>\n\n\n\n<h3 class=\"wp-block-heading\">Reconna\u00eetre la valeur ajout\u00e9e de l&rsquo;autre<\/h3>\n\n\n\n<p>Les <strong>professionnels<\/strong> ont \u00e9t\u00e9 <strong>form\u00e9s<\/strong> \u00e0 leur <strong>m\u00e9tier<\/strong>, ils en connaissent les enjeux et savent de quoi ils parlent.<\/p>\n\n\n\n<p>En \u00eatre conscient, c&rsquo;est les respecter et voir la <strong>valeur ajout\u00e9e<\/strong> de ton interlocuteur\u00b7trice.<\/p>\n\n\n<div class=\"wp-block-image\">\n<figure class=\"aligncenter size-full is-resized\"><img decoding=\"async\" width=\"1024\" height=\"640\" src=\"https:\/\/fr.twiza.org\/portail\/wp-content\/uploads\/2022\/11\/Faire-intervenir-professionnels-projet-habitat-reconnaitre-valeur-ajoutee-2-1024px-edited.jpeg\" alt=\"Reconna\u00eetre la valeur ajout\u00e9e d'un professionnel qui a \u00e9t\u00e9 form\u00e9 \u00e0 un m\u00e9tier\" class=\"wp-image-7466\" style=\"width:512px;height:320px\" srcset=\"https:\/\/fr.twiza.org\/portail\/wp-content\/uploads\/2022\/11\/Faire-intervenir-professionnels-projet-habitat-reconnaitre-valeur-ajoutee-2-1024px-edited.jpeg 1024w, https:\/\/fr.twiza.org\/portail\/wp-content\/uploads\/2022\/11\/Faire-intervenir-professionnels-projet-habitat-reconnaitre-valeur-ajoutee-2-1024px-edited-600x375.jpeg 600w, https:\/\/fr.twiza.org\/portail\/wp-content\/uploads\/2022\/11\/Faire-intervenir-professionnels-projet-habitat-reconnaitre-valeur-ajoutee-2-1024px-edited-300x188.jpeg 300w, https:\/\/fr.twiza.org\/portail\/wp-content\/uploads\/2022\/11\/Faire-intervenir-professionnels-projet-habitat-reconnaitre-valeur-ajoutee-2-1024px-edited-768x480.jpeg 768w\" sizes=\"(max-width: 1024px) 100vw, 1024px\" \/><\/figure>\n<\/div>\n\n\n<div style=\"height:25px\" aria-hidden=\"true\" class=\"wp-block-spacer\"><\/div>\n\n\n\n<p>Respectivement, les diff\u00e9rents professionnels doivent prendre en compte tes besoins et \u00eatre \u00e0 l&rsquo;\u00e9coute de tes demandes.<\/p>\n\n\n\n<p>C&rsquo;est <strong>ensemble<\/strong> que vous construirez le mieux votre projet ! \ud83d\ude00<\/p>\n\n\n\n<blockquote class=\"wp-block-quote has-text-align-center is-style-default is-layout-flow wp-block-quote-is-layout-flow\">\n<p>\u00ab\u00a0Les pros (cherch\u00e9s sur ma commune, et je pense que c&rsquo;est tr\u00e8s important) ont \u00e9t\u00e9 \u00e0 l&rsquo;\u00e9coute, int\u00e9ress\u00e9s par un chantier sortant de l&rsquo;ordinaire, tr\u00e8s comp\u00e9tents et de bons conseils.\u00a0\u00bb<\/p>\n<cite>CD<\/cite><\/blockquote>\n\n\n\n<h3 class=\"wp-block-heading\" id=\"h-favoriser-une-ambiance-conviviale\">Favoriser une ambiance conviviale<\/h3>\n\n\n\n<p>Les  <strong>professionnels<\/strong> de la construction sont comme toi et moi, ils aiment bien boire un <strong>petit caf\u00e9<\/strong> quand ils arrivent au travail le matin, ou \u00e0 leur pause. De plus ils font souvent un travail physique <strong>intense<\/strong> dans des <strong>conditions m\u00e9t\u00e9o<\/strong> parfois difficiles (froid, canicule etc..).<\/p>\n\n\n<div class=\"wp-block-image\">\n<figure class=\"aligncenter size-full is-resized\"><img loading=\"lazy\" decoding=\"async\" width=\"1024\" height=\"576\" src=\"https:\/\/fr.twiza.org\/portail\/wp-content\/uploads\/2022\/11\/Faire-intervenir-professionnels-projet-habitat-favoriser-ambiance-conviviale-1-1024px-edited.jpeg\" alt=\"Favoriser une ambiance conviviale avec le professionnel que l'on engage pour faire des travaux\" class=\"wp-image-7468\" style=\"width:512px;height:288px\" srcset=\"https:\/\/fr.twiza.org\/portail\/wp-content\/uploads\/2022\/11\/Faire-intervenir-professionnels-projet-habitat-favoriser-ambiance-conviviale-1-1024px-edited.jpeg 1024w, https:\/\/fr.twiza.org\/portail\/wp-content\/uploads\/2022\/11\/Faire-intervenir-professionnels-projet-habitat-favoriser-ambiance-conviviale-1-1024px-edited-600x338.jpeg 600w, https:\/\/fr.twiza.org\/portail\/wp-content\/uploads\/2022\/11\/Faire-intervenir-professionnels-projet-habitat-favoriser-ambiance-conviviale-1-1024px-edited-300x169.jpeg 300w, https:\/\/fr.twiza.org\/portail\/wp-content\/uploads\/2022\/11\/Faire-intervenir-professionnels-projet-habitat-favoriser-ambiance-conviviale-1-1024px-edited-768x432.jpeg 768w\" sizes=\"(max-width: 1024px) 100vw, 1024px\" \/><\/figure>\n<\/div>\n\n\n<div style=\"height:25px\" aria-hidden=\"true\" class=\"wp-block-spacer\"><\/div>\n\n\n\n<blockquote class=\"wp-block-quote has-text-align-center is-style-default is-layout-flow wp-block-quote-is-layout-flow\">\n<p>\u00ab\u00a0Si vous ne connaissez pas les pros qui bossent sur votre chantier et m\u00eame si vous les connaissez ! Offrez leur le caf\u00e9 le matin, proposez leur de l&rsquo;eau s&rsquo;il fait chaud, \u00e9ventuellement quelque chose \u00e0 boire \u00e0 16h. Ca passera beaucoup mieux si vous avez quelque chose \u00e0 leur demander par la suite et \u00e7a permet de faire connaissance.\u00a0\u00bb<\/p>\n<cite>BN<\/cite><\/blockquote>\n\n\n\n<p>Nous te sugg\u00e9rons donc de proposer aux diff\u00e9rents <strong>professionnels<\/strong> intervenants sur ton <strong>chantier<\/strong>, un ptit <strong>caf\u00e9<\/strong> ou <strong>th\u00e9<\/strong> le matin quand ils arrivent. Pense \u00e9galement \u00e0 t&rsquo;assurer que de l&rsquo;<strong>eau<\/strong> potable et des sanitaires soient \u00e0 leur disposition si besoin et \u00e0 les pr\u00e9venir.<\/p>\n\n\n\n<h2 class=\"wp-block-heading\" id=\"h-conclusion\">Conclusion<\/h2>\n\n\n\n<p>Lorsque tu appelles un\u00b7e <strong>professionnel\u00b7le<\/strong>, communique lui bien <strong>pr\u00e9cis\u00e9ment<\/strong> tous les <strong>\u00e9l\u00e9ments<\/strong> associ\u00e9s \u00e0 ta <strong>demande<\/strong>, que tu auras d\u00e9fini <strong>en amont<\/strong> :<\/p>\n\n\n\n<ul class=\"wp-block-list\">\n<li>tes <strong>besoins<\/strong><\/li>\n\n\n\n<li>tes <strong>attentes<\/strong><\/li>\n\n\n\n<li>ton <strong>budget<\/strong><\/li>\n\n\n\n<li>tes <strong>disponibilit\u00e9s<\/strong><\/li>\n\n\n\n<li>tes <strong>contraintes de dates<\/strong> etc.<\/li>\n<\/ul>\n\n\n\n<p>Par ailleurs il est important de prendre soin de ta <strong>relation<\/strong> avec les professionnels, en favorisant :<\/p>\n\n\n\n<ul class=\"wp-block-list\">\n<li>la <strong>communication<\/strong> (la cl\u00e9 de la r\u00e9ussite)<\/li>\n\n\n\n<li>le <strong>respect<\/strong> et la reconnaissance de la <strong>valeur ajout\u00e9e<\/strong> de chacun<\/li>\n\n\n\n<li>la <strong>convivialit\u00e9<\/strong><\/li>\n<\/ul>\n\n\n\n<p>Enfin, de nombreux t\u00e9moignages vont dans ce sens : le choix de <strong>professionnels locaux<\/strong> permet des relations saines, humaines, et cr\u00e9\u00e9 un tissu local plus fort. La qualit\u00e9 des travaux est au rendez-vous et les \u00e9changes sont riches.<\/p>\n\n\n\n<div style=\"height:35px\" aria-hidden=\"true\" class=\"wp-block-spacer\"><\/div>\n","protected":false},"excerpt":{"rendered":"<p>Tu souhaites confier tout ou partie de ton projet d&rsquo;habitat \u00e0 des professionnels ? Voici quelques conseils, applicables quelque soit l&rsquo;\u00e9tape concern\u00e9e : conception, coordination de travaux, ma\u00eetrise d&rsquo;\u0153uvre, r\u00e9alisation compl\u00e8te ou ponctuelle. Se pr\u00e9parer avant d&rsquo;appeler un professionnel de la construction Avant d&rsquo;appeler un\u00b7e professionnel\u00b7le, il est indispensable que [&hellip;]<\/p>\n","protected":false},"author":3,"featured_media":0,"parent":0,"menu_order":0,"comment_status":"closed","ping_status":"closed","template":"","meta":{"_eb_attr":"","_themeisle_gutenberg_block_has_review":false,"footnotes":""},"class_list":["post-7432","page","type-page","status-publish","hentry"],"yoast_head":"<!-- This site is optimized with the Yoast SEO Premium plugin v27.2 (Yoast SEO v27.4) - https:\/\/yoast.com\/product\/yoast-seo-premium-wordpress\/ -->\n<title>Faire intervenir des pros pour la construction de sa maison<\/title>\n<meta name=\"description\" content=\"Faire intervenir des pros pour la construction de sa maison : bien d\u00e9finir ses attentes avant d&#039;appeler, instaurer une relation de confiance..\" \/>\n<meta name=\"robots\" content=\"index, follow, max-snippet:-1, max-image-preview:large, max-video-preview:-1\" \/>\n<link rel=\"canonical\" href=\"https:\/\/fr.twiza.org\/portail\/faire-intervenir-des-pros-pour-la-construction-de-sa-maison\/\" \/>\n<meta property=\"og:locale\" content=\"fr_FR\" \/>\n<meta property=\"og:type\" content=\"article\" \/>\n<meta property=\"og:title\" content=\"Faire intervenir des pros pour la construction de sa maison\" \/>\n<meta property=\"og:description\" content=\"Faire intervenir des pros pour la construction de sa maison : bien d\u00e9finir ses attentes avant d&#039;appeler, instaurer une relation de confiance..\" \/>\n<meta property=\"og:url\" content=\"https:\/\/fr.twiza.org\/portail\/faire-intervenir-des-pros-pour-la-construction-de-sa-maison\/\" \/>\n<meta property=\"og:site_name\" content=\"R\u00e9seau Twiza\" \/>\n<meta property=\"article:publisher\" content=\"https:\/\/fr-fr.facebook.com\/Twiza.fr\/\" \/>\n<meta property=\"article:modified_time\" content=\"2023-10-25T13:10:50+00:00\" \/>\n<meta property=\"og:image\" content=\"https:\/\/fr.twiza.org\/portail\/wp-content\/uploads\/2022\/11\/Faire-intervenir-professionnels-projet-habitat-2-1024px-edited.jpeg\" \/>\n<meta name=\"twitter:card\" content=\"summary_large_image\" \/>\n<script type=\"application\/ld+json\" class=\"yoast-schema-graph\">{\"@context\":\"https:\\\/\\\/schema.org\",\"@graph\":[{\"@type\":\"WebPage\",\"@id\":\"https:\\\/\\\/fr.twiza.org\\\/portail\\\/faire-intervenir-des-pros-pour-la-construction-de-sa-maison\\\/\",\"url\":\"https:\\\/\\\/fr.twiza.org\\\/portail\\\/faire-intervenir-des-pros-pour-la-construction-de-sa-maison\\\/\",\"name\":\"Faire intervenir des pros pour la construction de sa maison\",\"isPartOf\":{\"@id\":\"https:\\\/\\\/fr.twiza.org\\\/portail\\\/#website\"},\"primaryImageOfPage\":{\"@id\":\"https:\\\/\\\/fr.twiza.org\\\/portail\\\/faire-intervenir-des-pros-pour-la-construction-de-sa-maison\\\/#primaryimage\"},\"image\":{\"@id\":\"https:\\\/\\\/fr.twiza.org\\\/portail\\\/faire-intervenir-des-pros-pour-la-construction-de-sa-maison\\\/#primaryimage\"},\"thumbnailUrl\":\"https:\\\/\\\/fr.twiza.org\\\/portail\\\/wp-content\\\/uploads\\\/2022\\\/11\\\/Faire-intervenir-professionnels-projet-habitat-2-1024px-edited.jpeg\",\"datePublished\":\"2023-10-25T13:10:49+00:00\",\"dateModified\":\"2023-10-25T13:10:50+00:00\",\"description\":\"Faire intervenir des pros pour la construction de sa maison : bien d\u00e9finir ses attentes avant d'appeler, instaurer une relation de confiance..\",\"breadcrumb\":{\"@id\":\"https:\\\/\\\/fr.twiza.org\\\/portail\\\/faire-intervenir-des-pros-pour-la-construction-de-sa-maison\\\/#breadcrumb\"},\"inLanguage\":\"fr-FR\",\"potentialAction\":[{\"@type\":\"ReadAction\",\"target\":[\"https:\\\/\\\/fr.twiza.org\\\/portail\\\/faire-intervenir-des-pros-pour-la-construction-de-sa-maison\\\/\"]}]},{\"@type\":\"ImageObject\",\"inLanguage\":\"fr-FR\",\"@id\":\"https:\\\/\\\/fr.twiza.org\\\/portail\\\/faire-intervenir-des-pros-pour-la-construction-de-sa-maison\\\/#primaryimage\",\"url\":\"https:\\\/\\\/fr.twiza.org\\\/portail\\\/wp-content\\\/uploads\\\/2022\\\/11\\\/Faire-intervenir-professionnels-projet-habitat-2-1024px-edited.jpeg\",\"contentUrl\":\"https:\\\/\\\/fr.twiza.org\\\/portail\\\/wp-content\\\/uploads\\\/2022\\\/11\\\/Faire-intervenir-professionnels-projet-habitat-2-1024px-edited.jpeg\",\"width\":1024,\"height\":640},{\"@type\":\"BreadcrumbList\",\"@id\":\"https:\\\/\\\/fr.twiza.org\\\/portail\\\/faire-intervenir-des-pros-pour-la-construction-de-sa-maison\\\/#breadcrumb\",\"itemListElement\":[{\"@type\":\"ListItem\",\"position\":1,\"name\":\"Accueil\",\"item\":\"https:\\\/\\\/fr.twiza.org\\\/portail\\\/\"},{\"@type\":\"ListItem\",\"position\":2,\"name\":\"Faire intervenir des pros pour la construction de sa maison\"}]},{\"@type\":\"WebSite\",\"@id\":\"https:\\\/\\\/fr.twiza.org\\\/portail\\\/#website\",\"url\":\"https:\\\/\\\/fr.twiza.org\\\/portail\\\/\",\"name\":\"R\u00e9seau Twiza\",\"description\":\"Entraide pour un habitat \u00e9cologique, convivial et r\u00e9silient\",\"publisher\":{\"@id\":\"https:\\\/\\\/fr.twiza.org\\\/portail\\\/#organization\"},\"potentialAction\":[{\"@type\":\"SearchAction\",\"target\":{\"@type\":\"EntryPoint\",\"urlTemplate\":\"https:\\\/\\\/fr.twiza.org\\\/portail\\\/?s={search_term_string}\"},\"query-input\":{\"@type\":\"PropertyValueSpecification\",\"valueRequired\":true,\"valueName\":\"search_term_string\"}}],\"inLanguage\":\"fr-FR\"},{\"@type\":\"Organization\",\"@id\":\"https:\\\/\\\/fr.twiza.org\\\/portail\\\/#organization\",\"name\":\"R\u00e9seau Twiza\",\"url\":\"https:\\\/\\\/fr.twiza.org\\\/portail\\\/\",\"logo\":{\"@type\":\"ImageObject\",\"inLanguage\":\"fr-FR\",\"@id\":\"https:\\\/\\\/fr.twiza.org\\\/portail\\\/#\\\/schema\\\/logo\\\/image\\\/\",\"url\":\"https:\\\/\\\/fr.twiza.org\\\/portail\\\/wp-content\\\/uploads\\\/2021\\\/05\\\/cropped-logo-reseau-twiza.jpg\",\"contentUrl\":\"https:\\\/\\\/fr.twiza.org\\\/portail\\\/wp-content\\\/uploads\\\/2021\\\/05\\\/cropped-logo-reseau-twiza.jpg\",\"width\":400,\"height\":102,\"caption\":\"R\u00e9seau Twiza\"},\"image\":{\"@id\":\"https:\\\/\\\/fr.twiza.org\\\/portail\\\/#\\\/schema\\\/logo\\\/image\\\/\"},\"sameAs\":[\"https:\\\/\\\/fr-fr.facebook.com\\\/Twiza.fr\\\/\",\"https:\\\/\\\/www.instagram.com\\\/twiza_fr\\\/\",\"https:\\\/\\\/www.linkedin.com\\\/company\\\/reseautwiza\\\/\"]}]}<\/script>\n<!-- \/ Yoast SEO Premium plugin. -->","yoast_head_json":{"title":"Faire intervenir des pros pour la construction de sa maison","description":"Faire intervenir des pros pour la construction de sa maison : bien d\u00e9finir ses attentes avant d'appeler, instaurer une relation de confiance..","robots":{"index":"index","follow":"follow","max-snippet":"max-snippet:-1","max-image-preview":"max-image-preview:large","max-video-preview":"max-video-preview:-1"},"canonical":"https:\/\/fr.twiza.org\/portail\/faire-intervenir-des-pros-pour-la-construction-de-sa-maison\/","og_locale":"fr_FR","og_type":"article","og_title":"Faire intervenir des pros pour la construction de sa maison","og_description":"Faire intervenir des pros pour la construction de sa maison : bien d\u00e9finir ses attentes avant d'appeler, instaurer une relation de confiance..","og_url":"https:\/\/fr.twiza.org\/portail\/faire-intervenir-des-pros-pour-la-construction-de-sa-maison\/","og_site_name":"R\u00e9seau Twiza","article_publisher":"https:\/\/fr-fr.facebook.com\/Twiza.fr\/","article_modified_time":"2023-10-25T13:10:50+00:00","og_image":[{"url":"https:\/\/fr.twiza.org\/portail\/wp-content\/uploads\/2022\/11\/Faire-intervenir-professionnels-projet-habitat-2-1024px-edited.jpeg","type":"","width":"","height":""}],"twitter_card":"summary_large_image","schema":{"@context":"https:\/\/schema.org","@graph":[{"@type":"WebPage","@id":"https:\/\/fr.twiza.org\/portail\/faire-intervenir-des-pros-pour-la-construction-de-sa-maison\/","url":"https:\/\/fr.twiza.org\/portail\/faire-intervenir-des-pros-pour-la-construction-de-sa-maison\/","name":"Faire intervenir des pros pour la construction de sa maison","isPartOf":{"@id":"https:\/\/fr.twiza.org\/portail\/#website"},"primaryImageOfPage":{"@id":"https:\/\/fr.twiza.org\/portail\/faire-intervenir-des-pros-pour-la-construction-de-sa-maison\/#primaryimage"},"image":{"@id":"https:\/\/fr.twiza.org\/portail\/faire-intervenir-des-pros-pour-la-construction-de-sa-maison\/#primaryimage"},"thumbnailUrl":"https:\/\/fr.twiza.org\/portail\/wp-content\/uploads\/2022\/11\/Faire-intervenir-professionnels-projet-habitat-2-1024px-edited.jpeg","datePublished":"2023-10-25T13:10:49+00:00","dateModified":"2023-10-25T13:10:50+00:00","description":"Faire intervenir des pros pour la construction de sa maison : bien d\u00e9finir ses attentes avant d'appeler, instaurer une relation de confiance..","breadcrumb":{"@id":"https:\/\/fr.twiza.org\/portail\/faire-intervenir-des-pros-pour-la-construction-de-sa-maison\/#breadcrumb"},"inLanguage":"fr-FR","potentialAction":[{"@type":"ReadAction","target":["https:\/\/fr.twiza.org\/portail\/faire-intervenir-des-pros-pour-la-construction-de-sa-maison\/"]}]},{"@type":"ImageObject","inLanguage":"fr-FR","@id":"https:\/\/fr.twiza.org\/portail\/faire-intervenir-des-pros-pour-la-construction-de-sa-maison\/#primaryimage","url":"https:\/\/fr.twiza.org\/portail\/wp-content\/uploads\/2022\/11\/Faire-intervenir-professionnels-projet-habitat-2-1024px-edited.jpeg","contentUrl":"https:\/\/fr.twiza.org\/portail\/wp-content\/uploads\/2022\/11\/Faire-intervenir-professionnels-projet-habitat-2-1024px-edited.jpeg","width":1024,"height":640},{"@type":"BreadcrumbList","@id":"https:\/\/fr.twiza.org\/portail\/faire-intervenir-des-pros-pour-la-construction-de-sa-maison\/#breadcrumb","itemListElement":[{"@type":"ListItem","position":1,"name":"Accueil","item":"https:\/\/fr.twiza.org\/portail\/"},{"@type":"ListItem","position":2,"name":"Faire intervenir des pros pour la construction de sa maison"}]},{"@type":"WebSite","@id":"https:\/\/fr.twiza.org\/portail\/#website","url":"https:\/\/fr.twiza.org\/portail\/","name":"R\u00e9seau Twiza","description":"Entraide pour un habitat \u00e9cologique, convivial et r\u00e9silient","publisher":{"@id":"https:\/\/fr.twiza.org\/portail\/#organization"},"potentialAction":[{"@type":"SearchAction","target":{"@type":"EntryPoint","urlTemplate":"https:\/\/fr.twiza.org\/portail\/?s={search_term_string}"},"query-input":{"@type":"PropertyValueSpecification","valueRequired":true,"valueName":"search_term_string"}}],"inLanguage":"fr-FR"},{"@type":"Organization","@id":"https:\/\/fr.twiza.org\/portail\/#organization","name":"R\u00e9seau Twiza","url":"https:\/\/fr.twiza.org\/portail\/","logo":{"@type":"ImageObject","inLanguage":"fr-FR","@id":"https:\/\/fr.twiza.org\/portail\/#\/schema\/logo\/image\/","url":"https:\/\/fr.twiza.org\/portail\/wp-content\/uploads\/2021\/05\/cropped-logo-reseau-twiza.jpg","contentUrl":"https:\/\/fr.twiza.org\/portail\/wp-content\/uploads\/2021\/05\/cropped-logo-reseau-twiza.jpg","width":400,"height":102,"caption":"R\u00e9seau Twiza"},"image":{"@id":"https:\/\/fr.twiza.org\/portail\/#\/schema\/logo\/image\/"},"sameAs":["https:\/\/fr-fr.facebook.com\/Twiza.fr\/","https:\/\/www.instagram.com\/twiza_fr\/","https:\/\/www.linkedin.com\/company\/reseautwiza\/"]}]}},"jetpack_sharing_enabled":true,"_links":{"self":[{"href":"https:\/\/fr.twiza.org\/portail\/wp-json\/wp\/v2\/pages\/7432","targetHints":{"allow":["GET"]}}],"collection":[{"href":"https:\/\/fr.twiza.org\/portail\/wp-json\/wp\/v2\/pages"}],"about":[{"href":"https:\/\/fr.twiza.org\/portail\/wp-json\/wp\/v2\/types\/page"}],"author":[{"embeddable":true,"href":"https:\/\/fr.twiza.org\/portail\/wp-json\/wp\/v2\/users\/3"}],"replies":[{"embeddable":true,"href":"https:\/\/fr.twiza.org\/portail\/wp-json\/wp\/v2\/comments?post=7432"}],"version-history":[{"count":43,"href":"https:\/\/fr.twiza.org\/portail\/wp-json\/wp\/v2\/pages\/7432\/revisions"}],"predecessor-version":[{"id":9541,"href":"https:\/\/fr.twiza.org\/portail\/wp-json\/wp\/v2\/pages\/7432\/revisions\/9541"}],"wp:attachment":[{"href":"https:\/\/fr.twiza.org\/portail\/wp-json\/wp\/v2\/media?parent=7432"}],"curies":[{"name":"wp","href":"https:\/\/api.w.org\/{rel}","templated":true}]}}