{"id":7539,"date":"2023-10-24T18:44:21","date_gmt":"2023-10-24T16:44:21","guid":{"rendered":"https:\/\/fr.twiza.org\/portail\/?page_id=7539"},"modified":"2025-04-07T11:04:57","modified_gmt":"2025-04-07T09:04:57","slug":"demarche-qualite-twiza","status":"publish","type":"page","link":"https:\/\/fr.twiza.org\/portail\/demarche-qualite-twiza\/","title":{"rendered":"D\u00e9marche qualit\u00e9 Twiza"},"content":{"rendered":"\n<figure class=\"wp-block-image size-full\"><img fetchpriority=\"high\" decoding=\"async\" width=\"1024\" height=\"576\" src=\"https:\/\/fr.twiza.org\/portail\/wp-content\/uploads\/2023\/02\/demarche-qualite-Twiza-1-1024px-edited.jpeg\" alt=\"Bonne ambiance sur un chantier participatif Twiza, atmosph\u00e8re de confiance\" class=\"wp-image-7939\" srcset=\"https:\/\/fr.twiza.org\/portail\/wp-content\/uploads\/2023\/02\/demarche-qualite-Twiza-1-1024px-edited.jpeg 1024w, https:\/\/fr.twiza.org\/portail\/wp-content\/uploads\/2023\/02\/demarche-qualite-Twiza-1-1024px-edited-600x338.jpeg 600w, https:\/\/fr.twiza.org\/portail\/wp-content\/uploads\/2023\/02\/demarche-qualite-Twiza-1-1024px-edited-300x169.jpeg 300w, https:\/\/fr.twiza.org\/portail\/wp-content\/uploads\/2023\/02\/demarche-qualite-Twiza-1-1024px-edited-768x432.jpeg 768w\" sizes=\"(max-width: 1024px) 100vw, 1024px\" \/><\/figure>\n\n\n\n<div style=\"height:25px\" aria-hidden=\"true\" class=\"wp-block-spacer\"><\/div>\n\n\n\n<p><strong>Twiza<\/strong> est un <strong>r\u00e9seau d&rsquo;entraide<\/strong> structur\u00e9 sur un certain nombre de principes et de valeurs indispensables \u00e0 la pr\u00e9servation de la qualit\u00e9 des relations : <\/p>\n\n\n\n<ul class=\"wp-block-list\">\n<li>la <strong>convivialit\u00e9<\/strong><\/li>\n\n\n\n<li>le <strong>respect<\/strong><\/li>\n\n\n\n<li>l&rsquo;<strong>\u00e9coute<\/strong><\/li>\n\n\n\n<li>la <strong>confiance<\/strong><\/li>\n<\/ul>\n\n\n\n<p>Nous mettons en oeuvre un ensemble d&rsquo;actions pour que chacun et chacune vive la meilleure exp\u00e9rience possible.<\/p>\n\n\n\n<h2 class=\"wp-block-heading\" id=\"h-un-accompagnement-personnalise\">Un accompagnement personnalis\u00e9<\/h2>\n\n\n\n<p>Depuis sa cr\u00e9ation, Twiza n&rsquo;a jamais fonctionn\u00e9 comme une simple plateforme web de mise en relation. Le web n&rsquo;est qu&rsquo;un outil au service d&rsquo;un <strong>projet humain<\/strong> de <strong>rencontre<\/strong> et d&rsquo;<strong>entraide<\/strong>, r\u00e9unissant des personnes mues par une m\u00eame passion pour l&rsquo;<strong>habitat \u00e9cologique<\/strong>. Cet \u00e9tat d&rsquo;esprit se traduit par un effort d&rsquo;accompagnement des membres du r\u00e9seau.<\/p>\n\n\n\n<h3 class=\"wp-block-heading\">L&rsquo;entretien personnel d&rsquo;accueil et d&rsquo;accompagnement<\/h3>\n\n\n\n<p>Pour pr\u00e9server le lien essentiel qui unit organisateurs\u00b7trices de chantiers et participants\u00b7es, nous avons mis en place un <strong>accompagnement personnalis\u00e9<\/strong> qui nous permet de nous assurer que toutes et tous sommes r\u00e9unis autour des valeurs du r\u00e9seau et dans le cadre de sa [charte].<\/p>\n\n\n\n<p>Afin de s&rsquo;assurer que tout organisateur propose la meilleure exp\u00e9rience possible d&rsquo;accueil sur son chantier et partage un moment convivial avec les volontaires qu&rsquo;il ou elle re\u00e7oit, nous accueillons chaque nouvel organisateur par un <strong>entretient t\u00e9l\u00e9phonique<\/strong> de bienvenue.<\/p>\n\n\n\n<p>Cet \u00e9change nous permet de lui partager nos retours d&rsquo;exp\u00e9riences et de r\u00e9pondre \u00e0 ses \u00e9ventuelles questions pour qu&rsquo;il pr\u00e9pare son <strong>chantier participatif<\/strong> en toute s\u00e9r\u00e9nit\u00e9. On s&rsquo;assure ainsi que l&rsquo;<strong>organisateur<\/strong> ou l&rsquo;organisatrice est bien align\u00e9e avec notre <strong>charte<\/strong> et nos <strong>valeurs<\/strong>.<\/p>\n\n\n\n<h3 class=\"wp-block-heading\">Un accueil par et pour des membres du r\u00e9seau<\/h3>\n\n\n\n<p>Cet accueil des organisateur\u00b7trice\u00b7s est r\u00e9alis\u00e9 par les <strong>membres actifs<\/strong> du r\u00e9seau qui ont \u00e9t\u00e9 form\u00e9s \u00e0 cette mission. Ces membres actifs ont pour la plupart d\u00e9j\u00e0 \u00e9t\u00e9 eux-m\u00eames organisateur\u00b7trice\u00b7s de chantiers, participant\u00b7e\u00b7s et sont souvent des professionnels. <\/p>\n\n\n\n<p>Ce fonctionnement nous permet aujourd&rsquo;hui de proposer un accompagnement de pair \u00e0 pair et d&rsquo;assurer une \u00e9coute au plus proche des besoins de celles et ceux qui souhaitent se lancer.<\/p>\n\n\n\n<p><\/p>\n\n\n\n<h2 class=\"wp-block-heading\">Un cadre commun et clair<\/h2>\n\n\n\n<p>Pour s&rsquo;assurer que nous entendions bien sur le type d&rsquo;exp\u00e9rience partag\u00e9es au sein du <strong>r\u00e9seau<\/strong> <strong>Twiza<\/strong>, il nous a sembl\u00e9 important d&rsquo;\u00e9tablir un certain nombre de mesures.<\/p>\n\n\n\n<p>Elles servent d&rsquo;une part \u00e0 rassurer organisateurs\u00b7trices et participants\u00b7es en anticipant \u00e9ventuellement leurs questions et en proposant un encadrement.<\/p>\n\n\n\n<p>D&rsquo;autre part, ces mesures permettent de prot\u00e9ger les pratiques participatives et de clarifier notre approche des chantiers participatifs en excluant d&#8217;embl\u00e9e les comportements et pratiques qui s&rsquo;en \u00e9loignent.<\/p>\n\n\n\n<p>Toutes ces mesures sont r\u00e9unies dans notre charte que nous t&rsquo;invitons \u00e0 parcourir : <strong><em><a href=\"https:\/\/fr.twiza.org\/portail\/charte-des-chantiers-participatifs-twiza\/\" target=\"_blank\" rel=\"noreferrer noopener\">charte des chantiers participatifs<\/a><\/em><\/strong>.<\/p>\n\n\n\n<p>S&rsquo;il te semble qu&rsquo;un comportement d\u00e9rive par rapport \u00e0 l&rsquo;une de ces mesures, il est important que tu nous les fasses remonter. En faisant cela, tu nous permets de r\u00e9agir avant qu&rsquo;il y ait le moindre incident et tu prot\u00e8ges ainsi l&rsquo;ensemble de la communaut\u00e9 en \u00e9vitant \u00e0 une autre personne de se trouver dans la m\u00eame situation que toi.<\/p>\n\n\n\n<h2 class=\"wp-block-heading\">L&rsquo;\u00e9coute et la disponibilit\u00e9<\/h2>\n\n\n\n<p>Malgr\u00e9 tous les filtres et pr\u00e9cautions mises en place, dans l&rsquo;<strong>aventure Twiza<\/strong> comme partout il pourrait arriver que tu te sentes <strong>g\u00ean\u00e9\u00b7e<\/strong>  vis-\u00e0-vis de situations que tu vis ou dont tu es t\u00e9moin.<\/p>\n\n\n\n<p>Sache que tu n&rsquo;es pas seul\u00b7e et que l&rsquo;<strong>\u00e9quipe Twiza<\/strong> <strong>est \u00e0 tes c\u00f4t\u00e9s<\/strong> pour t&rsquo;<strong>\u00e9couter<\/strong> et te <strong>soutenir<\/strong> en toute situation, m\u00eame si ce n&rsquo;est qu&rsquo;un doute. Que ce soit pour toi ou pour une autre personne, concernant les conditions d&rsquo;accueil, le rythme, la s\u00e9curit\u00e9&#8230; ou concernant un comportement inappropri\u00e9, un manque d&rsquo;intimit\u00e9 bref si tu te sens mal \u00e0 l&rsquo;aise d&rsquo;une quelconque mani\u00e8re, n&rsquo;h\u00e9site pas \u00e0 <strong><a href=\"https:\/\/fr.twiza.org\/portail\/contact\/\">nous contacter<\/a> <\/strong>par message ou par t\u00e9l\u00e9phone au 05 35 65 57 73 . Ta parole sera toujours accueillie avec bienveillance et en toute confidentialit\u00e9 par un ou une salari\u00e9e du r\u00e9seau.<\/p>\n\n\n\n<div style=\"height:177px\" aria-hidden=\"true\" class=\"wp-block-spacer\"><\/div>\n","protected":false},"excerpt":{"rendered":"<p>Twiza est un r\u00e9seau d&rsquo;entraide structur\u00e9 sur un certain nombre de principes et de valeurs indispensables \u00e0 la pr\u00e9servation de la qualit\u00e9 des relations : Nous mettons en oeuvre un ensemble d&rsquo;actions pour que chacun et chacune vive la meilleure exp\u00e9rience possible. Un accompagnement personnalis\u00e9 Depuis sa cr\u00e9ation, Twiza n&rsquo;a [&hellip;]<\/p>\n","protected":false},"author":3,"featured_media":0,"parent":0,"menu_order":0,"comment_status":"closed","ping_status":"closed","template":"","meta":{"_eb_attr":"","_themeisle_gutenberg_block_has_review":false,"footnotes":""},"class_list":["post-7539","page","type-page","status-publish","hentry"],"yoast_head":"<!-- This site is optimized with the Yoast SEO Premium plugin v27.2 (Yoast SEO v27.3) - https:\/\/yoast.com\/product\/yoast-seo-premium-wordpress\/ -->\n<title>D\u00e9marche qualit\u00e9 Twiza<\/title>\n<meta name=\"description\" content=\"Au sein du r\u00e9seau Twiza nous favorisons la confiance, l&#039;\u00e9coute, l&#039;accompagnement personnalis\u00e9 de chaque organisateur\u00b7trice de chantier\" \/>\n<meta name=\"robots\" content=\"index, follow, max-snippet:-1, max-image-preview:large, max-video-preview:-1\" \/>\n<link rel=\"canonical\" href=\"https:\/\/fr.twiza.org\/portail\/demarche-qualite-twiza\/\" \/>\n<meta property=\"og:locale\" content=\"fr_FR\" \/>\n<meta property=\"og:type\" content=\"article\" \/>\n<meta property=\"og:title\" content=\"D\u00e9marche qualit\u00e9 Twiza\" \/>\n<meta property=\"og:description\" content=\"Au sein du r\u00e9seau Twiza nous favorisons la confiance, l&#039;\u00e9coute, l&#039;accompagnement personnalis\u00e9 de chaque organisateur\u00b7trice de chantier\" \/>\n<meta property=\"og:url\" content=\"https:\/\/fr.twiza.org\/portail\/demarche-qualite-twiza\/\" \/>\n<meta property=\"og:site_name\" content=\"R\u00e9seau Twiza\" \/>\n<meta property=\"article:publisher\" content=\"https:\/\/fr-fr.facebook.com\/Twiza.fr\/\" \/>\n<meta property=\"article:modified_time\" content=\"2025-04-07T09:04:57+00:00\" \/>\n<meta property=\"og:image\" content=\"https:\/\/fr.twiza.org\/portail\/wp-content\/uploads\/2023\/02\/demarche-qualite-Twiza-1-1024px-edited.jpeg\" \/>\n\t<meta property=\"og:image:width\" content=\"1024\" \/>\n\t<meta property=\"og:image:height\" content=\"576\" \/>\n\t<meta property=\"og:image:type\" content=\"image\/jpeg\" \/>\n<meta name=\"twitter:card\" content=\"summary_large_image\" \/>\n<script type=\"application\/ld+json\" class=\"yoast-schema-graph\">{\"@context\":\"https:\\\/\\\/schema.org\",\"@graph\":[{\"@type\":\"WebPage\",\"@id\":\"https:\\\/\\\/fr.twiza.org\\\/portail\\\/demarche-qualite-twiza\\\/\",\"url\":\"https:\\\/\\\/fr.twiza.org\\\/portail\\\/demarche-qualite-twiza\\\/\",\"name\":\"D\u00e9marche qualit\u00e9 Twiza\",\"isPartOf\":{\"@id\":\"https:\\\/\\\/fr.twiza.org\\\/portail\\\/#website\"},\"primaryImageOfPage\":{\"@id\":\"https:\\\/\\\/fr.twiza.org\\\/portail\\\/demarche-qualite-twiza\\\/#primaryimage\"},\"image\":{\"@id\":\"https:\\\/\\\/fr.twiza.org\\\/portail\\\/demarche-qualite-twiza\\\/#primaryimage\"},\"thumbnailUrl\":\"https:\\\/\\\/fr.twiza.org\\\/portail\\\/wp-content\\\/uploads\\\/2023\\\/02\\\/demarche-qualite-Twiza-1-1024px-edited.jpeg\",\"datePublished\":\"2023-10-24T16:44:21+00:00\",\"dateModified\":\"2025-04-07T09:04:57+00:00\",\"description\":\"Au sein du r\u00e9seau Twiza nous favorisons la confiance, l'\u00e9coute, l'accompagnement personnalis\u00e9 de chaque organisateur\u00b7trice de chantier\",\"breadcrumb\":{\"@id\":\"https:\\\/\\\/fr.twiza.org\\\/portail\\\/demarche-qualite-twiza\\\/#breadcrumb\"},\"inLanguage\":\"fr-FR\",\"potentialAction\":[{\"@type\":\"ReadAction\",\"target\":[\"https:\\\/\\\/fr.twiza.org\\\/portail\\\/demarche-qualite-twiza\\\/\"]}]},{\"@type\":\"ImageObject\",\"inLanguage\":\"fr-FR\",\"@id\":\"https:\\\/\\\/fr.twiza.org\\\/portail\\\/demarche-qualite-twiza\\\/#primaryimage\",\"url\":\"https:\\\/\\\/fr.twiza.org\\\/portail\\\/wp-content\\\/uploads\\\/2023\\\/02\\\/demarche-qualite-Twiza-1-1024px-edited.jpeg\",\"contentUrl\":\"https:\\\/\\\/fr.twiza.org\\\/portail\\\/wp-content\\\/uploads\\\/2023\\\/02\\\/demarche-qualite-Twiza-1-1024px-edited.jpeg\",\"width\":1024,\"height\":576},{\"@type\":\"BreadcrumbList\",\"@id\":\"https:\\\/\\\/fr.twiza.org\\\/portail\\\/demarche-qualite-twiza\\\/#breadcrumb\",\"itemListElement\":[{\"@type\":\"ListItem\",\"position\":1,\"name\":\"Accueil\",\"item\":\"https:\\\/\\\/fr.twiza.org\\\/portail\\\/\"},{\"@type\":\"ListItem\",\"position\":2,\"name\":\"D\u00e9marche qualit\u00e9 Twiza\"}]},{\"@type\":\"WebSite\",\"@id\":\"https:\\\/\\\/fr.twiza.org\\\/portail\\\/#website\",\"url\":\"https:\\\/\\\/fr.twiza.org\\\/portail\\\/\",\"name\":\"R\u00e9seau Twiza\",\"description\":\"Entraide pour un habitat \u00e9cologique, convivial et r\u00e9silient\",\"publisher\":{\"@id\":\"https:\\\/\\\/fr.twiza.org\\\/portail\\\/#organization\"},\"potentialAction\":[{\"@type\":\"SearchAction\",\"target\":{\"@type\":\"EntryPoint\",\"urlTemplate\":\"https:\\\/\\\/fr.twiza.org\\\/portail\\\/?s={search_term_string}\"},\"query-input\":{\"@type\":\"PropertyValueSpecification\",\"valueRequired\":true,\"valueName\":\"search_term_string\"}}],\"inLanguage\":\"fr-FR\"},{\"@type\":\"Organization\",\"@id\":\"https:\\\/\\\/fr.twiza.org\\\/portail\\\/#organization\",\"name\":\"R\u00e9seau Twiza\",\"url\":\"https:\\\/\\\/fr.twiza.org\\\/portail\\\/\",\"logo\":{\"@type\":\"ImageObject\",\"inLanguage\":\"fr-FR\",\"@id\":\"https:\\\/\\\/fr.twiza.org\\\/portail\\\/#\\\/schema\\\/logo\\\/image\\\/\",\"url\":\"https:\\\/\\\/fr.twiza.org\\\/portail\\\/wp-content\\\/uploads\\\/2021\\\/05\\\/cropped-logo-reseau-twiza.jpg\",\"contentUrl\":\"https:\\\/\\\/fr.twiza.org\\\/portail\\\/wp-content\\\/uploads\\\/2021\\\/05\\\/cropped-logo-reseau-twiza.jpg\",\"width\":400,\"height\":102,\"caption\":\"R\u00e9seau Twiza\"},\"image\":{\"@id\":\"https:\\\/\\\/fr.twiza.org\\\/portail\\\/#\\\/schema\\\/logo\\\/image\\\/\"},\"sameAs\":[\"https:\\\/\\\/fr-fr.facebook.com\\\/Twiza.fr\\\/\",\"https:\\\/\\\/www.instagram.com\\\/twiza_fr\\\/\",\"https:\\\/\\\/www.linkedin.com\\\/company\\\/reseautwiza\\\/\"]}]}<\/script>\n<!-- \/ Yoast SEO Premium plugin. -->","yoast_head_json":{"title":"D\u00e9marche qualit\u00e9 Twiza","description":"Au sein du r\u00e9seau Twiza nous favorisons la confiance, l'\u00e9coute, l'accompagnement personnalis\u00e9 de chaque organisateur\u00b7trice de chantier","robots":{"index":"index","follow":"follow","max-snippet":"max-snippet:-1","max-image-preview":"max-image-preview:large","max-video-preview":"max-video-preview:-1"},"canonical":"https:\/\/fr.twiza.org\/portail\/demarche-qualite-twiza\/","og_locale":"fr_FR","og_type":"article","og_title":"D\u00e9marche qualit\u00e9 Twiza","og_description":"Au sein du r\u00e9seau Twiza nous favorisons la confiance, l'\u00e9coute, l'accompagnement personnalis\u00e9 de chaque organisateur\u00b7trice de chantier","og_url":"https:\/\/fr.twiza.org\/portail\/demarche-qualite-twiza\/","og_site_name":"R\u00e9seau Twiza","article_publisher":"https:\/\/fr-fr.facebook.com\/Twiza.fr\/","article_modified_time":"2025-04-07T09:04:57+00:00","og_image":[{"width":1024,"height":576,"url":"https:\/\/fr.twiza.org\/portail\/wp-content\/uploads\/2023\/02\/demarche-qualite-Twiza-1-1024px-edited.jpeg","type":"image\/jpeg"}],"twitter_card":"summary_large_image","schema":{"@context":"https:\/\/schema.org","@graph":[{"@type":"WebPage","@id":"https:\/\/fr.twiza.org\/portail\/demarche-qualite-twiza\/","url":"https:\/\/fr.twiza.org\/portail\/demarche-qualite-twiza\/","name":"D\u00e9marche qualit\u00e9 Twiza","isPartOf":{"@id":"https:\/\/fr.twiza.org\/portail\/#website"},"primaryImageOfPage":{"@id":"https:\/\/fr.twiza.org\/portail\/demarche-qualite-twiza\/#primaryimage"},"image":{"@id":"https:\/\/fr.twiza.org\/portail\/demarche-qualite-twiza\/#primaryimage"},"thumbnailUrl":"https:\/\/fr.twiza.org\/portail\/wp-content\/uploads\/2023\/02\/demarche-qualite-Twiza-1-1024px-edited.jpeg","datePublished":"2023-10-24T16:44:21+00:00","dateModified":"2025-04-07T09:04:57+00:00","description":"Au sein du r\u00e9seau Twiza nous favorisons la confiance, l'\u00e9coute, l'accompagnement personnalis\u00e9 de chaque organisateur\u00b7trice de chantier","breadcrumb":{"@id":"https:\/\/fr.twiza.org\/portail\/demarche-qualite-twiza\/#breadcrumb"},"inLanguage":"fr-FR","potentialAction":[{"@type":"ReadAction","target":["https:\/\/fr.twiza.org\/portail\/demarche-qualite-twiza\/"]}]},{"@type":"ImageObject","inLanguage":"fr-FR","@id":"https:\/\/fr.twiza.org\/portail\/demarche-qualite-twiza\/#primaryimage","url":"https:\/\/fr.twiza.org\/portail\/wp-content\/uploads\/2023\/02\/demarche-qualite-Twiza-1-1024px-edited.jpeg","contentUrl":"https:\/\/fr.twiza.org\/portail\/wp-content\/uploads\/2023\/02\/demarche-qualite-Twiza-1-1024px-edited.jpeg","width":1024,"height":576},{"@type":"BreadcrumbList","@id":"https:\/\/fr.twiza.org\/portail\/demarche-qualite-twiza\/#breadcrumb","itemListElement":[{"@type":"ListItem","position":1,"name":"Accueil","item":"https:\/\/fr.twiza.org\/portail\/"},{"@type":"ListItem","position":2,"name":"D\u00e9marche qualit\u00e9 Twiza"}]},{"@type":"WebSite","@id":"https:\/\/fr.twiza.org\/portail\/#website","url":"https:\/\/fr.twiza.org\/portail\/","name":"R\u00e9seau Twiza","description":"Entraide pour un habitat \u00e9cologique, convivial et r\u00e9silient","publisher":{"@id":"https:\/\/fr.twiza.org\/portail\/#organization"},"potentialAction":[{"@type":"SearchAction","target":{"@type":"EntryPoint","urlTemplate":"https:\/\/fr.twiza.org\/portail\/?s={search_term_string}"},"query-input":{"@type":"PropertyValueSpecification","valueRequired":true,"valueName":"search_term_string"}}],"inLanguage":"fr-FR"},{"@type":"Organization","@id":"https:\/\/fr.twiza.org\/portail\/#organization","name":"R\u00e9seau Twiza","url":"https:\/\/fr.twiza.org\/portail\/","logo":{"@type":"ImageObject","inLanguage":"fr-FR","@id":"https:\/\/fr.twiza.org\/portail\/#\/schema\/logo\/image\/","url":"https:\/\/fr.twiza.org\/portail\/wp-content\/uploads\/2021\/05\/cropped-logo-reseau-twiza.jpg","contentUrl":"https:\/\/fr.twiza.org\/portail\/wp-content\/uploads\/2021\/05\/cropped-logo-reseau-twiza.jpg","width":400,"height":102,"caption":"R\u00e9seau Twiza"},"image":{"@id":"https:\/\/fr.twiza.org\/portail\/#\/schema\/logo\/image\/"},"sameAs":["https:\/\/fr-fr.facebook.com\/Twiza.fr\/","https:\/\/www.instagram.com\/twiza_fr\/","https:\/\/www.linkedin.com\/company\/reseautwiza\/"]}]}},"jetpack_sharing_enabled":true,"_links":{"self":[{"href":"https:\/\/fr.twiza.org\/portail\/wp-json\/wp\/v2\/pages\/7539","targetHints":{"allow":["GET"]}}],"collection":[{"href":"https:\/\/fr.twiza.org\/portail\/wp-json\/wp\/v2\/pages"}],"about":[{"href":"https:\/\/fr.twiza.org\/portail\/wp-json\/wp\/v2\/types\/page"}],"author":[{"embeddable":true,"href":"https:\/\/fr.twiza.org\/portail\/wp-json\/wp\/v2\/users\/3"}],"replies":[{"embeddable":true,"href":"https:\/\/fr.twiza.org\/portail\/wp-json\/wp\/v2\/comments?post=7539"}],"version-history":[{"count":13,"href":"https:\/\/fr.twiza.org\/portail\/wp-json\/wp\/v2\/pages\/7539\/revisions"}],"predecessor-version":[{"id":12357,"href":"https:\/\/fr.twiza.org\/portail\/wp-json\/wp\/v2\/pages\/7539\/revisions\/12357"}],"wp:attachment":[{"href":"https:\/\/fr.twiza.org\/portail\/wp-json\/wp\/v2\/media?parent=7539"}],"curies":[{"name":"wp","href":"https:\/\/api.w.org\/{rel}","templated":true}]}}